{"id":239144,"date":"2026-04-17T02:30:11","date_gmt":"2026-04-17T08:30:11","guid":{"rendered":"https:\/\/compuviper.mx\/tienda\/producto\/logitech-960-001332-camara-para-pizarra-de-salas-de-video-conferencia\/"},"modified":"2026-04-17T02:30:12","modified_gmt":"2026-04-17T08:30:12","slug":"logitech-960-001332-camara-para-pizarra-scribe-para-de-salas-de-video-conferencia","status":"publish","type":"product","link":"https:\/\/compuviper.mx\/tienda\/producto\/logitech-960-001332-camara-para-pizarra-scribe-para-de-salas-de-video-conferencia\/","title":{"rendered":"Logitech 960-001332 Camara Para Pizarra  Scribe Para De Salas De Video Conferencia"},"content":{"rendered":"<table class=\"descripcion\">\n<tr>\n<td>Camara<\/td>\n<\/tr>\n<tr>\n<td>Resolucion de salida: 1080p a 15 fps<\/td>\n<\/tr>\n<tr>\n<td>Ia integrada: transmite un flujo de imagenes mejorado por ia en las videoconferencias<\/td>\n<\/tr>\n<tr>\n<td>Dimensiones<\/td>\n<\/tr>\n<tr>\n<td>Camara<\/td>\n<\/tr>\n<tr>\n<td>Altura: 149 mm<\/td>\n<\/tr>\n<tr>\n<td>Ancho: 119 mm<\/td>\n<\/tr>\n<tr>\n<td>Profundidad: 573 mm<\/td>\n<\/tr>\n<tr>\n<td>Peso: 1,1 kg<\/td>\n<\/tr>\n<tr>\n<td>Boton para compartir<\/td>\n<\/tr>\n<tr>\n<td>Altura: 12,7 mm<\/td>\n<\/tr>\n<tr>\n<td>Diametro: 71,8 mm<\/td>\n<\/tr>\n<tr>\n<td>Peso: 108 g<\/td>\n<\/tr>\n<tr>\n<td>Inyector de alimentacion<\/td>\n<\/tr>\n<tr>\n<td>Altura: 91 mm<\/td>\n<\/tr>\n<tr>\n<td>Ancho: 60,2 mm<\/td>\n<\/tr>\n<tr>\n<td>Profundidad: 36,3 mm<\/td>\n<\/tr>\n<tr>\n<td>Transceptor adaptador<\/td>\n<\/tr>\n<tr>\n<td>Altura: 22,5 mm<\/td>\n<\/tr>\n<tr>\n<td>Ancho: 31 mm<\/td>\n<\/tr>\n<tr>\n<td>Profundidad: 83,7 mm<\/td>\n<\/tr>\n<tr>\n<td>Longitud del cable: 500 mm<\/td>\n<\/tr>\n<tr>\n<td>Cables incluidos x2<\/td>\n<\/tr>\n<tr>\n<td>Longitud: 5 m<\/td>\n<\/tr>\n<\/table>\n","protected":false},"excerpt":{"rendered":"<p>Comparte la pizarra en reuniones de video sin esfuerzo con logitech scribe. Una camara para pizzaras con tecnologia de ia para salas de microsoft teams, salas de zoom y otros servicios de videoconferencias lideres. Certificaciones. Se integra con microsoft teams rooms en windows, google meet rooms y  con zoom rooms como camara para contenido de pizarra. Consulta www.Logitech.Com\/support\/scribe-compatibility para conocer las certificaciones pendientes y otorgadas y las actualizaciones de compatibilidad.<\/p>\n","protected":false},"featured_media":243649,"comment_status":"open","ping_status":"open","template":"","meta":[],"product_cat":[2011,2012],"product_tag":[1500],"acf":[],"yoast_head":"<!-- This site is optimized with the Yoast SEO plugin v21.7 - https:\/\/yoast.com\/wordpress\/plugins\/seo\/ -->\n<title>[ Logitech ] &#129351; 960-001332 Camara Para Pizarra Scribe Para De Salas De Video Conferencia<\/title>\n<meta name=\"description\" content=\"Compra 960-001332 Camara Para Pizarra Scribe Para De Salas De Video Conferencia + Env\u00edo a domicilio + Pago seguro + Garant\u00eda\" \/>\n<meta name=\"robots\" content=\"index, follow, max-snippet:-1, max-image-preview:large, max-video-preview:-1\" \/>\n<link rel=\"canonical\" href=\"https:\/\/compuviper.mx\/tienda\/producto\/logitech-960-001332-camara-para-pizarra-scribe-para-de-salas-de-video-conferencia\/\" \/>\n<meta property=\"og:locale\" content=\"es_MX\" \/>\n<meta property=\"og:type\" content=\"article\" \/>\n<meta property=\"og:title\" content=\"[ Logitech ] &#129351; 960-001332 Camara Para Pizarra Scribe Para De Salas De Video Conferencia\" \/>\n<meta property=\"og:description\" content=\"Compra 960-001332 Camara Para Pizarra Scribe Para De Salas De Video Conferencia + Env\u00edo a domicilio + Pago seguro + Garant\u00eda\" \/>\n<meta property=\"og:url\" content=\"https:\/\/compuviper.mx\/tienda\/producto\/logitech-960-001332-camara-para-pizarra-scribe-para-de-salas-de-video-conferencia\/\" \/>\n<meta property=\"og:site_name\" content=\"Compuviper\" \/>\n<meta property=\"article:publisher\" content=\"https:\/\/www.facebook.com\/compuviper\" \/>\n<meta property=\"article:modified_time\" content=\"2026-04-17T08:30:12+00:00\" \/>\n<meta property=\"og:image\" content=\"https:\/\/compuviper.mx\/tienda\/wp-content\/uploads\/2024\/09\/Camara-para-pizarra-logitech-scribe-para-de-salas-de-video-conferencia.jpg\" \/>\n\t<meta property=\"og:image:width\" content=\"200\" \/>\n\t<meta property=\"og:image:height\" content=\"200\" \/>\n\t<meta property=\"og:image:type\" content=\"image\/jpeg\" \/>\n<meta name=\"twitter:card\" content=\"summary_large_image\" \/>\n<meta name=\"twitter:label1\" content=\"Precio\" \/>\n\t<meta name=\"twitter:data1\" content=\"&#36;29,733 con IVA\" \/>\n\t<meta name=\"twitter:label2\" content=\"Availability\" \/>\n\t<meta name=\"twitter:data2\" content=\"Out of stock\" \/>\n<script type=\"application\/ld+json\" class=\"yoast-schema-graph\">{\"@context\":\"https:\/\/schema.org\",\"@graph\":[{\"@type\":\"WebPage\",\"@id\":\"https:\/\/compuviper.mx\/tienda\/producto\/logitech-960-001332-camara-para-pizarra-scribe-para-de-salas-de-video-conferencia\/\",\"url\":\"https:\/\/compuviper.mx\/tienda\/producto\/logitech-960-001332-camara-para-pizarra-scribe-para-de-salas-de-video-conferencia\/\",\"name\":\"[ Logitech ] &#129351; 960-001332 Camara Para Pizarra Scribe Para De Salas De Video Conferencia\",\"isPartOf\":{\"@id\":\"https:\/\/compuviper.mx\/tienda\/#website\"},\"datePublished\":\"2026-04-17T08:30:11+00:00\",\"dateModified\":\"2026-04-17T08:30:12+00:00\",\"description\":\"Compra 960-001332 Camara Para Pizarra Scribe Para De Salas De Video Conferencia + Env\u00edo a domicilio + Pago seguro + Garant\u00eda\",\"breadcrumb\":{\"@id\":\"https:\/\/compuviper.mx\/tienda\/producto\/logitech-960-001332-camara-para-pizarra-scribe-para-de-salas-de-video-conferencia\/#breadcrumb\"},\"inLanguage\":\"es-MX\",\"potentialAction\":[{\"@type\":\"ReadAction\",\"target\":[\"https:\/\/compuviper.mx\/tienda\/producto\/logitech-960-001332-camara-para-pizarra-scribe-para-de-salas-de-video-conferencia\/\"]}]},{\"@type\":\"BreadcrumbList\",\"@id\":\"https:\/\/compuviper.mx\/tienda\/producto\/logitech-960-001332-camara-para-pizarra-scribe-para-de-salas-de-video-conferencia\/#breadcrumb\",\"itemListElement\":[{\"@type\":\"ListItem\",\"position\":1,\"name\":\"Inicio\",\"item\":\"https:\/\/compuviper.mx\/tienda\/\"},{\"@type\":\"ListItem\",\"position\":2,\"name\":\"Productos\",\"item\":\"https:\/\/compuviper.mx\/tienda\/productos\/\"},{\"@type\":\"ListItem\",\"position\":3,\"name\":\"Videoconferencia\",\"item\":\"https:\/\/compuviper.mx\/tienda\/categoria-producto\/videoconferencia\/\"},{\"@type\":\"ListItem\",\"position\":4,\"name\":\"Sin Categor\u00eda\",\"item\":\"https:\/\/compuviper.mx\/tienda\/categoria-producto\/videoconferencia\/sin-categoria-videoconferencia\/\"},{\"@type\":\"ListItem\",\"position\":5,\"name\":\"Logitech 960-001332 Camara Para Pizarra Scribe Para De Salas De Video Conferencia\"}]},{\"@type\":\"WebSite\",\"@id\":\"https:\/\/compuviper.mx\/tienda\/#website\",\"url\":\"https:\/\/compuviper.mx\/tienda\/\",\"name\":\"Compuviper\",\"description\":\"Proveedor de Computadoras, Laptops, Servidores, Monitores, Puntos de Venta, Teclados,   Impresoras, T\u00f3ner, C\u00e1maras de Seguridad y m\u00e1s en tu tienda en l\u00ednea\",\"publisher\":{\"@id\":\"https:\/\/compuviper.mx\/tienda\/#organization\"},\"potentialAction\":[{\"@type\":\"SearchAction\",\"target\":{\"@type\":\"EntryPoint\",\"urlTemplate\":\"https:\/\/compuviper.mx\/tienda\/?s={search_term_string}\"},\"query-input\":\"required name=search_term_string\"}],\"inLanguage\":\"es-MX\"},{\"@type\":\"Organization\",\"@id\":\"https:\/\/compuviper.mx\/tienda\/#organization\",\"name\":\"Compuviper\",\"url\":\"https:\/\/compuviper.mx\/tienda\/\",\"logo\":{\"@type\":\"ImageObject\",\"inLanguage\":\"es-MX\",\"@id\":\"https:\/\/compuviper.mx\/tienda\/#\/schema\/logo\/image\/\",\"url\":\"https:\/\/compuviper.mx\/tienda\/wp-content\/uploads\/2021\/08\/Logo-Compuviper-10.png\",\"contentUrl\":\"https:\/\/compuviper.mx\/tienda\/wp-content\/uploads\/2021\/08\/Logo-Compuviper-10.png\",\"width\":1000,\"height\":500,\"caption\":\"Compuviper\"},\"image\":{\"@id\":\"https:\/\/compuviper.mx\/tienda\/#\/schema\/logo\/image\/\"},\"sameAs\":[\"https:\/\/www.facebook.com\/compuviper\",\"https:\/\/www.youtube.com\/channel\/UCf73dERp9Y3cfOq7q8BhLjA?view_as=subscriber\"]}]}<\/script>\n<meta property=\"product:brand\" content=\"LOGITECH\" \/>\n<meta property=\"product:price:amount\" content=\"29733\" \/>\n<meta property=\"product:price:currency\" content=\"MXN\" \/>\n<meta property=\"og:availability\" content=\"out of stock\" \/>\n<meta property=\"product:availability\" content=\"out of stock\" \/>\n<meta property=\"product:retailer_item_id\" content=\"960-001332\" \/>\n<meta property=\"product:condition\" content=\"new\" \/>\n<!-- \/ Yoast SEO plugin. -->","yoast_head_json":{"title":"[ Logitech ] &#129351; 960-001332 Camara Para Pizarra Scribe Para De Salas De Video Conferencia","description":"Compra 960-001332 Camara Para Pizarra Scribe Para De Salas De Video Conferencia + Env\u00edo a domicilio + Pago seguro + Garant\u00eda","robots":{"index":"index","follow":"follow","max-snippet":"max-snippet:-1","max-image-preview":"max-image-preview:large","max-video-preview":"max-video-preview:-1"},"canonical":"https:\/\/compuviper.mx\/tienda\/producto\/logitech-960-001332-camara-para-pizarra-scribe-para-de-salas-de-video-conferencia\/","og_locale":"es_MX","og_type":"article","og_title":"[ Logitech ] &#129351; 960-001332 Camara Para Pizarra Scribe Para De Salas De Video Conferencia","og_description":"Compra 960-001332 Camara Para Pizarra Scribe Para De Salas De Video Conferencia + Env\u00edo a domicilio + Pago seguro + Garant\u00eda","og_url":"https:\/\/compuviper.mx\/tienda\/producto\/logitech-960-001332-camara-para-pizarra-scribe-para-de-salas-de-video-conferencia\/","og_site_name":"Compuviper","article_publisher":"https:\/\/www.facebook.com\/compuviper","article_modified_time":"2026-04-17T08:30:12+00:00","og_image":[{"width":200,"height":200,"url":"https:\/\/compuviper.mx\/tienda\/wp-content\/uploads\/2024\/09\/Camara-para-pizarra-logitech-scribe-para-de-salas-de-video-conferencia.jpg","type":"image\/jpeg"}],"twitter_card":"summary_large_image","twitter_misc":{"Precio":"&#36;29,733 con IVA","Availability":"Out of stock"},"schema":{"@context":"https:\/\/schema.org","@graph":[{"@type":"WebPage","@id":"https:\/\/compuviper.mx\/tienda\/producto\/logitech-960-001332-camara-para-pizarra-scribe-para-de-salas-de-video-conferencia\/","url":"https:\/\/compuviper.mx\/tienda\/producto\/logitech-960-001332-camara-para-pizarra-scribe-para-de-salas-de-video-conferencia\/","name":"[ Logitech ] &#129351; 960-001332 Camara Para Pizarra Scribe Para De Salas De Video Conferencia","isPartOf":{"@id":"https:\/\/compuviper.mx\/tienda\/#website"},"datePublished":"2026-04-17T08:30:11+00:00","dateModified":"2026-04-17T08:30:12+00:00","description":"Compra 960-001332 Camara Para Pizarra Scribe Para De Salas De Video Conferencia + Env\u00edo a domicilio + Pago seguro + Garant\u00eda","breadcrumb":{"@id":"https:\/\/compuviper.mx\/tienda\/producto\/logitech-960-001332-camara-para-pizarra-scribe-para-de-salas-de-video-conferencia\/#breadcrumb"},"inLanguage":"es-MX","potentialAction":[{"@type":"ReadAction","target":["https:\/\/compuviper.mx\/tienda\/producto\/logitech-960-001332-camara-para-pizarra-scribe-para-de-salas-de-video-conferencia\/"]}]},{"@type":"BreadcrumbList","@id":"https:\/\/compuviper.mx\/tienda\/producto\/logitech-960-001332-camara-para-pizarra-scribe-para-de-salas-de-video-conferencia\/#breadcrumb","itemListElement":[{"@type":"ListItem","position":1,"name":"Inicio","item":"https:\/\/compuviper.mx\/tienda\/"},{"@type":"ListItem","position":2,"name":"Productos","item":"https:\/\/compuviper.mx\/tienda\/productos\/"},{"@type":"ListItem","position":3,"name":"Videoconferencia","item":"https:\/\/compuviper.mx\/tienda\/categoria-producto\/videoconferencia\/"},{"@type":"ListItem","position":4,"name":"Sin Categor\u00eda","item":"https:\/\/compuviper.mx\/tienda\/categoria-producto\/videoconferencia\/sin-categoria-videoconferencia\/"},{"@type":"ListItem","position":5,"name":"Logitech 960-001332 Camara Para Pizarra Scribe Para De Salas De Video Conferencia"}]},{"@type":"WebSite","@id":"https:\/\/compuviper.mx\/tienda\/#website","url":"https:\/\/compuviper.mx\/tienda\/","name":"Compuviper","description":"Proveedor de Computadoras, Laptops, Servidores, Monitores, Puntos de Venta, Teclados,   Impresoras, T\u00f3ner, C\u00e1maras de Seguridad y m\u00e1s en tu tienda en l\u00ednea","publisher":{"@id":"https:\/\/compuviper.mx\/tienda\/#organization"},"potentialAction":[{"@type":"SearchAction","target":{"@type":"EntryPoint","urlTemplate":"https:\/\/compuviper.mx\/tienda\/?s={search_term_string}"},"query-input":"required name=search_term_string"}],"inLanguage":"es-MX"},{"@type":"Organization","@id":"https:\/\/compuviper.mx\/tienda\/#organization","name":"Compuviper","url":"https:\/\/compuviper.mx\/tienda\/","logo":{"@type":"ImageObject","inLanguage":"es-MX","@id":"https:\/\/compuviper.mx\/tienda\/#\/schema\/logo\/image\/","url":"https:\/\/compuviper.mx\/tienda\/wp-content\/uploads\/2021\/08\/Logo-Compuviper-10.png","contentUrl":"https:\/\/compuviper.mx\/tienda\/wp-content\/uploads\/2021\/08\/Logo-Compuviper-10.png","width":1000,"height":500,"caption":"Compuviper"},"image":{"@id":"https:\/\/compuviper.mx\/tienda\/#\/schema\/logo\/image\/"},"sameAs":["https:\/\/www.facebook.com\/compuviper","https:\/\/www.youtube.com\/channel\/UCf73dERp9Y3cfOq7q8BhLjA?view_as=subscriber"]}]},"product_brand":"LOGITECH","product_price_amount":"29733","product_price_currency":"MXN","og_availability":"out of stock","product_availability":"out of stock","product_retailer_item_id":"960-001332","product_condition":"new"},"_links":{"self":[{"href":"https:\/\/compuviper.mx\/tienda\/wp-json\/wp\/v2\/product\/239144"}],"collection":[{"href":"https:\/\/compuviper.mx\/tienda\/wp-json\/wp\/v2\/product"}],"about":[{"href":"https:\/\/compuviper.mx\/tienda\/wp-json\/wp\/v2\/types\/product"}],"replies":[{"embeddable":true,"href":"https:\/\/compuviper.mx\/tienda\/wp-json\/wp\/v2\/comments?post=239144"}],"wp:featuredmedia":[{"embeddable":true,"href":"https:\/\/compuviper.mx\/tienda\/wp-json\/wp\/v2\/media\/243649"}],"wp:attachment":[{"href":"https:\/\/compuviper.mx\/tienda\/wp-json\/wp\/v2\/media?parent=239144"}],"wp:term":[{"taxonomy":"product_cat","embeddable":true,"href":"https:\/\/compuviper.mx\/tienda\/wp-json\/wp\/v2\/product_cat?post=239144"},{"taxonomy":"product_tag","embeddable":true,"href":"https:\/\/compuviper.mx\/tienda\/wp-json\/wp\/v2\/product_tag?post=239144"}],"curies":[{"name":"wp","href":"https:\/\/api.w.org\/{rel}","templated":true}]}}