{"id":239105,"date":"2026-04-21T01:51:44","date_gmt":"2026-04-21T07:51:44","guid":{"rendered":"https:\/\/compuviper.mx\/tienda\/producto\/epson-c31cj57052-miniprinter-tm-t88vii-termica-80-mm-o-58-mm-ethernet-usb-recibo-autocortador-negra\/"},"modified":"2026-04-21T01:51:44","modified_gmt":"2026-04-21T07:51:44","slug":"epson-c31cj57052-miniprinter-tm-t88vii-termica-80-mm-o-58-mm-ethernet-usb-recibo-autocortador-negra","status":"publish","type":"product","link":"https:\/\/compuviper.mx\/tienda\/producto\/epson-c31cj57052-miniprinter-tm-t88vii-termica-80-mm-o-58-mm-ethernet-usb-recibo-autocortador-negra\/","title":{"rendered":"Epson C31cj57052 Miniprinter  Tm-t88vii, Termica, 80 Mm O 58 Mm, Ethernet, Usb Recibo \/autocortador, Negra"},"content":{"rendered":"<table class=\"descripcion\">\n<tr>\n<td>Especificaciones tecnicas<\/td>\n<\/tr>\n<tr>\n<td>Confiabilidad   20 millones de lineas de impresion \u00b7<\/td>\n<\/tr>\n<tr>\n<td>De la impresora   mtbf 360.000 horas \u00b7 mcbf 70.000.000 lineas<\/td>\n<\/tr>\n<tr>\n<td>Vida del cabezal termico   200 km<\/td>\n<\/tr>\n<tr>\n<td>Confiabilidad del cortador automatico   3,0 millones de cortes<\/td>\n<\/tr>\n<tr>\n<td>Sensores  fin de papel, tapa abierta, fin cercano de papel<\/td>\n<\/tr>\n<tr>\n<td>Apertura automatica del caj\u00f3n de dinero si<\/td>\n<\/tr>\n<tr>\n<td>Consumo de energia  en funcionamiento 27,9 w (modelo uib), 28,6 w<\/td>\n<\/tr>\n<tr>\n<td>(modelo de interfaz fija), en espera 1,4 w (ambos<\/td>\n<\/tr>\n<tr>\n<td>Modelos), fuente de alimentacion 24 v cc +\/- 7%<\/td>\n<\/tr>\n<tr>\n<td>Fuentes fuente a (predeterminada): 12 x 24 (incluido espaciado<\/td>\n<\/tr>\n<tr>\n<td>Horizontal de 2 puntos); 10 x 24 (incluido espaciado<\/td>\n<\/tr>\n<tr>\n<td>Horizontal de 1 punto) fuente b: 9 x 17 (incluido<\/td>\n<\/tr>\n<tr>\n<td>Espaciado horizontal de 2 puntos) fuente kanji a: 24 x<\/td>\n<\/tr>\n<tr>\n<td>24 (incluido espaciado horizontal de 0 puntos); 20 x 24<\/td>\n<\/tr>\n<tr>\n<td>(incluido espaciado horizontal de 2 puntos) fuente kanji<\/td>\n<\/tr>\n<tr>\n<td>B: 16 x 16 (incluido espaciado horizontal de 0 puntos)<\/td>\n<\/tr>\n<tr>\n<td>Capacidad de fuente a\/b (ank): modo 80 mm: 42\/48\/56 columnas<\/td>\n<\/tr>\n<tr>\n<td>Columna modo 58 mm: 30\/36\/40 columnas<\/td>\n<\/tr>\n<tr>\n<td>Fuente kanji a\/b: modo 80 mm: 21\/24\/32 columnas<\/td>\n<\/tr>\n<tr>\n<td>Modo 58 mm: 15\/18\/22 columnas<\/td>\n<\/tr>\n<tr>\n<td>Codigo de barras upc-a, upc-e, jan8\/ean8, jan13\/ean13, code39,<\/td>\n<\/tr>\n<tr>\n<td>Code93, code128, itf, codabar (nw-7), gs1-128,<\/td>\n<\/tr>\n<tr>\n<td>Gs1 databar, code 128 auto<\/td>\n<\/tr>\n<tr>\n<td>Impresion de pdf417, qr code, maxicode, datamatrix, aztec code,<\/td>\n<\/tr>\n<tr>\n<td>Simbolos two-dimensional gs1 databar, composite symbology<\/td>\n<\/tr>\n<tr>\n<td>Bidimensionales<\/td>\n<\/tr>\n<tr>\n<td>Manejo de papel<\/td>\n<\/tr>\n<tr>\n<td>Tipo rollo de papel termico<\/td>\n<\/tr>\n<tr>\n<td>Metodo de alimentacion por friccion<\/td>\n<\/tr>\n<tr>\n<td>Ancho 80 mm: 3.13 \u00b1 0.02<\/td>\n<\/tr>\n<tr>\n<td>58 mm: 2.26 \u00b1 0.02<\/td>\n<\/tr>\n<tr>\n<td>Carga de papel directa (drop-in)<\/td>\n<\/tr>\n<tr>\n<td>Diametro del rollo (max.) 3.27 \/ 83 mm<\/td>\n<\/tr>\n<tr>\n<td>Diametro del nucleo (minimo) 0.71 \/ 18 mm<\/td>\n<\/tr>\n<tr>\n<td>Gu\u00eda de papel si<\/td>\n<\/tr>\n<tr>\n<td>Cortador de papel automatico  si<\/td>\n<\/tr>\n<tr>\n<td>Sensor de fin cercano de papel si<\/td>\n<\/tr>\n<tr>\n<td>Conectividad<\/td>\n<\/tr>\n<tr>\n<td>Interfaz<\/td>\n<\/tr>\n<tr>\n<td>Interfaz usb integrado, ethernet integrado (10 \/ 100base)<\/td>\n<\/tr>\n<tr>\n<td>Protocolos de<\/td>\n<\/tr>\n<tr>\n<td>Comunicacion esc\/pos , epos print service<\/td>\n<\/tr>\n<tr>\n<td>(ethernet\/wireless), server direct print<\/td>\n<\/tr>\n<tr>\n<td>(ethernet\/wireless)<\/td>\n<\/tr>\n<tr>\n<td>Modo de seguridad wpa-psk, wpa2-psk\/eap, wpa2-eap:<\/td>\n<\/tr>\n<tr>\n<td>Inalambrico eap-tls, wpa3-sae, wpa3-enterprise,<\/td>\n<\/tr>\n<tr>\n<td>Temperatura   5 \u00b0c a 45 \u00b0c (41 \u00b0f a 113 \u00b0f)<\/td>\n<\/tr>\n<tr>\n<td>Humedad relativa   10 &#8211; 90%<\/td>\n<\/tr>\n<tr>\n<td>Estandares y   emi fcc clase a, ices-003 clase a estandar de<\/td>\n<\/tr>\n<tr>\n<td>Aprobaciones   seguridad ul62368-1 \/ csa c22.2 no.62368-1<\/td>\n<\/tr>\n<tr>\n<td>Dimensiones   5,71 x 7,68 x 5,83 (145 x 195 x 148 mm)<\/td>\n<\/tr>\n<tr>\n<td>Peso   3,74 lb\/1,7 kg<\/td>\n<\/tr>\n<\/table>\n","protected":false},"excerpt":{"rendered":"<p>La impresora de recibos de punto de venta mas rapida. Con conectividad avanzada y capacidad de pedidos en linea<\/p>\n","protected":false},"featured_media":243242,"comment_status":"open","ping_status":"open","template":"","meta":[],"product_cat":[1777,1778],"product_tag":[1624],"acf":[],"yoast_head":"<!-- This site is optimized with the Yoast SEO plugin v21.7 - https:\/\/yoast.com\/wordpress\/plugins\/seo\/ -->\n<title>[ Epson ] &#129351; C31cj57052 Miniprinter Tm-t88vii, Termica, 80 Mm O 58 Mm, Ethernet, Usb Recibo \/autocortador, Negra<\/title>\n<meta name=\"description\" content=\"Compra C31cj57052 Miniprinter Tm-t88vii, Termica, 80 Mm O 58 Mm, Ethernet, Usb Recibo \/autocortador, Negra + Env\u00edo a domicilio + Pago seguro + Garant\u00eda\" \/>\n<meta name=\"robots\" content=\"index, follow, max-snippet:-1, max-image-preview:large, max-video-preview:-1\" \/>\n<link rel=\"canonical\" href=\"https:\/\/compuviper.mx\/tienda\/producto\/epson-c31cj57052-miniprinter-tm-t88vii-termica-80-mm-o-58-mm-ethernet-usb-recibo-autocortador-negra\/\" \/>\n<meta property=\"og:locale\" content=\"es_MX\" \/>\n<meta property=\"og:type\" content=\"article\" \/>\n<meta property=\"og:title\" content=\"[ Epson ] &#129351; C31cj57052 Miniprinter Tm-t88vii, Termica, 80 Mm O 58 Mm, Ethernet, Usb Recibo \/autocortador, Negra\" \/>\n<meta property=\"og:description\" content=\"Compra C31cj57052 Miniprinter Tm-t88vii, Termica, 80 Mm O 58 Mm, Ethernet, Usb Recibo \/autocortador, Negra + Env\u00edo a domicilio + Pago seguro + Garant\u00eda\" \/>\n<meta property=\"og:url\" content=\"https:\/\/compuviper.mx\/tienda\/producto\/epson-c31cj57052-miniprinter-tm-t88vii-termica-80-mm-o-58-mm-ethernet-usb-recibo-autocortador-negra\/\" \/>\n<meta property=\"og:site_name\" content=\"Compuviper\" \/>\n<meta property=\"article:publisher\" content=\"https:\/\/www.facebook.com\/compuviper\" \/>\n<meta property=\"og:image\" content=\"https:\/\/compuviper.mx\/tienda\/wp-content\/uploads\/2024\/09\/Miniprinter-epson-tm-t88vii-termica-80-mm-o-58-mm-ethernet-usb-recibo-autocortador-negra.jpg\" \/>\n\t<meta property=\"og:image:width\" content=\"200\" \/>\n\t<meta property=\"og:image:height\" content=\"200\" \/>\n\t<meta property=\"og:image:type\" content=\"image\/jpeg\" \/>\n<meta name=\"twitter:card\" content=\"summary_large_image\" \/>\n<meta name=\"twitter:label1\" content=\"Precio\" \/>\n\t<meta name=\"twitter:data1\" content=\"&#36;6,719 con IVA\" \/>\n\t<meta name=\"twitter:label2\" content=\"Availability\" \/>\n\t<meta name=\"twitter:data2\" content=\"In stock\" \/>\n<script type=\"application\/ld+json\" class=\"yoast-schema-graph\">{\"@context\":\"https:\/\/schema.org\",\"@graph\":[{\"@type\":\"WebPage\",\"@id\":\"https:\/\/compuviper.mx\/tienda\/producto\/epson-c31cj57052-miniprinter-tm-t88vii-termica-80-mm-o-58-mm-ethernet-usb-recibo-autocortador-negra\/\",\"url\":\"https:\/\/compuviper.mx\/tienda\/producto\/epson-c31cj57052-miniprinter-tm-t88vii-termica-80-mm-o-58-mm-ethernet-usb-recibo-autocortador-negra\/\",\"name\":\"[ Epson ] &#129351; C31cj57052 Miniprinter Tm-t88vii, Termica, 80 Mm O 58 Mm, Ethernet, Usb Recibo \/autocortador, Negra\",\"isPartOf\":{\"@id\":\"https:\/\/compuviper.mx\/tienda\/#website\"},\"datePublished\":\"2026-04-21T07:51:44+00:00\",\"dateModified\":\"2026-04-21T07:51:44+00:00\",\"description\":\"Compra C31cj57052 Miniprinter Tm-t88vii, Termica, 80 Mm O 58 Mm, Ethernet, Usb Recibo \/autocortador, Negra + Env\u00edo a domicilio + Pago seguro + Garant\u00eda\",\"breadcrumb\":{\"@id\":\"https:\/\/compuviper.mx\/tienda\/producto\/epson-c31cj57052-miniprinter-tm-t88vii-termica-80-mm-o-58-mm-ethernet-usb-recibo-autocortador-negra\/#breadcrumb\"},\"inLanguage\":\"es-MX\",\"potentialAction\":[{\"@type\":\"ReadAction\",\"target\":[\"https:\/\/compuviper.mx\/tienda\/producto\/epson-c31cj57052-miniprinter-tm-t88vii-termica-80-mm-o-58-mm-ethernet-usb-recibo-autocortador-negra\/\"]}]},{\"@type\":\"BreadcrumbList\",\"@id\":\"https:\/\/compuviper.mx\/tienda\/producto\/epson-c31cj57052-miniprinter-tm-t88vii-termica-80-mm-o-58-mm-ethernet-usb-recibo-autocortador-negra\/#breadcrumb\",\"itemListElement\":[{\"@type\":\"ListItem\",\"position\":1,\"name\":\"Inicio\",\"item\":\"https:\/\/compuviper.mx\/tienda\/\"},{\"@type\":\"ListItem\",\"position\":2,\"name\":\"Productos\",\"item\":\"https:\/\/compuviper.mx\/tienda\/productos\/\"},{\"@type\":\"ListItem\",\"position\":3,\"name\":\"Impresoras\",\"item\":\"https:\/\/compuviper.mx\/tienda\/categoria-producto\/impresoras\/\"},{\"@type\":\"ListItem\",\"position\":4,\"name\":\"Punto De Venta\",\"item\":\"https:\/\/compuviper.mx\/tienda\/categoria-producto\/impresoras\/punto-de-venta-impresoras\/\"},{\"@type\":\"ListItem\",\"position\":5,\"name\":\"Epson C31cj57052 Miniprinter Tm-t88vii, Termica, 80 Mm O 58 Mm, Ethernet, Usb Recibo \/autocortador, Negra\"}]},{\"@type\":\"WebSite\",\"@id\":\"https:\/\/compuviper.mx\/tienda\/#website\",\"url\":\"https:\/\/compuviper.mx\/tienda\/\",\"name\":\"Compuviper\",\"description\":\"Proveedor de Computadoras, Laptops, Servidores, Monitores, Puntos de Venta, Teclados,   Impresoras, T\u00f3ner, C\u00e1maras de Seguridad y m\u00e1s en tu tienda en l\u00ednea\",\"publisher\":{\"@id\":\"https:\/\/compuviper.mx\/tienda\/#organization\"},\"potentialAction\":[{\"@type\":\"SearchAction\",\"target\":{\"@type\":\"EntryPoint\",\"urlTemplate\":\"https:\/\/compuviper.mx\/tienda\/?s={search_term_string}\"},\"query-input\":\"required name=search_term_string\"}],\"inLanguage\":\"es-MX\"},{\"@type\":\"Organization\",\"@id\":\"https:\/\/compuviper.mx\/tienda\/#organization\",\"name\":\"Compuviper\",\"url\":\"https:\/\/compuviper.mx\/tienda\/\",\"logo\":{\"@type\":\"ImageObject\",\"inLanguage\":\"es-MX\",\"@id\":\"https:\/\/compuviper.mx\/tienda\/#\/schema\/logo\/image\/\",\"url\":\"https:\/\/compuviper.mx\/tienda\/wp-content\/uploads\/2021\/08\/Logo-Compuviper-10.png\",\"contentUrl\":\"https:\/\/compuviper.mx\/tienda\/wp-content\/uploads\/2021\/08\/Logo-Compuviper-10.png\",\"width\":1000,\"height\":500,\"caption\":\"Compuviper\"},\"image\":{\"@id\":\"https:\/\/compuviper.mx\/tienda\/#\/schema\/logo\/image\/\"},\"sameAs\":[\"https:\/\/www.facebook.com\/compuviper\",\"https:\/\/www.youtube.com\/channel\/UCf73dERp9Y3cfOq7q8BhLjA?view_as=subscriber\"]}]}<\/script>\n<meta property=\"product:brand\" content=\"EPSON\" \/>\n<meta property=\"product:price:amount\" content=\"6719\" \/>\n<meta property=\"product:price:currency\" content=\"MXN\" \/>\n<meta property=\"og:availability\" content=\"instock\" \/>\n<meta property=\"product:availability\" content=\"instock\" \/>\n<meta property=\"product:retailer_item_id\" content=\"C31CJ57052\" \/>\n<meta property=\"product:condition\" content=\"new\" \/>\n<!-- \/ Yoast SEO plugin. -->","yoast_head_json":{"title":"[ Epson ] &#129351; C31cj57052 Miniprinter Tm-t88vii, Termica, 80 Mm O 58 Mm, Ethernet, Usb Recibo \/autocortador, Negra","description":"Compra C31cj57052 Miniprinter Tm-t88vii, Termica, 80 Mm O 58 Mm, Ethernet, Usb Recibo \/autocortador, Negra + Env\u00edo a domicilio + Pago seguro + Garant\u00eda","robots":{"index":"index","follow":"follow","max-snippet":"max-snippet:-1","max-image-preview":"max-image-preview:large","max-video-preview":"max-video-preview:-1"},"canonical":"https:\/\/compuviper.mx\/tienda\/producto\/epson-c31cj57052-miniprinter-tm-t88vii-termica-80-mm-o-58-mm-ethernet-usb-recibo-autocortador-negra\/","og_locale":"es_MX","og_type":"article","og_title":"[ Epson ] &#129351; C31cj57052 Miniprinter Tm-t88vii, Termica, 80 Mm O 58 Mm, Ethernet, Usb Recibo \/autocortador, Negra","og_description":"Compra C31cj57052 Miniprinter Tm-t88vii, Termica, 80 Mm O 58 Mm, Ethernet, Usb Recibo \/autocortador, Negra + Env\u00edo a domicilio + Pago seguro + Garant\u00eda","og_url":"https:\/\/compuviper.mx\/tienda\/producto\/epson-c31cj57052-miniprinter-tm-t88vii-termica-80-mm-o-58-mm-ethernet-usb-recibo-autocortador-negra\/","og_site_name":"Compuviper","article_publisher":"https:\/\/www.facebook.com\/compuviper","og_image":[{"width":200,"height":200,"url":"https:\/\/compuviper.mx\/tienda\/wp-content\/uploads\/2024\/09\/Miniprinter-epson-tm-t88vii-termica-80-mm-o-58-mm-ethernet-usb-recibo-autocortador-negra.jpg","type":"image\/jpeg"}],"twitter_card":"summary_large_image","twitter_misc":{"Precio":"&#36;6,719 con IVA","Availability":"In stock"},"schema":{"@context":"https:\/\/schema.org","@graph":[{"@type":"WebPage","@id":"https:\/\/compuviper.mx\/tienda\/producto\/epson-c31cj57052-miniprinter-tm-t88vii-termica-80-mm-o-58-mm-ethernet-usb-recibo-autocortador-negra\/","url":"https:\/\/compuviper.mx\/tienda\/producto\/epson-c31cj57052-miniprinter-tm-t88vii-termica-80-mm-o-58-mm-ethernet-usb-recibo-autocortador-negra\/","name":"[ Epson ] &#129351; C31cj57052 Miniprinter Tm-t88vii, Termica, 80 Mm O 58 Mm, Ethernet, Usb Recibo \/autocortador, Negra","isPartOf":{"@id":"https:\/\/compuviper.mx\/tienda\/#website"},"datePublished":"2026-04-21T07:51:44+00:00","dateModified":"2026-04-21T07:51:44+00:00","description":"Compra C31cj57052 Miniprinter Tm-t88vii, Termica, 80 Mm O 58 Mm, Ethernet, Usb Recibo \/autocortador, Negra + Env\u00edo a domicilio + Pago seguro + Garant\u00eda","breadcrumb":{"@id":"https:\/\/compuviper.mx\/tienda\/producto\/epson-c31cj57052-miniprinter-tm-t88vii-termica-80-mm-o-58-mm-ethernet-usb-recibo-autocortador-negra\/#breadcrumb"},"inLanguage":"es-MX","potentialAction":[{"@type":"ReadAction","target":["https:\/\/compuviper.mx\/tienda\/producto\/epson-c31cj57052-miniprinter-tm-t88vii-termica-80-mm-o-58-mm-ethernet-usb-recibo-autocortador-negra\/"]}]},{"@type":"BreadcrumbList","@id":"https:\/\/compuviper.mx\/tienda\/producto\/epson-c31cj57052-miniprinter-tm-t88vii-termica-80-mm-o-58-mm-ethernet-usb-recibo-autocortador-negra\/#breadcrumb","itemListElement":[{"@type":"ListItem","position":1,"name":"Inicio","item":"https:\/\/compuviper.mx\/tienda\/"},{"@type":"ListItem","position":2,"name":"Productos","item":"https:\/\/compuviper.mx\/tienda\/productos\/"},{"@type":"ListItem","position":3,"name":"Impresoras","item":"https:\/\/compuviper.mx\/tienda\/categoria-producto\/impresoras\/"},{"@type":"ListItem","position":4,"name":"Punto De Venta","item":"https:\/\/compuviper.mx\/tienda\/categoria-producto\/impresoras\/punto-de-venta-impresoras\/"},{"@type":"ListItem","position":5,"name":"Epson C31cj57052 Miniprinter Tm-t88vii, Termica, 80 Mm O 58 Mm, Ethernet, Usb Recibo \/autocortador, Negra"}]},{"@type":"WebSite","@id":"https:\/\/compuviper.mx\/tienda\/#website","url":"https:\/\/compuviper.mx\/tienda\/","name":"Compuviper","description":"Proveedor de Computadoras, Laptops, Servidores, Monitores, Puntos de Venta, Teclados,   Impresoras, T\u00f3ner, C\u00e1maras de Seguridad y m\u00e1s en tu tienda en l\u00ednea","publisher":{"@id":"https:\/\/compuviper.mx\/tienda\/#organization"},"potentialAction":[{"@type":"SearchAction","target":{"@type":"EntryPoint","urlTemplate":"https:\/\/compuviper.mx\/tienda\/?s={search_term_string}"},"query-input":"required name=search_term_string"}],"inLanguage":"es-MX"},{"@type":"Organization","@id":"https:\/\/compuviper.mx\/tienda\/#organization","name":"Compuviper","url":"https:\/\/compuviper.mx\/tienda\/","logo":{"@type":"ImageObject","inLanguage":"es-MX","@id":"https:\/\/compuviper.mx\/tienda\/#\/schema\/logo\/image\/","url":"https:\/\/compuviper.mx\/tienda\/wp-content\/uploads\/2021\/08\/Logo-Compuviper-10.png","contentUrl":"https:\/\/compuviper.mx\/tienda\/wp-content\/uploads\/2021\/08\/Logo-Compuviper-10.png","width":1000,"height":500,"caption":"Compuviper"},"image":{"@id":"https:\/\/compuviper.mx\/tienda\/#\/schema\/logo\/image\/"},"sameAs":["https:\/\/www.facebook.com\/compuviper","https:\/\/www.youtube.com\/channel\/UCf73dERp9Y3cfOq7q8BhLjA?view_as=subscriber"]}]},"product_brand":"EPSON","product_price_amount":"6719","product_price_currency":"MXN","og_availability":"instock","product_availability":"instock","product_retailer_item_id":"C31CJ57052","product_condition":"new"},"_links":{"self":[{"href":"https:\/\/compuviper.mx\/tienda\/wp-json\/wp\/v2\/product\/239105"}],"collection":[{"href":"https:\/\/compuviper.mx\/tienda\/wp-json\/wp\/v2\/product"}],"about":[{"href":"https:\/\/compuviper.mx\/tienda\/wp-json\/wp\/v2\/types\/product"}],"replies":[{"embeddable":true,"href":"https:\/\/compuviper.mx\/tienda\/wp-json\/wp\/v2\/comments?post=239105"}],"wp:featuredmedia":[{"embeddable":true,"href":"https:\/\/compuviper.mx\/tienda\/wp-json\/wp\/v2\/media\/243242"}],"wp:attachment":[{"href":"https:\/\/compuviper.mx\/tienda\/wp-json\/wp\/v2\/media?parent=239105"}],"wp:term":[{"taxonomy":"product_cat","embeddable":true,"href":"https:\/\/compuviper.mx\/tienda\/wp-json\/wp\/v2\/product_cat?post=239105"},{"taxonomy":"product_tag","embeddable":true,"href":"https:\/\/compuviper.mx\/tienda\/wp-json\/wp\/v2\/product_tag?post=239105"}],"curies":[{"name":"wp","href":"https:\/\/api.w.org\/{rel}","templated":true}]}}