{"id":239097,"date":"2026-04-18T01:11:54","date_gmt":"2026-04-18T07:11:54","guid":{"rendered":"https:\/\/compuviper.mx\/tienda\/producto\/tp-link-eap670-acces-point-tp-link-omada-wifi-6-techo-ax5400-omada-mesh-compatibilidad-poe-ethernet-2-5-ge-4804-mbps-en-5ghz-574-mbps-en-24ghz\/"},"modified":"2026-04-18T01:11:55","modified_gmt":"2026-04-18T07:11:55","slug":"tp-link-eap670-access-point-tp-link-omada-ax5400-ceiling-mount-wi-fi-6","status":"publish","type":"product","link":"https:\/\/compuviper.mx\/tienda\/producto\/tp-link-eap670-access-point-tp-link-omada-ax5400-ceiling-mount-wi-fi-6\/","title":{"rendered":"Tp Link Eap670 Access Point Tp-link  Omada Ax5400 Ceiling Mount Wi-fi 6"},"content":{"rendered":"<table class=\"descripcion\">\n<tr>\n<td>Caracter\u00edsticas de hardware<\/td>\n<\/tr>\n<tr>\n<td>Interfaz<\/td>\n<\/tr>\n<tr>\n<td>1 puerto de 2,5 gigabit ethernet (rj-45) (compatible con ieee802.3at poe)<\/td>\n<\/tr>\n<tr>\n<td>Botones<\/td>\n<\/tr>\n<tr>\n<td>Reset<\/td>\n<\/tr>\n<tr>\n<td>Fuente de alimentaci\u00f3n<\/td>\n<\/tr>\n<tr>\n<td>\u0095 802.3at poe<\/td>\n<\/tr>\n<tr>\n<td>\u0095 12 v \/ 1.5 a dc<\/td>\n<\/tr>\n<tr>\n<td>Consumo de potencia<\/td>\n<\/tr>\n<tr>\n<td>\u0095 eu: 18.1 w<\/td>\n<\/tr>\n<tr>\n<td>\u0095 us: 19.8 w<\/td>\n<\/tr>\n<tr>\n<td>Dimensiones<\/td>\n<\/tr>\n<tr>\n<td>9.6 \u00d7 9.6 \u00d7 2.5 in (243 \u00d7 243 \u00d7 64 mm)<\/td>\n<\/tr>\n<tr>\n<td>Tipo de antena<\/td>\n<\/tr>\n<tr>\n<td>Omni interno<\/td>\n<\/tr>\n<tr>\n<td>\u0095 2,4 ghz: 2 \u00d7 4 dbi<\/td>\n<\/tr>\n<tr>\n<td>\u0095 5 ghz: 4 \u00d7 5 dbi<\/td>\n<\/tr>\n<tr>\n<td>Bluetooth<\/td>\n<\/tr>\n<tr>\n<td>Yes<\/td>\n<\/tr>\n<tr>\n<td>Montaje<\/td>\n<\/tr>\n<tr>\n<td>Montaje en techo\/pared (kits incluidos)<\/td>\n<\/tr>\n<tr>\n<td>Caracter\u00edsticas inal\u00e1mbricas<\/td>\n<\/tr>\n<tr>\n<td>Coverage<\/td>\n<\/tr>\n<tr>\n<td>140 and #13217;(1500 ft\u00b2)***<\/td>\n<\/tr>\n<tr>\n<td>Wireless client capacity<\/td>\n<\/tr>\n<tr>\n<td>250+**<\/td>\n<\/tr>\n<tr>\n<td>Clientes concurrentes<\/td>\n<\/tr>\n<tr>\n<td>250+**<\/td>\n<\/tr>\n<tr>\n<td>Est\u00e1ndares inal\u00e1mbricos<\/td>\n<\/tr>\n<tr>\n<td>Ieee 802.11ax\/ac\/n\/g\/b\/a<\/td>\n<\/tr>\n<tr>\n<td>Frecuencia<\/td>\n<\/tr>\n<tr>\n<td>2,4 ghz y 5 ghz<\/td>\n<\/tr>\n<tr>\n<td>Tasa de se\u00f1al<\/td>\n<\/tr>\n<tr>\n<td>\u0095 5 ghz: hasta 4804 mbps<\/td>\n<\/tr>\n<tr>\n<td>\u0095 2,4 ghz: hasta 574 mbps<\/td>\n<\/tr>\n<tr>\n<td>Funciones inal\u00e1mbricas<\/td>\n<\/tr>\n<tr>\n<td>\u0095 1024-qam<\/td>\n<\/tr>\n<tr>\n<td>\u0095 s\u00edmbolo ofdm 4 veces m\u00e1s largo<\/td>\n<\/tr>\n<tr>\n<td>\u0095 ofdma<\/td>\n<\/tr>\n<tr>\n<td>\u0095 m\u00faltiples ssid (hasta 16 ssid, 8 para cada banda)<\/td>\n<\/tr>\n<tr>\n<td>\u0095 habilitar\/deshabilitar la radio inal\u00e1mbrica<\/td>\n<\/tr>\n<tr>\n<td>\u0095 asignaci\u00f3n autom\u00e1tica de canales<\/td>\n<\/tr>\n<tr>\n<td>\u0095 control de potencia de transmisi\u00f3n (ajuste de potencia de transmisi\u00f3n en dbm)<\/td>\n<\/tr>\n<tr>\n<td>\u0095 qos (wmm)<\/td>\n<\/tr>\n<tr>\n<td>\u0095 mu-mimo<\/td>\n<\/tr>\n<tr>\n<td>\u0095 he160 (ancho de banda de 160 mhz)\u0087<\/td>\n<\/tr>\n<tr>\n<td>\u0095 roaming continuo \u00a7<\/td>\n<\/tr>\n<tr>\n<td>\u0095 malla omada\u00a7<\/td>\n<\/tr>\n<tr>\n<td>\u0095 direcci\u00f3n de banda<\/td>\n<\/tr>\n<tr>\n<td>\u0095 equilibrio de carga<\/td>\n<\/tr>\n<tr>\n<td>\u0095 equidad de tiempo aire<\/td>\n<\/tr>\n<tr>\n<td>\u0095 formaci\u00f3n de haces<\/td>\n<\/tr>\n<tr>\n<td>\u0095 l\u00edmite de tarifa<\/td>\n<\/tr>\n<tr>\n<td>\u0095 horario de reinicio<\/td>\n<\/tr>\n<tr>\n<td>\u0095 horario inal\u00e1mbrico<\/td>\n<\/tr>\n<tr>\n<td>\u0095 estad\u00edsticas inal\u00e1mbricas basadas en ssid\/ap\/cliente<\/td>\n<\/tr>\n<tr>\n<td>Seguridad inal\u00e1mbrica<\/td>\n<\/tr>\n<tr>\n<td>\u0095 autenticaci\u00f3n de portal cautivo\u00a7<\/td>\n<\/tr>\n<tr>\n<td>\u0095 control de acceso<\/td>\n<\/tr>\n<tr>\n<td>\u0095 filtrado de direcciones mac inal\u00e1mbricas<\/td>\n<\/tr>\n<tr>\n<td>\u0095 aislamiento inal\u00e1mbrico entre clientes<\/td>\n<\/tr>\n<tr>\n<td>\u0095 asignaci\u00f3n de ssid a vlan<\/td>\n<\/tr>\n<tr>\n<td>\u0095 detecci\u00f3n de puntos de acceso no autorizados<\/td>\n<\/tr>\n<tr>\n<td>\u0095 compatibilidad con 802.1x<\/td>\n<\/tr>\n<tr>\n<td>\u0095 wpa-personal\/empresa, wpa2-personal\/empresa, wpa3-personal\/empresa<\/td>\n<\/tr>\n<tr>\n<td>Potencia de transmisi\u00f3n<\/td>\n<\/tr>\n<tr>\n<td>\u0095 ce:<\/td>\n<\/tr>\n<tr>\n<td> 20 dbm (2,4 ghz, pire)<\/td>\n<\/tr>\n<tr>\n<td> 23 dbm (5 ghz, banda 1 y banda 2, eirp)<\/td>\n<\/tr>\n<tr>\n<td> 30 dbm (5 ghz, banda 3, pire)<\/td>\n<\/tr>\n<tr>\n<td>\u0095 fcc:<\/td>\n<\/tr>\n<tr>\n<td> 25 dbm (2,4 ghz)<\/td>\n<\/tr>\n<tr>\n<td> 28 dbm (5 ghz)<\/td>\n<\/tr>\n<tr>\n<td>Gesti\u00f3n<\/td>\n<\/tr>\n<tr>\n<td>Omada app<\/td>\n<\/tr>\n<tr>\n<td>S\u00ed<\/td>\n<\/tr>\n<tr>\n<td>Gesti\u00f3n centralizada<\/td>\n<\/tr>\n<tr>\n<td>\u0095 controlador de hardware omada (oc300)<\/td>\n<\/tr>\n<tr>\n<td>\u0095 controlador de hardware omada (oc200)<\/td>\n<\/tr>\n<tr>\n<td>\u0095 controlador de software omada<\/td>\n<\/tr>\n<tr>\n<td>\u0095 controlador basado en la nube omada<\/td>\n<\/tr>\n<tr>\n<td>Acceso a la nube<\/td>\n<\/tr>\n<tr>\n<td>S\u00ed (a trav\u00e9s de oc300, oc200, controlador de software omada o controlador basado en la nube omada)<\/td>\n<\/tr>\n<tr>\n<td>Alertas por correo electr\u00f3nico<\/td>\n<\/tr>\n<tr>\n<td>S\u00ed<\/td>\n<\/tr>\n<tr>\n<td>Led de control on \/ off<\/td>\n<\/tr>\n<tr>\n<td>S\u00ed<\/td>\n<\/tr>\n<tr>\n<td>Control de gesti\u00f3n de acceso mac<\/td>\n<\/tr>\n<tr>\n<td>S\u00ed<\/td>\n<\/tr>\n<tr>\n<td>Snmp<\/td>\n<\/tr>\n<tr>\n<td>V1, v2c, v3<\/td>\n<\/tr>\n<tr>\n<td>Acceso al registro de sistema local\/ registro del sistema remoto<\/td>\n<\/tr>\n<tr>\n<td>Syslog local\/remoto<\/td>\n<\/tr>\n<tr>\n<td>Ssh<\/td>\n<\/tr>\n<tr>\n<td>S\u00ed<\/td>\n<\/tr>\n<tr>\n<td>Gesti\u00f3n basada en web<\/td>\n<\/tr>\n<tr>\n<td>Http\/https<\/td>\n<\/tr>\n<tr>\n<td>Gesti\u00f3n l3<\/td>\n<\/tr>\n<tr>\n<td>S\u00ed<\/td>\n<\/tr>\n<tr>\n<td>Gesti\u00f3n multi-sitio<\/td>\n<\/tr>\n<tr>\n<td>S\u00ed<\/td>\n<\/tr>\n<tr>\n<td>Vlan de gesti\u00f3n<\/td>\n<\/tr>\n<tr>\n<td>S\u00ed<\/td>\n<\/tr>\n<tr>\n<td>Aprovisionamiento sin contacto<\/td>\n<\/tr>\n<tr>\n<td>S\u00ed. requiere el uso del controlador basado en la nube de omada.<\/td>\n<\/tr>\n<tr>\n<td>Otros<\/td>\n<\/tr>\n<tr>\n<td>Certificaciones<\/td>\n<\/tr>\n<tr>\n<td>Ce, fcc, rohs<\/td>\n<\/tr>\n<tr>\n<td>Contenido del paquete<\/td>\n<\/tr>\n<tr>\n<td>\u0095 eap670<\/td>\n<\/tr>\n<tr>\n<td>\u0095 adaptador de corriente<\/td>\n<\/tr>\n<tr>\n<td>\u0095 kits de montaje en techo\/pared<\/td>\n<\/tr>\n<tr>\n<td>\u0095 gu\u00eda de instalaci\u00f3n<\/td>\n<\/tr>\n<tr>\n<td>Requisitos del sistema<\/td>\n<\/tr>\n<tr>\n<td>Microsoft windows xp, vista, windows 7, windows 8, windows10, windows11, linux<\/td>\n<\/tr>\n<tr>\n<td>Factores ambientales<\/td>\n<\/tr>\n<tr>\n<td>\u0095 temperatura de funcionamiento: 0\u009640  and #8451; (32\u0096104  and #8457;)<\/td>\n<\/tr>\n<tr>\n<td>\u0095 temperatura de almacenamiento: -40\u009670  and #8451; (-40\u0096158  and #8457;)<\/td>\n<\/tr>\n<tr>\n<td>\u0095 humedad de funcionamiento: 10\u009690 % de hr sin condensaci\u00f3n<\/td>\n<\/tr>\n<tr>\n<td>\u0095 humedad de almacenamiento: 5\u009690 % de hr sin condensaci\u00f3n<\/td>\n<\/tr>\n<\/table>\n","protected":false},"excerpt":{"rendered":"<p>Punto de acceso wi-fi 6 de montaje en techo ax5400. Velocidad ultrarr\u00e1pida wi-fi 6. Hasta 4804 mbps en 5ghz y 574 mbps en 2,4ghz, para alcanzar un total de 5378 mbps\u0086. Redes de alta eficiencia. M\u00e1s de 250 dispositivos conectados a la vez de manera estable y sin cortes. Gesti\u00f3n centralizada. Con la controladora omada se obtiene un control intuitivo y eficiente de la red con acceso en local o desde la nube. Ancho de banda de 160 mhz. Reduce las interferencias y duplica el espectro de red disponible en un solo flujo con he160\u0087. Omada mesh. Permite la conectividad entre diferentes puntos de acceso omada para crear una red de gran alcance y cobertura\u00a7. Roaming sin cortes. Los dipositivos conectados a la red se conectan autom\u00e1ticamente al punto de acceso que mejor cobertura puede ofrecer sin perder la conexi\u00f3n?. Compatibilidad con poe+. Admite alimentaci\u00f3n a trav\u00e9s de ethernet (802.3at) para tener una mayor libertad de instalaci\u00f3n.<\/p>\n","protected":false},"featured_media":242875,"comment_status":"open","ping_status":"open","template":"","meta":[],"product_cat":[1563,1754],"product_tag":[1562],"acf":[],"yoast_head":"<!-- This site is optimized with the Yoast SEO plugin v21.7 - https:\/\/yoast.com\/wordpress\/plugins\/seo\/ -->\n<title>[ Tp Link ] &#129351; Eap670 Access Point Tp-link Omada Ax5400 Ceiling Mount Wi-fi 6<\/title>\n<meta name=\"description\" content=\"Compra Eap670 Access Point Tp-link Omada Ax5400 Ceiling Mount Wi-fi 6 + Env\u00edo a domicilio + Pago seguro + Garant\u00eda\" \/>\n<meta name=\"robots\" content=\"index, follow, max-snippet:-1, max-image-preview:large, max-video-preview:-1\" \/>\n<link rel=\"canonical\" href=\"https:\/\/compuviper.mx\/tienda\/producto\/tp-link-eap670-access-point-tp-link-omada-ax5400-ceiling-mount-wi-fi-6\/\" \/>\n<meta property=\"og:locale\" content=\"es_MX\" \/>\n<meta property=\"og:type\" content=\"article\" \/>\n<meta property=\"og:title\" content=\"[ Tp Link ] &#129351; Eap670 Access Point Tp-link Omada Ax5400 Ceiling Mount Wi-fi 6\" \/>\n<meta property=\"og:description\" content=\"Compra Eap670 Access Point Tp-link Omada Ax5400 Ceiling Mount Wi-fi 6 + Env\u00edo a domicilio + Pago seguro + Garant\u00eda\" \/>\n<meta property=\"og:url\" content=\"https:\/\/compuviper.mx\/tienda\/producto\/tp-link-eap670-access-point-tp-link-omada-ax5400-ceiling-mount-wi-fi-6\/\" \/>\n<meta property=\"og:site_name\" content=\"Compuviper\" \/>\n<meta property=\"article:publisher\" content=\"https:\/\/www.facebook.com\/compuviper\" \/>\n<meta property=\"article:modified_time\" content=\"2026-04-18T07:11:55+00:00\" \/>\n<meta property=\"og:image\" content=\"https:\/\/compuviper.mx\/tienda\/wp-content\/uploads\/2024\/09\/Acces-point-tp-link-omada-eap670-wifi-6-techo-ax5400-omada-mesh-compatibilidad-poe-ethernet-2.5-ge-4804-mbps-en-5ghz-574-mbps-en-24ghz.jpg\" \/>\n\t<meta property=\"og:image:width\" content=\"200\" \/>\n\t<meta property=\"og:image:height\" content=\"200\" \/>\n\t<meta property=\"og:image:type\" content=\"image\/jpeg\" \/>\n<meta name=\"twitter:card\" content=\"summary_large_image\" \/>\n<meta name=\"twitter:label1\" content=\"Precio\" \/>\n\t<meta name=\"twitter:data1\" content=\"&#36;2,922 con IVA\" \/>\n\t<meta name=\"twitter:label2\" content=\"Availability\" \/>\n\t<meta name=\"twitter:data2\" content=\"On backorder\" \/>\n<script type=\"application\/ld+json\" class=\"yoast-schema-graph\">{\"@context\":\"https:\/\/schema.org\",\"@graph\":[{\"@type\":\"WebPage\",\"@id\":\"https:\/\/compuviper.mx\/tienda\/producto\/tp-link-eap670-access-point-tp-link-omada-ax5400-ceiling-mount-wi-fi-6\/\",\"url\":\"https:\/\/compuviper.mx\/tienda\/producto\/tp-link-eap670-access-point-tp-link-omada-ax5400-ceiling-mount-wi-fi-6\/\",\"name\":\"[ Tp Link ] &#129351; Eap670 Access Point Tp-link Omada Ax5400 Ceiling Mount Wi-fi 6\",\"isPartOf\":{\"@id\":\"https:\/\/compuviper.mx\/tienda\/#website\"},\"datePublished\":\"2026-04-18T07:11:54+00:00\",\"dateModified\":\"2026-04-18T07:11:55+00:00\",\"description\":\"Compra Eap670 Access Point Tp-link Omada Ax5400 Ceiling Mount Wi-fi 6 + Env\u00edo a domicilio + Pago seguro + Garant\u00eda\",\"breadcrumb\":{\"@id\":\"https:\/\/compuviper.mx\/tienda\/producto\/tp-link-eap670-access-point-tp-link-omada-ax5400-ceiling-mount-wi-fi-6\/#breadcrumb\"},\"inLanguage\":\"es-MX\",\"potentialAction\":[{\"@type\":\"ReadAction\",\"target\":[\"https:\/\/compuviper.mx\/tienda\/producto\/tp-link-eap670-access-point-tp-link-omada-ax5400-ceiling-mount-wi-fi-6\/\"]}]},{\"@type\":\"BreadcrumbList\",\"@id\":\"https:\/\/compuviper.mx\/tienda\/producto\/tp-link-eap670-access-point-tp-link-omada-ax5400-ceiling-mount-wi-fi-6\/#breadcrumb\",\"itemListElement\":[{\"@type\":\"ListItem\",\"position\":1,\"name\":\"Inicio\",\"item\":\"https:\/\/compuviper.mx\/tienda\/\"},{\"@type\":\"ListItem\",\"position\":2,\"name\":\"Productos\",\"item\":\"https:\/\/compuviper.mx\/tienda\/productos\/\"},{\"@type\":\"ListItem\",\"position\":3,\"name\":\"Redes\",\"item\":\"https:\/\/compuviper.mx\/tienda\/categoria-producto\/redes\/\"},{\"@type\":\"ListItem\",\"position\":4,\"name\":\"Access Point\",\"item\":\"https:\/\/compuviper.mx\/tienda\/categoria-producto\/redes\/access-point\/\"},{\"@type\":\"ListItem\",\"position\":5,\"name\":\"Tp Link Eap670 Access Point Tp-link Omada Ax5400 Ceiling Mount Wi-fi 6\"}]},{\"@type\":\"WebSite\",\"@id\":\"https:\/\/compuviper.mx\/tienda\/#website\",\"url\":\"https:\/\/compuviper.mx\/tienda\/\",\"name\":\"Compuviper\",\"description\":\"Proveedor de Computadoras, Laptops, Servidores, Monitores, Puntos de Venta, Teclados,   Impresoras, T\u00f3ner, C\u00e1maras de Seguridad y m\u00e1s en tu tienda en l\u00ednea\",\"publisher\":{\"@id\":\"https:\/\/compuviper.mx\/tienda\/#organization\"},\"potentialAction\":[{\"@type\":\"SearchAction\",\"target\":{\"@type\":\"EntryPoint\",\"urlTemplate\":\"https:\/\/compuviper.mx\/tienda\/?s={search_term_string}\"},\"query-input\":\"required name=search_term_string\"}],\"inLanguage\":\"es-MX\"},{\"@type\":\"Organization\",\"@id\":\"https:\/\/compuviper.mx\/tienda\/#organization\",\"name\":\"Compuviper\",\"url\":\"https:\/\/compuviper.mx\/tienda\/\",\"logo\":{\"@type\":\"ImageObject\",\"inLanguage\":\"es-MX\",\"@id\":\"https:\/\/compuviper.mx\/tienda\/#\/schema\/logo\/image\/\",\"url\":\"https:\/\/compuviper.mx\/tienda\/wp-content\/uploads\/2021\/08\/Logo-Compuviper-10.png\",\"contentUrl\":\"https:\/\/compuviper.mx\/tienda\/wp-content\/uploads\/2021\/08\/Logo-Compuviper-10.png\",\"width\":1000,\"height\":500,\"caption\":\"Compuviper\"},\"image\":{\"@id\":\"https:\/\/compuviper.mx\/tienda\/#\/schema\/logo\/image\/\"},\"sameAs\":[\"https:\/\/www.facebook.com\/compuviper\",\"https:\/\/www.youtube.com\/channel\/UCf73dERp9Y3cfOq7q8BhLjA?view_as=subscriber\"]}]}<\/script>\n<meta property=\"product:brand\" content=\"TP LINK\" \/>\n<meta property=\"product:price:amount\" content=\"2922\" \/>\n<meta property=\"product:price:currency\" content=\"MXN\" \/>\n<meta property=\"og:availability\" content=\"backorder\" \/>\n<meta property=\"product:availability\" content=\"available for order\" \/>\n<meta property=\"product:retailer_item_id\" content=\"EAP670\" \/>\n<meta property=\"product:condition\" content=\"new\" \/>\n<!-- \/ Yoast SEO plugin. -->","yoast_head_json":{"title":"[ Tp Link ] &#129351; Eap670 Access Point Tp-link Omada Ax5400 Ceiling Mount Wi-fi 6","description":"Compra Eap670 Access Point Tp-link Omada Ax5400 Ceiling Mount Wi-fi 6 + Env\u00edo a domicilio + Pago seguro + Garant\u00eda","robots":{"index":"index","follow":"follow","max-snippet":"max-snippet:-1","max-image-preview":"max-image-preview:large","max-video-preview":"max-video-preview:-1"},"canonical":"https:\/\/compuviper.mx\/tienda\/producto\/tp-link-eap670-access-point-tp-link-omada-ax5400-ceiling-mount-wi-fi-6\/","og_locale":"es_MX","og_type":"article","og_title":"[ Tp Link ] &#129351; Eap670 Access Point Tp-link Omada Ax5400 Ceiling Mount Wi-fi 6","og_description":"Compra Eap670 Access Point Tp-link Omada Ax5400 Ceiling Mount Wi-fi 6 + Env\u00edo a domicilio + Pago seguro + Garant\u00eda","og_url":"https:\/\/compuviper.mx\/tienda\/producto\/tp-link-eap670-access-point-tp-link-omada-ax5400-ceiling-mount-wi-fi-6\/","og_site_name":"Compuviper","article_publisher":"https:\/\/www.facebook.com\/compuviper","article_modified_time":"2026-04-18T07:11:55+00:00","og_image":[{"width":200,"height":200,"url":"https:\/\/compuviper.mx\/tienda\/wp-content\/uploads\/2024\/09\/Acces-point-tp-link-omada-eap670-wifi-6-techo-ax5400-omada-mesh-compatibilidad-poe-ethernet-2.5-ge-4804-mbps-en-5ghz-574-mbps-en-24ghz.jpg","type":"image\/jpeg"}],"twitter_card":"summary_large_image","twitter_misc":{"Precio":"&#36;2,922 con IVA","Availability":"On backorder"},"schema":{"@context":"https:\/\/schema.org","@graph":[{"@type":"WebPage","@id":"https:\/\/compuviper.mx\/tienda\/producto\/tp-link-eap670-access-point-tp-link-omada-ax5400-ceiling-mount-wi-fi-6\/","url":"https:\/\/compuviper.mx\/tienda\/producto\/tp-link-eap670-access-point-tp-link-omada-ax5400-ceiling-mount-wi-fi-6\/","name":"[ Tp Link ] &#129351; Eap670 Access Point Tp-link Omada Ax5400 Ceiling Mount Wi-fi 6","isPartOf":{"@id":"https:\/\/compuviper.mx\/tienda\/#website"},"datePublished":"2026-04-18T07:11:54+00:00","dateModified":"2026-04-18T07:11:55+00:00","description":"Compra Eap670 Access Point Tp-link Omada Ax5400 Ceiling Mount Wi-fi 6 + Env\u00edo a domicilio + Pago seguro + Garant\u00eda","breadcrumb":{"@id":"https:\/\/compuviper.mx\/tienda\/producto\/tp-link-eap670-access-point-tp-link-omada-ax5400-ceiling-mount-wi-fi-6\/#breadcrumb"},"inLanguage":"es-MX","potentialAction":[{"@type":"ReadAction","target":["https:\/\/compuviper.mx\/tienda\/producto\/tp-link-eap670-access-point-tp-link-omada-ax5400-ceiling-mount-wi-fi-6\/"]}]},{"@type":"BreadcrumbList","@id":"https:\/\/compuviper.mx\/tienda\/producto\/tp-link-eap670-access-point-tp-link-omada-ax5400-ceiling-mount-wi-fi-6\/#breadcrumb","itemListElement":[{"@type":"ListItem","position":1,"name":"Inicio","item":"https:\/\/compuviper.mx\/tienda\/"},{"@type":"ListItem","position":2,"name":"Productos","item":"https:\/\/compuviper.mx\/tienda\/productos\/"},{"@type":"ListItem","position":3,"name":"Redes","item":"https:\/\/compuviper.mx\/tienda\/categoria-producto\/redes\/"},{"@type":"ListItem","position":4,"name":"Access Point","item":"https:\/\/compuviper.mx\/tienda\/categoria-producto\/redes\/access-point\/"},{"@type":"ListItem","position":5,"name":"Tp Link Eap670 Access Point Tp-link Omada Ax5400 Ceiling Mount Wi-fi 6"}]},{"@type":"WebSite","@id":"https:\/\/compuviper.mx\/tienda\/#website","url":"https:\/\/compuviper.mx\/tienda\/","name":"Compuviper","description":"Proveedor de Computadoras, Laptops, Servidores, Monitores, Puntos de Venta, Teclados,   Impresoras, T\u00f3ner, C\u00e1maras de Seguridad y m\u00e1s en tu tienda en l\u00ednea","publisher":{"@id":"https:\/\/compuviper.mx\/tienda\/#organization"},"potentialAction":[{"@type":"SearchAction","target":{"@type":"EntryPoint","urlTemplate":"https:\/\/compuviper.mx\/tienda\/?s={search_term_string}"},"query-input":"required name=search_term_string"}],"inLanguage":"es-MX"},{"@type":"Organization","@id":"https:\/\/compuviper.mx\/tienda\/#organization","name":"Compuviper","url":"https:\/\/compuviper.mx\/tienda\/","logo":{"@type":"ImageObject","inLanguage":"es-MX","@id":"https:\/\/compuviper.mx\/tienda\/#\/schema\/logo\/image\/","url":"https:\/\/compuviper.mx\/tienda\/wp-content\/uploads\/2021\/08\/Logo-Compuviper-10.png","contentUrl":"https:\/\/compuviper.mx\/tienda\/wp-content\/uploads\/2021\/08\/Logo-Compuviper-10.png","width":1000,"height":500,"caption":"Compuviper"},"image":{"@id":"https:\/\/compuviper.mx\/tienda\/#\/schema\/logo\/image\/"},"sameAs":["https:\/\/www.facebook.com\/compuviper","https:\/\/www.youtube.com\/channel\/UCf73dERp9Y3cfOq7q8BhLjA?view_as=subscriber"]}]},"product_brand":"TP LINK","product_price_amount":"2922","product_price_currency":"MXN","og_availability":"backorder","product_availability":"available for order","product_retailer_item_id":"EAP670","product_condition":"new"},"_links":{"self":[{"href":"https:\/\/compuviper.mx\/tienda\/wp-json\/wp\/v2\/product\/239097"}],"collection":[{"href":"https:\/\/compuviper.mx\/tienda\/wp-json\/wp\/v2\/product"}],"about":[{"href":"https:\/\/compuviper.mx\/tienda\/wp-json\/wp\/v2\/types\/product"}],"replies":[{"embeddable":true,"href":"https:\/\/compuviper.mx\/tienda\/wp-json\/wp\/v2\/comments?post=239097"}],"wp:featuredmedia":[{"embeddable":true,"href":"https:\/\/compuviper.mx\/tienda\/wp-json\/wp\/v2\/media\/242875"}],"wp:attachment":[{"href":"https:\/\/compuviper.mx\/tienda\/wp-json\/wp\/v2\/media?parent=239097"}],"wp:term":[{"taxonomy":"product_cat","embeddable":true,"href":"https:\/\/compuviper.mx\/tienda\/wp-json\/wp\/v2\/product_cat?post=239097"},{"taxonomy":"product_tag","embeddable":true,"href":"https:\/\/compuviper.mx\/tienda\/wp-json\/wp\/v2\/product_tag?post=239097"}],"curies":[{"name":"wp","href":"https:\/\/api.w.org\/{rel}","templated":true}]}}