{"id":239086,"date":"2026-04-21T00:56:18","date_gmt":"2026-04-21T06:56:18","guid":{"rendered":"https:\/\/compuviper.mx\/tienda\/producto\/3nstar-sc506-lector-de-codigo-de-barras-manos-libres-negro-rojo-imager1d-2d-60-cuadros-por-segundo-omnidireccional\/"},"modified":"2026-04-21T00:56:18","modified_gmt":"2026-04-21T06:56:18","slug":"3nstar-sc506-lector-de-codigo-de-barras-manos-libres-negro-rojo-imager1d-2d-60-cuadros-por-segundo-omnidireccional","status":"publish","type":"product","link":"https:\/\/compuviper.mx\/tienda\/producto\/3nstar-sc506-lector-de-codigo-de-barras-manos-libres-negro-rojo-imager1d-2d-60-cuadros-por-segundo-omnidireccional\/","title":{"rendered":"3nstar Sc506 Lector De Codigo De Barras  Manos Libres , Negro\/rojo, Imager,1d, 2d, 60 Cuadros Por Segundo, Omnidireccional."},"content":{"rendered":"<table class=\"descripcion\">\n<tr>\n<td>Fisicas<\/td>\n<\/tr>\n<tr>\n<td>Construcion  abs + pc<\/td>\n<\/tr>\n<tr>\n<td>Color negro<\/td>\n<\/tr>\n<tr>\n<td>Dimenciones  152 mm (alto ) x 98 mm (largo) x 98 mm (ancho)<\/td>\n<\/tr>\n<tr>\n<td>Peso 350g<\/td>\n<\/tr>\n<tr>\n<td>Cable estandar  1.8m recto<\/td>\n<\/tr>\n<tr>\n<td>Caracteristicas<\/td>\n<\/tr>\n<tr>\n<td>Velocidad de escaneo 60 fotogramas por segundo<\/td>\n<\/tr>\n<tr>\n<td>Profundidad de campo 5-280mm @ (13mil l upc\/ean 100%, pcs=90%)<\/td>\n<\/tr>\n<tr>\n<td>Dise\u00f1o anti-impacto soporta caidas de 1,5 m (5 pies )<\/td>\n<\/tr>\n<tr>\n<td>Interfaz  usb y usb virtual com  (rs232 opcional)<\/td>\n<\/tr>\n<tr>\n<td>Compatibilidad windows , linux , android , mac os<\/td>\n<\/tr>\n<tr>\n<td>Rendimiento<\/td>\n<\/tr>\n<tr>\n<td>Sistema optico 1280 x 800 pixeles<\/td>\n<\/tr>\n<tr>\n<td>Resolucion 3 mil<\/td>\n<\/tr>\n<tr>\n<td>Fuente de luz led rojo<\/td>\n<\/tr>\n<tr>\n<td>Campo de vision  deflexion 360 grados  inclinacion  65 grados rotaci\u00f3n 60grados<\/td>\n<\/tr>\n<tr>\n<td>Contraste de impresion 15%  upc\/ean<\/td>\n<\/tr>\n<tr>\n<td>Sensor fotografico  sensor de matriz  cmos<\/td>\n<\/tr>\n<tr>\n<td>Indicador visual  leds , altavoz  &#8211; tono y volumen ajustables<\/td>\n<\/tr>\n<tr>\n<td>Capacidad de decodificacion  1d<\/td>\n<\/tr>\n<tr>\n<td>Codabar, codigo 11, codigo39, codigo32, entrelazado 2 de 5,<\/td>\n<\/tr>\n<tr>\n<td>Industrial 2 de 5, matriz 2 de 5, codigo93, codigo128, gs1-128, upc-a,<\/td>\n<\/tr>\n<tr>\n<td>Upc-e, ean 8, ean 13, gs1 databar (rss14), gs1 databar limited, gs1<\/td>\n<\/tr>\n<tr>\n<td>Databar  expandido , etc<\/td>\n<\/tr>\n<tr>\n<td>Capacidad de decodificacion  2d pdf417, micro pdf417, codigo qr, micro qr, data matrix codigo azteca<\/td>\n<\/tr>\n<tr>\n<td>Electricas<\/td>\n<\/tr>\n<tr>\n<td>Voltaje  5v cc +\/- 10%<\/td>\n<\/tr>\n<tr>\n<td>Comsumo de energia  450 ma<\/td>\n<\/tr>\n<tr>\n<td>Corriente estatica 236 ma<\/td>\n<\/tr>\n<tr>\n<td>Seguridad electrica  iec61000<\/td>\n<\/tr>\n<tr>\n<td>Emi\/rfi en 55032:2015<\/td>\n<\/tr>\n<tr>\n<td>Medioambiental<\/td>\n<\/tr>\n<tr>\n<td>Temperatura de funcionamiento de -10 c a 50 c (de 14 f a 122 f)<\/td>\n<\/tr>\n<tr>\n<td>Humedad de funcionamioento del  5 % al 90 % de humedad relativa , sin condensasion<\/td>\n<\/tr>\n<tr>\n<td>Temperatura de almacenamiento  de -20 c a 60 c (de -4 f a 140 f)<\/td>\n<\/tr>\n<tr>\n<td>Humedad de almacenamiento del 5 % al  90 % de humedad relativa , sin condensasion<\/td>\n<\/tr>\n<tr>\n<td>Niveles de luz  fluorescente : 5000 lux max.<\/td>\n<\/tr>\n<tr>\n<td>Luz solar directa : 100.000 lux max.<\/td>\n<\/tr>\n<tr>\n<td>Embalaje<\/td>\n<\/tr>\n<tr>\n<td>En la caja escaner , cable y manual de usuario<\/td>\n<\/tr>\n<tr>\n<td>Tama\u00f1o de la caja  105 mm x 105 mm x 170 mm<\/td>\n<\/tr>\n<tr>\n<td>Peso bruto  0.50kg.<\/td>\n<\/tr>\n<tr>\n<td>Garantia 1 a\u00f1o<\/td>\n<\/tr>\n<\/table>\n","protected":false},"excerpt":{"rendered":"<p>Descubre el innovador escaner de codigos de barras 2d sc506, este modelo redefine la experiencia de escaneo con su dise\u00f1o compacto, ligero y robusto, especificamente creado para satisfacer las demandas de tiendas al por menor, el sc506 es la herramienta esencial para agilizar tus operaciones diarias. Su asequibilidad te permite acceder a la ultima tecnologia sin sacrificar tu presupuesto. Su dise\u00f1o compacto se adatpa perfectamente a espacios limitados, mientras que su construccion ligera facilita el manejo, garantizando una integracion sin complicaciones en cualquier entorno<\/p>\n","protected":false},"featured_media":242678,"comment_status":"open","ping_status":"open","template":"","meta":[],"product_cat":[1721,1724],"product_tag":[1570],"acf":[],"yoast_head":"<!-- This site is optimized with the Yoast SEO plugin v21.7 - https:\/\/yoast.com\/wordpress\/plugins\/seo\/ -->\n<title>[ 3nstar ] &#129351; Sc506 Lector De Codigo De Barras Manos Libres , Negro\/rojo, Imager,1d, 2d, 60 Cuadros Por Segundo, Omnidireccional.<\/title>\n<meta name=\"description\" content=\"Compra Sc506 Lector De Codigo De Barras Manos Libres , Negro\/rojo, Imager,1d, 2d, 60 Cuadros Por Segundo, Omnidireccional. + Env\u00edo a domicilio + Pago seguro + Garant\u00eda\" \/>\n<meta name=\"robots\" content=\"index, follow, max-snippet:-1, max-image-preview:large, max-video-preview:-1\" \/>\n<link rel=\"canonical\" href=\"https:\/\/compuviper.mx\/tienda\/producto\/3nstar-sc506-lector-de-codigo-de-barras-manos-libres-negro-rojo-imager1d-2d-60-cuadros-por-segundo-omnidireccional\/\" \/>\n<meta property=\"og:locale\" content=\"es_MX\" \/>\n<meta property=\"og:type\" content=\"article\" \/>\n<meta property=\"og:title\" content=\"[ 3nstar ] &#129351; Sc506 Lector De Codigo De Barras Manos Libres , Negro\/rojo, Imager,1d, 2d, 60 Cuadros Por Segundo, Omnidireccional.\" \/>\n<meta property=\"og:description\" content=\"Compra Sc506 Lector De Codigo De Barras Manos Libres , Negro\/rojo, Imager,1d, 2d, 60 Cuadros Por Segundo, Omnidireccional. + Env\u00edo a domicilio + Pago seguro + Garant\u00eda\" \/>\n<meta property=\"og:url\" content=\"https:\/\/compuviper.mx\/tienda\/producto\/3nstar-sc506-lector-de-codigo-de-barras-manos-libres-negro-rojo-imager1d-2d-60-cuadros-por-segundo-omnidireccional\/\" \/>\n<meta property=\"og:site_name\" content=\"Compuviper\" \/>\n<meta property=\"article:publisher\" content=\"https:\/\/www.facebook.com\/compuviper\" \/>\n<meta property=\"og:image\" content=\"https:\/\/compuviper.mx\/tienda\/wp-content\/uploads\/2024\/09\/Lector-de-codigo-de-barras-3nstar-manos-libres-sc506-negrorojo-imager1d-2d-60-cuadros-por-segundo-omnidireccional.jpg\" \/>\n\t<meta property=\"og:image:width\" content=\"200\" \/>\n\t<meta property=\"og:image:height\" content=\"200\" \/>\n\t<meta property=\"og:image:type\" content=\"image\/jpeg\" \/>\n<meta name=\"twitter:card\" content=\"summary_large_image\" \/>\n<meta name=\"twitter:label1\" content=\"Precio\" \/>\n\t<meta name=\"twitter:data1\" content=\"&#36;1,804 con IVA\" \/>\n\t<meta name=\"twitter:label2\" content=\"Availability\" \/>\n\t<meta name=\"twitter:data2\" content=\"In stock\" \/>\n<script type=\"application\/ld+json\" class=\"yoast-schema-graph\">{\"@context\":\"https:\/\/schema.org\",\"@graph\":[{\"@type\":\"WebPage\",\"@id\":\"https:\/\/compuviper.mx\/tienda\/producto\/3nstar-sc506-lector-de-codigo-de-barras-manos-libres-negro-rojo-imager1d-2d-60-cuadros-por-segundo-omnidireccional\/\",\"url\":\"https:\/\/compuviper.mx\/tienda\/producto\/3nstar-sc506-lector-de-codigo-de-barras-manos-libres-negro-rojo-imager1d-2d-60-cuadros-por-segundo-omnidireccional\/\",\"name\":\"[ 3nstar ] &#129351; Sc506 Lector De Codigo De Barras Manos Libres , Negro\/rojo, Imager,1d, 2d, 60 Cuadros Por Segundo, Omnidireccional.\",\"isPartOf\":{\"@id\":\"https:\/\/compuviper.mx\/tienda\/#website\"},\"datePublished\":\"2026-04-21T06:56:18+00:00\",\"dateModified\":\"2026-04-21T06:56:18+00:00\",\"description\":\"Compra Sc506 Lector De Codigo De Barras Manos Libres , Negro\/rojo, Imager,1d, 2d, 60 Cuadros Por Segundo, Omnidireccional. + Env\u00edo a domicilio + Pago seguro + Garant\u00eda\",\"breadcrumb\":{\"@id\":\"https:\/\/compuviper.mx\/tienda\/producto\/3nstar-sc506-lector-de-codigo-de-barras-manos-libres-negro-rojo-imager1d-2d-60-cuadros-por-segundo-omnidireccional\/#breadcrumb\"},\"inLanguage\":\"es-MX\",\"potentialAction\":[{\"@type\":\"ReadAction\",\"target\":[\"https:\/\/compuviper.mx\/tienda\/producto\/3nstar-sc506-lector-de-codigo-de-barras-manos-libres-negro-rojo-imager1d-2d-60-cuadros-por-segundo-omnidireccional\/\"]}]},{\"@type\":\"BreadcrumbList\",\"@id\":\"https:\/\/compuviper.mx\/tienda\/producto\/3nstar-sc506-lector-de-codigo-de-barras-manos-libres-negro-rojo-imager1d-2d-60-cuadros-por-segundo-omnidireccional\/#breadcrumb\",\"itemListElement\":[{\"@type\":\"ListItem\",\"position\":1,\"name\":\"Inicio\",\"item\":\"https:\/\/compuviper.mx\/tienda\/\"},{\"@type\":\"ListItem\",\"position\":2,\"name\":\"Productos\",\"item\":\"https:\/\/compuviper.mx\/tienda\/productos\/\"},{\"@type\":\"ListItem\",\"position\":3,\"name\":\"Lector De Codigos\",\"item\":\"https:\/\/compuviper.mx\/tienda\/categoria-producto\/lector-de-codigos\/\"},{\"@type\":\"ListItem\",\"position\":4,\"name\":\"Sin Categor\u00eda\",\"item\":\"https:\/\/compuviper.mx\/tienda\/categoria-producto\/lector-de-codigos\/sin-categoria-lector-de-codigos\/\"},{\"@type\":\"ListItem\",\"position\":5,\"name\":\"3nstar Sc506 Lector De Codigo De Barras Manos Libres , Negro\/rojo, Imager,1d, 2d, 60 Cuadros Por Segundo, Omnidireccional.\"}]},{\"@type\":\"WebSite\",\"@id\":\"https:\/\/compuviper.mx\/tienda\/#website\",\"url\":\"https:\/\/compuviper.mx\/tienda\/\",\"name\":\"Compuviper\",\"description\":\"Proveedor de Computadoras, Laptops, Servidores, Monitores, Puntos de Venta, Teclados,   Impresoras, T\u00f3ner, C\u00e1maras de Seguridad y m\u00e1s en tu tienda en l\u00ednea\",\"publisher\":{\"@id\":\"https:\/\/compuviper.mx\/tienda\/#organization\"},\"potentialAction\":[{\"@type\":\"SearchAction\",\"target\":{\"@type\":\"EntryPoint\",\"urlTemplate\":\"https:\/\/compuviper.mx\/tienda\/?s={search_term_string}\"},\"query-input\":\"required name=search_term_string\"}],\"inLanguage\":\"es-MX\"},{\"@type\":\"Organization\",\"@id\":\"https:\/\/compuviper.mx\/tienda\/#organization\",\"name\":\"Compuviper\",\"url\":\"https:\/\/compuviper.mx\/tienda\/\",\"logo\":{\"@type\":\"ImageObject\",\"inLanguage\":\"es-MX\",\"@id\":\"https:\/\/compuviper.mx\/tienda\/#\/schema\/logo\/image\/\",\"url\":\"https:\/\/compuviper.mx\/tienda\/wp-content\/uploads\/2021\/08\/Logo-Compuviper-10.png\",\"contentUrl\":\"https:\/\/compuviper.mx\/tienda\/wp-content\/uploads\/2021\/08\/Logo-Compuviper-10.png\",\"width\":1000,\"height\":500,\"caption\":\"Compuviper\"},\"image\":{\"@id\":\"https:\/\/compuviper.mx\/tienda\/#\/schema\/logo\/image\/\"},\"sameAs\":[\"https:\/\/www.facebook.com\/compuviper\",\"https:\/\/www.youtube.com\/channel\/UCf73dERp9Y3cfOq7q8BhLjA?view_as=subscriber\"]}]}<\/script>\n<meta property=\"product:brand\" content=\"3NSTAR\" \/>\n<meta property=\"product:price:amount\" content=\"1804\" \/>\n<meta property=\"product:price:currency\" content=\"MXN\" \/>\n<meta property=\"og:availability\" content=\"instock\" \/>\n<meta property=\"product:availability\" content=\"instock\" \/>\n<meta property=\"product:retailer_item_id\" content=\"SC506\" \/>\n<meta property=\"product:condition\" content=\"new\" \/>\n<!-- \/ Yoast SEO plugin. -->","yoast_head_json":{"title":"[ 3nstar ] &#129351; Sc506 Lector De Codigo De Barras Manos Libres , Negro\/rojo, Imager,1d, 2d, 60 Cuadros Por Segundo, Omnidireccional.","description":"Compra Sc506 Lector De Codigo De Barras Manos Libres , Negro\/rojo, Imager,1d, 2d, 60 Cuadros Por Segundo, Omnidireccional. + Env\u00edo a domicilio + Pago seguro + Garant\u00eda","robots":{"index":"index","follow":"follow","max-snippet":"max-snippet:-1","max-image-preview":"max-image-preview:large","max-video-preview":"max-video-preview:-1"},"canonical":"https:\/\/compuviper.mx\/tienda\/producto\/3nstar-sc506-lector-de-codigo-de-barras-manos-libres-negro-rojo-imager1d-2d-60-cuadros-por-segundo-omnidireccional\/","og_locale":"es_MX","og_type":"article","og_title":"[ 3nstar ] &#129351; Sc506 Lector De Codigo De Barras Manos Libres , Negro\/rojo, Imager,1d, 2d, 60 Cuadros Por Segundo, Omnidireccional.","og_description":"Compra Sc506 Lector De Codigo De Barras Manos Libres , Negro\/rojo, Imager,1d, 2d, 60 Cuadros Por Segundo, Omnidireccional. + Env\u00edo a domicilio + Pago seguro + Garant\u00eda","og_url":"https:\/\/compuviper.mx\/tienda\/producto\/3nstar-sc506-lector-de-codigo-de-barras-manos-libres-negro-rojo-imager1d-2d-60-cuadros-por-segundo-omnidireccional\/","og_site_name":"Compuviper","article_publisher":"https:\/\/www.facebook.com\/compuviper","og_image":[{"width":200,"height":200,"url":"https:\/\/compuviper.mx\/tienda\/wp-content\/uploads\/2024\/09\/Lector-de-codigo-de-barras-3nstar-manos-libres-sc506-negrorojo-imager1d-2d-60-cuadros-por-segundo-omnidireccional.jpg","type":"image\/jpeg"}],"twitter_card":"summary_large_image","twitter_misc":{"Precio":"&#36;1,804 con IVA","Availability":"In stock"},"schema":{"@context":"https:\/\/schema.org","@graph":[{"@type":"WebPage","@id":"https:\/\/compuviper.mx\/tienda\/producto\/3nstar-sc506-lector-de-codigo-de-barras-manos-libres-negro-rojo-imager1d-2d-60-cuadros-por-segundo-omnidireccional\/","url":"https:\/\/compuviper.mx\/tienda\/producto\/3nstar-sc506-lector-de-codigo-de-barras-manos-libres-negro-rojo-imager1d-2d-60-cuadros-por-segundo-omnidireccional\/","name":"[ 3nstar ] &#129351; Sc506 Lector De Codigo De Barras Manos Libres , Negro\/rojo, Imager,1d, 2d, 60 Cuadros Por Segundo, Omnidireccional.","isPartOf":{"@id":"https:\/\/compuviper.mx\/tienda\/#website"},"datePublished":"2026-04-21T06:56:18+00:00","dateModified":"2026-04-21T06:56:18+00:00","description":"Compra Sc506 Lector De Codigo De Barras Manos Libres , Negro\/rojo, Imager,1d, 2d, 60 Cuadros Por Segundo, Omnidireccional. + Env\u00edo a domicilio + Pago seguro + Garant\u00eda","breadcrumb":{"@id":"https:\/\/compuviper.mx\/tienda\/producto\/3nstar-sc506-lector-de-codigo-de-barras-manos-libres-negro-rojo-imager1d-2d-60-cuadros-por-segundo-omnidireccional\/#breadcrumb"},"inLanguage":"es-MX","potentialAction":[{"@type":"ReadAction","target":["https:\/\/compuviper.mx\/tienda\/producto\/3nstar-sc506-lector-de-codigo-de-barras-manos-libres-negro-rojo-imager1d-2d-60-cuadros-por-segundo-omnidireccional\/"]}]},{"@type":"BreadcrumbList","@id":"https:\/\/compuviper.mx\/tienda\/producto\/3nstar-sc506-lector-de-codigo-de-barras-manos-libres-negro-rojo-imager1d-2d-60-cuadros-por-segundo-omnidireccional\/#breadcrumb","itemListElement":[{"@type":"ListItem","position":1,"name":"Inicio","item":"https:\/\/compuviper.mx\/tienda\/"},{"@type":"ListItem","position":2,"name":"Productos","item":"https:\/\/compuviper.mx\/tienda\/productos\/"},{"@type":"ListItem","position":3,"name":"Lector De Codigos","item":"https:\/\/compuviper.mx\/tienda\/categoria-producto\/lector-de-codigos\/"},{"@type":"ListItem","position":4,"name":"Sin Categor\u00eda","item":"https:\/\/compuviper.mx\/tienda\/categoria-producto\/lector-de-codigos\/sin-categoria-lector-de-codigos\/"},{"@type":"ListItem","position":5,"name":"3nstar Sc506 Lector De Codigo De Barras Manos Libres , Negro\/rojo, Imager,1d, 2d, 60 Cuadros Por Segundo, Omnidireccional."}]},{"@type":"WebSite","@id":"https:\/\/compuviper.mx\/tienda\/#website","url":"https:\/\/compuviper.mx\/tienda\/","name":"Compuviper","description":"Proveedor de Computadoras, Laptops, Servidores, Monitores, Puntos de Venta, Teclados,   Impresoras, T\u00f3ner, C\u00e1maras de Seguridad y m\u00e1s en tu tienda en l\u00ednea","publisher":{"@id":"https:\/\/compuviper.mx\/tienda\/#organization"},"potentialAction":[{"@type":"SearchAction","target":{"@type":"EntryPoint","urlTemplate":"https:\/\/compuviper.mx\/tienda\/?s={search_term_string}"},"query-input":"required name=search_term_string"}],"inLanguage":"es-MX"},{"@type":"Organization","@id":"https:\/\/compuviper.mx\/tienda\/#organization","name":"Compuviper","url":"https:\/\/compuviper.mx\/tienda\/","logo":{"@type":"ImageObject","inLanguage":"es-MX","@id":"https:\/\/compuviper.mx\/tienda\/#\/schema\/logo\/image\/","url":"https:\/\/compuviper.mx\/tienda\/wp-content\/uploads\/2021\/08\/Logo-Compuviper-10.png","contentUrl":"https:\/\/compuviper.mx\/tienda\/wp-content\/uploads\/2021\/08\/Logo-Compuviper-10.png","width":1000,"height":500,"caption":"Compuviper"},"image":{"@id":"https:\/\/compuviper.mx\/tienda\/#\/schema\/logo\/image\/"},"sameAs":["https:\/\/www.facebook.com\/compuviper","https:\/\/www.youtube.com\/channel\/UCf73dERp9Y3cfOq7q8BhLjA?view_as=subscriber"]}]},"product_brand":"3NSTAR","product_price_amount":"1804","product_price_currency":"MXN","og_availability":"instock","product_availability":"instock","product_retailer_item_id":"SC506","product_condition":"new"},"_links":{"self":[{"href":"https:\/\/compuviper.mx\/tienda\/wp-json\/wp\/v2\/product\/239086"}],"collection":[{"href":"https:\/\/compuviper.mx\/tienda\/wp-json\/wp\/v2\/product"}],"about":[{"href":"https:\/\/compuviper.mx\/tienda\/wp-json\/wp\/v2\/types\/product"}],"replies":[{"embeddable":true,"href":"https:\/\/compuviper.mx\/tienda\/wp-json\/wp\/v2\/comments?post=239086"}],"wp:featuredmedia":[{"embeddable":true,"href":"https:\/\/compuviper.mx\/tienda\/wp-json\/wp\/v2\/media\/242678"}],"wp:attachment":[{"href":"https:\/\/compuviper.mx\/tienda\/wp-json\/wp\/v2\/media?parent=239086"}],"wp:term":[{"taxonomy":"product_cat","embeddable":true,"href":"https:\/\/compuviper.mx\/tienda\/wp-json\/wp\/v2\/product_cat?post=239086"},{"taxonomy":"product_tag","embeddable":true,"href":"https:\/\/compuviper.mx\/tienda\/wp-json\/wp\/v2\/product_tag?post=239086"}],"curies":[{"name":"wp","href":"https:\/\/api.w.org\/{rel}","templated":true}]}}