{"id":239075,"date":"2026-04-01T23:13:26","date_gmt":"2026-04-02T05:13:26","guid":{"rendered":"https:\/\/compuviper.mx\/tienda\/producto\/startech-com-cablmanager2-panel-de-administracin-de-cableado-de-1u-para-gabinete-rack-de-19-pulgadas\/"},"modified":"2026-04-01T23:13:26","modified_gmt":"2026-04-02T05:13:26","slug":"startech-com-cablmanager2-panel-de-administracin-de-cableado-de-1u-para-gabinete-rack-de-19-pulgadas","status":"publish","type":"product","link":"https:\/\/compuviper.mx\/tienda\/producto\/startech-com-cablmanager2-panel-de-administracin-de-cableado-de-1u-para-gabinete-rack-de-19-pulgadas\/","title":{"rendered":"Startech.com Cablmanager2 Panel De Administracin De Cableado De 1u Para Gabinete Rack De 19 Pulgadas"},"content":{"rendered":"<table class=\"descripcion\">\n<tr>\n<td>El panel 1u de gestin de cables, modelo cablmanager2, se puede montar en un rack de servidores estndar de 19 pulgadas de 2 o 4 postes, a fin de organizar los cables de una red, un servidor, o de un conmutador kvm, mediante ganchos con anillas en d. este producto cumple con los requisitos del acuerdo taa trade agreements act, ley de acuerdos comerciales federal de ee.uu., lo cual permite compras gubernamentales del programa gsa.<\/td>\n<\/tr>\n<tr>\n<td>Fabricado en acero de alta calidad, este panel organizador de cables incluye 5 ganchos de anillas en d de plastico abs, situadas a 105 mm de distancia entre si, para disponer los cables a traves de un rack de servidor y reducir asi la tensin de los cables. como ventaja adicional, los ganchos en uno u otro extremo del panel se pueden girar a 90 grados, a fin de organizar horizontal o verticalmente los cables del rack como sea necesario.<\/td>\n<\/tr>\n<tr>\n<td>Si se coloca un gestor de cables entre equipos tambien funciona para cerrar los espacios abiertos del rack, lo cual contribuye a la circulacion adecuada del aire.<\/td>\n<\/tr>\n<\/table>\n","protected":false},"excerpt":{"rendered":"<p>Organice y administre el cableado de redes, servidores y kvms con este panel vertical de administracin de cables<\/p>\n","protected":false},"featured_media":241986,"comment_status":"open","ping_status":"open","template":"","meta":[],"product_cat":[1485,2131],"product_tag":[1590],"acf":[],"yoast_head":"<!-- This site is optimized with the Yoast SEO plugin v21.7 - https:\/\/yoast.com\/wordpress\/plugins\/seo\/ -->\n<title>[ Startech.com ] &#129351; Cablmanager2 Panel De Administracin De Cableado De 1u Para Gabinete Rack De 19 Pulgadas<\/title>\n<meta name=\"description\" content=\"Compra Cablmanager2 Panel De Administracin De Cableado De 1u Para Gabinete Rack De 19 Pulgadas + Env\u00edo a domicilio + Pago seguro + Garant\u00eda\" \/>\n<meta name=\"robots\" content=\"index, follow, max-snippet:-1, max-image-preview:large, max-video-preview:-1\" \/>\n<link rel=\"canonical\" href=\"https:\/\/compuviper.mx\/tienda\/producto\/startech-com-cablmanager2-panel-de-administracin-de-cableado-de-1u-para-gabinete-rack-de-19-pulgadas\/\" \/>\n<meta property=\"og:locale\" content=\"es_MX\" \/>\n<meta property=\"og:type\" content=\"article\" \/>\n<meta property=\"og:title\" content=\"[ Startech.com ] &#129351; Cablmanager2 Panel De Administracin De Cableado De 1u Para Gabinete Rack De 19 Pulgadas\" \/>\n<meta property=\"og:description\" content=\"Compra Cablmanager2 Panel De Administracin De Cableado De 1u Para Gabinete Rack De 19 Pulgadas + Env\u00edo a domicilio + Pago seguro + Garant\u00eda\" \/>\n<meta property=\"og:url\" content=\"https:\/\/compuviper.mx\/tienda\/producto\/startech-com-cablmanager2-panel-de-administracin-de-cableado-de-1u-para-gabinete-rack-de-19-pulgadas\/\" \/>\n<meta property=\"og:site_name\" content=\"Compuviper\" \/>\n<meta property=\"article:publisher\" content=\"https:\/\/www.facebook.com\/compuviper\" \/>\n<meta property=\"og:image\" content=\"https:\/\/compuviper.mx\/tienda\/wp-content\/uploads\/2024\/09\/Panel-de-administracion-de-cableado-de-1u-para-gabinete-rack-de-19-pulgadas.jpg\" \/>\n\t<meta property=\"og:image:width\" content=\"200\" \/>\n\t<meta property=\"og:image:height\" content=\"200\" \/>\n\t<meta property=\"og:image:type\" content=\"image\/jpeg\" \/>\n<meta name=\"twitter:card\" content=\"summary_large_image\" \/>\n<meta name=\"twitter:label1\" content=\"Precio\" \/>\n\t<meta name=\"twitter:data1\" content=\"&#36;654 con IVA\" \/>\n\t<meta name=\"twitter:label2\" content=\"Availability\" \/>\n\t<meta name=\"twitter:data2\" content=\"On backorder\" \/>\n<script type=\"application\/ld+json\" class=\"yoast-schema-graph\">{\"@context\":\"https:\/\/schema.org\",\"@graph\":[{\"@type\":\"WebPage\",\"@id\":\"https:\/\/compuviper.mx\/tienda\/producto\/startech-com-cablmanager2-panel-de-administracin-de-cableado-de-1u-para-gabinete-rack-de-19-pulgadas\/\",\"url\":\"https:\/\/compuviper.mx\/tienda\/producto\/startech-com-cablmanager2-panel-de-administracin-de-cableado-de-1u-para-gabinete-rack-de-19-pulgadas\/\",\"name\":\"[ Startech.com ] &#129351; Cablmanager2 Panel De Administracin De Cableado De 1u Para Gabinete Rack De 19 Pulgadas\",\"isPartOf\":{\"@id\":\"https:\/\/compuviper.mx\/tienda\/#website\"},\"datePublished\":\"2026-04-02T05:13:26+00:00\",\"dateModified\":\"2026-04-02T05:13:26+00:00\",\"description\":\"Compra Cablmanager2 Panel De Administracin De Cableado De 1u Para Gabinete Rack De 19 Pulgadas + Env\u00edo a domicilio + Pago seguro + Garant\u00eda\",\"breadcrumb\":{\"@id\":\"https:\/\/compuviper.mx\/tienda\/producto\/startech-com-cablmanager2-panel-de-administracin-de-cableado-de-1u-para-gabinete-rack-de-19-pulgadas\/#breadcrumb\"},\"inLanguage\":\"es-MX\",\"potentialAction\":[{\"@type\":\"ReadAction\",\"target\":[\"https:\/\/compuviper.mx\/tienda\/producto\/startech-com-cablmanager2-panel-de-administracin-de-cableado-de-1u-para-gabinete-rack-de-19-pulgadas\/\"]}]},{\"@type\":\"BreadcrumbList\",\"@id\":\"https:\/\/compuviper.mx\/tienda\/producto\/startech-com-cablmanager2-panel-de-administracin-de-cableado-de-1u-para-gabinete-rack-de-19-pulgadas\/#breadcrumb\",\"itemListElement\":[{\"@type\":\"ListItem\",\"position\":1,\"name\":\"Inicio\",\"item\":\"https:\/\/compuviper.mx\/tienda\/\"},{\"@type\":\"ListItem\",\"position\":2,\"name\":\"Productos\",\"item\":\"https:\/\/compuviper.mx\/tienda\/productos\/\"},{\"@type\":\"ListItem\",\"position\":3,\"name\":\"Accesorios\",\"item\":\"https:\/\/compuviper.mx\/tienda\/categoria-producto\/accesorios\/\"},{\"@type\":\"ListItem\",\"position\":4,\"name\":\"Organizador De Cables\",\"item\":\"https:\/\/compuviper.mx\/tienda\/categoria-producto\/accesorios\/organizador-de-cables\/\"},{\"@type\":\"ListItem\",\"position\":5,\"name\":\"Startech.com Cablmanager2 Panel De Administracin De Cableado De 1u Para Gabinete Rack De 19 Pulgadas\"}]},{\"@type\":\"WebSite\",\"@id\":\"https:\/\/compuviper.mx\/tienda\/#website\",\"url\":\"https:\/\/compuviper.mx\/tienda\/\",\"name\":\"Compuviper\",\"description\":\"Proveedor de Computadoras, Laptops, Servidores, Monitores, Puntos de Venta, Teclados,   Impresoras, T\u00f3ner, C\u00e1maras de Seguridad y m\u00e1s en tu tienda en l\u00ednea\",\"publisher\":{\"@id\":\"https:\/\/compuviper.mx\/tienda\/#organization\"},\"potentialAction\":[{\"@type\":\"SearchAction\",\"target\":{\"@type\":\"EntryPoint\",\"urlTemplate\":\"https:\/\/compuviper.mx\/tienda\/?s={search_term_string}\"},\"query-input\":\"required name=search_term_string\"}],\"inLanguage\":\"es-MX\"},{\"@type\":\"Organization\",\"@id\":\"https:\/\/compuviper.mx\/tienda\/#organization\",\"name\":\"Compuviper\",\"url\":\"https:\/\/compuviper.mx\/tienda\/\",\"logo\":{\"@type\":\"ImageObject\",\"inLanguage\":\"es-MX\",\"@id\":\"https:\/\/compuviper.mx\/tienda\/#\/schema\/logo\/image\/\",\"url\":\"https:\/\/compuviper.mx\/tienda\/wp-content\/uploads\/2021\/08\/Logo-Compuviper-10.png\",\"contentUrl\":\"https:\/\/compuviper.mx\/tienda\/wp-content\/uploads\/2021\/08\/Logo-Compuviper-10.png\",\"width\":1000,\"height\":500,\"caption\":\"Compuviper\"},\"image\":{\"@id\":\"https:\/\/compuviper.mx\/tienda\/#\/schema\/logo\/image\/\"},\"sameAs\":[\"https:\/\/www.facebook.com\/compuviper\",\"https:\/\/www.youtube.com\/channel\/UCf73dERp9Y3cfOq7q8BhLjA?view_as=subscriber\"]}]}<\/script>\n<meta property=\"product:brand\" content=\"STARTECH.COM\" \/>\n<meta property=\"product:price:amount\" content=\"654\" \/>\n<meta property=\"product:price:currency\" content=\"MXN\" \/>\n<meta property=\"og:availability\" content=\"backorder\" \/>\n<meta property=\"product:availability\" content=\"available for order\" \/>\n<meta property=\"product:retailer_item_id\" content=\"CABLMANAGER2\" \/>\n<meta property=\"product:condition\" content=\"new\" \/>\n<!-- \/ Yoast SEO plugin. -->","yoast_head_json":{"title":"[ Startech.com ] &#129351; Cablmanager2 Panel De Administracin De Cableado De 1u Para Gabinete Rack De 19 Pulgadas","description":"Compra Cablmanager2 Panel De Administracin De Cableado De 1u Para Gabinete Rack De 19 Pulgadas + Env\u00edo a domicilio + Pago seguro + Garant\u00eda","robots":{"index":"index","follow":"follow","max-snippet":"max-snippet:-1","max-image-preview":"max-image-preview:large","max-video-preview":"max-video-preview:-1"},"canonical":"https:\/\/compuviper.mx\/tienda\/producto\/startech-com-cablmanager2-panel-de-administracin-de-cableado-de-1u-para-gabinete-rack-de-19-pulgadas\/","og_locale":"es_MX","og_type":"article","og_title":"[ Startech.com ] &#129351; Cablmanager2 Panel De Administracin De Cableado De 1u Para Gabinete Rack De 19 Pulgadas","og_description":"Compra Cablmanager2 Panel De Administracin De Cableado De 1u Para Gabinete Rack De 19 Pulgadas + Env\u00edo a domicilio + Pago seguro + Garant\u00eda","og_url":"https:\/\/compuviper.mx\/tienda\/producto\/startech-com-cablmanager2-panel-de-administracin-de-cableado-de-1u-para-gabinete-rack-de-19-pulgadas\/","og_site_name":"Compuviper","article_publisher":"https:\/\/www.facebook.com\/compuviper","og_image":[{"width":200,"height":200,"url":"https:\/\/compuviper.mx\/tienda\/wp-content\/uploads\/2024\/09\/Panel-de-administracion-de-cableado-de-1u-para-gabinete-rack-de-19-pulgadas.jpg","type":"image\/jpeg"}],"twitter_card":"summary_large_image","twitter_misc":{"Precio":"&#36;654 con IVA","Availability":"On backorder"},"schema":{"@context":"https:\/\/schema.org","@graph":[{"@type":"WebPage","@id":"https:\/\/compuviper.mx\/tienda\/producto\/startech-com-cablmanager2-panel-de-administracin-de-cableado-de-1u-para-gabinete-rack-de-19-pulgadas\/","url":"https:\/\/compuviper.mx\/tienda\/producto\/startech-com-cablmanager2-panel-de-administracin-de-cableado-de-1u-para-gabinete-rack-de-19-pulgadas\/","name":"[ Startech.com ] &#129351; Cablmanager2 Panel De Administracin De Cableado De 1u Para Gabinete Rack De 19 Pulgadas","isPartOf":{"@id":"https:\/\/compuviper.mx\/tienda\/#website"},"datePublished":"2026-04-02T05:13:26+00:00","dateModified":"2026-04-02T05:13:26+00:00","description":"Compra Cablmanager2 Panel De Administracin De Cableado De 1u Para Gabinete Rack De 19 Pulgadas + Env\u00edo a domicilio + Pago seguro + Garant\u00eda","breadcrumb":{"@id":"https:\/\/compuviper.mx\/tienda\/producto\/startech-com-cablmanager2-panel-de-administracin-de-cableado-de-1u-para-gabinete-rack-de-19-pulgadas\/#breadcrumb"},"inLanguage":"es-MX","potentialAction":[{"@type":"ReadAction","target":["https:\/\/compuviper.mx\/tienda\/producto\/startech-com-cablmanager2-panel-de-administracin-de-cableado-de-1u-para-gabinete-rack-de-19-pulgadas\/"]}]},{"@type":"BreadcrumbList","@id":"https:\/\/compuviper.mx\/tienda\/producto\/startech-com-cablmanager2-panel-de-administracin-de-cableado-de-1u-para-gabinete-rack-de-19-pulgadas\/#breadcrumb","itemListElement":[{"@type":"ListItem","position":1,"name":"Inicio","item":"https:\/\/compuviper.mx\/tienda\/"},{"@type":"ListItem","position":2,"name":"Productos","item":"https:\/\/compuviper.mx\/tienda\/productos\/"},{"@type":"ListItem","position":3,"name":"Accesorios","item":"https:\/\/compuviper.mx\/tienda\/categoria-producto\/accesorios\/"},{"@type":"ListItem","position":4,"name":"Organizador De Cables","item":"https:\/\/compuviper.mx\/tienda\/categoria-producto\/accesorios\/organizador-de-cables\/"},{"@type":"ListItem","position":5,"name":"Startech.com Cablmanager2 Panel De Administracin De Cableado De 1u Para Gabinete Rack De 19 Pulgadas"}]},{"@type":"WebSite","@id":"https:\/\/compuviper.mx\/tienda\/#website","url":"https:\/\/compuviper.mx\/tienda\/","name":"Compuviper","description":"Proveedor de Computadoras, Laptops, Servidores, Monitores, Puntos de Venta, Teclados,   Impresoras, T\u00f3ner, C\u00e1maras de Seguridad y m\u00e1s en tu tienda en l\u00ednea","publisher":{"@id":"https:\/\/compuviper.mx\/tienda\/#organization"},"potentialAction":[{"@type":"SearchAction","target":{"@type":"EntryPoint","urlTemplate":"https:\/\/compuviper.mx\/tienda\/?s={search_term_string}"},"query-input":"required name=search_term_string"}],"inLanguage":"es-MX"},{"@type":"Organization","@id":"https:\/\/compuviper.mx\/tienda\/#organization","name":"Compuviper","url":"https:\/\/compuviper.mx\/tienda\/","logo":{"@type":"ImageObject","inLanguage":"es-MX","@id":"https:\/\/compuviper.mx\/tienda\/#\/schema\/logo\/image\/","url":"https:\/\/compuviper.mx\/tienda\/wp-content\/uploads\/2021\/08\/Logo-Compuviper-10.png","contentUrl":"https:\/\/compuviper.mx\/tienda\/wp-content\/uploads\/2021\/08\/Logo-Compuviper-10.png","width":1000,"height":500,"caption":"Compuviper"},"image":{"@id":"https:\/\/compuviper.mx\/tienda\/#\/schema\/logo\/image\/"},"sameAs":["https:\/\/www.facebook.com\/compuviper","https:\/\/www.youtube.com\/channel\/UCf73dERp9Y3cfOq7q8BhLjA?view_as=subscriber"]}]},"product_brand":"STARTECH.COM","product_price_amount":"654","product_price_currency":"MXN","og_availability":"backorder","product_availability":"available for order","product_retailer_item_id":"CABLMANAGER2","product_condition":"new"},"_links":{"self":[{"href":"https:\/\/compuviper.mx\/tienda\/wp-json\/wp\/v2\/product\/239075"}],"collection":[{"href":"https:\/\/compuviper.mx\/tienda\/wp-json\/wp\/v2\/product"}],"about":[{"href":"https:\/\/compuviper.mx\/tienda\/wp-json\/wp\/v2\/types\/product"}],"replies":[{"embeddable":true,"href":"https:\/\/compuviper.mx\/tienda\/wp-json\/wp\/v2\/comments?post=239075"}],"wp:featuredmedia":[{"embeddable":true,"href":"https:\/\/compuviper.mx\/tienda\/wp-json\/wp\/v2\/media\/241986"}],"wp:attachment":[{"href":"https:\/\/compuviper.mx\/tienda\/wp-json\/wp\/v2\/media?parent=239075"}],"wp:term":[{"taxonomy":"product_cat","embeddable":true,"href":"https:\/\/compuviper.mx\/tienda\/wp-json\/wp\/v2\/product_cat?post=239075"},{"taxonomy":"product_tag","embeddable":true,"href":"https:\/\/compuviper.mx\/tienda\/wp-json\/wp\/v2\/product_tag?post=239075"}],"curies":[{"name":"wp","href":"https:\/\/api.w.org\/{rel}","templated":true}]}}