{"id":239072,"date":"2026-04-01T23:13:24","date_gmt":"2026-04-02T05:13:24","guid":{"rendered":"https:\/\/compuviper.mx\/tienda\/producto\/tp-link-archer-tx20uh-adaptador-usb-tp-link-ax1800-wifi-6-usb-3-0-ofdma-y-mu-mimo-wpa3\/"},"modified":"2026-04-01T23:13:24","modified_gmt":"2026-04-02T05:13:24","slug":"tp-link-archer-tx20uh-adaptador-usb-tp-link-ax1800-wifi-6-usb-3-0-ofdma-y-mu-mimo-wpa3","status":"publish","type":"product","link":"https:\/\/compuviper.mx\/tienda\/producto\/tp-link-archer-tx20uh-adaptador-usb-tp-link-ax1800-wifi-6-usb-3-0-ofdma-y-mu-mimo-wpa3\/","title":{"rendered":"Tp Link Archer Tx20uh Adaptador Usb | Tp-link |  | Ax1800 | Wifi 6 | Usb 3.0. | Ofdma Y Mu-mimo | Wpa3"},"content":{"rendered":"<table class=\"descripcion\">\n<tr>\n<td>Archer tx20uh<\/td>\n<\/tr>\n<tr>\n<td>Adaptador usb inal\u00e1mbrico de alta ganancia ax1800<\/td>\n<\/tr>\n<tr>\n<td>Wifi 6 r\u00e1pido &#8211; supera la barrera del gigabit con velocidades de hasta 1201 mbps (5 ghz) + 574 mbps (2.4 ghz).<\/td>\n<\/tr>\n<tr>\n<td>Conexi\u00f3n inal\u00e1mbrica de doble banda &#8211; bandas de 2.4 ghz y 5 ghz para una conectividad flexible.<\/td>\n<\/tr>\n<tr>\n<td>Cobertura m\u00e1s amplia &#8211; con\u00e9ctate a tu wifi desde cualquier lugar de tu hogar con antenas de alto rendimiento y beamforming.<\/td>\n<\/tr>\n<tr>\n<td>Juego con menor latencia &#8211; ofdma y mu-mimo garantizan la conexi\u00f3n wifi m\u00e1s eficiente para tu pc.<\/td>\n<\/tr>\n<tr>\n<td>Seguridad mejorada &#8211; wpa3 proporciona las \u00faltimas mejoras de seguridad para la protecci\u00f3n de contrase\u00f1as personales.<\/td>\n<\/tr>\n<tr>\n<td>Usb 3.0 de s\u00faper velocidad &#8211; velocidades de transferencia de hasta 10 veces m\u00e1s r\u00e1pidas que usb 2.0.<\/td>\n<\/tr>\n<\/table>\n","protected":false},"excerpt":{"rendered":"<p>Caracter\u00edsticas de hardware. Led. Para visualizar el estado. Dimensiones. 30,5 \u00d7 14,8 \u00d7 111,7 mm (1,2 \u00d7 0,58 \u00d7 4,4 pulg.. Antena. 2\u00d7 antenas de doble banda de alta ganancia. Caracter\u00edsticas inal\u00e1mbricas. Est\u00e1ndares inal\u00e1mbricos. Ieee 802.11a\/b\/g\/n\/ac\/ax. Tasa de se\u00f1al. 5 ghz. 11ax: hasta 1201 mbps(din\u00e1micos. 11ac: hasta 867 mbps(din\u00e1mico. 11n: hasta 300 mbps(din\u00e1mico. 11a: hasta 54 mbps(din\u00e1micos. 2,4 ghz. 11ax: hasta 574 mbps(din\u00e1micos. 11n: hasta 400 mbps(din\u00e1mico. 11g: hasta 54 mbps(din\u00e1mico. 11b: hasta 11 mbps(din\u00e1mico. Potencia de transmision. 5 ghz : 19dbm(fcc) \/16dbm(ce) (eirp. 2.4 ghz : 19dbm(fcc) \/ 14.5dbm(ce) (eirp. Modos inal\u00e1mbricos. Modo infraestructura. Seguridad inal\u00e1mbrica. Wep, wpa\/wpa2\/wpa3, wpa-psk\/wpa2-psk. Otros. Certificacion. Fcc, ce, rohs. Contenidos del paquete. Ax1800 adaptador usb inal\u00e1mbrico de alta ganancia archer tx20uh. Gu\u00eda de instalaci\u00f3n r\u00e1pida. Base usb 3.0. Requisitos del sistema. Los sistemas operativos compatibles son windows 10, 11. Ambiente. Temperatura de funcionamiento: 0 and #8451;~40 and #8451; (32 and #8457; ~104 and #8457;. Humedad de funcionamiento: 10%~90% sin condensaci\u00f3n. Humedad de almacenamiento: 5%~90% sin condensaci\u00f3n.<\/p>\n","protected":false},"featured_media":241982,"comment_status":"open","ping_status":"open","template":"","meta":[],"product_cat":[1485,1492],"product_tag":[1562],"acf":[],"yoast_head":"<!-- This site is optimized with the Yoast SEO plugin v21.7 - https:\/\/yoast.com\/wordpress\/plugins\/seo\/ -->\n<title>[ Tp Link ] &#129351; Archer Tx20uh Adaptador Usb | Tp-link | | Ax1800 | Wifi 6 | Usb 3.0. | Ofdma Y Mu-mimo | Wpa3<\/title>\n<meta name=\"description\" content=\"Compra Archer Tx20uh Adaptador Usb | Tp-link | | Ax1800 | Wifi 6 | Usb 3.0. | Ofdma Y Mu-mimo | Wpa3 + Env\u00edo a domicilio + Pago seguro + Garant\u00eda\" \/>\n<meta name=\"robots\" content=\"index, follow, max-snippet:-1, max-image-preview:large, max-video-preview:-1\" \/>\n<link rel=\"canonical\" href=\"https:\/\/compuviper.mx\/tienda\/producto\/tp-link-archer-tx20uh-adaptador-usb-tp-link-ax1800-wifi-6-usb-3-0-ofdma-y-mu-mimo-wpa3\/\" \/>\n<meta property=\"og:locale\" content=\"es_MX\" \/>\n<meta property=\"og:type\" content=\"article\" \/>\n<meta property=\"og:title\" content=\"[ Tp Link ] &#129351; Archer Tx20uh Adaptador Usb | Tp-link | | Ax1800 | Wifi 6 | Usb 3.0. | Ofdma Y Mu-mimo | Wpa3\" \/>\n<meta property=\"og:description\" content=\"Compra Archer Tx20uh Adaptador Usb | Tp-link | | Ax1800 | Wifi 6 | Usb 3.0. | Ofdma Y Mu-mimo | Wpa3 + Env\u00edo a domicilio + Pago seguro + Garant\u00eda\" \/>\n<meta property=\"og:url\" content=\"https:\/\/compuviper.mx\/tienda\/producto\/tp-link-archer-tx20uh-adaptador-usb-tp-link-ax1800-wifi-6-usb-3-0-ofdma-y-mu-mimo-wpa3\/\" \/>\n<meta property=\"og:site_name\" content=\"Compuviper\" \/>\n<meta property=\"article:publisher\" content=\"https:\/\/www.facebook.com\/compuviper\" \/>\n<meta property=\"og:image\" content=\"https:\/\/compuviper.mx\/tienda\/wp-content\/uploads\/2024\/09\/Adaptador-usb-tp-link-archer-tx20uh-ax1800-wifi-6-usb-3.0.-ofdma-y-mu-mimo-wpa3.jpg\" \/>\n\t<meta property=\"og:image:width\" content=\"200\" \/>\n\t<meta property=\"og:image:height\" content=\"200\" \/>\n\t<meta property=\"og:image:type\" content=\"image\/jpeg\" \/>\n<meta name=\"twitter:card\" content=\"summary_large_image\" \/>\n<meta name=\"twitter:label1\" content=\"Precio\" \/>\n\t<meta name=\"twitter:data1\" content=\"&#36;522 con IVA\" \/>\n\t<meta name=\"twitter:label2\" content=\"Availability\" \/>\n\t<meta name=\"twitter:data2\" content=\"Out of stock\" \/>\n<script type=\"application\/ld+json\" class=\"yoast-schema-graph\">{\"@context\":\"https:\/\/schema.org\",\"@graph\":[{\"@type\":\"WebPage\",\"@id\":\"https:\/\/compuviper.mx\/tienda\/producto\/tp-link-archer-tx20uh-adaptador-usb-tp-link-ax1800-wifi-6-usb-3-0-ofdma-y-mu-mimo-wpa3\/\",\"url\":\"https:\/\/compuviper.mx\/tienda\/producto\/tp-link-archer-tx20uh-adaptador-usb-tp-link-ax1800-wifi-6-usb-3-0-ofdma-y-mu-mimo-wpa3\/\",\"name\":\"[ Tp Link ] &#129351; Archer Tx20uh Adaptador Usb | Tp-link | | Ax1800 | Wifi 6 | Usb 3.0. | Ofdma Y Mu-mimo | Wpa3\",\"isPartOf\":{\"@id\":\"https:\/\/compuviper.mx\/tienda\/#website\"},\"datePublished\":\"2026-04-02T05:13:24+00:00\",\"dateModified\":\"2026-04-02T05:13:24+00:00\",\"description\":\"Compra Archer Tx20uh Adaptador Usb | Tp-link | | Ax1800 | Wifi 6 | Usb 3.0. | Ofdma Y Mu-mimo | Wpa3 + Env\u00edo a domicilio + Pago seguro + Garant\u00eda\",\"breadcrumb\":{\"@id\":\"https:\/\/compuviper.mx\/tienda\/producto\/tp-link-archer-tx20uh-adaptador-usb-tp-link-ax1800-wifi-6-usb-3-0-ofdma-y-mu-mimo-wpa3\/#breadcrumb\"},\"inLanguage\":\"es-MX\",\"potentialAction\":[{\"@type\":\"ReadAction\",\"target\":[\"https:\/\/compuviper.mx\/tienda\/producto\/tp-link-archer-tx20uh-adaptador-usb-tp-link-ax1800-wifi-6-usb-3-0-ofdma-y-mu-mimo-wpa3\/\"]}]},{\"@type\":\"BreadcrumbList\",\"@id\":\"https:\/\/compuviper.mx\/tienda\/producto\/tp-link-archer-tx20uh-adaptador-usb-tp-link-ax1800-wifi-6-usb-3-0-ofdma-y-mu-mimo-wpa3\/#breadcrumb\",\"itemListElement\":[{\"@type\":\"ListItem\",\"position\":1,\"name\":\"Inicio\",\"item\":\"https:\/\/compuviper.mx\/tienda\/\"},{\"@type\":\"ListItem\",\"position\":2,\"name\":\"Productos\",\"item\":\"https:\/\/compuviper.mx\/tienda\/productos\/\"},{\"@type\":\"ListItem\",\"position\":3,\"name\":\"Accesorios\",\"item\":\"https:\/\/compuviper.mx\/tienda\/categoria-producto\/accesorios\/\"},{\"@type\":\"ListItem\",\"position\":4,\"name\":\"Adaptadores\",\"item\":\"https:\/\/compuviper.mx\/tienda\/categoria-producto\/accesorios\/adaptadores\/\"},{\"@type\":\"ListItem\",\"position\":5,\"name\":\"Tp Link Archer Tx20uh Adaptador Usb | Tp-link | | Ax1800 | Wifi 6 | Usb 3.0. | Ofdma Y Mu-mimo | Wpa3\"}]},{\"@type\":\"WebSite\",\"@id\":\"https:\/\/compuviper.mx\/tienda\/#website\",\"url\":\"https:\/\/compuviper.mx\/tienda\/\",\"name\":\"Compuviper\",\"description\":\"Proveedor de Computadoras, Laptops, Servidores, Monitores, Puntos de Venta, Teclados,   Impresoras, T\u00f3ner, C\u00e1maras de Seguridad y m\u00e1s en tu tienda en l\u00ednea\",\"publisher\":{\"@id\":\"https:\/\/compuviper.mx\/tienda\/#organization\"},\"potentialAction\":[{\"@type\":\"SearchAction\",\"target\":{\"@type\":\"EntryPoint\",\"urlTemplate\":\"https:\/\/compuviper.mx\/tienda\/?s={search_term_string}\"},\"query-input\":\"required name=search_term_string\"}],\"inLanguage\":\"es-MX\"},{\"@type\":\"Organization\",\"@id\":\"https:\/\/compuviper.mx\/tienda\/#organization\",\"name\":\"Compuviper\",\"url\":\"https:\/\/compuviper.mx\/tienda\/\",\"logo\":{\"@type\":\"ImageObject\",\"inLanguage\":\"es-MX\",\"@id\":\"https:\/\/compuviper.mx\/tienda\/#\/schema\/logo\/image\/\",\"url\":\"https:\/\/compuviper.mx\/tienda\/wp-content\/uploads\/2021\/08\/Logo-Compuviper-10.png\",\"contentUrl\":\"https:\/\/compuviper.mx\/tienda\/wp-content\/uploads\/2021\/08\/Logo-Compuviper-10.png\",\"width\":1000,\"height\":500,\"caption\":\"Compuviper\"},\"image\":{\"@id\":\"https:\/\/compuviper.mx\/tienda\/#\/schema\/logo\/image\/\"},\"sameAs\":[\"https:\/\/www.facebook.com\/compuviper\",\"https:\/\/www.youtube.com\/channel\/UCf73dERp9Y3cfOq7q8BhLjA?view_as=subscriber\"]}]}<\/script>\n<meta property=\"product:brand\" content=\"TP LINK\" \/>\n<meta property=\"product:price:amount\" content=\"522\" \/>\n<meta property=\"product:price:currency\" content=\"MXN\" \/>\n<meta property=\"og:availability\" content=\"out of stock\" \/>\n<meta property=\"product:availability\" content=\"out of stock\" \/>\n<meta property=\"product:retailer_item_id\" content=\"ARCHER TX20UH\" \/>\n<meta property=\"product:condition\" content=\"new\" \/>\n<!-- \/ Yoast SEO plugin. -->","yoast_head_json":{"title":"[ Tp Link ] &#129351; Archer Tx20uh Adaptador Usb | Tp-link | | Ax1800 | Wifi 6 | Usb 3.0. | Ofdma Y Mu-mimo | Wpa3","description":"Compra Archer Tx20uh Adaptador Usb | Tp-link | | Ax1800 | Wifi 6 | Usb 3.0. | Ofdma Y Mu-mimo | Wpa3 + Env\u00edo a domicilio + Pago seguro + Garant\u00eda","robots":{"index":"index","follow":"follow","max-snippet":"max-snippet:-1","max-image-preview":"max-image-preview:large","max-video-preview":"max-video-preview:-1"},"canonical":"https:\/\/compuviper.mx\/tienda\/producto\/tp-link-archer-tx20uh-adaptador-usb-tp-link-ax1800-wifi-6-usb-3-0-ofdma-y-mu-mimo-wpa3\/","og_locale":"es_MX","og_type":"article","og_title":"[ Tp Link ] &#129351; Archer Tx20uh Adaptador Usb | Tp-link | | Ax1800 | Wifi 6 | Usb 3.0. | Ofdma Y Mu-mimo | Wpa3","og_description":"Compra Archer Tx20uh Adaptador Usb | Tp-link | | Ax1800 | Wifi 6 | Usb 3.0. | Ofdma Y Mu-mimo | Wpa3 + Env\u00edo a domicilio + Pago seguro + Garant\u00eda","og_url":"https:\/\/compuviper.mx\/tienda\/producto\/tp-link-archer-tx20uh-adaptador-usb-tp-link-ax1800-wifi-6-usb-3-0-ofdma-y-mu-mimo-wpa3\/","og_site_name":"Compuviper","article_publisher":"https:\/\/www.facebook.com\/compuviper","og_image":[{"width":200,"height":200,"url":"https:\/\/compuviper.mx\/tienda\/wp-content\/uploads\/2024\/09\/Adaptador-usb-tp-link-archer-tx20uh-ax1800-wifi-6-usb-3.0.-ofdma-y-mu-mimo-wpa3.jpg","type":"image\/jpeg"}],"twitter_card":"summary_large_image","twitter_misc":{"Precio":"&#36;522 con IVA","Availability":"Out of stock"},"schema":{"@context":"https:\/\/schema.org","@graph":[{"@type":"WebPage","@id":"https:\/\/compuviper.mx\/tienda\/producto\/tp-link-archer-tx20uh-adaptador-usb-tp-link-ax1800-wifi-6-usb-3-0-ofdma-y-mu-mimo-wpa3\/","url":"https:\/\/compuviper.mx\/tienda\/producto\/tp-link-archer-tx20uh-adaptador-usb-tp-link-ax1800-wifi-6-usb-3-0-ofdma-y-mu-mimo-wpa3\/","name":"[ Tp Link ] &#129351; Archer Tx20uh Adaptador Usb | Tp-link | | Ax1800 | Wifi 6 | Usb 3.0. | Ofdma Y Mu-mimo | Wpa3","isPartOf":{"@id":"https:\/\/compuviper.mx\/tienda\/#website"},"datePublished":"2026-04-02T05:13:24+00:00","dateModified":"2026-04-02T05:13:24+00:00","description":"Compra Archer Tx20uh Adaptador Usb | Tp-link | | Ax1800 | Wifi 6 | Usb 3.0. | Ofdma Y Mu-mimo | Wpa3 + Env\u00edo a domicilio + Pago seguro + Garant\u00eda","breadcrumb":{"@id":"https:\/\/compuviper.mx\/tienda\/producto\/tp-link-archer-tx20uh-adaptador-usb-tp-link-ax1800-wifi-6-usb-3-0-ofdma-y-mu-mimo-wpa3\/#breadcrumb"},"inLanguage":"es-MX","potentialAction":[{"@type":"ReadAction","target":["https:\/\/compuviper.mx\/tienda\/producto\/tp-link-archer-tx20uh-adaptador-usb-tp-link-ax1800-wifi-6-usb-3-0-ofdma-y-mu-mimo-wpa3\/"]}]},{"@type":"BreadcrumbList","@id":"https:\/\/compuviper.mx\/tienda\/producto\/tp-link-archer-tx20uh-adaptador-usb-tp-link-ax1800-wifi-6-usb-3-0-ofdma-y-mu-mimo-wpa3\/#breadcrumb","itemListElement":[{"@type":"ListItem","position":1,"name":"Inicio","item":"https:\/\/compuviper.mx\/tienda\/"},{"@type":"ListItem","position":2,"name":"Productos","item":"https:\/\/compuviper.mx\/tienda\/productos\/"},{"@type":"ListItem","position":3,"name":"Accesorios","item":"https:\/\/compuviper.mx\/tienda\/categoria-producto\/accesorios\/"},{"@type":"ListItem","position":4,"name":"Adaptadores","item":"https:\/\/compuviper.mx\/tienda\/categoria-producto\/accesorios\/adaptadores\/"},{"@type":"ListItem","position":5,"name":"Tp Link Archer Tx20uh Adaptador Usb | Tp-link | | Ax1800 | Wifi 6 | Usb 3.0. | Ofdma Y Mu-mimo | Wpa3"}]},{"@type":"WebSite","@id":"https:\/\/compuviper.mx\/tienda\/#website","url":"https:\/\/compuviper.mx\/tienda\/","name":"Compuviper","description":"Proveedor de Computadoras, Laptops, Servidores, Monitores, Puntos de Venta, Teclados,   Impresoras, T\u00f3ner, C\u00e1maras de Seguridad y m\u00e1s en tu tienda en l\u00ednea","publisher":{"@id":"https:\/\/compuviper.mx\/tienda\/#organization"},"potentialAction":[{"@type":"SearchAction","target":{"@type":"EntryPoint","urlTemplate":"https:\/\/compuviper.mx\/tienda\/?s={search_term_string}"},"query-input":"required name=search_term_string"}],"inLanguage":"es-MX"},{"@type":"Organization","@id":"https:\/\/compuviper.mx\/tienda\/#organization","name":"Compuviper","url":"https:\/\/compuviper.mx\/tienda\/","logo":{"@type":"ImageObject","inLanguage":"es-MX","@id":"https:\/\/compuviper.mx\/tienda\/#\/schema\/logo\/image\/","url":"https:\/\/compuviper.mx\/tienda\/wp-content\/uploads\/2021\/08\/Logo-Compuviper-10.png","contentUrl":"https:\/\/compuviper.mx\/tienda\/wp-content\/uploads\/2021\/08\/Logo-Compuviper-10.png","width":1000,"height":500,"caption":"Compuviper"},"image":{"@id":"https:\/\/compuviper.mx\/tienda\/#\/schema\/logo\/image\/"},"sameAs":["https:\/\/www.facebook.com\/compuviper","https:\/\/www.youtube.com\/channel\/UCf73dERp9Y3cfOq7q8BhLjA?view_as=subscriber"]}]},"product_brand":"TP LINK","product_price_amount":"522","product_price_currency":"MXN","og_availability":"out of stock","product_availability":"out of stock","product_retailer_item_id":"ARCHER TX20UH","product_condition":"new"},"_links":{"self":[{"href":"https:\/\/compuviper.mx\/tienda\/wp-json\/wp\/v2\/product\/239072"}],"collection":[{"href":"https:\/\/compuviper.mx\/tienda\/wp-json\/wp\/v2\/product"}],"about":[{"href":"https:\/\/compuviper.mx\/tienda\/wp-json\/wp\/v2\/types\/product"}],"replies":[{"embeddable":true,"href":"https:\/\/compuviper.mx\/tienda\/wp-json\/wp\/v2\/comments?post=239072"}],"wp:featuredmedia":[{"embeddable":true,"href":"https:\/\/compuviper.mx\/tienda\/wp-json\/wp\/v2\/media\/241982"}],"wp:attachment":[{"href":"https:\/\/compuviper.mx\/tienda\/wp-json\/wp\/v2\/media?parent=239072"}],"wp:term":[{"taxonomy":"product_cat","embeddable":true,"href":"https:\/\/compuviper.mx\/tienda\/wp-json\/wp\/v2\/product_cat?post=239072"},{"taxonomy":"product_tag","embeddable":true,"href":"https:\/\/compuviper.mx\/tienda\/wp-json\/wp\/v2\/product_tag?post=239072"}],"curies":[{"name":"wp","href":"https:\/\/api.w.org\/{rel}","templated":true}]}}