{"id":239071,"date":"2026-04-01T23:13:24","date_gmt":"2026-04-02T05:13:24","guid":{"rendered":"https:\/\/compuviper.mx\/tienda\/producto\/tp-link-archer-txe70uh-adaptador-usb-tp-link-wifi-6e-tribanda-usb-3-0-wpa3-ofdma-y-mu-mimo\/"},"modified":"2026-04-01T23:13:24","modified_gmt":"2026-04-02T05:13:24","slug":"tp-link-archer-txe70uh-adaptador-usb-tp-link-wifi-6e-tribanda-usb-3-0-wpa3-ofdma-y-mu-mimo","status":"publish","type":"product","link":"https:\/\/compuviper.mx\/tienda\/producto\/tp-link-archer-txe70uh-adaptador-usb-tp-link-wifi-6e-tribanda-usb-3-0-wpa3-ofdma-y-mu-mimo\/","title":{"rendered":"Tp Link Archer Txe70uh Adaptador Usb | Tp-link |  | Wifi 6e | Tribanda | Usb 3.0 | Wpa3 | Ofdma Y Mu-mimo"},"content":{"rendered":"<table class=\"descripcion\">\n<tr>\n<td>Caracter\u00edsticas de hardware<\/td>\n<\/tr>\n<tr>\n<td>Led<\/td>\n<\/tr>\n<tr>\n<td>Status<\/td>\n<\/tr>\n<tr>\n<td>Dimensiones<\/td>\n<\/tr>\n<tr>\n<td>30.5 \u00d7 14.8 \u00d7 111.7 mm (1.2 \u00d7 0.58 \u00d7 4.4 in)<\/td>\n<\/tr>\n<tr>\n<td>Antena<\/td>\n<\/tr>\n<tr>\n<td>2\u00d7 high-gain tri-band antennas<\/td>\n<\/tr>\n<tr>\n<td>Caracter\u00edsticas inal\u00e1mbricas<\/td>\n<\/tr>\n<tr>\n<td>Est\u00e1ndares inal\u00e1mbricos<\/td>\n<\/tr>\n<tr>\n<td>Ieee 802.11a\/b\/g\/n\/ac\/ax<\/td>\n<\/tr>\n<tr>\n<td>Tasa de se\u00f1al<\/td>\n<\/tr>\n<tr>\n<td>6ghz:<\/td>\n<\/tr>\n<tr>\n<td>11ax: up to 2402 mbps(dynamic)<\/td>\n<\/tr>\n<tr>\n<td>5 ghz:<\/td>\n<\/tr>\n<tr>\n<td>11ax: up to 2402 mbps(dynamic)<\/td>\n<\/tr>\n<tr>\n<td>11ac: up to 1732 mbps(dynamic)<\/td>\n<\/tr>\n<tr>\n<td>11n: up to 400 mbps(dynamic)<\/td>\n<\/tr>\n<tr>\n<td>11a: up to 54 mbps(dynamic)<\/td>\n<\/tr>\n<tr>\n<td>2.4 ghz:<\/td>\n<\/tr>\n<tr>\n<td>11ax: up to 574 mbps(dynamic)<\/td>\n<\/tr>\n<tr>\n<td>11n: up to 400 mbps(dynamic)<\/td>\n<\/tr>\n<tr>\n<td>11g: up to 54 mbps(dynamic)<\/td>\n<\/tr>\n<tr>\n<td>11b: up to 11 mbps(dynamic)<\/td>\n<\/tr>\n<tr>\n<td>Potencia de transmision<\/td>\n<\/tr>\n<tr>\n<td>6 ghz: 16 dbm(fcc)<\/td>\n<\/tr>\n<tr>\n<td>5 ghz: 15 dbm(fcc)<\/td>\n<\/tr>\n<tr>\n<td>2.4 ghz : 15 dbm(fcc)<\/td>\n<\/tr>\n<tr>\n<td>Modos inal\u00e1mbricos<\/td>\n<\/tr>\n<tr>\n<td>Infrastructure mode<\/td>\n<\/tr>\n<tr>\n<td>Seguridad inal\u00e1mbrica<\/td>\n<\/tr>\n<tr>\n<td>Wep, wpa\/wpa2\/wpa3, wpa-psk\/wpa2-psk<\/td>\n<\/tr>\n<tr>\n<td>Otros<\/td>\n<\/tr>\n<tr>\n<td>Certificacion<\/td>\n<\/tr>\n<tr>\n<td>Fcc, ce, rohs<\/td>\n<\/tr>\n<tr>\n<td>Contenidos del paquete<\/td>\n<\/tr>\n<tr>\n<td>Axe5400 wi-fi 6e high gain wireless usb adapter archer txe70uh<\/td>\n<\/tr>\n<tr>\n<td>Quick installation guide<\/td>\n<\/tr>\n<tr>\n<td>Usb 3.0 cradle<\/td>\n<\/tr>\n<tr>\n<td>Requisitos del sistema<\/td>\n<\/tr>\n<tr>\n<td>Supported operating systems include windows 10, 11<\/td>\n<\/tr>\n<tr>\n<td>Ambiente<\/td>\n<\/tr>\n<tr>\n<td>Operating temperature: 0 and #8451;~40 and #8451; (32 and #8457; ~104 and #8457;)<\/td>\n<\/tr>\n<tr>\n<td>Operating humidity: 10%~90% non-condensing<\/td>\n<\/tr>\n<tr>\n<td>Storage humidity: 5%~90% non-condensing<\/td>\n<\/tr>\n<tr>\n<td>Accessories specifications<\/td>\n<\/tr>\n<tr>\n<td>Extension cable length: 1.2 m<\/td>\n<\/tr>\n<\/table>\n","protected":false},"excerpt":{"rendered":"<p>Txe70uh. Adaptador usb inal\u00e1mbrico de alta ganancia axe5400 wi-fi 6e. Wifi 6e ultrarr\u00e1pido: velocidades sin congesti\u00f3n de hasta 2402 mbps (6 ghz) + 2402 mbps (5 ghz) + 574 mbps (2,4 ghz). Inal\u00e1mbrico de tres bandas: bandas de 2,4 ghz, 5 ghz y 6 ghz para una conectividad flexible. Cobertura m\u00e1s amplia: con\u00e9ctese a su wifi desde cualquier lugar de su hogar con antenas de alta ganancia y beamforming. Juego de menor latencia: ofdma y mu-mimo garantizan la conexi\u00f3n wifi m\u00e1s eficiente para tu pc. Seguridad mejorada: wpa3 proporciona las \u00faltimas mejoras de seguridad para la protecci\u00f3n de contrase\u00f1as personales. Superspeed  and #8203; and #8203;usb 3.0: velocidades de transferencia hasta 10 veces m\u00e1s r\u00e1pidas que usb 2.0.<\/p>\n","protected":false},"featured_media":241981,"comment_status":"open","ping_status":"open","template":"","meta":[],"product_cat":[1485,1492],"product_tag":[1562],"acf":[],"yoast_head":"<!-- This site is optimized with the Yoast SEO plugin v21.7 - https:\/\/yoast.com\/wordpress\/plugins\/seo\/ -->\n<title>[ Tp Link ] &#129351; Archer Txe70uh Adaptador Usb | Tp-link | | Wifi 6e | Tribanda | Usb 3.0 | Wpa3 | Ofdma Y Mu-mimo<\/title>\n<meta name=\"description\" content=\"Compra Archer Txe70uh Adaptador Usb | Tp-link | | Wifi 6e | Tribanda | Usb 3.0 | Wpa3 | Ofdma Y Mu-mimo + Env\u00edo a domicilio + Pago seguro + Garant\u00eda\" \/>\n<meta name=\"robots\" content=\"index, follow, max-snippet:-1, max-image-preview:large, max-video-preview:-1\" \/>\n<link rel=\"canonical\" href=\"https:\/\/compuviper.mx\/tienda\/producto\/tp-link-archer-txe70uh-adaptador-usb-tp-link-wifi-6e-tribanda-usb-3-0-wpa3-ofdma-y-mu-mimo\/\" \/>\n<meta property=\"og:locale\" content=\"es_MX\" \/>\n<meta property=\"og:type\" content=\"article\" \/>\n<meta property=\"og:title\" content=\"[ Tp Link ] &#129351; Archer Txe70uh Adaptador Usb | Tp-link | | Wifi 6e | Tribanda | Usb 3.0 | Wpa3 | Ofdma Y Mu-mimo\" \/>\n<meta property=\"og:description\" content=\"Compra Archer Txe70uh Adaptador Usb | Tp-link | | Wifi 6e | Tribanda | Usb 3.0 | Wpa3 | Ofdma Y Mu-mimo + Env\u00edo a domicilio + Pago seguro + Garant\u00eda\" \/>\n<meta property=\"og:url\" content=\"https:\/\/compuviper.mx\/tienda\/producto\/tp-link-archer-txe70uh-adaptador-usb-tp-link-wifi-6e-tribanda-usb-3-0-wpa3-ofdma-y-mu-mimo\/\" \/>\n<meta property=\"og:site_name\" content=\"Compuviper\" \/>\n<meta property=\"article:publisher\" content=\"https:\/\/www.facebook.com\/compuviper\" \/>\n<meta property=\"og:image\" content=\"https:\/\/compuviper.mx\/tienda\/wp-content\/uploads\/2024\/09\/Adaptador-usb-tp-link-archer-txe70uh-wifi-6e-tribanda-usb-3.0-wpa3-ofdma-y-mu-mimo.jpg\" \/>\n\t<meta property=\"og:image:width\" content=\"200\" \/>\n\t<meta property=\"og:image:height\" content=\"200\" \/>\n\t<meta property=\"og:image:type\" content=\"image\/jpeg\" \/>\n<meta name=\"twitter:card\" content=\"summary_large_image\" \/>\n<meta name=\"twitter:label1\" content=\"Precio\" \/>\n\t<meta name=\"twitter:data1\" content=\"&#36;711 con IVA\" \/>\n\t<meta name=\"twitter:label2\" content=\"Availability\" \/>\n\t<meta name=\"twitter:data2\" content=\"Out of stock\" \/>\n<script type=\"application\/ld+json\" class=\"yoast-schema-graph\">{\"@context\":\"https:\/\/schema.org\",\"@graph\":[{\"@type\":\"WebPage\",\"@id\":\"https:\/\/compuviper.mx\/tienda\/producto\/tp-link-archer-txe70uh-adaptador-usb-tp-link-wifi-6e-tribanda-usb-3-0-wpa3-ofdma-y-mu-mimo\/\",\"url\":\"https:\/\/compuviper.mx\/tienda\/producto\/tp-link-archer-txe70uh-adaptador-usb-tp-link-wifi-6e-tribanda-usb-3-0-wpa3-ofdma-y-mu-mimo\/\",\"name\":\"[ Tp Link ] &#129351; Archer Txe70uh Adaptador Usb | Tp-link | | Wifi 6e | Tribanda | Usb 3.0 | Wpa3 | Ofdma Y Mu-mimo\",\"isPartOf\":{\"@id\":\"https:\/\/compuviper.mx\/tienda\/#website\"},\"datePublished\":\"2026-04-02T05:13:24+00:00\",\"dateModified\":\"2026-04-02T05:13:24+00:00\",\"description\":\"Compra Archer Txe70uh Adaptador Usb | Tp-link | | Wifi 6e | Tribanda | Usb 3.0 | Wpa3 | Ofdma Y Mu-mimo + Env\u00edo a domicilio + Pago seguro + Garant\u00eda\",\"breadcrumb\":{\"@id\":\"https:\/\/compuviper.mx\/tienda\/producto\/tp-link-archer-txe70uh-adaptador-usb-tp-link-wifi-6e-tribanda-usb-3-0-wpa3-ofdma-y-mu-mimo\/#breadcrumb\"},\"inLanguage\":\"es-MX\",\"potentialAction\":[{\"@type\":\"ReadAction\",\"target\":[\"https:\/\/compuviper.mx\/tienda\/producto\/tp-link-archer-txe70uh-adaptador-usb-tp-link-wifi-6e-tribanda-usb-3-0-wpa3-ofdma-y-mu-mimo\/\"]}]},{\"@type\":\"BreadcrumbList\",\"@id\":\"https:\/\/compuviper.mx\/tienda\/producto\/tp-link-archer-txe70uh-adaptador-usb-tp-link-wifi-6e-tribanda-usb-3-0-wpa3-ofdma-y-mu-mimo\/#breadcrumb\",\"itemListElement\":[{\"@type\":\"ListItem\",\"position\":1,\"name\":\"Inicio\",\"item\":\"https:\/\/compuviper.mx\/tienda\/\"},{\"@type\":\"ListItem\",\"position\":2,\"name\":\"Productos\",\"item\":\"https:\/\/compuviper.mx\/tienda\/productos\/\"},{\"@type\":\"ListItem\",\"position\":3,\"name\":\"Accesorios\",\"item\":\"https:\/\/compuviper.mx\/tienda\/categoria-producto\/accesorios\/\"},{\"@type\":\"ListItem\",\"position\":4,\"name\":\"Adaptadores\",\"item\":\"https:\/\/compuviper.mx\/tienda\/categoria-producto\/accesorios\/adaptadores\/\"},{\"@type\":\"ListItem\",\"position\":5,\"name\":\"Tp Link Archer Txe70uh Adaptador Usb | Tp-link | | Wifi 6e | Tribanda | Usb 3.0 | Wpa3 | Ofdma Y Mu-mimo\"}]},{\"@type\":\"WebSite\",\"@id\":\"https:\/\/compuviper.mx\/tienda\/#website\",\"url\":\"https:\/\/compuviper.mx\/tienda\/\",\"name\":\"Compuviper\",\"description\":\"Proveedor de Computadoras, Laptops, Servidores, Monitores, Puntos de Venta, Teclados,   Impresoras, T\u00f3ner, C\u00e1maras de Seguridad y m\u00e1s en tu tienda en l\u00ednea\",\"publisher\":{\"@id\":\"https:\/\/compuviper.mx\/tienda\/#organization\"},\"potentialAction\":[{\"@type\":\"SearchAction\",\"target\":{\"@type\":\"EntryPoint\",\"urlTemplate\":\"https:\/\/compuviper.mx\/tienda\/?s={search_term_string}\"},\"query-input\":\"required name=search_term_string\"}],\"inLanguage\":\"es-MX\"},{\"@type\":\"Organization\",\"@id\":\"https:\/\/compuviper.mx\/tienda\/#organization\",\"name\":\"Compuviper\",\"url\":\"https:\/\/compuviper.mx\/tienda\/\",\"logo\":{\"@type\":\"ImageObject\",\"inLanguage\":\"es-MX\",\"@id\":\"https:\/\/compuviper.mx\/tienda\/#\/schema\/logo\/image\/\",\"url\":\"https:\/\/compuviper.mx\/tienda\/wp-content\/uploads\/2021\/08\/Logo-Compuviper-10.png\",\"contentUrl\":\"https:\/\/compuviper.mx\/tienda\/wp-content\/uploads\/2021\/08\/Logo-Compuviper-10.png\",\"width\":1000,\"height\":500,\"caption\":\"Compuviper\"},\"image\":{\"@id\":\"https:\/\/compuviper.mx\/tienda\/#\/schema\/logo\/image\/\"},\"sameAs\":[\"https:\/\/www.facebook.com\/compuviper\",\"https:\/\/www.youtube.com\/channel\/UCf73dERp9Y3cfOq7q8BhLjA?view_as=subscriber\"]}]}<\/script>\n<meta property=\"product:brand\" content=\"TP LINK\" \/>\n<meta property=\"product:price:amount\" content=\"711\" \/>\n<meta property=\"product:price:currency\" content=\"MXN\" \/>\n<meta property=\"og:availability\" content=\"out of stock\" \/>\n<meta property=\"product:availability\" content=\"out of stock\" \/>\n<meta property=\"product:retailer_item_id\" content=\"ARCHER TXE70UH\" \/>\n<meta property=\"product:condition\" content=\"new\" \/>\n<!-- \/ Yoast SEO plugin. -->","yoast_head_json":{"title":"[ Tp Link ] &#129351; Archer Txe70uh Adaptador Usb | Tp-link | | Wifi 6e | Tribanda | Usb 3.0 | Wpa3 | Ofdma Y Mu-mimo","description":"Compra Archer Txe70uh Adaptador Usb | Tp-link | | Wifi 6e | Tribanda | Usb 3.0 | Wpa3 | Ofdma Y Mu-mimo + Env\u00edo a domicilio + Pago seguro + Garant\u00eda","robots":{"index":"index","follow":"follow","max-snippet":"max-snippet:-1","max-image-preview":"max-image-preview:large","max-video-preview":"max-video-preview:-1"},"canonical":"https:\/\/compuviper.mx\/tienda\/producto\/tp-link-archer-txe70uh-adaptador-usb-tp-link-wifi-6e-tribanda-usb-3-0-wpa3-ofdma-y-mu-mimo\/","og_locale":"es_MX","og_type":"article","og_title":"[ Tp Link ] &#129351; Archer Txe70uh Adaptador Usb | Tp-link | | Wifi 6e | Tribanda | Usb 3.0 | Wpa3 | Ofdma Y Mu-mimo","og_description":"Compra Archer Txe70uh Adaptador Usb | Tp-link | | Wifi 6e | Tribanda | Usb 3.0 | Wpa3 | Ofdma Y Mu-mimo + Env\u00edo a domicilio + Pago seguro + Garant\u00eda","og_url":"https:\/\/compuviper.mx\/tienda\/producto\/tp-link-archer-txe70uh-adaptador-usb-tp-link-wifi-6e-tribanda-usb-3-0-wpa3-ofdma-y-mu-mimo\/","og_site_name":"Compuviper","article_publisher":"https:\/\/www.facebook.com\/compuviper","og_image":[{"width":200,"height":200,"url":"https:\/\/compuviper.mx\/tienda\/wp-content\/uploads\/2024\/09\/Adaptador-usb-tp-link-archer-txe70uh-wifi-6e-tribanda-usb-3.0-wpa3-ofdma-y-mu-mimo.jpg","type":"image\/jpeg"}],"twitter_card":"summary_large_image","twitter_misc":{"Precio":"&#36;711 con IVA","Availability":"Out of stock"},"schema":{"@context":"https:\/\/schema.org","@graph":[{"@type":"WebPage","@id":"https:\/\/compuviper.mx\/tienda\/producto\/tp-link-archer-txe70uh-adaptador-usb-tp-link-wifi-6e-tribanda-usb-3-0-wpa3-ofdma-y-mu-mimo\/","url":"https:\/\/compuviper.mx\/tienda\/producto\/tp-link-archer-txe70uh-adaptador-usb-tp-link-wifi-6e-tribanda-usb-3-0-wpa3-ofdma-y-mu-mimo\/","name":"[ Tp Link ] &#129351; Archer Txe70uh Adaptador Usb | Tp-link | | Wifi 6e | Tribanda | Usb 3.0 | Wpa3 | Ofdma Y Mu-mimo","isPartOf":{"@id":"https:\/\/compuviper.mx\/tienda\/#website"},"datePublished":"2026-04-02T05:13:24+00:00","dateModified":"2026-04-02T05:13:24+00:00","description":"Compra Archer Txe70uh Adaptador Usb | Tp-link | | Wifi 6e | Tribanda | Usb 3.0 | Wpa3 | Ofdma Y Mu-mimo + Env\u00edo a domicilio + Pago seguro + Garant\u00eda","breadcrumb":{"@id":"https:\/\/compuviper.mx\/tienda\/producto\/tp-link-archer-txe70uh-adaptador-usb-tp-link-wifi-6e-tribanda-usb-3-0-wpa3-ofdma-y-mu-mimo\/#breadcrumb"},"inLanguage":"es-MX","potentialAction":[{"@type":"ReadAction","target":["https:\/\/compuviper.mx\/tienda\/producto\/tp-link-archer-txe70uh-adaptador-usb-tp-link-wifi-6e-tribanda-usb-3-0-wpa3-ofdma-y-mu-mimo\/"]}]},{"@type":"BreadcrumbList","@id":"https:\/\/compuviper.mx\/tienda\/producto\/tp-link-archer-txe70uh-adaptador-usb-tp-link-wifi-6e-tribanda-usb-3-0-wpa3-ofdma-y-mu-mimo\/#breadcrumb","itemListElement":[{"@type":"ListItem","position":1,"name":"Inicio","item":"https:\/\/compuviper.mx\/tienda\/"},{"@type":"ListItem","position":2,"name":"Productos","item":"https:\/\/compuviper.mx\/tienda\/productos\/"},{"@type":"ListItem","position":3,"name":"Accesorios","item":"https:\/\/compuviper.mx\/tienda\/categoria-producto\/accesorios\/"},{"@type":"ListItem","position":4,"name":"Adaptadores","item":"https:\/\/compuviper.mx\/tienda\/categoria-producto\/accesorios\/adaptadores\/"},{"@type":"ListItem","position":5,"name":"Tp Link Archer Txe70uh Adaptador Usb | Tp-link | | Wifi 6e | Tribanda | Usb 3.0 | Wpa3 | Ofdma Y Mu-mimo"}]},{"@type":"WebSite","@id":"https:\/\/compuviper.mx\/tienda\/#website","url":"https:\/\/compuviper.mx\/tienda\/","name":"Compuviper","description":"Proveedor de Computadoras, Laptops, Servidores, Monitores, Puntos de Venta, Teclados,   Impresoras, T\u00f3ner, C\u00e1maras de Seguridad y m\u00e1s en tu tienda en l\u00ednea","publisher":{"@id":"https:\/\/compuviper.mx\/tienda\/#organization"},"potentialAction":[{"@type":"SearchAction","target":{"@type":"EntryPoint","urlTemplate":"https:\/\/compuviper.mx\/tienda\/?s={search_term_string}"},"query-input":"required name=search_term_string"}],"inLanguage":"es-MX"},{"@type":"Organization","@id":"https:\/\/compuviper.mx\/tienda\/#organization","name":"Compuviper","url":"https:\/\/compuviper.mx\/tienda\/","logo":{"@type":"ImageObject","inLanguage":"es-MX","@id":"https:\/\/compuviper.mx\/tienda\/#\/schema\/logo\/image\/","url":"https:\/\/compuviper.mx\/tienda\/wp-content\/uploads\/2021\/08\/Logo-Compuviper-10.png","contentUrl":"https:\/\/compuviper.mx\/tienda\/wp-content\/uploads\/2021\/08\/Logo-Compuviper-10.png","width":1000,"height":500,"caption":"Compuviper"},"image":{"@id":"https:\/\/compuviper.mx\/tienda\/#\/schema\/logo\/image\/"},"sameAs":["https:\/\/www.facebook.com\/compuviper","https:\/\/www.youtube.com\/channel\/UCf73dERp9Y3cfOq7q8BhLjA?view_as=subscriber"]}]},"product_brand":"TP LINK","product_price_amount":"711","product_price_currency":"MXN","og_availability":"out of stock","product_availability":"out of stock","product_retailer_item_id":"ARCHER TXE70UH","product_condition":"new"},"_links":{"self":[{"href":"https:\/\/compuviper.mx\/tienda\/wp-json\/wp\/v2\/product\/239071"}],"collection":[{"href":"https:\/\/compuviper.mx\/tienda\/wp-json\/wp\/v2\/product"}],"about":[{"href":"https:\/\/compuviper.mx\/tienda\/wp-json\/wp\/v2\/types\/product"}],"replies":[{"embeddable":true,"href":"https:\/\/compuviper.mx\/tienda\/wp-json\/wp\/v2\/comments?post=239071"}],"wp:featuredmedia":[{"embeddable":true,"href":"https:\/\/compuviper.mx\/tienda\/wp-json\/wp\/v2\/media\/241981"}],"wp:attachment":[{"href":"https:\/\/compuviper.mx\/tienda\/wp-json\/wp\/v2\/media?parent=239071"}],"wp:term":[{"taxonomy":"product_cat","embeddable":true,"href":"https:\/\/compuviper.mx\/tienda\/wp-json\/wp\/v2\/product_cat?post=239071"},{"taxonomy":"product_tag","embeddable":true,"href":"https:\/\/compuviper.mx\/tienda\/wp-json\/wp\/v2\/product_tag?post=239071"}],"curies":[{"name":"wp","href":"https:\/\/api.w.org\/{rel}","templated":true}]}}