{"id":239062,"date":"2026-04-11T01:22:26","date_gmt":"2026-04-11T07:22:26","guid":{"rendered":"https:\/\/compuviper.mx\/tienda\/producto\/tp-link-vigi-nvr1008h-grabador-de-video-tp-link-resolucin-de-hasta-5mp-1-interfaz-sata-hasta-10-tb-12v-dc-1-5-a-2-usb-2-0-1-puerto-vga-1-puerto-hdmi-onvif\/"},"modified":"2026-04-11T01:22:27","modified_gmt":"2026-04-11T07:22:27","slug":"tp-link-vigi-nvr1008h-grabador-de-video-tp-link-o-puertos-con-resolucion-de-hasta-5mp-1-interfaz-sata-hasta-10-tb-12v-dc-1-5-a-2-usb-2-0-1-puerto-vga-1-puerto-hdmi-onvif","status":"publish","type":"product","link":"https:\/\/compuviper.mx\/tienda\/producto\/tp-link-vigi-nvr1008h-grabador-de-video-tp-link-o-puertos-con-resolucion-de-hasta-5mp-1-interfaz-sata-hasta-10-tb-12v-dc-1-5-a-2-usb-2-0-1-puerto-vga-1-puerto-hdmi-onvif\/","title":{"rendered":"Tp Link Vigi Nvr1008h Grabador De Video Tp-link  O Puertos Con Resolucion De Hasta 5mp, 1 Interfaz Sata Hasta 10 Tb, 12v Dc 1.5 A, 2 Usb 2.0, 1 Puerto Vga, 1 Puerto Hdmi Onvif"},"content":{"rendered":"<table class=\"descripcion\">\n<tr>\n<td>La red<\/td>\n<\/tr>\n<tr>\n<td>Protocolo tcp \/ ip, dhcp, dns, ntp, upnp<\/td>\n<\/tr>\n<tr>\n<td>Ancho de banda entrante 80 mbps<\/td>\n<\/tr>\n<tr>\n<td>Ancho de banda saliente 60 mbps<\/td>\n<\/tr>\n<tr>\n<td>General<\/td>\n<\/tr>\n<tr>\n<td>Temperatura de funcionamiento -10\u009655 \u00b0 c<\/td>\n<\/tr>\n<tr>\n<td>Chasis chasis 1u<\/td>\n<\/tr>\n<tr>\n<td>Dimensiones (hxwxd) 246,2 mm * 148,2 mm * 42,6 mm<\/td>\n<\/tr>\n<tr>\n<td>Peso 578,5 g<\/td>\n<\/tr>\n<tr>\n<td>Fuente de alimentaci\u00f3n externa 12v dc, no m\u00e1s de 18 w<\/td>\n<\/tr>\n<tr>\n<td>El consumo de energ\u00eda 4,25 w (sin disco)<\/td>\n<\/tr>\n<tr>\n<td>13,10 w (con disco)<\/td>\n<\/tr>\n<tr>\n<td>Video \/ imagen<\/td>\n<\/tr>\n<tr>\n<td>Entrada de video entrada de video ip de 8 canales, resoluci\u00f3n de hasta 5 mp<\/td>\n<\/tr>\n<tr>\n<td>Salida de video resoluci\u00f3n de grabaci\u00f3n: 5 mp \/ 4 mp \/ 3 mp \/ 1080p \/ uxga \/ 720p \/ vga \/ 4cif \/ dcif \/ 2cif \/ cif \/ qcif<\/td>\n<\/tr>\n<tr>\n<td>Resoluci\u00f3n de salida hdmi \/ vga: 1920 \u00d7 1080p \/ 60hz, 1280 \u00d7 1024 \/ 60hz, 1280 \u00d7 720 \/ 60hz, 1680 \u00d7 1050 \/ 60hz, 1440 \u00d7 900 \/ 60hz<\/td>\n<\/tr>\n<tr>\n<td>Descodificaci\u00f3n<\/td>\n<\/tr>\n<tr>\n<td>Formato de decodificaci\u00f3n h.265 + \/ h.265 \/ h.264 + \/ h.264<\/td>\n<\/tr>\n<tr>\n<td>Resoluci\u00f3n de visualizaci\u00f3n \/ reproducci\u00f3n en vivo 5 mp \/ 4 mp \/ 3 mp \/ 1080p \/ uxga \/<\/td>\n<\/tr>\n<tr>\n<td>720p \/ vga \/ 4cif \/ dcif \/ 2cif \/ cif \/ qcif<\/td>\n<\/tr>\n<tr>\n<td>Reproducci\u00f3n sincr\u00f3nica 4 canales \u0086<\/td>\n<\/tr>\n<tr>\n<td>Capacidad 1 canal a 5mp, 2 canales a 2mp, 4 canales a 720p<\/td>\n<\/tr>\n<tr>\n<td>Disco duro<\/td>\n<\/tr>\n<tr>\n<td>Sata 1 interfaz sata<\/td>\n<\/tr>\n<tr>\n<td>Capacidad hasta 10 tb<\/td>\n<\/tr>\n<tr>\n<td>Interfaces<\/td>\n<\/tr>\n<tr>\n<td>Interfaz de red 1 interfaz ethernet autoadaptable rj-45 10\/100 mbps<\/td>\n<\/tr>\n<tr>\n<td>Interfaz usb 2 \u00d7 usb 2.0<\/td>\n<\/tr>\n<\/table>\n","protected":false},"excerpt":{"rendered":"<p>\u0095 grabaci\u00f3n continua 24 horas al d\u00eda, 7 d\u00edas a la semana: almacena autom\u00e1ticamente hasta 10 tb de metraje de las c\u00e1maras conectadas para proteger sus datos para un acceso r\u00e1pido y conveniente. \u0095 vista en vivo en tiempo real de 8 canales: la definici\u00f3n de imagen n\u00edtida de hasta 5mp y una pantalla de 8 canales le aseguran capturar cada detalle, desde todos los \u00e1ngulos. \u0095 reproducci\u00f3n simult\u00e1nea de 4 canales \u0086 : reproduzca la transmisi\u00f3n de hasta 4 c\u00e1maras al mismo tiempo, aumente la velocidad de reproducci\u00f3n y busque eventos en el programa de video para revisar f\u00e1cilmente el metraje. \u0095 monitoreo remoto: la aplicaci\u00f3n vigi dedicada est\u00e1 desarrollada para monitoreo remoto, brindando facilidad y conveniencia. \u0095 h.265 +: sin utilizar ning\u00fan ancho de banda adicional, su c\u00e1mara transmite video comprimido de gran nitidez para ahorrar espacio en el disco, facilitar las cargas de la red y reducir los costos de monitoreo sin sacrificar la calidad de la imagen.<\/p>\n","protected":false},"featured_media":239401,"comment_status":"open","ping_status":"open","template":"","meta":[],"product_cat":[1689,1768],"product_tag":[1562],"acf":[],"yoast_head":"<!-- This site is optimized with the Yoast SEO plugin v21.7 - https:\/\/yoast.com\/wordpress\/plugins\/seo\/ -->\n<title>[ Tp Link ] &#129351; Vigi Nvr1008h Grabador De Video Tp-link O Puertos Con Resolucion De Hasta 5mp, 1 Interfaz Sata Hasta 10 Tb, 12v Dc 1.5 A, 2 Usb 2.0, 1 Puerto Vga, 1 Puerto Hdmi Onvif<\/title>\n<meta name=\"description\" content=\"Compra Vigi Nvr1008h Grabador De Video Tp-link O Puertos Con Resolucion De Hasta 5mp, 1 Interfaz Sata Hasta 10 Tb, 12v Dc 1.5 A, 2 Usb 2.0, 1 Puerto Vga, 1 Puerto Hdmi Onvif + Env\u00edo a domicilio + Pago seguro + Garant\u00eda\" \/>\n<meta name=\"robots\" content=\"index, follow, max-snippet:-1, max-image-preview:large, max-video-preview:-1\" \/>\n<link rel=\"canonical\" href=\"https:\/\/compuviper.mx\/tienda\/producto\/tp-link-vigi-nvr1008h-grabador-de-video-tp-link-o-puertos-con-resolucion-de-hasta-5mp-1-interfaz-sata-hasta-10-tb-12v-dc-1-5-a-2-usb-2-0-1-puerto-vga-1-puerto-hdmi-onvif\/\" \/>\n<meta property=\"og:locale\" content=\"es_MX\" \/>\n<meta property=\"og:type\" content=\"article\" \/>\n<meta property=\"og:title\" content=\"[ Tp Link ] &#129351; Vigi Nvr1008h Grabador De Video Tp-link O Puertos Con Resolucion De Hasta 5mp, 1 Interfaz Sata Hasta 10 Tb, 12v Dc 1.5 A, 2 Usb 2.0, 1 Puerto Vga, 1 Puerto Hdmi Onvif\" \/>\n<meta property=\"og:description\" content=\"Compra Vigi Nvr1008h Grabador De Video Tp-link O Puertos Con Resolucion De Hasta 5mp, 1 Interfaz Sata Hasta 10 Tb, 12v Dc 1.5 A, 2 Usb 2.0, 1 Puerto Vga, 1 Puerto Hdmi Onvif + Env\u00edo a domicilio + Pago seguro + Garant\u00eda\" \/>\n<meta property=\"og:url\" content=\"https:\/\/compuviper.mx\/tienda\/producto\/tp-link-vigi-nvr1008h-grabador-de-video-tp-link-o-puertos-con-resolucion-de-hasta-5mp-1-interfaz-sata-hasta-10-tb-12v-dc-1-5-a-2-usb-2-0-1-puerto-vga-1-puerto-hdmi-onvif\/\" \/>\n<meta property=\"og:site_name\" content=\"Compuviper\" \/>\n<meta property=\"article:publisher\" content=\"https:\/\/www.facebook.com\/compuviper\" \/>\n<meta property=\"article:modified_time\" content=\"2026-04-11T07:22:27+00:00\" \/>\n<meta property=\"og:image\" content=\"https:\/\/compuviper.mx\/tienda\/wp-content\/uploads\/2024\/08\/Grabador-de-video-tp-link-vigi-nvr1008h-resolucin-de-hasta-5mp-1-interfaz-sata-hasta-10-tb-12v-dc-1.5-a-2-usb-2.0-1-puerto-vga-1-puerto-hdmi-onvif.jpg\" \/>\n\t<meta property=\"og:image:width\" content=\"200\" \/>\n\t<meta property=\"og:image:height\" content=\"200\" \/>\n\t<meta property=\"og:image:type\" content=\"image\/jpeg\" \/>\n<meta name=\"twitter:card\" content=\"summary_large_image\" \/>\n<meta name=\"twitter:label1\" content=\"Precio\" \/>\n\t<meta name=\"twitter:data1\" content=\"&#36;983 con IVA\" \/>\n\t<meta name=\"twitter:label2\" content=\"Availability\" \/>\n\t<meta name=\"twitter:data2\" content=\"On backorder\" \/>\n<script type=\"application\/ld+json\" class=\"yoast-schema-graph\">{\"@context\":\"https:\/\/schema.org\",\"@graph\":[{\"@type\":\"WebPage\",\"@id\":\"https:\/\/compuviper.mx\/tienda\/producto\/tp-link-vigi-nvr1008h-grabador-de-video-tp-link-o-puertos-con-resolucion-de-hasta-5mp-1-interfaz-sata-hasta-10-tb-12v-dc-1-5-a-2-usb-2-0-1-puerto-vga-1-puerto-hdmi-onvif\/\",\"url\":\"https:\/\/compuviper.mx\/tienda\/producto\/tp-link-vigi-nvr1008h-grabador-de-video-tp-link-o-puertos-con-resolucion-de-hasta-5mp-1-interfaz-sata-hasta-10-tb-12v-dc-1-5-a-2-usb-2-0-1-puerto-vga-1-puerto-hdmi-onvif\/\",\"name\":\"[ Tp Link ] &#129351; Vigi Nvr1008h Grabador De Video Tp-link O Puertos Con Resolucion De Hasta 5mp, 1 Interfaz Sata Hasta 10 Tb, 12v Dc 1.5 A, 2 Usb 2.0, 1 Puerto Vga, 1 Puerto Hdmi Onvif\",\"isPartOf\":{\"@id\":\"https:\/\/compuviper.mx\/tienda\/#website\"},\"datePublished\":\"2026-04-11T07:22:26+00:00\",\"dateModified\":\"2026-04-11T07:22:27+00:00\",\"description\":\"Compra Vigi Nvr1008h Grabador De Video Tp-link O Puertos Con Resolucion De Hasta 5mp, 1 Interfaz Sata Hasta 10 Tb, 12v Dc 1.5 A, 2 Usb 2.0, 1 Puerto Vga, 1 Puerto Hdmi Onvif + Env\u00edo a domicilio + Pago seguro + Garant\u00eda\",\"breadcrumb\":{\"@id\":\"https:\/\/compuviper.mx\/tienda\/producto\/tp-link-vigi-nvr1008h-grabador-de-video-tp-link-o-puertos-con-resolucion-de-hasta-5mp-1-interfaz-sata-hasta-10-tb-12v-dc-1-5-a-2-usb-2-0-1-puerto-vga-1-puerto-hdmi-onvif\/#breadcrumb\"},\"inLanguage\":\"es-MX\",\"potentialAction\":[{\"@type\":\"ReadAction\",\"target\":[\"https:\/\/compuviper.mx\/tienda\/producto\/tp-link-vigi-nvr1008h-grabador-de-video-tp-link-o-puertos-con-resolucion-de-hasta-5mp-1-interfaz-sata-hasta-10-tb-12v-dc-1-5-a-2-usb-2-0-1-puerto-vga-1-puerto-hdmi-onvif\/\"]}]},{\"@type\":\"BreadcrumbList\",\"@id\":\"https:\/\/compuviper.mx\/tienda\/producto\/tp-link-vigi-nvr1008h-grabador-de-video-tp-link-o-puertos-con-resolucion-de-hasta-5mp-1-interfaz-sata-hasta-10-tb-12v-dc-1-5-a-2-usb-2-0-1-puerto-vga-1-puerto-hdmi-onvif\/#breadcrumb\",\"itemListElement\":[{\"@type\":\"ListItem\",\"position\":1,\"name\":\"Inicio\",\"item\":\"https:\/\/compuviper.mx\/tienda\/\"},{\"@type\":\"ListItem\",\"position\":2,\"name\":\"Productos\",\"item\":\"https:\/\/compuviper.mx\/tienda\/productos\/\"},{\"@type\":\"ListItem\",\"position\":3,\"name\":\"Videograbadores\",\"item\":\"https:\/\/compuviper.mx\/tienda\/categoria-producto\/videograbadores\/\"},{\"@type\":\"ListItem\",\"position\":4,\"name\":\"Nvr\",\"item\":\"https:\/\/compuviper.mx\/tienda\/categoria-producto\/videograbadores\/nvr\/\"},{\"@type\":\"ListItem\",\"position\":5,\"name\":\"Tp Link Vigi Nvr1008h Grabador De Video Tp-link O Puertos Con Resolucion De Hasta 5mp, 1 Interfaz Sata Hasta 10 Tb, 12v Dc 1.5 A, 2 Usb 2.0, 1 Puerto Vga, 1 Puerto Hdmi Onvif\"}]},{\"@type\":\"WebSite\",\"@id\":\"https:\/\/compuviper.mx\/tienda\/#website\",\"url\":\"https:\/\/compuviper.mx\/tienda\/\",\"name\":\"Compuviper\",\"description\":\"Proveedor de Computadoras, Laptops, Servidores, Monitores, Puntos de Venta, Teclados,   Impresoras, T\u00f3ner, C\u00e1maras de Seguridad y m\u00e1s en tu tienda en l\u00ednea\",\"publisher\":{\"@id\":\"https:\/\/compuviper.mx\/tienda\/#organization\"},\"potentialAction\":[{\"@type\":\"SearchAction\",\"target\":{\"@type\":\"EntryPoint\",\"urlTemplate\":\"https:\/\/compuviper.mx\/tienda\/?s={search_term_string}\"},\"query-input\":\"required name=search_term_string\"}],\"inLanguage\":\"es-MX\"},{\"@type\":\"Organization\",\"@id\":\"https:\/\/compuviper.mx\/tienda\/#organization\",\"name\":\"Compuviper\",\"url\":\"https:\/\/compuviper.mx\/tienda\/\",\"logo\":{\"@type\":\"ImageObject\",\"inLanguage\":\"es-MX\",\"@id\":\"https:\/\/compuviper.mx\/tienda\/#\/schema\/logo\/image\/\",\"url\":\"https:\/\/compuviper.mx\/tienda\/wp-content\/uploads\/2021\/08\/Logo-Compuviper-10.png\",\"contentUrl\":\"https:\/\/compuviper.mx\/tienda\/wp-content\/uploads\/2021\/08\/Logo-Compuviper-10.png\",\"width\":1000,\"height\":500,\"caption\":\"Compuviper\"},\"image\":{\"@id\":\"https:\/\/compuviper.mx\/tienda\/#\/schema\/logo\/image\/\"},\"sameAs\":[\"https:\/\/www.facebook.com\/compuviper\",\"https:\/\/www.youtube.com\/channel\/UCf73dERp9Y3cfOq7q8BhLjA?view_as=subscriber\"]}]}<\/script>\n<meta property=\"product:brand\" content=\"TP LINK\" \/>\n<meta property=\"product:price:amount\" content=\"983\" \/>\n<meta property=\"product:price:currency\" content=\"MXN\" \/>\n<meta property=\"og:availability\" content=\"backorder\" \/>\n<meta property=\"product:availability\" content=\"available for order\" \/>\n<meta property=\"product:retailer_item_id\" content=\"VIGI NVR1008H\" \/>\n<meta property=\"product:condition\" content=\"new\" \/>\n<!-- \/ Yoast SEO plugin. -->","yoast_head_json":{"title":"[ Tp Link ] &#129351; Vigi Nvr1008h Grabador De Video Tp-link O Puertos Con Resolucion De Hasta 5mp, 1 Interfaz Sata Hasta 10 Tb, 12v Dc 1.5 A, 2 Usb 2.0, 1 Puerto Vga, 1 Puerto Hdmi Onvif","description":"Compra Vigi Nvr1008h Grabador De Video Tp-link O Puertos Con Resolucion De Hasta 5mp, 1 Interfaz Sata Hasta 10 Tb, 12v Dc 1.5 A, 2 Usb 2.0, 1 Puerto Vga, 1 Puerto Hdmi Onvif + Env\u00edo a domicilio + Pago seguro + Garant\u00eda","robots":{"index":"index","follow":"follow","max-snippet":"max-snippet:-1","max-image-preview":"max-image-preview:large","max-video-preview":"max-video-preview:-1"},"canonical":"https:\/\/compuviper.mx\/tienda\/producto\/tp-link-vigi-nvr1008h-grabador-de-video-tp-link-o-puertos-con-resolucion-de-hasta-5mp-1-interfaz-sata-hasta-10-tb-12v-dc-1-5-a-2-usb-2-0-1-puerto-vga-1-puerto-hdmi-onvif\/","og_locale":"es_MX","og_type":"article","og_title":"[ Tp Link ] &#129351; Vigi Nvr1008h Grabador De Video Tp-link O Puertos Con Resolucion De Hasta 5mp, 1 Interfaz Sata Hasta 10 Tb, 12v Dc 1.5 A, 2 Usb 2.0, 1 Puerto Vga, 1 Puerto Hdmi Onvif","og_description":"Compra Vigi Nvr1008h Grabador De Video Tp-link O Puertos Con Resolucion De Hasta 5mp, 1 Interfaz Sata Hasta 10 Tb, 12v Dc 1.5 A, 2 Usb 2.0, 1 Puerto Vga, 1 Puerto Hdmi Onvif + Env\u00edo a domicilio + Pago seguro + Garant\u00eda","og_url":"https:\/\/compuviper.mx\/tienda\/producto\/tp-link-vigi-nvr1008h-grabador-de-video-tp-link-o-puertos-con-resolucion-de-hasta-5mp-1-interfaz-sata-hasta-10-tb-12v-dc-1-5-a-2-usb-2-0-1-puerto-vga-1-puerto-hdmi-onvif\/","og_site_name":"Compuviper","article_publisher":"https:\/\/www.facebook.com\/compuviper","article_modified_time":"2026-04-11T07:22:27+00:00","og_image":[{"width":200,"height":200,"url":"https:\/\/compuviper.mx\/tienda\/wp-content\/uploads\/2024\/08\/Grabador-de-video-tp-link-vigi-nvr1008h-resolucin-de-hasta-5mp-1-interfaz-sata-hasta-10-tb-12v-dc-1.5-a-2-usb-2.0-1-puerto-vga-1-puerto-hdmi-onvif.jpg","type":"image\/jpeg"}],"twitter_card":"summary_large_image","twitter_misc":{"Precio":"&#36;983 con IVA","Availability":"On backorder"},"schema":{"@context":"https:\/\/schema.org","@graph":[{"@type":"WebPage","@id":"https:\/\/compuviper.mx\/tienda\/producto\/tp-link-vigi-nvr1008h-grabador-de-video-tp-link-o-puertos-con-resolucion-de-hasta-5mp-1-interfaz-sata-hasta-10-tb-12v-dc-1-5-a-2-usb-2-0-1-puerto-vga-1-puerto-hdmi-onvif\/","url":"https:\/\/compuviper.mx\/tienda\/producto\/tp-link-vigi-nvr1008h-grabador-de-video-tp-link-o-puertos-con-resolucion-de-hasta-5mp-1-interfaz-sata-hasta-10-tb-12v-dc-1-5-a-2-usb-2-0-1-puerto-vga-1-puerto-hdmi-onvif\/","name":"[ Tp Link ] &#129351; Vigi Nvr1008h Grabador De Video Tp-link O Puertos Con Resolucion De Hasta 5mp, 1 Interfaz Sata Hasta 10 Tb, 12v Dc 1.5 A, 2 Usb 2.0, 1 Puerto Vga, 1 Puerto Hdmi Onvif","isPartOf":{"@id":"https:\/\/compuviper.mx\/tienda\/#website"},"datePublished":"2026-04-11T07:22:26+00:00","dateModified":"2026-04-11T07:22:27+00:00","description":"Compra Vigi Nvr1008h Grabador De Video Tp-link O Puertos Con Resolucion De Hasta 5mp, 1 Interfaz Sata Hasta 10 Tb, 12v Dc 1.5 A, 2 Usb 2.0, 1 Puerto Vga, 1 Puerto Hdmi Onvif + Env\u00edo a domicilio + Pago seguro + Garant\u00eda","breadcrumb":{"@id":"https:\/\/compuviper.mx\/tienda\/producto\/tp-link-vigi-nvr1008h-grabador-de-video-tp-link-o-puertos-con-resolucion-de-hasta-5mp-1-interfaz-sata-hasta-10-tb-12v-dc-1-5-a-2-usb-2-0-1-puerto-vga-1-puerto-hdmi-onvif\/#breadcrumb"},"inLanguage":"es-MX","potentialAction":[{"@type":"ReadAction","target":["https:\/\/compuviper.mx\/tienda\/producto\/tp-link-vigi-nvr1008h-grabador-de-video-tp-link-o-puertos-con-resolucion-de-hasta-5mp-1-interfaz-sata-hasta-10-tb-12v-dc-1-5-a-2-usb-2-0-1-puerto-vga-1-puerto-hdmi-onvif\/"]}]},{"@type":"BreadcrumbList","@id":"https:\/\/compuviper.mx\/tienda\/producto\/tp-link-vigi-nvr1008h-grabador-de-video-tp-link-o-puertos-con-resolucion-de-hasta-5mp-1-interfaz-sata-hasta-10-tb-12v-dc-1-5-a-2-usb-2-0-1-puerto-vga-1-puerto-hdmi-onvif\/#breadcrumb","itemListElement":[{"@type":"ListItem","position":1,"name":"Inicio","item":"https:\/\/compuviper.mx\/tienda\/"},{"@type":"ListItem","position":2,"name":"Productos","item":"https:\/\/compuviper.mx\/tienda\/productos\/"},{"@type":"ListItem","position":3,"name":"Videograbadores","item":"https:\/\/compuviper.mx\/tienda\/categoria-producto\/videograbadores\/"},{"@type":"ListItem","position":4,"name":"Nvr","item":"https:\/\/compuviper.mx\/tienda\/categoria-producto\/videograbadores\/nvr\/"},{"@type":"ListItem","position":5,"name":"Tp Link Vigi Nvr1008h Grabador De Video Tp-link O Puertos Con Resolucion De Hasta 5mp, 1 Interfaz Sata Hasta 10 Tb, 12v Dc 1.5 A, 2 Usb 2.0, 1 Puerto Vga, 1 Puerto Hdmi Onvif"}]},{"@type":"WebSite","@id":"https:\/\/compuviper.mx\/tienda\/#website","url":"https:\/\/compuviper.mx\/tienda\/","name":"Compuviper","description":"Proveedor de Computadoras, Laptops, Servidores, Monitores, Puntos de Venta, Teclados,   Impresoras, T\u00f3ner, C\u00e1maras de Seguridad y m\u00e1s en tu tienda en l\u00ednea","publisher":{"@id":"https:\/\/compuviper.mx\/tienda\/#organization"},"potentialAction":[{"@type":"SearchAction","target":{"@type":"EntryPoint","urlTemplate":"https:\/\/compuviper.mx\/tienda\/?s={search_term_string}"},"query-input":"required name=search_term_string"}],"inLanguage":"es-MX"},{"@type":"Organization","@id":"https:\/\/compuviper.mx\/tienda\/#organization","name":"Compuviper","url":"https:\/\/compuviper.mx\/tienda\/","logo":{"@type":"ImageObject","inLanguage":"es-MX","@id":"https:\/\/compuviper.mx\/tienda\/#\/schema\/logo\/image\/","url":"https:\/\/compuviper.mx\/tienda\/wp-content\/uploads\/2021\/08\/Logo-Compuviper-10.png","contentUrl":"https:\/\/compuviper.mx\/tienda\/wp-content\/uploads\/2021\/08\/Logo-Compuviper-10.png","width":1000,"height":500,"caption":"Compuviper"},"image":{"@id":"https:\/\/compuviper.mx\/tienda\/#\/schema\/logo\/image\/"},"sameAs":["https:\/\/www.facebook.com\/compuviper","https:\/\/www.youtube.com\/channel\/UCf73dERp9Y3cfOq7q8BhLjA?view_as=subscriber"]}]},"product_brand":"TP LINK","product_price_amount":"983","product_price_currency":"MXN","og_availability":"backorder","product_availability":"available for order","product_retailer_item_id":"VIGI NVR1008H","product_condition":"new"},"_links":{"self":[{"href":"https:\/\/compuviper.mx\/tienda\/wp-json\/wp\/v2\/product\/239062"}],"collection":[{"href":"https:\/\/compuviper.mx\/tienda\/wp-json\/wp\/v2\/product"}],"about":[{"href":"https:\/\/compuviper.mx\/tienda\/wp-json\/wp\/v2\/types\/product"}],"replies":[{"embeddable":true,"href":"https:\/\/compuviper.mx\/tienda\/wp-json\/wp\/v2\/comments?post=239062"}],"wp:featuredmedia":[{"embeddable":true,"href":"https:\/\/compuviper.mx\/tienda\/wp-json\/wp\/v2\/media\/239401"}],"wp:attachment":[{"href":"https:\/\/compuviper.mx\/tienda\/wp-json\/wp\/v2\/media?parent=239062"}],"wp:term":[{"taxonomy":"product_cat","embeddable":true,"href":"https:\/\/compuviper.mx\/tienda\/wp-json\/wp\/v2\/product_cat?post=239062"},{"taxonomy":"product_tag","embeddable":true,"href":"https:\/\/compuviper.mx\/tienda\/wp-json\/wp\/v2\/product_tag?post=239062"}],"curies":[{"name":"wp","href":"https:\/\/api.w.org\/{rel}","templated":true}]}}