{"id":239040,"date":"2026-04-11T01:22:35","date_gmt":"2026-04-11T07:22:35","guid":{"rendered":"https:\/\/compuviper.mx\/tienda\/producto\/tp-link-vigi-nvr2016h-16p-nvr-tp-link-vigi-poe-16-canales-hdmi-4k-90-w-poe-budget-h-265-onvif-grabacion-continuan-24-7-audio-bidireccional-supervision-remota\/"},"modified":"2026-04-11T01:22:36","modified_gmt":"2026-04-11T07:22:36","slug":"tp-link-vigi-nvr2016h-16p-nvr-tp-link-vigi-poe-16-canales-hdmi-4k-90-w-poe-budget-h-265-onvif-grabacion-continuan-24-7-audio-bidireccional-supervision-remota","status":"publish","type":"product","link":"https:\/\/compuviper.mx\/tienda\/producto\/tp-link-vigi-nvr2016h-16p-nvr-tp-link-vigi-poe-16-canales-hdmi-4k-90-w-poe-budget-h-265-onvif-grabacion-continuan-24-7-audio-bidireccional-supervision-remota\/","title":{"rendered":"Tp Link Vigi Nvr2016h-16p Nvr Tp-link Vigi  Poe 16 Canales Hdmi 4k 90 W Poe Budget H.265 Onvif Grabacion Continuan 24 \/ 7 Audio Bidireccional Supervision Remota"},"content":{"rendered":"<table class=\"descripcion\">\n<tr>\n<td>Nvr poe plus de 16 canales<\/td>\n<\/tr>\n<tr>\n<td>Especificaciones: salida de vdeo hdmi 4k y capacidad de decodificacin de 16 mp; grabacin continua 24 horas al da, 7 das a la semana; vista en vivo en tiempo real de 16 canales; reproduccin simult\u00e1nea de 16 canales; h.265; onvif garantiza la compatibilidad; plug  and  play; monitoreo remoto; instalacin flexible; 2 interfaces hdd hasta 10 tb cada una, 1 interfaz esata; admite 16 puertos poe 30 w m\u00e1x. para cada puerto; admite presupuesto poe de 90 w<\/td>\n<\/tr>\n<\/table>\n","protected":false},"excerpt":{"rendered":"<p>Salida de vdeo hdmi 4k y capacidad de descodificacin de 16mp:  definicin de imagen ntida de hasta 8mp, y capacidad de decodificacin de 8-ch@2mp\u0086 que permite disfrutar de la visualizacin y reproduccin en directo de m\u00e1s canales al mismo tiempo. 90 w poe budget: 16 puertos poe compatibles con 802.3af\/at con una alimentacin total de 90 w.?. Reproduccin simult\u00e1nea de 16 canales: reproduzca la seal de hasta 16 c\u00e1maras al mismo tiempo, aumente la velocidad de reproduccin y busque eventos en la programacin de vdeo para revisar f\u00e1cilmente las grabaciones. H.265: comprime el tamao del vdeo sin sacrificar su calidad, aliviando la carga de la red y ahorrando espacio en disco. Onvif garantiza la compatibilidad and 9651;: aada f\u00e1cilmente ipc de vigi y otras marcas para establecer una red potente y variada gracias a la compatibilidad sin barreras. Inicializacin autom\u00e1tica para una configuracin r\u00e1pida: basta con hacer clic en inicializar autom\u00e1ticamente para configurar los par\u00e1metros b\u00e1sicos del ipc y el disco duro, lo que reduce considerablemente el tiempo de configuracin. Grabacin continua 24\/7: almacena hasta 20tb de im\u00e1genes 1048 das de almacenamiento de las c\u00e1maras conectadas para proteger los datos y poder acceder a ellos de forma r\u00e1pida y cmoda. Audio bidireccional: gracias al intercomunicador de voz, ahuyente a posibles ladrones o intrusos desde cualquier lugar. Supervisin remota: la aplicacin y el cliente vigi especficos permiten la supervisin remota, lo que resulta muy cmodo.<\/p>\n","protected":false},"featured_media":243043,"comment_status":"open","ping_status":"open","template":"","meta":[],"product_cat":[1768,1689],"product_tag":[1562],"acf":[],"yoast_head":"<!-- This site is optimized with the Yoast SEO plugin v21.7 - https:\/\/yoast.com\/wordpress\/plugins\/seo\/ -->\n<title>[ Tp Link ] &#129351; Vigi Nvr2016h-16p Nvr Tp-link Vigi Poe 16 Canales Hdmi 4k 90 W Poe Budget H.265 Onvif Grabacion Continuan 24 \/ 7 Audio Bidireccional Supervision Remota<\/title>\n<meta name=\"description\" content=\"Compra Vigi Nvr2016h-16p Nvr Tp-link Vigi Poe 16 Canales Hdmi 4k 90 W Poe Budget H.265 Onvif Grabacion Continuan 24 \/ 7 Audio Bidireccional Supervision Remota + Env\u00edo a domicilio + Pago seguro + Garant\u00eda\" \/>\n<meta name=\"robots\" content=\"index, follow, max-snippet:-1, max-image-preview:large, max-video-preview:-1\" \/>\n<link rel=\"canonical\" href=\"https:\/\/compuviper.mx\/tienda\/producto\/tp-link-vigi-nvr2016h-16p-nvr-tp-link-vigi-poe-16-canales-hdmi-4k-90-w-poe-budget-h-265-onvif-grabacion-continuan-24-7-audio-bidireccional-supervision-remota\/\" \/>\n<meta property=\"og:locale\" content=\"es_MX\" \/>\n<meta property=\"og:type\" content=\"article\" \/>\n<meta property=\"og:title\" content=\"[ Tp Link ] &#129351; Vigi Nvr2016h-16p Nvr Tp-link Vigi Poe 16 Canales Hdmi 4k 90 W Poe Budget H.265 Onvif Grabacion Continuan 24 \/ 7 Audio Bidireccional Supervision Remota\" \/>\n<meta property=\"og:description\" content=\"Compra Vigi Nvr2016h-16p Nvr Tp-link Vigi Poe 16 Canales Hdmi 4k 90 W Poe Budget H.265 Onvif Grabacion Continuan 24 \/ 7 Audio Bidireccional Supervision Remota + Env\u00edo a domicilio + Pago seguro + Garant\u00eda\" \/>\n<meta property=\"og:url\" content=\"https:\/\/compuviper.mx\/tienda\/producto\/tp-link-vigi-nvr2016h-16p-nvr-tp-link-vigi-poe-16-canales-hdmi-4k-90-w-poe-budget-h-265-onvif-grabacion-continuan-24-7-audio-bidireccional-supervision-remota\/\" \/>\n<meta property=\"og:site_name\" content=\"Compuviper\" \/>\n<meta property=\"article:publisher\" content=\"https:\/\/www.facebook.com\/compuviper\" \/>\n<meta property=\"article:modified_time\" content=\"2026-04-11T07:22:36+00:00\" \/>\n<meta property=\"og:image\" content=\"https:\/\/compuviper.mx\/tienda\/wp-content\/uploads\/2024\/09\/Nvr-tp-link-vigi-vigi-nvr2016h-16p-poe-16-canales-hdmi-4k-90-w-poe-budget-h.265-onvif-grabacion-continuan-24-7-audio-bidireccional-supervision-remota.jpg\" \/>\n\t<meta property=\"og:image:width\" content=\"200\" \/>\n\t<meta property=\"og:image:height\" content=\"200\" \/>\n\t<meta property=\"og:image:type\" content=\"image\/jpeg\" \/>\n<meta name=\"twitter:card\" content=\"summary_large_image\" \/>\n<meta name=\"twitter:label1\" content=\"Precio\" \/>\n\t<meta name=\"twitter:data1\" content=\"&#36;3,860 con IVA\" \/>\n\t<meta name=\"twitter:label2\" content=\"Availability\" \/>\n\t<meta name=\"twitter:data2\" content=\"On backorder\" \/>\n<script type=\"application\/ld+json\" class=\"yoast-schema-graph\">{\"@context\":\"https:\/\/schema.org\",\"@graph\":[{\"@type\":\"WebPage\",\"@id\":\"https:\/\/compuviper.mx\/tienda\/producto\/tp-link-vigi-nvr2016h-16p-nvr-tp-link-vigi-poe-16-canales-hdmi-4k-90-w-poe-budget-h-265-onvif-grabacion-continuan-24-7-audio-bidireccional-supervision-remota\/\",\"url\":\"https:\/\/compuviper.mx\/tienda\/producto\/tp-link-vigi-nvr2016h-16p-nvr-tp-link-vigi-poe-16-canales-hdmi-4k-90-w-poe-budget-h-265-onvif-grabacion-continuan-24-7-audio-bidireccional-supervision-remota\/\",\"name\":\"[ Tp Link ] &#129351; Vigi Nvr2016h-16p Nvr Tp-link Vigi Poe 16 Canales Hdmi 4k 90 W Poe Budget H.265 Onvif Grabacion Continuan 24 \/ 7 Audio Bidireccional Supervision Remota\",\"isPartOf\":{\"@id\":\"https:\/\/compuviper.mx\/tienda\/#website\"},\"datePublished\":\"2026-04-11T07:22:35+00:00\",\"dateModified\":\"2026-04-11T07:22:36+00:00\",\"description\":\"Compra Vigi Nvr2016h-16p Nvr Tp-link Vigi Poe 16 Canales Hdmi 4k 90 W Poe Budget H.265 Onvif Grabacion Continuan 24 \/ 7 Audio Bidireccional Supervision Remota + Env\u00edo a domicilio + Pago seguro + Garant\u00eda\",\"breadcrumb\":{\"@id\":\"https:\/\/compuviper.mx\/tienda\/producto\/tp-link-vigi-nvr2016h-16p-nvr-tp-link-vigi-poe-16-canales-hdmi-4k-90-w-poe-budget-h-265-onvif-grabacion-continuan-24-7-audio-bidireccional-supervision-remota\/#breadcrumb\"},\"inLanguage\":\"es-MX\",\"potentialAction\":[{\"@type\":\"ReadAction\",\"target\":[\"https:\/\/compuviper.mx\/tienda\/producto\/tp-link-vigi-nvr2016h-16p-nvr-tp-link-vigi-poe-16-canales-hdmi-4k-90-w-poe-budget-h-265-onvif-grabacion-continuan-24-7-audio-bidireccional-supervision-remota\/\"]}]},{\"@type\":\"BreadcrumbList\",\"@id\":\"https:\/\/compuviper.mx\/tienda\/producto\/tp-link-vigi-nvr2016h-16p-nvr-tp-link-vigi-poe-16-canales-hdmi-4k-90-w-poe-budget-h-265-onvif-grabacion-continuan-24-7-audio-bidireccional-supervision-remota\/#breadcrumb\",\"itemListElement\":[{\"@type\":\"ListItem\",\"position\":1,\"name\":\"Inicio\",\"item\":\"https:\/\/compuviper.mx\/tienda\/\"},{\"@type\":\"ListItem\",\"position\":2,\"name\":\"Productos\",\"item\":\"https:\/\/compuviper.mx\/tienda\/productos\/\"},{\"@type\":\"ListItem\",\"position\":3,\"name\":\"Videograbadores\",\"item\":\"https:\/\/compuviper.mx\/tienda\/categoria-producto\/videograbadores\/\"},{\"@type\":\"ListItem\",\"position\":4,\"name\":\"Nvr\",\"item\":\"https:\/\/compuviper.mx\/tienda\/categoria-producto\/videograbadores\/nvr\/\"},{\"@type\":\"ListItem\",\"position\":5,\"name\":\"Tp Link Vigi Nvr2016h-16p Nvr Tp-link Vigi Poe 16 Canales Hdmi 4k 90 W Poe Budget H.265 Onvif Grabacion Continuan 24 \/ 7 Audio Bidireccional Supervision Remota\"}]},{\"@type\":\"WebSite\",\"@id\":\"https:\/\/compuviper.mx\/tienda\/#website\",\"url\":\"https:\/\/compuviper.mx\/tienda\/\",\"name\":\"Compuviper\",\"description\":\"Proveedor de Computadoras, Laptops, Servidores, Monitores, Puntos de Venta, Teclados,   Impresoras, T\u00f3ner, C\u00e1maras de Seguridad y m\u00e1s en tu tienda en l\u00ednea\",\"publisher\":{\"@id\":\"https:\/\/compuviper.mx\/tienda\/#organization\"},\"potentialAction\":[{\"@type\":\"SearchAction\",\"target\":{\"@type\":\"EntryPoint\",\"urlTemplate\":\"https:\/\/compuviper.mx\/tienda\/?s={search_term_string}\"},\"query-input\":\"required name=search_term_string\"}],\"inLanguage\":\"es-MX\"},{\"@type\":\"Organization\",\"@id\":\"https:\/\/compuviper.mx\/tienda\/#organization\",\"name\":\"Compuviper\",\"url\":\"https:\/\/compuviper.mx\/tienda\/\",\"logo\":{\"@type\":\"ImageObject\",\"inLanguage\":\"es-MX\",\"@id\":\"https:\/\/compuviper.mx\/tienda\/#\/schema\/logo\/image\/\",\"url\":\"https:\/\/compuviper.mx\/tienda\/wp-content\/uploads\/2021\/08\/Logo-Compuviper-10.png\",\"contentUrl\":\"https:\/\/compuviper.mx\/tienda\/wp-content\/uploads\/2021\/08\/Logo-Compuviper-10.png\",\"width\":1000,\"height\":500,\"caption\":\"Compuviper\"},\"image\":{\"@id\":\"https:\/\/compuviper.mx\/tienda\/#\/schema\/logo\/image\/\"},\"sameAs\":[\"https:\/\/www.facebook.com\/compuviper\",\"https:\/\/www.youtube.com\/channel\/UCf73dERp9Y3cfOq7q8BhLjA?view_as=subscriber\"]}]}<\/script>\n<meta property=\"product:brand\" content=\"TP LINK\" \/>\n<meta property=\"product:price:amount\" content=\"3860\" \/>\n<meta property=\"product:price:currency\" content=\"MXN\" \/>\n<meta property=\"og:availability\" content=\"backorder\" \/>\n<meta property=\"product:availability\" content=\"available for order\" \/>\n<meta property=\"product:retailer_item_id\" content=\"VIGI NVR2016H-16P\" \/>\n<meta property=\"product:condition\" content=\"new\" \/>\n<!-- \/ Yoast SEO plugin. -->","yoast_head_json":{"title":"[ Tp Link ] &#129351; Vigi Nvr2016h-16p Nvr Tp-link Vigi Poe 16 Canales Hdmi 4k 90 W Poe Budget H.265 Onvif Grabacion Continuan 24 \/ 7 Audio Bidireccional Supervision Remota","description":"Compra Vigi Nvr2016h-16p Nvr Tp-link Vigi Poe 16 Canales Hdmi 4k 90 W Poe Budget H.265 Onvif Grabacion Continuan 24 \/ 7 Audio Bidireccional Supervision Remota + Env\u00edo a domicilio + Pago seguro + Garant\u00eda","robots":{"index":"index","follow":"follow","max-snippet":"max-snippet:-1","max-image-preview":"max-image-preview:large","max-video-preview":"max-video-preview:-1"},"canonical":"https:\/\/compuviper.mx\/tienda\/producto\/tp-link-vigi-nvr2016h-16p-nvr-tp-link-vigi-poe-16-canales-hdmi-4k-90-w-poe-budget-h-265-onvif-grabacion-continuan-24-7-audio-bidireccional-supervision-remota\/","og_locale":"es_MX","og_type":"article","og_title":"[ Tp Link ] &#129351; Vigi Nvr2016h-16p Nvr Tp-link Vigi Poe 16 Canales Hdmi 4k 90 W Poe Budget H.265 Onvif Grabacion Continuan 24 \/ 7 Audio Bidireccional Supervision Remota","og_description":"Compra Vigi Nvr2016h-16p Nvr Tp-link Vigi Poe 16 Canales Hdmi 4k 90 W Poe Budget H.265 Onvif Grabacion Continuan 24 \/ 7 Audio Bidireccional Supervision Remota + Env\u00edo a domicilio + Pago seguro + Garant\u00eda","og_url":"https:\/\/compuviper.mx\/tienda\/producto\/tp-link-vigi-nvr2016h-16p-nvr-tp-link-vigi-poe-16-canales-hdmi-4k-90-w-poe-budget-h-265-onvif-grabacion-continuan-24-7-audio-bidireccional-supervision-remota\/","og_site_name":"Compuviper","article_publisher":"https:\/\/www.facebook.com\/compuviper","article_modified_time":"2026-04-11T07:22:36+00:00","og_image":[{"width":200,"height":200,"url":"https:\/\/compuviper.mx\/tienda\/wp-content\/uploads\/2024\/09\/Nvr-tp-link-vigi-vigi-nvr2016h-16p-poe-16-canales-hdmi-4k-90-w-poe-budget-h.265-onvif-grabacion-continuan-24-7-audio-bidireccional-supervision-remota.jpg","type":"image\/jpeg"}],"twitter_card":"summary_large_image","twitter_misc":{"Precio":"&#36;3,860 con IVA","Availability":"On backorder"},"schema":{"@context":"https:\/\/schema.org","@graph":[{"@type":"WebPage","@id":"https:\/\/compuviper.mx\/tienda\/producto\/tp-link-vigi-nvr2016h-16p-nvr-tp-link-vigi-poe-16-canales-hdmi-4k-90-w-poe-budget-h-265-onvif-grabacion-continuan-24-7-audio-bidireccional-supervision-remota\/","url":"https:\/\/compuviper.mx\/tienda\/producto\/tp-link-vigi-nvr2016h-16p-nvr-tp-link-vigi-poe-16-canales-hdmi-4k-90-w-poe-budget-h-265-onvif-grabacion-continuan-24-7-audio-bidireccional-supervision-remota\/","name":"[ Tp Link ] &#129351; Vigi Nvr2016h-16p Nvr Tp-link Vigi Poe 16 Canales Hdmi 4k 90 W Poe Budget H.265 Onvif Grabacion Continuan 24 \/ 7 Audio Bidireccional Supervision Remota","isPartOf":{"@id":"https:\/\/compuviper.mx\/tienda\/#website"},"datePublished":"2026-04-11T07:22:35+00:00","dateModified":"2026-04-11T07:22:36+00:00","description":"Compra Vigi Nvr2016h-16p Nvr Tp-link Vigi Poe 16 Canales Hdmi 4k 90 W Poe Budget H.265 Onvif Grabacion Continuan 24 \/ 7 Audio Bidireccional Supervision Remota + Env\u00edo a domicilio + Pago seguro + Garant\u00eda","breadcrumb":{"@id":"https:\/\/compuviper.mx\/tienda\/producto\/tp-link-vigi-nvr2016h-16p-nvr-tp-link-vigi-poe-16-canales-hdmi-4k-90-w-poe-budget-h-265-onvif-grabacion-continuan-24-7-audio-bidireccional-supervision-remota\/#breadcrumb"},"inLanguage":"es-MX","potentialAction":[{"@type":"ReadAction","target":["https:\/\/compuviper.mx\/tienda\/producto\/tp-link-vigi-nvr2016h-16p-nvr-tp-link-vigi-poe-16-canales-hdmi-4k-90-w-poe-budget-h-265-onvif-grabacion-continuan-24-7-audio-bidireccional-supervision-remota\/"]}]},{"@type":"BreadcrumbList","@id":"https:\/\/compuviper.mx\/tienda\/producto\/tp-link-vigi-nvr2016h-16p-nvr-tp-link-vigi-poe-16-canales-hdmi-4k-90-w-poe-budget-h-265-onvif-grabacion-continuan-24-7-audio-bidireccional-supervision-remota\/#breadcrumb","itemListElement":[{"@type":"ListItem","position":1,"name":"Inicio","item":"https:\/\/compuviper.mx\/tienda\/"},{"@type":"ListItem","position":2,"name":"Productos","item":"https:\/\/compuviper.mx\/tienda\/productos\/"},{"@type":"ListItem","position":3,"name":"Videograbadores","item":"https:\/\/compuviper.mx\/tienda\/categoria-producto\/videograbadores\/"},{"@type":"ListItem","position":4,"name":"Nvr","item":"https:\/\/compuviper.mx\/tienda\/categoria-producto\/videograbadores\/nvr\/"},{"@type":"ListItem","position":5,"name":"Tp Link Vigi Nvr2016h-16p Nvr Tp-link Vigi Poe 16 Canales Hdmi 4k 90 W Poe Budget H.265 Onvif Grabacion Continuan 24 \/ 7 Audio Bidireccional Supervision Remota"}]},{"@type":"WebSite","@id":"https:\/\/compuviper.mx\/tienda\/#website","url":"https:\/\/compuviper.mx\/tienda\/","name":"Compuviper","description":"Proveedor de Computadoras, Laptops, Servidores, Monitores, Puntos de Venta, Teclados,   Impresoras, T\u00f3ner, C\u00e1maras de Seguridad y m\u00e1s en tu tienda en l\u00ednea","publisher":{"@id":"https:\/\/compuviper.mx\/tienda\/#organization"},"potentialAction":[{"@type":"SearchAction","target":{"@type":"EntryPoint","urlTemplate":"https:\/\/compuviper.mx\/tienda\/?s={search_term_string}"},"query-input":"required name=search_term_string"}],"inLanguage":"es-MX"},{"@type":"Organization","@id":"https:\/\/compuviper.mx\/tienda\/#organization","name":"Compuviper","url":"https:\/\/compuviper.mx\/tienda\/","logo":{"@type":"ImageObject","inLanguage":"es-MX","@id":"https:\/\/compuviper.mx\/tienda\/#\/schema\/logo\/image\/","url":"https:\/\/compuviper.mx\/tienda\/wp-content\/uploads\/2021\/08\/Logo-Compuviper-10.png","contentUrl":"https:\/\/compuviper.mx\/tienda\/wp-content\/uploads\/2021\/08\/Logo-Compuviper-10.png","width":1000,"height":500,"caption":"Compuviper"},"image":{"@id":"https:\/\/compuviper.mx\/tienda\/#\/schema\/logo\/image\/"},"sameAs":["https:\/\/www.facebook.com\/compuviper","https:\/\/www.youtube.com\/channel\/UCf73dERp9Y3cfOq7q8BhLjA?view_as=subscriber"]}]},"product_brand":"TP LINK","product_price_amount":"3860","product_price_currency":"MXN","og_availability":"backorder","product_availability":"available for order","product_retailer_item_id":"VIGI NVR2016H-16P","product_condition":"new"},"_links":{"self":[{"href":"https:\/\/compuviper.mx\/tienda\/wp-json\/wp\/v2\/product\/239040"}],"collection":[{"href":"https:\/\/compuviper.mx\/tienda\/wp-json\/wp\/v2\/product"}],"about":[{"href":"https:\/\/compuviper.mx\/tienda\/wp-json\/wp\/v2\/types\/product"}],"replies":[{"embeddable":true,"href":"https:\/\/compuviper.mx\/tienda\/wp-json\/wp\/v2\/comments?post=239040"}],"wp:featuredmedia":[{"embeddable":true,"href":"https:\/\/compuviper.mx\/tienda\/wp-json\/wp\/v2\/media\/243043"}],"wp:attachment":[{"href":"https:\/\/compuviper.mx\/tienda\/wp-json\/wp\/v2\/media?parent=239040"}],"wp:term":[{"taxonomy":"product_cat","embeddable":true,"href":"https:\/\/compuviper.mx\/tienda\/wp-json\/wp\/v2\/product_cat?post=239040"},{"taxonomy":"product_tag","embeddable":true,"href":"https:\/\/compuviper.mx\/tienda\/wp-json\/wp\/v2\/product_tag?post=239040"}],"curies":[{"name":"wp","href":"https:\/\/api.w.org\/{rel}","templated":true}]}}