{"id":239003,"date":"2026-04-23T00:14:33","date_gmt":"2026-04-23T06:14:33","guid":{"rendered":"https:\/\/compuviper.mx\/tienda\/producto\/tp-link-vigi-c320i2-8mm-camara-ip-bala-tp-link-vigi-2mp-para-exterior-ip67-smartvid-vision-nocturna-h-265-conexion-poe-onvif-clasificacion-personas-y-vehiculos\/"},"modified":"2026-04-23T00:14:33","modified_gmt":"2026-04-23T06:14:33","slug":"tp-link-vigi-c320i2-8mm-camara-ip-bala-tp-link-vigi-2mp-para-exterior-ip67-smartvid-vision-nocturna-h-265-conexion-poe-onvif-clasificacion-personas-y-vehiculos","status":"publish","type":"product","link":"https:\/\/compuviper.mx\/tienda\/producto\/tp-link-vigi-c320i2-8mm-camara-ip-bala-tp-link-vigi-2mp-para-exterior-ip67-smartvid-vision-nocturna-h-265-conexion-poe-onvif-clasificacion-personas-y-vehiculos\/","title":{"rendered":"Tp Link Vigi C320i(2.8mm) Camara Ip Bala | Tp-link | Vigi | | 2mp | Para Exterior | Ip67 | Smartvid | Vision Nocturna| H.265+ | Conexion Poe | Onvif | Clasificacion Personas Y Vehiculos"},"content":{"rendered":"<table class=\"descripcion\">\n<tr>\n<td>C\u00e1mara ip tipo bala para exteriores de 2 mp<\/td>\n<\/tr>\n<tr>\n<td>Especificaciones: h.265\/h.265\/h.264\/h.264, cmos de escaneo progresivo de 1\/3, color\/0,01 lux@f2.2, 0 lux con ir, 25 fps\/30 fps 1920 x 1080, 1280 x 960, 1280&#215;720, poe, lente fija de 2,8 mm, ip67<\/td>\n<\/tr>\n<tr>\n<td>Caracterstica: deteccin inteligente clasificacin de personas y vehculos deteccin de movimiento, deteccin de intrusin en \u00e1rea, deteccin de cruce de lneas, deteccin de manipulacin de c\u00e1maras, deteccin de objetos abandonados, deteccin de eliminacin de objetos, deteccin de entrada en \u00e1reas, deteccin de salidas de \u00e1reas, deteccin de vehculos, deteccin de personas, smartvid smart ir, dwdr, 3d dnr, blc, visin nocturna por infrarrojos hasta 30 m, onvif, monitoreo remoto, aplicacin vigi, vigi security manager<\/td>\n<\/tr>\n<\/table>\n","protected":false},"excerpt":{"rendered":"<p>Alta definicin. Clasificacin de personas y vehculos. Deteccin inteligente. Smartvid. Visin nocturna. Codificacin de video inteligente. Resistencia ip67. Conexin poe. Monitorizacin en remoto. Compatibilidad onvif<\/p>\n","protected":false},"featured_media":242488,"comment_status":"open","ping_status":"open","template":"","meta":[],"product_cat":[1608,1681],"product_tag":[1562],"acf":[],"yoast_head":"<!-- This site is optimized with the Yoast SEO plugin v21.7 - https:\/\/yoast.com\/wordpress\/plugins\/seo\/ -->\n<title>[ Tp Link ] &#129351; Vigi C320i(2.8mm) Camara Ip Bala | Tp-link | Vigi | | 2mp | Para Exterior | Ip67 | Smartvid | Vision Nocturna| H.265+ | Conexion Poe | Onvif | Clasificacion Personas Y Vehiculos<\/title>\n<meta name=\"description\" content=\"Compra Vigi C320i(2.8mm) Camara Ip Bala | Tp-link | Vigi | | 2mp | Para Exterior | Ip67 | Smartvid | Vision Nocturna| H.265+ | Conexion Poe | Onvif | Clasificacion Personas Y Vehiculos + Env\u00edo a domicilio + Pago seguro + Garant\u00eda\" \/>\n<meta name=\"robots\" content=\"index, follow, max-snippet:-1, max-image-preview:large, max-video-preview:-1\" \/>\n<link rel=\"canonical\" href=\"https:\/\/compuviper.mx\/tienda\/producto\/tp-link-vigi-c320i2-8mm-camara-ip-bala-tp-link-vigi-2mp-para-exterior-ip67-smartvid-vision-nocturna-h-265-conexion-poe-onvif-clasificacion-personas-y-vehiculos\/\" \/>\n<meta property=\"og:locale\" content=\"es_MX\" \/>\n<meta property=\"og:type\" content=\"article\" \/>\n<meta property=\"og:title\" content=\"[ Tp Link ] &#129351; Vigi C320i(2.8mm) Camara Ip Bala | Tp-link | Vigi | | 2mp | Para Exterior | Ip67 | Smartvid | Vision Nocturna| H.265+ | Conexion Poe | Onvif | Clasificacion Personas Y Vehiculos\" \/>\n<meta property=\"og:description\" content=\"Compra Vigi C320i(2.8mm) Camara Ip Bala | Tp-link | Vigi | | 2mp | Para Exterior | Ip67 | Smartvid | Vision Nocturna| H.265+ | Conexion Poe | Onvif | Clasificacion Personas Y Vehiculos + Env\u00edo a domicilio + Pago seguro + Garant\u00eda\" \/>\n<meta property=\"og:url\" content=\"https:\/\/compuviper.mx\/tienda\/producto\/tp-link-vigi-c320i2-8mm-camara-ip-bala-tp-link-vigi-2mp-para-exterior-ip67-smartvid-vision-nocturna-h-265-conexion-poe-onvif-clasificacion-personas-y-vehiculos\/\" \/>\n<meta property=\"og:site_name\" content=\"Compuviper\" \/>\n<meta property=\"article:publisher\" content=\"https:\/\/www.facebook.com\/compuviper\" \/>\n<meta property=\"og:image\" content=\"https:\/\/compuviper.mx\/tienda\/wp-content\/uploads\/2024\/09\/Camara-ip-bala-tp-link-vigi-vigi-c320i2.8mm-2mp-para-exterior-ip67-smartvid-vision-nocturna-h.265-conexion-poe-onvif-clasificacion-personas-y-vehiculos.jpg\" \/>\n\t<meta property=\"og:image:width\" content=\"200\" \/>\n\t<meta property=\"og:image:height\" content=\"200\" \/>\n\t<meta property=\"og:image:type\" content=\"image\/jpeg\" \/>\n<meta name=\"twitter:card\" content=\"summary_large_image\" \/>\n<meta name=\"twitter:label1\" content=\"Precio\" \/>\n\t<meta name=\"twitter:data1\" content=\"&#36;640 con IVA\" \/>\n\t<meta name=\"twitter:label2\" content=\"Availability\" \/>\n\t<meta name=\"twitter:data2\" content=\"On backorder\" \/>\n<script type=\"application\/ld+json\" class=\"yoast-schema-graph\">{\"@context\":\"https:\/\/schema.org\",\"@graph\":[{\"@type\":\"WebPage\",\"@id\":\"https:\/\/compuviper.mx\/tienda\/producto\/tp-link-vigi-c320i2-8mm-camara-ip-bala-tp-link-vigi-2mp-para-exterior-ip67-smartvid-vision-nocturna-h-265-conexion-poe-onvif-clasificacion-personas-y-vehiculos\/\",\"url\":\"https:\/\/compuviper.mx\/tienda\/producto\/tp-link-vigi-c320i2-8mm-camara-ip-bala-tp-link-vigi-2mp-para-exterior-ip67-smartvid-vision-nocturna-h-265-conexion-poe-onvif-clasificacion-personas-y-vehiculos\/\",\"name\":\"[ Tp Link ] &#129351; Vigi C320i(2.8mm) Camara Ip Bala | Tp-link | Vigi | | 2mp | Para Exterior | Ip67 | Smartvid | Vision Nocturna| H.265+ | Conexion Poe | Onvif | Clasificacion Personas Y Vehiculos\",\"isPartOf\":{\"@id\":\"https:\/\/compuviper.mx\/tienda\/#website\"},\"datePublished\":\"2026-04-23T06:14:33+00:00\",\"dateModified\":\"2026-04-23T06:14:33+00:00\",\"description\":\"Compra Vigi C320i(2.8mm) Camara Ip Bala | Tp-link | Vigi | | 2mp | Para Exterior | Ip67 | Smartvid | Vision Nocturna| H.265+ | Conexion Poe | Onvif | Clasificacion Personas Y Vehiculos + Env\u00edo a domicilio + Pago seguro + Garant\u00eda\",\"breadcrumb\":{\"@id\":\"https:\/\/compuviper.mx\/tienda\/producto\/tp-link-vigi-c320i2-8mm-camara-ip-bala-tp-link-vigi-2mp-para-exterior-ip67-smartvid-vision-nocturna-h-265-conexion-poe-onvif-clasificacion-personas-y-vehiculos\/#breadcrumb\"},\"inLanguage\":\"es-MX\",\"potentialAction\":[{\"@type\":\"ReadAction\",\"target\":[\"https:\/\/compuviper.mx\/tienda\/producto\/tp-link-vigi-c320i2-8mm-camara-ip-bala-tp-link-vigi-2mp-para-exterior-ip67-smartvid-vision-nocturna-h-265-conexion-poe-onvif-clasificacion-personas-y-vehiculos\/\"]}]},{\"@type\":\"BreadcrumbList\",\"@id\":\"https:\/\/compuviper.mx\/tienda\/producto\/tp-link-vigi-c320i2-8mm-camara-ip-bala-tp-link-vigi-2mp-para-exterior-ip67-smartvid-vision-nocturna-h-265-conexion-poe-onvif-clasificacion-personas-y-vehiculos\/#breadcrumb\",\"itemListElement\":[{\"@type\":\"ListItem\",\"position\":1,\"name\":\"Inicio\",\"item\":\"https:\/\/compuviper.mx\/tienda\/\"},{\"@type\":\"ListItem\",\"position\":2,\"name\":\"Productos\",\"item\":\"https:\/\/compuviper.mx\/tienda\/productos\/\"},{\"@type\":\"ListItem\",\"position\":3,\"name\":\"Camaras\",\"item\":\"https:\/\/compuviper.mx\/tienda\/categoria-producto\/camaras-2\/\"},{\"@type\":\"ListItem\",\"position\":4,\"name\":\"Camara De Videovigilancia\",\"item\":\"https:\/\/compuviper.mx\/tienda\/categoria-producto\/camaras-2\/camara-de-videovigilancia\/\"},{\"@type\":\"ListItem\",\"position\":5,\"name\":\"Tp Link Vigi C320i(2.8mm) Camara Ip Bala | Tp-link | Vigi | | 2mp | Para Exterior | Ip67 | Smartvid | Vision Nocturna| H.265+ | Conexion Poe | Onvif | Clasificacion Personas Y Vehiculos\"}]},{\"@type\":\"WebSite\",\"@id\":\"https:\/\/compuviper.mx\/tienda\/#website\",\"url\":\"https:\/\/compuviper.mx\/tienda\/\",\"name\":\"Compuviper\",\"description\":\"Proveedor de Computadoras, Laptops, Servidores, Monitores, Puntos de Venta, Teclados,   Impresoras, T\u00f3ner, C\u00e1maras de Seguridad y m\u00e1s en tu tienda en l\u00ednea\",\"publisher\":{\"@id\":\"https:\/\/compuviper.mx\/tienda\/#organization\"},\"potentialAction\":[{\"@type\":\"SearchAction\",\"target\":{\"@type\":\"EntryPoint\",\"urlTemplate\":\"https:\/\/compuviper.mx\/tienda\/?s={search_term_string}\"},\"query-input\":\"required name=search_term_string\"}],\"inLanguage\":\"es-MX\"},{\"@type\":\"Organization\",\"@id\":\"https:\/\/compuviper.mx\/tienda\/#organization\",\"name\":\"Compuviper\",\"url\":\"https:\/\/compuviper.mx\/tienda\/\",\"logo\":{\"@type\":\"ImageObject\",\"inLanguage\":\"es-MX\",\"@id\":\"https:\/\/compuviper.mx\/tienda\/#\/schema\/logo\/image\/\",\"url\":\"https:\/\/compuviper.mx\/tienda\/wp-content\/uploads\/2021\/08\/Logo-Compuviper-10.png\",\"contentUrl\":\"https:\/\/compuviper.mx\/tienda\/wp-content\/uploads\/2021\/08\/Logo-Compuviper-10.png\",\"width\":1000,\"height\":500,\"caption\":\"Compuviper\"},\"image\":{\"@id\":\"https:\/\/compuviper.mx\/tienda\/#\/schema\/logo\/image\/\"},\"sameAs\":[\"https:\/\/www.facebook.com\/compuviper\",\"https:\/\/www.youtube.com\/channel\/UCf73dERp9Y3cfOq7q8BhLjA?view_as=subscriber\"]}]}<\/script>\n<meta property=\"product:brand\" content=\"TP LINK\" \/>\n<meta property=\"product:price:amount\" content=\"640\" \/>\n<meta property=\"product:price:currency\" content=\"MXN\" \/>\n<meta property=\"og:availability\" content=\"backorder\" \/>\n<meta property=\"product:availability\" content=\"available for order\" \/>\n<meta property=\"product:retailer_item_id\" content=\"VIGI C320I(2.8MM)\" \/>\n<meta property=\"product:condition\" content=\"new\" \/>\n<!-- \/ Yoast SEO plugin. -->","yoast_head_json":{"title":"[ Tp Link ] &#129351; Vigi C320i(2.8mm) Camara Ip Bala | Tp-link | Vigi | | 2mp | Para Exterior | Ip67 | Smartvid | Vision Nocturna| H.265+ | Conexion Poe | Onvif | Clasificacion Personas Y Vehiculos","description":"Compra Vigi C320i(2.8mm) Camara Ip Bala | Tp-link | Vigi | | 2mp | Para Exterior | Ip67 | Smartvid | Vision Nocturna| H.265+ | Conexion Poe | Onvif | Clasificacion Personas Y Vehiculos + Env\u00edo a domicilio + Pago seguro + Garant\u00eda","robots":{"index":"index","follow":"follow","max-snippet":"max-snippet:-1","max-image-preview":"max-image-preview:large","max-video-preview":"max-video-preview:-1"},"canonical":"https:\/\/compuviper.mx\/tienda\/producto\/tp-link-vigi-c320i2-8mm-camara-ip-bala-tp-link-vigi-2mp-para-exterior-ip67-smartvid-vision-nocturna-h-265-conexion-poe-onvif-clasificacion-personas-y-vehiculos\/","og_locale":"es_MX","og_type":"article","og_title":"[ Tp Link ] &#129351; Vigi C320i(2.8mm) Camara Ip Bala | Tp-link | Vigi | | 2mp | Para Exterior | Ip67 | Smartvid | Vision Nocturna| H.265+ | Conexion Poe | Onvif | Clasificacion Personas Y Vehiculos","og_description":"Compra Vigi C320i(2.8mm) Camara Ip Bala | Tp-link | Vigi | | 2mp | Para Exterior | Ip67 | Smartvid | Vision Nocturna| H.265+ | Conexion Poe | Onvif | Clasificacion Personas Y Vehiculos + Env\u00edo a domicilio + Pago seguro + Garant\u00eda","og_url":"https:\/\/compuviper.mx\/tienda\/producto\/tp-link-vigi-c320i2-8mm-camara-ip-bala-tp-link-vigi-2mp-para-exterior-ip67-smartvid-vision-nocturna-h-265-conexion-poe-onvif-clasificacion-personas-y-vehiculos\/","og_site_name":"Compuviper","article_publisher":"https:\/\/www.facebook.com\/compuviper","og_image":[{"width":200,"height":200,"url":"https:\/\/compuviper.mx\/tienda\/wp-content\/uploads\/2024\/09\/Camara-ip-bala-tp-link-vigi-vigi-c320i2.8mm-2mp-para-exterior-ip67-smartvid-vision-nocturna-h.265-conexion-poe-onvif-clasificacion-personas-y-vehiculos.jpg","type":"image\/jpeg"}],"twitter_card":"summary_large_image","twitter_misc":{"Precio":"&#36;640 con IVA","Availability":"On backorder"},"schema":{"@context":"https:\/\/schema.org","@graph":[{"@type":"WebPage","@id":"https:\/\/compuviper.mx\/tienda\/producto\/tp-link-vigi-c320i2-8mm-camara-ip-bala-tp-link-vigi-2mp-para-exterior-ip67-smartvid-vision-nocturna-h-265-conexion-poe-onvif-clasificacion-personas-y-vehiculos\/","url":"https:\/\/compuviper.mx\/tienda\/producto\/tp-link-vigi-c320i2-8mm-camara-ip-bala-tp-link-vigi-2mp-para-exterior-ip67-smartvid-vision-nocturna-h-265-conexion-poe-onvif-clasificacion-personas-y-vehiculos\/","name":"[ Tp Link ] &#129351; Vigi C320i(2.8mm) Camara Ip Bala | Tp-link | Vigi | | 2mp | Para Exterior | Ip67 | Smartvid | Vision Nocturna| H.265+ | Conexion Poe | Onvif | Clasificacion Personas Y Vehiculos","isPartOf":{"@id":"https:\/\/compuviper.mx\/tienda\/#website"},"datePublished":"2026-04-23T06:14:33+00:00","dateModified":"2026-04-23T06:14:33+00:00","description":"Compra Vigi C320i(2.8mm) Camara Ip Bala | Tp-link | Vigi | | 2mp | Para Exterior | Ip67 | Smartvid | Vision Nocturna| H.265+ | Conexion Poe | Onvif | Clasificacion Personas Y Vehiculos + Env\u00edo a domicilio + Pago seguro + Garant\u00eda","breadcrumb":{"@id":"https:\/\/compuviper.mx\/tienda\/producto\/tp-link-vigi-c320i2-8mm-camara-ip-bala-tp-link-vigi-2mp-para-exterior-ip67-smartvid-vision-nocturna-h-265-conexion-poe-onvif-clasificacion-personas-y-vehiculos\/#breadcrumb"},"inLanguage":"es-MX","potentialAction":[{"@type":"ReadAction","target":["https:\/\/compuviper.mx\/tienda\/producto\/tp-link-vigi-c320i2-8mm-camara-ip-bala-tp-link-vigi-2mp-para-exterior-ip67-smartvid-vision-nocturna-h-265-conexion-poe-onvif-clasificacion-personas-y-vehiculos\/"]}]},{"@type":"BreadcrumbList","@id":"https:\/\/compuviper.mx\/tienda\/producto\/tp-link-vigi-c320i2-8mm-camara-ip-bala-tp-link-vigi-2mp-para-exterior-ip67-smartvid-vision-nocturna-h-265-conexion-poe-onvif-clasificacion-personas-y-vehiculos\/#breadcrumb","itemListElement":[{"@type":"ListItem","position":1,"name":"Inicio","item":"https:\/\/compuviper.mx\/tienda\/"},{"@type":"ListItem","position":2,"name":"Productos","item":"https:\/\/compuviper.mx\/tienda\/productos\/"},{"@type":"ListItem","position":3,"name":"Camaras","item":"https:\/\/compuviper.mx\/tienda\/categoria-producto\/camaras-2\/"},{"@type":"ListItem","position":4,"name":"Camara De Videovigilancia","item":"https:\/\/compuviper.mx\/tienda\/categoria-producto\/camaras-2\/camara-de-videovigilancia\/"},{"@type":"ListItem","position":5,"name":"Tp Link Vigi C320i(2.8mm) Camara Ip Bala | Tp-link | Vigi | | 2mp | Para Exterior | Ip67 | Smartvid | Vision Nocturna| H.265+ | Conexion Poe | Onvif | Clasificacion Personas Y Vehiculos"}]},{"@type":"WebSite","@id":"https:\/\/compuviper.mx\/tienda\/#website","url":"https:\/\/compuviper.mx\/tienda\/","name":"Compuviper","description":"Proveedor de Computadoras, Laptops, Servidores, Monitores, Puntos de Venta, Teclados,   Impresoras, T\u00f3ner, C\u00e1maras de Seguridad y m\u00e1s en tu tienda en l\u00ednea","publisher":{"@id":"https:\/\/compuviper.mx\/tienda\/#organization"},"potentialAction":[{"@type":"SearchAction","target":{"@type":"EntryPoint","urlTemplate":"https:\/\/compuviper.mx\/tienda\/?s={search_term_string}"},"query-input":"required name=search_term_string"}],"inLanguage":"es-MX"},{"@type":"Organization","@id":"https:\/\/compuviper.mx\/tienda\/#organization","name":"Compuviper","url":"https:\/\/compuviper.mx\/tienda\/","logo":{"@type":"ImageObject","inLanguage":"es-MX","@id":"https:\/\/compuviper.mx\/tienda\/#\/schema\/logo\/image\/","url":"https:\/\/compuviper.mx\/tienda\/wp-content\/uploads\/2021\/08\/Logo-Compuviper-10.png","contentUrl":"https:\/\/compuviper.mx\/tienda\/wp-content\/uploads\/2021\/08\/Logo-Compuviper-10.png","width":1000,"height":500,"caption":"Compuviper"},"image":{"@id":"https:\/\/compuviper.mx\/tienda\/#\/schema\/logo\/image\/"},"sameAs":["https:\/\/www.facebook.com\/compuviper","https:\/\/www.youtube.com\/channel\/UCf73dERp9Y3cfOq7q8BhLjA?view_as=subscriber"]}]},"product_brand":"TP LINK","product_price_amount":"640","product_price_currency":"MXN","og_availability":"backorder","product_availability":"available for order","product_retailer_item_id":"VIGI C320I(2.8MM)","product_condition":"new"},"_links":{"self":[{"href":"https:\/\/compuviper.mx\/tienda\/wp-json\/wp\/v2\/product\/239003"}],"collection":[{"href":"https:\/\/compuviper.mx\/tienda\/wp-json\/wp\/v2\/product"}],"about":[{"href":"https:\/\/compuviper.mx\/tienda\/wp-json\/wp\/v2\/types\/product"}],"replies":[{"embeddable":true,"href":"https:\/\/compuviper.mx\/tienda\/wp-json\/wp\/v2\/comments?post=239003"}],"wp:featuredmedia":[{"embeddable":true,"href":"https:\/\/compuviper.mx\/tienda\/wp-json\/wp\/v2\/media\/242488"}],"wp:attachment":[{"href":"https:\/\/compuviper.mx\/tienda\/wp-json\/wp\/v2\/media?parent=239003"}],"wp:term":[{"taxonomy":"product_cat","embeddable":true,"href":"https:\/\/compuviper.mx\/tienda\/wp-json\/wp\/v2\/product_cat?post=239003"},{"taxonomy":"product_tag","embeddable":true,"href":"https:\/\/compuviper.mx\/tienda\/wp-json\/wp\/v2\/product_tag?post=239003"}],"curies":[{"name":"wp","href":"https:\/\/api.w.org\/{rel}","templated":true}]}}