{"id":239002,"date":"2026-04-23T00:14:32","date_gmt":"2026-04-23T06:14:32","guid":{"rendered":"https:\/\/compuviper.mx\/tienda\/producto\/tp-link-vigi-c3402-8mm-camara-ip-bala-tp-link-vigi-4mp-full-color-audio-bidireccional-ip67-audio-bidireccional-video-inteligente-smartvid-h-265-clasificacion-personas-y-vehic\/"},"modified":"2026-04-23T00:14:32","modified_gmt":"2026-04-23T06:14:32","slug":"tp-link-vigi-c3402-8mm-camara-ip-bala-tp-link-vigi-vigi-c3402-8mm-4mp-full-color-audio-bidireccional-ip67-audio-bidireccional-video-inteligente-smartvid-h-265-clasificacion-personas-y-vehiculos","status":"publish","type":"product","link":"https:\/\/compuviper.mx\/tienda\/producto\/tp-link-vigi-c3402-8mm-camara-ip-bala-tp-link-vigi-vigi-c3402-8mm-4mp-full-color-audio-bidireccional-ip67-audio-bidireccional-video-inteligente-smartvid-h-265-clasificacion-personas-y-vehiculos\/","title":{"rendered":"Tp Link Vigi C340(2.8mm) Camara Ip Bala Tp-link Vigi Vigi C3402.8mm 4mp Full Color Audio Bidireccional Ip67 Audio Bidireccional Video Inteligente Smartvid H.265 Clasificacion Personas Y Vehiculos"},"content":{"rendered":"<table class=\"descripcion\">\n<tr>\n<td>C\u00e1mara ip tipo bala full color para exteriores de 4 mp<\/td>\n<\/tr>\n<tr>\n<td>Especificaciones: h.265\/h.265\/h.264\/h.264, cmos de escaneo progresivo de 1\/3, color\/0,005 lux@f1.6, 0 lux con ir\/luz blanca, 25 fps\/30 fps 2560&#215;1440 , 2304&#215;1296, 2048&#215;1280, 1920&#215;1080, poe\/12 v cc, lente fija de 2,8 mm, micrfono incorporado, altavoz, ranura micro-sd, ip66<\/td>\n<\/tr>\n<tr>\n<td>Caractersticas: visin nocturna por infrarrojos y full color hasta 30 m, defensa activa, audio bidireccional, almacenamiento a bordo, deteccin inteligente clasificacin de personas y vehculos deteccin de movimiento, deteccin de intrusin de \u00e1rea, deteccin de cruce de lneas, c\u00e1mara deteccin de manipulacin, deteccin de objetos abandonados, deteccin de eliminacin de objetos, deteccin de entrada de \u00e1rea, deteccin de salida de \u00e1rea, deteccin de vehculos, deteccin de personas, smartvid smart ir, dwdr, 3d dnr, blc, onvif, monitoreo remoto, aplicacin vigi, web, vigi gerente de seguridad<\/td>\n<\/tr>\n<\/table>\n","protected":false},"excerpt":{"rendered":"<p>Alta definicin. A todo color. Clasificacin de personas y vehculos. Deteccin inteligente. Alarma con luz y sonido. Audio bidireccional. Video inteligente smartvid. Codificacin de vdeo optimizada. Alimentacin poe y 12v cc. Resistente al agua ip67. Monitoreo remoto. Almacenamiento local<\/p>\n","protected":false},"featured_media":242487,"comment_status":"open","ping_status":"open","template":"","meta":[],"product_cat":[1608,1681],"product_tag":[1562],"acf":[],"yoast_head":"<!-- This site is optimized with the Yoast SEO plugin v21.7 - https:\/\/yoast.com\/wordpress\/plugins\/seo\/ -->\n<title>[ Tp Link ] &#129351; Vigi C340(2.8mm) Camara Ip Bala Tp-link Vigi Vigi C3402.8mm 4mp Full Color Audio Bidireccional Ip67 Audio Bidireccional Video Inteligente Smartvid H.265 Clasificacion Personas Y Vehiculos<\/title>\n<meta name=\"description\" content=\"Compra Vigi C340(2.8mm) Camara Ip Bala Tp-link Vigi Vigi C3402.8mm 4mp Full Color Audio Bidireccional Ip67 Audio Bidireccional Video Inteligente Smartvid H.265 Clasificacion Personas Y Vehiculos + Env\u00edo a domicilio + Pago seguro + Garant\u00eda\" \/>\n<meta name=\"robots\" content=\"index, follow, max-snippet:-1, max-image-preview:large, max-video-preview:-1\" \/>\n<link rel=\"canonical\" href=\"https:\/\/compuviper.mx\/tienda\/producto\/tp-link-vigi-c3402-8mm-camara-ip-bala-tp-link-vigi-vigi-c3402-8mm-4mp-full-color-audio-bidireccional-ip67-audio-bidireccional-video-inteligente-smartvid-h-265-clasificacion-personas-y-vehiculos\/\" \/>\n<meta property=\"og:locale\" content=\"es_MX\" \/>\n<meta property=\"og:type\" content=\"article\" \/>\n<meta property=\"og:title\" content=\"[ Tp Link ] &#129351; Vigi C340(2.8mm) Camara Ip Bala Tp-link Vigi Vigi C3402.8mm 4mp Full Color Audio Bidireccional Ip67 Audio Bidireccional Video Inteligente Smartvid H.265 Clasificacion Personas Y Vehiculos\" \/>\n<meta property=\"og:description\" content=\"Compra Vigi C340(2.8mm) Camara Ip Bala Tp-link Vigi Vigi C3402.8mm 4mp Full Color Audio Bidireccional Ip67 Audio Bidireccional Video Inteligente Smartvid H.265 Clasificacion Personas Y Vehiculos + Env\u00edo a domicilio + Pago seguro + Garant\u00eda\" \/>\n<meta property=\"og:url\" content=\"https:\/\/compuviper.mx\/tienda\/producto\/tp-link-vigi-c3402-8mm-camara-ip-bala-tp-link-vigi-vigi-c3402-8mm-4mp-full-color-audio-bidireccional-ip67-audio-bidireccional-video-inteligente-smartvid-h-265-clasificacion-personas-y-vehiculos\/\" \/>\n<meta property=\"og:site_name\" content=\"Compuviper\" \/>\n<meta property=\"article:publisher\" content=\"https:\/\/www.facebook.com\/compuviper\" \/>\n<meta property=\"og:image\" content=\"https:\/\/compuviper.mx\/tienda\/wp-content\/uploads\/2024\/09\/Camara-ip-bala-tp-link-vigi-vigi-c3402.8mm-4mp-full-color-audio-bidireccional-ip67-audio-bidireccional-video-inteligente-smartvid-h.265-clasificacion-personas-y-vehiculos.jpg\" \/>\n\t<meta property=\"og:image:width\" content=\"200\" \/>\n\t<meta property=\"og:image:height\" content=\"200\" \/>\n\t<meta property=\"og:image:type\" content=\"image\/jpeg\" \/>\n<meta name=\"twitter:card\" content=\"summary_large_image\" \/>\n<meta name=\"twitter:label1\" content=\"Precio\" \/>\n\t<meta name=\"twitter:data1\" content=\"&#36;985 con IVA\" \/>\n\t<meta name=\"twitter:label2\" content=\"Availability\" \/>\n\t<meta name=\"twitter:data2\" content=\"On backorder\" \/>\n<script type=\"application\/ld+json\" class=\"yoast-schema-graph\">{\"@context\":\"https:\/\/schema.org\",\"@graph\":[{\"@type\":\"WebPage\",\"@id\":\"https:\/\/compuviper.mx\/tienda\/producto\/tp-link-vigi-c3402-8mm-camara-ip-bala-tp-link-vigi-vigi-c3402-8mm-4mp-full-color-audio-bidireccional-ip67-audio-bidireccional-video-inteligente-smartvid-h-265-clasificacion-personas-y-vehiculos\/\",\"url\":\"https:\/\/compuviper.mx\/tienda\/producto\/tp-link-vigi-c3402-8mm-camara-ip-bala-tp-link-vigi-vigi-c3402-8mm-4mp-full-color-audio-bidireccional-ip67-audio-bidireccional-video-inteligente-smartvid-h-265-clasificacion-personas-y-vehiculos\/\",\"name\":\"[ Tp Link ] &#129351; Vigi C340(2.8mm) Camara Ip Bala Tp-link Vigi Vigi C3402.8mm 4mp Full Color Audio Bidireccional Ip67 Audio Bidireccional Video Inteligente Smartvid H.265 Clasificacion Personas Y Vehiculos\",\"isPartOf\":{\"@id\":\"https:\/\/compuviper.mx\/tienda\/#website\"},\"datePublished\":\"2026-04-23T06:14:32+00:00\",\"dateModified\":\"2026-04-23T06:14:32+00:00\",\"description\":\"Compra Vigi C340(2.8mm) Camara Ip Bala Tp-link Vigi Vigi C3402.8mm 4mp Full Color Audio Bidireccional Ip67 Audio Bidireccional Video Inteligente Smartvid H.265 Clasificacion Personas Y Vehiculos + Env\u00edo a domicilio + Pago seguro + Garant\u00eda\",\"breadcrumb\":{\"@id\":\"https:\/\/compuviper.mx\/tienda\/producto\/tp-link-vigi-c3402-8mm-camara-ip-bala-tp-link-vigi-vigi-c3402-8mm-4mp-full-color-audio-bidireccional-ip67-audio-bidireccional-video-inteligente-smartvid-h-265-clasificacion-personas-y-vehiculos\/#breadcrumb\"},\"inLanguage\":\"es-MX\",\"potentialAction\":[{\"@type\":\"ReadAction\",\"target\":[\"https:\/\/compuviper.mx\/tienda\/producto\/tp-link-vigi-c3402-8mm-camara-ip-bala-tp-link-vigi-vigi-c3402-8mm-4mp-full-color-audio-bidireccional-ip67-audio-bidireccional-video-inteligente-smartvid-h-265-clasificacion-personas-y-vehiculos\/\"]}]},{\"@type\":\"BreadcrumbList\",\"@id\":\"https:\/\/compuviper.mx\/tienda\/producto\/tp-link-vigi-c3402-8mm-camara-ip-bala-tp-link-vigi-vigi-c3402-8mm-4mp-full-color-audio-bidireccional-ip67-audio-bidireccional-video-inteligente-smartvid-h-265-clasificacion-personas-y-vehiculos\/#breadcrumb\",\"itemListElement\":[{\"@type\":\"ListItem\",\"position\":1,\"name\":\"Inicio\",\"item\":\"https:\/\/compuviper.mx\/tienda\/\"},{\"@type\":\"ListItem\",\"position\":2,\"name\":\"Productos\",\"item\":\"https:\/\/compuviper.mx\/tienda\/productos\/\"},{\"@type\":\"ListItem\",\"position\":3,\"name\":\"Camaras\",\"item\":\"https:\/\/compuviper.mx\/tienda\/categoria-producto\/camaras-2\/\"},{\"@type\":\"ListItem\",\"position\":4,\"name\":\"Camara De Videovigilancia\",\"item\":\"https:\/\/compuviper.mx\/tienda\/categoria-producto\/camaras-2\/camara-de-videovigilancia\/\"},{\"@type\":\"ListItem\",\"position\":5,\"name\":\"Tp Link Vigi C340(2.8mm) Camara Ip Bala Tp-link Vigi Vigi C3402.8mm 4mp Full Color Audio Bidireccional Ip67 Audio Bidireccional Video Inteligente Smartvid H.265 Clasificacion Personas Y Vehiculos\"}]},{\"@type\":\"WebSite\",\"@id\":\"https:\/\/compuviper.mx\/tienda\/#website\",\"url\":\"https:\/\/compuviper.mx\/tienda\/\",\"name\":\"Compuviper\",\"description\":\"Proveedor de Computadoras, Laptops, Servidores, Monitores, Puntos de Venta, Teclados,   Impresoras, T\u00f3ner, C\u00e1maras de Seguridad y m\u00e1s en tu tienda en l\u00ednea\",\"publisher\":{\"@id\":\"https:\/\/compuviper.mx\/tienda\/#organization\"},\"potentialAction\":[{\"@type\":\"SearchAction\",\"target\":{\"@type\":\"EntryPoint\",\"urlTemplate\":\"https:\/\/compuviper.mx\/tienda\/?s={search_term_string}\"},\"query-input\":\"required name=search_term_string\"}],\"inLanguage\":\"es-MX\"},{\"@type\":\"Organization\",\"@id\":\"https:\/\/compuviper.mx\/tienda\/#organization\",\"name\":\"Compuviper\",\"url\":\"https:\/\/compuviper.mx\/tienda\/\",\"logo\":{\"@type\":\"ImageObject\",\"inLanguage\":\"es-MX\",\"@id\":\"https:\/\/compuviper.mx\/tienda\/#\/schema\/logo\/image\/\",\"url\":\"https:\/\/compuviper.mx\/tienda\/wp-content\/uploads\/2021\/08\/Logo-Compuviper-10.png\",\"contentUrl\":\"https:\/\/compuviper.mx\/tienda\/wp-content\/uploads\/2021\/08\/Logo-Compuviper-10.png\",\"width\":1000,\"height\":500,\"caption\":\"Compuviper\"},\"image\":{\"@id\":\"https:\/\/compuviper.mx\/tienda\/#\/schema\/logo\/image\/\"},\"sameAs\":[\"https:\/\/www.facebook.com\/compuviper\",\"https:\/\/www.youtube.com\/channel\/UCf73dERp9Y3cfOq7q8BhLjA?view_as=subscriber\"]}]}<\/script>\n<meta property=\"product:brand\" content=\"TP LINK\" \/>\n<meta property=\"product:price:amount\" content=\"985\" \/>\n<meta property=\"product:price:currency\" content=\"MXN\" \/>\n<meta property=\"og:availability\" content=\"backorder\" \/>\n<meta property=\"product:availability\" content=\"available for order\" \/>\n<meta property=\"product:retailer_item_id\" content=\"VIGI C340(2.8MM)\" \/>\n<meta property=\"product:condition\" content=\"new\" \/>\n<!-- \/ Yoast SEO plugin. -->","yoast_head_json":{"title":"[ Tp Link ] &#129351; Vigi C340(2.8mm) Camara Ip Bala Tp-link Vigi Vigi C3402.8mm 4mp Full Color Audio Bidireccional Ip67 Audio Bidireccional Video Inteligente Smartvid H.265 Clasificacion Personas Y Vehiculos","description":"Compra Vigi C340(2.8mm) Camara Ip Bala Tp-link Vigi Vigi C3402.8mm 4mp Full Color Audio Bidireccional Ip67 Audio Bidireccional Video Inteligente Smartvid H.265 Clasificacion Personas Y Vehiculos + Env\u00edo a domicilio + Pago seguro + Garant\u00eda","robots":{"index":"index","follow":"follow","max-snippet":"max-snippet:-1","max-image-preview":"max-image-preview:large","max-video-preview":"max-video-preview:-1"},"canonical":"https:\/\/compuviper.mx\/tienda\/producto\/tp-link-vigi-c3402-8mm-camara-ip-bala-tp-link-vigi-vigi-c3402-8mm-4mp-full-color-audio-bidireccional-ip67-audio-bidireccional-video-inteligente-smartvid-h-265-clasificacion-personas-y-vehiculos\/","og_locale":"es_MX","og_type":"article","og_title":"[ Tp Link ] &#129351; Vigi C340(2.8mm) Camara Ip Bala Tp-link Vigi Vigi C3402.8mm 4mp Full Color Audio Bidireccional Ip67 Audio Bidireccional Video Inteligente Smartvid H.265 Clasificacion Personas Y Vehiculos","og_description":"Compra Vigi C340(2.8mm) Camara Ip Bala Tp-link Vigi Vigi C3402.8mm 4mp Full Color Audio Bidireccional Ip67 Audio Bidireccional Video Inteligente Smartvid H.265 Clasificacion Personas Y Vehiculos + Env\u00edo a domicilio + Pago seguro + Garant\u00eda","og_url":"https:\/\/compuviper.mx\/tienda\/producto\/tp-link-vigi-c3402-8mm-camara-ip-bala-tp-link-vigi-vigi-c3402-8mm-4mp-full-color-audio-bidireccional-ip67-audio-bidireccional-video-inteligente-smartvid-h-265-clasificacion-personas-y-vehiculos\/","og_site_name":"Compuviper","article_publisher":"https:\/\/www.facebook.com\/compuviper","og_image":[{"width":200,"height":200,"url":"https:\/\/compuviper.mx\/tienda\/wp-content\/uploads\/2024\/09\/Camara-ip-bala-tp-link-vigi-vigi-c3402.8mm-4mp-full-color-audio-bidireccional-ip67-audio-bidireccional-video-inteligente-smartvid-h.265-clasificacion-personas-y-vehiculos.jpg","type":"image\/jpeg"}],"twitter_card":"summary_large_image","twitter_misc":{"Precio":"&#36;985 con IVA","Availability":"On backorder"},"schema":{"@context":"https:\/\/schema.org","@graph":[{"@type":"WebPage","@id":"https:\/\/compuviper.mx\/tienda\/producto\/tp-link-vigi-c3402-8mm-camara-ip-bala-tp-link-vigi-vigi-c3402-8mm-4mp-full-color-audio-bidireccional-ip67-audio-bidireccional-video-inteligente-smartvid-h-265-clasificacion-personas-y-vehiculos\/","url":"https:\/\/compuviper.mx\/tienda\/producto\/tp-link-vigi-c3402-8mm-camara-ip-bala-tp-link-vigi-vigi-c3402-8mm-4mp-full-color-audio-bidireccional-ip67-audio-bidireccional-video-inteligente-smartvid-h-265-clasificacion-personas-y-vehiculos\/","name":"[ Tp Link ] &#129351; Vigi C340(2.8mm) Camara Ip Bala Tp-link Vigi Vigi C3402.8mm 4mp Full Color Audio Bidireccional Ip67 Audio Bidireccional Video Inteligente Smartvid H.265 Clasificacion Personas Y Vehiculos","isPartOf":{"@id":"https:\/\/compuviper.mx\/tienda\/#website"},"datePublished":"2026-04-23T06:14:32+00:00","dateModified":"2026-04-23T06:14:32+00:00","description":"Compra Vigi C340(2.8mm) Camara Ip Bala Tp-link Vigi Vigi C3402.8mm 4mp Full Color Audio Bidireccional Ip67 Audio Bidireccional Video Inteligente Smartvid H.265 Clasificacion Personas Y Vehiculos + Env\u00edo a domicilio + Pago seguro + Garant\u00eda","breadcrumb":{"@id":"https:\/\/compuviper.mx\/tienda\/producto\/tp-link-vigi-c3402-8mm-camara-ip-bala-tp-link-vigi-vigi-c3402-8mm-4mp-full-color-audio-bidireccional-ip67-audio-bidireccional-video-inteligente-smartvid-h-265-clasificacion-personas-y-vehiculos\/#breadcrumb"},"inLanguage":"es-MX","potentialAction":[{"@type":"ReadAction","target":["https:\/\/compuviper.mx\/tienda\/producto\/tp-link-vigi-c3402-8mm-camara-ip-bala-tp-link-vigi-vigi-c3402-8mm-4mp-full-color-audio-bidireccional-ip67-audio-bidireccional-video-inteligente-smartvid-h-265-clasificacion-personas-y-vehiculos\/"]}]},{"@type":"BreadcrumbList","@id":"https:\/\/compuviper.mx\/tienda\/producto\/tp-link-vigi-c3402-8mm-camara-ip-bala-tp-link-vigi-vigi-c3402-8mm-4mp-full-color-audio-bidireccional-ip67-audio-bidireccional-video-inteligente-smartvid-h-265-clasificacion-personas-y-vehiculos\/#breadcrumb","itemListElement":[{"@type":"ListItem","position":1,"name":"Inicio","item":"https:\/\/compuviper.mx\/tienda\/"},{"@type":"ListItem","position":2,"name":"Productos","item":"https:\/\/compuviper.mx\/tienda\/productos\/"},{"@type":"ListItem","position":3,"name":"Camaras","item":"https:\/\/compuviper.mx\/tienda\/categoria-producto\/camaras-2\/"},{"@type":"ListItem","position":4,"name":"Camara De Videovigilancia","item":"https:\/\/compuviper.mx\/tienda\/categoria-producto\/camaras-2\/camara-de-videovigilancia\/"},{"@type":"ListItem","position":5,"name":"Tp Link Vigi C340(2.8mm) Camara Ip Bala Tp-link Vigi Vigi C3402.8mm 4mp Full Color Audio Bidireccional Ip67 Audio Bidireccional Video Inteligente Smartvid H.265 Clasificacion Personas Y Vehiculos"}]},{"@type":"WebSite","@id":"https:\/\/compuviper.mx\/tienda\/#website","url":"https:\/\/compuviper.mx\/tienda\/","name":"Compuviper","description":"Proveedor de Computadoras, Laptops, Servidores, Monitores, Puntos de Venta, Teclados,   Impresoras, T\u00f3ner, C\u00e1maras de Seguridad y m\u00e1s en tu tienda en l\u00ednea","publisher":{"@id":"https:\/\/compuviper.mx\/tienda\/#organization"},"potentialAction":[{"@type":"SearchAction","target":{"@type":"EntryPoint","urlTemplate":"https:\/\/compuviper.mx\/tienda\/?s={search_term_string}"},"query-input":"required name=search_term_string"}],"inLanguage":"es-MX"},{"@type":"Organization","@id":"https:\/\/compuviper.mx\/tienda\/#organization","name":"Compuviper","url":"https:\/\/compuviper.mx\/tienda\/","logo":{"@type":"ImageObject","inLanguage":"es-MX","@id":"https:\/\/compuviper.mx\/tienda\/#\/schema\/logo\/image\/","url":"https:\/\/compuviper.mx\/tienda\/wp-content\/uploads\/2021\/08\/Logo-Compuviper-10.png","contentUrl":"https:\/\/compuviper.mx\/tienda\/wp-content\/uploads\/2021\/08\/Logo-Compuviper-10.png","width":1000,"height":500,"caption":"Compuviper"},"image":{"@id":"https:\/\/compuviper.mx\/tienda\/#\/schema\/logo\/image\/"},"sameAs":["https:\/\/www.facebook.com\/compuviper","https:\/\/www.youtube.com\/channel\/UCf73dERp9Y3cfOq7q8BhLjA?view_as=subscriber"]}]},"product_brand":"TP LINK","product_price_amount":"985","product_price_currency":"MXN","og_availability":"backorder","product_availability":"available for order","product_retailer_item_id":"VIGI C340(2.8MM)","product_condition":"new"},"_links":{"self":[{"href":"https:\/\/compuviper.mx\/tienda\/wp-json\/wp\/v2\/product\/239002"}],"collection":[{"href":"https:\/\/compuviper.mx\/tienda\/wp-json\/wp\/v2\/product"}],"about":[{"href":"https:\/\/compuviper.mx\/tienda\/wp-json\/wp\/v2\/types\/product"}],"replies":[{"embeddable":true,"href":"https:\/\/compuviper.mx\/tienda\/wp-json\/wp\/v2\/comments?post=239002"}],"wp:featuredmedia":[{"embeddable":true,"href":"https:\/\/compuviper.mx\/tienda\/wp-json\/wp\/v2\/media\/242487"}],"wp:attachment":[{"href":"https:\/\/compuviper.mx\/tienda\/wp-json\/wp\/v2\/media?parent=239002"}],"wp:term":[{"taxonomy":"product_cat","embeddable":true,"href":"https:\/\/compuviper.mx\/tienda\/wp-json\/wp\/v2\/product_cat?post=239002"},{"taxonomy":"product_tag","embeddable":true,"href":"https:\/\/compuviper.mx\/tienda\/wp-json\/wp\/v2\/product_tag?post=239002"}],"curies":[{"name":"wp","href":"https:\/\/api.w.org\/{rel}","templated":true}]}}