{"id":239000,"date":"2026-04-23T00:14:31","date_gmt":"2026-04-23T06:14:31","guid":{"rendered":"https:\/\/compuviper.mx\/tienda\/producto\/tp-link-vigi-c340s4mm-camara-ip-bala-tp-link-vigi-4mp-exterior-reconocimiento-de-rostro-ip67-audio-bidireccional-h-265-analisis-de-personas-y-vehiculos-true-wdr-microsd\/"},"modified":"2026-04-23T00:14:31","modified_gmt":"2026-04-23T06:14:31","slug":"tp-link-vigi-c340s4mm-camara-ip-bala-tp-link-vigi-vigi-c340s4mm-4mp-exterior-reconocimiento-de-rostro-ip67-audio-bidireccional-h-265-analisis-de-personas-y-vehiculos-true-wdr-microsd","status":"publish","type":"product","link":"https:\/\/compuviper.mx\/tienda\/producto\/tp-link-vigi-c340s4mm-camara-ip-bala-tp-link-vigi-vigi-c340s4mm-4mp-exterior-reconocimiento-de-rostro-ip67-audio-bidireccional-h-265-analisis-de-personas-y-vehiculos-true-wdr-microsd\/","title":{"rendered":"Tp Link Vigi C340s(4mm) Camara Ip Bala Tp-link Vigi Vigi C340s4mm 4mp Exterior Reconocimiento De Rostro Ip67 Audio Bidireccional H.265 Analisis De Personas Y Vehiculos True Wdr Microsd"},"content":{"rendered":"<table class=\"descripcion\">\n<tr>\n<td>C\u00e1mara ip tipo bala colorpro de visin nocturna para exteriores de 4 mp<\/td>\n<\/tr>\n<tr>\n<td>Especificaciones: 4mp, lente fija de 4 mm, cmos de escaneo progresivo de 1\/1,8\u0094, h.265\/h.265\/h.264\/h.264, led blanco, 25 fps\/30 fps 2688&#215;1520, 2560&#215;1440, 2304&#215;1296, 2048&#215;1280, 1920&#215;1080 , 1280&#215;720, ip67, web, poe\/dc 12 v, wdr de 120 db, micrfono\/altavoz integrado, ranura micro-sd<\/td>\n<\/tr>\n<tr>\n<td>Caractersticas: visin nocturna full color hasta 30 m, deteccin inteligente clasificacin de personas y vehculos deteccin de movimiento, deteccin de intrusin de \u00e1rea, deteccin de cruce de lneas, deteccin de manipulacin de c\u00e1maras, deteccin de objetos abandonados, deteccin de eliminacin de objetos, deteccin de entrada de \u00e1rea, salida de \u00e1rea deteccin, deteccin de merodeo, deteccin de cambio de escena deteccin de vehculos, deteccin de personas, funcin de aprendizaje profundo admite deteccin y captura simult\u00e1neas de cuerpo humano y vehculo, captura de rostros, comparacin de rostros, smartvid smart ir, 3d dnr, blc, onmf, control remoto monitoreo, aplicacin vigi, web, vigi security manager<\/td>\n<\/tr>\n<\/table>\n","protected":false},"excerpt":{"rendered":"<p>High definition. True wdr. Face recognition?. People  and  vehicle analytics?. Human  and  vehicle classification. Smart detection. Two-way audio. Active defense. Smart video coding. Ip67. Remote monitoring. Onboard storage\u0086<\/p>\n","protected":false},"featured_media":242485,"comment_status":"open","ping_status":"open","template":"","meta":[],"product_cat":[1608,1681],"product_tag":[1562],"acf":[],"yoast_head":"<!-- This site is optimized with the Yoast SEO plugin v21.7 - https:\/\/yoast.com\/wordpress\/plugins\/seo\/ -->\n<title>[ Tp Link ] &#129351; Vigi C340s(4mm) Camara Ip Bala Tp-link Vigi Vigi C340s4mm 4mp Exterior Reconocimiento De Rostro Ip67 Audio Bidireccional H.265 Analisis De Personas Y Vehiculos True Wdr Microsd<\/title>\n<meta name=\"description\" content=\"Compra Vigi C340s(4mm) Camara Ip Bala Tp-link Vigi Vigi C340s4mm 4mp Exterior Reconocimiento De Rostro Ip67 Audio Bidireccional H.265 Analisis De Personas Y Vehiculos True Wdr Microsd + Env\u00edo a domicilio + Pago seguro + Garant\u00eda\" \/>\n<meta name=\"robots\" content=\"index, follow, max-snippet:-1, max-image-preview:large, max-video-preview:-1\" \/>\n<link rel=\"canonical\" href=\"https:\/\/compuviper.mx\/tienda\/producto\/tp-link-vigi-c340s4mm-camara-ip-bala-tp-link-vigi-vigi-c340s4mm-4mp-exterior-reconocimiento-de-rostro-ip67-audio-bidireccional-h-265-analisis-de-personas-y-vehiculos-true-wdr-microsd\/\" \/>\n<meta property=\"og:locale\" content=\"es_MX\" \/>\n<meta property=\"og:type\" content=\"article\" \/>\n<meta property=\"og:title\" content=\"[ Tp Link ] &#129351; Vigi C340s(4mm) Camara Ip Bala Tp-link Vigi Vigi C340s4mm 4mp Exterior Reconocimiento De Rostro Ip67 Audio Bidireccional H.265 Analisis De Personas Y Vehiculos True Wdr Microsd\" \/>\n<meta property=\"og:description\" content=\"Compra Vigi C340s(4mm) Camara Ip Bala Tp-link Vigi Vigi C340s4mm 4mp Exterior Reconocimiento De Rostro Ip67 Audio Bidireccional H.265 Analisis De Personas Y Vehiculos True Wdr Microsd + Env\u00edo a domicilio + Pago seguro + Garant\u00eda\" \/>\n<meta property=\"og:url\" content=\"https:\/\/compuviper.mx\/tienda\/producto\/tp-link-vigi-c340s4mm-camara-ip-bala-tp-link-vigi-vigi-c340s4mm-4mp-exterior-reconocimiento-de-rostro-ip67-audio-bidireccional-h-265-analisis-de-personas-y-vehiculos-true-wdr-microsd\/\" \/>\n<meta property=\"og:site_name\" content=\"Compuviper\" \/>\n<meta property=\"article:publisher\" content=\"https:\/\/www.facebook.com\/compuviper\" \/>\n<meta property=\"og:image\" content=\"https:\/\/compuviper.mx\/tienda\/wp-content\/uploads\/2024\/09\/Camara-ip-bala-tp-link-vigi-vigi-c340s4mm-4mp-exterior-reconocimiento-de-rostro-ip67-audio-bidireccional-h.265-analisis-de-personas-y-vehiculos-true-wdr-microsd.jpg\" \/>\n\t<meta property=\"og:image:width\" content=\"200\" \/>\n\t<meta property=\"og:image:height\" content=\"200\" \/>\n\t<meta property=\"og:image:type\" content=\"image\/jpeg\" \/>\n<meta name=\"twitter:card\" content=\"summary_large_image\" \/>\n<meta name=\"twitter:label1\" content=\"Precio\" \/>\n\t<meta name=\"twitter:data1\" content=\"&#36;1,792 con IVA\" \/>\n\t<meta name=\"twitter:label2\" content=\"Availability\" \/>\n\t<meta name=\"twitter:data2\" content=\"On backorder\" \/>\n<script type=\"application\/ld+json\" class=\"yoast-schema-graph\">{\"@context\":\"https:\/\/schema.org\",\"@graph\":[{\"@type\":\"WebPage\",\"@id\":\"https:\/\/compuviper.mx\/tienda\/producto\/tp-link-vigi-c340s4mm-camara-ip-bala-tp-link-vigi-vigi-c340s4mm-4mp-exterior-reconocimiento-de-rostro-ip67-audio-bidireccional-h-265-analisis-de-personas-y-vehiculos-true-wdr-microsd\/\",\"url\":\"https:\/\/compuviper.mx\/tienda\/producto\/tp-link-vigi-c340s4mm-camara-ip-bala-tp-link-vigi-vigi-c340s4mm-4mp-exterior-reconocimiento-de-rostro-ip67-audio-bidireccional-h-265-analisis-de-personas-y-vehiculos-true-wdr-microsd\/\",\"name\":\"[ Tp Link ] &#129351; Vigi C340s(4mm) Camara Ip Bala Tp-link Vigi Vigi C340s4mm 4mp Exterior Reconocimiento De Rostro Ip67 Audio Bidireccional H.265 Analisis De Personas Y Vehiculos True Wdr Microsd\",\"isPartOf\":{\"@id\":\"https:\/\/compuviper.mx\/tienda\/#website\"},\"datePublished\":\"2026-04-23T06:14:31+00:00\",\"dateModified\":\"2026-04-23T06:14:31+00:00\",\"description\":\"Compra Vigi C340s(4mm) Camara Ip Bala Tp-link Vigi Vigi C340s4mm 4mp Exterior Reconocimiento De Rostro Ip67 Audio Bidireccional H.265 Analisis De Personas Y Vehiculos True Wdr Microsd + Env\u00edo a domicilio + Pago seguro + Garant\u00eda\",\"breadcrumb\":{\"@id\":\"https:\/\/compuviper.mx\/tienda\/producto\/tp-link-vigi-c340s4mm-camara-ip-bala-tp-link-vigi-vigi-c340s4mm-4mp-exterior-reconocimiento-de-rostro-ip67-audio-bidireccional-h-265-analisis-de-personas-y-vehiculos-true-wdr-microsd\/#breadcrumb\"},\"inLanguage\":\"es-MX\",\"potentialAction\":[{\"@type\":\"ReadAction\",\"target\":[\"https:\/\/compuviper.mx\/tienda\/producto\/tp-link-vigi-c340s4mm-camara-ip-bala-tp-link-vigi-vigi-c340s4mm-4mp-exterior-reconocimiento-de-rostro-ip67-audio-bidireccional-h-265-analisis-de-personas-y-vehiculos-true-wdr-microsd\/\"]}]},{\"@type\":\"BreadcrumbList\",\"@id\":\"https:\/\/compuviper.mx\/tienda\/producto\/tp-link-vigi-c340s4mm-camara-ip-bala-tp-link-vigi-vigi-c340s4mm-4mp-exterior-reconocimiento-de-rostro-ip67-audio-bidireccional-h-265-analisis-de-personas-y-vehiculos-true-wdr-microsd\/#breadcrumb\",\"itemListElement\":[{\"@type\":\"ListItem\",\"position\":1,\"name\":\"Inicio\",\"item\":\"https:\/\/compuviper.mx\/tienda\/\"},{\"@type\":\"ListItem\",\"position\":2,\"name\":\"Productos\",\"item\":\"https:\/\/compuviper.mx\/tienda\/productos\/\"},{\"@type\":\"ListItem\",\"position\":3,\"name\":\"Camaras\",\"item\":\"https:\/\/compuviper.mx\/tienda\/categoria-producto\/camaras-2\/\"},{\"@type\":\"ListItem\",\"position\":4,\"name\":\"Camara De Videovigilancia\",\"item\":\"https:\/\/compuviper.mx\/tienda\/categoria-producto\/camaras-2\/camara-de-videovigilancia\/\"},{\"@type\":\"ListItem\",\"position\":5,\"name\":\"Tp Link Vigi C340s(4mm) Camara Ip Bala Tp-link Vigi Vigi C340s4mm 4mp Exterior Reconocimiento De Rostro Ip67 Audio Bidireccional H.265 Analisis De Personas Y Vehiculos True Wdr Microsd\"}]},{\"@type\":\"WebSite\",\"@id\":\"https:\/\/compuviper.mx\/tienda\/#website\",\"url\":\"https:\/\/compuviper.mx\/tienda\/\",\"name\":\"Compuviper\",\"description\":\"Proveedor de Computadoras, Laptops, Servidores, Monitores, Puntos de Venta, Teclados,   Impresoras, T\u00f3ner, C\u00e1maras de Seguridad y m\u00e1s en tu tienda en l\u00ednea\",\"publisher\":{\"@id\":\"https:\/\/compuviper.mx\/tienda\/#organization\"},\"potentialAction\":[{\"@type\":\"SearchAction\",\"target\":{\"@type\":\"EntryPoint\",\"urlTemplate\":\"https:\/\/compuviper.mx\/tienda\/?s={search_term_string}\"},\"query-input\":\"required name=search_term_string\"}],\"inLanguage\":\"es-MX\"},{\"@type\":\"Organization\",\"@id\":\"https:\/\/compuviper.mx\/tienda\/#organization\",\"name\":\"Compuviper\",\"url\":\"https:\/\/compuviper.mx\/tienda\/\",\"logo\":{\"@type\":\"ImageObject\",\"inLanguage\":\"es-MX\",\"@id\":\"https:\/\/compuviper.mx\/tienda\/#\/schema\/logo\/image\/\",\"url\":\"https:\/\/compuviper.mx\/tienda\/wp-content\/uploads\/2021\/08\/Logo-Compuviper-10.png\",\"contentUrl\":\"https:\/\/compuviper.mx\/tienda\/wp-content\/uploads\/2021\/08\/Logo-Compuviper-10.png\",\"width\":1000,\"height\":500,\"caption\":\"Compuviper\"},\"image\":{\"@id\":\"https:\/\/compuviper.mx\/tienda\/#\/schema\/logo\/image\/\"},\"sameAs\":[\"https:\/\/www.facebook.com\/compuviper\",\"https:\/\/www.youtube.com\/channel\/UCf73dERp9Y3cfOq7q8BhLjA?view_as=subscriber\"]}]}<\/script>\n<meta property=\"product:brand\" content=\"TP LINK\" \/>\n<meta property=\"product:price:amount\" content=\"1792\" \/>\n<meta property=\"product:price:currency\" content=\"MXN\" \/>\n<meta property=\"og:availability\" content=\"backorder\" \/>\n<meta property=\"product:availability\" content=\"available for order\" \/>\n<meta property=\"product:retailer_item_id\" content=\"VIGI C340S(4MM)\" \/>\n<meta property=\"product:condition\" content=\"new\" \/>\n<!-- \/ Yoast SEO plugin. -->","yoast_head_json":{"title":"[ Tp Link ] &#129351; Vigi C340s(4mm) Camara Ip Bala Tp-link Vigi Vigi C340s4mm 4mp Exterior Reconocimiento De Rostro Ip67 Audio Bidireccional H.265 Analisis De Personas Y Vehiculos True Wdr Microsd","description":"Compra Vigi C340s(4mm) Camara Ip Bala Tp-link Vigi Vigi C340s4mm 4mp Exterior Reconocimiento De Rostro Ip67 Audio Bidireccional H.265 Analisis De Personas Y Vehiculos True Wdr Microsd + Env\u00edo a domicilio + Pago seguro + Garant\u00eda","robots":{"index":"index","follow":"follow","max-snippet":"max-snippet:-1","max-image-preview":"max-image-preview:large","max-video-preview":"max-video-preview:-1"},"canonical":"https:\/\/compuviper.mx\/tienda\/producto\/tp-link-vigi-c340s4mm-camara-ip-bala-tp-link-vigi-vigi-c340s4mm-4mp-exterior-reconocimiento-de-rostro-ip67-audio-bidireccional-h-265-analisis-de-personas-y-vehiculos-true-wdr-microsd\/","og_locale":"es_MX","og_type":"article","og_title":"[ Tp Link ] &#129351; Vigi C340s(4mm) Camara Ip Bala Tp-link Vigi Vigi C340s4mm 4mp Exterior Reconocimiento De Rostro Ip67 Audio Bidireccional H.265 Analisis De Personas Y Vehiculos True Wdr Microsd","og_description":"Compra Vigi C340s(4mm) Camara Ip Bala Tp-link Vigi Vigi C340s4mm 4mp Exterior Reconocimiento De Rostro Ip67 Audio Bidireccional H.265 Analisis De Personas Y Vehiculos True Wdr Microsd + Env\u00edo a domicilio + Pago seguro + Garant\u00eda","og_url":"https:\/\/compuviper.mx\/tienda\/producto\/tp-link-vigi-c340s4mm-camara-ip-bala-tp-link-vigi-vigi-c340s4mm-4mp-exterior-reconocimiento-de-rostro-ip67-audio-bidireccional-h-265-analisis-de-personas-y-vehiculos-true-wdr-microsd\/","og_site_name":"Compuviper","article_publisher":"https:\/\/www.facebook.com\/compuviper","og_image":[{"width":200,"height":200,"url":"https:\/\/compuviper.mx\/tienda\/wp-content\/uploads\/2024\/09\/Camara-ip-bala-tp-link-vigi-vigi-c340s4mm-4mp-exterior-reconocimiento-de-rostro-ip67-audio-bidireccional-h.265-analisis-de-personas-y-vehiculos-true-wdr-microsd.jpg","type":"image\/jpeg"}],"twitter_card":"summary_large_image","twitter_misc":{"Precio":"&#36;1,792 con IVA","Availability":"On backorder"},"schema":{"@context":"https:\/\/schema.org","@graph":[{"@type":"WebPage","@id":"https:\/\/compuviper.mx\/tienda\/producto\/tp-link-vigi-c340s4mm-camara-ip-bala-tp-link-vigi-vigi-c340s4mm-4mp-exterior-reconocimiento-de-rostro-ip67-audio-bidireccional-h-265-analisis-de-personas-y-vehiculos-true-wdr-microsd\/","url":"https:\/\/compuviper.mx\/tienda\/producto\/tp-link-vigi-c340s4mm-camara-ip-bala-tp-link-vigi-vigi-c340s4mm-4mp-exterior-reconocimiento-de-rostro-ip67-audio-bidireccional-h-265-analisis-de-personas-y-vehiculos-true-wdr-microsd\/","name":"[ Tp Link ] &#129351; Vigi C340s(4mm) Camara Ip Bala Tp-link Vigi Vigi C340s4mm 4mp Exterior Reconocimiento De Rostro Ip67 Audio Bidireccional H.265 Analisis De Personas Y Vehiculos True Wdr Microsd","isPartOf":{"@id":"https:\/\/compuviper.mx\/tienda\/#website"},"datePublished":"2026-04-23T06:14:31+00:00","dateModified":"2026-04-23T06:14:31+00:00","description":"Compra Vigi C340s(4mm) Camara Ip Bala Tp-link Vigi Vigi C340s4mm 4mp Exterior Reconocimiento De Rostro Ip67 Audio Bidireccional H.265 Analisis De Personas Y Vehiculos True Wdr Microsd + Env\u00edo a domicilio + Pago seguro + Garant\u00eda","breadcrumb":{"@id":"https:\/\/compuviper.mx\/tienda\/producto\/tp-link-vigi-c340s4mm-camara-ip-bala-tp-link-vigi-vigi-c340s4mm-4mp-exterior-reconocimiento-de-rostro-ip67-audio-bidireccional-h-265-analisis-de-personas-y-vehiculos-true-wdr-microsd\/#breadcrumb"},"inLanguage":"es-MX","potentialAction":[{"@type":"ReadAction","target":["https:\/\/compuviper.mx\/tienda\/producto\/tp-link-vigi-c340s4mm-camara-ip-bala-tp-link-vigi-vigi-c340s4mm-4mp-exterior-reconocimiento-de-rostro-ip67-audio-bidireccional-h-265-analisis-de-personas-y-vehiculos-true-wdr-microsd\/"]}]},{"@type":"BreadcrumbList","@id":"https:\/\/compuviper.mx\/tienda\/producto\/tp-link-vigi-c340s4mm-camara-ip-bala-tp-link-vigi-vigi-c340s4mm-4mp-exterior-reconocimiento-de-rostro-ip67-audio-bidireccional-h-265-analisis-de-personas-y-vehiculos-true-wdr-microsd\/#breadcrumb","itemListElement":[{"@type":"ListItem","position":1,"name":"Inicio","item":"https:\/\/compuviper.mx\/tienda\/"},{"@type":"ListItem","position":2,"name":"Productos","item":"https:\/\/compuviper.mx\/tienda\/productos\/"},{"@type":"ListItem","position":3,"name":"Camaras","item":"https:\/\/compuviper.mx\/tienda\/categoria-producto\/camaras-2\/"},{"@type":"ListItem","position":4,"name":"Camara De Videovigilancia","item":"https:\/\/compuviper.mx\/tienda\/categoria-producto\/camaras-2\/camara-de-videovigilancia\/"},{"@type":"ListItem","position":5,"name":"Tp Link Vigi C340s(4mm) Camara Ip Bala Tp-link Vigi Vigi C340s4mm 4mp Exterior Reconocimiento De Rostro Ip67 Audio Bidireccional H.265 Analisis De Personas Y Vehiculos True Wdr Microsd"}]},{"@type":"WebSite","@id":"https:\/\/compuviper.mx\/tienda\/#website","url":"https:\/\/compuviper.mx\/tienda\/","name":"Compuviper","description":"Proveedor de Computadoras, Laptops, Servidores, Monitores, Puntos de Venta, Teclados,   Impresoras, T\u00f3ner, C\u00e1maras de Seguridad y m\u00e1s en tu tienda en l\u00ednea","publisher":{"@id":"https:\/\/compuviper.mx\/tienda\/#organization"},"potentialAction":[{"@type":"SearchAction","target":{"@type":"EntryPoint","urlTemplate":"https:\/\/compuviper.mx\/tienda\/?s={search_term_string}"},"query-input":"required name=search_term_string"}],"inLanguage":"es-MX"},{"@type":"Organization","@id":"https:\/\/compuviper.mx\/tienda\/#organization","name":"Compuviper","url":"https:\/\/compuviper.mx\/tienda\/","logo":{"@type":"ImageObject","inLanguage":"es-MX","@id":"https:\/\/compuviper.mx\/tienda\/#\/schema\/logo\/image\/","url":"https:\/\/compuviper.mx\/tienda\/wp-content\/uploads\/2021\/08\/Logo-Compuviper-10.png","contentUrl":"https:\/\/compuviper.mx\/tienda\/wp-content\/uploads\/2021\/08\/Logo-Compuviper-10.png","width":1000,"height":500,"caption":"Compuviper"},"image":{"@id":"https:\/\/compuviper.mx\/tienda\/#\/schema\/logo\/image\/"},"sameAs":["https:\/\/www.facebook.com\/compuviper","https:\/\/www.youtube.com\/channel\/UCf73dERp9Y3cfOq7q8BhLjA?view_as=subscriber"]}]},"product_brand":"TP LINK","product_price_amount":"1792","product_price_currency":"MXN","og_availability":"backorder","product_availability":"available for order","product_retailer_item_id":"VIGI C340S(4MM)","product_condition":"new"},"_links":{"self":[{"href":"https:\/\/compuviper.mx\/tienda\/wp-json\/wp\/v2\/product\/239000"}],"collection":[{"href":"https:\/\/compuviper.mx\/tienda\/wp-json\/wp\/v2\/product"}],"about":[{"href":"https:\/\/compuviper.mx\/tienda\/wp-json\/wp\/v2\/types\/product"}],"replies":[{"embeddable":true,"href":"https:\/\/compuviper.mx\/tienda\/wp-json\/wp\/v2\/comments?post=239000"}],"wp:featuredmedia":[{"embeddable":true,"href":"https:\/\/compuviper.mx\/tienda\/wp-json\/wp\/v2\/media\/242485"}],"wp:attachment":[{"href":"https:\/\/compuviper.mx\/tienda\/wp-json\/wp\/v2\/media?parent=239000"}],"wp:term":[{"taxonomy":"product_cat","embeddable":true,"href":"https:\/\/compuviper.mx\/tienda\/wp-json\/wp\/v2\/product_cat?post=239000"},{"taxonomy":"product_tag","embeddable":true,"href":"https:\/\/compuviper.mx\/tienda\/wp-json\/wp\/v2\/product_tag?post=239000"}],"curies":[{"name":"wp","href":"https:\/\/api.w.org\/{rel}","templated":true}]}}