{"id":238999,"date":"2026-04-23T00:14:30","date_gmt":"2026-04-23T06:14:30","guid":{"rendered":"https:\/\/compuviper.mx\/tienda\/producto\/tp-link-vigi-c230i-mini2-8mm-camara-ip-mini-domo-tp-link-vigi-3mp-clasificacion-de-vehiculos-y-personas-audio-bidireccional-ik08-onvif-h-265-smartvid-modo-pasillo\/"},"modified":"2026-04-23T00:14:31","modified_gmt":"2026-04-23T06:14:31","slug":"tp-link-vigi-c230i-mini2-8mm-camara-ip-mini-domo-tp-link-vigi-vigi-c230i-mini2-8mm-3mp-clasificacion-de-vehiculos-y-personas-audio-bidireccional-ik08-onvif-h-265-smartvid-modo-pasillo","status":"publish","type":"product","link":"https:\/\/compuviper.mx\/tienda\/producto\/tp-link-vigi-c230i-mini2-8mm-camara-ip-mini-domo-tp-link-vigi-vigi-c230i-mini2-8mm-3mp-clasificacion-de-vehiculos-y-personas-audio-bidireccional-ik08-onvif-h-265-smartvid-modo-pasillo\/","title":{"rendered":"Tp Link Vigi C230i Mini(2.8mm) Camara Ip Mini Domo Tp-link Vigi Vigi C230i Mini2.8mm 3mp Clasificacion De Vehiculos Y Personas Audio Bidireccional Ik08 Onvif H.265 Smartvid Modo Pasillo"},"content":{"rendered":"<table class=\"descripcion\">\n<tr>\n<td>C\u00e1mara ip mini domo de 3 mp<\/td>\n<\/tr>\n<tr>\n<td>Especificaciones: h.265\/h.265\/h.264\/h.264, cmos de escaneo progresivo de 1\/2,8, color\/0,005 lux@f1.6, 0 lux con ir, 25 fps\/30 fps 2304&#215;1296, 2048&#215;1280, 1920&#215;1080, poe\/12 v cc, lente fija de 2,8 mm, micrfono incorporado, altavoz, ranura micro-sd, ik08<\/td>\n<\/tr>\n<tr>\n<td>Caracterstica: deteccin inteligente clasificacin de personas y vehculos deteccin de movimiento, deteccin de intrusin de \u00e1rea, deteccin de cruce de lneas, deteccin de manipulacin de c\u00e1maras, deteccin de objetos abandonados, deteccin de eliminacin de objetos, deteccin de entrada de \u00e1rea, deteccin de salida de \u00e1rea, deteccin de vehculos, deteccin humana, ir visin nocturna hasta 30 m, audio bidireccional, almacenamiento integrado, smartvid smart ir, wdr, 3d dnr, blc, modo pasillo, onvif, monitoreo remoto, aplicacin vigi, web, vigi security manager<\/td>\n<\/tr>\n<\/table>\n","protected":false},"excerpt":{"rendered":"<p>Alta definicin. Clasificacin de personas y vehculos. Deteccin inteligente. Amplio \u00e1ngulo de visin. Audio bidireccional. Proteccin ik08. Codificacin de video inteligente. Smartvid. Modo pasillo. Compatibilidad  onvif. Almacenamiento seguro. Monitorizacin en remoto<\/p>\n","protected":false},"featured_media":242484,"comment_status":"open","ping_status":"open","template":"","meta":[],"product_cat":[1608,1681],"product_tag":[1562],"acf":[],"yoast_head":"<!-- This site is optimized with the Yoast SEO plugin v21.7 - https:\/\/yoast.com\/wordpress\/plugins\/seo\/ -->\n<title>[ Tp Link ] &#129351; Vigi C230i Mini(2.8mm) Camara Ip Mini Domo Tp-link Vigi Vigi C230i Mini2.8mm 3mp Clasificacion De Vehiculos Y Personas Audio Bidireccional Ik08 Onvif H.265 Smartvid Modo Pasillo<\/title>\n<meta name=\"description\" content=\"Compra Vigi C230i Mini(2.8mm) Camara Ip Mini Domo Tp-link Vigi Vigi C230i Mini2.8mm 3mp Clasificacion De Vehiculos Y Personas Audio Bidireccional Ik08 Onvif H.265 Smartvid Modo Pasillo + Env\u00edo a domicilio + Pago seguro + Garant\u00eda\" \/>\n<meta name=\"robots\" content=\"index, follow, max-snippet:-1, max-image-preview:large, max-video-preview:-1\" \/>\n<link rel=\"canonical\" href=\"https:\/\/compuviper.mx\/tienda\/producto\/tp-link-vigi-c230i-mini2-8mm-camara-ip-mini-domo-tp-link-vigi-vigi-c230i-mini2-8mm-3mp-clasificacion-de-vehiculos-y-personas-audio-bidireccional-ik08-onvif-h-265-smartvid-modo-pasillo\/\" \/>\n<meta property=\"og:locale\" content=\"es_MX\" \/>\n<meta property=\"og:type\" content=\"article\" \/>\n<meta property=\"og:title\" content=\"[ Tp Link ] &#129351; Vigi C230i Mini(2.8mm) Camara Ip Mini Domo Tp-link Vigi Vigi C230i Mini2.8mm 3mp Clasificacion De Vehiculos Y Personas Audio Bidireccional Ik08 Onvif H.265 Smartvid Modo Pasillo\" \/>\n<meta property=\"og:description\" content=\"Compra Vigi C230i Mini(2.8mm) Camara Ip Mini Domo Tp-link Vigi Vigi C230i Mini2.8mm 3mp Clasificacion De Vehiculos Y Personas Audio Bidireccional Ik08 Onvif H.265 Smartvid Modo Pasillo + Env\u00edo a domicilio + Pago seguro + Garant\u00eda\" \/>\n<meta property=\"og:url\" content=\"https:\/\/compuviper.mx\/tienda\/producto\/tp-link-vigi-c230i-mini2-8mm-camara-ip-mini-domo-tp-link-vigi-vigi-c230i-mini2-8mm-3mp-clasificacion-de-vehiculos-y-personas-audio-bidireccional-ik08-onvif-h-265-smartvid-modo-pasillo\/\" \/>\n<meta property=\"og:site_name\" content=\"Compuviper\" \/>\n<meta property=\"article:publisher\" content=\"https:\/\/www.facebook.com\/compuviper\" \/>\n<meta property=\"article:modified_time\" content=\"2026-04-23T06:14:31+00:00\" \/>\n<meta property=\"og:image\" content=\"https:\/\/compuviper.mx\/tienda\/wp-content\/uploads\/2024\/09\/Camara-ip-mini-domo-tp-link-vigi-vigi-c230i-mini2.8mm-3mp-clasificacion-de-vehiculos-y-personas-audio-bidireccional-ik08-onvif-h.265-smartvid-modo-pasillo.jpg\" \/>\n\t<meta property=\"og:image:width\" content=\"200\" \/>\n\t<meta property=\"og:image:height\" content=\"200\" \/>\n\t<meta property=\"og:image:type\" content=\"image\/jpeg\" \/>\n<meta name=\"twitter:card\" content=\"summary_large_image\" \/>\n<meta name=\"twitter:label1\" content=\"Precio\" \/>\n\t<meta name=\"twitter:data1\" content=\"&#36;837 con IVA\" \/>\n\t<meta name=\"twitter:label2\" content=\"Availability\" \/>\n\t<meta name=\"twitter:data2\" content=\"On backorder\" \/>\n<script type=\"application\/ld+json\" class=\"yoast-schema-graph\">{\"@context\":\"https:\/\/schema.org\",\"@graph\":[{\"@type\":\"WebPage\",\"@id\":\"https:\/\/compuviper.mx\/tienda\/producto\/tp-link-vigi-c230i-mini2-8mm-camara-ip-mini-domo-tp-link-vigi-vigi-c230i-mini2-8mm-3mp-clasificacion-de-vehiculos-y-personas-audio-bidireccional-ik08-onvif-h-265-smartvid-modo-pasillo\/\",\"url\":\"https:\/\/compuviper.mx\/tienda\/producto\/tp-link-vigi-c230i-mini2-8mm-camara-ip-mini-domo-tp-link-vigi-vigi-c230i-mini2-8mm-3mp-clasificacion-de-vehiculos-y-personas-audio-bidireccional-ik08-onvif-h-265-smartvid-modo-pasillo\/\",\"name\":\"[ Tp Link ] &#129351; Vigi C230i Mini(2.8mm) Camara Ip Mini Domo Tp-link Vigi Vigi C230i Mini2.8mm 3mp Clasificacion De Vehiculos Y Personas Audio Bidireccional Ik08 Onvif H.265 Smartvid Modo Pasillo\",\"isPartOf\":{\"@id\":\"https:\/\/compuviper.mx\/tienda\/#website\"},\"datePublished\":\"2026-04-23T06:14:30+00:00\",\"dateModified\":\"2026-04-23T06:14:31+00:00\",\"description\":\"Compra Vigi C230i Mini(2.8mm) Camara Ip Mini Domo Tp-link Vigi Vigi C230i Mini2.8mm 3mp Clasificacion De Vehiculos Y Personas Audio Bidireccional Ik08 Onvif H.265 Smartvid Modo Pasillo + Env\u00edo a domicilio + Pago seguro + Garant\u00eda\",\"breadcrumb\":{\"@id\":\"https:\/\/compuviper.mx\/tienda\/producto\/tp-link-vigi-c230i-mini2-8mm-camara-ip-mini-domo-tp-link-vigi-vigi-c230i-mini2-8mm-3mp-clasificacion-de-vehiculos-y-personas-audio-bidireccional-ik08-onvif-h-265-smartvid-modo-pasillo\/#breadcrumb\"},\"inLanguage\":\"es-MX\",\"potentialAction\":[{\"@type\":\"ReadAction\",\"target\":[\"https:\/\/compuviper.mx\/tienda\/producto\/tp-link-vigi-c230i-mini2-8mm-camara-ip-mini-domo-tp-link-vigi-vigi-c230i-mini2-8mm-3mp-clasificacion-de-vehiculos-y-personas-audio-bidireccional-ik08-onvif-h-265-smartvid-modo-pasillo\/\"]}]},{\"@type\":\"BreadcrumbList\",\"@id\":\"https:\/\/compuviper.mx\/tienda\/producto\/tp-link-vigi-c230i-mini2-8mm-camara-ip-mini-domo-tp-link-vigi-vigi-c230i-mini2-8mm-3mp-clasificacion-de-vehiculos-y-personas-audio-bidireccional-ik08-onvif-h-265-smartvid-modo-pasillo\/#breadcrumb\",\"itemListElement\":[{\"@type\":\"ListItem\",\"position\":1,\"name\":\"Inicio\",\"item\":\"https:\/\/compuviper.mx\/tienda\/\"},{\"@type\":\"ListItem\",\"position\":2,\"name\":\"Productos\",\"item\":\"https:\/\/compuviper.mx\/tienda\/productos\/\"},{\"@type\":\"ListItem\",\"position\":3,\"name\":\"Camaras\",\"item\":\"https:\/\/compuviper.mx\/tienda\/categoria-producto\/camaras-2\/\"},{\"@type\":\"ListItem\",\"position\":4,\"name\":\"Camara De Videovigilancia\",\"item\":\"https:\/\/compuviper.mx\/tienda\/categoria-producto\/camaras-2\/camara-de-videovigilancia\/\"},{\"@type\":\"ListItem\",\"position\":5,\"name\":\"Tp Link Vigi C230i Mini(2.8mm) Camara Ip Mini Domo Tp-link Vigi Vigi C230i Mini2.8mm 3mp Clasificacion De Vehiculos Y Personas Audio Bidireccional Ik08 Onvif H.265 Smartvid Modo Pasillo\"}]},{\"@type\":\"WebSite\",\"@id\":\"https:\/\/compuviper.mx\/tienda\/#website\",\"url\":\"https:\/\/compuviper.mx\/tienda\/\",\"name\":\"Compuviper\",\"description\":\"Proveedor de Computadoras, Laptops, Servidores, Monitores, Puntos de Venta, Teclados,   Impresoras, T\u00f3ner, C\u00e1maras de Seguridad y m\u00e1s en tu tienda en l\u00ednea\",\"publisher\":{\"@id\":\"https:\/\/compuviper.mx\/tienda\/#organization\"},\"potentialAction\":[{\"@type\":\"SearchAction\",\"target\":{\"@type\":\"EntryPoint\",\"urlTemplate\":\"https:\/\/compuviper.mx\/tienda\/?s={search_term_string}\"},\"query-input\":\"required name=search_term_string\"}],\"inLanguage\":\"es-MX\"},{\"@type\":\"Organization\",\"@id\":\"https:\/\/compuviper.mx\/tienda\/#organization\",\"name\":\"Compuviper\",\"url\":\"https:\/\/compuviper.mx\/tienda\/\",\"logo\":{\"@type\":\"ImageObject\",\"inLanguage\":\"es-MX\",\"@id\":\"https:\/\/compuviper.mx\/tienda\/#\/schema\/logo\/image\/\",\"url\":\"https:\/\/compuviper.mx\/tienda\/wp-content\/uploads\/2021\/08\/Logo-Compuviper-10.png\",\"contentUrl\":\"https:\/\/compuviper.mx\/tienda\/wp-content\/uploads\/2021\/08\/Logo-Compuviper-10.png\",\"width\":1000,\"height\":500,\"caption\":\"Compuviper\"},\"image\":{\"@id\":\"https:\/\/compuviper.mx\/tienda\/#\/schema\/logo\/image\/\"},\"sameAs\":[\"https:\/\/www.facebook.com\/compuviper\",\"https:\/\/www.youtube.com\/channel\/UCf73dERp9Y3cfOq7q8BhLjA?view_as=subscriber\"]}]}<\/script>\n<meta property=\"product:brand\" content=\"TP LINK\" \/>\n<meta property=\"product:price:amount\" content=\"837\" \/>\n<meta property=\"product:price:currency\" content=\"MXN\" \/>\n<meta property=\"og:availability\" content=\"backorder\" \/>\n<meta property=\"product:availability\" content=\"available for order\" \/>\n<meta property=\"product:retailer_item_id\" content=\"VIGI C230I MINI(2.8MM)\" \/>\n<meta property=\"product:condition\" content=\"new\" \/>\n<!-- \/ Yoast SEO plugin. -->","yoast_head_json":{"title":"[ Tp Link ] &#129351; Vigi C230i Mini(2.8mm) Camara Ip Mini Domo Tp-link Vigi Vigi C230i Mini2.8mm 3mp Clasificacion De Vehiculos Y Personas Audio Bidireccional Ik08 Onvif H.265 Smartvid Modo Pasillo","description":"Compra Vigi C230i Mini(2.8mm) Camara Ip Mini Domo Tp-link Vigi Vigi C230i Mini2.8mm 3mp Clasificacion De Vehiculos Y Personas Audio Bidireccional Ik08 Onvif H.265 Smartvid Modo Pasillo + Env\u00edo a domicilio + Pago seguro + Garant\u00eda","robots":{"index":"index","follow":"follow","max-snippet":"max-snippet:-1","max-image-preview":"max-image-preview:large","max-video-preview":"max-video-preview:-1"},"canonical":"https:\/\/compuviper.mx\/tienda\/producto\/tp-link-vigi-c230i-mini2-8mm-camara-ip-mini-domo-tp-link-vigi-vigi-c230i-mini2-8mm-3mp-clasificacion-de-vehiculos-y-personas-audio-bidireccional-ik08-onvif-h-265-smartvid-modo-pasillo\/","og_locale":"es_MX","og_type":"article","og_title":"[ Tp Link ] &#129351; Vigi C230i Mini(2.8mm) Camara Ip Mini Domo Tp-link Vigi Vigi C230i Mini2.8mm 3mp Clasificacion De Vehiculos Y Personas Audio Bidireccional Ik08 Onvif H.265 Smartvid Modo Pasillo","og_description":"Compra Vigi C230i Mini(2.8mm) Camara Ip Mini Domo Tp-link Vigi Vigi C230i Mini2.8mm 3mp Clasificacion De Vehiculos Y Personas Audio Bidireccional Ik08 Onvif H.265 Smartvid Modo Pasillo + Env\u00edo a domicilio + Pago seguro + Garant\u00eda","og_url":"https:\/\/compuviper.mx\/tienda\/producto\/tp-link-vigi-c230i-mini2-8mm-camara-ip-mini-domo-tp-link-vigi-vigi-c230i-mini2-8mm-3mp-clasificacion-de-vehiculos-y-personas-audio-bidireccional-ik08-onvif-h-265-smartvid-modo-pasillo\/","og_site_name":"Compuviper","article_publisher":"https:\/\/www.facebook.com\/compuviper","article_modified_time":"2026-04-23T06:14:31+00:00","og_image":[{"width":200,"height":200,"url":"https:\/\/compuviper.mx\/tienda\/wp-content\/uploads\/2024\/09\/Camara-ip-mini-domo-tp-link-vigi-vigi-c230i-mini2.8mm-3mp-clasificacion-de-vehiculos-y-personas-audio-bidireccional-ik08-onvif-h.265-smartvid-modo-pasillo.jpg","type":"image\/jpeg"}],"twitter_card":"summary_large_image","twitter_misc":{"Precio":"&#36;837 con IVA","Availability":"On backorder"},"schema":{"@context":"https:\/\/schema.org","@graph":[{"@type":"WebPage","@id":"https:\/\/compuviper.mx\/tienda\/producto\/tp-link-vigi-c230i-mini2-8mm-camara-ip-mini-domo-tp-link-vigi-vigi-c230i-mini2-8mm-3mp-clasificacion-de-vehiculos-y-personas-audio-bidireccional-ik08-onvif-h-265-smartvid-modo-pasillo\/","url":"https:\/\/compuviper.mx\/tienda\/producto\/tp-link-vigi-c230i-mini2-8mm-camara-ip-mini-domo-tp-link-vigi-vigi-c230i-mini2-8mm-3mp-clasificacion-de-vehiculos-y-personas-audio-bidireccional-ik08-onvif-h-265-smartvid-modo-pasillo\/","name":"[ Tp Link ] &#129351; Vigi C230i Mini(2.8mm) Camara Ip Mini Domo Tp-link Vigi Vigi C230i Mini2.8mm 3mp Clasificacion De Vehiculos Y Personas Audio Bidireccional Ik08 Onvif H.265 Smartvid Modo Pasillo","isPartOf":{"@id":"https:\/\/compuviper.mx\/tienda\/#website"},"datePublished":"2026-04-23T06:14:30+00:00","dateModified":"2026-04-23T06:14:31+00:00","description":"Compra Vigi C230i Mini(2.8mm) Camara Ip Mini Domo Tp-link Vigi Vigi C230i Mini2.8mm 3mp Clasificacion De Vehiculos Y Personas Audio Bidireccional Ik08 Onvif H.265 Smartvid Modo Pasillo + Env\u00edo a domicilio + Pago seguro + Garant\u00eda","breadcrumb":{"@id":"https:\/\/compuviper.mx\/tienda\/producto\/tp-link-vigi-c230i-mini2-8mm-camara-ip-mini-domo-tp-link-vigi-vigi-c230i-mini2-8mm-3mp-clasificacion-de-vehiculos-y-personas-audio-bidireccional-ik08-onvif-h-265-smartvid-modo-pasillo\/#breadcrumb"},"inLanguage":"es-MX","potentialAction":[{"@type":"ReadAction","target":["https:\/\/compuviper.mx\/tienda\/producto\/tp-link-vigi-c230i-mini2-8mm-camara-ip-mini-domo-tp-link-vigi-vigi-c230i-mini2-8mm-3mp-clasificacion-de-vehiculos-y-personas-audio-bidireccional-ik08-onvif-h-265-smartvid-modo-pasillo\/"]}]},{"@type":"BreadcrumbList","@id":"https:\/\/compuviper.mx\/tienda\/producto\/tp-link-vigi-c230i-mini2-8mm-camara-ip-mini-domo-tp-link-vigi-vigi-c230i-mini2-8mm-3mp-clasificacion-de-vehiculos-y-personas-audio-bidireccional-ik08-onvif-h-265-smartvid-modo-pasillo\/#breadcrumb","itemListElement":[{"@type":"ListItem","position":1,"name":"Inicio","item":"https:\/\/compuviper.mx\/tienda\/"},{"@type":"ListItem","position":2,"name":"Productos","item":"https:\/\/compuviper.mx\/tienda\/productos\/"},{"@type":"ListItem","position":3,"name":"Camaras","item":"https:\/\/compuviper.mx\/tienda\/categoria-producto\/camaras-2\/"},{"@type":"ListItem","position":4,"name":"Camara De Videovigilancia","item":"https:\/\/compuviper.mx\/tienda\/categoria-producto\/camaras-2\/camara-de-videovigilancia\/"},{"@type":"ListItem","position":5,"name":"Tp Link Vigi C230i Mini(2.8mm) Camara Ip Mini Domo Tp-link Vigi Vigi C230i Mini2.8mm 3mp Clasificacion De Vehiculos Y Personas Audio Bidireccional Ik08 Onvif H.265 Smartvid Modo Pasillo"}]},{"@type":"WebSite","@id":"https:\/\/compuviper.mx\/tienda\/#website","url":"https:\/\/compuviper.mx\/tienda\/","name":"Compuviper","description":"Proveedor de Computadoras, Laptops, Servidores, Monitores, Puntos de Venta, Teclados,   Impresoras, T\u00f3ner, C\u00e1maras de Seguridad y m\u00e1s en tu tienda en l\u00ednea","publisher":{"@id":"https:\/\/compuviper.mx\/tienda\/#organization"},"potentialAction":[{"@type":"SearchAction","target":{"@type":"EntryPoint","urlTemplate":"https:\/\/compuviper.mx\/tienda\/?s={search_term_string}"},"query-input":"required name=search_term_string"}],"inLanguage":"es-MX"},{"@type":"Organization","@id":"https:\/\/compuviper.mx\/tienda\/#organization","name":"Compuviper","url":"https:\/\/compuviper.mx\/tienda\/","logo":{"@type":"ImageObject","inLanguage":"es-MX","@id":"https:\/\/compuviper.mx\/tienda\/#\/schema\/logo\/image\/","url":"https:\/\/compuviper.mx\/tienda\/wp-content\/uploads\/2021\/08\/Logo-Compuviper-10.png","contentUrl":"https:\/\/compuviper.mx\/tienda\/wp-content\/uploads\/2021\/08\/Logo-Compuviper-10.png","width":1000,"height":500,"caption":"Compuviper"},"image":{"@id":"https:\/\/compuviper.mx\/tienda\/#\/schema\/logo\/image\/"},"sameAs":["https:\/\/www.facebook.com\/compuviper","https:\/\/www.youtube.com\/channel\/UCf73dERp9Y3cfOq7q8BhLjA?view_as=subscriber"]}]},"product_brand":"TP LINK","product_price_amount":"837","product_price_currency":"MXN","og_availability":"backorder","product_availability":"available for order","product_retailer_item_id":"VIGI C230I MINI(2.8MM)","product_condition":"new"},"_links":{"self":[{"href":"https:\/\/compuviper.mx\/tienda\/wp-json\/wp\/v2\/product\/238999"}],"collection":[{"href":"https:\/\/compuviper.mx\/tienda\/wp-json\/wp\/v2\/product"}],"about":[{"href":"https:\/\/compuviper.mx\/tienda\/wp-json\/wp\/v2\/types\/product"}],"replies":[{"embeddable":true,"href":"https:\/\/compuviper.mx\/tienda\/wp-json\/wp\/v2\/comments?post=238999"}],"wp:featuredmedia":[{"embeddable":true,"href":"https:\/\/compuviper.mx\/tienda\/wp-json\/wp\/v2\/media\/242484"}],"wp:attachment":[{"href":"https:\/\/compuviper.mx\/tienda\/wp-json\/wp\/v2\/media?parent=238999"}],"wp:term":[{"taxonomy":"product_cat","embeddable":true,"href":"https:\/\/compuviper.mx\/tienda\/wp-json\/wp\/v2\/product_cat?post=238999"},{"taxonomy":"product_tag","embeddable":true,"href":"https:\/\/compuviper.mx\/tienda\/wp-json\/wp\/v2\/product_tag?post=238999"}],"curies":[{"name":"wp","href":"https:\/\/api.w.org\/{rel}","templated":true}]}}