{"id":238993,"date":"2026-04-23T00:14:27","date_gmt":"2026-04-23T06:14:27","guid":{"rendered":"https:\/\/compuviper.mx\/tienda\/producto\/tp-link-vigi-c4502-8mm-camara-ip-turret-tp-link-vigi-vigi-c4502-8mm-5mp-deteccion-personas-y-vehiculos-audio-bidireccional-modo-pasillo-full-color-almacenamiento-microsd-h-265-wdr-real\/"},"modified":"2026-04-23T00:14:27","modified_gmt":"2026-04-23T06:14:27","slug":"tp-link-vigi-c4502-8mm-camara-ip-turret-tp-link-vigi-vigi-c4502-8mm-5mp-deteccion-personas-y-vehiculos-audio-bidireccional-modo-pasillo-full-color-almacenamiento-microsd-h-265-wdr-real","status":"publish","type":"product","link":"https:\/\/compuviper.mx\/tienda\/producto\/tp-link-vigi-c4502-8mm-camara-ip-turret-tp-link-vigi-vigi-c4502-8mm-5mp-deteccion-personas-y-vehiculos-audio-bidireccional-modo-pasillo-full-color-almacenamiento-microsd-h-265-wdr-real\/","title":{"rendered":"Tp Link Vigi C450(2.8mm) Camara Ip Turret Tp-link Vigi Vigi C4502.8mm 5mp Deteccion Personas Y Vehiculos Audio Bidireccional Modo Pasillo Full Color Almacenamiento Microsd H.265 Wdr Real"},"content":{"rendered":"<table class=\"descripcion\">\n<tr>\n<td>C\u00e1mara ip tipo torreta full color de 5 mp<\/td>\n<\/tr>\n<tr>\n<td>Especificaciones: h.265+\/h.265\/h.264+\/h.264, cmos de escaneo progresivo de 1\/2,7, color\/0,005 lux@f1.6, 0 lux con ir\/luz blanca, 25 fps\/30 fps (2880&#215;1620) , 2048&#215;1280, 1920&#215;1080,1280&#215;720), ture wdr, poe\/12v cc, lente fija de 2,8 mm, micr\u00f3fono incorporado, altavoz, ranura micro-sd<\/td>\n<\/tr>\n<tr>\n<td>Caracter\u00edsticas: visi\u00f3n nocturna full color y por infrarrojos (hasta 30 m), defensa activa, audio bidireccional, almacenamiento a bordo, detecci\u00f3n inteligente (detecci\u00f3n de movimiento (clasificaci\u00f3n de objetivos humanos), manipulaci\u00f3n de c\u00e1mara, cruce de l\u00edneas, intrusi\u00f3n de \u00e1rea) , smartvid (smart ir, 3d dnr, blc), modo pasillo, onvif, monitoreo remoto, aplicaci\u00f3n vigi, web, vigi security manager<\/td>\n<\/tr>\n<\/table>\n","protected":false},"excerpt":{"rendered":"<p>Vigi c450. C\u00e1mara ip tipo turret a todo color vigi de 5mp. 5mp de s\u00faper alta definici\u00f3n: la c\u00e1mara viene con 5mp-m\u00e1s que suficientes p\u00edxeles para recoger algunos de los detalles m\u00e1s discretos. 24 horas a todo color: obtenga detalles en color las 24 horas del d\u00eda, incluso en condiciones de oscuridad total, con su objetivo de gran apertura, el sensor de alta sensibilidad y las luces suplementarias incorporadas. Clasificaci\u00f3n de personas y veh\u00edculos: distingue a las personas y los veh\u00edculos de otros objetos, para que recibas notificaciones de eventos m\u00e1s precisas. Detecci\u00f3n inteligente: detecta de forma activa eventos an\u00f3malos como la intrusi\u00f3n en \u00e1reas y el cruce de l\u00edneas, envi\u00e1ndole notificaciones al instante. An\u00e1lisis de personas y veh\u00edculos: encuentre r\u00e1pidamente personas y veh\u00edculos de inter\u00e9s utilizando una serie de atributos, lo que le permitir\u00e1 mejorar la eficacia de la b\u00fasqueda. Defensa activa: advierta a posibles intrusos al instante con sonido y luz cuando se produzcan eventos anormales. Audio bidireccional: con la compatibilidad con intercomunicadores de voz, mantenga conversaciones bidireccionales mientras ve su canal desde cualquier lugar. Modo pasillo: permite cambiar la relaci\u00f3n de aspecto de la imagen de 16:9 a 9:16, y ayuda a supervisar zonas largas y estrechas. H.265+ and #9651;: sin utilizar ancho de banda adicional, sus c\u00e1maras transmiten v\u00eddeo n\u00edtido comprimido para ahorrar espacio en disco, aliviar las cargas de red y reducir los costes de supervisi\u00f3n sin sacrificar la calidad de imagen. Mejora inteligente de v\u00eddeo: las tecnolog\u00edas profesionales de vigi procesan los v\u00eddeos para mejorar en gran medida su calidad vital para su monitorizaci\u00f3n, incluyendo smart ir, true wdr, 3d dnr y night vision. Poe\/12v dc: dos tipos de fuente de alimentaci\u00f3n no s\u00f3lo le ofrecen m\u00e1s comodidad, sino que tambi\u00e9n facilitan notablemente el cableado. Gesti\u00f3n y almacenamiento flexibles: tome el control total de su seguridad a trav\u00e9s de cuatro m\u00e9todos de gesti\u00f3n: la interfaz de usuario web, la interfaz de usuario nvr, la aplicaci\u00f3n vigi y vigi security manager. Hay almacenamiento local disponible para cada m\u00e9todo, as\u00ed como almacenamiento integrado con ranura para tarjeta sd (hasta 256 gb).<\/p>\n","protected":false},"featured_media":242478,"comment_status":"open","ping_status":"open","template":"","meta":[],"product_cat":[1608,1681],"product_tag":[1562],"acf":[],"yoast_head":"<!-- This site is optimized with the Yoast SEO plugin v21.7 - https:\/\/yoast.com\/wordpress\/plugins\/seo\/ -->\n<title>[ Tp Link ] &#129351; Vigi C450(2.8mm) Camara Ip Turret Tp-link Vigi Vigi C4502.8mm 5mp Deteccion Personas Y Vehiculos Audio Bidireccional Modo Pasillo Full Color Almacenamiento Microsd H.265 Wdr Real<\/title>\n<meta name=\"description\" content=\"Compra Vigi C450(2.8mm) Camara Ip Turret Tp-link Vigi Vigi C4502.8mm 5mp Deteccion Personas Y Vehiculos Audio Bidireccional Modo Pasillo Full Color Almacenamiento Microsd H.265 Wdr Real + Env\u00edo a domicilio + Pago seguro + Garant\u00eda\" \/>\n<meta name=\"robots\" content=\"index, follow, max-snippet:-1, max-image-preview:large, max-video-preview:-1\" \/>\n<link rel=\"canonical\" href=\"https:\/\/compuviper.mx\/tienda\/producto\/tp-link-vigi-c4502-8mm-camara-ip-turret-tp-link-vigi-vigi-c4502-8mm-5mp-deteccion-personas-y-vehiculos-audio-bidireccional-modo-pasillo-full-color-almacenamiento-microsd-h-265-wdr-real\/\" \/>\n<meta property=\"og:locale\" content=\"es_MX\" \/>\n<meta property=\"og:type\" content=\"article\" \/>\n<meta property=\"og:title\" content=\"[ Tp Link ] &#129351; Vigi C450(2.8mm) Camara Ip Turret Tp-link Vigi Vigi C4502.8mm 5mp Deteccion Personas Y Vehiculos Audio Bidireccional Modo Pasillo Full Color Almacenamiento Microsd H.265 Wdr Real\" \/>\n<meta property=\"og:description\" content=\"Compra Vigi C450(2.8mm) Camara Ip Turret Tp-link Vigi Vigi C4502.8mm 5mp Deteccion Personas Y Vehiculos Audio Bidireccional Modo Pasillo Full Color Almacenamiento Microsd H.265 Wdr Real + Env\u00edo a domicilio + Pago seguro + Garant\u00eda\" \/>\n<meta property=\"og:url\" content=\"https:\/\/compuviper.mx\/tienda\/producto\/tp-link-vigi-c4502-8mm-camara-ip-turret-tp-link-vigi-vigi-c4502-8mm-5mp-deteccion-personas-y-vehiculos-audio-bidireccional-modo-pasillo-full-color-almacenamiento-microsd-h-265-wdr-real\/\" \/>\n<meta property=\"og:site_name\" content=\"Compuviper\" \/>\n<meta property=\"article:publisher\" content=\"https:\/\/www.facebook.com\/compuviper\" \/>\n<meta property=\"og:image\" content=\"https:\/\/compuviper.mx\/tienda\/wp-content\/uploads\/2024\/09\/Camara-ip-turret-tp-link-vigi-vigi-c4502.8mm-5mp-deteccion-personas-y-vehiculos-audio-bidireccional-modo-pasillo-full-color-almacenamiento-microsd-h.265-wdr-real.jpg\" \/>\n\t<meta property=\"og:image:width\" content=\"200\" \/>\n\t<meta property=\"og:image:height\" content=\"200\" \/>\n\t<meta property=\"og:image:type\" content=\"image\/jpeg\" \/>\n<meta name=\"twitter:card\" content=\"summary_large_image\" \/>\n<meta name=\"twitter:label1\" content=\"Precio\" \/>\n\t<meta name=\"twitter:data1\" content=\"&#36;1,080 con IVA\" \/>\n\t<meta name=\"twitter:label2\" content=\"Availability\" \/>\n\t<meta name=\"twitter:data2\" content=\"On backorder\" \/>\n<script type=\"application\/ld+json\" class=\"yoast-schema-graph\">{\"@context\":\"https:\/\/schema.org\",\"@graph\":[{\"@type\":\"WebPage\",\"@id\":\"https:\/\/compuviper.mx\/tienda\/producto\/tp-link-vigi-c4502-8mm-camara-ip-turret-tp-link-vigi-vigi-c4502-8mm-5mp-deteccion-personas-y-vehiculos-audio-bidireccional-modo-pasillo-full-color-almacenamiento-microsd-h-265-wdr-real\/\",\"url\":\"https:\/\/compuviper.mx\/tienda\/producto\/tp-link-vigi-c4502-8mm-camara-ip-turret-tp-link-vigi-vigi-c4502-8mm-5mp-deteccion-personas-y-vehiculos-audio-bidireccional-modo-pasillo-full-color-almacenamiento-microsd-h-265-wdr-real\/\",\"name\":\"[ Tp Link ] &#129351; Vigi C450(2.8mm) Camara Ip Turret Tp-link Vigi Vigi C4502.8mm 5mp Deteccion Personas Y Vehiculos Audio Bidireccional Modo Pasillo Full Color Almacenamiento Microsd H.265 Wdr Real\",\"isPartOf\":{\"@id\":\"https:\/\/compuviper.mx\/tienda\/#website\"},\"datePublished\":\"2026-04-23T06:14:27+00:00\",\"dateModified\":\"2026-04-23T06:14:27+00:00\",\"description\":\"Compra Vigi C450(2.8mm) Camara Ip Turret Tp-link Vigi Vigi C4502.8mm 5mp Deteccion Personas Y Vehiculos Audio Bidireccional Modo Pasillo Full Color Almacenamiento Microsd H.265 Wdr Real + Env\u00edo a domicilio + Pago seguro + Garant\u00eda\",\"breadcrumb\":{\"@id\":\"https:\/\/compuviper.mx\/tienda\/producto\/tp-link-vigi-c4502-8mm-camara-ip-turret-tp-link-vigi-vigi-c4502-8mm-5mp-deteccion-personas-y-vehiculos-audio-bidireccional-modo-pasillo-full-color-almacenamiento-microsd-h-265-wdr-real\/#breadcrumb\"},\"inLanguage\":\"es-MX\",\"potentialAction\":[{\"@type\":\"ReadAction\",\"target\":[\"https:\/\/compuviper.mx\/tienda\/producto\/tp-link-vigi-c4502-8mm-camara-ip-turret-tp-link-vigi-vigi-c4502-8mm-5mp-deteccion-personas-y-vehiculos-audio-bidireccional-modo-pasillo-full-color-almacenamiento-microsd-h-265-wdr-real\/\"]}]},{\"@type\":\"BreadcrumbList\",\"@id\":\"https:\/\/compuviper.mx\/tienda\/producto\/tp-link-vigi-c4502-8mm-camara-ip-turret-tp-link-vigi-vigi-c4502-8mm-5mp-deteccion-personas-y-vehiculos-audio-bidireccional-modo-pasillo-full-color-almacenamiento-microsd-h-265-wdr-real\/#breadcrumb\",\"itemListElement\":[{\"@type\":\"ListItem\",\"position\":1,\"name\":\"Inicio\",\"item\":\"https:\/\/compuviper.mx\/tienda\/\"},{\"@type\":\"ListItem\",\"position\":2,\"name\":\"Productos\",\"item\":\"https:\/\/compuviper.mx\/tienda\/productos\/\"},{\"@type\":\"ListItem\",\"position\":3,\"name\":\"Camaras\",\"item\":\"https:\/\/compuviper.mx\/tienda\/categoria-producto\/camaras-2\/\"},{\"@type\":\"ListItem\",\"position\":4,\"name\":\"Camara De Videovigilancia\",\"item\":\"https:\/\/compuviper.mx\/tienda\/categoria-producto\/camaras-2\/camara-de-videovigilancia\/\"},{\"@type\":\"ListItem\",\"position\":5,\"name\":\"Tp Link Vigi C450(2.8mm) Camara Ip Turret Tp-link Vigi Vigi C4502.8mm 5mp Deteccion Personas Y Vehiculos Audio Bidireccional Modo Pasillo Full Color Almacenamiento Microsd H.265 Wdr Real\"}]},{\"@type\":\"WebSite\",\"@id\":\"https:\/\/compuviper.mx\/tienda\/#website\",\"url\":\"https:\/\/compuviper.mx\/tienda\/\",\"name\":\"Compuviper\",\"description\":\"Proveedor de Computadoras, Laptops, Servidores, Monitores, Puntos de Venta, Teclados,   Impresoras, T\u00f3ner, C\u00e1maras de Seguridad y m\u00e1s en tu tienda en l\u00ednea\",\"publisher\":{\"@id\":\"https:\/\/compuviper.mx\/tienda\/#organization\"},\"potentialAction\":[{\"@type\":\"SearchAction\",\"target\":{\"@type\":\"EntryPoint\",\"urlTemplate\":\"https:\/\/compuviper.mx\/tienda\/?s={search_term_string}\"},\"query-input\":\"required name=search_term_string\"}],\"inLanguage\":\"es-MX\"},{\"@type\":\"Organization\",\"@id\":\"https:\/\/compuviper.mx\/tienda\/#organization\",\"name\":\"Compuviper\",\"url\":\"https:\/\/compuviper.mx\/tienda\/\",\"logo\":{\"@type\":\"ImageObject\",\"inLanguage\":\"es-MX\",\"@id\":\"https:\/\/compuviper.mx\/tienda\/#\/schema\/logo\/image\/\",\"url\":\"https:\/\/compuviper.mx\/tienda\/wp-content\/uploads\/2021\/08\/Logo-Compuviper-10.png\",\"contentUrl\":\"https:\/\/compuviper.mx\/tienda\/wp-content\/uploads\/2021\/08\/Logo-Compuviper-10.png\",\"width\":1000,\"height\":500,\"caption\":\"Compuviper\"},\"image\":{\"@id\":\"https:\/\/compuviper.mx\/tienda\/#\/schema\/logo\/image\/\"},\"sameAs\":[\"https:\/\/www.facebook.com\/compuviper\",\"https:\/\/www.youtube.com\/channel\/UCf73dERp9Y3cfOq7q8BhLjA?view_as=subscriber\"]}]}<\/script>\n<meta property=\"product:brand\" content=\"TP LINK\" \/>\n<meta property=\"product:price:amount\" content=\"1080\" \/>\n<meta property=\"product:price:currency\" content=\"MXN\" \/>\n<meta property=\"og:availability\" content=\"backorder\" \/>\n<meta property=\"product:availability\" content=\"available for order\" \/>\n<meta property=\"product:retailer_item_id\" content=\"VIGI C450(2.8MM)\" \/>\n<meta property=\"product:condition\" content=\"new\" \/>\n<!-- \/ Yoast SEO plugin. -->","yoast_head_json":{"title":"[ Tp Link ] &#129351; Vigi C450(2.8mm) Camara Ip Turret Tp-link Vigi Vigi C4502.8mm 5mp Deteccion Personas Y Vehiculos Audio Bidireccional Modo Pasillo Full Color Almacenamiento Microsd H.265 Wdr Real","description":"Compra Vigi C450(2.8mm) Camara Ip Turret Tp-link Vigi Vigi C4502.8mm 5mp Deteccion Personas Y Vehiculos Audio Bidireccional Modo Pasillo Full Color Almacenamiento Microsd H.265 Wdr Real + Env\u00edo a domicilio + Pago seguro + Garant\u00eda","robots":{"index":"index","follow":"follow","max-snippet":"max-snippet:-1","max-image-preview":"max-image-preview:large","max-video-preview":"max-video-preview:-1"},"canonical":"https:\/\/compuviper.mx\/tienda\/producto\/tp-link-vigi-c4502-8mm-camara-ip-turret-tp-link-vigi-vigi-c4502-8mm-5mp-deteccion-personas-y-vehiculos-audio-bidireccional-modo-pasillo-full-color-almacenamiento-microsd-h-265-wdr-real\/","og_locale":"es_MX","og_type":"article","og_title":"[ Tp Link ] &#129351; Vigi C450(2.8mm) Camara Ip Turret Tp-link Vigi Vigi C4502.8mm 5mp Deteccion Personas Y Vehiculos Audio Bidireccional Modo Pasillo Full Color Almacenamiento Microsd H.265 Wdr Real","og_description":"Compra Vigi C450(2.8mm) Camara Ip Turret Tp-link Vigi Vigi C4502.8mm 5mp Deteccion Personas Y Vehiculos Audio Bidireccional Modo Pasillo Full Color Almacenamiento Microsd H.265 Wdr Real + Env\u00edo a domicilio + Pago seguro + Garant\u00eda","og_url":"https:\/\/compuviper.mx\/tienda\/producto\/tp-link-vigi-c4502-8mm-camara-ip-turret-tp-link-vigi-vigi-c4502-8mm-5mp-deteccion-personas-y-vehiculos-audio-bidireccional-modo-pasillo-full-color-almacenamiento-microsd-h-265-wdr-real\/","og_site_name":"Compuviper","article_publisher":"https:\/\/www.facebook.com\/compuviper","og_image":[{"width":200,"height":200,"url":"https:\/\/compuviper.mx\/tienda\/wp-content\/uploads\/2024\/09\/Camara-ip-turret-tp-link-vigi-vigi-c4502.8mm-5mp-deteccion-personas-y-vehiculos-audio-bidireccional-modo-pasillo-full-color-almacenamiento-microsd-h.265-wdr-real.jpg","type":"image\/jpeg"}],"twitter_card":"summary_large_image","twitter_misc":{"Precio":"&#36;1,080 con IVA","Availability":"On backorder"},"schema":{"@context":"https:\/\/schema.org","@graph":[{"@type":"WebPage","@id":"https:\/\/compuviper.mx\/tienda\/producto\/tp-link-vigi-c4502-8mm-camara-ip-turret-tp-link-vigi-vigi-c4502-8mm-5mp-deteccion-personas-y-vehiculos-audio-bidireccional-modo-pasillo-full-color-almacenamiento-microsd-h-265-wdr-real\/","url":"https:\/\/compuviper.mx\/tienda\/producto\/tp-link-vigi-c4502-8mm-camara-ip-turret-tp-link-vigi-vigi-c4502-8mm-5mp-deteccion-personas-y-vehiculos-audio-bidireccional-modo-pasillo-full-color-almacenamiento-microsd-h-265-wdr-real\/","name":"[ Tp Link ] &#129351; Vigi C450(2.8mm) Camara Ip Turret Tp-link Vigi Vigi C4502.8mm 5mp Deteccion Personas Y Vehiculos Audio Bidireccional Modo Pasillo Full Color Almacenamiento Microsd H.265 Wdr Real","isPartOf":{"@id":"https:\/\/compuviper.mx\/tienda\/#website"},"datePublished":"2026-04-23T06:14:27+00:00","dateModified":"2026-04-23T06:14:27+00:00","description":"Compra Vigi C450(2.8mm) Camara Ip Turret Tp-link Vigi Vigi C4502.8mm 5mp Deteccion Personas Y Vehiculos Audio Bidireccional Modo Pasillo Full Color Almacenamiento Microsd H.265 Wdr Real + Env\u00edo a domicilio + Pago seguro + Garant\u00eda","breadcrumb":{"@id":"https:\/\/compuviper.mx\/tienda\/producto\/tp-link-vigi-c4502-8mm-camara-ip-turret-tp-link-vigi-vigi-c4502-8mm-5mp-deteccion-personas-y-vehiculos-audio-bidireccional-modo-pasillo-full-color-almacenamiento-microsd-h-265-wdr-real\/#breadcrumb"},"inLanguage":"es-MX","potentialAction":[{"@type":"ReadAction","target":["https:\/\/compuviper.mx\/tienda\/producto\/tp-link-vigi-c4502-8mm-camara-ip-turret-tp-link-vigi-vigi-c4502-8mm-5mp-deteccion-personas-y-vehiculos-audio-bidireccional-modo-pasillo-full-color-almacenamiento-microsd-h-265-wdr-real\/"]}]},{"@type":"BreadcrumbList","@id":"https:\/\/compuviper.mx\/tienda\/producto\/tp-link-vigi-c4502-8mm-camara-ip-turret-tp-link-vigi-vigi-c4502-8mm-5mp-deteccion-personas-y-vehiculos-audio-bidireccional-modo-pasillo-full-color-almacenamiento-microsd-h-265-wdr-real\/#breadcrumb","itemListElement":[{"@type":"ListItem","position":1,"name":"Inicio","item":"https:\/\/compuviper.mx\/tienda\/"},{"@type":"ListItem","position":2,"name":"Productos","item":"https:\/\/compuviper.mx\/tienda\/productos\/"},{"@type":"ListItem","position":3,"name":"Camaras","item":"https:\/\/compuviper.mx\/tienda\/categoria-producto\/camaras-2\/"},{"@type":"ListItem","position":4,"name":"Camara De Videovigilancia","item":"https:\/\/compuviper.mx\/tienda\/categoria-producto\/camaras-2\/camara-de-videovigilancia\/"},{"@type":"ListItem","position":5,"name":"Tp Link Vigi C450(2.8mm) Camara Ip Turret Tp-link Vigi Vigi C4502.8mm 5mp Deteccion Personas Y Vehiculos Audio Bidireccional Modo Pasillo Full Color Almacenamiento Microsd H.265 Wdr Real"}]},{"@type":"WebSite","@id":"https:\/\/compuviper.mx\/tienda\/#website","url":"https:\/\/compuviper.mx\/tienda\/","name":"Compuviper","description":"Proveedor de Computadoras, Laptops, Servidores, Monitores, Puntos de Venta, Teclados,   Impresoras, T\u00f3ner, C\u00e1maras de Seguridad y m\u00e1s en tu tienda en l\u00ednea","publisher":{"@id":"https:\/\/compuviper.mx\/tienda\/#organization"},"potentialAction":[{"@type":"SearchAction","target":{"@type":"EntryPoint","urlTemplate":"https:\/\/compuviper.mx\/tienda\/?s={search_term_string}"},"query-input":"required name=search_term_string"}],"inLanguage":"es-MX"},{"@type":"Organization","@id":"https:\/\/compuviper.mx\/tienda\/#organization","name":"Compuviper","url":"https:\/\/compuviper.mx\/tienda\/","logo":{"@type":"ImageObject","inLanguage":"es-MX","@id":"https:\/\/compuviper.mx\/tienda\/#\/schema\/logo\/image\/","url":"https:\/\/compuviper.mx\/tienda\/wp-content\/uploads\/2021\/08\/Logo-Compuviper-10.png","contentUrl":"https:\/\/compuviper.mx\/tienda\/wp-content\/uploads\/2021\/08\/Logo-Compuviper-10.png","width":1000,"height":500,"caption":"Compuviper"},"image":{"@id":"https:\/\/compuviper.mx\/tienda\/#\/schema\/logo\/image\/"},"sameAs":["https:\/\/www.facebook.com\/compuviper","https:\/\/www.youtube.com\/channel\/UCf73dERp9Y3cfOq7q8BhLjA?view_as=subscriber"]}]},"product_brand":"TP LINK","product_price_amount":"1080","product_price_currency":"MXN","og_availability":"backorder","product_availability":"available for order","product_retailer_item_id":"VIGI C450(2.8MM)","product_condition":"new"},"_links":{"self":[{"href":"https:\/\/compuviper.mx\/tienda\/wp-json\/wp\/v2\/product\/238993"}],"collection":[{"href":"https:\/\/compuviper.mx\/tienda\/wp-json\/wp\/v2\/product"}],"about":[{"href":"https:\/\/compuviper.mx\/tienda\/wp-json\/wp\/v2\/types\/product"}],"replies":[{"embeddable":true,"href":"https:\/\/compuviper.mx\/tienda\/wp-json\/wp\/v2\/comments?post=238993"}],"wp:featuredmedia":[{"embeddable":true,"href":"https:\/\/compuviper.mx\/tienda\/wp-json\/wp\/v2\/media\/242478"}],"wp:attachment":[{"href":"https:\/\/compuviper.mx\/tienda\/wp-json\/wp\/v2\/media?parent=238993"}],"wp:term":[{"taxonomy":"product_cat","embeddable":true,"href":"https:\/\/compuviper.mx\/tienda\/wp-json\/wp\/v2\/product_cat?post=238993"},{"taxonomy":"product_tag","embeddable":true,"href":"https:\/\/compuviper.mx\/tienda\/wp-json\/wp\/v2\/product_tag?post=238993"}],"curies":[{"name":"wp","href":"https:\/\/api.w.org\/{rel}","templated":true}]}}