{"id":238822,"date":"2026-04-16T02:03:18","date_gmt":"2026-04-16T08:03:18","guid":{"rendered":"https:\/\/compuviper.mx\/tienda\/producto\/poly-72d1aa-altavoz-manos-libres-hp-sync20-m-version-microsoft-teams-usb-c-portatil-conectividad-usb-y-bluetooth-ip64-bateria-hasta-20-h\/"},"modified":"2026-04-16T02:03:18","modified_gmt":"2026-04-16T08:03:18","slug":"poly-772c9aa-altavoz-manos-libres-hp-sync-20-plus-mt-version-microsoft-teams-portatil-conectividad-usb-a-y-bluetooth-controles-touch-ip64-bateria-hasta-20-h-ideal-para-salas-pequeas-o-individual","status":"publish","type":"product","link":"https:\/\/compuviper.mx\/tienda\/producto\/poly-772c9aa-altavoz-manos-libres-hp-sync-20-plus-mt-version-microsoft-teams-portatil-conectividad-usb-a-y-bluetooth-controles-touch-ip64-bateria-hasta-20-h-ideal-para-salas-pequeas-o-individual\/","title":{"rendered":"Poly 772c9aa Altavoz Manos Libres Hp   Sync 20 Plus Mt\/ Version Microsoft Teams Portatil Conectividad Usb-a Y Bluetooth Controles Touch Ip64 Bateria Hasta 20 H Ideal Para Salas Peque?as  O Individual"},"content":{"rendered":"<table class=\"descripcion\">\n<tr>\n<td>Version microsoft teams<\/td>\n<\/tr>\n<tr>\n<td>Se conecta a<\/td>\n<\/tr>\n<tr>\n<td>\u0095 poly sync 20: pc a traves de un cable<\/td>\n<\/tr>\n<tr>\n<td>Ousb-c (segun el modelo);<\/td>\n<\/tr>\n<tr>\n<td>Telefono inteligente mediante bluetooth<\/td>\n<\/tr>\n<tr>\n<td>\u0095 poly sync 20+: pc a traves de un cable<\/td>\n<\/tr>\n<tr>\n<td>Usb-a o usb-c (segun el modelo)<\/td>\n<\/tr>\n<tr>\n<td>O de forma inalambrica mediante el<\/td>\n<\/tr>\n<tr>\n<td>Adaptador bluetooth bt600 incluido;<\/td>\n<\/tr>\n<tr>\n<td>Telefono inteligente a traves de<\/td>\n<\/tr>\n<tr>\n<td>Bluetooth<\/td>\n<\/tr>\n<tr>\n<td>Compatible con<\/td>\n<\/tr>\n<tr>\n<td>\u0095 windows o mac os<\/td>\n<\/tr>\n<tr>\n<td>Caracter\u00edsticas de la interfaz<\/td>\n<\/tr>\n<tr>\n<td>De usuario<\/td>\n<\/tr>\n<tr>\n<td>\u0095 controles tactiles de usuario para:<\/td>\n<\/tr>\n<tr>\n<td>&#8211; llamar\/contestar\/finalizar llamadas<\/td>\n<\/tr>\n<tr>\n<td>&#8211; silenciar<\/td>\n<\/tr>\n<tr>\n<td>&#8211; subir y bajar el volumen<\/td>\n<\/tr>\n<tr>\n<td>&#8211; usar boton de funcion programable<\/td>\n<\/tr>\n<tr>\n<td>&#8211; usar microsoft teams (solo versiones<\/td>\n<\/tr>\n<tr>\n<td>De microsoft teams)<\/td>\n<\/tr>\n<tr>\n<td>\u0095 controles de usuario con botones<\/td>\n<\/tr>\n<tr>\n<td>Que se deben presionar para:<\/td>\n<\/tr>\n<tr>\n<td>&#8211; encender o apagar el dispositivo;<\/td>\n<\/tr>\n<tr>\n<td>&#8211; emparejarlo por bluetooth<\/td>\n<\/tr>\n<tr>\n<td>\u0095 barra de luz de estado con alta<\/td>\n<\/tr>\n<tr>\n<td>Visibilidad<\/td>\n<\/tr>\n<tr>\n<td>\u0095 cable usb-a o usb-c integrado<\/td>\n<\/tr>\n<tr>\n<td>(segun el modelo)<\/td>\n<\/tr>\n<tr>\n<td>\u0095 un puerto usb-a para cargar<\/td>\n<\/tr>\n<tr>\n<td>El telefono inteligente<\/td>\n<\/tr>\n<tr>\n<td>\u0095 conector de seguridad kensington<\/td>\n<\/tr>\n<tr>\n<td>Inal\u00e1mbricos<\/td>\n<\/tr>\n<tr>\n<td>\u0095 bluetooth v5.0<\/td>\n<\/tr>\n<tr>\n<td>\u0095 perfiles bluetooth compatibles:<\/td>\n<\/tr>\n<tr>\n<td>&#8211; a2dp, avrcp, hfp, hsp y ble<\/td>\n<\/tr>\n<tr>\n<td>Funciones de audio<\/td>\n<\/tr>\n<tr>\n<td>\u0095 conjunto dirigible de tres microfonos<\/td>\n<\/tr>\n<tr>\n<td>\u0095 alcance de recepcion del microfono<\/td>\n<\/tr>\n<tr>\n<td>&#8211; hasta 2 m (7 pies)<\/td>\n<\/tr>\n<tr>\n<td>\u0095 tama\u00f1os de sala recomendados<\/td>\n<\/tr>\n<tr>\n<td>&#8211; hasta 4 m x 4 m<\/td>\n<\/tr>\n<tr>\n<td>\u0095 respuesta de frecuencia del microfono<\/td>\n<\/tr>\n<tr>\n<td>&#8211; 100 hz a 6,7 khz<\/td>\n<\/tr>\n<tr>\n<td>\u0095 audio duplex completo<\/td>\n<\/tr>\n<tr>\n<td>\u0095 reduccion de ruido y de eco<\/td>\n<\/tr>\n<tr>\n<td>\u0095 un altavoz de musica de alto<\/td>\n<\/tr>\n<tr>\n<td>Rendimiento<\/td>\n<\/tr>\n<tr>\n<td>De 40 mm<\/td>\n<\/tr>\n<tr>\n<td>\u0095 respuesta de frecuencia del altavoz<\/td>\n<\/tr>\n<tr>\n<td>&#8211; 80 hz a 20 khz<\/td>\n<\/tr>\n<tr>\n<td>\u0095 reflector de bajos con radiadores<\/td>\n<\/tr>\n<tr>\n<td>Pasivos dobles<\/td>\n<\/tr>\n<tr>\n<td>Bater\u00eda<\/td>\n<\/tr>\n<tr>\n<td>\u0095 tipo de pila<\/td>\n<\/tr>\n<tr>\n<td>&#8211; iones de litio<\/td>\n<\/tr>\n<tr>\n<td>\u0095 capacidad de la bateria<\/td>\n<\/tr>\n<tr>\n<td>&#8211; 3200 mah<\/td>\n<\/tr>\n<tr>\n<td>\u0095 tiempo de conversacion<\/td>\n<\/tr>\n<tr>\n<td>&#8211; hasta 20 horas<\/td>\n<\/tr>\n<tr>\n<td>\u0095 tiempo de carga<\/td>\n<\/tr>\n<tr>\n<td>&#8211; 4 horas<\/td>\n<\/tr>\n<tr>\n<td>Dimensiones<\/td>\n<\/tr>\n<tr>\n<td>\u0095 34 x 95 x 182 mm<\/td>\n<\/tr>\n<tr>\n<td>\u0095 1,3 x 3,7 x 7,2\u0094<\/td>\n<\/tr>\n<tr>\n<td>Peso<\/td>\n<\/tr>\n<tr>\n<td>\u0095 350 g (12,3 oz)<\/td>\n<\/tr>\n<tr>\n<td>Longitud del cable<\/td>\n<\/tr>\n<tr>\n<td>\u0095 710 mm (28)<\/td>\n<\/tr>\n<tr>\n<td>Factores ambientales<\/td>\n<\/tr>\n<tr>\n<td>\u0095 resistente al polvo y al agua<\/td>\n<\/tr>\n<tr>\n<td>Con clasificacion ip64<\/td>\n<\/tr>\n<tr>\n<td>Accesorios (incluidos)<\/td>\n<\/tr>\n<tr>\n<td>\u0095 funda de transporte<\/td>\n<\/tr>\n<tr>\n<td>\u0095 correa<\/td>\n<\/tr>\n<tr>\n<td>\u0095 adaptador usb bluetooth bt600<\/td>\n<\/tr>\n<tr>\n<td>(solo modelos poly sync 20+)<\/td>\n<\/tr>\n<tr>\n<td>Aplicaciones compatibles<\/td>\n<\/tr>\n<tr>\n<td>\u0095 versiones moviles y de escritorio<\/td>\n<\/tr>\n<tr>\n<td>De plantronics hub<\/td>\n<\/tr>\n<tr>\n<td>\u0095 conjuntos de plantronics manager pro<\/td>\n<\/tr>\n<tr>\n<td>&#8211; administracion y adopcion de activos<\/td>\n<\/tr>\n<\/table>\n","protected":false},"excerpt":{"rendered":"<p>Poly sync 20 version microsoft teams. Admitamoslo: el audio de tu computadora portatil y telefono inteligente. No es excelente. Suena como el profesional que eres con el altavoz manos. Libres inteligente usb\/bluetooth\u00ae poly sync 20 para que realices llamadas. En conferencia extraordinarias y escuches musica en cualquier lugar. Llevalo. Dondequiera que vayas: su bateria dura horas y tiene la capacidad de cargar. Tu telefono inteligente. Escucharas a los demas y ellos te escucharan en todo. Momento. La calidad del sonido multimedia fascina a los amantes de la musica. Dise\u00f1ado especificamente para el profesional actual, es elegante y compacto. Y cuenta con funciones inteligentes para garantizar que las llamadas en. Conferencia sean sencillas. \u0095 manten tu telefono inteligente cargado y listo. \u0095 delgado y portatil, incluye un estuche de transporte. \u0095 funciona con computadoras a traves de usb y con telefonos inteligentes a traves. De bluetooth\u00ae. \u0095 se conecta de manera inalambrica a las computadoras a traves del adaptador bt700. Incluido (poly sync 20+. \u0095 resistente al polvo y al agua con clasificacion ip64<\/p>\n","protected":false},"featured_media":243496,"comment_status":"open","ping_status":"open","template":"","meta":[],"product_cat":[1817,1823],"product_tag":[2035],"acf":[],"yoast_head":"<!-- This site is optimized with the Yoast SEO plugin v21.7 - https:\/\/yoast.com\/wordpress\/plugins\/seo\/ -->\n<title>[ Poly ] &#129351; 772c9aa Altavoz Manos Libres Hp Sync 20 Plus Mt\/ Version Microsoft Teams Portatil Conectividad Usb-a Y Bluetooth Controles Touch Ip64 Bateria Hasta 20 H Ideal Para Salas Peque\u00f1as O Individual<\/title>\n<meta name=\"description\" content=\"Compra 772c9aa Altavoz Manos Libres Hp Sync 20 Plus Mt\/ Version Microsoft Teams Portatil Conectividad Usb-a Y Bluetooth Controles Touch Ip64 Bateria Hasta 20 H Ideal Para Salas Peque\u00f1as O Individual + Env\u00edo a domicilio + Pago seguro + Garant\u00eda\" \/>\n<meta name=\"robots\" content=\"index, follow, max-snippet:-1, max-image-preview:large, max-video-preview:-1\" \/>\n<link rel=\"canonical\" href=\"https:\/\/compuviper.mx\/tienda\/producto\/poly-772c9aa-altavoz-manos-libres-hp-sync-20-plus-mt-version-microsoft-teams-portatil-conectividad-usb-a-y-bluetooth-controles-touch-ip64-bateria-hasta-20-h-ideal-para-salas-pequeas-o-individual\/\" \/>\n<meta property=\"og:locale\" content=\"es_MX\" \/>\n<meta property=\"og:type\" content=\"article\" \/>\n<meta property=\"og:title\" content=\"[ Poly ] &#129351; 772c9aa Altavoz Manos Libres Hp Sync 20 Plus Mt\/ Version Microsoft Teams Portatil Conectividad Usb-a Y Bluetooth Controles Touch Ip64 Bateria Hasta 20 H Ideal Para Salas Peque\u00f1as O Individual\" \/>\n<meta property=\"og:description\" content=\"Compra 772c9aa Altavoz Manos Libres Hp Sync 20 Plus Mt\/ Version Microsoft Teams Portatil Conectividad Usb-a Y Bluetooth Controles Touch Ip64 Bateria Hasta 20 H Ideal Para Salas Peque\u00f1as O Individual + Env\u00edo a domicilio + Pago seguro + Garant\u00eda\" \/>\n<meta property=\"og:url\" content=\"https:\/\/compuviper.mx\/tienda\/producto\/poly-772c9aa-altavoz-manos-libres-hp-sync-20-plus-mt-version-microsoft-teams-portatil-conectividad-usb-a-y-bluetooth-controles-touch-ip64-bateria-hasta-20-h-ideal-para-salas-pequeas-o-individual\/\" \/>\n<meta property=\"og:site_name\" content=\"Compuviper\" \/>\n<meta property=\"article:publisher\" content=\"https:\/\/www.facebook.com\/compuviper\" \/>\n<meta property=\"og:image\" content=\"https:\/\/compuviper.mx\/tienda\/wp-content\/uploads\/2024\/09\/Altavoz-manos-libres-hp-poly-72d1aa-sync20-m-version-microsoft-teams-usb-c-portatil-conectividad-usb-y-bluetooth-ip64-bateria-hasta-20-h.jpg\" \/>\n\t<meta property=\"og:image:width\" content=\"200\" \/>\n\t<meta property=\"og:image:height\" content=\"200\" \/>\n\t<meta property=\"og:image:type\" content=\"image\/jpeg\" \/>\n<meta name=\"twitter:card\" content=\"summary_large_image\" \/>\n<meta name=\"twitter:label1\" content=\"Precio\" \/>\n\t<meta name=\"twitter:data1\" content=\"&#36;3,602 &#36;3,549 con IVA\" \/>\n\t<meta name=\"twitter:label2\" content=\"Availability\" \/>\n\t<meta name=\"twitter:data2\" content=\"Out of stock\" \/>\n<script type=\"application\/ld+json\" class=\"yoast-schema-graph\">{\"@context\":\"https:\/\/schema.org\",\"@graph\":[{\"@type\":\"WebPage\",\"@id\":\"https:\/\/compuviper.mx\/tienda\/producto\/poly-772c9aa-altavoz-manos-libres-hp-sync-20-plus-mt-version-microsoft-teams-portatil-conectividad-usb-a-y-bluetooth-controles-touch-ip64-bateria-hasta-20-h-ideal-para-salas-pequeas-o-individual\/\",\"url\":\"https:\/\/compuviper.mx\/tienda\/producto\/poly-772c9aa-altavoz-manos-libres-hp-sync-20-plus-mt-version-microsoft-teams-portatil-conectividad-usb-a-y-bluetooth-controles-touch-ip64-bateria-hasta-20-h-ideal-para-salas-pequeas-o-individual\/\",\"name\":\"[ Poly ] &#129351; 772c9aa Altavoz Manos Libres Hp Sync 20 Plus Mt\/ Version Microsoft Teams Portatil Conectividad Usb-a Y Bluetooth Controles Touch Ip64 Bateria Hasta 20 H Ideal Para Salas Peque\u00f1as O Individual\",\"isPartOf\":{\"@id\":\"https:\/\/compuviper.mx\/tienda\/#website\"},\"datePublished\":\"2026-04-16T08:03:18+00:00\",\"dateModified\":\"2026-04-16T08:03:18+00:00\",\"description\":\"Compra 772c9aa Altavoz Manos Libres Hp Sync 20 Plus Mt\/ Version Microsoft Teams Portatil Conectividad Usb-a Y Bluetooth Controles Touch Ip64 Bateria Hasta 20 H Ideal Para Salas Peque\u00f1as O Individual + Env\u00edo a domicilio + Pago seguro + Garant\u00eda\",\"breadcrumb\":{\"@id\":\"https:\/\/compuviper.mx\/tienda\/producto\/poly-772c9aa-altavoz-manos-libres-hp-sync-20-plus-mt-version-microsoft-teams-portatil-conectividad-usb-a-y-bluetooth-controles-touch-ip64-bateria-hasta-20-h-ideal-para-salas-pequeas-o-individual\/#breadcrumb\"},\"inLanguage\":\"es-MX\",\"potentialAction\":[{\"@type\":\"ReadAction\",\"target\":[\"https:\/\/compuviper.mx\/tienda\/producto\/poly-772c9aa-altavoz-manos-libres-hp-sync-20-plus-mt-version-microsoft-teams-portatil-conectividad-usb-a-y-bluetooth-controles-touch-ip64-bateria-hasta-20-h-ideal-para-salas-pequeas-o-individual\/\"]}]},{\"@type\":\"BreadcrumbList\",\"@id\":\"https:\/\/compuviper.mx\/tienda\/producto\/poly-772c9aa-altavoz-manos-libres-hp-sync-20-plus-mt-version-microsoft-teams-portatil-conectividad-usb-a-y-bluetooth-controles-touch-ip64-bateria-hasta-20-h-ideal-para-salas-pequeas-o-individual\/#breadcrumb\",\"itemListElement\":[{\"@type\":\"ListItem\",\"position\":1,\"name\":\"Inicio\",\"item\":\"https:\/\/compuviper.mx\/tienda\/\"},{\"@type\":\"ListItem\",\"position\":2,\"name\":\"Productos\",\"item\":\"https:\/\/compuviper.mx\/tienda\/productos\/\"},{\"@type\":\"ListItem\",\"position\":3,\"name\":\"Bocinas\",\"item\":\"https:\/\/compuviper.mx\/tienda\/categoria-producto\/bocinas\/\"},{\"@type\":\"ListItem\",\"position\":4,\"name\":\"Bocinas Bluetooth\",\"item\":\"https:\/\/compuviper.mx\/tienda\/categoria-producto\/bocinas\/bocinas-bluetooth\/\"},{\"@type\":\"ListItem\",\"position\":5,\"name\":\"Poly 772c9aa Altavoz Manos Libres Hp Sync 20 Plus Mt\/ Version Microsoft Teams Portatil Conectividad Usb-a Y Bluetooth Controles Touch Ip64 Bateria Hasta 20 H Ideal Para Salas Peque?as O Individual\"}]},{\"@type\":\"WebSite\",\"@id\":\"https:\/\/compuviper.mx\/tienda\/#website\",\"url\":\"https:\/\/compuviper.mx\/tienda\/\",\"name\":\"Compuviper\",\"description\":\"Proveedor de Computadoras, Laptops, Servidores, Monitores, Puntos de Venta, Teclados,   Impresoras, T\u00f3ner, C\u00e1maras de Seguridad y m\u00e1s en tu tienda en l\u00ednea\",\"publisher\":{\"@id\":\"https:\/\/compuviper.mx\/tienda\/#organization\"},\"potentialAction\":[{\"@type\":\"SearchAction\",\"target\":{\"@type\":\"EntryPoint\",\"urlTemplate\":\"https:\/\/compuviper.mx\/tienda\/?s={search_term_string}\"},\"query-input\":\"required name=search_term_string\"}],\"inLanguage\":\"es-MX\"},{\"@type\":\"Organization\",\"@id\":\"https:\/\/compuviper.mx\/tienda\/#organization\",\"name\":\"Compuviper\",\"url\":\"https:\/\/compuviper.mx\/tienda\/\",\"logo\":{\"@type\":\"ImageObject\",\"inLanguage\":\"es-MX\",\"@id\":\"https:\/\/compuviper.mx\/tienda\/#\/schema\/logo\/image\/\",\"url\":\"https:\/\/compuviper.mx\/tienda\/wp-content\/uploads\/2021\/08\/Logo-Compuviper-10.png\",\"contentUrl\":\"https:\/\/compuviper.mx\/tienda\/wp-content\/uploads\/2021\/08\/Logo-Compuviper-10.png\",\"width\":1000,\"height\":500,\"caption\":\"Compuviper\"},\"image\":{\"@id\":\"https:\/\/compuviper.mx\/tienda\/#\/schema\/logo\/image\/\"},\"sameAs\":[\"https:\/\/www.facebook.com\/compuviper\",\"https:\/\/www.youtube.com\/channel\/UCf73dERp9Y3cfOq7q8BhLjA?view_as=subscriber\"]}]}<\/script>\n<meta property=\"product:brand\" content=\"POLY\" \/>\n<meta property=\"product:price:amount\" content=\"3549\" \/>\n<meta property=\"product:price:currency\" content=\"MXN\" \/>\n<meta property=\"og:availability\" content=\"out of stock\" \/>\n<meta property=\"product:availability\" content=\"out of stock\" \/>\n<meta property=\"product:retailer_item_id\" content=\"772C9AA\" \/>\n<meta property=\"product:condition\" content=\"new\" \/>\n<!-- \/ Yoast SEO plugin. -->","yoast_head_json":{"title":"[ Poly ] &#129351; 772c9aa Altavoz Manos Libres Hp Sync 20 Plus Mt\/ Version Microsoft Teams Portatil Conectividad Usb-a Y Bluetooth Controles Touch Ip64 Bateria Hasta 20 H Ideal Para Salas Peque\u00f1as O Individual","description":"Compra 772c9aa Altavoz Manos Libres Hp Sync 20 Plus Mt\/ Version Microsoft Teams Portatil Conectividad Usb-a Y Bluetooth Controles Touch Ip64 Bateria Hasta 20 H Ideal Para Salas Peque\u00f1as O Individual + Env\u00edo a domicilio + Pago seguro + Garant\u00eda","robots":{"index":"index","follow":"follow","max-snippet":"max-snippet:-1","max-image-preview":"max-image-preview:large","max-video-preview":"max-video-preview:-1"},"canonical":"https:\/\/compuviper.mx\/tienda\/producto\/poly-772c9aa-altavoz-manos-libres-hp-sync-20-plus-mt-version-microsoft-teams-portatil-conectividad-usb-a-y-bluetooth-controles-touch-ip64-bateria-hasta-20-h-ideal-para-salas-pequeas-o-individual\/","og_locale":"es_MX","og_type":"article","og_title":"[ Poly ] &#129351; 772c9aa Altavoz Manos Libres Hp Sync 20 Plus Mt\/ Version Microsoft Teams Portatil Conectividad Usb-a Y Bluetooth Controles Touch Ip64 Bateria Hasta 20 H Ideal Para Salas Peque\u00f1as O Individual","og_description":"Compra 772c9aa Altavoz Manos Libres Hp Sync 20 Plus Mt\/ Version Microsoft Teams Portatil Conectividad Usb-a Y Bluetooth Controles Touch Ip64 Bateria Hasta 20 H Ideal Para Salas Peque\u00f1as O Individual + Env\u00edo a domicilio + Pago seguro + Garant\u00eda","og_url":"https:\/\/compuviper.mx\/tienda\/producto\/poly-772c9aa-altavoz-manos-libres-hp-sync-20-plus-mt-version-microsoft-teams-portatil-conectividad-usb-a-y-bluetooth-controles-touch-ip64-bateria-hasta-20-h-ideal-para-salas-pequeas-o-individual\/","og_site_name":"Compuviper","article_publisher":"https:\/\/www.facebook.com\/compuviper","og_image":[{"width":200,"height":200,"url":"https:\/\/compuviper.mx\/tienda\/wp-content\/uploads\/2024\/09\/Altavoz-manos-libres-hp-poly-72d1aa-sync20-m-version-microsoft-teams-usb-c-portatil-conectividad-usb-y-bluetooth-ip64-bateria-hasta-20-h.jpg","type":"image\/jpeg"}],"twitter_card":"summary_large_image","twitter_misc":{"Precio":"&#36;3,602 &#36;3,549 con IVA","Availability":"Out of stock"},"schema":{"@context":"https:\/\/schema.org","@graph":[{"@type":"WebPage","@id":"https:\/\/compuviper.mx\/tienda\/producto\/poly-772c9aa-altavoz-manos-libres-hp-sync-20-plus-mt-version-microsoft-teams-portatil-conectividad-usb-a-y-bluetooth-controles-touch-ip64-bateria-hasta-20-h-ideal-para-salas-pequeas-o-individual\/","url":"https:\/\/compuviper.mx\/tienda\/producto\/poly-772c9aa-altavoz-manos-libres-hp-sync-20-plus-mt-version-microsoft-teams-portatil-conectividad-usb-a-y-bluetooth-controles-touch-ip64-bateria-hasta-20-h-ideal-para-salas-pequeas-o-individual\/","name":"[ Poly ] &#129351; 772c9aa Altavoz Manos Libres Hp Sync 20 Plus Mt\/ Version Microsoft Teams Portatil Conectividad Usb-a Y Bluetooth Controles Touch Ip64 Bateria Hasta 20 H Ideal Para Salas Peque\u00f1as O Individual","isPartOf":{"@id":"https:\/\/compuviper.mx\/tienda\/#website"},"datePublished":"2026-04-16T08:03:18+00:00","dateModified":"2026-04-16T08:03:18+00:00","description":"Compra 772c9aa Altavoz Manos Libres Hp Sync 20 Plus Mt\/ Version Microsoft Teams Portatil Conectividad Usb-a Y Bluetooth Controles Touch Ip64 Bateria Hasta 20 H Ideal Para Salas Peque\u00f1as O Individual + Env\u00edo a domicilio + Pago seguro + Garant\u00eda","breadcrumb":{"@id":"https:\/\/compuviper.mx\/tienda\/producto\/poly-772c9aa-altavoz-manos-libres-hp-sync-20-plus-mt-version-microsoft-teams-portatil-conectividad-usb-a-y-bluetooth-controles-touch-ip64-bateria-hasta-20-h-ideal-para-salas-pequeas-o-individual\/#breadcrumb"},"inLanguage":"es-MX","potentialAction":[{"@type":"ReadAction","target":["https:\/\/compuviper.mx\/tienda\/producto\/poly-772c9aa-altavoz-manos-libres-hp-sync-20-plus-mt-version-microsoft-teams-portatil-conectividad-usb-a-y-bluetooth-controles-touch-ip64-bateria-hasta-20-h-ideal-para-salas-pequeas-o-individual\/"]}]},{"@type":"BreadcrumbList","@id":"https:\/\/compuviper.mx\/tienda\/producto\/poly-772c9aa-altavoz-manos-libres-hp-sync-20-plus-mt-version-microsoft-teams-portatil-conectividad-usb-a-y-bluetooth-controles-touch-ip64-bateria-hasta-20-h-ideal-para-salas-pequeas-o-individual\/#breadcrumb","itemListElement":[{"@type":"ListItem","position":1,"name":"Inicio","item":"https:\/\/compuviper.mx\/tienda\/"},{"@type":"ListItem","position":2,"name":"Productos","item":"https:\/\/compuviper.mx\/tienda\/productos\/"},{"@type":"ListItem","position":3,"name":"Bocinas","item":"https:\/\/compuviper.mx\/tienda\/categoria-producto\/bocinas\/"},{"@type":"ListItem","position":4,"name":"Bocinas Bluetooth","item":"https:\/\/compuviper.mx\/tienda\/categoria-producto\/bocinas\/bocinas-bluetooth\/"},{"@type":"ListItem","position":5,"name":"Poly 772c9aa Altavoz Manos Libres Hp Sync 20 Plus Mt\/ Version Microsoft Teams Portatil Conectividad Usb-a Y Bluetooth Controles Touch Ip64 Bateria Hasta 20 H Ideal Para Salas Peque?as O Individual"}]},{"@type":"WebSite","@id":"https:\/\/compuviper.mx\/tienda\/#website","url":"https:\/\/compuviper.mx\/tienda\/","name":"Compuviper","description":"Proveedor de Computadoras, Laptops, Servidores, Monitores, Puntos de Venta, Teclados,   Impresoras, T\u00f3ner, C\u00e1maras de Seguridad y m\u00e1s en tu tienda en l\u00ednea","publisher":{"@id":"https:\/\/compuviper.mx\/tienda\/#organization"},"potentialAction":[{"@type":"SearchAction","target":{"@type":"EntryPoint","urlTemplate":"https:\/\/compuviper.mx\/tienda\/?s={search_term_string}"},"query-input":"required name=search_term_string"}],"inLanguage":"es-MX"},{"@type":"Organization","@id":"https:\/\/compuviper.mx\/tienda\/#organization","name":"Compuviper","url":"https:\/\/compuviper.mx\/tienda\/","logo":{"@type":"ImageObject","inLanguage":"es-MX","@id":"https:\/\/compuviper.mx\/tienda\/#\/schema\/logo\/image\/","url":"https:\/\/compuviper.mx\/tienda\/wp-content\/uploads\/2021\/08\/Logo-Compuviper-10.png","contentUrl":"https:\/\/compuviper.mx\/tienda\/wp-content\/uploads\/2021\/08\/Logo-Compuviper-10.png","width":1000,"height":500,"caption":"Compuviper"},"image":{"@id":"https:\/\/compuviper.mx\/tienda\/#\/schema\/logo\/image\/"},"sameAs":["https:\/\/www.facebook.com\/compuviper","https:\/\/www.youtube.com\/channel\/UCf73dERp9Y3cfOq7q8BhLjA?view_as=subscriber"]}]},"product_brand":"POLY","product_price_amount":"3549","product_price_currency":"MXN","og_availability":"out of stock","product_availability":"out of stock","product_retailer_item_id":"772C9AA","product_condition":"new"},"_links":{"self":[{"href":"https:\/\/compuviper.mx\/tienda\/wp-json\/wp\/v2\/product\/238822"}],"collection":[{"href":"https:\/\/compuviper.mx\/tienda\/wp-json\/wp\/v2\/product"}],"about":[{"href":"https:\/\/compuviper.mx\/tienda\/wp-json\/wp\/v2\/types\/product"}],"replies":[{"embeddable":true,"href":"https:\/\/compuviper.mx\/tienda\/wp-json\/wp\/v2\/comments?post=238822"}],"wp:featuredmedia":[{"embeddable":true,"href":"https:\/\/compuviper.mx\/tienda\/wp-json\/wp\/v2\/media\/243496"}],"wp:attachment":[{"href":"https:\/\/compuviper.mx\/tienda\/wp-json\/wp\/v2\/media?parent=238822"}],"wp:term":[{"taxonomy":"product_cat","embeddable":true,"href":"https:\/\/compuviper.mx\/tienda\/wp-json\/wp\/v2\/product_cat?post=238822"},{"taxonomy":"product_tag","embeddable":true,"href":"https:\/\/compuviper.mx\/tienda\/wp-json\/wp\/v2\/product_tag?post=238822"}],"curies":[{"name":"wp","href":"https:\/\/api.w.org\/{rel}","templated":true}]}}