{"id":238801,"date":"2026-04-23T00:14:26","date_gmt":"2026-04-23T06:14:26","guid":{"rendered":"https:\/\/compuviper.mx\/tienda\/producto\/dahua-dh-sd49218dbn-hc-camara-ptz-sd49218db-hc-ptz-domo-de-2-mp-18x-de-zoom-optico-ip66-starlight-wdr-real-120db-ir-de-100m-hlc-3dnr-12v-3a\/"},"modified":"2026-04-23T00:14:26","modified_gmt":"2026-04-23T06:14:26","slug":"dahua-dh-sd49218dbn-hc-camara-ptz-sd49218db-hc-ptz-domo-de-2-mp-18x-de-zoom-optico-ip66-starlight-wdr-real-120db-ir-de-100m-hlc-3dnr-12v-3a","status":"publish","type":"product","link":"https:\/\/compuviper.mx\/tienda\/producto\/dahua-dh-sd49218dbn-hc-camara-ptz-sd49218db-hc-ptz-domo-de-2-mp-18x-de-zoom-optico-ip66-starlight-wdr-real-120db-ir-de-100m-hlc-3dnr-12v-3a\/","title":{"rendered":"Dahua Dh-sd49218dbn-hc Camara Ptz\/\/sd49218db-hc\/ Ptz Domo De 2 Mp\/ 18x De Zoom Optico\/ Ip66\/ Starlight\/ Wdr Real 120db\/ Ir De 100m\/ Hlc\/ 3dnr\/ 12v 3a"},"content":{"rendered":"<table class=\"descripcion\">\n<tr>\n<td>Caracteristicas principales<\/td>\n<\/tr>\n<tr>\n<td>\u0095 cmos starvis\u0099 de 1\/2,8 y 2 megapixeles.<\/td>\n<\/tr>\n<tr>\n<td>\u0095 potente zoom \u00f3ptico de 18x.<\/td>\n<\/tr>\n<tr>\n<td>\u0095 tecnolog\u00eda luz de las estrellas.<\/td>\n<\/tr>\n<tr>\n<td>\u0095 wdr real de 120 db, reducci\u00f3n de ruido 3d.<\/td>\n<\/tr>\n<tr>\n<td>\u0095 m\u00e1x. 25\/30 fps a 1080p, 25\/30\/50\/60 fps a 720p.<\/td>\n<\/tr>\n<tr>\n<td>\u0095 distancia ir hasta 100 m.<\/td>\n<\/tr>\n<tr>\n<td>\u0095 ip66.<\/td>\n<\/tr>\n<tr>\n<td>\u0095 incluye brazo para instalaci\u00f3n en pared pfb305w<\/td>\n<\/tr>\n<\/table>\n","protected":false},"excerpt":{"rendered":"<p>Informacion general. Con su potente zoom \u00f3ptico y capacidades precisas de giro e inclinacion, la serie de c\u00e1maras hdcvi ptz proporciona una soluci\u00f3n todo en uno para monitoreo a gran escala. Aprovecha la ultima tecnologia de luz estelar, lo que le permite producir imagenes muy detalladas incluso en condiciones de poca luz. Estas camaras ofrecen un control fluido y una proteccion de alto nivel que les permite cumplir con los requisitos de videovigilancia en escenas peque\u00f1as y medianas. Amplio rango dinamico. La camara produce imagenes v\u00edvidas, incluso en condiciones de iluminaci\u00f3n de alto contraste, mediante el uso de tecnolog\u00eda de amplio rango dinamico (wdr) l\u00edder en la industria. Para escenas que alternan rapidamente entre iluminacion brillante y baja, wdr se ajusta para capturar completamente las areas brillantes y oscuras de una escena, produciendo videos de calidad superior. 3dnr. La tecnologia 3dnr de dahua reduce el ruido de la imagen con poco o ning\u00fan impacto en la nitidez de la imagen, especialmente en condiciones de poca iluminaci\u00f3n. Detecta el ruido y compara los cuadros secuenciales para reducir el ruido de manera efectiva. Tambi\u00e9n hace un uso eficiente del ancho de banda, ahorrando espacio de almacenamiento. Proteccion (ip66, tvs 6000 v. Ip66, tvs 6000 v a prueba de rayos, proteccion contra sobretensiones y protecci\u00f3n contra transitorios de voltaje.<\/p>\n","protected":false},"featured_media":242472,"comment_status":"open","ping_status":"open","template":"","meta":[],"product_cat":[1681,1608],"product_tag":[1555],"acf":[],"yoast_head":"<!-- This site is optimized with the Yoast SEO plugin v21.7 - https:\/\/yoast.com\/wordpress\/plugins\/seo\/ -->\n<title>[ Dahua ] &#129351; Dh-sd49218dbn-hc Camara Ptz\/\/sd49218db-hc\/ Ptz Domo De 2 Mp\/ 18x De Zoom Optico\/ Ip66\/ Starlight\/ Wdr Real 120db\/ Ir De 100m\/ Hlc\/ 3dnr\/ 12v 3a<\/title>\n<meta name=\"description\" content=\"Compra Dh-sd49218dbn-hc Camara Ptz\/\/sd49218db-hc\/ Ptz Domo De 2 Mp\/ 18x De Zoom Optico\/ Ip66\/ Starlight\/ Wdr Real 120db\/ Ir De 100m\/ Hlc\/ 3dnr\/ 12v 3a + Env\u00edo a domicilio + Pago seguro + Garant\u00eda\" \/>\n<meta name=\"robots\" content=\"index, follow, max-snippet:-1, max-image-preview:large, max-video-preview:-1\" \/>\n<link rel=\"canonical\" href=\"https:\/\/compuviper.mx\/tienda\/producto\/dahua-dh-sd49218dbn-hc-camara-ptz-sd49218db-hc-ptz-domo-de-2-mp-18x-de-zoom-optico-ip66-starlight-wdr-real-120db-ir-de-100m-hlc-3dnr-12v-3a\/\" \/>\n<meta property=\"og:locale\" content=\"es_MX\" \/>\n<meta property=\"og:type\" content=\"article\" \/>\n<meta property=\"og:title\" content=\"[ Dahua ] &#129351; Dh-sd49218dbn-hc Camara Ptz\/\/sd49218db-hc\/ Ptz Domo De 2 Mp\/ 18x De Zoom Optico\/ Ip66\/ Starlight\/ Wdr Real 120db\/ Ir De 100m\/ Hlc\/ 3dnr\/ 12v 3a\" \/>\n<meta property=\"og:description\" content=\"Compra Dh-sd49218dbn-hc Camara Ptz\/\/sd49218db-hc\/ Ptz Domo De 2 Mp\/ 18x De Zoom Optico\/ Ip66\/ Starlight\/ Wdr Real 120db\/ Ir De 100m\/ Hlc\/ 3dnr\/ 12v 3a + Env\u00edo a domicilio + Pago seguro + Garant\u00eda\" \/>\n<meta property=\"og:url\" content=\"https:\/\/compuviper.mx\/tienda\/producto\/dahua-dh-sd49218dbn-hc-camara-ptz-sd49218db-hc-ptz-domo-de-2-mp-18x-de-zoom-optico-ip66-starlight-wdr-real-120db-ir-de-100m-hlc-3dnr-12v-3a\/\" \/>\n<meta property=\"og:site_name\" content=\"Compuviper\" \/>\n<meta property=\"article:publisher\" content=\"https:\/\/www.facebook.com\/compuviper\" \/>\n<meta property=\"og:image\" content=\"https:\/\/compuviper.mx\/tienda\/wp-content\/uploads\/2024\/09\/Camara-ptzdahuasd49218db-hc-ptz-domo-de-2-mp-18x-de-zoom-optico-ip66-starlight-wdr-real-120db-ir-de-100m-hlc-3dnr-12v-3a.jpg\" \/>\n\t<meta property=\"og:image:width\" content=\"200\" \/>\n\t<meta property=\"og:image:height\" content=\"200\" \/>\n\t<meta property=\"og:image:type\" content=\"image\/jpeg\" \/>\n<meta name=\"twitter:card\" content=\"summary_large_image\" \/>\n<meta name=\"twitter:label1\" content=\"Precio\" \/>\n\t<meta name=\"twitter:data1\" content=\"&#36;3,230 con IVA\" \/>\n\t<meta name=\"twitter:label2\" content=\"Availability\" \/>\n\t<meta name=\"twitter:data2\" content=\"On backorder\" \/>\n<script type=\"application\/ld+json\" class=\"yoast-schema-graph\">{\"@context\":\"https:\/\/schema.org\",\"@graph\":[{\"@type\":\"WebPage\",\"@id\":\"https:\/\/compuviper.mx\/tienda\/producto\/dahua-dh-sd49218dbn-hc-camara-ptz-sd49218db-hc-ptz-domo-de-2-mp-18x-de-zoom-optico-ip66-starlight-wdr-real-120db-ir-de-100m-hlc-3dnr-12v-3a\/\",\"url\":\"https:\/\/compuviper.mx\/tienda\/producto\/dahua-dh-sd49218dbn-hc-camara-ptz-sd49218db-hc-ptz-domo-de-2-mp-18x-de-zoom-optico-ip66-starlight-wdr-real-120db-ir-de-100m-hlc-3dnr-12v-3a\/\",\"name\":\"[ Dahua ] &#129351; Dh-sd49218dbn-hc Camara Ptz\/\/sd49218db-hc\/ Ptz Domo De 2 Mp\/ 18x De Zoom Optico\/ Ip66\/ Starlight\/ Wdr Real 120db\/ Ir De 100m\/ Hlc\/ 3dnr\/ 12v 3a\",\"isPartOf\":{\"@id\":\"https:\/\/compuviper.mx\/tienda\/#website\"},\"datePublished\":\"2026-04-23T06:14:26+00:00\",\"dateModified\":\"2026-04-23T06:14:26+00:00\",\"description\":\"Compra Dh-sd49218dbn-hc Camara Ptz\/\/sd49218db-hc\/ Ptz Domo De 2 Mp\/ 18x De Zoom Optico\/ Ip66\/ Starlight\/ Wdr Real 120db\/ Ir De 100m\/ Hlc\/ 3dnr\/ 12v 3a + Env\u00edo a domicilio + Pago seguro + Garant\u00eda\",\"breadcrumb\":{\"@id\":\"https:\/\/compuviper.mx\/tienda\/producto\/dahua-dh-sd49218dbn-hc-camara-ptz-sd49218db-hc-ptz-domo-de-2-mp-18x-de-zoom-optico-ip66-starlight-wdr-real-120db-ir-de-100m-hlc-3dnr-12v-3a\/#breadcrumb\"},\"inLanguage\":\"es-MX\",\"potentialAction\":[{\"@type\":\"ReadAction\",\"target\":[\"https:\/\/compuviper.mx\/tienda\/producto\/dahua-dh-sd49218dbn-hc-camara-ptz-sd49218db-hc-ptz-domo-de-2-mp-18x-de-zoom-optico-ip66-starlight-wdr-real-120db-ir-de-100m-hlc-3dnr-12v-3a\/\"]}]},{\"@type\":\"BreadcrumbList\",\"@id\":\"https:\/\/compuviper.mx\/tienda\/producto\/dahua-dh-sd49218dbn-hc-camara-ptz-sd49218db-hc-ptz-domo-de-2-mp-18x-de-zoom-optico-ip66-starlight-wdr-real-120db-ir-de-100m-hlc-3dnr-12v-3a\/#breadcrumb\",\"itemListElement\":[{\"@type\":\"ListItem\",\"position\":1,\"name\":\"Inicio\",\"item\":\"https:\/\/compuviper.mx\/tienda\/\"},{\"@type\":\"ListItem\",\"position\":2,\"name\":\"Productos\",\"item\":\"https:\/\/compuviper.mx\/tienda\/productos\/\"},{\"@type\":\"ListItem\",\"position\":3,\"name\":\"Camaras\",\"item\":\"https:\/\/compuviper.mx\/tienda\/categoria-producto\/camaras-2\/\"},{\"@type\":\"ListItem\",\"position\":4,\"name\":\"Camara De Videovigilancia\",\"item\":\"https:\/\/compuviper.mx\/tienda\/categoria-producto\/camaras-2\/camara-de-videovigilancia\/\"},{\"@type\":\"ListItem\",\"position\":5,\"name\":\"Dahua Dh-sd49218dbn-hc Camara Ptz\/\/sd49218db-hc\/ Ptz Domo De 2 Mp\/ 18x De Zoom Optico\/ Ip66\/ Starlight\/ Wdr Real 120db\/ Ir De 100m\/ Hlc\/ 3dnr\/ 12v 3a\"}]},{\"@type\":\"WebSite\",\"@id\":\"https:\/\/compuviper.mx\/tienda\/#website\",\"url\":\"https:\/\/compuviper.mx\/tienda\/\",\"name\":\"Compuviper\",\"description\":\"Proveedor de Computadoras, Laptops, Servidores, Monitores, Puntos de Venta, Teclados,   Impresoras, T\u00f3ner, C\u00e1maras de Seguridad y m\u00e1s en tu tienda en l\u00ednea\",\"publisher\":{\"@id\":\"https:\/\/compuviper.mx\/tienda\/#organization\"},\"potentialAction\":[{\"@type\":\"SearchAction\",\"target\":{\"@type\":\"EntryPoint\",\"urlTemplate\":\"https:\/\/compuviper.mx\/tienda\/?s={search_term_string}\"},\"query-input\":\"required name=search_term_string\"}],\"inLanguage\":\"es-MX\"},{\"@type\":\"Organization\",\"@id\":\"https:\/\/compuviper.mx\/tienda\/#organization\",\"name\":\"Compuviper\",\"url\":\"https:\/\/compuviper.mx\/tienda\/\",\"logo\":{\"@type\":\"ImageObject\",\"inLanguage\":\"es-MX\",\"@id\":\"https:\/\/compuviper.mx\/tienda\/#\/schema\/logo\/image\/\",\"url\":\"https:\/\/compuviper.mx\/tienda\/wp-content\/uploads\/2021\/08\/Logo-Compuviper-10.png\",\"contentUrl\":\"https:\/\/compuviper.mx\/tienda\/wp-content\/uploads\/2021\/08\/Logo-Compuviper-10.png\",\"width\":1000,\"height\":500,\"caption\":\"Compuviper\"},\"image\":{\"@id\":\"https:\/\/compuviper.mx\/tienda\/#\/schema\/logo\/image\/\"},\"sameAs\":[\"https:\/\/www.facebook.com\/compuviper\",\"https:\/\/www.youtube.com\/channel\/UCf73dERp9Y3cfOq7q8BhLjA?view_as=subscriber\"]}]}<\/script>\n<meta property=\"product:brand\" content=\"DAHUA\" \/>\n<meta property=\"product:price:amount\" content=\"3230\" \/>\n<meta property=\"product:price:currency\" content=\"MXN\" \/>\n<meta property=\"og:availability\" content=\"backorder\" \/>\n<meta property=\"product:availability\" content=\"available for order\" \/>\n<meta property=\"product:retailer_item_id\" content=\"DH-SD49218DBN-HC\" \/>\n<meta property=\"product:condition\" content=\"new\" \/>\n<!-- \/ Yoast SEO plugin. -->","yoast_head_json":{"title":"[ Dahua ] &#129351; Dh-sd49218dbn-hc Camara Ptz\/\/sd49218db-hc\/ Ptz Domo De 2 Mp\/ 18x De Zoom Optico\/ Ip66\/ Starlight\/ Wdr Real 120db\/ Ir De 100m\/ Hlc\/ 3dnr\/ 12v 3a","description":"Compra Dh-sd49218dbn-hc Camara Ptz\/\/sd49218db-hc\/ Ptz Domo De 2 Mp\/ 18x De Zoom Optico\/ Ip66\/ Starlight\/ Wdr Real 120db\/ Ir De 100m\/ Hlc\/ 3dnr\/ 12v 3a + Env\u00edo a domicilio + Pago seguro + Garant\u00eda","robots":{"index":"index","follow":"follow","max-snippet":"max-snippet:-1","max-image-preview":"max-image-preview:large","max-video-preview":"max-video-preview:-1"},"canonical":"https:\/\/compuviper.mx\/tienda\/producto\/dahua-dh-sd49218dbn-hc-camara-ptz-sd49218db-hc-ptz-domo-de-2-mp-18x-de-zoom-optico-ip66-starlight-wdr-real-120db-ir-de-100m-hlc-3dnr-12v-3a\/","og_locale":"es_MX","og_type":"article","og_title":"[ Dahua ] &#129351; Dh-sd49218dbn-hc Camara Ptz\/\/sd49218db-hc\/ Ptz Domo De 2 Mp\/ 18x De Zoom Optico\/ Ip66\/ Starlight\/ Wdr Real 120db\/ Ir De 100m\/ Hlc\/ 3dnr\/ 12v 3a","og_description":"Compra Dh-sd49218dbn-hc Camara Ptz\/\/sd49218db-hc\/ Ptz Domo De 2 Mp\/ 18x De Zoom Optico\/ Ip66\/ Starlight\/ Wdr Real 120db\/ Ir De 100m\/ Hlc\/ 3dnr\/ 12v 3a + Env\u00edo a domicilio + Pago seguro + Garant\u00eda","og_url":"https:\/\/compuviper.mx\/tienda\/producto\/dahua-dh-sd49218dbn-hc-camara-ptz-sd49218db-hc-ptz-domo-de-2-mp-18x-de-zoom-optico-ip66-starlight-wdr-real-120db-ir-de-100m-hlc-3dnr-12v-3a\/","og_site_name":"Compuviper","article_publisher":"https:\/\/www.facebook.com\/compuviper","og_image":[{"width":200,"height":200,"url":"https:\/\/compuviper.mx\/tienda\/wp-content\/uploads\/2024\/09\/Camara-ptzdahuasd49218db-hc-ptz-domo-de-2-mp-18x-de-zoom-optico-ip66-starlight-wdr-real-120db-ir-de-100m-hlc-3dnr-12v-3a.jpg","type":"image\/jpeg"}],"twitter_card":"summary_large_image","twitter_misc":{"Precio":"&#36;3,230 con IVA","Availability":"On backorder"},"schema":{"@context":"https:\/\/schema.org","@graph":[{"@type":"WebPage","@id":"https:\/\/compuviper.mx\/tienda\/producto\/dahua-dh-sd49218dbn-hc-camara-ptz-sd49218db-hc-ptz-domo-de-2-mp-18x-de-zoom-optico-ip66-starlight-wdr-real-120db-ir-de-100m-hlc-3dnr-12v-3a\/","url":"https:\/\/compuviper.mx\/tienda\/producto\/dahua-dh-sd49218dbn-hc-camara-ptz-sd49218db-hc-ptz-domo-de-2-mp-18x-de-zoom-optico-ip66-starlight-wdr-real-120db-ir-de-100m-hlc-3dnr-12v-3a\/","name":"[ Dahua ] &#129351; Dh-sd49218dbn-hc Camara Ptz\/\/sd49218db-hc\/ Ptz Domo De 2 Mp\/ 18x De Zoom Optico\/ Ip66\/ Starlight\/ Wdr Real 120db\/ Ir De 100m\/ Hlc\/ 3dnr\/ 12v 3a","isPartOf":{"@id":"https:\/\/compuviper.mx\/tienda\/#website"},"datePublished":"2026-04-23T06:14:26+00:00","dateModified":"2026-04-23T06:14:26+00:00","description":"Compra Dh-sd49218dbn-hc Camara Ptz\/\/sd49218db-hc\/ Ptz Domo De 2 Mp\/ 18x De Zoom Optico\/ Ip66\/ Starlight\/ Wdr Real 120db\/ Ir De 100m\/ Hlc\/ 3dnr\/ 12v 3a + Env\u00edo a domicilio + Pago seguro + Garant\u00eda","breadcrumb":{"@id":"https:\/\/compuviper.mx\/tienda\/producto\/dahua-dh-sd49218dbn-hc-camara-ptz-sd49218db-hc-ptz-domo-de-2-mp-18x-de-zoom-optico-ip66-starlight-wdr-real-120db-ir-de-100m-hlc-3dnr-12v-3a\/#breadcrumb"},"inLanguage":"es-MX","potentialAction":[{"@type":"ReadAction","target":["https:\/\/compuviper.mx\/tienda\/producto\/dahua-dh-sd49218dbn-hc-camara-ptz-sd49218db-hc-ptz-domo-de-2-mp-18x-de-zoom-optico-ip66-starlight-wdr-real-120db-ir-de-100m-hlc-3dnr-12v-3a\/"]}]},{"@type":"BreadcrumbList","@id":"https:\/\/compuviper.mx\/tienda\/producto\/dahua-dh-sd49218dbn-hc-camara-ptz-sd49218db-hc-ptz-domo-de-2-mp-18x-de-zoom-optico-ip66-starlight-wdr-real-120db-ir-de-100m-hlc-3dnr-12v-3a\/#breadcrumb","itemListElement":[{"@type":"ListItem","position":1,"name":"Inicio","item":"https:\/\/compuviper.mx\/tienda\/"},{"@type":"ListItem","position":2,"name":"Productos","item":"https:\/\/compuviper.mx\/tienda\/productos\/"},{"@type":"ListItem","position":3,"name":"Camaras","item":"https:\/\/compuviper.mx\/tienda\/categoria-producto\/camaras-2\/"},{"@type":"ListItem","position":4,"name":"Camara De Videovigilancia","item":"https:\/\/compuviper.mx\/tienda\/categoria-producto\/camaras-2\/camara-de-videovigilancia\/"},{"@type":"ListItem","position":5,"name":"Dahua Dh-sd49218dbn-hc Camara Ptz\/\/sd49218db-hc\/ Ptz Domo De 2 Mp\/ 18x De Zoom Optico\/ Ip66\/ Starlight\/ Wdr Real 120db\/ Ir De 100m\/ Hlc\/ 3dnr\/ 12v 3a"}]},{"@type":"WebSite","@id":"https:\/\/compuviper.mx\/tienda\/#website","url":"https:\/\/compuviper.mx\/tienda\/","name":"Compuviper","description":"Proveedor de Computadoras, Laptops, Servidores, Monitores, Puntos de Venta, Teclados,   Impresoras, T\u00f3ner, C\u00e1maras de Seguridad y m\u00e1s en tu tienda en l\u00ednea","publisher":{"@id":"https:\/\/compuviper.mx\/tienda\/#organization"},"potentialAction":[{"@type":"SearchAction","target":{"@type":"EntryPoint","urlTemplate":"https:\/\/compuviper.mx\/tienda\/?s={search_term_string}"},"query-input":"required name=search_term_string"}],"inLanguage":"es-MX"},{"@type":"Organization","@id":"https:\/\/compuviper.mx\/tienda\/#organization","name":"Compuviper","url":"https:\/\/compuviper.mx\/tienda\/","logo":{"@type":"ImageObject","inLanguage":"es-MX","@id":"https:\/\/compuviper.mx\/tienda\/#\/schema\/logo\/image\/","url":"https:\/\/compuviper.mx\/tienda\/wp-content\/uploads\/2021\/08\/Logo-Compuviper-10.png","contentUrl":"https:\/\/compuviper.mx\/tienda\/wp-content\/uploads\/2021\/08\/Logo-Compuviper-10.png","width":1000,"height":500,"caption":"Compuviper"},"image":{"@id":"https:\/\/compuviper.mx\/tienda\/#\/schema\/logo\/image\/"},"sameAs":["https:\/\/www.facebook.com\/compuviper","https:\/\/www.youtube.com\/channel\/UCf73dERp9Y3cfOq7q8BhLjA?view_as=subscriber"]}]},"product_brand":"DAHUA","product_price_amount":"3230","product_price_currency":"MXN","og_availability":"backorder","product_availability":"available for order","product_retailer_item_id":"DH-SD49218DBN-HC","product_condition":"new"},"_links":{"self":[{"href":"https:\/\/compuviper.mx\/tienda\/wp-json\/wp\/v2\/product\/238801"}],"collection":[{"href":"https:\/\/compuviper.mx\/tienda\/wp-json\/wp\/v2\/product"}],"about":[{"href":"https:\/\/compuviper.mx\/tienda\/wp-json\/wp\/v2\/types\/product"}],"replies":[{"embeddable":true,"href":"https:\/\/compuviper.mx\/tienda\/wp-json\/wp\/v2\/comments?post=238801"}],"wp:featuredmedia":[{"embeddable":true,"href":"https:\/\/compuviper.mx\/tienda\/wp-json\/wp\/v2\/media\/242472"}],"wp:attachment":[{"href":"https:\/\/compuviper.mx\/tienda\/wp-json\/wp\/v2\/media?parent=238801"}],"wp:term":[{"taxonomy":"product_cat","embeddable":true,"href":"https:\/\/compuviper.mx\/tienda\/wp-json\/wp\/v2\/product_cat?post=238801"},{"taxonomy":"product_tag","embeddable":true,"href":"https:\/\/compuviper.mx\/tienda\/wp-json\/wp\/v2\/product_tag?post=238801"}],"curies":[{"name":"wp","href":"https:\/\/api.w.org\/{rel}","templated":true}]}}