{"id":238743,"date":"2026-04-01T23:32:00","date_gmt":"2026-04-02T05:32:00","guid":{"rendered":"https:\/\/compuviper.mx\/tienda\/producto\/tripp-lite-srcoolnetlx-modulo-de-tarjeta-de-red-tripp-lite-snmp-de-plataforma-lx-para-administracin-remota-de-enfriamiento-para-modelos-srcool12k\/"},"modified":"2026-04-01T23:32:01","modified_gmt":"2026-04-02T05:32:01","slug":"tripp-lite-srcoolnetlx-modulo-de-tarjeta-de-red-tripp-lite-snmp-de-plataforma-lx-para-administracin-remota-de-enfriamiento-para-modelos-srcool12k","status":"publish","type":"product","link":"https:\/\/compuviper.mx\/tienda\/producto\/tripp-lite-srcoolnetlx-modulo-de-tarjeta-de-red-tripp-lite-snmp-de-plataforma-lx-para-administracin-remota-de-enfriamiento-para-modelos-srcool12k\/","title":{"rendered":"Tripp-lite Srcoolnetlx Modulo De Tarjeta De Red Tripp Lite  \/ Snmp De Plataforma Lx   Para Administracin Remota De Enfriamiento Para Modelos Srcool12k"},"content":{"rendered":"<table class=\"descripcion\">\n<tr>\n<td>Modulo de tarjeta de red \/ snmp de plataforma lx tripp-lite srcoolnetlx para administracin remota de enfriamiento para modelos srcool12k<\/td>\n<\/tr>\n<tr>\n<td>Especificaciones<\/td>\n<\/tr>\n<tr>\n<td>Generalidades<\/td>\n<\/tr>\n<tr>\n<td>C\u00f3digo upc 037332231222<\/td>\n<\/tr>\n<tr>\n<td>Entrada<\/td>\n<\/tr>\n<tr>\n<td>Descripci\u00f3n del voltaje nominal de entrada 100v ~ 240v ca ; 50hz \/ 60hz<\/td>\n<\/tr>\n<tr>\n<td>Tipo de clavija adaptador de ca \/ cd con clavija nema 1-15p, clavija cee7 y un cable de salida de 1.83 m [6 pies]<\/td>\n<\/tr>\n<tr>\n<td>Interfaz de usuario, alertas y controles<\/td>\n<\/tr>\n<tr>\n<td>Interruptores el bot\u00f3n de restauraci\u00f3n permite el reinicio de la interfaz de red sin interrumpir la alimentaci\u00f3n de ca<\/td>\n<\/tr>\n<tr>\n<td>Indicadores led led de enlace para confirmar la actividad \/ conexi\u00f3n de red. led de velocidad de red para indicar velocidades de 10 mbps o 100 mbps; led de estado para indicar cuando la tarjeta est\u00e1 inicializada<\/td>\n<\/tr>\n<tr>\n<td>F\u00edsicas<\/td>\n<\/tr>\n<tr>\n<td>Color negro<\/td>\n<\/tr>\n<tr>\n<td>Material de construcci\u00f3n l\u00e1mina met\u00e1lica<\/td>\n<\/tr>\n<tr>\n<td>Peso de env\u00edo (kg) 0.91<\/td>\n<\/tr>\n<tr>\n<td>Dimensiones de la unidad (al x an x pr \/ cm) 9.4 x 19.5 x 16<\/td>\n<\/tr>\n<tr>\n<td>Peso de la unidad (kg) 0.32<\/td>\n<\/tr>\n<tr>\n<td>Garant\u00eda<\/td>\n<\/tr>\n<tr>\n<td>Periodo de garant\u00eda del producto (a nivel mundial) garant\u00eda limitada por 2 a\u00f1os<\/td>\n<\/tr>\n<\/table>\n","protected":false},"excerpt":{"rendered":"<p>El acceso y control de las unidades de enfriamiento durante las 24 horas del d\u00eda evita costosas visitas al sitio. El m\u00f3dulo de interfaz de red srcoolnetlx se conecta a las unidades de enfriamiento port\u00e1tiles selectas de tripp lite y le permite monitorear temperaturas, recibir alertas y controlar configuraciones desde ubicaciones remotas. Compatible con las unidades de aire acondicionado port\u00e1tiles srcool12k, srxcool12k y srxcool12kb, el srcoolnetlx es f\u00e1cil de instalar y simple de operar e ideal para oficinas administrativas, salas de computadoras, peque\u00f1as salas de servidores y gabinetes de cableado de redes. El adaptador de alimentaci\u00f3n de 100v ~ 240v 50hz \/ 60hz ca, incluye adaptadores de clavija de seguridad nema 1-15r y cee 7\/7 schuko. La soluci\u00f3n perfecta para aplicaciones de enfriamiento fuera de horas h\u00e1biles o sin supervisi\u00f3n. El srcoolnetlx basado en html5 sin java permite acceso remoto completo para monitoreo del estado, notificaciones de eventos y administraci\u00f3n de dispositivos a trav\u00e9s de navegador web seguro, snmp, ssh, telnet o interfaces de l\u00ednea de comando. El administrador poweralert\u00ae device manager [padm] de la plataforma lx incorporado proporciona una interfaz \u00fanica para encender y apagar el aire acondicionado conectado, ajustar la velocidad del ventilador, cambiar su temperatura deseada y cambiar a modo de deshumidificaci\u00f3n, de modo que el calor excesivo no comprometa el rendimiento y la fiabilidad de su equipo de red. El srcoolnetlx se combina con el aire acondicionado para ofrecer una soluci\u00f3n de enfriamiento confiable que no requiere administraci\u00f3n en el sitio. Incluye el m\u00f3dulo de sensor ambiental e2mt e2. El srcoolnetlx viene con un m\u00f3dulo e2mt, que puede colocarse directamente dentro de su rack. No necesita estar en las instalaciones para comprobar la temperatura cerca de su equipo para rack o hacer cualquier ajuste necesario. El m\u00f3dulo e2mt le permite medir y controlar temperatura ambiente en el entorno de su centro de datos o controlar el enfriamiento al seleccionar un valor de temperatura objetivo para garantizar que los equipos de red espec\u00edficos permanezcan fr\u00edos durante la operaci\u00f3n. El e2mt se conecta al srcoolnetlx usando el cable usb de 3.66 m [12 pies] incluido. F\u00e1cil de configurar y manejar. El srcoolnetlx se instala de forma segura al puerto de monitoreo remoto de la unidad de aire acondicionado usando el cable incluido. Un cable patch ethernet suministrado por el usuario conecta el puerto rj45 del srcoolnetlx a una red ethernet. La interfaz de administrador de dispositivos poweralert proporciona una sola pantalla para la administraci\u00f3n de la unidad de enfriamiento y el m\u00f3dulo e2mt. Puede actualizar el firmware directamente desde la interfaz web. Cumple con el taa para las compras del programa gsa. El srcoolnetlx cumple con el acta federal de acuerdo comerciales [taa], que lo hace elegible para el programa gsa [general services administration] y otros contratos para adquisiciones federales. Aplicaciones t\u00edpicas. Permite el monitoreo y administraci\u00f3n remotos del enfriamiento en oficinas administrativas, salas de computadoras, peque\u00f1as salas de servidores y gabinetes de cableado de redes. Reciba alertas, revise registros de actividad y controle en forma remota los par\u00e1metros de enfriamiento. Monitoree la temperatura en su centro de datos o para equipos de red espec\u00edficos. El paquete incluye. M\u00f3dulo de interfaz snmp \/ web srcoolnetlx. M\u00f3dulo de sensor ambiental e2mt envirosense2. Cable micro-usb a usb-a, 3.66 m [12 pies. Fuente de alimentaci\u00f3n externa, 100v ~ 240v ca, con cable de 1.83 m [6 pies. Clavijas de entrada nema 5-15p y cee 7\/7 schuko. (3) tiras de velcro. (4) patas de goma. Etiqueta de direcci\u00f3n mac. Cd de poweralert. Manuales del propietario. Requisitos del sistema. Unidad de aire acondicionado port\u00e1til srcool12k srcoolnetlx o srxcool12kb de tripp lite. Convierte unidades de enfriamiento port\u00e1tiles selectas de tripp lite en dispositivos administrables en red que pueden accederse y controlarse en forma remota 24\/7. Recomendado para el acceso y control de las unidades de aire acondicionado de tripp lite fuera de las instalaciones las 24 horas. La interfaz de red de plataforma lx proporciona control y acceso 24\/7 desde cualquier sitio. El m\u00f3dulo e2mt incluido permite el monitoreo remoto de las condiciones de la temperatura ambiente. Facilidad para mantenerse actualizado con el firmware descargable f\u00e1cilmente. Cumple con el acta federal de acuerdos comerciales [taa] para las compras del programa gsa. Garant\u00eda limitada por 2 a\u00f1os<\/p>\n","protected":false},"featured_media":242044,"comment_status":"open","ping_status":"open","template":"","meta":[],"product_cat":[1485,2235],"product_tag":[1510],"acf":[],"yoast_head":"<!-- This site is optimized with the Yoast SEO plugin v21.7 - https:\/\/yoast.com\/wordpress\/plugins\/seo\/ -->\n<title>[ Tripp-lite ] &#129351; Srcoolnetlx Modulo De Tarjeta De Red Tripp Lite \/ Snmp De Plataforma Lx Para Administracin Remota De Enfriamiento Para Modelos Srcool12k<\/title>\n<meta name=\"description\" content=\"Compra Srcoolnetlx Modulo De Tarjeta De Red Tripp Lite \/ Snmp De Plataforma Lx Para Administracin Remota De Enfriamiento Para Modelos Srcool12k + Env\u00edo a domicilio + Pago seguro + Garant\u00eda\" \/>\n<meta name=\"robots\" content=\"index, follow, max-snippet:-1, max-image-preview:large, max-video-preview:-1\" \/>\n<link rel=\"canonical\" href=\"https:\/\/compuviper.mx\/tienda\/producto\/tripp-lite-srcoolnetlx-modulo-de-tarjeta-de-red-tripp-lite-snmp-de-plataforma-lx-para-administracin-remota-de-enfriamiento-para-modelos-srcool12k\/\" \/>\n<meta property=\"og:locale\" content=\"es_MX\" \/>\n<meta property=\"og:type\" content=\"article\" \/>\n<meta property=\"og:title\" content=\"[ Tripp-lite ] &#129351; Srcoolnetlx Modulo De Tarjeta De Red Tripp Lite \/ Snmp De Plataforma Lx Para Administracin Remota De Enfriamiento Para Modelos Srcool12k\" \/>\n<meta property=\"og:description\" content=\"Compra Srcoolnetlx Modulo De Tarjeta De Red Tripp Lite \/ Snmp De Plataforma Lx Para Administracin Remota De Enfriamiento Para Modelos Srcool12k + Env\u00edo a domicilio + Pago seguro + Garant\u00eda\" \/>\n<meta property=\"og:url\" content=\"https:\/\/compuviper.mx\/tienda\/producto\/tripp-lite-srcoolnetlx-modulo-de-tarjeta-de-red-tripp-lite-snmp-de-plataforma-lx-para-administracin-remota-de-enfriamiento-para-modelos-srcool12k\/\" \/>\n<meta property=\"og:site_name\" content=\"Compuviper\" \/>\n<meta property=\"article:publisher\" content=\"https:\/\/www.facebook.com\/compuviper\" \/>\n<meta property=\"article:modified_time\" content=\"2026-04-02T05:32:01+00:00\" \/>\n<meta property=\"og:image\" content=\"https:\/\/compuviper.mx\/tienda\/wp-content\/uploads\/2024\/09\/Modulo-de-tarjeta-de-red-tripp-lite-srcoolnetlx-snmp-de-plataforma-lx-tripp-lite-srcoolnetlx-para-administracin-remota-de-enfriamiento-para-modelos-srcool12k.jpg\" \/>\n\t<meta property=\"og:image:width\" content=\"200\" \/>\n\t<meta property=\"og:image:height\" content=\"200\" \/>\n\t<meta property=\"og:image:type\" content=\"image\/jpeg\" \/>\n<meta name=\"twitter:card\" content=\"summary_large_image\" \/>\n<meta name=\"twitter:label1\" content=\"Precio\" \/>\n\t<meta name=\"twitter:data1\" content=\"&#36;4,320 con IVA\" \/>\n\t<meta name=\"twitter:label2\" content=\"Availability\" \/>\n\t<meta name=\"twitter:data2\" content=\"In stock\" \/>\n<script type=\"application\/ld+json\" class=\"yoast-schema-graph\">{\"@context\":\"https:\/\/schema.org\",\"@graph\":[{\"@type\":\"WebPage\",\"@id\":\"https:\/\/compuviper.mx\/tienda\/producto\/tripp-lite-srcoolnetlx-modulo-de-tarjeta-de-red-tripp-lite-snmp-de-plataforma-lx-para-administracin-remota-de-enfriamiento-para-modelos-srcool12k\/\",\"url\":\"https:\/\/compuviper.mx\/tienda\/producto\/tripp-lite-srcoolnetlx-modulo-de-tarjeta-de-red-tripp-lite-snmp-de-plataforma-lx-para-administracin-remota-de-enfriamiento-para-modelos-srcool12k\/\",\"name\":\"[ Tripp-lite ] &#129351; Srcoolnetlx Modulo De Tarjeta De Red Tripp Lite \/ Snmp De Plataforma Lx Para Administracin Remota De Enfriamiento Para Modelos Srcool12k\",\"isPartOf\":{\"@id\":\"https:\/\/compuviper.mx\/tienda\/#website\"},\"datePublished\":\"2026-04-02T05:32:00+00:00\",\"dateModified\":\"2026-04-02T05:32:01+00:00\",\"description\":\"Compra Srcoolnetlx Modulo De Tarjeta De Red Tripp Lite \/ Snmp De Plataforma Lx Para Administracin Remota De Enfriamiento Para Modelos Srcool12k + Env\u00edo a domicilio + Pago seguro + Garant\u00eda\",\"breadcrumb\":{\"@id\":\"https:\/\/compuviper.mx\/tienda\/producto\/tripp-lite-srcoolnetlx-modulo-de-tarjeta-de-red-tripp-lite-snmp-de-plataforma-lx-para-administracin-remota-de-enfriamiento-para-modelos-srcool12k\/#breadcrumb\"},\"inLanguage\":\"es-MX\",\"potentialAction\":[{\"@type\":\"ReadAction\",\"target\":[\"https:\/\/compuviper.mx\/tienda\/producto\/tripp-lite-srcoolnetlx-modulo-de-tarjeta-de-red-tripp-lite-snmp-de-plataforma-lx-para-administracin-remota-de-enfriamiento-para-modelos-srcool12k\/\"]}]},{\"@type\":\"BreadcrumbList\",\"@id\":\"https:\/\/compuviper.mx\/tienda\/producto\/tripp-lite-srcoolnetlx-modulo-de-tarjeta-de-red-tripp-lite-snmp-de-plataforma-lx-para-administracin-remota-de-enfriamiento-para-modelos-srcool12k\/#breadcrumb\",\"itemListElement\":[{\"@type\":\"ListItem\",\"position\":1,\"name\":\"Inicio\",\"item\":\"https:\/\/compuviper.mx\/tienda\/\"},{\"@type\":\"ListItem\",\"position\":2,\"name\":\"Productos\",\"item\":\"https:\/\/compuviper.mx\/tienda\/productos\/\"},{\"@type\":\"ListItem\",\"position\":3,\"name\":\"Accesorios\",\"item\":\"https:\/\/compuviper.mx\/tienda\/categoria-producto\/accesorios\/\"},{\"@type\":\"ListItem\",\"position\":4,\"name\":\"Modulos O Tarjetas Smnp\",\"item\":\"https:\/\/compuviper.mx\/tienda\/categoria-producto\/accesorios\/modulos-o-tarjetas-smnp\/\"},{\"@type\":\"ListItem\",\"position\":5,\"name\":\"Tripp-lite Srcoolnetlx Modulo De Tarjeta De Red Tripp Lite \/ Snmp De Plataforma Lx Para Administracin Remota De Enfriamiento Para Modelos Srcool12k\"}]},{\"@type\":\"WebSite\",\"@id\":\"https:\/\/compuviper.mx\/tienda\/#website\",\"url\":\"https:\/\/compuviper.mx\/tienda\/\",\"name\":\"Compuviper\",\"description\":\"Proveedor de Computadoras, Laptops, Servidores, Monitores, Puntos de Venta, Teclados,   Impresoras, T\u00f3ner, C\u00e1maras de Seguridad y m\u00e1s en tu tienda en l\u00ednea\",\"publisher\":{\"@id\":\"https:\/\/compuviper.mx\/tienda\/#organization\"},\"potentialAction\":[{\"@type\":\"SearchAction\",\"target\":{\"@type\":\"EntryPoint\",\"urlTemplate\":\"https:\/\/compuviper.mx\/tienda\/?s={search_term_string}\"},\"query-input\":\"required name=search_term_string\"}],\"inLanguage\":\"es-MX\"},{\"@type\":\"Organization\",\"@id\":\"https:\/\/compuviper.mx\/tienda\/#organization\",\"name\":\"Compuviper\",\"url\":\"https:\/\/compuviper.mx\/tienda\/\",\"logo\":{\"@type\":\"ImageObject\",\"inLanguage\":\"es-MX\",\"@id\":\"https:\/\/compuviper.mx\/tienda\/#\/schema\/logo\/image\/\",\"url\":\"https:\/\/compuviper.mx\/tienda\/wp-content\/uploads\/2021\/08\/Logo-Compuviper-10.png\",\"contentUrl\":\"https:\/\/compuviper.mx\/tienda\/wp-content\/uploads\/2021\/08\/Logo-Compuviper-10.png\",\"width\":1000,\"height\":500,\"caption\":\"Compuviper\"},\"image\":{\"@id\":\"https:\/\/compuviper.mx\/tienda\/#\/schema\/logo\/image\/\"},\"sameAs\":[\"https:\/\/www.facebook.com\/compuviper\",\"https:\/\/www.youtube.com\/channel\/UCf73dERp9Y3cfOq7q8BhLjA?view_as=subscriber\"]}]}<\/script>\n<meta property=\"product:brand\" content=\"TRIPP-LITE\" \/>\n<meta property=\"product:price:amount\" content=\"4320\" \/>\n<meta property=\"product:price:currency\" content=\"MXN\" \/>\n<meta property=\"og:availability\" content=\"instock\" \/>\n<meta property=\"product:availability\" content=\"instock\" \/>\n<meta property=\"product:retailer_item_id\" content=\"SRCOOLNETLX\" \/>\n<meta property=\"product:condition\" content=\"new\" \/>\n<!-- \/ Yoast SEO plugin. -->","yoast_head_json":{"title":"[ Tripp-lite ] &#129351; Srcoolnetlx Modulo De Tarjeta De Red Tripp Lite \/ Snmp De Plataforma Lx Para Administracin Remota De Enfriamiento Para Modelos Srcool12k","description":"Compra Srcoolnetlx Modulo De Tarjeta De Red Tripp Lite \/ Snmp De Plataforma Lx Para Administracin Remota De Enfriamiento Para Modelos Srcool12k + Env\u00edo a domicilio + Pago seguro + Garant\u00eda","robots":{"index":"index","follow":"follow","max-snippet":"max-snippet:-1","max-image-preview":"max-image-preview:large","max-video-preview":"max-video-preview:-1"},"canonical":"https:\/\/compuviper.mx\/tienda\/producto\/tripp-lite-srcoolnetlx-modulo-de-tarjeta-de-red-tripp-lite-snmp-de-plataforma-lx-para-administracin-remota-de-enfriamiento-para-modelos-srcool12k\/","og_locale":"es_MX","og_type":"article","og_title":"[ Tripp-lite ] &#129351; Srcoolnetlx Modulo De Tarjeta De Red Tripp Lite \/ Snmp De Plataforma Lx Para Administracin Remota De Enfriamiento Para Modelos Srcool12k","og_description":"Compra Srcoolnetlx Modulo De Tarjeta De Red Tripp Lite \/ Snmp De Plataforma Lx Para Administracin Remota De Enfriamiento Para Modelos Srcool12k + Env\u00edo a domicilio + Pago seguro + Garant\u00eda","og_url":"https:\/\/compuviper.mx\/tienda\/producto\/tripp-lite-srcoolnetlx-modulo-de-tarjeta-de-red-tripp-lite-snmp-de-plataforma-lx-para-administracin-remota-de-enfriamiento-para-modelos-srcool12k\/","og_site_name":"Compuviper","article_publisher":"https:\/\/www.facebook.com\/compuviper","article_modified_time":"2026-04-02T05:32:01+00:00","og_image":[{"width":200,"height":200,"url":"https:\/\/compuviper.mx\/tienda\/wp-content\/uploads\/2024\/09\/Modulo-de-tarjeta-de-red-tripp-lite-srcoolnetlx-snmp-de-plataforma-lx-tripp-lite-srcoolnetlx-para-administracin-remota-de-enfriamiento-para-modelos-srcool12k.jpg","type":"image\/jpeg"}],"twitter_card":"summary_large_image","twitter_misc":{"Precio":"&#36;4,320 con IVA","Availability":"In stock"},"schema":{"@context":"https:\/\/schema.org","@graph":[{"@type":"WebPage","@id":"https:\/\/compuviper.mx\/tienda\/producto\/tripp-lite-srcoolnetlx-modulo-de-tarjeta-de-red-tripp-lite-snmp-de-plataforma-lx-para-administracin-remota-de-enfriamiento-para-modelos-srcool12k\/","url":"https:\/\/compuviper.mx\/tienda\/producto\/tripp-lite-srcoolnetlx-modulo-de-tarjeta-de-red-tripp-lite-snmp-de-plataforma-lx-para-administracin-remota-de-enfriamiento-para-modelos-srcool12k\/","name":"[ Tripp-lite ] &#129351; Srcoolnetlx Modulo De Tarjeta De Red Tripp Lite \/ Snmp De Plataforma Lx Para Administracin Remota De Enfriamiento Para Modelos Srcool12k","isPartOf":{"@id":"https:\/\/compuviper.mx\/tienda\/#website"},"datePublished":"2026-04-02T05:32:00+00:00","dateModified":"2026-04-02T05:32:01+00:00","description":"Compra Srcoolnetlx Modulo De Tarjeta De Red Tripp Lite \/ Snmp De Plataforma Lx Para Administracin Remota De Enfriamiento Para Modelos Srcool12k + Env\u00edo a domicilio + Pago seguro + Garant\u00eda","breadcrumb":{"@id":"https:\/\/compuviper.mx\/tienda\/producto\/tripp-lite-srcoolnetlx-modulo-de-tarjeta-de-red-tripp-lite-snmp-de-plataforma-lx-para-administracin-remota-de-enfriamiento-para-modelos-srcool12k\/#breadcrumb"},"inLanguage":"es-MX","potentialAction":[{"@type":"ReadAction","target":["https:\/\/compuviper.mx\/tienda\/producto\/tripp-lite-srcoolnetlx-modulo-de-tarjeta-de-red-tripp-lite-snmp-de-plataforma-lx-para-administracin-remota-de-enfriamiento-para-modelos-srcool12k\/"]}]},{"@type":"BreadcrumbList","@id":"https:\/\/compuviper.mx\/tienda\/producto\/tripp-lite-srcoolnetlx-modulo-de-tarjeta-de-red-tripp-lite-snmp-de-plataforma-lx-para-administracin-remota-de-enfriamiento-para-modelos-srcool12k\/#breadcrumb","itemListElement":[{"@type":"ListItem","position":1,"name":"Inicio","item":"https:\/\/compuviper.mx\/tienda\/"},{"@type":"ListItem","position":2,"name":"Productos","item":"https:\/\/compuviper.mx\/tienda\/productos\/"},{"@type":"ListItem","position":3,"name":"Accesorios","item":"https:\/\/compuviper.mx\/tienda\/categoria-producto\/accesorios\/"},{"@type":"ListItem","position":4,"name":"Modulos O Tarjetas Smnp","item":"https:\/\/compuviper.mx\/tienda\/categoria-producto\/accesorios\/modulos-o-tarjetas-smnp\/"},{"@type":"ListItem","position":5,"name":"Tripp-lite Srcoolnetlx Modulo De Tarjeta De Red Tripp Lite \/ Snmp De Plataforma Lx Para Administracin Remota De Enfriamiento Para Modelos Srcool12k"}]},{"@type":"WebSite","@id":"https:\/\/compuviper.mx\/tienda\/#website","url":"https:\/\/compuviper.mx\/tienda\/","name":"Compuviper","description":"Proveedor de Computadoras, Laptops, Servidores, Monitores, Puntos de Venta, Teclados,   Impresoras, T\u00f3ner, C\u00e1maras de Seguridad y m\u00e1s en tu tienda en l\u00ednea","publisher":{"@id":"https:\/\/compuviper.mx\/tienda\/#organization"},"potentialAction":[{"@type":"SearchAction","target":{"@type":"EntryPoint","urlTemplate":"https:\/\/compuviper.mx\/tienda\/?s={search_term_string}"},"query-input":"required name=search_term_string"}],"inLanguage":"es-MX"},{"@type":"Organization","@id":"https:\/\/compuviper.mx\/tienda\/#organization","name":"Compuviper","url":"https:\/\/compuviper.mx\/tienda\/","logo":{"@type":"ImageObject","inLanguage":"es-MX","@id":"https:\/\/compuviper.mx\/tienda\/#\/schema\/logo\/image\/","url":"https:\/\/compuviper.mx\/tienda\/wp-content\/uploads\/2021\/08\/Logo-Compuviper-10.png","contentUrl":"https:\/\/compuviper.mx\/tienda\/wp-content\/uploads\/2021\/08\/Logo-Compuviper-10.png","width":1000,"height":500,"caption":"Compuviper"},"image":{"@id":"https:\/\/compuviper.mx\/tienda\/#\/schema\/logo\/image\/"},"sameAs":["https:\/\/www.facebook.com\/compuviper","https:\/\/www.youtube.com\/channel\/UCf73dERp9Y3cfOq7q8BhLjA?view_as=subscriber"]}]},"product_brand":"TRIPP-LITE","product_price_amount":"4320","product_price_currency":"MXN","og_availability":"instock","product_availability":"instock","product_retailer_item_id":"SRCOOLNETLX","product_condition":"new"},"_links":{"self":[{"href":"https:\/\/compuviper.mx\/tienda\/wp-json\/wp\/v2\/product\/238743"}],"collection":[{"href":"https:\/\/compuviper.mx\/tienda\/wp-json\/wp\/v2\/product"}],"about":[{"href":"https:\/\/compuviper.mx\/tienda\/wp-json\/wp\/v2\/types\/product"}],"replies":[{"embeddable":true,"href":"https:\/\/compuviper.mx\/tienda\/wp-json\/wp\/v2\/comments?post=238743"}],"wp:featuredmedia":[{"embeddable":true,"href":"https:\/\/compuviper.mx\/tienda\/wp-json\/wp\/v2\/media\/242044"}],"wp:attachment":[{"href":"https:\/\/compuviper.mx\/tienda\/wp-json\/wp\/v2\/media?parent=238743"}],"wp:term":[{"taxonomy":"product_cat","embeddable":true,"href":"https:\/\/compuviper.mx\/tienda\/wp-json\/wp\/v2\/product_cat?post=238743"},{"taxonomy":"product_tag","embeddable":true,"href":"https:\/\/compuviper.mx\/tienda\/wp-json\/wp\/v2\/product_tag?post=238743"}],"curies":[{"name":"wp","href":"https:\/\/api.w.org\/{rel}","templated":true}]}}