{"id":238737,"date":"2026-04-16T01:59:59","date_gmt":"2026-04-16T07:59:59","guid":{"rendered":"https:\/\/compuviper.mx\/tienda\/producto\/mirati-srm24-robot-de-cocina-smart-home-wifi-app-movil-pantalla-touch-7-pulgadas-ms-de-900-recetas-en-nube-construccion-de-acero-inoxidable-capacidad-de-4-8l-mas-de-16-funciones-para-cocinar\/"},"modified":"2026-04-16T02:00:00","modified_gmt":"2026-04-16T08:00:00","slug":"mirati-srm24-robot-de-cocina-smart-home-wifi-app-movil-pantalla-touch-7-pulgadas-ms-de-900-recetas-en-nube-construccion-de-acero-inoxidable-capacidad-de-4-8l-mas-de-16-funciones-para-cocinar","status":"publish","type":"product","link":"https:\/\/compuviper.mx\/tienda\/producto\/mirati-srm24-robot-de-cocina-smart-home-wifi-app-movil-pantalla-touch-7-pulgadas-ms-de-900-recetas-en-nube-construccion-de-acero-inoxidable-capacidad-de-4-8l-mas-de-16-funciones-para-cocinar\/","title":{"rendered":"Mirati Srm24 Robot De Cocina Smart  Home, Wifi, App Movil, Pantalla Touch 7 Pulgadas, Ms De 900 Recetas En Nube, Construccion De Acero Inoxidable, Capacidad De 4.8l, Mas De 16 Funciones Para Cocinar"},"content":{"rendered":"<table class=\"descripcion\">\n<tr>\n<td>Procesador de alimentos smart de mirati home<\/td>\n<\/tr>\n<tr>\n<td>Aplicaci\u00f3n m\u00f3vil<\/td>\n<\/tr>\n<tr>\n<td>Wifi<\/td>\n<\/tr>\n<tr>\n<td>Pantalla touch de 7 pulgadas<\/td>\n<\/tr>\n<tr>\n<td>M\u00e1s de 700 recetas en espa\u00f1ol en la nube<\/td>\n<\/tr>\n<tr>\n<td>Contenedor de acero inoxidable de 4.8l<\/td>\n<\/tr>\n<tr>\n<td>Bascula integrada<\/td>\n<\/tr>\n<tr>\n<td>Temporizador de 1seg hasta 12 horas<\/td>\n<\/tr>\n<tr>\n<td>Potencia de 700w<\/td>\n<\/tr>\n<tr>\n<td>Potencia de calefacci\u00f3n 900w<\/td>\n<\/tr>\n<tr>\n<td>Temperatura de calefacci\u00f3n 37\u00b0c-180\u00b0c<\/td>\n<\/tr>\n<tr>\n<td>Limpieza autom\u00e1tica<\/td>\n<\/tr>\n<tr>\n<td>Entrada: 110vca-120vca 50hz\/60hz 1600w<\/td>\n<\/tr>\n<tr>\n<td>Accesorios incluidos, aspas de corte, aspas para amasar, vaporera, filtro de canasta, batidor de mariposa, esp\u00e1tula, aspa para picar, chupones de estabilidad<\/td>\n<\/tr>\n<\/table>\n","protected":false},"excerpt":{"rendered":"<p>Descubre el robot de cocina smart mirati home, tu compa\u00f1ero culinario de \u00faltima generaci\u00f3n. Este innovador dispositivo combina tecnolog\u00eda y cocina para hacer tu vida m\u00e1s f\u00e1cil y deliciosa. Con su conectividad wi-fi y aplicaci\u00f3n m\u00f3vil, tienes el control completo de tus comidas desde cualquier lugar. La pantalla t\u00e1ctil de 7 pulgadas facilita la navegaci\u00f3n a trav\u00e9s de su amplia gama de funciones. Accede a una biblioteca en la nube con m\u00e1s de 700 recetas que te inspirar\u00e1n a cocinar platos sorprendentes. Su s\u00f3lida construcci\u00f3n de acero inoxidable garantiza durabilidad y un aspecto elegante en tu cocina. Experimenta la conveniencia y versatilidad de cocinar con el robot de cocina smart mirati home. Es la herramienta perfecta para llevar tus habilidades culinarias al siguiente nivel y sorprender a tus seres queridos con deliciosos platillos.<\/p>\n","protected":false},"featured_media":243431,"comment_status":"open","ping_status":"open","template":"","meta":[],"product_cat":[2257,2259],"product_tag":[1684],"acf":[],"yoast_head":"<!-- This site is optimized with the Yoast SEO plugin v21.7 - https:\/\/yoast.com\/wordpress\/plugins\/seo\/ -->\n<title>[ Mirati ] &#129351; Srm24 Robot De Cocina Smart Home, Wifi, App Movil, Pantalla Touch 7 Pulgadas, Ms De 900 Recetas En Nube, Construccion De Acero Inoxidable, Capacidad De 4.8l, Mas De 16 Funciones Para Cocinar<\/title>\n<meta name=\"description\" content=\"Compra Srm24 Robot De Cocina Smart Home, Wifi, App Movil, Pantalla Touch 7 Pulgadas, Ms De 900 Recetas En Nube, Construccion De Acero Inoxidable, Capacidad De 4.8l, Mas De 16 Funciones Para Cocinar + Env\u00edo a domicilio + Pago seguro + Garant\u00eda\" \/>\n<meta name=\"robots\" content=\"index, follow, max-snippet:-1, max-image-preview:large, max-video-preview:-1\" \/>\n<link rel=\"canonical\" href=\"https:\/\/compuviper.mx\/tienda\/producto\/mirati-srm24-robot-de-cocina-smart-home-wifi-app-movil-pantalla-touch-7-pulgadas-ms-de-900-recetas-en-nube-construccion-de-acero-inoxidable-capacidad-de-4-8l-mas-de-16-funciones-para-cocinar\/\" \/>\n<meta property=\"og:locale\" content=\"es_MX\" \/>\n<meta property=\"og:type\" content=\"article\" \/>\n<meta property=\"og:title\" content=\"[ Mirati ] &#129351; Srm24 Robot De Cocina Smart Home, Wifi, App Movil, Pantalla Touch 7 Pulgadas, Ms De 900 Recetas En Nube, Construccion De Acero Inoxidable, Capacidad De 4.8l, Mas De 16 Funciones Para Cocinar\" \/>\n<meta property=\"og:description\" content=\"Compra Srm24 Robot De Cocina Smart Home, Wifi, App Movil, Pantalla Touch 7 Pulgadas, Ms De 900 Recetas En Nube, Construccion De Acero Inoxidable, Capacidad De 4.8l, Mas De 16 Funciones Para Cocinar + Env\u00edo a domicilio + Pago seguro + Garant\u00eda\" \/>\n<meta property=\"og:url\" content=\"https:\/\/compuviper.mx\/tienda\/producto\/mirati-srm24-robot-de-cocina-smart-home-wifi-app-movil-pantalla-touch-7-pulgadas-ms-de-900-recetas-en-nube-construccion-de-acero-inoxidable-capacidad-de-4-8l-mas-de-16-funciones-para-cocinar\/\" \/>\n<meta property=\"og:site_name\" content=\"Compuviper\" \/>\n<meta property=\"article:publisher\" content=\"https:\/\/www.facebook.com\/compuviper\" \/>\n<meta property=\"article:modified_time\" content=\"2026-04-16T08:00:00+00:00\" \/>\n<meta property=\"og:image\" content=\"https:\/\/compuviper.mx\/tienda\/wp-content\/uploads\/2024\/09\/Robot-de-cocina-smart-mirati-home-wifi-app-movil-pantalla-touch-7-pulgadas-ms-de-900-recetas-en-nube-construccion-de-acero-inoxidable-capacidad-de-4.8l-mas-de-16-funciones-para-cocinar.jpg\" \/>\n\t<meta property=\"og:image:width\" content=\"200\" \/>\n\t<meta property=\"og:image:height\" content=\"200\" \/>\n\t<meta property=\"og:image:type\" content=\"image\/jpeg\" \/>\n<meta name=\"twitter:card\" content=\"summary_large_image\" \/>\n<meta name=\"twitter:label1\" content=\"Precio\" \/>\n\t<meta name=\"twitter:data1\" content=\"&#36;5,631 &#36;4,238 con IVA\" \/>\n\t<meta name=\"twitter:label2\" content=\"Availability\" \/>\n\t<meta name=\"twitter:data2\" content=\"In stock\" \/>\n<script type=\"application\/ld+json\" class=\"yoast-schema-graph\">{\"@context\":\"https:\/\/schema.org\",\"@graph\":[{\"@type\":\"WebPage\",\"@id\":\"https:\/\/compuviper.mx\/tienda\/producto\/mirati-srm24-robot-de-cocina-smart-home-wifi-app-movil-pantalla-touch-7-pulgadas-ms-de-900-recetas-en-nube-construccion-de-acero-inoxidable-capacidad-de-4-8l-mas-de-16-funciones-para-cocinar\/\",\"url\":\"https:\/\/compuviper.mx\/tienda\/producto\/mirati-srm24-robot-de-cocina-smart-home-wifi-app-movil-pantalla-touch-7-pulgadas-ms-de-900-recetas-en-nube-construccion-de-acero-inoxidable-capacidad-de-4-8l-mas-de-16-funciones-para-cocinar\/\",\"name\":\"[ Mirati ] &#129351; Srm24 Robot De Cocina Smart Home, Wifi, App Movil, Pantalla Touch 7 Pulgadas, Ms De 900 Recetas En Nube, Construccion De Acero Inoxidable, Capacidad De 4.8l, Mas De 16 Funciones Para Cocinar\",\"isPartOf\":{\"@id\":\"https:\/\/compuviper.mx\/tienda\/#website\"},\"datePublished\":\"2026-04-16T07:59:59+00:00\",\"dateModified\":\"2026-04-16T08:00:00+00:00\",\"description\":\"Compra Srm24 Robot De Cocina Smart Home, Wifi, App Movil, Pantalla Touch 7 Pulgadas, Ms De 900 Recetas En Nube, Construccion De Acero Inoxidable, Capacidad De 4.8l, Mas De 16 Funciones Para Cocinar + Env\u00edo a domicilio + Pago seguro + Garant\u00eda\",\"breadcrumb\":{\"@id\":\"https:\/\/compuviper.mx\/tienda\/producto\/mirati-srm24-robot-de-cocina-smart-home-wifi-app-movil-pantalla-touch-7-pulgadas-ms-de-900-recetas-en-nube-construccion-de-acero-inoxidable-capacidad-de-4-8l-mas-de-16-funciones-para-cocinar\/#breadcrumb\"},\"inLanguage\":\"es-MX\",\"potentialAction\":[{\"@type\":\"ReadAction\",\"target\":[\"https:\/\/compuviper.mx\/tienda\/producto\/mirati-srm24-robot-de-cocina-smart-home-wifi-app-movil-pantalla-touch-7-pulgadas-ms-de-900-recetas-en-nube-construccion-de-acero-inoxidable-capacidad-de-4-8l-mas-de-16-funciones-para-cocinar\/\"]}]},{\"@type\":\"BreadcrumbList\",\"@id\":\"https:\/\/compuviper.mx\/tienda\/producto\/mirati-srm24-robot-de-cocina-smart-home-wifi-app-movil-pantalla-touch-7-pulgadas-ms-de-900-recetas-en-nube-construccion-de-acero-inoxidable-capacidad-de-4-8l-mas-de-16-funciones-para-cocinar\/#breadcrumb\",\"itemListElement\":[{\"@type\":\"ListItem\",\"position\":1,\"name\":\"Inicio\",\"item\":\"https:\/\/compuviper.mx\/tienda\/\"},{\"@type\":\"ListItem\",\"position\":2,\"name\":\"Productos\",\"item\":\"https:\/\/compuviper.mx\/tienda\/productos\/\"},{\"@type\":\"ListItem\",\"position\":3,\"name\":\"Electrodom?sticos\",\"item\":\"https:\/\/compuviper.mx\/tienda\/categoria-producto\/electrodomsticos\/\"},{\"@type\":\"ListItem\",\"position\":4,\"name\":\"Sin Categor\u00eda\",\"item\":\"https:\/\/compuviper.mx\/tienda\/categoria-producto\/electrodomsticos\/sin-categoria-electrodomsticos\/\"},{\"@type\":\"ListItem\",\"position\":5,\"name\":\"Mirati Srm24 Robot De Cocina Smart Home, Wifi, App Movil, Pantalla Touch 7 Pulgadas, Ms De 900 Recetas En Nube, Construccion De Acero Inoxidable, Capacidad De 4.8l, Mas De 16 Funciones Para Cocinar\"}]},{\"@type\":\"WebSite\",\"@id\":\"https:\/\/compuviper.mx\/tienda\/#website\",\"url\":\"https:\/\/compuviper.mx\/tienda\/\",\"name\":\"Compuviper\",\"description\":\"Proveedor de Computadoras, Laptops, Servidores, Monitores, Puntos de Venta, Teclados,   Impresoras, T\u00f3ner, C\u00e1maras de Seguridad y m\u00e1s en tu tienda en l\u00ednea\",\"publisher\":{\"@id\":\"https:\/\/compuviper.mx\/tienda\/#organization\"},\"potentialAction\":[{\"@type\":\"SearchAction\",\"target\":{\"@type\":\"EntryPoint\",\"urlTemplate\":\"https:\/\/compuviper.mx\/tienda\/?s={search_term_string}\"},\"query-input\":\"required name=search_term_string\"}],\"inLanguage\":\"es-MX\"},{\"@type\":\"Organization\",\"@id\":\"https:\/\/compuviper.mx\/tienda\/#organization\",\"name\":\"Compuviper\",\"url\":\"https:\/\/compuviper.mx\/tienda\/\",\"logo\":{\"@type\":\"ImageObject\",\"inLanguage\":\"es-MX\",\"@id\":\"https:\/\/compuviper.mx\/tienda\/#\/schema\/logo\/image\/\",\"url\":\"https:\/\/compuviper.mx\/tienda\/wp-content\/uploads\/2021\/08\/Logo-Compuviper-10.png\",\"contentUrl\":\"https:\/\/compuviper.mx\/tienda\/wp-content\/uploads\/2021\/08\/Logo-Compuviper-10.png\",\"width\":1000,\"height\":500,\"caption\":\"Compuviper\"},\"image\":{\"@id\":\"https:\/\/compuviper.mx\/tienda\/#\/schema\/logo\/image\/\"},\"sameAs\":[\"https:\/\/www.facebook.com\/compuviper\",\"https:\/\/www.youtube.com\/channel\/UCf73dERp9Y3cfOq7q8BhLjA?view_as=subscriber\"]}]}<\/script>\n<meta property=\"product:brand\" content=\"MIRATI\" \/>\n<meta property=\"product:price:amount\" content=\"4238\" \/>\n<meta property=\"product:price:currency\" content=\"MXN\" \/>\n<meta property=\"og:availability\" content=\"instock\" \/>\n<meta property=\"product:availability\" content=\"instock\" \/>\n<meta property=\"product:retailer_item_id\" content=\"SRM24\" \/>\n<meta property=\"product:condition\" content=\"new\" \/>\n<!-- \/ Yoast SEO plugin. -->","yoast_head_json":{"title":"[ Mirati ] &#129351; Srm24 Robot De Cocina Smart Home, Wifi, App Movil, Pantalla Touch 7 Pulgadas, Ms De 900 Recetas En Nube, Construccion De Acero Inoxidable, Capacidad De 4.8l, Mas De 16 Funciones Para Cocinar","description":"Compra Srm24 Robot De Cocina Smart Home, Wifi, App Movil, Pantalla Touch 7 Pulgadas, Ms De 900 Recetas En Nube, Construccion De Acero Inoxidable, Capacidad De 4.8l, Mas De 16 Funciones Para Cocinar + Env\u00edo a domicilio + Pago seguro + Garant\u00eda","robots":{"index":"index","follow":"follow","max-snippet":"max-snippet:-1","max-image-preview":"max-image-preview:large","max-video-preview":"max-video-preview:-1"},"canonical":"https:\/\/compuviper.mx\/tienda\/producto\/mirati-srm24-robot-de-cocina-smart-home-wifi-app-movil-pantalla-touch-7-pulgadas-ms-de-900-recetas-en-nube-construccion-de-acero-inoxidable-capacidad-de-4-8l-mas-de-16-funciones-para-cocinar\/","og_locale":"es_MX","og_type":"article","og_title":"[ Mirati ] &#129351; Srm24 Robot De Cocina Smart Home, Wifi, App Movil, Pantalla Touch 7 Pulgadas, Ms De 900 Recetas En Nube, Construccion De Acero Inoxidable, Capacidad De 4.8l, Mas De 16 Funciones Para Cocinar","og_description":"Compra Srm24 Robot De Cocina Smart Home, Wifi, App Movil, Pantalla Touch 7 Pulgadas, Ms De 900 Recetas En Nube, Construccion De Acero Inoxidable, Capacidad De 4.8l, Mas De 16 Funciones Para Cocinar + Env\u00edo a domicilio + Pago seguro + Garant\u00eda","og_url":"https:\/\/compuviper.mx\/tienda\/producto\/mirati-srm24-robot-de-cocina-smart-home-wifi-app-movil-pantalla-touch-7-pulgadas-ms-de-900-recetas-en-nube-construccion-de-acero-inoxidable-capacidad-de-4-8l-mas-de-16-funciones-para-cocinar\/","og_site_name":"Compuviper","article_publisher":"https:\/\/www.facebook.com\/compuviper","article_modified_time":"2026-04-16T08:00:00+00:00","og_image":[{"width":200,"height":200,"url":"https:\/\/compuviper.mx\/tienda\/wp-content\/uploads\/2024\/09\/Robot-de-cocina-smart-mirati-home-wifi-app-movil-pantalla-touch-7-pulgadas-ms-de-900-recetas-en-nube-construccion-de-acero-inoxidable-capacidad-de-4.8l-mas-de-16-funciones-para-cocinar.jpg","type":"image\/jpeg"}],"twitter_card":"summary_large_image","twitter_misc":{"Precio":"&#36;5,631 &#36;4,238 con IVA","Availability":"In stock"},"schema":{"@context":"https:\/\/schema.org","@graph":[{"@type":"WebPage","@id":"https:\/\/compuviper.mx\/tienda\/producto\/mirati-srm24-robot-de-cocina-smart-home-wifi-app-movil-pantalla-touch-7-pulgadas-ms-de-900-recetas-en-nube-construccion-de-acero-inoxidable-capacidad-de-4-8l-mas-de-16-funciones-para-cocinar\/","url":"https:\/\/compuviper.mx\/tienda\/producto\/mirati-srm24-robot-de-cocina-smart-home-wifi-app-movil-pantalla-touch-7-pulgadas-ms-de-900-recetas-en-nube-construccion-de-acero-inoxidable-capacidad-de-4-8l-mas-de-16-funciones-para-cocinar\/","name":"[ Mirati ] &#129351; Srm24 Robot De Cocina Smart Home, Wifi, App Movil, Pantalla Touch 7 Pulgadas, Ms De 900 Recetas En Nube, Construccion De Acero Inoxidable, Capacidad De 4.8l, Mas De 16 Funciones Para Cocinar","isPartOf":{"@id":"https:\/\/compuviper.mx\/tienda\/#website"},"datePublished":"2026-04-16T07:59:59+00:00","dateModified":"2026-04-16T08:00:00+00:00","description":"Compra Srm24 Robot De Cocina Smart Home, Wifi, App Movil, Pantalla Touch 7 Pulgadas, Ms De 900 Recetas En Nube, Construccion De Acero Inoxidable, Capacidad De 4.8l, Mas De 16 Funciones Para Cocinar + Env\u00edo a domicilio + Pago seguro + Garant\u00eda","breadcrumb":{"@id":"https:\/\/compuviper.mx\/tienda\/producto\/mirati-srm24-robot-de-cocina-smart-home-wifi-app-movil-pantalla-touch-7-pulgadas-ms-de-900-recetas-en-nube-construccion-de-acero-inoxidable-capacidad-de-4-8l-mas-de-16-funciones-para-cocinar\/#breadcrumb"},"inLanguage":"es-MX","potentialAction":[{"@type":"ReadAction","target":["https:\/\/compuviper.mx\/tienda\/producto\/mirati-srm24-robot-de-cocina-smart-home-wifi-app-movil-pantalla-touch-7-pulgadas-ms-de-900-recetas-en-nube-construccion-de-acero-inoxidable-capacidad-de-4-8l-mas-de-16-funciones-para-cocinar\/"]}]},{"@type":"BreadcrumbList","@id":"https:\/\/compuviper.mx\/tienda\/producto\/mirati-srm24-robot-de-cocina-smart-home-wifi-app-movil-pantalla-touch-7-pulgadas-ms-de-900-recetas-en-nube-construccion-de-acero-inoxidable-capacidad-de-4-8l-mas-de-16-funciones-para-cocinar\/#breadcrumb","itemListElement":[{"@type":"ListItem","position":1,"name":"Inicio","item":"https:\/\/compuviper.mx\/tienda\/"},{"@type":"ListItem","position":2,"name":"Productos","item":"https:\/\/compuviper.mx\/tienda\/productos\/"},{"@type":"ListItem","position":3,"name":"Electrodom?sticos","item":"https:\/\/compuviper.mx\/tienda\/categoria-producto\/electrodomsticos\/"},{"@type":"ListItem","position":4,"name":"Sin Categor\u00eda","item":"https:\/\/compuviper.mx\/tienda\/categoria-producto\/electrodomsticos\/sin-categoria-electrodomsticos\/"},{"@type":"ListItem","position":5,"name":"Mirati Srm24 Robot De Cocina Smart Home, Wifi, App Movil, Pantalla Touch 7 Pulgadas, Ms De 900 Recetas En Nube, Construccion De Acero Inoxidable, Capacidad De 4.8l, Mas De 16 Funciones Para Cocinar"}]},{"@type":"WebSite","@id":"https:\/\/compuviper.mx\/tienda\/#website","url":"https:\/\/compuviper.mx\/tienda\/","name":"Compuviper","description":"Proveedor de Computadoras, Laptops, Servidores, Monitores, Puntos de Venta, Teclados,   Impresoras, T\u00f3ner, C\u00e1maras de Seguridad y m\u00e1s en tu tienda en l\u00ednea","publisher":{"@id":"https:\/\/compuviper.mx\/tienda\/#organization"},"potentialAction":[{"@type":"SearchAction","target":{"@type":"EntryPoint","urlTemplate":"https:\/\/compuviper.mx\/tienda\/?s={search_term_string}"},"query-input":"required name=search_term_string"}],"inLanguage":"es-MX"},{"@type":"Organization","@id":"https:\/\/compuviper.mx\/tienda\/#organization","name":"Compuviper","url":"https:\/\/compuviper.mx\/tienda\/","logo":{"@type":"ImageObject","inLanguage":"es-MX","@id":"https:\/\/compuviper.mx\/tienda\/#\/schema\/logo\/image\/","url":"https:\/\/compuviper.mx\/tienda\/wp-content\/uploads\/2021\/08\/Logo-Compuviper-10.png","contentUrl":"https:\/\/compuviper.mx\/tienda\/wp-content\/uploads\/2021\/08\/Logo-Compuviper-10.png","width":1000,"height":500,"caption":"Compuviper"},"image":{"@id":"https:\/\/compuviper.mx\/tienda\/#\/schema\/logo\/image\/"},"sameAs":["https:\/\/www.facebook.com\/compuviper","https:\/\/www.youtube.com\/channel\/UCf73dERp9Y3cfOq7q8BhLjA?view_as=subscriber"]}]},"product_brand":"MIRATI","product_price_amount":"4238","product_price_currency":"MXN","og_availability":"instock","product_availability":"instock","product_retailer_item_id":"SRM24","product_condition":"new"},"_links":{"self":[{"href":"https:\/\/compuviper.mx\/tienda\/wp-json\/wp\/v2\/product\/238737"}],"collection":[{"href":"https:\/\/compuviper.mx\/tienda\/wp-json\/wp\/v2\/product"}],"about":[{"href":"https:\/\/compuviper.mx\/tienda\/wp-json\/wp\/v2\/types\/product"}],"replies":[{"embeddable":true,"href":"https:\/\/compuviper.mx\/tienda\/wp-json\/wp\/v2\/comments?post=238737"}],"wp:featuredmedia":[{"embeddable":true,"href":"https:\/\/compuviper.mx\/tienda\/wp-json\/wp\/v2\/media\/243431"}],"wp:attachment":[{"href":"https:\/\/compuviper.mx\/tienda\/wp-json\/wp\/v2\/media?parent=238737"}],"wp:term":[{"taxonomy":"product_cat","embeddable":true,"href":"https:\/\/compuviper.mx\/tienda\/wp-json\/wp\/v2\/product_cat?post=238737"},{"taxonomy":"product_tag","embeddable":true,"href":"https:\/\/compuviper.mx\/tienda\/wp-json\/wp\/v2\/product_tag?post=238737"}],"curies":[{"name":"wp","href":"https:\/\/api.w.org\/{rel}","templated":true}]}}