{"id":238615,"date":"2026-05-01T23:20:01","date_gmt":"2026-05-02T05:20:01","guid":{"rendered":"https:\/\/compuviper.mx\/tienda\/producto\/adata-ahd710p-2tu31-crd-disco-duro-externo-hd710p-2tb-portatil-2-5-usb-3-2-rojo-windows-mac-linux-contragolpes\/"},"modified":"2026-05-01T23:20:01","modified_gmt":"2026-05-02T05:20:01","slug":"adata-ahd710p-2tu31-crd-disco-duro-externo-hd710p-2tb-portatil-2-5-usb-3-2-windows-mac-linux-contragolpes-color-rojo","status":"publish","type":"product","link":"https:\/\/compuviper.mx\/tienda\/producto\/adata-ahd710p-2tu31-crd-disco-duro-externo-hd710p-2tb-portatil-2-5-usb-3-2-windows-mac-linux-contragolpes-color-rojo\/","title":{"rendered":"Adata Ahd710p-2tu31-crd Disco Duro Externo  Hd710p 2tb Portatil 2.5 Usb 3.2 Windows Mac Linux Contragolpes Color Rojo"},"content":{"rendered":"<table class=\"descripcion\">\n<tr>\n<td>Capacidad 2tb<\/td>\n<\/tr>\n<tr>\n<td>Color rojo<\/td>\n<\/tr>\n<tr>\n<td>Dimensiones (l x an x al) 133,3 x 98,5 x 26,7mm\/5,2 x 3,8 x 1,01 (2tb)<\/td>\n<\/tr>\n<tr>\n<td>Peso 390g \/ 13,7oz (2tb)<\/td>\n<\/tr>\n<tr>\n<td>Interfaz usb 3.2 (compatible con usb 2.0)<\/td>\n<\/tr>\n<tr>\n<td>Textura plastico \/ caucho<\/td>\n<\/tr>\n<tr>\n<td>Temperatura de operacion 5\u009650\u00b0c \/ 41\u0096121\u00b0f<\/td>\n<\/tr>\n<tr>\n<td>Voltaje de operacion dc 5v, 900ma<\/td>\n<\/tr>\n<tr>\n<td>Requisitos del sistema windows xp \/ vista \/ 7 \/ 8 \/ 8.1 \/ 10 mac os x 10.6 o posterior linux kernel 2.6 o posterior<\/td>\n<\/tr>\n<tr>\n<td>Accesorios cable usb 3.2, guia de instalacion rapida<\/td>\n<\/tr>\n<tr>\n<td>Garantia 3 a\u00f1os<\/td>\n<\/tr>\n<tr>\n<td>Nota 1. software gratuito hddtogo solo compatible con windows.<\/td>\n<\/tr>\n<tr>\n<td>2. la compatibilidad con dispositivos host espec\u00edficos puede variar y podr\u00eda verse afectada por el entorno del sistema.<\/td>\n<\/tr>\n<tr>\n<td>3. para realizar la conexi\u00f3n a trav\u00e9s de usb 2.0 es necesario enchufar a dos puertos usb para proporcionar energ\u00eda suficiente. se necesitar\u00e1 un cable usb en forma de y.<\/td>\n<\/tr>\n<tr>\n<td>4. tenga en cuenta que usb 3.0, usb 3.1 gen1 y usb 3.2 gen1 son, de hecho, las mismas especificaciones y ofrecen las mismas capacidades de rendimiento. el foro de implementadores de usb (usb-if) recientemente cambi\u00f3 el nombre de usb 3.1 gen1 a usb 3.2 gen1. para obtener m\u00e1s informaci\u00f3n sobre el cambio, visite el sitio web de usb-if en www.usb.org.<\/td>\n<\/tr>\n<tr>\n<td>Las clasificaciones a prueba de polvo y agua de hd710 pro solo se aplican cuando la tapa del puerto usb est\u00e1 firmemente cerrada.<\/td>\n<\/tr>\n<\/table>\n","protected":false},"excerpt":{"rendered":"<p>El hd710 pro supera la durabilidad de los discos duros externos. Lo probamos m\u00e1s all\u00e1 de los est\u00e1ndares de polvo e impermeabilidad ip68, adem\u00e1s de asegurarnos de que pasa la prueba contra impactos de grado militar con una construcci\u00f3n con protecci\u00f3n de triple capa. Este maestro de la supervivencia de almacenamiento es su aliado para mantener el contenido seguro cuando est\u00e1 buceando, de senderismo, ciclismo o simplemente si da un paseo. El hd710 pro se prueba durante 60 minutos a 2 metros bajo agua &#8211; \u00a1eso supera los requisitos iec ipx8! \u00bfpreparado para bucear. *la protecci\u00f3n del agua se aplica completamente cuando la tapa del puerto usb est\u00e1 bien cerrada. Soporta impactos, ca\u00eddas y vibraciones gracias a su construcci\u00f3n de triple capa extra resistente. Lo probamos hasta el nivel del ej\u00e9rcito estadounidense mil-std-810g 516.6, lo que significa que puede soportar f\u00e1cilmente ca\u00eddas de 1,5 metros de altura. Los datos est\u00e1n seguros, pudiendo as\u00ed salir y realizar m\u00e1s actividades y desaf\u00edos.<\/p>\n","protected":false},"featured_media":238616,"comment_status":"open","ping_status":"open","template":"","meta":[],"product_cat":[1703,1704],"product_tag":[1539],"acf":[],"yoast_head":"<!-- This site is optimized with the Yoast SEO plugin v21.7 - https:\/\/yoast.com\/wordpress\/plugins\/seo\/ -->\n<title>[ Adata ] &#129351; Ahd710p-2tu31-crd Disco Duro Externo Hd710p 2tb Portatil 2.5 Usb 3.2 Windows Mac Linux Contragolpes Color Rojo<\/title>\n<meta name=\"description\" content=\"Compra Ahd710p-2tu31-crd Disco Duro Externo Hd710p 2tb Portatil 2.5 Usb 3.2 Windows Mac Linux Contragolpes Color Rojo + Env\u00edo a domicilio + Pago seguro + Garant\u00eda\" \/>\n<meta name=\"robots\" content=\"index, follow, max-snippet:-1, max-image-preview:large, max-video-preview:-1\" \/>\n<link rel=\"canonical\" href=\"https:\/\/compuviper.mx\/tienda\/producto\/adata-ahd710p-2tu31-crd-disco-duro-externo-hd710p-2tb-portatil-2-5-usb-3-2-windows-mac-linux-contragolpes-color-rojo\/\" \/>\n<meta property=\"og:locale\" content=\"es_MX\" \/>\n<meta property=\"og:type\" content=\"article\" \/>\n<meta property=\"og:title\" content=\"[ Adata ] &#129351; Ahd710p-2tu31-crd Disco Duro Externo Hd710p 2tb Portatil 2.5 Usb 3.2 Windows Mac Linux Contragolpes Color Rojo\" \/>\n<meta property=\"og:description\" content=\"Compra Ahd710p-2tu31-crd Disco Duro Externo Hd710p 2tb Portatil 2.5 Usb 3.2 Windows Mac Linux Contragolpes Color Rojo + Env\u00edo a domicilio + Pago seguro + Garant\u00eda\" \/>\n<meta property=\"og:url\" content=\"https:\/\/compuviper.mx\/tienda\/producto\/adata-ahd710p-2tu31-crd-disco-duro-externo-hd710p-2tb-portatil-2-5-usb-3-2-windows-mac-linux-contragolpes-color-rojo\/\" \/>\n<meta property=\"og:site_name\" content=\"Compuviper\" \/>\n<meta property=\"article:publisher\" content=\"https:\/\/www.facebook.com\/compuviper\" \/>\n<meta property=\"og:image\" content=\"https:\/\/compuviper.mx\/tienda\/wp-content\/uploads\/2024\/07\/Disco-duro-externo-adata-hd710p-2tb-portatil-2.5-usb-3.2-rojo-windows-mac-linux-contragolpes-ahd710p-2tu31-crd.jpg\" \/>\n\t<meta property=\"og:image:width\" content=\"200\" \/>\n\t<meta property=\"og:image:height\" content=\"200\" \/>\n\t<meta property=\"og:image:type\" content=\"image\/jpeg\" \/>\n<meta name=\"twitter:card\" content=\"summary_large_image\" \/>\n<meta name=\"twitter:label1\" content=\"Precio\" \/>\n\t<meta name=\"twitter:data1\" content=\"&#36;1,669 &#36;1,640 con IVA\" \/>\n\t<meta name=\"twitter:label2\" content=\"Availability\" \/>\n\t<meta name=\"twitter:data2\" content=\"In stock\" \/>\n<script type=\"application\/ld+json\" class=\"yoast-schema-graph\">{\"@context\":\"https:\/\/schema.org\",\"@graph\":[{\"@type\":\"WebPage\",\"@id\":\"https:\/\/compuviper.mx\/tienda\/producto\/adata-ahd710p-2tu31-crd-disco-duro-externo-hd710p-2tb-portatil-2-5-usb-3-2-windows-mac-linux-contragolpes-color-rojo\/\",\"url\":\"https:\/\/compuviper.mx\/tienda\/producto\/adata-ahd710p-2tu31-crd-disco-duro-externo-hd710p-2tb-portatil-2-5-usb-3-2-windows-mac-linux-contragolpes-color-rojo\/\",\"name\":\"[ Adata ] &#129351; Ahd710p-2tu31-crd Disco Duro Externo Hd710p 2tb Portatil 2.5 Usb 3.2 Windows Mac Linux Contragolpes Color Rojo\",\"isPartOf\":{\"@id\":\"https:\/\/compuviper.mx\/tienda\/#website\"},\"datePublished\":\"2026-05-02T05:20:01+00:00\",\"dateModified\":\"2026-05-02T05:20:01+00:00\",\"description\":\"Compra Ahd710p-2tu31-crd Disco Duro Externo Hd710p 2tb Portatil 2.5 Usb 3.2 Windows Mac Linux Contragolpes Color Rojo + Env\u00edo a domicilio + Pago seguro + Garant\u00eda\",\"breadcrumb\":{\"@id\":\"https:\/\/compuviper.mx\/tienda\/producto\/adata-ahd710p-2tu31-crd-disco-duro-externo-hd710p-2tb-portatil-2-5-usb-3-2-windows-mac-linux-contragolpes-color-rojo\/#breadcrumb\"},\"inLanguage\":\"es-MX\",\"potentialAction\":[{\"@type\":\"ReadAction\",\"target\":[\"https:\/\/compuviper.mx\/tienda\/producto\/adata-ahd710p-2tu31-crd-disco-duro-externo-hd710p-2tb-portatil-2-5-usb-3-2-windows-mac-linux-contragolpes-color-rojo\/\"]}]},{\"@type\":\"BreadcrumbList\",\"@id\":\"https:\/\/compuviper.mx\/tienda\/producto\/adata-ahd710p-2tu31-crd-disco-duro-externo-hd710p-2tb-portatil-2-5-usb-3-2-windows-mac-linux-contragolpes-color-rojo\/#breadcrumb\",\"itemListElement\":[{\"@type\":\"ListItem\",\"position\":1,\"name\":\"Inicio\",\"item\":\"https:\/\/compuviper.mx\/tienda\/\"},{\"@type\":\"ListItem\",\"position\":2,\"name\":\"Productos\",\"item\":\"https:\/\/compuviper.mx\/tienda\/productos\/\"},{\"@type\":\"ListItem\",\"position\":3,\"name\":\"Discos Duros\",\"item\":\"https:\/\/compuviper.mx\/tienda\/categoria-producto\/discos-duros\/\"},{\"@type\":\"ListItem\",\"position\":4,\"name\":\"Sin Categor\u00eda\",\"item\":\"https:\/\/compuviper.mx\/tienda\/categoria-producto\/discos-duros\/sin-categoria-discos-duros\/\"},{\"@type\":\"ListItem\",\"position\":5,\"name\":\"Adata Ahd710p-2tu31-crd Disco Duro Externo Hd710p 2tb Portatil 2.5 Usb 3.2 Windows Mac Linux Contragolpes Color Rojo\"}]},{\"@type\":\"WebSite\",\"@id\":\"https:\/\/compuviper.mx\/tienda\/#website\",\"url\":\"https:\/\/compuviper.mx\/tienda\/\",\"name\":\"Compuviper\",\"description\":\"Proveedor de Computadoras, Laptops, Servidores, Monitores, Puntos de Venta, Teclados,   Impresoras, T\u00f3ner, C\u00e1maras de Seguridad y m\u00e1s en tu tienda en l\u00ednea\",\"publisher\":{\"@id\":\"https:\/\/compuviper.mx\/tienda\/#organization\"},\"potentialAction\":[{\"@type\":\"SearchAction\",\"target\":{\"@type\":\"EntryPoint\",\"urlTemplate\":\"https:\/\/compuviper.mx\/tienda\/?s={search_term_string}\"},\"query-input\":\"required name=search_term_string\"}],\"inLanguage\":\"es-MX\"},{\"@type\":\"Organization\",\"@id\":\"https:\/\/compuviper.mx\/tienda\/#organization\",\"name\":\"Compuviper\",\"url\":\"https:\/\/compuviper.mx\/tienda\/\",\"logo\":{\"@type\":\"ImageObject\",\"inLanguage\":\"es-MX\",\"@id\":\"https:\/\/compuviper.mx\/tienda\/#\/schema\/logo\/image\/\",\"url\":\"https:\/\/compuviper.mx\/tienda\/wp-content\/uploads\/2021\/08\/Logo-Compuviper-10.png\",\"contentUrl\":\"https:\/\/compuviper.mx\/tienda\/wp-content\/uploads\/2021\/08\/Logo-Compuviper-10.png\",\"width\":1000,\"height\":500,\"caption\":\"Compuviper\"},\"image\":{\"@id\":\"https:\/\/compuviper.mx\/tienda\/#\/schema\/logo\/image\/\"},\"sameAs\":[\"https:\/\/www.facebook.com\/compuviper\",\"https:\/\/www.youtube.com\/channel\/UCf73dERp9Y3cfOq7q8BhLjA?view_as=subscriber\"]}]}<\/script>\n<meta property=\"product:brand\" content=\"ADATA\" \/>\n<meta property=\"product:price:amount\" content=\"1640\" \/>\n<meta property=\"product:price:currency\" content=\"MXN\" \/>\n<meta property=\"og:availability\" content=\"instock\" \/>\n<meta property=\"product:availability\" content=\"instock\" \/>\n<meta property=\"product:retailer_item_id\" content=\"AHD710P-2TU31-CRD\" \/>\n<meta property=\"product:condition\" content=\"new\" \/>\n<!-- \/ Yoast SEO plugin. -->","yoast_head_json":{"title":"[ Adata ] &#129351; Ahd710p-2tu31-crd Disco Duro Externo Hd710p 2tb Portatil 2.5 Usb 3.2 Windows Mac Linux Contragolpes Color Rojo","description":"Compra Ahd710p-2tu31-crd Disco Duro Externo Hd710p 2tb Portatil 2.5 Usb 3.2 Windows Mac Linux Contragolpes Color Rojo + Env\u00edo a domicilio + Pago seguro + Garant\u00eda","robots":{"index":"index","follow":"follow","max-snippet":"max-snippet:-1","max-image-preview":"max-image-preview:large","max-video-preview":"max-video-preview:-1"},"canonical":"https:\/\/compuviper.mx\/tienda\/producto\/adata-ahd710p-2tu31-crd-disco-duro-externo-hd710p-2tb-portatil-2-5-usb-3-2-windows-mac-linux-contragolpes-color-rojo\/","og_locale":"es_MX","og_type":"article","og_title":"[ Adata ] &#129351; Ahd710p-2tu31-crd Disco Duro Externo Hd710p 2tb Portatil 2.5 Usb 3.2 Windows Mac Linux Contragolpes Color Rojo","og_description":"Compra Ahd710p-2tu31-crd Disco Duro Externo Hd710p 2tb Portatil 2.5 Usb 3.2 Windows Mac Linux Contragolpes Color Rojo + Env\u00edo a domicilio + Pago seguro + Garant\u00eda","og_url":"https:\/\/compuviper.mx\/tienda\/producto\/adata-ahd710p-2tu31-crd-disco-duro-externo-hd710p-2tb-portatil-2-5-usb-3-2-windows-mac-linux-contragolpes-color-rojo\/","og_site_name":"Compuviper","article_publisher":"https:\/\/www.facebook.com\/compuviper","og_image":[{"width":200,"height":200,"url":"https:\/\/compuviper.mx\/tienda\/wp-content\/uploads\/2024\/07\/Disco-duro-externo-adata-hd710p-2tb-portatil-2.5-usb-3.2-rojo-windows-mac-linux-contragolpes-ahd710p-2tu31-crd.jpg","type":"image\/jpeg"}],"twitter_card":"summary_large_image","twitter_misc":{"Precio":"&#36;1,669 &#36;1,640 con IVA","Availability":"In stock"},"schema":{"@context":"https:\/\/schema.org","@graph":[{"@type":"WebPage","@id":"https:\/\/compuviper.mx\/tienda\/producto\/adata-ahd710p-2tu31-crd-disco-duro-externo-hd710p-2tb-portatil-2-5-usb-3-2-windows-mac-linux-contragolpes-color-rojo\/","url":"https:\/\/compuviper.mx\/tienda\/producto\/adata-ahd710p-2tu31-crd-disco-duro-externo-hd710p-2tb-portatil-2-5-usb-3-2-windows-mac-linux-contragolpes-color-rojo\/","name":"[ Adata ] &#129351; Ahd710p-2tu31-crd Disco Duro Externo Hd710p 2tb Portatil 2.5 Usb 3.2 Windows Mac Linux Contragolpes Color Rojo","isPartOf":{"@id":"https:\/\/compuviper.mx\/tienda\/#website"},"datePublished":"2026-05-02T05:20:01+00:00","dateModified":"2026-05-02T05:20:01+00:00","description":"Compra Ahd710p-2tu31-crd Disco Duro Externo Hd710p 2tb Portatil 2.5 Usb 3.2 Windows Mac Linux Contragolpes Color Rojo + Env\u00edo a domicilio + Pago seguro + Garant\u00eda","breadcrumb":{"@id":"https:\/\/compuviper.mx\/tienda\/producto\/adata-ahd710p-2tu31-crd-disco-duro-externo-hd710p-2tb-portatil-2-5-usb-3-2-windows-mac-linux-contragolpes-color-rojo\/#breadcrumb"},"inLanguage":"es-MX","potentialAction":[{"@type":"ReadAction","target":["https:\/\/compuviper.mx\/tienda\/producto\/adata-ahd710p-2tu31-crd-disco-duro-externo-hd710p-2tb-portatil-2-5-usb-3-2-windows-mac-linux-contragolpes-color-rojo\/"]}]},{"@type":"BreadcrumbList","@id":"https:\/\/compuviper.mx\/tienda\/producto\/adata-ahd710p-2tu31-crd-disco-duro-externo-hd710p-2tb-portatil-2-5-usb-3-2-windows-mac-linux-contragolpes-color-rojo\/#breadcrumb","itemListElement":[{"@type":"ListItem","position":1,"name":"Inicio","item":"https:\/\/compuviper.mx\/tienda\/"},{"@type":"ListItem","position":2,"name":"Productos","item":"https:\/\/compuviper.mx\/tienda\/productos\/"},{"@type":"ListItem","position":3,"name":"Discos Duros","item":"https:\/\/compuviper.mx\/tienda\/categoria-producto\/discos-duros\/"},{"@type":"ListItem","position":4,"name":"Sin Categor\u00eda","item":"https:\/\/compuviper.mx\/tienda\/categoria-producto\/discos-duros\/sin-categoria-discos-duros\/"},{"@type":"ListItem","position":5,"name":"Adata Ahd710p-2tu31-crd Disco Duro Externo Hd710p 2tb Portatil 2.5 Usb 3.2 Windows Mac Linux Contragolpes Color Rojo"}]},{"@type":"WebSite","@id":"https:\/\/compuviper.mx\/tienda\/#website","url":"https:\/\/compuviper.mx\/tienda\/","name":"Compuviper","description":"Proveedor de Computadoras, Laptops, Servidores, Monitores, Puntos de Venta, Teclados,   Impresoras, T\u00f3ner, C\u00e1maras de Seguridad y m\u00e1s en tu tienda en l\u00ednea","publisher":{"@id":"https:\/\/compuviper.mx\/tienda\/#organization"},"potentialAction":[{"@type":"SearchAction","target":{"@type":"EntryPoint","urlTemplate":"https:\/\/compuviper.mx\/tienda\/?s={search_term_string}"},"query-input":"required name=search_term_string"}],"inLanguage":"es-MX"},{"@type":"Organization","@id":"https:\/\/compuviper.mx\/tienda\/#organization","name":"Compuviper","url":"https:\/\/compuviper.mx\/tienda\/","logo":{"@type":"ImageObject","inLanguage":"es-MX","@id":"https:\/\/compuviper.mx\/tienda\/#\/schema\/logo\/image\/","url":"https:\/\/compuviper.mx\/tienda\/wp-content\/uploads\/2021\/08\/Logo-Compuviper-10.png","contentUrl":"https:\/\/compuviper.mx\/tienda\/wp-content\/uploads\/2021\/08\/Logo-Compuviper-10.png","width":1000,"height":500,"caption":"Compuviper"},"image":{"@id":"https:\/\/compuviper.mx\/tienda\/#\/schema\/logo\/image\/"},"sameAs":["https:\/\/www.facebook.com\/compuviper","https:\/\/www.youtube.com\/channel\/UCf73dERp9Y3cfOq7q8BhLjA?view_as=subscriber"]}]},"product_brand":"ADATA","product_price_amount":"1640","product_price_currency":"MXN","og_availability":"instock","product_availability":"instock","product_retailer_item_id":"AHD710P-2TU31-CRD","product_condition":"new"},"_links":{"self":[{"href":"https:\/\/compuviper.mx\/tienda\/wp-json\/wp\/v2\/product\/238615"}],"collection":[{"href":"https:\/\/compuviper.mx\/tienda\/wp-json\/wp\/v2\/product"}],"about":[{"href":"https:\/\/compuviper.mx\/tienda\/wp-json\/wp\/v2\/types\/product"}],"replies":[{"embeddable":true,"href":"https:\/\/compuviper.mx\/tienda\/wp-json\/wp\/v2\/comments?post=238615"}],"wp:featuredmedia":[{"embeddable":true,"href":"https:\/\/compuviper.mx\/tienda\/wp-json\/wp\/v2\/media\/238616"}],"wp:attachment":[{"href":"https:\/\/compuviper.mx\/tienda\/wp-json\/wp\/v2\/media?parent=238615"}],"wp:term":[{"taxonomy":"product_cat","embeddable":true,"href":"https:\/\/compuviper.mx\/tienda\/wp-json\/wp\/v2\/product_cat?post=238615"},{"taxonomy":"product_tag","embeddable":true,"href":"https:\/\/compuviper.mx\/tienda\/wp-json\/wp\/v2\/product_tag?post=238615"}],"curies":[{"name":"wp","href":"https:\/\/api.w.org\/{rel}","templated":true}]}}