{"id":238501,"date":"2026-04-11T01:59:21","date_gmt":"2026-04-11T07:59:21","guid":{"rendered":"https:\/\/compuviper.mx\/tienda\/producto\/hewlett-packard-enterprise-p65395-b21-hpe-servidor-proliant-dl20-gen11-e-2434-3-4-ghz-4-ncleos-1p-16-gb-u-4-sff-fuente-de-500-w\/"},"modified":"2026-04-11T01:59:21","modified_gmt":"2026-04-11T07:59:21","slug":"hewlett-packard-enterprise-p65395-b21-hpe-servidor-proliant-dl20-gen11-e-2434-3-4-ghz-4-ncleos-1p-16-gb-u-4-sff-fuente-de-500-w","status":"publish","type":"product","link":"https:\/\/compuviper.mx\/tienda\/producto\/hewlett-packard-enterprise-p65395-b21-hpe-servidor-proliant-dl20-gen11-e-2434-3-4-ghz-4-ncleos-1p-16-gb-u-4-sff-fuente-de-500-w\/","title":{"rendered":"Hewlett Packard Enterprise P65395-b21 Hpe Servidor Proliant Dl20 Gen11 E-2434 3.4 Ghz 4 N?cleos 1p 16 Gb-u 4 Sff Fuente De 500 W"},"content":{"rendered":"<table class=\"descripcion\">\n<tr>\n<td>N\u00famero de procesador<\/td>\n<\/tr>\n<tr>\n<td>1 procesador incluido<\/td>\n<\/tr>\n<tr>\n<td>N\u00facleo de procesador disponible<\/td>\n<\/tr>\n<tr>\n<td>4 n\u00facleos<\/td>\n<\/tr>\n<tr>\n<td>Cach\u00e9 de procesador<\/td>\n<\/tr>\n<tr>\n<td>Intel\u00ae smart cache de 12 mb<\/td>\n<\/tr>\n<tr>\n<td>Velocidad del procesador<\/td>\n<\/tr>\n<tr>\n<td>3,40 ghz<\/td>\n<\/tr>\n<tr>\n<td>Tipo de fuente de alimentaci\u00f3n<\/td>\n<\/tr>\n<tr>\n<td>1 kit de fuente de alimentaci\u00f3n hpe platinum hot-plug con ranura flexible y bajo contenido en hal\u00f3genos de 500 w<\/td>\n<\/tr>\n<tr>\n<td>Ranuras de expansi\u00f3n<\/td>\n<\/tr>\n<tr>\n<td>2 m\u00e1ximo<\/td>\n<\/tr>\n<tr>\n<td>Para obtener una descripci\u00f3n detallada, consulta las especificaciones r\u00e1pidas<\/td>\n<\/tr>\n<tr>\n<td>Tipo de memoria<\/td>\n<\/tr>\n<tr>\n<td>Memoria est\u00e1ndar hpe ddr5<\/td>\n<\/tr>\n<tr>\n<td>Unidades de disco duro incluidas<\/td>\n<\/tr>\n<tr>\n<td>No incluido de serie, 4 sff admitidos<\/td>\n<\/tr>\n<tr>\n<td>Tipo de unidad \u00f3ptica<\/td>\n<\/tr>\n<tr>\n<td>Opcional: dvd-rom, dvd-rw<\/td>\n<\/tr>\n<tr>\n<td>Controlador de red<\/td>\n<\/tr>\n<tr>\n<td>Adaptador de red integrado hpe 1 gb 4 puertos bcm5719<\/td>\n<\/tr>\n<tr>\n<td>Controlador de almacenamiento<\/td>\n<\/tr>\n<tr>\n<td>Raid de software intel vroc sata integrado<\/td>\n<\/tr>\n<tr>\n<td>Administraci\u00f3n de infraestructura<\/td>\n<\/tr>\n<tr>\n<td>Hpe ilo standard con aprovisionamiento inteligente (integrado), hpe oneview standard (requiere descarga) (est\u00e1ndar) hpe ilo advanced, hpe oneview advanced (opcional, requiere licencia) y hpe greenlake com<\/td>\n<\/tr>\n<tr>\n<td>Garant\u00eda<\/td>\n<\/tr>\n<tr>\n<td>La garant\u00eda del servidor incluye 3 a\u00f1os para piezas, 3 a\u00f1o de mano de obra y 3 a\u00f1o de soporte in situ con respuesta al siguiente d\u00eda laborable. la informaci\u00f3n adicional referente al soporte t\u00e9cnico y a la garant\u00eda limitada en todo el mundo est\u00e1 disponible en: www.hpe.com\/services\/support. se pueden adquirir coberturas adicionales de servicio y soporte t\u00e9cnico de hpe para los productos en cada pa\u00eds o regi\u00f3n. para obtener informaci\u00f3n acerca de la disponibilidad de las actualizaciones y el coste del servicio, visita www.hpe.com\/services\/support.<\/td>\n<\/tr>\n<tr>\n<td>C\u00f3digo unspsc<\/td>\n<\/tr>\n<tr>\n<td>43211501<\/td>\n<\/tr>\n<\/table>\n","protected":false},"excerpt":{"rendered":"<p>Dise\u00f1o compacto, sencillo y fiable para una soluci\u00f3n asequible. El servidor hpe proliant dl20 gen11 es un chasis de poca profundidad de 15,05 pulgadas que proporciona movilidad y una implementaci\u00f3n f\u00e1cil en una amplia variedad de entornos. El servidor hpe proliant dl20 gen11 dispone de las caracter\u00edsticas de dise\u00f1o y gran calidad que son el distintivo de la familia hpe proliant, como el acceso sin herramientas a los componentes del sistema y la capacidad de servicio mejorada.<\/p>\n","protected":false},"featured_media":243422,"comment_status":"open","ping_status":"open","template":"","meta":[],"product_cat":[1808,1809],"product_tag":[1568],"acf":[],"yoast_head":"<!-- This site is optimized with the Yoast SEO plugin v21.7 - https:\/\/yoast.com\/wordpress\/plugins\/seo\/ -->\n<title>[ Hewlett Packard Enterprise ] &#129351; P65395-b21 Hpe Servidor Proliant Dl20 Gen11 E-2434 3.4 Ghz 4 N\u00facleos 1p 16 Gb-u 4 Sff Fuente De 500 W<\/title>\n<meta name=\"description\" content=\"Compra P65395-b21 Hpe Servidor Proliant Dl20 Gen11 E-2434 3.4 Ghz 4 N\u00facleos 1p 16 Gb-u 4 Sff Fuente De 500 W + Env\u00edo a domicilio + Pago seguro + Garant\u00eda\" \/>\n<meta name=\"robots\" content=\"index, follow, max-snippet:-1, max-image-preview:large, max-video-preview:-1\" \/>\n<link rel=\"canonical\" href=\"https:\/\/compuviper.mx\/tienda\/producto\/hewlett-packard-enterprise-p65395-b21-hpe-servidor-proliant-dl20-gen11-e-2434-3-4-ghz-4-ncleos-1p-16-gb-u-4-sff-fuente-de-500-w\/\" \/>\n<meta property=\"og:locale\" content=\"es_MX\" \/>\n<meta property=\"og:type\" content=\"article\" \/>\n<meta property=\"og:title\" content=\"[ Hewlett Packard Enterprise ] &#129351; P65395-b21 Hpe Servidor Proliant Dl20 Gen11 E-2434 3.4 Ghz 4 N\u00facleos 1p 16 Gb-u 4 Sff Fuente De 500 W\" \/>\n<meta property=\"og:description\" content=\"Compra P65395-b21 Hpe Servidor Proliant Dl20 Gen11 E-2434 3.4 Ghz 4 N\u00facleos 1p 16 Gb-u 4 Sff Fuente De 500 W + Env\u00edo a domicilio + Pago seguro + Garant\u00eda\" \/>\n<meta property=\"og:url\" content=\"https:\/\/compuviper.mx\/tienda\/producto\/hewlett-packard-enterprise-p65395-b21-hpe-servidor-proliant-dl20-gen11-e-2434-3-4-ghz-4-ncleos-1p-16-gb-u-4-sff-fuente-de-500-w\/\" \/>\n<meta property=\"og:site_name\" content=\"Compuviper\" \/>\n<meta property=\"article:publisher\" content=\"https:\/\/www.facebook.com\/compuviper\" \/>\n<meta property=\"og:image\" content=\"https:\/\/compuviper.mx\/tienda\/wp-content\/uploads\/2024\/09\/Hpe-servidor-proliant-dl20-gen11-e-2434-3.4-ghz-4-nucleos-1p-16-gb-u-4-sff-fuente-de-500-w.jpg\" \/>\n\t<meta property=\"og:image:width\" content=\"200\" \/>\n\t<meta property=\"og:image:height\" content=\"200\" \/>\n\t<meta property=\"og:image:type\" content=\"image\/jpeg\" \/>\n<meta name=\"twitter:card\" content=\"summary_large_image\" \/>\n<meta name=\"twitter:label1\" content=\"Precio\" \/>\n\t<meta name=\"twitter:data1\" content=\"&#36;28,455 con IVA\" \/>\n\t<meta name=\"twitter:label2\" content=\"Availability\" \/>\n\t<meta name=\"twitter:data2\" content=\"On backorder\" \/>\n<script type=\"application\/ld+json\" class=\"yoast-schema-graph\">{\"@context\":\"https:\/\/schema.org\",\"@graph\":[{\"@type\":\"WebPage\",\"@id\":\"https:\/\/compuviper.mx\/tienda\/producto\/hewlett-packard-enterprise-p65395-b21-hpe-servidor-proliant-dl20-gen11-e-2434-3-4-ghz-4-ncleos-1p-16-gb-u-4-sff-fuente-de-500-w\/\",\"url\":\"https:\/\/compuviper.mx\/tienda\/producto\/hewlett-packard-enterprise-p65395-b21-hpe-servidor-proliant-dl20-gen11-e-2434-3-4-ghz-4-ncleos-1p-16-gb-u-4-sff-fuente-de-500-w\/\",\"name\":\"[ Hewlett Packard Enterprise ] &#129351; P65395-b21 Hpe Servidor Proliant Dl20 Gen11 E-2434 3.4 Ghz 4 N\u00facleos 1p 16 Gb-u 4 Sff Fuente De 500 W\",\"isPartOf\":{\"@id\":\"https:\/\/compuviper.mx\/tienda\/#website\"},\"datePublished\":\"2026-04-11T07:59:21+00:00\",\"dateModified\":\"2026-04-11T07:59:21+00:00\",\"description\":\"Compra P65395-b21 Hpe Servidor Proliant Dl20 Gen11 E-2434 3.4 Ghz 4 N\u00facleos 1p 16 Gb-u 4 Sff Fuente De 500 W + Env\u00edo a domicilio + Pago seguro + Garant\u00eda\",\"breadcrumb\":{\"@id\":\"https:\/\/compuviper.mx\/tienda\/producto\/hewlett-packard-enterprise-p65395-b21-hpe-servidor-proliant-dl20-gen11-e-2434-3-4-ghz-4-ncleos-1p-16-gb-u-4-sff-fuente-de-500-w\/#breadcrumb\"},\"inLanguage\":\"es-MX\",\"potentialAction\":[{\"@type\":\"ReadAction\",\"target\":[\"https:\/\/compuviper.mx\/tienda\/producto\/hewlett-packard-enterprise-p65395-b21-hpe-servidor-proliant-dl20-gen11-e-2434-3-4-ghz-4-ncleos-1p-16-gb-u-4-sff-fuente-de-500-w\/\"]}]},{\"@type\":\"BreadcrumbList\",\"@id\":\"https:\/\/compuviper.mx\/tienda\/producto\/hewlett-packard-enterprise-p65395-b21-hpe-servidor-proliant-dl20-gen11-e-2434-3-4-ghz-4-ncleos-1p-16-gb-u-4-sff-fuente-de-500-w\/#breadcrumb\",\"itemListElement\":[{\"@type\":\"ListItem\",\"position\":1,\"name\":\"Inicio\",\"item\":\"https:\/\/compuviper.mx\/tienda\/\"},{\"@type\":\"ListItem\",\"position\":2,\"name\":\"Productos\",\"item\":\"https:\/\/compuviper.mx\/tienda\/productos\/\"},{\"@type\":\"ListItem\",\"position\":3,\"name\":\"Servidores\",\"item\":\"https:\/\/compuviper.mx\/tienda\/categoria-producto\/servidores-2\/\"},{\"@type\":\"ListItem\",\"position\":4,\"name\":\"Rack (dl)\",\"item\":\"https:\/\/compuviper.mx\/tienda\/categoria-producto\/servidores-2\/rack-dl\/\"},{\"@type\":\"ListItem\",\"position\":5,\"name\":\"Hewlett Packard Enterprise P65395-b21 Hpe Servidor Proliant Dl20 Gen11 E-2434 3.4 Ghz 4 N?cleos 1p 16 Gb-u 4 Sff Fuente De 500 W\"}]},{\"@type\":\"WebSite\",\"@id\":\"https:\/\/compuviper.mx\/tienda\/#website\",\"url\":\"https:\/\/compuviper.mx\/tienda\/\",\"name\":\"Compuviper\",\"description\":\"Proveedor de Computadoras, Laptops, Servidores, Monitores, Puntos de Venta, Teclados,   Impresoras, T\u00f3ner, C\u00e1maras de Seguridad y m\u00e1s en tu tienda en l\u00ednea\",\"publisher\":{\"@id\":\"https:\/\/compuviper.mx\/tienda\/#organization\"},\"potentialAction\":[{\"@type\":\"SearchAction\",\"target\":{\"@type\":\"EntryPoint\",\"urlTemplate\":\"https:\/\/compuviper.mx\/tienda\/?s={search_term_string}\"},\"query-input\":\"required name=search_term_string\"}],\"inLanguage\":\"es-MX\"},{\"@type\":\"Organization\",\"@id\":\"https:\/\/compuviper.mx\/tienda\/#organization\",\"name\":\"Compuviper\",\"url\":\"https:\/\/compuviper.mx\/tienda\/\",\"logo\":{\"@type\":\"ImageObject\",\"inLanguage\":\"es-MX\",\"@id\":\"https:\/\/compuviper.mx\/tienda\/#\/schema\/logo\/image\/\",\"url\":\"https:\/\/compuviper.mx\/tienda\/wp-content\/uploads\/2021\/08\/Logo-Compuviper-10.png\",\"contentUrl\":\"https:\/\/compuviper.mx\/tienda\/wp-content\/uploads\/2021\/08\/Logo-Compuviper-10.png\",\"width\":1000,\"height\":500,\"caption\":\"Compuviper\"},\"image\":{\"@id\":\"https:\/\/compuviper.mx\/tienda\/#\/schema\/logo\/image\/\"},\"sameAs\":[\"https:\/\/www.facebook.com\/compuviper\",\"https:\/\/www.youtube.com\/channel\/UCf73dERp9Y3cfOq7q8BhLjA?view_as=subscriber\"]}]}<\/script>\n<meta property=\"product:brand\" content=\"HEWLETT PACKARD ENTERPRISE\" \/>\n<meta property=\"product:price:amount\" content=\"28455\" \/>\n<meta property=\"product:price:currency\" content=\"MXN\" \/>\n<meta property=\"og:availability\" content=\"backorder\" \/>\n<meta property=\"product:availability\" content=\"available for order\" \/>\n<meta property=\"product:retailer_item_id\" content=\"P65395-B21\" \/>\n<meta property=\"product:condition\" content=\"new\" \/>\n<!-- \/ Yoast SEO plugin. -->","yoast_head_json":{"title":"[ Hewlett Packard Enterprise ] &#129351; P65395-b21 Hpe Servidor Proliant Dl20 Gen11 E-2434 3.4 Ghz 4 N\u00facleos 1p 16 Gb-u 4 Sff Fuente De 500 W","description":"Compra P65395-b21 Hpe Servidor Proliant Dl20 Gen11 E-2434 3.4 Ghz 4 N\u00facleos 1p 16 Gb-u 4 Sff Fuente De 500 W + Env\u00edo a domicilio + Pago seguro + Garant\u00eda","robots":{"index":"index","follow":"follow","max-snippet":"max-snippet:-1","max-image-preview":"max-image-preview:large","max-video-preview":"max-video-preview:-1"},"canonical":"https:\/\/compuviper.mx\/tienda\/producto\/hewlett-packard-enterprise-p65395-b21-hpe-servidor-proliant-dl20-gen11-e-2434-3-4-ghz-4-ncleos-1p-16-gb-u-4-sff-fuente-de-500-w\/","og_locale":"es_MX","og_type":"article","og_title":"[ Hewlett Packard Enterprise ] &#129351; P65395-b21 Hpe Servidor Proliant Dl20 Gen11 E-2434 3.4 Ghz 4 N\u00facleos 1p 16 Gb-u 4 Sff Fuente De 500 W","og_description":"Compra P65395-b21 Hpe Servidor Proliant Dl20 Gen11 E-2434 3.4 Ghz 4 N\u00facleos 1p 16 Gb-u 4 Sff Fuente De 500 W + Env\u00edo a domicilio + Pago seguro + Garant\u00eda","og_url":"https:\/\/compuviper.mx\/tienda\/producto\/hewlett-packard-enterprise-p65395-b21-hpe-servidor-proliant-dl20-gen11-e-2434-3-4-ghz-4-ncleos-1p-16-gb-u-4-sff-fuente-de-500-w\/","og_site_name":"Compuviper","article_publisher":"https:\/\/www.facebook.com\/compuviper","og_image":[{"width":200,"height":200,"url":"https:\/\/compuviper.mx\/tienda\/wp-content\/uploads\/2024\/09\/Hpe-servidor-proliant-dl20-gen11-e-2434-3.4-ghz-4-nucleos-1p-16-gb-u-4-sff-fuente-de-500-w.jpg","type":"image\/jpeg"}],"twitter_card":"summary_large_image","twitter_misc":{"Precio":"&#36;28,455 con IVA","Availability":"On backorder"},"schema":{"@context":"https:\/\/schema.org","@graph":[{"@type":"WebPage","@id":"https:\/\/compuviper.mx\/tienda\/producto\/hewlett-packard-enterprise-p65395-b21-hpe-servidor-proliant-dl20-gen11-e-2434-3-4-ghz-4-ncleos-1p-16-gb-u-4-sff-fuente-de-500-w\/","url":"https:\/\/compuviper.mx\/tienda\/producto\/hewlett-packard-enterprise-p65395-b21-hpe-servidor-proliant-dl20-gen11-e-2434-3-4-ghz-4-ncleos-1p-16-gb-u-4-sff-fuente-de-500-w\/","name":"[ Hewlett Packard Enterprise ] &#129351; P65395-b21 Hpe Servidor Proliant Dl20 Gen11 E-2434 3.4 Ghz 4 N\u00facleos 1p 16 Gb-u 4 Sff Fuente De 500 W","isPartOf":{"@id":"https:\/\/compuviper.mx\/tienda\/#website"},"datePublished":"2026-04-11T07:59:21+00:00","dateModified":"2026-04-11T07:59:21+00:00","description":"Compra P65395-b21 Hpe Servidor Proliant Dl20 Gen11 E-2434 3.4 Ghz 4 N\u00facleos 1p 16 Gb-u 4 Sff Fuente De 500 W + Env\u00edo a domicilio + Pago seguro + Garant\u00eda","breadcrumb":{"@id":"https:\/\/compuviper.mx\/tienda\/producto\/hewlett-packard-enterprise-p65395-b21-hpe-servidor-proliant-dl20-gen11-e-2434-3-4-ghz-4-ncleos-1p-16-gb-u-4-sff-fuente-de-500-w\/#breadcrumb"},"inLanguage":"es-MX","potentialAction":[{"@type":"ReadAction","target":["https:\/\/compuviper.mx\/tienda\/producto\/hewlett-packard-enterprise-p65395-b21-hpe-servidor-proliant-dl20-gen11-e-2434-3-4-ghz-4-ncleos-1p-16-gb-u-4-sff-fuente-de-500-w\/"]}]},{"@type":"BreadcrumbList","@id":"https:\/\/compuviper.mx\/tienda\/producto\/hewlett-packard-enterprise-p65395-b21-hpe-servidor-proliant-dl20-gen11-e-2434-3-4-ghz-4-ncleos-1p-16-gb-u-4-sff-fuente-de-500-w\/#breadcrumb","itemListElement":[{"@type":"ListItem","position":1,"name":"Inicio","item":"https:\/\/compuviper.mx\/tienda\/"},{"@type":"ListItem","position":2,"name":"Productos","item":"https:\/\/compuviper.mx\/tienda\/productos\/"},{"@type":"ListItem","position":3,"name":"Servidores","item":"https:\/\/compuviper.mx\/tienda\/categoria-producto\/servidores-2\/"},{"@type":"ListItem","position":4,"name":"Rack (dl)","item":"https:\/\/compuviper.mx\/tienda\/categoria-producto\/servidores-2\/rack-dl\/"},{"@type":"ListItem","position":5,"name":"Hewlett Packard Enterprise P65395-b21 Hpe Servidor Proliant Dl20 Gen11 E-2434 3.4 Ghz 4 N?cleos 1p 16 Gb-u 4 Sff Fuente De 500 W"}]},{"@type":"WebSite","@id":"https:\/\/compuviper.mx\/tienda\/#website","url":"https:\/\/compuviper.mx\/tienda\/","name":"Compuviper","description":"Proveedor de Computadoras, Laptops, Servidores, Monitores, Puntos de Venta, Teclados,   Impresoras, T\u00f3ner, C\u00e1maras de Seguridad y m\u00e1s en tu tienda en l\u00ednea","publisher":{"@id":"https:\/\/compuviper.mx\/tienda\/#organization"},"potentialAction":[{"@type":"SearchAction","target":{"@type":"EntryPoint","urlTemplate":"https:\/\/compuviper.mx\/tienda\/?s={search_term_string}"},"query-input":"required name=search_term_string"}],"inLanguage":"es-MX"},{"@type":"Organization","@id":"https:\/\/compuviper.mx\/tienda\/#organization","name":"Compuviper","url":"https:\/\/compuviper.mx\/tienda\/","logo":{"@type":"ImageObject","inLanguage":"es-MX","@id":"https:\/\/compuviper.mx\/tienda\/#\/schema\/logo\/image\/","url":"https:\/\/compuviper.mx\/tienda\/wp-content\/uploads\/2021\/08\/Logo-Compuviper-10.png","contentUrl":"https:\/\/compuviper.mx\/tienda\/wp-content\/uploads\/2021\/08\/Logo-Compuviper-10.png","width":1000,"height":500,"caption":"Compuviper"},"image":{"@id":"https:\/\/compuviper.mx\/tienda\/#\/schema\/logo\/image\/"},"sameAs":["https:\/\/www.facebook.com\/compuviper","https:\/\/www.youtube.com\/channel\/UCf73dERp9Y3cfOq7q8BhLjA?view_as=subscriber"]}]},"product_brand":"HEWLETT PACKARD ENTERPRISE","product_price_amount":"28455","product_price_currency":"MXN","og_availability":"backorder","product_availability":"available for order","product_retailer_item_id":"P65395-B21","product_condition":"new"},"_links":{"self":[{"href":"https:\/\/compuviper.mx\/tienda\/wp-json\/wp\/v2\/product\/238501"}],"collection":[{"href":"https:\/\/compuviper.mx\/tienda\/wp-json\/wp\/v2\/product"}],"about":[{"href":"https:\/\/compuviper.mx\/tienda\/wp-json\/wp\/v2\/types\/product"}],"replies":[{"embeddable":true,"href":"https:\/\/compuviper.mx\/tienda\/wp-json\/wp\/v2\/comments?post=238501"}],"wp:featuredmedia":[{"embeddable":true,"href":"https:\/\/compuviper.mx\/tienda\/wp-json\/wp\/v2\/media\/243422"}],"wp:attachment":[{"href":"https:\/\/compuviper.mx\/tienda\/wp-json\/wp\/v2\/media?parent=238501"}],"wp:term":[{"taxonomy":"product_cat","embeddable":true,"href":"https:\/\/compuviper.mx\/tienda\/wp-json\/wp\/v2\/product_cat?post=238501"},{"taxonomy":"product_tag","embeddable":true,"href":"https:\/\/compuviper.mx\/tienda\/wp-json\/wp\/v2\/product_tag?post=238501"}],"curies":[{"name":"wp","href":"https:\/\/api.w.org\/{rel}","templated":true}]}}