{"id":238500,"date":"2026-04-02T02:02:24","date_gmt":"2026-04-02T08:02:24","guid":{"rendered":"https:\/\/compuviper.mx\/tienda\/producto\/hewlett-packard-enterprise-p65094-001-hpe-servidor-proliant-ml30-gen11-e-2414-2-6-ghz-4-ncleos-1p-16-gb-u-4-lff-nhp-1-tb-fuente-de-350-w\/"},"modified":"2026-04-02T02:02:24","modified_gmt":"2026-04-02T08:02:24","slug":"hewlett-packard-enterprise-p65094-001-hpe-servidor-proliant-ml30-gen11-e-2414-2-6-ghz-4-ncleos-1p-16-gb-u-4-lff-nhp-1-tb-fuente-de-350-w","status":"publish","type":"product","link":"https:\/\/compuviper.mx\/tienda\/producto\/hewlett-packard-enterprise-p65094-001-hpe-servidor-proliant-ml30-gen11-e-2414-2-6-ghz-4-ncleos-1p-16-gb-u-4-lff-nhp-1-tb-fuente-de-350-w\/","title":{"rendered":"Hewlett Packard Enterprise P65094-001 Hpe Servidor Proliant Ml30 Gen11 E-2414 2.6 Ghz 4 Ncleos 1p 16 Gb-u 4 Lff-nhp 1 Tb Fuente De 350 W"},"content":{"rendered":"<table class=\"descripcion\">\n<tr>\n<td>Procesador<\/td>\n<\/tr>\n<tr>\n<td>Intel\u00ae xeon\u00ae e-2414 (4 n\u00facleos, 2,8 ghz, intel\u00ae smart cache de 12 mb, 55 w)<\/td>\n<\/tr>\n<tr>\n<td>N\u00famero de procesador<\/td>\n<\/tr>\n<tr>\n<td>1 procesador incluido<\/td>\n<\/tr>\n<tr>\n<td>N\u00facleo de procesador disponible<\/td>\n<\/tr>\n<tr>\n<td>4 n\u00facleos<\/td>\n<\/tr>\n<tr>\n<td>Cach\u00e9 de procesador<\/td>\n<\/tr>\n<tr>\n<td>Intel\u00ae smart cache de 12 mb<\/td>\n<\/tr>\n<tr>\n<td>Velocidad del procesador<\/td>\n<\/tr>\n<tr>\n<td>2,80 ghz<\/td>\n<\/tr>\n<tr>\n<td>Tipo de fuente de alimentaci\u00f3n<\/td>\n<\/tr>\n<tr>\n<td>1 kit de fuente de alimentaci\u00f3n hpe ml30 gen10 gold 350 w fio<\/td>\n<\/tr>\n<tr>\n<td>Ranuras de expansi\u00f3n<\/td>\n<\/tr>\n<tr>\n<td>4<\/td>\n<\/tr>\n<tr>\n<td>Para obtener una descripci\u00f3n detallada, consulta las espec. r\u00e1pidas<\/td>\n<\/tr>\n<tr>\n<td>Tipo de memoria<\/td>\n<\/tr>\n<tr>\n<td>Memoria est\u00e1ndar hpe ddr5<\/td>\n<\/tr>\n<tr>\n<td>Unidades de disco duro incluidas<\/td>\n<\/tr>\n<tr>\n<td>Hdd 1 tb sata<\/td>\n<\/tr>\n<tr>\n<td>Caracter\u00edsticas de los ventiladores del sistema<\/td>\n<\/tr>\n<tr>\n<td>1 sistema de ventilador no redundante sin conexi\u00f3n hot-plug<\/td>\n<\/tr>\n<tr>\n<td>Controlador de red<\/td>\n<\/tr>\n<tr>\n<td>Adaptador ethernet integrado de 1 gb y 4 puertos<\/td>\n<\/tr>\n<tr>\n<td>Controlador de almacenamiento<\/td>\n<\/tr>\n<tr>\n<td>Raid de software intel vroc sata integrado<\/td>\n<\/tr>\n<\/table>\n","protected":false},"excerpt":{"rendered":"<p>El servidor hpe proliant ml30 gen11 cuenta con hasta 8 n\u00facleos en el procesador intel xeon e y hasta 128 gb 4400 mt\/s ddr5 ecc udimm, lo que proporciona un rendimiento abundante en aplicaciones de peque\u00f1as y medianas empresas. Con hasta 80 tb de almacenamiento, el hpe proliant ml30 gen11 es una plataforma de almacenamiento ideal que permite a tu negocio dar cabida a una gran cantidad de datos a medida que creces. Una ranura m.2 integrada con compatibilidad ssd nvme ofrece una velocidad excepcional para el arranque de la unidad. [1. Un puerto hpe ilo dedicado opcional permite dedicar m\u00e1s ancho de banda a las funciones de red para lograr mayores velocidades de red. El software integrado intel vroc sata raid se incluye de serie. Adem\u00e1s, los controladores esenciales y de rendimiento hpe smart array ofrecen la flexibilidad de elegir el controlador de 12 gbps que mejor se adapta a tu entorno. Cuatro ranuras de expansi\u00f3n para un uso m\u00e1s flexible, incluye un pcie gen5 x16 para un ancho de banda mayor. [2]<\/p>\n","protected":false},"featured_media":243421,"comment_status":"open","ping_status":"open","template":"","meta":[],"product_cat":[1808,1810],"product_tag":[1568],"acf":[],"yoast_head":"<!-- This site is optimized with the Yoast SEO plugin v21.7 - https:\/\/yoast.com\/wordpress\/plugins\/seo\/ -->\n<title>[ Hewlett Packard Enterprise ] &#129351; P65094-001 Hpe Servidor Proliant Ml30 Gen11 E-2414 2.6 Ghz 4 Ncleos 1p 16 Gb-u 4 Lff-nhp 1 Tb Fuente De 350 W<\/title>\n<meta name=\"description\" content=\"Compra P65094-001 Hpe Servidor Proliant Ml30 Gen11 E-2414 2.6 Ghz 4 Ncleos 1p 16 Gb-u 4 Lff-nhp 1 Tb Fuente De 350 W + Env\u00edo a domicilio + Pago seguro + Garant\u00eda\" \/>\n<meta name=\"robots\" content=\"index, follow, max-snippet:-1, max-image-preview:large, max-video-preview:-1\" \/>\n<link rel=\"canonical\" href=\"https:\/\/compuviper.mx\/tienda\/producto\/hewlett-packard-enterprise-p65094-001-hpe-servidor-proliant-ml30-gen11-e-2414-2-6-ghz-4-ncleos-1p-16-gb-u-4-lff-nhp-1-tb-fuente-de-350-w\/\" \/>\n<meta property=\"og:locale\" content=\"es_MX\" \/>\n<meta property=\"og:type\" content=\"article\" \/>\n<meta property=\"og:title\" content=\"[ Hewlett Packard Enterprise ] &#129351; P65094-001 Hpe Servidor Proliant Ml30 Gen11 E-2414 2.6 Ghz 4 Ncleos 1p 16 Gb-u 4 Lff-nhp 1 Tb Fuente De 350 W\" \/>\n<meta property=\"og:description\" content=\"Compra P65094-001 Hpe Servidor Proliant Ml30 Gen11 E-2414 2.6 Ghz 4 Ncleos 1p 16 Gb-u 4 Lff-nhp 1 Tb Fuente De 350 W + Env\u00edo a domicilio + Pago seguro + Garant\u00eda\" \/>\n<meta property=\"og:url\" content=\"https:\/\/compuviper.mx\/tienda\/producto\/hewlett-packard-enterprise-p65094-001-hpe-servidor-proliant-ml30-gen11-e-2414-2-6-ghz-4-ncleos-1p-16-gb-u-4-lff-nhp-1-tb-fuente-de-350-w\/\" \/>\n<meta property=\"og:site_name\" content=\"Compuviper\" \/>\n<meta property=\"article:publisher\" content=\"https:\/\/www.facebook.com\/compuviper\" \/>\n<meta property=\"og:image\" content=\"https:\/\/compuviper.mx\/tienda\/wp-content\/uploads\/2024\/09\/Hpe-servidor-proliant-ml30-gen11-e-2414-2.6-ghz-4-nucleos-1p-16-gb-u-4-lff-nhp-1-tb-fuente-de-350-w.jpg\" \/>\n\t<meta property=\"og:image:width\" content=\"200\" \/>\n\t<meta property=\"og:image:height\" content=\"200\" \/>\n\t<meta property=\"og:image:type\" content=\"image\/jpeg\" \/>\n<meta name=\"twitter:card\" content=\"summary_large_image\" \/>\n<meta name=\"twitter:label1\" content=\"Precio\" \/>\n\t<meta name=\"twitter:data1\" content=\"&#36;24,245 con IVA\" \/>\n\t<meta name=\"twitter:label2\" content=\"Availability\" \/>\n\t<meta name=\"twitter:data2\" content=\"On backorder\" \/>\n<script type=\"application\/ld+json\" class=\"yoast-schema-graph\">{\"@context\":\"https:\/\/schema.org\",\"@graph\":[{\"@type\":\"WebPage\",\"@id\":\"https:\/\/compuviper.mx\/tienda\/producto\/hewlett-packard-enterprise-p65094-001-hpe-servidor-proliant-ml30-gen11-e-2414-2-6-ghz-4-ncleos-1p-16-gb-u-4-lff-nhp-1-tb-fuente-de-350-w\/\",\"url\":\"https:\/\/compuviper.mx\/tienda\/producto\/hewlett-packard-enterprise-p65094-001-hpe-servidor-proliant-ml30-gen11-e-2414-2-6-ghz-4-ncleos-1p-16-gb-u-4-lff-nhp-1-tb-fuente-de-350-w\/\",\"name\":\"[ Hewlett Packard Enterprise ] &#129351; P65094-001 Hpe Servidor Proliant Ml30 Gen11 E-2414 2.6 Ghz 4 Ncleos 1p 16 Gb-u 4 Lff-nhp 1 Tb Fuente De 350 W\",\"isPartOf\":{\"@id\":\"https:\/\/compuviper.mx\/tienda\/#website\"},\"datePublished\":\"2026-04-02T08:02:24+00:00\",\"dateModified\":\"2026-04-02T08:02:24+00:00\",\"description\":\"Compra P65094-001 Hpe Servidor Proliant Ml30 Gen11 E-2414 2.6 Ghz 4 Ncleos 1p 16 Gb-u 4 Lff-nhp 1 Tb Fuente De 350 W + Env\u00edo a domicilio + Pago seguro + Garant\u00eda\",\"breadcrumb\":{\"@id\":\"https:\/\/compuviper.mx\/tienda\/producto\/hewlett-packard-enterprise-p65094-001-hpe-servidor-proliant-ml30-gen11-e-2414-2-6-ghz-4-ncleos-1p-16-gb-u-4-lff-nhp-1-tb-fuente-de-350-w\/#breadcrumb\"},\"inLanguage\":\"es-MX\",\"potentialAction\":[{\"@type\":\"ReadAction\",\"target\":[\"https:\/\/compuviper.mx\/tienda\/producto\/hewlett-packard-enterprise-p65094-001-hpe-servidor-proliant-ml30-gen11-e-2414-2-6-ghz-4-ncleos-1p-16-gb-u-4-lff-nhp-1-tb-fuente-de-350-w\/\"]}]},{\"@type\":\"BreadcrumbList\",\"@id\":\"https:\/\/compuviper.mx\/tienda\/producto\/hewlett-packard-enterprise-p65094-001-hpe-servidor-proliant-ml30-gen11-e-2414-2-6-ghz-4-ncleos-1p-16-gb-u-4-lff-nhp-1-tb-fuente-de-350-w\/#breadcrumb\",\"itemListElement\":[{\"@type\":\"ListItem\",\"position\":1,\"name\":\"Inicio\",\"item\":\"https:\/\/compuviper.mx\/tienda\/\"},{\"@type\":\"ListItem\",\"position\":2,\"name\":\"Productos\",\"item\":\"https:\/\/compuviper.mx\/tienda\/productos\/\"},{\"@type\":\"ListItem\",\"position\":3,\"name\":\"Servidores\",\"item\":\"https:\/\/compuviper.mx\/tienda\/categoria-producto\/servidores-2\/\"},{\"@type\":\"ListItem\",\"position\":4,\"name\":\"Torre (ml)\",\"item\":\"https:\/\/compuviper.mx\/tienda\/categoria-producto\/servidores-2\/torre-ml\/\"},{\"@type\":\"ListItem\",\"position\":5,\"name\":\"Hewlett Packard Enterprise P65094-001 Hpe Servidor Proliant Ml30 Gen11 E-2414 2.6 Ghz 4 Ncleos 1p 16 Gb-u 4 Lff-nhp 1 Tb Fuente De 350 W\"}]},{\"@type\":\"WebSite\",\"@id\":\"https:\/\/compuviper.mx\/tienda\/#website\",\"url\":\"https:\/\/compuviper.mx\/tienda\/\",\"name\":\"Compuviper\",\"description\":\"Proveedor de Computadoras, Laptops, Servidores, Monitores, Puntos de Venta, Teclados,   Impresoras, T\u00f3ner, C\u00e1maras de Seguridad y m\u00e1s en tu tienda en l\u00ednea\",\"publisher\":{\"@id\":\"https:\/\/compuviper.mx\/tienda\/#organization\"},\"potentialAction\":[{\"@type\":\"SearchAction\",\"target\":{\"@type\":\"EntryPoint\",\"urlTemplate\":\"https:\/\/compuviper.mx\/tienda\/?s={search_term_string}\"},\"query-input\":\"required name=search_term_string\"}],\"inLanguage\":\"es-MX\"},{\"@type\":\"Organization\",\"@id\":\"https:\/\/compuviper.mx\/tienda\/#organization\",\"name\":\"Compuviper\",\"url\":\"https:\/\/compuviper.mx\/tienda\/\",\"logo\":{\"@type\":\"ImageObject\",\"inLanguage\":\"es-MX\",\"@id\":\"https:\/\/compuviper.mx\/tienda\/#\/schema\/logo\/image\/\",\"url\":\"https:\/\/compuviper.mx\/tienda\/wp-content\/uploads\/2021\/08\/Logo-Compuviper-10.png\",\"contentUrl\":\"https:\/\/compuviper.mx\/tienda\/wp-content\/uploads\/2021\/08\/Logo-Compuviper-10.png\",\"width\":1000,\"height\":500,\"caption\":\"Compuviper\"},\"image\":{\"@id\":\"https:\/\/compuviper.mx\/tienda\/#\/schema\/logo\/image\/\"},\"sameAs\":[\"https:\/\/www.facebook.com\/compuviper\",\"https:\/\/www.youtube.com\/channel\/UCf73dERp9Y3cfOq7q8BhLjA?view_as=subscriber\"]}]}<\/script>\n<meta property=\"product:brand\" content=\"HEWLETT PACKARD ENTERPRISE\" \/>\n<meta property=\"product:price:amount\" content=\"24245\" \/>\n<meta property=\"product:price:currency\" content=\"MXN\" \/>\n<meta property=\"og:availability\" content=\"backorder\" \/>\n<meta property=\"product:availability\" content=\"available for order\" \/>\n<meta property=\"product:retailer_item_id\" content=\"P65094-001\" \/>\n<meta property=\"product:condition\" content=\"new\" \/>\n<!-- \/ Yoast SEO plugin. -->","yoast_head_json":{"title":"[ Hewlett Packard Enterprise ] &#129351; P65094-001 Hpe Servidor Proliant Ml30 Gen11 E-2414 2.6 Ghz 4 Ncleos 1p 16 Gb-u 4 Lff-nhp 1 Tb Fuente De 350 W","description":"Compra P65094-001 Hpe Servidor Proliant Ml30 Gen11 E-2414 2.6 Ghz 4 Ncleos 1p 16 Gb-u 4 Lff-nhp 1 Tb Fuente De 350 W + Env\u00edo a domicilio + Pago seguro + Garant\u00eda","robots":{"index":"index","follow":"follow","max-snippet":"max-snippet:-1","max-image-preview":"max-image-preview:large","max-video-preview":"max-video-preview:-1"},"canonical":"https:\/\/compuviper.mx\/tienda\/producto\/hewlett-packard-enterprise-p65094-001-hpe-servidor-proliant-ml30-gen11-e-2414-2-6-ghz-4-ncleos-1p-16-gb-u-4-lff-nhp-1-tb-fuente-de-350-w\/","og_locale":"es_MX","og_type":"article","og_title":"[ Hewlett Packard Enterprise ] &#129351; P65094-001 Hpe Servidor Proliant Ml30 Gen11 E-2414 2.6 Ghz 4 Ncleos 1p 16 Gb-u 4 Lff-nhp 1 Tb Fuente De 350 W","og_description":"Compra P65094-001 Hpe Servidor Proliant Ml30 Gen11 E-2414 2.6 Ghz 4 Ncleos 1p 16 Gb-u 4 Lff-nhp 1 Tb Fuente De 350 W + Env\u00edo a domicilio + Pago seguro + Garant\u00eda","og_url":"https:\/\/compuviper.mx\/tienda\/producto\/hewlett-packard-enterprise-p65094-001-hpe-servidor-proliant-ml30-gen11-e-2414-2-6-ghz-4-ncleos-1p-16-gb-u-4-lff-nhp-1-tb-fuente-de-350-w\/","og_site_name":"Compuviper","article_publisher":"https:\/\/www.facebook.com\/compuviper","og_image":[{"width":200,"height":200,"url":"https:\/\/compuviper.mx\/tienda\/wp-content\/uploads\/2024\/09\/Hpe-servidor-proliant-ml30-gen11-e-2414-2.6-ghz-4-nucleos-1p-16-gb-u-4-lff-nhp-1-tb-fuente-de-350-w.jpg","type":"image\/jpeg"}],"twitter_card":"summary_large_image","twitter_misc":{"Precio":"&#36;24,245 con IVA","Availability":"On backorder"},"schema":{"@context":"https:\/\/schema.org","@graph":[{"@type":"WebPage","@id":"https:\/\/compuviper.mx\/tienda\/producto\/hewlett-packard-enterprise-p65094-001-hpe-servidor-proliant-ml30-gen11-e-2414-2-6-ghz-4-ncleos-1p-16-gb-u-4-lff-nhp-1-tb-fuente-de-350-w\/","url":"https:\/\/compuviper.mx\/tienda\/producto\/hewlett-packard-enterprise-p65094-001-hpe-servidor-proliant-ml30-gen11-e-2414-2-6-ghz-4-ncleos-1p-16-gb-u-4-lff-nhp-1-tb-fuente-de-350-w\/","name":"[ Hewlett Packard Enterprise ] &#129351; P65094-001 Hpe Servidor Proliant Ml30 Gen11 E-2414 2.6 Ghz 4 Ncleos 1p 16 Gb-u 4 Lff-nhp 1 Tb Fuente De 350 W","isPartOf":{"@id":"https:\/\/compuviper.mx\/tienda\/#website"},"datePublished":"2026-04-02T08:02:24+00:00","dateModified":"2026-04-02T08:02:24+00:00","description":"Compra P65094-001 Hpe Servidor Proliant Ml30 Gen11 E-2414 2.6 Ghz 4 Ncleos 1p 16 Gb-u 4 Lff-nhp 1 Tb Fuente De 350 W + Env\u00edo a domicilio + Pago seguro + Garant\u00eda","breadcrumb":{"@id":"https:\/\/compuviper.mx\/tienda\/producto\/hewlett-packard-enterprise-p65094-001-hpe-servidor-proliant-ml30-gen11-e-2414-2-6-ghz-4-ncleos-1p-16-gb-u-4-lff-nhp-1-tb-fuente-de-350-w\/#breadcrumb"},"inLanguage":"es-MX","potentialAction":[{"@type":"ReadAction","target":["https:\/\/compuviper.mx\/tienda\/producto\/hewlett-packard-enterprise-p65094-001-hpe-servidor-proliant-ml30-gen11-e-2414-2-6-ghz-4-ncleos-1p-16-gb-u-4-lff-nhp-1-tb-fuente-de-350-w\/"]}]},{"@type":"BreadcrumbList","@id":"https:\/\/compuviper.mx\/tienda\/producto\/hewlett-packard-enterprise-p65094-001-hpe-servidor-proliant-ml30-gen11-e-2414-2-6-ghz-4-ncleos-1p-16-gb-u-4-lff-nhp-1-tb-fuente-de-350-w\/#breadcrumb","itemListElement":[{"@type":"ListItem","position":1,"name":"Inicio","item":"https:\/\/compuviper.mx\/tienda\/"},{"@type":"ListItem","position":2,"name":"Productos","item":"https:\/\/compuviper.mx\/tienda\/productos\/"},{"@type":"ListItem","position":3,"name":"Servidores","item":"https:\/\/compuviper.mx\/tienda\/categoria-producto\/servidores-2\/"},{"@type":"ListItem","position":4,"name":"Torre (ml)","item":"https:\/\/compuviper.mx\/tienda\/categoria-producto\/servidores-2\/torre-ml\/"},{"@type":"ListItem","position":5,"name":"Hewlett Packard Enterprise P65094-001 Hpe Servidor Proliant Ml30 Gen11 E-2414 2.6 Ghz 4 Ncleos 1p 16 Gb-u 4 Lff-nhp 1 Tb Fuente De 350 W"}]},{"@type":"WebSite","@id":"https:\/\/compuviper.mx\/tienda\/#website","url":"https:\/\/compuviper.mx\/tienda\/","name":"Compuviper","description":"Proveedor de Computadoras, Laptops, Servidores, Monitores, Puntos de Venta, Teclados,   Impresoras, T\u00f3ner, C\u00e1maras de Seguridad y m\u00e1s en tu tienda en l\u00ednea","publisher":{"@id":"https:\/\/compuviper.mx\/tienda\/#organization"},"potentialAction":[{"@type":"SearchAction","target":{"@type":"EntryPoint","urlTemplate":"https:\/\/compuviper.mx\/tienda\/?s={search_term_string}"},"query-input":"required name=search_term_string"}],"inLanguage":"es-MX"},{"@type":"Organization","@id":"https:\/\/compuviper.mx\/tienda\/#organization","name":"Compuviper","url":"https:\/\/compuviper.mx\/tienda\/","logo":{"@type":"ImageObject","inLanguage":"es-MX","@id":"https:\/\/compuviper.mx\/tienda\/#\/schema\/logo\/image\/","url":"https:\/\/compuviper.mx\/tienda\/wp-content\/uploads\/2021\/08\/Logo-Compuviper-10.png","contentUrl":"https:\/\/compuviper.mx\/tienda\/wp-content\/uploads\/2021\/08\/Logo-Compuviper-10.png","width":1000,"height":500,"caption":"Compuviper"},"image":{"@id":"https:\/\/compuviper.mx\/tienda\/#\/schema\/logo\/image\/"},"sameAs":["https:\/\/www.facebook.com\/compuviper","https:\/\/www.youtube.com\/channel\/UCf73dERp9Y3cfOq7q8BhLjA?view_as=subscriber"]}]},"product_brand":"HEWLETT PACKARD ENTERPRISE","product_price_amount":"24245","product_price_currency":"MXN","og_availability":"backorder","product_availability":"available for order","product_retailer_item_id":"P65094-001","product_condition":"new"},"_links":{"self":[{"href":"https:\/\/compuviper.mx\/tienda\/wp-json\/wp\/v2\/product\/238500"}],"collection":[{"href":"https:\/\/compuviper.mx\/tienda\/wp-json\/wp\/v2\/product"}],"about":[{"href":"https:\/\/compuviper.mx\/tienda\/wp-json\/wp\/v2\/types\/product"}],"replies":[{"embeddable":true,"href":"https:\/\/compuviper.mx\/tienda\/wp-json\/wp\/v2\/comments?post=238500"}],"wp:featuredmedia":[{"embeddable":true,"href":"https:\/\/compuviper.mx\/tienda\/wp-json\/wp\/v2\/media\/243421"}],"wp:attachment":[{"href":"https:\/\/compuviper.mx\/tienda\/wp-json\/wp\/v2\/media?parent=238500"}],"wp:term":[{"taxonomy":"product_cat","embeddable":true,"href":"https:\/\/compuviper.mx\/tienda\/wp-json\/wp\/v2\/product_cat?post=238500"},{"taxonomy":"product_tag","embeddable":true,"href":"https:\/\/compuviper.mx\/tienda\/wp-json\/wp\/v2\/product_tag?post=238500"}],"curies":[{"name":"wp","href":"https:\/\/api.w.org\/{rel}","templated":true}]}}