{"id":238435,"date":"2026-04-01T23:13:21","date_gmt":"2026-04-02T05:13:21","guid":{"rendered":"https:\/\/compuviper.mx\/tienda\/producto\/tp-link-archer-tx20u-nano-adaptador-usb-tp-link-wifi-6-dual-band-1201-mbps-5-ghz-574-mbps-2-4-ghz\/"},"modified":"2026-04-01T23:13:21","modified_gmt":"2026-04-02T05:13:21","slug":"tp-link-archer-tx20u-nano-adaptador-de-red-usb-2-0-a-ethernet-a-100-mbps-wifi-6-dual-band-tp-link","status":"publish","type":"product","link":"https:\/\/compuviper.mx\/tienda\/producto\/tp-link-archer-tx20u-nano-adaptador-de-red-usb-2-0-a-ethernet-a-100-mbps-wifi-6-dual-band-tp-link\/","title":{"rendered":"Tp Link Archer Tx20u Nano Adaptador De Red Usb 2.0 A Ethernet A 100 Mbps Wifi 6-  &#8211; Dual Band Tp-link"},"content":{"rendered":"<table class=\"descripcion\">\n<tr>\n<td>Archer tx20u nano<\/td>\n<\/tr>\n<tr>\n<td>Caracter\u00edsticas de hardware<\/td>\n<\/tr>\n<tr>\n<td>Interface<\/td>\n<\/tr>\n<tr>\n<td>Usb 2.0<\/td>\n<\/tr>\n<tr>\n<td>Led<\/td>\n<\/tr>\n<tr>\n<td>Status<\/td>\n<\/tr>\n<tr>\n<td>Dimensiones<\/td>\n<\/tr>\n<tr>\n<td>26.8 \u00d7 15.7 \u00d7 7.5 mm (1.06 \u00d7 0.62 \u00d7 0.30 in)<\/td>\n<\/tr>\n<tr>\n<td>Antena<\/td>\n<\/tr>\n<tr>\n<td>2\u00d7 dual-band antennas<\/td>\n<\/tr>\n<tr>\n<td>Caracter\u00edsticas inal\u00e1mbricas<\/td>\n<\/tr>\n<tr>\n<td>Est\u00e1ndares inal\u00e1mbricos<\/td>\n<\/tr>\n<tr>\n<td>Ieee 802.11a\/b\/g\/n\/ac\/ax<\/td>\n<\/tr>\n<tr>\n<td>Tasa de se\u00f1al<\/td>\n<\/tr>\n<tr>\n<td>5 ghz:<\/td>\n<\/tr>\n<tr>\n<td>11ax: up to 1201 mbps(dynamic)<\/td>\n<\/tr>\n<tr>\n<td>11ac: up to 867 mbps(dynamic)<\/td>\n<\/tr>\n<tr>\n<td>11n: up to 300 mbps(dynamic)<\/td>\n<\/tr>\n<tr>\n<td>11a: up to 54 mbps(dynamic)<\/td>\n<\/tr>\n<tr>\n<td>2.4 ghz:<\/td>\n<\/tr>\n<tr>\n<td>11ax: up to 574 mbps(dynamic)<\/td>\n<\/tr>\n<tr>\n<td>11n: up to 400 mbps(dynamic)<\/td>\n<\/tr>\n<tr>\n<td>11g: up to 54 mbps(dynamic)<\/td>\n<\/tr>\n<tr>\n<td>11b: up to 11 mbps(dynamic)<\/td>\n<\/tr>\n<tr>\n<td>Potencia de transmision<\/td>\n<\/tr>\n<tr>\n<td>5 ghz: 10dbm(fcc)<\/td>\n<\/tr>\n<tr>\n<td>2.4 ghz : 10dbm(fcc)<\/td>\n<\/tr>\n<tr>\n<td>Modos inal\u00e1mbricos<\/td>\n<\/tr>\n<tr>\n<td>Infrastructure mode<\/td>\n<\/tr>\n<tr>\n<td>Seguridad inal\u00e1mbrica<\/td>\n<\/tr>\n<tr>\n<td>Wep, wpa\/wpa2\/wpa3, wpa-psk\/wpa2-psk<\/td>\n<\/tr>\n<tr>\n<td>Otros<\/td>\n<\/tr>\n<tr>\n<td>Certificacion<\/td>\n<\/tr>\n<tr>\n<td>Fcc, ce, rohs<\/td>\n<\/tr>\n<tr>\n<td>Contenidos del paquete<\/td>\n<\/tr>\n<tr>\n<td>Ax1800 nano wi-fi 6 wireless usb adapter tx20u nano<\/td>\n<\/tr>\n<tr>\n<td>Quick installation guide<\/td>\n<\/tr>\n<tr>\n<td>Requisitos del sistema<\/td>\n<\/tr>\n<tr>\n<td>Supported operating systems include windows 10, 11<\/td>\n<\/tr>\n<tr>\n<td>Ambiente<\/td>\n<\/tr>\n<tr>\n<td>Operating temperature: 0 and #8451;~40 and #8451; (32 and #8457; ~104 and #8457;)<\/td>\n<\/tr>\n<tr>\n<td>Operating humidity: 10%~90% non-condensing<\/td>\n<\/tr>\n<tr>\n<td>Storage humidity: 5%~90% non-condensing<\/td>\n<\/tr>\n<\/table>\n","protected":false},"excerpt":{"rendered":"<p>Arquero tx20u nano. Adaptador usb inal\u00e1mbrico ax1800 nano wi-fi 6. Fast wifi 6: rompa la barrera de los gigabits con velocidades de hasta 1201 mbps (5 ghz) + 574 mbps (2,4 ghz). Inal\u00e1mbrico de doble banda: bandas de 2,4 ghz y 5 ghz para una conectividad flexible. Juego de menor latencia: ofdma y mu-mimo garantizan la conexi\u00f3n wifi m\u00e1s eficiente para tu pc. Seguridad mejorada: wpa3 proporciona las \u00faltimas mejoras de seguridad para la protecci\u00f3n de contrase\u00f1as personales. Nanodise\u00f1o: el dise\u00f1o peque\u00f1o y discreto le permite enchufarlo y olvidarse de que est\u00e1 ah?. Configuraci\u00f3n sencilla: tx20u nano viene con su controlador precargado. Simplemente con\u00e9ctelo e inst\u00e1lelo.<\/p>\n","protected":false},"featured_media":241973,"comment_status":"open","ping_status":"open","template":"","meta":[],"product_cat":[1485,1492],"product_tag":[1562],"acf":[],"yoast_head":"<!-- This site is optimized with the Yoast SEO plugin v21.7 - https:\/\/yoast.com\/wordpress\/plugins\/seo\/ -->\n<title>[ Tp Link ] &#129351; Archer Tx20u Nano Adaptador De Red Usb 2.0 A Ethernet A 100 Mbps Wifi 6- - Dual Band Tp-link<\/title>\n<meta name=\"description\" content=\"Compra Archer Tx20u Nano Adaptador De Red Usb 2.0 A Ethernet A 100 Mbps Wifi 6- - Dual Band Tp-link + Env\u00edo a domicilio + Pago seguro + Garant\u00eda\" \/>\n<meta name=\"robots\" content=\"index, follow, max-snippet:-1, max-image-preview:large, max-video-preview:-1\" \/>\n<link rel=\"canonical\" href=\"https:\/\/compuviper.mx\/tienda\/producto\/tp-link-archer-tx20u-nano-adaptador-de-red-usb-2-0-a-ethernet-a-100-mbps-wifi-6-dual-band-tp-link\/\" \/>\n<meta property=\"og:locale\" content=\"es_MX\" \/>\n<meta property=\"og:type\" content=\"article\" \/>\n<meta property=\"og:title\" content=\"[ Tp Link ] &#129351; Archer Tx20u Nano Adaptador De Red Usb 2.0 A Ethernet A 100 Mbps Wifi 6- - Dual Band Tp-link\" \/>\n<meta property=\"og:description\" content=\"Compra Archer Tx20u Nano Adaptador De Red Usb 2.0 A Ethernet A 100 Mbps Wifi 6- - Dual Band Tp-link + Env\u00edo a domicilio + Pago seguro + Garant\u00eda\" \/>\n<meta property=\"og:url\" content=\"https:\/\/compuviper.mx\/tienda\/producto\/tp-link-archer-tx20u-nano-adaptador-de-red-usb-2-0-a-ethernet-a-100-mbps-wifi-6-dual-band-tp-link\/\" \/>\n<meta property=\"og:site_name\" content=\"Compuviper\" \/>\n<meta property=\"article:publisher\" content=\"https:\/\/www.facebook.com\/compuviper\" \/>\n<meta property=\"og:image\" content=\"https:\/\/compuviper.mx\/tienda\/wp-content\/uploads\/2024\/09\/Adaptador-usb-tp-link-archer-tx20u-nano-wifi-6-dual-band-1201-mbps-5-ghz-574-mbps-2.4-ghz.jpg\" \/>\n\t<meta property=\"og:image:width\" content=\"200\" \/>\n\t<meta property=\"og:image:height\" content=\"200\" \/>\n\t<meta property=\"og:image:type\" content=\"image\/jpeg\" \/>\n<meta name=\"twitter:card\" content=\"summary_large_image\" \/>\n<meta name=\"twitter:label1\" content=\"Precio\" \/>\n\t<meta name=\"twitter:data1\" content=\"&#36;391 con IVA\" \/>\n\t<meta name=\"twitter:label2\" content=\"Availability\" \/>\n\t<meta name=\"twitter:data2\" content=\"In stock\" \/>\n<script type=\"application\/ld+json\" class=\"yoast-schema-graph\">{\"@context\":\"https:\/\/schema.org\",\"@graph\":[{\"@type\":\"WebPage\",\"@id\":\"https:\/\/compuviper.mx\/tienda\/producto\/tp-link-archer-tx20u-nano-adaptador-de-red-usb-2-0-a-ethernet-a-100-mbps-wifi-6-dual-band-tp-link\/\",\"url\":\"https:\/\/compuviper.mx\/tienda\/producto\/tp-link-archer-tx20u-nano-adaptador-de-red-usb-2-0-a-ethernet-a-100-mbps-wifi-6-dual-band-tp-link\/\",\"name\":\"[ Tp Link ] &#129351; Archer Tx20u Nano Adaptador De Red Usb 2.0 A Ethernet A 100 Mbps Wifi 6- - Dual Band Tp-link\",\"isPartOf\":{\"@id\":\"https:\/\/compuviper.mx\/tienda\/#website\"},\"datePublished\":\"2026-04-02T05:13:21+00:00\",\"dateModified\":\"2026-04-02T05:13:21+00:00\",\"description\":\"Compra Archer Tx20u Nano Adaptador De Red Usb 2.0 A Ethernet A 100 Mbps Wifi 6- - Dual Band Tp-link + Env\u00edo a domicilio + Pago seguro + Garant\u00eda\",\"breadcrumb\":{\"@id\":\"https:\/\/compuviper.mx\/tienda\/producto\/tp-link-archer-tx20u-nano-adaptador-de-red-usb-2-0-a-ethernet-a-100-mbps-wifi-6-dual-band-tp-link\/#breadcrumb\"},\"inLanguage\":\"es-MX\",\"potentialAction\":[{\"@type\":\"ReadAction\",\"target\":[\"https:\/\/compuviper.mx\/tienda\/producto\/tp-link-archer-tx20u-nano-adaptador-de-red-usb-2-0-a-ethernet-a-100-mbps-wifi-6-dual-band-tp-link\/\"]}]},{\"@type\":\"BreadcrumbList\",\"@id\":\"https:\/\/compuviper.mx\/tienda\/producto\/tp-link-archer-tx20u-nano-adaptador-de-red-usb-2-0-a-ethernet-a-100-mbps-wifi-6-dual-band-tp-link\/#breadcrumb\",\"itemListElement\":[{\"@type\":\"ListItem\",\"position\":1,\"name\":\"Inicio\",\"item\":\"https:\/\/compuviper.mx\/tienda\/\"},{\"@type\":\"ListItem\",\"position\":2,\"name\":\"Productos\",\"item\":\"https:\/\/compuviper.mx\/tienda\/productos\/\"},{\"@type\":\"ListItem\",\"position\":3,\"name\":\"Accesorios\",\"item\":\"https:\/\/compuviper.mx\/tienda\/categoria-producto\/accesorios\/\"},{\"@type\":\"ListItem\",\"position\":4,\"name\":\"Adaptadores\",\"item\":\"https:\/\/compuviper.mx\/tienda\/categoria-producto\/accesorios\/adaptadores\/\"},{\"@type\":\"ListItem\",\"position\":5,\"name\":\"Tp Link Archer Tx20u Nano Adaptador De Red Usb 2.0 A Ethernet A 100 Mbps Wifi 6- &#8211; Dual Band Tp-link\"}]},{\"@type\":\"WebSite\",\"@id\":\"https:\/\/compuviper.mx\/tienda\/#website\",\"url\":\"https:\/\/compuviper.mx\/tienda\/\",\"name\":\"Compuviper\",\"description\":\"Proveedor de Computadoras, Laptops, Servidores, Monitores, Puntos de Venta, Teclados,   Impresoras, T\u00f3ner, C\u00e1maras de Seguridad y m\u00e1s en tu tienda en l\u00ednea\",\"publisher\":{\"@id\":\"https:\/\/compuviper.mx\/tienda\/#organization\"},\"potentialAction\":[{\"@type\":\"SearchAction\",\"target\":{\"@type\":\"EntryPoint\",\"urlTemplate\":\"https:\/\/compuviper.mx\/tienda\/?s={search_term_string}\"},\"query-input\":\"required name=search_term_string\"}],\"inLanguage\":\"es-MX\"},{\"@type\":\"Organization\",\"@id\":\"https:\/\/compuviper.mx\/tienda\/#organization\",\"name\":\"Compuviper\",\"url\":\"https:\/\/compuviper.mx\/tienda\/\",\"logo\":{\"@type\":\"ImageObject\",\"inLanguage\":\"es-MX\",\"@id\":\"https:\/\/compuviper.mx\/tienda\/#\/schema\/logo\/image\/\",\"url\":\"https:\/\/compuviper.mx\/tienda\/wp-content\/uploads\/2021\/08\/Logo-Compuviper-10.png\",\"contentUrl\":\"https:\/\/compuviper.mx\/tienda\/wp-content\/uploads\/2021\/08\/Logo-Compuviper-10.png\",\"width\":1000,\"height\":500,\"caption\":\"Compuviper\"},\"image\":{\"@id\":\"https:\/\/compuviper.mx\/tienda\/#\/schema\/logo\/image\/\"},\"sameAs\":[\"https:\/\/www.facebook.com\/compuviper\",\"https:\/\/www.youtube.com\/channel\/UCf73dERp9Y3cfOq7q8BhLjA?view_as=subscriber\"]}]}<\/script>\n<meta property=\"product:brand\" content=\"TP LINK\" \/>\n<meta property=\"product:price:amount\" content=\"391\" \/>\n<meta property=\"product:price:currency\" content=\"MXN\" \/>\n<meta property=\"og:availability\" content=\"instock\" \/>\n<meta property=\"product:availability\" content=\"instock\" \/>\n<meta property=\"product:retailer_item_id\" content=\"ARCHER TX20U NANO\" \/>\n<meta property=\"product:condition\" content=\"new\" \/>\n<!-- \/ Yoast SEO plugin. -->","yoast_head_json":{"title":"[ Tp Link ] &#129351; Archer Tx20u Nano Adaptador De Red Usb 2.0 A Ethernet A 100 Mbps Wifi 6- - Dual Band Tp-link","description":"Compra Archer Tx20u Nano Adaptador De Red Usb 2.0 A Ethernet A 100 Mbps Wifi 6- - Dual Band Tp-link + Env\u00edo a domicilio + Pago seguro + Garant\u00eda","robots":{"index":"index","follow":"follow","max-snippet":"max-snippet:-1","max-image-preview":"max-image-preview:large","max-video-preview":"max-video-preview:-1"},"canonical":"https:\/\/compuviper.mx\/tienda\/producto\/tp-link-archer-tx20u-nano-adaptador-de-red-usb-2-0-a-ethernet-a-100-mbps-wifi-6-dual-band-tp-link\/","og_locale":"es_MX","og_type":"article","og_title":"[ Tp Link ] &#129351; Archer Tx20u Nano Adaptador De Red Usb 2.0 A Ethernet A 100 Mbps Wifi 6- - Dual Band Tp-link","og_description":"Compra Archer Tx20u Nano Adaptador De Red Usb 2.0 A Ethernet A 100 Mbps Wifi 6- - Dual Band Tp-link + Env\u00edo a domicilio + Pago seguro + Garant\u00eda","og_url":"https:\/\/compuviper.mx\/tienda\/producto\/tp-link-archer-tx20u-nano-adaptador-de-red-usb-2-0-a-ethernet-a-100-mbps-wifi-6-dual-band-tp-link\/","og_site_name":"Compuviper","article_publisher":"https:\/\/www.facebook.com\/compuviper","og_image":[{"width":200,"height":200,"url":"https:\/\/compuviper.mx\/tienda\/wp-content\/uploads\/2024\/09\/Adaptador-usb-tp-link-archer-tx20u-nano-wifi-6-dual-band-1201-mbps-5-ghz-574-mbps-2.4-ghz.jpg","type":"image\/jpeg"}],"twitter_card":"summary_large_image","twitter_misc":{"Precio":"&#36;391 con IVA","Availability":"In stock"},"schema":{"@context":"https:\/\/schema.org","@graph":[{"@type":"WebPage","@id":"https:\/\/compuviper.mx\/tienda\/producto\/tp-link-archer-tx20u-nano-adaptador-de-red-usb-2-0-a-ethernet-a-100-mbps-wifi-6-dual-band-tp-link\/","url":"https:\/\/compuviper.mx\/tienda\/producto\/tp-link-archer-tx20u-nano-adaptador-de-red-usb-2-0-a-ethernet-a-100-mbps-wifi-6-dual-band-tp-link\/","name":"[ Tp Link ] &#129351; Archer Tx20u Nano Adaptador De Red Usb 2.0 A Ethernet A 100 Mbps Wifi 6- - Dual Band Tp-link","isPartOf":{"@id":"https:\/\/compuviper.mx\/tienda\/#website"},"datePublished":"2026-04-02T05:13:21+00:00","dateModified":"2026-04-02T05:13:21+00:00","description":"Compra Archer Tx20u Nano Adaptador De Red Usb 2.0 A Ethernet A 100 Mbps Wifi 6- - Dual Band Tp-link + Env\u00edo a domicilio + Pago seguro + Garant\u00eda","breadcrumb":{"@id":"https:\/\/compuviper.mx\/tienda\/producto\/tp-link-archer-tx20u-nano-adaptador-de-red-usb-2-0-a-ethernet-a-100-mbps-wifi-6-dual-band-tp-link\/#breadcrumb"},"inLanguage":"es-MX","potentialAction":[{"@type":"ReadAction","target":["https:\/\/compuviper.mx\/tienda\/producto\/tp-link-archer-tx20u-nano-adaptador-de-red-usb-2-0-a-ethernet-a-100-mbps-wifi-6-dual-band-tp-link\/"]}]},{"@type":"BreadcrumbList","@id":"https:\/\/compuviper.mx\/tienda\/producto\/tp-link-archer-tx20u-nano-adaptador-de-red-usb-2-0-a-ethernet-a-100-mbps-wifi-6-dual-band-tp-link\/#breadcrumb","itemListElement":[{"@type":"ListItem","position":1,"name":"Inicio","item":"https:\/\/compuviper.mx\/tienda\/"},{"@type":"ListItem","position":2,"name":"Productos","item":"https:\/\/compuviper.mx\/tienda\/productos\/"},{"@type":"ListItem","position":3,"name":"Accesorios","item":"https:\/\/compuviper.mx\/tienda\/categoria-producto\/accesorios\/"},{"@type":"ListItem","position":4,"name":"Adaptadores","item":"https:\/\/compuviper.mx\/tienda\/categoria-producto\/accesorios\/adaptadores\/"},{"@type":"ListItem","position":5,"name":"Tp Link Archer Tx20u Nano Adaptador De Red Usb 2.0 A Ethernet A 100 Mbps Wifi 6- &#8211; Dual Band Tp-link"}]},{"@type":"WebSite","@id":"https:\/\/compuviper.mx\/tienda\/#website","url":"https:\/\/compuviper.mx\/tienda\/","name":"Compuviper","description":"Proveedor de Computadoras, Laptops, Servidores, Monitores, Puntos de Venta, Teclados,   Impresoras, T\u00f3ner, C\u00e1maras de Seguridad y m\u00e1s en tu tienda en l\u00ednea","publisher":{"@id":"https:\/\/compuviper.mx\/tienda\/#organization"},"potentialAction":[{"@type":"SearchAction","target":{"@type":"EntryPoint","urlTemplate":"https:\/\/compuviper.mx\/tienda\/?s={search_term_string}"},"query-input":"required name=search_term_string"}],"inLanguage":"es-MX"},{"@type":"Organization","@id":"https:\/\/compuviper.mx\/tienda\/#organization","name":"Compuviper","url":"https:\/\/compuviper.mx\/tienda\/","logo":{"@type":"ImageObject","inLanguage":"es-MX","@id":"https:\/\/compuviper.mx\/tienda\/#\/schema\/logo\/image\/","url":"https:\/\/compuviper.mx\/tienda\/wp-content\/uploads\/2021\/08\/Logo-Compuviper-10.png","contentUrl":"https:\/\/compuviper.mx\/tienda\/wp-content\/uploads\/2021\/08\/Logo-Compuviper-10.png","width":1000,"height":500,"caption":"Compuviper"},"image":{"@id":"https:\/\/compuviper.mx\/tienda\/#\/schema\/logo\/image\/"},"sameAs":["https:\/\/www.facebook.com\/compuviper","https:\/\/www.youtube.com\/channel\/UCf73dERp9Y3cfOq7q8BhLjA?view_as=subscriber"]}]},"product_brand":"TP LINK","product_price_amount":"391","product_price_currency":"MXN","og_availability":"instock","product_availability":"instock","product_retailer_item_id":"ARCHER TX20U NANO","product_condition":"new"},"_links":{"self":[{"href":"https:\/\/compuviper.mx\/tienda\/wp-json\/wp\/v2\/product\/238435"}],"collection":[{"href":"https:\/\/compuviper.mx\/tienda\/wp-json\/wp\/v2\/product"}],"about":[{"href":"https:\/\/compuviper.mx\/tienda\/wp-json\/wp\/v2\/types\/product"}],"replies":[{"embeddable":true,"href":"https:\/\/compuviper.mx\/tienda\/wp-json\/wp\/v2\/comments?post=238435"}],"wp:featuredmedia":[{"embeddable":true,"href":"https:\/\/compuviper.mx\/tienda\/wp-json\/wp\/v2\/media\/241973"}],"wp:attachment":[{"href":"https:\/\/compuviper.mx\/tienda\/wp-json\/wp\/v2\/media?parent=238435"}],"wp:term":[{"taxonomy":"product_cat","embeddable":true,"href":"https:\/\/compuviper.mx\/tienda\/wp-json\/wp\/v2\/product_cat?post=238435"},{"taxonomy":"product_tag","embeddable":true,"href":"https:\/\/compuviper.mx\/tienda\/wp-json\/wp\/v2\/product_tag?post=238435"}],"curies":[{"name":"wp","href":"https:\/\/api.w.org\/{rel}","templated":true}]}}