{"id":237805,"date":"2026-04-02T01:47:49","date_gmt":"2026-04-02T07:47:49","guid":{"rendered":"https:\/\/compuviper.mx\/tienda\/producto\/kingston-kf432c16bb-8-memoria-udimm-ddr4-8gb-3200mhz-fury-beast-cl16-288pin-1-35v-c-disipador-de-calor-p-pc-gamer-alto-rendimiento\/"},"modified":"2026-04-03T00:00:24","modified_gmt":"2026-04-03T06:00:24","slug":"kingston-kf432c16bb-8-memoria-ram-dimm-ddr4-8gb-3200mt-s-fury-beast-black-cl16-288pin-1-35v-c-disipador-de-calor-p-pc-gamer-alto-rendimiento","status":"publish","type":"product","link":"https:\/\/compuviper.mx\/tienda\/producto\/kingston-kf432c16bb-8-memoria-ram-dimm-ddr4-8gb-3200mt-s-fury-beast-black-cl16-288pin-1-35v-c-disipador-de-calor-p-pc-gamer-alto-rendimiento\/","title":{"rendered":"Kingston Kf432c16bb\/8 Memoria Ram  Dimm Ddr4 8gb 3200mt\/s Fury Beast Black Cl16 288pin 1.35v C\/disipador De Calor P\/pc\/gamer\/alto Rendimiento"},"content":{"rendered":"<table class=\"descripcion\">\n<tr>\n<td>Tipo de m\u00f3dulo: ddr4<\/td>\n<\/tr>\n<tr>\n<td>Frecuencia: 3200mhz<\/td>\n<\/tr>\n<tr>\n<td>Temperatura de funcionamiento: 0 ~ 85\u00b0c<\/td>\n<\/tr>\n<tr>\n<td>N\u00famero de pines: 288 pin<\/td>\n<\/tr>\n<tr>\n<td>Capacidad: 8gb<\/td>\n<\/tr>\n<tr>\n<td>Color: negro<\/td>\n<\/tr>\n<tr>\n<td>Voltaje: 1.35v<\/td>\n<\/tr>\n<tr>\n<td>Cl: 16 ciclos<\/td>\n<\/tr>\n<\/table>\n","protected":false},"excerpt":{"rendered":"<p>Kingston fury es la \u00faltima generaci\u00f3n de ingenier\u00eda de calidad en memoria de rendimiento y soluciones de almacenamiento para entusiastas de pc, gamers, y creadores de contenido. Nuestros productos est\u00e1n respaldados por la experiencia en ingenier\u00eda, fabricaci\u00f3n, y servicio al cliente de kingston de m\u00e1s de tres d\u00e9cadas.<\/p>\n","protected":false},"featured_media":237806,"comment_status":"open","ping_status":"open","template":"","meta":[],"product_cat":[1793,1797],"product_tag":[1573],"acf":[],"yoast_head":"<!-- This site is optimized with the Yoast SEO plugin v21.7 - https:\/\/yoast.com\/wordpress\/plugins\/seo\/ -->\n<title>[ Kingston ] &#129351; Kf432c16bb\/8 Memoria Ram Dimm Ddr4 8gb 3200mt\/s Fury Beast Black Cl16 288pin 1.35v C\/disipador De Calor P\/pc\/gamer\/alto Rendimiento<\/title>\n<meta name=\"description\" content=\"Compra Kf432c16bb\/8 Memoria Ram Dimm Ddr4 8gb 3200mt\/s Fury Beast Black Cl16 288pin 1.35v C\/disipador De Calor P\/pc\/gamer\/alto Rendimiento + Env\u00edo a domicilio + Pago seguro + Garant\u00eda\" \/>\n<meta name=\"robots\" content=\"index, follow, max-snippet:-1, max-image-preview:large, max-video-preview:-1\" \/>\n<link rel=\"canonical\" href=\"https:\/\/compuviper.mx\/tienda\/producto\/kingston-kf432c16bb-8-memoria-ram-dimm-ddr4-8gb-3200mt-s-fury-beast-black-cl16-288pin-1-35v-c-disipador-de-calor-p-pc-gamer-alto-rendimiento\/\" \/>\n<meta property=\"og:locale\" content=\"es_MX\" \/>\n<meta property=\"og:type\" content=\"article\" \/>\n<meta property=\"og:title\" content=\"[ Kingston ] &#129351; Kf432c16bb\/8 Memoria Ram Dimm Ddr4 8gb 3200mt\/s Fury Beast Black Cl16 288pin 1.35v C\/disipador De Calor P\/pc\/gamer\/alto Rendimiento\" \/>\n<meta property=\"og:description\" content=\"Compra Kf432c16bb\/8 Memoria Ram Dimm Ddr4 8gb 3200mt\/s Fury Beast Black Cl16 288pin 1.35v C\/disipador De Calor P\/pc\/gamer\/alto Rendimiento + Env\u00edo a domicilio + Pago seguro + Garant\u00eda\" \/>\n<meta property=\"og:url\" content=\"https:\/\/compuviper.mx\/tienda\/producto\/kingston-kf432c16bb-8-memoria-ram-dimm-ddr4-8gb-3200mt-s-fury-beast-black-cl16-288pin-1-35v-c-disipador-de-calor-p-pc-gamer-alto-rendimiento\/\" \/>\n<meta property=\"og:site_name\" content=\"Compuviper\" \/>\n<meta property=\"article:publisher\" content=\"https:\/\/www.facebook.com\/compuviper\" \/>\n<meta property=\"article:modified_time\" content=\"2026-04-03T06:00:24+00:00\" \/>\n<meta property=\"og:image\" content=\"https:\/\/compuviper.mx\/tienda\/wp-content\/uploads\/2024\/07\/Memoria-kingston-udimm-ddr4-8gb-3200mhz-fury-beast-cl16-288pin-1.35v-cdisipador-de-calor-ppcgameralto-rendimiento-kf432c16bb8.jpg\" \/>\n\t<meta property=\"og:image:width\" content=\"200\" \/>\n\t<meta property=\"og:image:height\" content=\"200\" \/>\n\t<meta property=\"og:image:type\" content=\"image\/jpeg\" \/>\n<meta name=\"twitter:card\" content=\"summary_large_image\" \/>\n<meta name=\"twitter:label1\" content=\"Precio\" \/>\n\t<meta name=\"twitter:data1\" content=\"&#36;1,255 con IVA\" \/>\n\t<meta name=\"twitter:label2\" content=\"Availability\" \/>\n\t<meta name=\"twitter:data2\" content=\"In stock\" \/>\n<script type=\"application\/ld+json\" class=\"yoast-schema-graph\">{\"@context\":\"https:\/\/schema.org\",\"@graph\":[{\"@type\":\"WebPage\",\"@id\":\"https:\/\/compuviper.mx\/tienda\/producto\/kingston-kf432c16bb-8-memoria-ram-dimm-ddr4-8gb-3200mt-s-fury-beast-black-cl16-288pin-1-35v-c-disipador-de-calor-p-pc-gamer-alto-rendimiento\/\",\"url\":\"https:\/\/compuviper.mx\/tienda\/producto\/kingston-kf432c16bb-8-memoria-ram-dimm-ddr4-8gb-3200mt-s-fury-beast-black-cl16-288pin-1-35v-c-disipador-de-calor-p-pc-gamer-alto-rendimiento\/\",\"name\":\"[ Kingston ] &#129351; Kf432c16bb\/8 Memoria Ram Dimm Ddr4 8gb 3200mt\/s Fury Beast Black Cl16 288pin 1.35v C\/disipador De Calor P\/pc\/gamer\/alto Rendimiento\",\"isPartOf\":{\"@id\":\"https:\/\/compuviper.mx\/tienda\/#website\"},\"datePublished\":\"2026-04-02T07:47:49+00:00\",\"dateModified\":\"2026-04-03T06:00:24+00:00\",\"description\":\"Compra Kf432c16bb\/8 Memoria Ram Dimm Ddr4 8gb 3200mt\/s Fury Beast Black Cl16 288pin 1.35v C\/disipador De Calor P\/pc\/gamer\/alto Rendimiento + Env\u00edo a domicilio + Pago seguro + Garant\u00eda\",\"breadcrumb\":{\"@id\":\"https:\/\/compuviper.mx\/tienda\/producto\/kingston-kf432c16bb-8-memoria-ram-dimm-ddr4-8gb-3200mt-s-fury-beast-black-cl16-288pin-1-35v-c-disipador-de-calor-p-pc-gamer-alto-rendimiento\/#breadcrumb\"},\"inLanguage\":\"es-MX\",\"potentialAction\":[{\"@type\":\"ReadAction\",\"target\":[\"https:\/\/compuviper.mx\/tienda\/producto\/kingston-kf432c16bb-8-memoria-ram-dimm-ddr4-8gb-3200mt-s-fury-beast-black-cl16-288pin-1-35v-c-disipador-de-calor-p-pc-gamer-alto-rendimiento\/\"]}]},{\"@type\":\"BreadcrumbList\",\"@id\":\"https:\/\/compuviper.mx\/tienda\/producto\/kingston-kf432c16bb-8-memoria-ram-dimm-ddr4-8gb-3200mt-s-fury-beast-black-cl16-288pin-1-35v-c-disipador-de-calor-p-pc-gamer-alto-rendimiento\/#breadcrumb\",\"itemListElement\":[{\"@type\":\"ListItem\",\"position\":1,\"name\":\"Inicio\",\"item\":\"https:\/\/compuviper.mx\/tienda\/\"},{\"@type\":\"ListItem\",\"position\":2,\"name\":\"Productos\",\"item\":\"https:\/\/compuviper.mx\/tienda\/productos\/\"},{\"@type\":\"ListItem\",\"position\":3,\"name\":\"Memorias\",\"item\":\"https:\/\/compuviper.mx\/tienda\/categoria-producto\/memorias\/\"},{\"@type\":\"ListItem\",\"position\":4,\"name\":\"Memoria Ram\",\"item\":\"https:\/\/compuviper.mx\/tienda\/categoria-producto\/memorias\/memoria-ram\/\"},{\"@type\":\"ListItem\",\"position\":5,\"name\":\"Kingston Kf432c16bb\/8 Memoria Ram Dimm Ddr4 8gb 3200mt\/s Fury Beast Black Cl16 288pin 1.35v C\/disipador De Calor P\/pc\/gamer\/alto Rendimiento\"}]},{\"@type\":\"WebSite\",\"@id\":\"https:\/\/compuviper.mx\/tienda\/#website\",\"url\":\"https:\/\/compuviper.mx\/tienda\/\",\"name\":\"Compuviper\",\"description\":\"Proveedor de Computadoras, Laptops, Servidores, Monitores, Puntos de Venta, Teclados,   Impresoras, T\u00f3ner, C\u00e1maras de Seguridad y m\u00e1s en tu tienda en l\u00ednea\",\"publisher\":{\"@id\":\"https:\/\/compuviper.mx\/tienda\/#organization\"},\"potentialAction\":[{\"@type\":\"SearchAction\",\"target\":{\"@type\":\"EntryPoint\",\"urlTemplate\":\"https:\/\/compuviper.mx\/tienda\/?s={search_term_string}\"},\"query-input\":\"required name=search_term_string\"}],\"inLanguage\":\"es-MX\"},{\"@type\":\"Organization\",\"@id\":\"https:\/\/compuviper.mx\/tienda\/#organization\",\"name\":\"Compuviper\",\"url\":\"https:\/\/compuviper.mx\/tienda\/\",\"logo\":{\"@type\":\"ImageObject\",\"inLanguage\":\"es-MX\",\"@id\":\"https:\/\/compuviper.mx\/tienda\/#\/schema\/logo\/image\/\",\"url\":\"https:\/\/compuviper.mx\/tienda\/wp-content\/uploads\/2021\/08\/Logo-Compuviper-10.png\",\"contentUrl\":\"https:\/\/compuviper.mx\/tienda\/wp-content\/uploads\/2021\/08\/Logo-Compuviper-10.png\",\"width\":1000,\"height\":500,\"caption\":\"Compuviper\"},\"image\":{\"@id\":\"https:\/\/compuviper.mx\/tienda\/#\/schema\/logo\/image\/\"},\"sameAs\":[\"https:\/\/www.facebook.com\/compuviper\",\"https:\/\/www.youtube.com\/channel\/UCf73dERp9Y3cfOq7q8BhLjA?view_as=subscriber\"]}]}<\/script>\n<meta property=\"product:brand\" content=\"KINGSTON\" \/>\n<meta property=\"product:price:amount\" content=\"1255\" \/>\n<meta property=\"product:price:currency\" content=\"MXN\" \/>\n<meta property=\"og:availability\" content=\"instock\" \/>\n<meta property=\"product:availability\" content=\"instock\" \/>\n<meta property=\"product:retailer_item_id\" content=\"KF432C16BB\/8\" \/>\n<meta property=\"product:condition\" content=\"new\" \/>\n<!-- \/ Yoast SEO plugin. -->","yoast_head_json":{"title":"[ Kingston ] &#129351; Kf432c16bb\/8 Memoria Ram Dimm Ddr4 8gb 3200mt\/s Fury Beast Black Cl16 288pin 1.35v C\/disipador De Calor P\/pc\/gamer\/alto Rendimiento","description":"Compra Kf432c16bb\/8 Memoria Ram Dimm Ddr4 8gb 3200mt\/s Fury Beast Black Cl16 288pin 1.35v C\/disipador De Calor P\/pc\/gamer\/alto Rendimiento + Env\u00edo a domicilio + Pago seguro + Garant\u00eda","robots":{"index":"index","follow":"follow","max-snippet":"max-snippet:-1","max-image-preview":"max-image-preview:large","max-video-preview":"max-video-preview:-1"},"canonical":"https:\/\/compuviper.mx\/tienda\/producto\/kingston-kf432c16bb-8-memoria-ram-dimm-ddr4-8gb-3200mt-s-fury-beast-black-cl16-288pin-1-35v-c-disipador-de-calor-p-pc-gamer-alto-rendimiento\/","og_locale":"es_MX","og_type":"article","og_title":"[ Kingston ] &#129351; Kf432c16bb\/8 Memoria Ram Dimm Ddr4 8gb 3200mt\/s Fury Beast Black Cl16 288pin 1.35v C\/disipador De Calor P\/pc\/gamer\/alto Rendimiento","og_description":"Compra Kf432c16bb\/8 Memoria Ram Dimm Ddr4 8gb 3200mt\/s Fury Beast Black Cl16 288pin 1.35v C\/disipador De Calor P\/pc\/gamer\/alto Rendimiento + Env\u00edo a domicilio + Pago seguro + Garant\u00eda","og_url":"https:\/\/compuviper.mx\/tienda\/producto\/kingston-kf432c16bb-8-memoria-ram-dimm-ddr4-8gb-3200mt-s-fury-beast-black-cl16-288pin-1-35v-c-disipador-de-calor-p-pc-gamer-alto-rendimiento\/","og_site_name":"Compuviper","article_publisher":"https:\/\/www.facebook.com\/compuviper","article_modified_time":"2026-04-03T06:00:24+00:00","og_image":[{"width":200,"height":200,"url":"https:\/\/compuviper.mx\/tienda\/wp-content\/uploads\/2024\/07\/Memoria-kingston-udimm-ddr4-8gb-3200mhz-fury-beast-cl16-288pin-1.35v-cdisipador-de-calor-ppcgameralto-rendimiento-kf432c16bb8.jpg","type":"image\/jpeg"}],"twitter_card":"summary_large_image","twitter_misc":{"Precio":"&#36;1,255 con IVA","Availability":"In stock"},"schema":{"@context":"https:\/\/schema.org","@graph":[{"@type":"WebPage","@id":"https:\/\/compuviper.mx\/tienda\/producto\/kingston-kf432c16bb-8-memoria-ram-dimm-ddr4-8gb-3200mt-s-fury-beast-black-cl16-288pin-1-35v-c-disipador-de-calor-p-pc-gamer-alto-rendimiento\/","url":"https:\/\/compuviper.mx\/tienda\/producto\/kingston-kf432c16bb-8-memoria-ram-dimm-ddr4-8gb-3200mt-s-fury-beast-black-cl16-288pin-1-35v-c-disipador-de-calor-p-pc-gamer-alto-rendimiento\/","name":"[ Kingston ] &#129351; Kf432c16bb\/8 Memoria Ram Dimm Ddr4 8gb 3200mt\/s Fury Beast Black Cl16 288pin 1.35v C\/disipador De Calor P\/pc\/gamer\/alto Rendimiento","isPartOf":{"@id":"https:\/\/compuviper.mx\/tienda\/#website"},"datePublished":"2026-04-02T07:47:49+00:00","dateModified":"2026-04-03T06:00:24+00:00","description":"Compra Kf432c16bb\/8 Memoria Ram Dimm Ddr4 8gb 3200mt\/s Fury Beast Black Cl16 288pin 1.35v C\/disipador De Calor P\/pc\/gamer\/alto Rendimiento + Env\u00edo a domicilio + Pago seguro + Garant\u00eda","breadcrumb":{"@id":"https:\/\/compuviper.mx\/tienda\/producto\/kingston-kf432c16bb-8-memoria-ram-dimm-ddr4-8gb-3200mt-s-fury-beast-black-cl16-288pin-1-35v-c-disipador-de-calor-p-pc-gamer-alto-rendimiento\/#breadcrumb"},"inLanguage":"es-MX","potentialAction":[{"@type":"ReadAction","target":["https:\/\/compuviper.mx\/tienda\/producto\/kingston-kf432c16bb-8-memoria-ram-dimm-ddr4-8gb-3200mt-s-fury-beast-black-cl16-288pin-1-35v-c-disipador-de-calor-p-pc-gamer-alto-rendimiento\/"]}]},{"@type":"BreadcrumbList","@id":"https:\/\/compuviper.mx\/tienda\/producto\/kingston-kf432c16bb-8-memoria-ram-dimm-ddr4-8gb-3200mt-s-fury-beast-black-cl16-288pin-1-35v-c-disipador-de-calor-p-pc-gamer-alto-rendimiento\/#breadcrumb","itemListElement":[{"@type":"ListItem","position":1,"name":"Inicio","item":"https:\/\/compuviper.mx\/tienda\/"},{"@type":"ListItem","position":2,"name":"Productos","item":"https:\/\/compuviper.mx\/tienda\/productos\/"},{"@type":"ListItem","position":3,"name":"Memorias","item":"https:\/\/compuviper.mx\/tienda\/categoria-producto\/memorias\/"},{"@type":"ListItem","position":4,"name":"Memoria Ram","item":"https:\/\/compuviper.mx\/tienda\/categoria-producto\/memorias\/memoria-ram\/"},{"@type":"ListItem","position":5,"name":"Kingston Kf432c16bb\/8 Memoria Ram Dimm Ddr4 8gb 3200mt\/s Fury Beast Black Cl16 288pin 1.35v C\/disipador De Calor P\/pc\/gamer\/alto Rendimiento"}]},{"@type":"WebSite","@id":"https:\/\/compuviper.mx\/tienda\/#website","url":"https:\/\/compuviper.mx\/tienda\/","name":"Compuviper","description":"Proveedor de Computadoras, Laptops, Servidores, Monitores, Puntos de Venta, Teclados,   Impresoras, T\u00f3ner, C\u00e1maras de Seguridad y m\u00e1s en tu tienda en l\u00ednea","publisher":{"@id":"https:\/\/compuviper.mx\/tienda\/#organization"},"potentialAction":[{"@type":"SearchAction","target":{"@type":"EntryPoint","urlTemplate":"https:\/\/compuviper.mx\/tienda\/?s={search_term_string}"},"query-input":"required name=search_term_string"}],"inLanguage":"es-MX"},{"@type":"Organization","@id":"https:\/\/compuviper.mx\/tienda\/#organization","name":"Compuviper","url":"https:\/\/compuviper.mx\/tienda\/","logo":{"@type":"ImageObject","inLanguage":"es-MX","@id":"https:\/\/compuviper.mx\/tienda\/#\/schema\/logo\/image\/","url":"https:\/\/compuviper.mx\/tienda\/wp-content\/uploads\/2021\/08\/Logo-Compuviper-10.png","contentUrl":"https:\/\/compuviper.mx\/tienda\/wp-content\/uploads\/2021\/08\/Logo-Compuviper-10.png","width":1000,"height":500,"caption":"Compuviper"},"image":{"@id":"https:\/\/compuviper.mx\/tienda\/#\/schema\/logo\/image\/"},"sameAs":["https:\/\/www.facebook.com\/compuviper","https:\/\/www.youtube.com\/channel\/UCf73dERp9Y3cfOq7q8BhLjA?view_as=subscriber"]}]},"product_brand":"KINGSTON","product_price_amount":"1255","product_price_currency":"MXN","og_availability":"instock","product_availability":"instock","product_retailer_item_id":"KF432C16BB\/8","product_condition":"new"},"_links":{"self":[{"href":"https:\/\/compuviper.mx\/tienda\/wp-json\/wp\/v2\/product\/237805"}],"collection":[{"href":"https:\/\/compuviper.mx\/tienda\/wp-json\/wp\/v2\/product"}],"about":[{"href":"https:\/\/compuviper.mx\/tienda\/wp-json\/wp\/v2\/types\/product"}],"replies":[{"embeddable":true,"href":"https:\/\/compuviper.mx\/tienda\/wp-json\/wp\/v2\/comments?post=237805"}],"wp:featuredmedia":[{"embeddable":true,"href":"https:\/\/compuviper.mx\/tienda\/wp-json\/wp\/v2\/media\/237806"}],"wp:attachment":[{"href":"https:\/\/compuviper.mx\/tienda\/wp-json\/wp\/v2\/media?parent=237805"}],"wp:term":[{"taxonomy":"product_cat","embeddable":true,"href":"https:\/\/compuviper.mx\/tienda\/wp-json\/wp\/v2\/product_cat?post=237805"},{"taxonomy":"product_tag","embeddable":true,"href":"https:\/\/compuviper.mx\/tienda\/wp-json\/wp\/v2\/product_tag?post=237805"}],"curies":[{"name":"wp","href":"https:\/\/api.w.org\/{rel}","templated":true}]}}