{"id":237412,"date":"2026-04-25T00:40:56","date_gmt":"2026-04-25T06:40:56","guid":{"rendered":"https:\/\/compuviper.mx\/tienda\/producto\/gigabyte-b450m-ds3h-mb-b450-amd-s-am4-2a-gen-4xddr4-2933mhz-dvi-hdmi-4xusb3-1-m-2-micro-atx-gama-media\/"},"modified":"2026-04-26T00:00:21","modified_gmt":"2026-04-26T06:00:21","slug":"gigabyte-b450m-ds3h-mb-b450-amd-s-am4-2a-gen-4xddr4-2933mhz-dvi-hdmi-4xusb3-1-m-2-micro-atx-gama-media","status":"publish","type":"product","link":"https:\/\/compuviper.mx\/tienda\/producto\/gigabyte-b450m-ds3h-mb-b450-amd-s-am4-2a-gen-4xddr4-2933mhz-dvi-hdmi-4xusb3-1-m-2-micro-atx-gama-media\/","title":{"rendered":"Gigabyte B450m Ds3h Mb  B450 Amd S-am4 2a Gen\/4xddr4 2933mhz\/dvi\/hdmi\/4xusb3.1\/m.2\/ Micro Atx\/gama Media"},"content":{"rendered":"<table class=\"descripcion\">\n<tr>\n<td>Cpu<\/td>\n<\/tr>\n<tr>\n<td>Socket am4:<\/td>\n<\/tr>\n<tr>\n<td>Procesadores amd ryzen  de 2da generacion<\/td>\n<\/tr>\n<tr>\n<td>Amd ryzen  con procesadores graficos radeon  vega<\/td>\n<\/tr>\n<tr>\n<td>Procesadores amd ryzen  1st generation<\/td>\n<\/tr>\n<tr>\n<td>(consulte lista de compatibilidad de cpu para obtener mas informacion).<\/td>\n<\/tr>\n<tr>\n<td>Chipset<\/td>\n<\/tr>\n<tr>\n<td>Amd b450<\/td>\n<\/tr>\n<tr>\n<td>Memoria<\/td>\n<\/tr>\n<tr>\n<td>4 x dimm sockets ddr4 que admiten hasta 64 gb de memoria del sistema<\/td>\n<\/tr>\n<tr>\n<td>Dual channel memory architecture<\/td>\n<\/tr>\n<tr>\n<td>Support for ddr4 3200(o.c.)\/2933\/2667\/2400\/2133 mhz memory modules<\/td>\n<\/tr>\n<tr>\n<td>Support for ecc un-buffered dimm 1rx8\/2rx8 memory modules (operate in non-ecc mode)<\/td>\n<\/tr>\n<tr>\n<td>Support for non-ecc un-buffered dimm 1rx8\/2rx8\/1rx16 memory modules<\/td>\n<\/tr>\n<tr>\n<td>Support for extreme memory profile (xmp) memory modules<\/td>\n<\/tr>\n<tr>\n<td> (consulte lista de soporte de memoria para obtener mas informacion).<\/td>\n<\/tr>\n<tr>\n<td>Graficos<\/td>\n<\/tr>\n<tr>\n<td>Procesador de graficos :<\/td>\n<\/tr>\n<tr>\n<td>1 x puerto dvi-d, que admite una resolucion maxima de 1920&#215;1200 a 60 hz<\/td>\n<\/tr>\n<tr>\n<td>* el puerto dvi-d no es compatible con la conexion d-sub por adaptador.<\/td>\n<\/tr>\n<tr>\n<td>1 x puerto hdmi, que admite una resolucion maxima de 4096&#215;2160 a 60 hz (nota)<\/td>\n<\/tr>\n<tr>\n<td>* compatible con la version hdmi 2.0 y hdcp 2.2. (nota)<\/td>\n<\/tr>\n<tr>\n<td>Memoria compartida maxima de 2 gb<\/td>\n<\/tr>\n<tr>\n<td>(nota) el soporte real puede variar segun la cpu.<\/td>\n<\/tr>\n<tr>\n<td>Audio<\/td>\n<\/tr>\n<tr>\n<td>Codec realtek  alc887<\/td>\n<\/tr>\n<tr>\n<td>Audio de alta definicion<\/td>\n<\/tr>\n<tr>\n<td>Canal 2\/4 \/ 5.1 \/ 7.1<\/td>\n<\/tr>\n<tr>\n<td>* para configurar el audio de 7.1 canales, debe usar un modulo de audio del panel frontal hd y habilitar la funcion de audio multicanal a traves del controlador de audio.<\/td>\n<\/tr>\n<tr>\n<td>Soporte para salida s \/ pdif<\/td>\n<\/tr>\n<tr>\n<td>Lan<\/td>\n<\/tr>\n<tr>\n<td>Chip lan realtek  gbe (10\/100\/1000 mbit)<\/td>\n<\/tr>\n<tr>\n<td>Puertos de expansion<\/td>\n<\/tr>\n<tr>\n<td>1 x ranura pci express x16, funcionando a x16 (pciex16) (nota)<\/td>\n<\/tr>\n<tr>\n<td>* para un rendimiento optimo, si solo se va a instalar una tarjeta grafica pci express, asegurese de instalarla en la ranura pciex16.<\/td>\n<\/tr>\n<tr>\n<td>(la ranura pciex16 cumple con el estandar pci express 3.0.)<\/td>\n<\/tr>\n<tr>\n<td>1 x ranura pci express x16, ejecutandose en x4 (pciex4)<\/td>\n<\/tr>\n<tr>\n<td>1 x ranura pci express x1<\/td>\n<\/tr>\n<tr>\n<td>(las ranuras pciex4 y pci express x1 cumplen con el estandar pci express 2.0.)<\/td>\n<\/tr>\n<tr>\n<td>(nota) el soporte real puede variar segun la cpu.<\/td>\n<\/tr>\n<tr>\n<td>Interfaz de almacenamiento<\/td>\n<\/tr>\n<tr>\n<td>1 x conector m.2 (socket 3, clave m, tipo 2242\/2260\/2280\/22110 sata y pcie 3.0 x4 \/ x2 ssd support)<\/td>\n<\/tr>\n<tr>\n<td>4 x conectores sata 6gb \/ s<\/td>\n<\/tr>\n<tr>\n<td>Compatibilidad con raid 0, raid 1 y raid 10<\/td>\n<\/tr>\n<tr>\n<td>* consulte 1-7 conectores internos para ver los avisos de instalacion de los conectores m.2 y sata.<\/td>\n<\/tr>\n<tr>\n<td>Tecnologia multi-graficos<\/td>\n<\/tr>\n<tr>\n<td>Compatibilidad con las tecnologias amd quad-gpu crossfire  y amd crossfire  de 2 vias<\/td>\n<\/tr>\n<tr>\n<td>Usb<\/td>\n<\/tr>\n<tr>\n<td>Chipset:<\/td>\n<\/tr>\n<tr>\n<td>2 x puertos usb 3.1 gen 1 disponibles a traves del encabezado usb interno<\/td>\n<\/tr>\n<tr>\n<td>8 x puertos usb 2.0 \/ 1.1 (4 puertos en el panel posterior, 4 puertos disponibles a traves de los conectores usb internos)<\/td>\n<\/tr>\n<tr>\n<td>Cpu:<\/td>\n<\/tr>\n<tr>\n<td>4 x puertos usb 3.1 gen 1 en el panel posterior<\/td>\n<\/tr>\n<tr>\n<td>Conectores internos de e\/s<\/td>\n<\/tr>\n<tr>\n<td>1 x conector de alimentacion principal atx de 24 pines<\/td>\n<\/tr>\n<tr>\n<td>1 x conector de alimentacion atx 12v de 8 pines<\/td>\n<\/tr>\n<tr>\n<td>1 x encabezado del ventilador de la cpu<\/td>\n<\/tr>\n<tr>\n<td>1 x encabezado del ventilador del sistema<\/td>\n<\/tr>\n<tr>\n<td>1 x conector m.2 socket 3<\/td>\n<\/tr>\n<tr>\n<td>4 x conectores sata 6gb \/ s<\/td>\n<\/tr>\n<tr>\n<td>1 x encabezado del panel frontal<\/td>\n<\/tr>\n<tr>\n<td>1 x encabezado de audio del panel frontal<\/td>\n<\/tr>\n<tr>\n<td>1 x encabezado de salida s \/ pdif<\/td>\n<\/tr>\n<tr>\n<td>1 x cpu cooler led tira \/ rgb led tira encabezado<\/td>\n<\/tr>\n<tr>\n<td>1 x usb 3.1 gen 1 encabezado<\/td>\n<\/tr>\n<tr>\n<td>2 x usb 2.0 \/ 1.1 encabezados<\/td>\n<\/tr>\n<tr>\n<td>1 x encabezado de modulo de plataforma confiable (tpm) (pin 2&#215;10, solo para el modulo gc-tpm2.0)<\/td>\n<\/tr>\n<tr>\n<td>1 x encabezado de puerto serie<\/td>\n<\/tr>\n<tr>\n<td>1 x puente cmos transparente<\/td>\n<\/tr>\n<tr>\n<td>Conectores del panel trasero<\/td>\n<\/tr>\n<tr>\n<td>1 x puerto ps\/2  de teclado\/ mouse<\/td>\n<\/tr>\n<tr>\n<td>1 x puerto dvi-d<\/td>\n<\/tr>\n<tr>\n<td>1 x puerto hdmi<\/td>\n<\/tr>\n<tr>\n<td>4 x puertos usb 3.1 gen 1<\/td>\n<\/tr>\n<tr>\n<td>4 x puertos usb 2.0 \/ 1.1<\/td>\n<\/tr>\n<tr>\n<td>1 x puerto rj-45<\/td>\n<\/tr>\n<tr>\n<td>3 x conectores de audio<\/td>\n<\/tr>\n<tr>\n<td>Controlador de e \/ s<\/td>\n<\/tr>\n<tr>\n<td>Chip controlador de e \/ s ite<\/td>\n<\/tr>\n<tr>\n<td>Monitorizacion h\/w<\/td>\n<\/tr>\n<tr>\n<td>Deteccion de voltaje<\/td>\n<\/tr>\n<tr>\n<td>Deteccion de temperatura<\/td>\n<\/tr>\n<tr>\n<td>Deteccion de velocidad del ventilador<\/td>\n<\/tr>\n<tr>\n<td>Advertencia de sobrecalentamiento<\/td>\n<\/tr>\n<tr>\n<td>Advertencia de falla del ventilador<\/td>\n<\/tr>\n<tr>\n<td>Control de velocidad del ventilador<\/td>\n<\/tr>\n<tr>\n<td>* si la funcion de control de velocidad del ventilador es compatible dependera del enfriador que instale.<\/td>\n<\/tr>\n<tr>\n<td>Bios<\/td>\n<\/tr>\n<tr>\n<td>1 x 128 mbit flash<\/td>\n<\/tr>\n<tr>\n<td>Uso de bios ami uefi con licencia<\/td>\n<\/tr>\n<tr>\n<td>Pnp 1.0a, dmi 2.7, wfm 2.0, sm bios 2.7, acpi 5.0<\/td>\n<\/tr>\n<tr>\n<td>Caracteristicas unicas<\/td>\n<\/tr>\n<tr>\n<td>Soporte para app center<\/td>\n<\/tr>\n<tr>\n<td>* las aplicaciones disponibles en app center pueden variar segun el modelo de la placa base. las funciones compatibles de cada aplicacion tambien pueden variar segun las especificaciones de la placa base.<\/td>\n<\/tr>\n<tr>\n<td>@bios<\/td>\n<\/tr>\n<tr>\n<td>3d osd<\/td>\n<\/tr>\n<tr>\n<td>Autogreen<\/td>\n<\/tr>\n<tr>\n<td>Cloud station<\/td>\n<\/tr>\n<tr>\n<td>Easytune<\/td>\n<\/tr>\n<tr>\n<td>Fast boot<\/td>\n<\/tr>\n<tr>\n<td>Game boost<\/td>\n<\/tr>\n<tr>\n<td>Encendido \/ apagado carga<\/td>\n<\/tr>\n<tr>\n<td>Rgb fusion<\/td>\n<\/tr>\n<tr>\n<td>Smart backup<\/td>\n<\/tr>\n<tr>\n<td>Smart keyboard<\/td>\n<\/tr>\n<tr>\n<td>Smart timelock<\/td>\n<\/tr>\n<tr>\n<td>Smart hud sistema de<\/td>\n<\/tr>\n<tr>\n<td>Encuesta inteligente<\/td>\n<\/tr>\n<tr>\n<td>Visor de informacion<\/td>\n<\/tr>\n<tr>\n<td>Usb blocker<\/td>\n<\/tr>\n<tr>\n<td>V-tuner<\/td>\n<\/tr>\n<tr>\n<td>Soporte para q-flash<\/td>\n<\/tr>\n<tr>\n<td>Soporte para xpress install<\/td>\n<\/tr>\n<tr>\n<td>Software incluido<\/td>\n<\/tr>\n<tr>\n<td>Norton  internet security (version oem)<\/td>\n<\/tr>\n<tr>\n<td>Cfosspeed<\/td>\n<\/tr>\n<tr>\n<td>Sistema operativo<\/td>\n<\/tr>\n<tr>\n<td>Soporte para windows 10 de 64 bits<\/td>\n<\/tr>\n<tr>\n<td>Soporte para windows 7 de 64 bits<\/td>\n<\/tr>\n<tr>\n<td>* para admitir windows 7 de 64 bits, debe instalar una cpu amd pinnacle ridge y summit ridge.<\/td>\n<\/tr>\n<tr>\n<td>* descargue la herramienta de instalacion usb de windows del sitio web de gigabyte e instalela antes de instalar windows 7.<\/td>\n<\/tr>\n<tr>\n<td>Diseno<\/td>\n<\/tr>\n<tr>\n<td>Factor de forma micro atx; 24.4cm x 21.5cm<\/td>\n<\/tr>\n<\/table>\n","protected":false},"excerpt":{"rendered":"<p>Amd presenta los ultimos procesadores de la serie ryzen  2000 para proporcionar la potencia de computo necesaria para los juegos. Las placas base de la serie 400 de gigabyte se ajustan perfectamente al rendimiento informatico de los procesadores de la serie amd ryzen  2000 con mas funciones y mas control. Los usuarios pueden disfrutar los beneficios traidos por los procesadores de la serie amd ryzen  2000.<\/p>\n","protected":false},"featured_media":237413,"comment_status":"open","ping_status":"open","template":"","meta":[],"product_cat":[1727,1734],"product_tag":[1732],"acf":[],"yoast_head":"<!-- This site is optimized with the Yoast SEO plugin v21.7 - https:\/\/yoast.com\/wordpress\/plugins\/seo\/ -->\n<title>[ Gigabyte ] &#129351; B450m Ds3h Mb B450 Amd S-am4 2a Gen\/4xddr4 2933mhz\/dvi\/hdmi\/4xusb3.1\/m.2\/ Micro Atx\/gama Media<\/title>\n<meta name=\"description\" content=\"Compra B450m Ds3h Mb B450 Amd S-am4 2a Gen\/4xddr4 2933mhz\/dvi\/hdmi\/4xusb3.1\/m.2\/ Micro Atx\/gama Media + Env\u00edo a domicilio + Pago seguro + Garant\u00eda\" \/>\n<meta name=\"robots\" content=\"index, follow, max-snippet:-1, max-image-preview:large, max-video-preview:-1\" \/>\n<link rel=\"canonical\" href=\"https:\/\/compuviper.mx\/tienda\/producto\/gigabyte-b450m-ds3h-mb-b450-amd-s-am4-2a-gen-4xddr4-2933mhz-dvi-hdmi-4xusb3-1-m-2-micro-atx-gama-media\/\" \/>\n<meta property=\"og:locale\" content=\"es_MX\" \/>\n<meta property=\"og:type\" content=\"article\" \/>\n<meta property=\"og:title\" content=\"[ Gigabyte ] &#129351; B450m Ds3h Mb B450 Amd S-am4 2a Gen\/4xddr4 2933mhz\/dvi\/hdmi\/4xusb3.1\/m.2\/ Micro Atx\/gama Media\" \/>\n<meta property=\"og:description\" content=\"Compra B450m Ds3h Mb B450 Amd S-am4 2a Gen\/4xddr4 2933mhz\/dvi\/hdmi\/4xusb3.1\/m.2\/ Micro Atx\/gama Media + Env\u00edo a domicilio + Pago seguro + Garant\u00eda\" \/>\n<meta property=\"og:url\" content=\"https:\/\/compuviper.mx\/tienda\/producto\/gigabyte-b450m-ds3h-mb-b450-amd-s-am4-2a-gen-4xddr4-2933mhz-dvi-hdmi-4xusb3-1-m-2-micro-atx-gama-media\/\" \/>\n<meta property=\"og:site_name\" content=\"Compuviper\" \/>\n<meta property=\"article:publisher\" content=\"https:\/\/www.facebook.com\/compuviper\" \/>\n<meta property=\"article:modified_time\" content=\"2026-04-26T06:00:21+00:00\" \/>\n<meta property=\"og:image\" content=\"https:\/\/compuviper.mx\/tienda\/wp-content\/uploads\/2024\/07\/Mb-gigabyte-b450-amd-s-am4-2a-gen4xddr4-2933mhzdvihdmi4xusb3.1m.2-micro-atxgama-media.jpg\" \/>\n\t<meta property=\"og:image:width\" content=\"200\" \/>\n\t<meta property=\"og:image:height\" content=\"200\" \/>\n\t<meta property=\"og:image:type\" content=\"image\/jpeg\" \/>\n<meta name=\"twitter:card\" content=\"summary_large_image\" \/>\n<meta name=\"twitter:label1\" content=\"Precio\" \/>\n\t<meta name=\"twitter:data1\" content=\"&#36;1,277 con IVA\" \/>\n\t<meta name=\"twitter:label2\" content=\"Availability\" \/>\n\t<meta name=\"twitter:data2\" content=\"Out of stock\" \/>\n<script type=\"application\/ld+json\" class=\"yoast-schema-graph\">{\"@context\":\"https:\/\/schema.org\",\"@graph\":[{\"@type\":\"WebPage\",\"@id\":\"https:\/\/compuviper.mx\/tienda\/producto\/gigabyte-b450m-ds3h-mb-b450-amd-s-am4-2a-gen-4xddr4-2933mhz-dvi-hdmi-4xusb3-1-m-2-micro-atx-gama-media\/\",\"url\":\"https:\/\/compuviper.mx\/tienda\/producto\/gigabyte-b450m-ds3h-mb-b450-amd-s-am4-2a-gen-4xddr4-2933mhz-dvi-hdmi-4xusb3-1-m-2-micro-atx-gama-media\/\",\"name\":\"[ Gigabyte ] &#129351; B450m Ds3h Mb B450 Amd S-am4 2a Gen\/4xddr4 2933mhz\/dvi\/hdmi\/4xusb3.1\/m.2\/ Micro Atx\/gama Media\",\"isPartOf\":{\"@id\":\"https:\/\/compuviper.mx\/tienda\/#website\"},\"datePublished\":\"2026-04-25T06:40:56+00:00\",\"dateModified\":\"2026-04-26T06:00:21+00:00\",\"description\":\"Compra B450m Ds3h Mb B450 Amd S-am4 2a Gen\/4xddr4 2933mhz\/dvi\/hdmi\/4xusb3.1\/m.2\/ Micro Atx\/gama Media + Env\u00edo a domicilio + Pago seguro + Garant\u00eda\",\"breadcrumb\":{\"@id\":\"https:\/\/compuviper.mx\/tienda\/producto\/gigabyte-b450m-ds3h-mb-b450-amd-s-am4-2a-gen-4xddr4-2933mhz-dvi-hdmi-4xusb3-1-m-2-micro-atx-gama-media\/#breadcrumb\"},\"inLanguage\":\"es-MX\",\"potentialAction\":[{\"@type\":\"ReadAction\",\"target\":[\"https:\/\/compuviper.mx\/tienda\/producto\/gigabyte-b450m-ds3h-mb-b450-amd-s-am4-2a-gen-4xddr4-2933mhz-dvi-hdmi-4xusb3-1-m-2-micro-atx-gama-media\/\"]}]},{\"@type\":\"BreadcrumbList\",\"@id\":\"https:\/\/compuviper.mx\/tienda\/producto\/gigabyte-b450m-ds3h-mb-b450-amd-s-am4-2a-gen-4xddr4-2933mhz-dvi-hdmi-4xusb3-1-m-2-micro-atx-gama-media\/#breadcrumb\",\"itemListElement\":[{\"@type\":\"ListItem\",\"position\":1,\"name\":\"Inicio\",\"item\":\"https:\/\/compuviper.mx\/tienda\/\"},{\"@type\":\"ListItem\",\"position\":2,\"name\":\"Productos\",\"item\":\"https:\/\/compuviper.mx\/tienda\/productos\/\"},{\"@type\":\"ListItem\",\"position\":3,\"name\":\"Tarjeta Madre\",\"item\":\"https:\/\/compuviper.mx\/tienda\/categoria-producto\/tarjeta-madre\/\"},{\"@type\":\"ListItem\",\"position\":4,\"name\":\"Socket Am4\",\"item\":\"https:\/\/compuviper.mx\/tienda\/categoria-producto\/tarjeta-madre\/socket-am4\/\"},{\"@type\":\"ListItem\",\"position\":5,\"name\":\"Gigabyte B450m Ds3h Mb B450 Amd S-am4 2a Gen\/4xddr4 2933mhz\/dvi\/hdmi\/4xusb3.1\/m.2\/ Micro Atx\/gama Media\"}]},{\"@type\":\"WebSite\",\"@id\":\"https:\/\/compuviper.mx\/tienda\/#website\",\"url\":\"https:\/\/compuviper.mx\/tienda\/\",\"name\":\"Compuviper\",\"description\":\"Proveedor de Computadoras, Laptops, Servidores, Monitores, Puntos de Venta, Teclados,   Impresoras, T\u00f3ner, C\u00e1maras de Seguridad y m\u00e1s en tu tienda en l\u00ednea\",\"publisher\":{\"@id\":\"https:\/\/compuviper.mx\/tienda\/#organization\"},\"potentialAction\":[{\"@type\":\"SearchAction\",\"target\":{\"@type\":\"EntryPoint\",\"urlTemplate\":\"https:\/\/compuviper.mx\/tienda\/?s={search_term_string}\"},\"query-input\":\"required name=search_term_string\"}],\"inLanguage\":\"es-MX\"},{\"@type\":\"Organization\",\"@id\":\"https:\/\/compuviper.mx\/tienda\/#organization\",\"name\":\"Compuviper\",\"url\":\"https:\/\/compuviper.mx\/tienda\/\",\"logo\":{\"@type\":\"ImageObject\",\"inLanguage\":\"es-MX\",\"@id\":\"https:\/\/compuviper.mx\/tienda\/#\/schema\/logo\/image\/\",\"url\":\"https:\/\/compuviper.mx\/tienda\/wp-content\/uploads\/2021\/08\/Logo-Compuviper-10.png\",\"contentUrl\":\"https:\/\/compuviper.mx\/tienda\/wp-content\/uploads\/2021\/08\/Logo-Compuviper-10.png\",\"width\":1000,\"height\":500,\"caption\":\"Compuviper\"},\"image\":{\"@id\":\"https:\/\/compuviper.mx\/tienda\/#\/schema\/logo\/image\/\"},\"sameAs\":[\"https:\/\/www.facebook.com\/compuviper\",\"https:\/\/www.youtube.com\/channel\/UCf73dERp9Y3cfOq7q8BhLjA?view_as=subscriber\"]}]}<\/script>\n<meta property=\"product:brand\" content=\"GIGABYTE\" \/>\n<meta property=\"product:price:amount\" content=\"1277\" \/>\n<meta property=\"product:price:currency\" content=\"MXN\" \/>\n<meta property=\"og:availability\" content=\"out of stock\" \/>\n<meta property=\"product:availability\" content=\"out of stock\" \/>\n<meta property=\"product:retailer_item_id\" content=\"B450M DS3H\" \/>\n<meta property=\"product:condition\" content=\"new\" \/>\n<!-- \/ Yoast SEO plugin. -->","yoast_head_json":{"title":"[ Gigabyte ] &#129351; B450m Ds3h Mb B450 Amd S-am4 2a Gen\/4xddr4 2933mhz\/dvi\/hdmi\/4xusb3.1\/m.2\/ Micro Atx\/gama Media","description":"Compra B450m Ds3h Mb B450 Amd S-am4 2a Gen\/4xddr4 2933mhz\/dvi\/hdmi\/4xusb3.1\/m.2\/ Micro Atx\/gama Media + Env\u00edo a domicilio + Pago seguro + Garant\u00eda","robots":{"index":"index","follow":"follow","max-snippet":"max-snippet:-1","max-image-preview":"max-image-preview:large","max-video-preview":"max-video-preview:-1"},"canonical":"https:\/\/compuviper.mx\/tienda\/producto\/gigabyte-b450m-ds3h-mb-b450-amd-s-am4-2a-gen-4xddr4-2933mhz-dvi-hdmi-4xusb3-1-m-2-micro-atx-gama-media\/","og_locale":"es_MX","og_type":"article","og_title":"[ Gigabyte ] &#129351; B450m Ds3h Mb B450 Amd S-am4 2a Gen\/4xddr4 2933mhz\/dvi\/hdmi\/4xusb3.1\/m.2\/ Micro Atx\/gama Media","og_description":"Compra B450m Ds3h Mb B450 Amd S-am4 2a Gen\/4xddr4 2933mhz\/dvi\/hdmi\/4xusb3.1\/m.2\/ Micro Atx\/gama Media + Env\u00edo a domicilio + Pago seguro + Garant\u00eda","og_url":"https:\/\/compuviper.mx\/tienda\/producto\/gigabyte-b450m-ds3h-mb-b450-amd-s-am4-2a-gen-4xddr4-2933mhz-dvi-hdmi-4xusb3-1-m-2-micro-atx-gama-media\/","og_site_name":"Compuviper","article_publisher":"https:\/\/www.facebook.com\/compuviper","article_modified_time":"2026-04-26T06:00:21+00:00","og_image":[{"width":200,"height":200,"url":"https:\/\/compuviper.mx\/tienda\/wp-content\/uploads\/2024\/07\/Mb-gigabyte-b450-amd-s-am4-2a-gen4xddr4-2933mhzdvihdmi4xusb3.1m.2-micro-atxgama-media.jpg","type":"image\/jpeg"}],"twitter_card":"summary_large_image","twitter_misc":{"Precio":"&#36;1,277 con IVA","Availability":"Out of stock"},"schema":{"@context":"https:\/\/schema.org","@graph":[{"@type":"WebPage","@id":"https:\/\/compuviper.mx\/tienda\/producto\/gigabyte-b450m-ds3h-mb-b450-amd-s-am4-2a-gen-4xddr4-2933mhz-dvi-hdmi-4xusb3-1-m-2-micro-atx-gama-media\/","url":"https:\/\/compuviper.mx\/tienda\/producto\/gigabyte-b450m-ds3h-mb-b450-amd-s-am4-2a-gen-4xddr4-2933mhz-dvi-hdmi-4xusb3-1-m-2-micro-atx-gama-media\/","name":"[ Gigabyte ] &#129351; B450m Ds3h Mb B450 Amd S-am4 2a Gen\/4xddr4 2933mhz\/dvi\/hdmi\/4xusb3.1\/m.2\/ Micro Atx\/gama Media","isPartOf":{"@id":"https:\/\/compuviper.mx\/tienda\/#website"},"datePublished":"2026-04-25T06:40:56+00:00","dateModified":"2026-04-26T06:00:21+00:00","description":"Compra B450m Ds3h Mb B450 Amd S-am4 2a Gen\/4xddr4 2933mhz\/dvi\/hdmi\/4xusb3.1\/m.2\/ Micro Atx\/gama Media + Env\u00edo a domicilio + Pago seguro + Garant\u00eda","breadcrumb":{"@id":"https:\/\/compuviper.mx\/tienda\/producto\/gigabyte-b450m-ds3h-mb-b450-amd-s-am4-2a-gen-4xddr4-2933mhz-dvi-hdmi-4xusb3-1-m-2-micro-atx-gama-media\/#breadcrumb"},"inLanguage":"es-MX","potentialAction":[{"@type":"ReadAction","target":["https:\/\/compuviper.mx\/tienda\/producto\/gigabyte-b450m-ds3h-mb-b450-amd-s-am4-2a-gen-4xddr4-2933mhz-dvi-hdmi-4xusb3-1-m-2-micro-atx-gama-media\/"]}]},{"@type":"BreadcrumbList","@id":"https:\/\/compuviper.mx\/tienda\/producto\/gigabyte-b450m-ds3h-mb-b450-amd-s-am4-2a-gen-4xddr4-2933mhz-dvi-hdmi-4xusb3-1-m-2-micro-atx-gama-media\/#breadcrumb","itemListElement":[{"@type":"ListItem","position":1,"name":"Inicio","item":"https:\/\/compuviper.mx\/tienda\/"},{"@type":"ListItem","position":2,"name":"Productos","item":"https:\/\/compuviper.mx\/tienda\/productos\/"},{"@type":"ListItem","position":3,"name":"Tarjeta Madre","item":"https:\/\/compuviper.mx\/tienda\/categoria-producto\/tarjeta-madre\/"},{"@type":"ListItem","position":4,"name":"Socket Am4","item":"https:\/\/compuviper.mx\/tienda\/categoria-producto\/tarjeta-madre\/socket-am4\/"},{"@type":"ListItem","position":5,"name":"Gigabyte B450m Ds3h Mb B450 Amd S-am4 2a Gen\/4xddr4 2933mhz\/dvi\/hdmi\/4xusb3.1\/m.2\/ Micro Atx\/gama Media"}]},{"@type":"WebSite","@id":"https:\/\/compuviper.mx\/tienda\/#website","url":"https:\/\/compuviper.mx\/tienda\/","name":"Compuviper","description":"Proveedor de Computadoras, Laptops, Servidores, Monitores, Puntos de Venta, Teclados,   Impresoras, T\u00f3ner, C\u00e1maras de Seguridad y m\u00e1s en tu tienda en l\u00ednea","publisher":{"@id":"https:\/\/compuviper.mx\/tienda\/#organization"},"potentialAction":[{"@type":"SearchAction","target":{"@type":"EntryPoint","urlTemplate":"https:\/\/compuviper.mx\/tienda\/?s={search_term_string}"},"query-input":"required name=search_term_string"}],"inLanguage":"es-MX"},{"@type":"Organization","@id":"https:\/\/compuviper.mx\/tienda\/#organization","name":"Compuviper","url":"https:\/\/compuviper.mx\/tienda\/","logo":{"@type":"ImageObject","inLanguage":"es-MX","@id":"https:\/\/compuviper.mx\/tienda\/#\/schema\/logo\/image\/","url":"https:\/\/compuviper.mx\/tienda\/wp-content\/uploads\/2021\/08\/Logo-Compuviper-10.png","contentUrl":"https:\/\/compuviper.mx\/tienda\/wp-content\/uploads\/2021\/08\/Logo-Compuviper-10.png","width":1000,"height":500,"caption":"Compuviper"},"image":{"@id":"https:\/\/compuviper.mx\/tienda\/#\/schema\/logo\/image\/"},"sameAs":["https:\/\/www.facebook.com\/compuviper","https:\/\/www.youtube.com\/channel\/UCf73dERp9Y3cfOq7q8BhLjA?view_as=subscriber"]}]},"product_brand":"GIGABYTE","product_price_amount":"1277","product_price_currency":"MXN","og_availability":"out of stock","product_availability":"out of stock","product_retailer_item_id":"B450M DS3H","product_condition":"new"},"_links":{"self":[{"href":"https:\/\/compuviper.mx\/tienda\/wp-json\/wp\/v2\/product\/237412"}],"collection":[{"href":"https:\/\/compuviper.mx\/tienda\/wp-json\/wp\/v2\/product"}],"about":[{"href":"https:\/\/compuviper.mx\/tienda\/wp-json\/wp\/v2\/types\/product"}],"replies":[{"embeddable":true,"href":"https:\/\/compuviper.mx\/tienda\/wp-json\/wp\/v2\/comments?post=237412"}],"wp:featuredmedia":[{"embeddable":true,"href":"https:\/\/compuviper.mx\/tienda\/wp-json\/wp\/v2\/media\/237413"}],"wp:attachment":[{"href":"https:\/\/compuviper.mx\/tienda\/wp-json\/wp\/v2\/media?parent=237412"}],"wp:term":[{"taxonomy":"product_cat","embeddable":true,"href":"https:\/\/compuviper.mx\/tienda\/wp-json\/wp\/v2\/product_cat?post=237412"},{"taxonomy":"product_tag","embeddable":true,"href":"https:\/\/compuviper.mx\/tienda\/wp-json\/wp\/v2\/product_tag?post=237412"}],"curies":[{"name":"wp","href":"https:\/\/api.w.org\/{rel}","templated":true}]}}