{"id":237039,"date":"2026-04-02T00:38:21","date_gmt":"2026-04-02T06:38:21","guid":{"rendered":"https:\/\/compuviper.mx\/tienda\/producto\/seagate-st4000nm024b-disco-duro-interno-exos-7e10-4tb-3-5-escritorio-sata3-6gb-s-256mb-7200rpm-24x7-hotplug-nas-nvr-server-datacenter\/"},"modified":"2026-04-03T00:00:11","modified_gmt":"2026-04-03T06:00:11","slug":"seagate-st4000nm024b-disco-duro-interno-exos-7e10-4tb-3-5-escritorio-sata3-6gb-s-256mb-7200rpm-24x7-hotplug-nas-nvr-server-datacenter","status":"publish","type":"product","link":"https:\/\/compuviper.mx\/tienda\/producto\/seagate-st4000nm024b-disco-duro-interno-exos-7e10-4tb-3-5-escritorio-sata3-6gb-s-256mb-7200rpm-24x7-hotplug-nas-nvr-server-datacenter\/","title":{"rendered":"Seagate St4000nm024b Disco Duro Interno  Exos 7e10 4tb 3.5 Escritorio Sata3 6gb\/s 256mb 7200rpm 24&#215;7 Hotplug Nas-nvr-server-datacenter"},"content":{"rendered":"<table class=\"descripcion\">\n<tr>\n<td>Capacidad 4 tb<\/td>\n<\/tr>\n<tr>\n<td>Est\u00e1ndar st4000nm024b<\/td>\n<\/tr>\n<tr>\n<td>Caracter\u00edsticas<\/td>\n<\/tr>\n<tr>\n<td>Informaci\u00f3n de protecci\u00f3n (t10 dif) \u0097<\/td>\n<\/tr>\n<tr>\n<td>Superparity s\u00ed<\/td>\n<\/tr>\n<tr>\n<td>Poco hal\u00f3geno s\u00ed<\/td>\n<\/tr>\n<tr>\n<td>Tecnolog\u00eda powerchoice\u0099 s\u00ed<\/td>\n<\/tr>\n<tr>\n<td>Tecnolog\u00eda powerbalance s\u00ed<\/td>\n<\/tr>\n<tr>\n<td>Cach\u00e9, multisegmentada (mb) 256<\/td>\n<\/tr>\n<tr>\n<td>Almacenamiento cach\u00e9 de escritura avanzado (nor flash interno 8m) s\u00ed<\/td>\n<\/tr>\n<tr>\n<td>Fiabilidad\/integridad de los datos<\/td>\n<\/tr>\n<tr>\n<td>Vibraci\u00f3n, no en funcionamiento: 10 hz a 500 hz (grms) 5<\/td>\n<\/tr>\n<tr>\n<td>Tiempo medio entre fallos (mtbf, horas) 2.000.000<\/td>\n<\/tr>\n<tr>\n<td>Tasa de fiabilidad con funcionamiento las 24 horas, los 7 d\u00edas (afr) 0,44 %<\/td>\n<\/tr>\n<tr>\n<td>Errores de lectura no recuperables por bits le\u00eddos 1 sector por 10e15<\/td>\n<\/tr>\n<tr>\n<td>Horas de encendido por a\u00f1o 8.760<\/td>\n<\/tr>\n<tr>\n<td>Bytes por sector 512<\/td>\n<\/tr>\n<tr>\n<td>Garant\u00eda, limitada (a\u00f1os) 5<\/td>\n<\/tr>\n<tr>\n<td>Rendimiento<\/td>\n<\/tr>\n<tr>\n<td>Velocidad del eje (rpm) 7.200<\/td>\n<\/tr>\n<tr>\n<td>Velocidad de acceso a la interfaz (gb\/s) 6.0, 3.0, 1.5<\/td>\n<\/tr>\n<tr>\n<td>Velocidad m\u00e1x. de transferencia sostenida od 250mb\/s<\/td>\n<\/tr>\n<tr>\n<td>Tiempo de latencia promedio (ms) 4,16<\/td>\n<\/tr>\n<tr>\n<td>Puertos de interfaz simple<\/td>\n<\/tr>\n<tr>\n<td>Vibraci\u00f3n giratoria a 1.500 hz (rad\/s\u00b2) 12,5<\/td>\n<\/tr>\n<tr>\n<td>Consumo de energ\u00eda<\/td>\n<\/tr>\n<tr>\n<td>Potencia en reposo, promedio (w) 5,16<\/td>\n<\/tr>\n<tr>\n<td>Funcionamiento t\u00edpico, lectura aleatoria (w) 9,4<\/td>\n<\/tr>\n<tr>\n<td>Requisitos de fuente de alimentaci\u00f3n +12 v y +5 v<\/td>\n<\/tr>\n<tr>\n<td>Ambiental<\/td>\n<\/tr>\n<tr>\n<td>Temperatura en funcionamiento (\u00b0c) reportada para la unidad 5 ~ 60<\/td>\n<\/tr>\n<tr>\n<td>Tolerancia a golpes, en funcionamiento 2 ms lectura\/escritura (g) 70\/40 g<\/td>\n<\/tr>\n<tr>\n<td>Tolerancia a golpes, no operativo (1 ms\/2 ms) (g) 150\/300<\/td>\n<\/tr>\n<tr>\n<td>Datos f\u00edsicos<\/td>\n<\/tr>\n<tr>\n<td>Altura (pulg.\/mm, m\u00e1x.)2 1,028 pulg.\/26,11 mm<\/td>\n<\/tr>\n<tr>\n<td>Width (in\/mm, max)2 4,01 pulg.\/101,85 mm<\/td>\n<\/tr>\n<tr>\n<td>Depth (in\/mm, max)2 5,787 pulg.\/147 mm<\/td>\n<\/tr>\n<tr>\n<td>Peso (g\/lb) 620 g\/1,37 lb<\/td>\n<\/tr>\n<tr>\n<td>Cantidad de unidades por caja 20<\/td>\n<\/tr>\n<tr>\n<td>Cajas por paleta\/cajas por capa 40\/8<\/td>\n<\/tr>\n<\/table>\n","protected":false},"excerpt":{"rendered":"<p>La unidad de disco duro empresarial seagate\u00ae exos\u0099 7e10 almacena fiablemente datos sin sacrificar el rendimiento. Las unidades seguras de alta capacidad y alto rendimiento est\u00e1n optimizadas para operaciones exigentes de procesamiento de datos masivos a nivel de la empresa.<\/p>\n","protected":false},"featured_media":237040,"comment_status":"open","ping_status":"open","template":"","meta":[],"product_cat":[1703,1706],"product_tag":[1710],"acf":[],"yoast_head":"<!-- This site is optimized with the Yoast SEO plugin v21.7 - https:\/\/yoast.com\/wordpress\/plugins\/seo\/ -->\n<title>[ Seagate ] &#129351; St4000nm024b Disco Duro Interno Exos 7e10 4tb 3.5 Escritorio Sata3 6gb\/s 256mb 7200rpm 24x7 Hotplug Nas-nvr-server-datacenter<\/title>\n<meta name=\"description\" content=\"Compra St4000nm024b Disco Duro Interno Exos 7e10 4tb 3.5 Escritorio Sata3 6gb\/s 256mb 7200rpm 24x7 Hotplug Nas-nvr-server-datacenter + Env\u00edo a domicilio + Pago seguro + Garant\u00eda\" \/>\n<meta name=\"robots\" content=\"index, follow, max-snippet:-1, max-image-preview:large, max-video-preview:-1\" \/>\n<link rel=\"canonical\" href=\"https:\/\/compuviper.mx\/tienda\/producto\/seagate-st4000nm024b-disco-duro-interno-exos-7e10-4tb-3-5-escritorio-sata3-6gb-s-256mb-7200rpm-24x7-hotplug-nas-nvr-server-datacenter\/\" \/>\n<meta property=\"og:locale\" content=\"es_MX\" \/>\n<meta property=\"og:type\" content=\"article\" \/>\n<meta property=\"og:title\" content=\"[ Seagate ] &#129351; St4000nm024b Disco Duro Interno Exos 7e10 4tb 3.5 Escritorio Sata3 6gb\/s 256mb 7200rpm 24x7 Hotplug Nas-nvr-server-datacenter\" \/>\n<meta property=\"og:description\" content=\"Compra St4000nm024b Disco Duro Interno Exos 7e10 4tb 3.5 Escritorio Sata3 6gb\/s 256mb 7200rpm 24x7 Hotplug Nas-nvr-server-datacenter + Env\u00edo a domicilio + Pago seguro + Garant\u00eda\" \/>\n<meta property=\"og:url\" content=\"https:\/\/compuviper.mx\/tienda\/producto\/seagate-st4000nm024b-disco-duro-interno-exos-7e10-4tb-3-5-escritorio-sata3-6gb-s-256mb-7200rpm-24x7-hotplug-nas-nvr-server-datacenter\/\" \/>\n<meta property=\"og:site_name\" content=\"Compuviper\" \/>\n<meta property=\"article:publisher\" content=\"https:\/\/www.facebook.com\/compuviper\" \/>\n<meta property=\"article:modified_time\" content=\"2026-04-03T06:00:11+00:00\" \/>\n<meta property=\"og:image\" content=\"https:\/\/compuviper.mx\/tienda\/wp-content\/uploads\/2024\/07\/Disco-duro-interno-seagate-exos-7e10-4tb-3.5-escritorio-sata3-6gbs-256mb-7200rpm-24x7-hotplug-nas-nvr-server-datacenter.jpg\" \/>\n\t<meta property=\"og:image:width\" content=\"200\" \/>\n\t<meta property=\"og:image:height\" content=\"200\" \/>\n\t<meta property=\"og:image:type\" content=\"image\/jpeg\" \/>\n<meta name=\"twitter:card\" content=\"summary_large_image\" \/>\n<meta name=\"twitter:label1\" content=\"Precio\" \/>\n\t<meta name=\"twitter:data1\" content=\"&#36;2,607 con IVA\" \/>\n\t<meta name=\"twitter:label2\" content=\"Availability\" \/>\n\t<meta name=\"twitter:data2\" content=\"Out of stock\" \/>\n<script type=\"application\/ld+json\" class=\"yoast-schema-graph\">{\"@context\":\"https:\/\/schema.org\",\"@graph\":[{\"@type\":\"WebPage\",\"@id\":\"https:\/\/compuviper.mx\/tienda\/producto\/seagate-st4000nm024b-disco-duro-interno-exos-7e10-4tb-3-5-escritorio-sata3-6gb-s-256mb-7200rpm-24x7-hotplug-nas-nvr-server-datacenter\/\",\"url\":\"https:\/\/compuviper.mx\/tienda\/producto\/seagate-st4000nm024b-disco-duro-interno-exos-7e10-4tb-3-5-escritorio-sata3-6gb-s-256mb-7200rpm-24x7-hotplug-nas-nvr-server-datacenter\/\",\"name\":\"[ Seagate ] &#129351; St4000nm024b Disco Duro Interno Exos 7e10 4tb 3.5 Escritorio Sata3 6gb\/s 256mb 7200rpm 24x7 Hotplug Nas-nvr-server-datacenter\",\"isPartOf\":{\"@id\":\"https:\/\/compuviper.mx\/tienda\/#website\"},\"datePublished\":\"2026-04-02T06:38:21+00:00\",\"dateModified\":\"2026-04-03T06:00:11+00:00\",\"description\":\"Compra St4000nm024b Disco Duro Interno Exos 7e10 4tb 3.5 Escritorio Sata3 6gb\/s 256mb 7200rpm 24x7 Hotplug Nas-nvr-server-datacenter + Env\u00edo a domicilio + Pago seguro + Garant\u00eda\",\"breadcrumb\":{\"@id\":\"https:\/\/compuviper.mx\/tienda\/producto\/seagate-st4000nm024b-disco-duro-interno-exos-7e10-4tb-3-5-escritorio-sata3-6gb-s-256mb-7200rpm-24x7-hotplug-nas-nvr-server-datacenter\/#breadcrumb\"},\"inLanguage\":\"es-MX\",\"potentialAction\":[{\"@type\":\"ReadAction\",\"target\":[\"https:\/\/compuviper.mx\/tienda\/producto\/seagate-st4000nm024b-disco-duro-interno-exos-7e10-4tb-3-5-escritorio-sata3-6gb-s-256mb-7200rpm-24x7-hotplug-nas-nvr-server-datacenter\/\"]}]},{\"@type\":\"BreadcrumbList\",\"@id\":\"https:\/\/compuviper.mx\/tienda\/producto\/seagate-st4000nm024b-disco-duro-interno-exos-7e10-4tb-3-5-escritorio-sata3-6gb-s-256mb-7200rpm-24x7-hotplug-nas-nvr-server-datacenter\/#breadcrumb\",\"itemListElement\":[{\"@type\":\"ListItem\",\"position\":1,\"name\":\"Inicio\",\"item\":\"https:\/\/compuviper.mx\/tienda\/\"},{\"@type\":\"ListItem\",\"position\":2,\"name\":\"Productos\",\"item\":\"https:\/\/compuviper.mx\/tienda\/productos\/\"},{\"@type\":\"ListItem\",\"position\":3,\"name\":\"Discos Duros\",\"item\":\"https:\/\/compuviper.mx\/tienda\/categoria-producto\/discos-duros\/\"},{\"@type\":\"ListItem\",\"position\":4,\"name\":\"Disco Duro\",\"item\":\"https:\/\/compuviper.mx\/tienda\/categoria-producto\/discos-duros\/disco-duro\/\"},{\"@type\":\"ListItem\",\"position\":5,\"name\":\"Seagate St4000nm024b Disco Duro Interno Exos 7e10 4tb 3.5 Escritorio Sata3 6gb\/s 256mb 7200rpm 24&#215;7 Hotplug Nas-nvr-server-datacenter\"}]},{\"@type\":\"WebSite\",\"@id\":\"https:\/\/compuviper.mx\/tienda\/#website\",\"url\":\"https:\/\/compuviper.mx\/tienda\/\",\"name\":\"Compuviper\",\"description\":\"Proveedor de Computadoras, Laptops, Servidores, Monitores, Puntos de Venta, Teclados,   Impresoras, T\u00f3ner, C\u00e1maras de Seguridad y m\u00e1s en tu tienda en l\u00ednea\",\"publisher\":{\"@id\":\"https:\/\/compuviper.mx\/tienda\/#organization\"},\"potentialAction\":[{\"@type\":\"SearchAction\",\"target\":{\"@type\":\"EntryPoint\",\"urlTemplate\":\"https:\/\/compuviper.mx\/tienda\/?s={search_term_string}\"},\"query-input\":\"required name=search_term_string\"}],\"inLanguage\":\"es-MX\"},{\"@type\":\"Organization\",\"@id\":\"https:\/\/compuviper.mx\/tienda\/#organization\",\"name\":\"Compuviper\",\"url\":\"https:\/\/compuviper.mx\/tienda\/\",\"logo\":{\"@type\":\"ImageObject\",\"inLanguage\":\"es-MX\",\"@id\":\"https:\/\/compuviper.mx\/tienda\/#\/schema\/logo\/image\/\",\"url\":\"https:\/\/compuviper.mx\/tienda\/wp-content\/uploads\/2021\/08\/Logo-Compuviper-10.png\",\"contentUrl\":\"https:\/\/compuviper.mx\/tienda\/wp-content\/uploads\/2021\/08\/Logo-Compuviper-10.png\",\"width\":1000,\"height\":500,\"caption\":\"Compuviper\"},\"image\":{\"@id\":\"https:\/\/compuviper.mx\/tienda\/#\/schema\/logo\/image\/\"},\"sameAs\":[\"https:\/\/www.facebook.com\/compuviper\",\"https:\/\/www.youtube.com\/channel\/UCf73dERp9Y3cfOq7q8BhLjA?view_as=subscriber\"]}]}<\/script>\n<meta property=\"product:brand\" content=\"SEAGATE\" \/>\n<meta property=\"product:price:amount\" content=\"2607\" \/>\n<meta property=\"product:price:currency\" content=\"MXN\" \/>\n<meta property=\"og:availability\" content=\"out of stock\" \/>\n<meta property=\"product:availability\" content=\"out of stock\" \/>\n<meta property=\"product:retailer_item_id\" content=\"ST4000NM024B\" \/>\n<meta property=\"product:condition\" content=\"new\" \/>\n<!-- \/ Yoast SEO plugin. -->","yoast_head_json":{"title":"[ Seagate ] &#129351; St4000nm024b Disco Duro Interno Exos 7e10 4tb 3.5 Escritorio Sata3 6gb\/s 256mb 7200rpm 24x7 Hotplug Nas-nvr-server-datacenter","description":"Compra St4000nm024b Disco Duro Interno Exos 7e10 4tb 3.5 Escritorio Sata3 6gb\/s 256mb 7200rpm 24x7 Hotplug Nas-nvr-server-datacenter + Env\u00edo a domicilio + Pago seguro + Garant\u00eda","robots":{"index":"index","follow":"follow","max-snippet":"max-snippet:-1","max-image-preview":"max-image-preview:large","max-video-preview":"max-video-preview:-1"},"canonical":"https:\/\/compuviper.mx\/tienda\/producto\/seagate-st4000nm024b-disco-duro-interno-exos-7e10-4tb-3-5-escritorio-sata3-6gb-s-256mb-7200rpm-24x7-hotplug-nas-nvr-server-datacenter\/","og_locale":"es_MX","og_type":"article","og_title":"[ Seagate ] &#129351; St4000nm024b Disco Duro Interno Exos 7e10 4tb 3.5 Escritorio Sata3 6gb\/s 256mb 7200rpm 24x7 Hotplug Nas-nvr-server-datacenter","og_description":"Compra St4000nm024b Disco Duro Interno Exos 7e10 4tb 3.5 Escritorio Sata3 6gb\/s 256mb 7200rpm 24x7 Hotplug Nas-nvr-server-datacenter + Env\u00edo a domicilio + Pago seguro + Garant\u00eda","og_url":"https:\/\/compuviper.mx\/tienda\/producto\/seagate-st4000nm024b-disco-duro-interno-exos-7e10-4tb-3-5-escritorio-sata3-6gb-s-256mb-7200rpm-24x7-hotplug-nas-nvr-server-datacenter\/","og_site_name":"Compuviper","article_publisher":"https:\/\/www.facebook.com\/compuviper","article_modified_time":"2026-04-03T06:00:11+00:00","og_image":[{"width":200,"height":200,"url":"https:\/\/compuviper.mx\/tienda\/wp-content\/uploads\/2024\/07\/Disco-duro-interno-seagate-exos-7e10-4tb-3.5-escritorio-sata3-6gbs-256mb-7200rpm-24x7-hotplug-nas-nvr-server-datacenter.jpg","type":"image\/jpeg"}],"twitter_card":"summary_large_image","twitter_misc":{"Precio":"&#36;2,607 con IVA","Availability":"Out of stock"},"schema":{"@context":"https:\/\/schema.org","@graph":[{"@type":"WebPage","@id":"https:\/\/compuviper.mx\/tienda\/producto\/seagate-st4000nm024b-disco-duro-interno-exos-7e10-4tb-3-5-escritorio-sata3-6gb-s-256mb-7200rpm-24x7-hotplug-nas-nvr-server-datacenter\/","url":"https:\/\/compuviper.mx\/tienda\/producto\/seagate-st4000nm024b-disco-duro-interno-exos-7e10-4tb-3-5-escritorio-sata3-6gb-s-256mb-7200rpm-24x7-hotplug-nas-nvr-server-datacenter\/","name":"[ Seagate ] &#129351; St4000nm024b Disco Duro Interno Exos 7e10 4tb 3.5 Escritorio Sata3 6gb\/s 256mb 7200rpm 24x7 Hotplug Nas-nvr-server-datacenter","isPartOf":{"@id":"https:\/\/compuviper.mx\/tienda\/#website"},"datePublished":"2026-04-02T06:38:21+00:00","dateModified":"2026-04-03T06:00:11+00:00","description":"Compra St4000nm024b Disco Duro Interno Exos 7e10 4tb 3.5 Escritorio Sata3 6gb\/s 256mb 7200rpm 24x7 Hotplug Nas-nvr-server-datacenter + Env\u00edo a domicilio + Pago seguro + Garant\u00eda","breadcrumb":{"@id":"https:\/\/compuviper.mx\/tienda\/producto\/seagate-st4000nm024b-disco-duro-interno-exos-7e10-4tb-3-5-escritorio-sata3-6gb-s-256mb-7200rpm-24x7-hotplug-nas-nvr-server-datacenter\/#breadcrumb"},"inLanguage":"es-MX","potentialAction":[{"@type":"ReadAction","target":["https:\/\/compuviper.mx\/tienda\/producto\/seagate-st4000nm024b-disco-duro-interno-exos-7e10-4tb-3-5-escritorio-sata3-6gb-s-256mb-7200rpm-24x7-hotplug-nas-nvr-server-datacenter\/"]}]},{"@type":"BreadcrumbList","@id":"https:\/\/compuviper.mx\/tienda\/producto\/seagate-st4000nm024b-disco-duro-interno-exos-7e10-4tb-3-5-escritorio-sata3-6gb-s-256mb-7200rpm-24x7-hotplug-nas-nvr-server-datacenter\/#breadcrumb","itemListElement":[{"@type":"ListItem","position":1,"name":"Inicio","item":"https:\/\/compuviper.mx\/tienda\/"},{"@type":"ListItem","position":2,"name":"Productos","item":"https:\/\/compuviper.mx\/tienda\/productos\/"},{"@type":"ListItem","position":3,"name":"Discos Duros","item":"https:\/\/compuviper.mx\/tienda\/categoria-producto\/discos-duros\/"},{"@type":"ListItem","position":4,"name":"Disco Duro","item":"https:\/\/compuviper.mx\/tienda\/categoria-producto\/discos-duros\/disco-duro\/"},{"@type":"ListItem","position":5,"name":"Seagate St4000nm024b Disco Duro Interno Exos 7e10 4tb 3.5 Escritorio Sata3 6gb\/s 256mb 7200rpm 24&#215;7 Hotplug Nas-nvr-server-datacenter"}]},{"@type":"WebSite","@id":"https:\/\/compuviper.mx\/tienda\/#website","url":"https:\/\/compuviper.mx\/tienda\/","name":"Compuviper","description":"Proveedor de Computadoras, Laptops, Servidores, Monitores, Puntos de Venta, Teclados,   Impresoras, T\u00f3ner, C\u00e1maras de Seguridad y m\u00e1s en tu tienda en l\u00ednea","publisher":{"@id":"https:\/\/compuviper.mx\/tienda\/#organization"},"potentialAction":[{"@type":"SearchAction","target":{"@type":"EntryPoint","urlTemplate":"https:\/\/compuviper.mx\/tienda\/?s={search_term_string}"},"query-input":"required name=search_term_string"}],"inLanguage":"es-MX"},{"@type":"Organization","@id":"https:\/\/compuviper.mx\/tienda\/#organization","name":"Compuviper","url":"https:\/\/compuviper.mx\/tienda\/","logo":{"@type":"ImageObject","inLanguage":"es-MX","@id":"https:\/\/compuviper.mx\/tienda\/#\/schema\/logo\/image\/","url":"https:\/\/compuviper.mx\/tienda\/wp-content\/uploads\/2021\/08\/Logo-Compuviper-10.png","contentUrl":"https:\/\/compuviper.mx\/tienda\/wp-content\/uploads\/2021\/08\/Logo-Compuviper-10.png","width":1000,"height":500,"caption":"Compuviper"},"image":{"@id":"https:\/\/compuviper.mx\/tienda\/#\/schema\/logo\/image\/"},"sameAs":["https:\/\/www.facebook.com\/compuviper","https:\/\/www.youtube.com\/channel\/UCf73dERp9Y3cfOq7q8BhLjA?view_as=subscriber"]}]},"product_brand":"SEAGATE","product_price_amount":"2607","product_price_currency":"MXN","og_availability":"out of stock","product_availability":"out of stock","product_retailer_item_id":"ST4000NM024B","product_condition":"new"},"_links":{"self":[{"href":"https:\/\/compuviper.mx\/tienda\/wp-json\/wp\/v2\/product\/237039"}],"collection":[{"href":"https:\/\/compuviper.mx\/tienda\/wp-json\/wp\/v2\/product"}],"about":[{"href":"https:\/\/compuviper.mx\/tienda\/wp-json\/wp\/v2\/types\/product"}],"replies":[{"embeddable":true,"href":"https:\/\/compuviper.mx\/tienda\/wp-json\/wp\/v2\/comments?post=237039"}],"wp:featuredmedia":[{"embeddable":true,"href":"https:\/\/compuviper.mx\/tienda\/wp-json\/wp\/v2\/media\/237040"}],"wp:attachment":[{"href":"https:\/\/compuviper.mx\/tienda\/wp-json\/wp\/v2\/media?parent=237039"}],"wp:term":[{"taxonomy":"product_cat","embeddable":true,"href":"https:\/\/compuviper.mx\/tienda\/wp-json\/wp\/v2\/product_cat?post=237039"},{"taxonomy":"product_tag","embeddable":true,"href":"https:\/\/compuviper.mx\/tienda\/wp-json\/wp\/v2\/product_tag?post=237039"}],"curies":[{"name":"wp","href":"https:\/\/api.w.org\/{rel}","templated":true}]}}