{"id":236947,"date":"2026-04-02T00:36:00","date_gmt":"2026-04-02T06:36:00","guid":{"rendered":"https:\/\/compuviper.mx\/tienda\/producto\/seagate-stkx4000402-disco-duro-externo-game-drive-4tb-2-5-portatil-usb-3-2-negro-xbox-x-s-con-luz-led\/"},"modified":"2026-04-03T00:00:11","modified_gmt":"2026-04-03T06:00:11","slug":"seagate-stkx4000402-disco-duro-externo-game-drive-4tb-2-5-portatil-usb-3-2-negro-xbox-x-s-con-luz-led","status":"publish","type":"product","link":"https:\/\/compuviper.mx\/tienda\/producto\/seagate-stkx4000402-disco-duro-externo-game-drive-4tb-2-5-portatil-usb-3-2-negro-xbox-x-s-con-luz-led\/","title":{"rendered":"Seagate Stkx4000402 Disco Duro Externo  Game Drive 4tb 2.5 Portatil Usb 3.2 Negro Xbox X-s Con Luz Led"},"content":{"rendered":"<table class=\"descripcion\">\n<tr>\n<td>Especificaciones<\/td>\n<\/tr>\n<tr>\n<td>4 tb<\/td>\n<\/tr>\n<tr>\n<td>Modelo<\/td>\n<\/tr>\n<tr>\n<td>Stkx4000402<\/td>\n<\/tr>\n<tr>\n<td>C\u00f3digo upc<\/td>\n<\/tr>\n<tr>\n<td>763649161586<\/td>\n<\/tr>\n<tr>\n<td>C\u00f3digo ean<\/td>\n<\/tr>\n<tr>\n<td>3660619041251<\/td>\n<\/tr>\n<tr>\n<td>Fiabilidad<\/td>\n<\/tr>\n<tr>\n<td>Rescue data recovery services para la recuperaci\u00f3n de datos<\/td>\n<\/tr>\n<tr>\n<td>3<\/td>\n<\/tr>\n<tr>\n<td>Garant\u00eda limitada (a\u00f1os)<\/td>\n<\/tr>\n<tr>\n<td>1<\/td>\n<\/tr>\n<tr>\n<td>Dimensiones del producto<\/td>\n<\/tr>\n<tr>\n<td>Longitud (pulg.\/mm)<\/td>\n<\/tr>\n<tr>\n<td>0,846 pulg.\/21,5 mm<\/td>\n<\/tr>\n<tr>\n<td>Anchura (pulg.\/mm)<\/td>\n<\/tr>\n<tr>\n<td>3,189 pulg. \/ 81 mm<\/td>\n<\/tr>\n<tr>\n<td>Altura (pulg.\/mm)<\/td>\n<\/tr>\n<tr>\n<td>4,823 pulg.\/122,5 mm<\/td>\n<\/tr>\n<tr>\n<td>Peso (lb\/kg)<\/td>\n<\/tr>\n<tr>\n<td>0,586 lb\/0,266 kg<\/td>\n<\/tr>\n<tr>\n<td>Dimensiones de la caja minorista<\/td>\n<\/tr>\n<tr>\n<td>Longitud (pulg.\/mm)1,772 pulg. \/ 45 mm<\/td>\n<\/tr>\n<tr>\n<td>Anchura (pulg.\/mm)4,173 pulg.\/106 mm<\/td>\n<\/tr>\n<tr>\n<td>Altura (pulg.\/mm)5,866 pulg.\/149 mm<\/td>\n<\/tr>\n<tr>\n<td>Peso (lb\/kg)0,776 lb\/0,352 kg<\/td>\n<\/tr>\n<tr>\n<td>Requisitos del sistema<\/td>\n<\/tr>\n<tr>\n<td>Xbox one\u00ae, xbox series x o xbox series s<\/td>\n<\/tr>\n<tr>\n<td>Puerto superspeed usb 3.0 (requerido para velocidades de transferencia de usb 3.0 o versiones anteriores compatibles con puertos usb 2.0 a velocidades de transferencia de usb 2.0)<\/td>\n<\/tr>\n<\/table>\n","protected":false},"excerpt":{"rendered":"<p>Tome el control de su experiencia de juegos con la game drive for xbox. Complementa sus consolas de xbox series x, xbox. Series s o de cualquier generaci\u00f3n de xbox one y es perfecta para. Construir su b\u00f3veda de juegos y llevarla a donde quiera que vaya. Adem\u00e1s, la iluminaci\u00f3n led verde de xbox incorporada crea una. Experiencia inmersiva y \u00e9pica.<\/p>\n","protected":false},"featured_media":236948,"comment_status":"open","ping_status":"open","template":"","meta":[],"product_cat":[1703,1706],"product_tag":[1710],"acf":[],"yoast_head":"<!-- This site is optimized with the Yoast SEO plugin v21.7 - https:\/\/yoast.com\/wordpress\/plugins\/seo\/ -->\n<title>[ Seagate ] &#129351; Stkx4000402 Disco Duro Externo Game Drive 4tb 2.5 Portatil Usb 3.2 Negro Xbox X-s Con Luz Led<\/title>\n<meta name=\"description\" content=\"Compra Stkx4000402 Disco Duro Externo Game Drive 4tb 2.5 Portatil Usb 3.2 Negro Xbox X-s Con Luz Led + Env\u00edo a domicilio + Pago seguro + Garant\u00eda\" \/>\n<meta name=\"robots\" content=\"index, follow, max-snippet:-1, max-image-preview:large, max-video-preview:-1\" \/>\n<link rel=\"canonical\" href=\"https:\/\/compuviper.mx\/tienda\/producto\/seagate-stkx4000402-disco-duro-externo-game-drive-4tb-2-5-portatil-usb-3-2-negro-xbox-x-s-con-luz-led\/\" \/>\n<meta property=\"og:locale\" content=\"es_MX\" \/>\n<meta property=\"og:type\" content=\"article\" \/>\n<meta property=\"og:title\" content=\"[ Seagate ] &#129351; Stkx4000402 Disco Duro Externo Game Drive 4tb 2.5 Portatil Usb 3.2 Negro Xbox X-s Con Luz Led\" \/>\n<meta property=\"og:description\" content=\"Compra Stkx4000402 Disco Duro Externo Game Drive 4tb 2.5 Portatil Usb 3.2 Negro Xbox X-s Con Luz Led + Env\u00edo a domicilio + Pago seguro + Garant\u00eda\" \/>\n<meta property=\"og:url\" content=\"https:\/\/compuviper.mx\/tienda\/producto\/seagate-stkx4000402-disco-duro-externo-game-drive-4tb-2-5-portatil-usb-3-2-negro-xbox-x-s-con-luz-led\/\" \/>\n<meta property=\"og:site_name\" content=\"Compuviper\" \/>\n<meta property=\"article:publisher\" content=\"https:\/\/www.facebook.com\/compuviper\" \/>\n<meta property=\"article:modified_time\" content=\"2026-04-03T06:00:11+00:00\" \/>\n<meta property=\"og:image\" content=\"https:\/\/compuviper.mx\/tienda\/wp-content\/uploads\/2024\/07\/Disco-duro-externo-seagate-game-drive-4tb-2.5-portatil-usb-3.2-negro-xbox-x-s-con-luz-led.jpg\" \/>\n\t<meta property=\"og:image:width\" content=\"200\" \/>\n\t<meta property=\"og:image:height\" content=\"200\" \/>\n\t<meta property=\"og:image:type\" content=\"image\/jpeg\" \/>\n<meta name=\"twitter:card\" content=\"summary_large_image\" \/>\n<meta name=\"twitter:label1\" content=\"Precio\" \/>\n\t<meta name=\"twitter:data1\" content=\"&#36;2,340 con IVA\" \/>\n\t<meta name=\"twitter:label2\" content=\"Availability\" \/>\n\t<meta name=\"twitter:data2\" content=\"In stock\" \/>\n<script type=\"application\/ld+json\" class=\"yoast-schema-graph\">{\"@context\":\"https:\/\/schema.org\",\"@graph\":[{\"@type\":\"WebPage\",\"@id\":\"https:\/\/compuviper.mx\/tienda\/producto\/seagate-stkx4000402-disco-duro-externo-game-drive-4tb-2-5-portatil-usb-3-2-negro-xbox-x-s-con-luz-led\/\",\"url\":\"https:\/\/compuviper.mx\/tienda\/producto\/seagate-stkx4000402-disco-duro-externo-game-drive-4tb-2-5-portatil-usb-3-2-negro-xbox-x-s-con-luz-led\/\",\"name\":\"[ Seagate ] &#129351; Stkx4000402 Disco Duro Externo Game Drive 4tb 2.5 Portatil Usb 3.2 Negro Xbox X-s Con Luz Led\",\"isPartOf\":{\"@id\":\"https:\/\/compuviper.mx\/tienda\/#website\"},\"datePublished\":\"2026-04-02T06:36:00+00:00\",\"dateModified\":\"2026-04-03T06:00:11+00:00\",\"description\":\"Compra Stkx4000402 Disco Duro Externo Game Drive 4tb 2.5 Portatil Usb 3.2 Negro Xbox X-s Con Luz Led + Env\u00edo a domicilio + Pago seguro + Garant\u00eda\",\"breadcrumb\":{\"@id\":\"https:\/\/compuviper.mx\/tienda\/producto\/seagate-stkx4000402-disco-duro-externo-game-drive-4tb-2-5-portatil-usb-3-2-negro-xbox-x-s-con-luz-led\/#breadcrumb\"},\"inLanguage\":\"es-MX\",\"potentialAction\":[{\"@type\":\"ReadAction\",\"target\":[\"https:\/\/compuviper.mx\/tienda\/producto\/seagate-stkx4000402-disco-duro-externo-game-drive-4tb-2-5-portatil-usb-3-2-negro-xbox-x-s-con-luz-led\/\"]}]},{\"@type\":\"BreadcrumbList\",\"@id\":\"https:\/\/compuviper.mx\/tienda\/producto\/seagate-stkx4000402-disco-duro-externo-game-drive-4tb-2-5-portatil-usb-3-2-negro-xbox-x-s-con-luz-led\/#breadcrumb\",\"itemListElement\":[{\"@type\":\"ListItem\",\"position\":1,\"name\":\"Inicio\",\"item\":\"https:\/\/compuviper.mx\/tienda\/\"},{\"@type\":\"ListItem\",\"position\":2,\"name\":\"Productos\",\"item\":\"https:\/\/compuviper.mx\/tienda\/productos\/\"},{\"@type\":\"ListItem\",\"position\":3,\"name\":\"Discos Duros\",\"item\":\"https:\/\/compuviper.mx\/tienda\/categoria-producto\/discos-duros\/\"},{\"@type\":\"ListItem\",\"position\":4,\"name\":\"Disco Duro\",\"item\":\"https:\/\/compuviper.mx\/tienda\/categoria-producto\/discos-duros\/disco-duro\/\"},{\"@type\":\"ListItem\",\"position\":5,\"name\":\"Seagate Stkx4000402 Disco Duro Externo Game Drive 4tb 2.5 Portatil Usb 3.2 Negro Xbox X-s Con Luz Led\"}]},{\"@type\":\"WebSite\",\"@id\":\"https:\/\/compuviper.mx\/tienda\/#website\",\"url\":\"https:\/\/compuviper.mx\/tienda\/\",\"name\":\"Compuviper\",\"description\":\"Proveedor de Computadoras, Laptops, Servidores, Monitores, Puntos de Venta, Teclados,   Impresoras, T\u00f3ner, C\u00e1maras de Seguridad y m\u00e1s en tu tienda en l\u00ednea\",\"publisher\":{\"@id\":\"https:\/\/compuviper.mx\/tienda\/#organization\"},\"potentialAction\":[{\"@type\":\"SearchAction\",\"target\":{\"@type\":\"EntryPoint\",\"urlTemplate\":\"https:\/\/compuviper.mx\/tienda\/?s={search_term_string}\"},\"query-input\":\"required name=search_term_string\"}],\"inLanguage\":\"es-MX\"},{\"@type\":\"Organization\",\"@id\":\"https:\/\/compuviper.mx\/tienda\/#organization\",\"name\":\"Compuviper\",\"url\":\"https:\/\/compuviper.mx\/tienda\/\",\"logo\":{\"@type\":\"ImageObject\",\"inLanguage\":\"es-MX\",\"@id\":\"https:\/\/compuviper.mx\/tienda\/#\/schema\/logo\/image\/\",\"url\":\"https:\/\/compuviper.mx\/tienda\/wp-content\/uploads\/2021\/08\/Logo-Compuviper-10.png\",\"contentUrl\":\"https:\/\/compuviper.mx\/tienda\/wp-content\/uploads\/2021\/08\/Logo-Compuviper-10.png\",\"width\":1000,\"height\":500,\"caption\":\"Compuviper\"},\"image\":{\"@id\":\"https:\/\/compuviper.mx\/tienda\/#\/schema\/logo\/image\/\"},\"sameAs\":[\"https:\/\/www.facebook.com\/compuviper\",\"https:\/\/www.youtube.com\/channel\/UCf73dERp9Y3cfOq7q8BhLjA?view_as=subscriber\"]}]}<\/script>\n<meta property=\"product:brand\" content=\"SEAGATE\" \/>\n<meta property=\"product:price:amount\" content=\"2340\" \/>\n<meta property=\"product:price:currency\" content=\"MXN\" \/>\n<meta property=\"og:availability\" content=\"instock\" \/>\n<meta property=\"product:availability\" content=\"instock\" \/>\n<meta property=\"product:retailer_item_id\" content=\"STKX4000402\" \/>\n<meta property=\"product:condition\" content=\"new\" \/>\n<!-- \/ Yoast SEO plugin. -->","yoast_head_json":{"title":"[ Seagate ] &#129351; Stkx4000402 Disco Duro Externo Game Drive 4tb 2.5 Portatil Usb 3.2 Negro Xbox X-s Con Luz Led","description":"Compra Stkx4000402 Disco Duro Externo Game Drive 4tb 2.5 Portatil Usb 3.2 Negro Xbox X-s Con Luz Led + Env\u00edo a domicilio + Pago seguro + Garant\u00eda","robots":{"index":"index","follow":"follow","max-snippet":"max-snippet:-1","max-image-preview":"max-image-preview:large","max-video-preview":"max-video-preview:-1"},"canonical":"https:\/\/compuviper.mx\/tienda\/producto\/seagate-stkx4000402-disco-duro-externo-game-drive-4tb-2-5-portatil-usb-3-2-negro-xbox-x-s-con-luz-led\/","og_locale":"es_MX","og_type":"article","og_title":"[ Seagate ] &#129351; Stkx4000402 Disco Duro Externo Game Drive 4tb 2.5 Portatil Usb 3.2 Negro Xbox X-s Con Luz Led","og_description":"Compra Stkx4000402 Disco Duro Externo Game Drive 4tb 2.5 Portatil Usb 3.2 Negro Xbox X-s Con Luz Led + Env\u00edo a domicilio + Pago seguro + Garant\u00eda","og_url":"https:\/\/compuviper.mx\/tienda\/producto\/seagate-stkx4000402-disco-duro-externo-game-drive-4tb-2-5-portatil-usb-3-2-negro-xbox-x-s-con-luz-led\/","og_site_name":"Compuviper","article_publisher":"https:\/\/www.facebook.com\/compuviper","article_modified_time":"2026-04-03T06:00:11+00:00","og_image":[{"width":200,"height":200,"url":"https:\/\/compuviper.mx\/tienda\/wp-content\/uploads\/2024\/07\/Disco-duro-externo-seagate-game-drive-4tb-2.5-portatil-usb-3.2-negro-xbox-x-s-con-luz-led.jpg","type":"image\/jpeg"}],"twitter_card":"summary_large_image","twitter_misc":{"Precio":"&#36;2,340 con IVA","Availability":"In stock"},"schema":{"@context":"https:\/\/schema.org","@graph":[{"@type":"WebPage","@id":"https:\/\/compuviper.mx\/tienda\/producto\/seagate-stkx4000402-disco-duro-externo-game-drive-4tb-2-5-portatil-usb-3-2-negro-xbox-x-s-con-luz-led\/","url":"https:\/\/compuviper.mx\/tienda\/producto\/seagate-stkx4000402-disco-duro-externo-game-drive-4tb-2-5-portatil-usb-3-2-negro-xbox-x-s-con-luz-led\/","name":"[ Seagate ] &#129351; Stkx4000402 Disco Duro Externo Game Drive 4tb 2.5 Portatil Usb 3.2 Negro Xbox X-s Con Luz Led","isPartOf":{"@id":"https:\/\/compuviper.mx\/tienda\/#website"},"datePublished":"2026-04-02T06:36:00+00:00","dateModified":"2026-04-03T06:00:11+00:00","description":"Compra Stkx4000402 Disco Duro Externo Game Drive 4tb 2.5 Portatil Usb 3.2 Negro Xbox X-s Con Luz Led + Env\u00edo a domicilio + Pago seguro + Garant\u00eda","breadcrumb":{"@id":"https:\/\/compuviper.mx\/tienda\/producto\/seagate-stkx4000402-disco-duro-externo-game-drive-4tb-2-5-portatil-usb-3-2-negro-xbox-x-s-con-luz-led\/#breadcrumb"},"inLanguage":"es-MX","potentialAction":[{"@type":"ReadAction","target":["https:\/\/compuviper.mx\/tienda\/producto\/seagate-stkx4000402-disco-duro-externo-game-drive-4tb-2-5-portatil-usb-3-2-negro-xbox-x-s-con-luz-led\/"]}]},{"@type":"BreadcrumbList","@id":"https:\/\/compuviper.mx\/tienda\/producto\/seagate-stkx4000402-disco-duro-externo-game-drive-4tb-2-5-portatil-usb-3-2-negro-xbox-x-s-con-luz-led\/#breadcrumb","itemListElement":[{"@type":"ListItem","position":1,"name":"Inicio","item":"https:\/\/compuviper.mx\/tienda\/"},{"@type":"ListItem","position":2,"name":"Productos","item":"https:\/\/compuviper.mx\/tienda\/productos\/"},{"@type":"ListItem","position":3,"name":"Discos Duros","item":"https:\/\/compuviper.mx\/tienda\/categoria-producto\/discos-duros\/"},{"@type":"ListItem","position":4,"name":"Disco Duro","item":"https:\/\/compuviper.mx\/tienda\/categoria-producto\/discos-duros\/disco-duro\/"},{"@type":"ListItem","position":5,"name":"Seagate Stkx4000402 Disco Duro Externo Game Drive 4tb 2.5 Portatil Usb 3.2 Negro Xbox X-s Con Luz Led"}]},{"@type":"WebSite","@id":"https:\/\/compuviper.mx\/tienda\/#website","url":"https:\/\/compuviper.mx\/tienda\/","name":"Compuviper","description":"Proveedor de Computadoras, Laptops, Servidores, Monitores, Puntos de Venta, Teclados,   Impresoras, T\u00f3ner, C\u00e1maras de Seguridad y m\u00e1s en tu tienda en l\u00ednea","publisher":{"@id":"https:\/\/compuviper.mx\/tienda\/#organization"},"potentialAction":[{"@type":"SearchAction","target":{"@type":"EntryPoint","urlTemplate":"https:\/\/compuviper.mx\/tienda\/?s={search_term_string}"},"query-input":"required name=search_term_string"}],"inLanguage":"es-MX"},{"@type":"Organization","@id":"https:\/\/compuviper.mx\/tienda\/#organization","name":"Compuviper","url":"https:\/\/compuviper.mx\/tienda\/","logo":{"@type":"ImageObject","inLanguage":"es-MX","@id":"https:\/\/compuviper.mx\/tienda\/#\/schema\/logo\/image\/","url":"https:\/\/compuviper.mx\/tienda\/wp-content\/uploads\/2021\/08\/Logo-Compuviper-10.png","contentUrl":"https:\/\/compuviper.mx\/tienda\/wp-content\/uploads\/2021\/08\/Logo-Compuviper-10.png","width":1000,"height":500,"caption":"Compuviper"},"image":{"@id":"https:\/\/compuviper.mx\/tienda\/#\/schema\/logo\/image\/"},"sameAs":["https:\/\/www.facebook.com\/compuviper","https:\/\/www.youtube.com\/channel\/UCf73dERp9Y3cfOq7q8BhLjA?view_as=subscriber"]}]},"product_brand":"SEAGATE","product_price_amount":"2340","product_price_currency":"MXN","og_availability":"instock","product_availability":"instock","product_retailer_item_id":"STKX4000402","product_condition":"new"},"_links":{"self":[{"href":"https:\/\/compuviper.mx\/tienda\/wp-json\/wp\/v2\/product\/236947"}],"collection":[{"href":"https:\/\/compuviper.mx\/tienda\/wp-json\/wp\/v2\/product"}],"about":[{"href":"https:\/\/compuviper.mx\/tienda\/wp-json\/wp\/v2\/types\/product"}],"replies":[{"embeddable":true,"href":"https:\/\/compuviper.mx\/tienda\/wp-json\/wp\/v2\/comments?post=236947"}],"wp:featuredmedia":[{"embeddable":true,"href":"https:\/\/compuviper.mx\/tienda\/wp-json\/wp\/v2\/media\/236948"}],"wp:attachment":[{"href":"https:\/\/compuviper.mx\/tienda\/wp-json\/wp\/v2\/media?parent=236947"}],"wp:term":[{"taxonomy":"product_cat","embeddable":true,"href":"https:\/\/compuviper.mx\/tienda\/wp-json\/wp\/v2\/product_cat?post=236947"},{"taxonomy":"product_tag","embeddable":true,"href":"https:\/\/compuviper.mx\/tienda\/wp-json\/wp\/v2\/product_tag?post=236947"}],"curies":[{"name":"wp","href":"https:\/\/api.w.org\/{rel}","templated":true}]}}