{"id":236859,"date":"2026-04-02T00:35:29","date_gmt":"2026-04-02T06:35:29","guid":{"rendered":"https:\/\/compuviper.mx\/tienda\/producto\/lacie-lac301558-disco-duro-externo-rugged-mini-1tb-2-5-portatil-usb-3-0-naranja-plata-windows-mac-contragolpes-agua-y-polvo\/"},"modified":"2026-04-03T00:00:10","modified_gmt":"2026-04-03T06:00:10","slug":"lacie-lac301558093053827984-disco-duro-externo-rugged-mini-1tb-2-5-portatil-usb-3-0-naranja-plata-windows-mac-contragolpes-agua-y-polvo","status":"publish","type":"product","link":"https:\/\/compuviper.mx\/tienda\/producto\/lacie-lac301558093053827984-disco-duro-externo-rugged-mini-1tb-2-5-portatil-usb-3-0-naranja-plata-windows-mac-contragolpes-agua-y-polvo\/","title":{"rendered":"Lacie Lac301558,093053827984 Disco Duro Externo  Rugged Mini 1tb 2.5 Portatil Usb 3.0 Naranja-plata Windows Mac Contragolpes Agua Y Polvo"},"content":{"rendered":"<table class=\"descripcion\">\n<tr>\n<td>Dimensiones del producto<\/td>\n<\/tr>\n<tr>\n<td>Longitud pulg.\/mm 3,385 pulg. \/ 86 mm<\/td>\n<\/tr>\n<tr>\n<td>Anchura pulg.\/mm 0.748 pulg. \/ 19 mm<\/td>\n<\/tr>\n<tr>\n<td>Altura pulg.\/mm 5,31 pulg. \/ 135 mm<\/td>\n<\/tr>\n<tr>\n<td>Peso lb\/kg 0.661 lb \/ 0.3 kg<\/td>\n<\/tr>\n<tr>\n<td>Requisitos del sistema<\/td>\n<\/tr>\n<tr>\n<td>Computadora con un puerto usb 3.0 o usb 2.0<\/td>\n<\/tr>\n<tr>\n<td>Ltima versin de windows\u00ae 7, windows 8 \/ mac os\u00ae x 10.5 o posterior<\/td>\n<\/tr>\n<tr>\n<td>Espacio de disco disponible mnimo: 600 mb recomendado<\/td>\n<\/tr>\n<\/table>\n","protected":false},"excerpt":{"rendered":"<p>Desde 2005, las unidades de disco duro port\u00e1tiles lacie rugged\u00ae han salido airosas donde solo sobreviven las m\u00e1s fuertes: el escenario cinematogr\u00e1fico, las sesiones fotogr\u00e1ficas y los estudios de msica de los profesionales creativos m\u00e1s influyentes del mundo. \u00bfpor qu? los productos lacie rugged son la forma m\u00e1s confiada de la industria de capturar y transportar datos en el campo.<\/p>\n","protected":false},"featured_media":236860,"comment_status":"open","ping_status":"open","template":"","meta":[],"product_cat":[1703,1706],"product_tag":[1952],"acf":[],"yoast_head":"<!-- This site is optimized with the Yoast SEO plugin v21.7 - https:\/\/yoast.com\/wordpress\/plugins\/seo\/ -->\n<title>[ Lacie ] &#129351; Lac301558,093053827984 Disco Duro Externo Rugged Mini 1tb 2.5 Portatil Usb 3.0 Naranja-plata Windows Mac Contragolpes Agua Y Polvo<\/title>\n<meta name=\"description\" content=\"Compra Lac301558,093053827984 Disco Duro Externo Rugged Mini 1tb 2.5 Portatil Usb 3.0 Naranja-plata Windows Mac Contragolpes Agua Y Polvo + Env\u00edo a domicilio + Pago seguro + Garant\u00eda\" \/>\n<meta name=\"robots\" content=\"index, follow, max-snippet:-1, max-image-preview:large, max-video-preview:-1\" \/>\n<link rel=\"canonical\" href=\"https:\/\/compuviper.mx\/tienda\/producto\/lacie-lac301558093053827984-disco-duro-externo-rugged-mini-1tb-2-5-portatil-usb-3-0-naranja-plata-windows-mac-contragolpes-agua-y-polvo\/\" \/>\n<meta property=\"og:locale\" content=\"es_MX\" \/>\n<meta property=\"og:type\" content=\"article\" \/>\n<meta property=\"og:title\" content=\"[ Lacie ] &#129351; Lac301558,093053827984 Disco Duro Externo Rugged Mini 1tb 2.5 Portatil Usb 3.0 Naranja-plata Windows Mac Contragolpes Agua Y Polvo\" \/>\n<meta property=\"og:description\" content=\"Compra Lac301558,093053827984 Disco Duro Externo Rugged Mini 1tb 2.5 Portatil Usb 3.0 Naranja-plata Windows Mac Contragolpes Agua Y Polvo + Env\u00edo a domicilio + Pago seguro + Garant\u00eda\" \/>\n<meta property=\"og:url\" content=\"https:\/\/compuviper.mx\/tienda\/producto\/lacie-lac301558093053827984-disco-duro-externo-rugged-mini-1tb-2-5-portatil-usb-3-0-naranja-plata-windows-mac-contragolpes-agua-y-polvo\/\" \/>\n<meta property=\"og:site_name\" content=\"Compuviper\" \/>\n<meta property=\"article:publisher\" content=\"https:\/\/www.facebook.com\/compuviper\" \/>\n<meta property=\"article:modified_time\" content=\"2026-04-03T06:00:10+00:00\" \/>\n<meta property=\"og:image\" content=\"https:\/\/compuviper.mx\/tienda\/wp-content\/uploads\/2024\/07\/Disco-duro-externo-lacie-rugged-mini-1tb-2.5-portatil-usb-3.0-naranja-plata-windows-mac-contragolpes-agua-y-polvo.jpg\" \/>\n\t<meta property=\"og:image:width\" content=\"200\" \/>\n\t<meta property=\"og:image:height\" content=\"200\" \/>\n\t<meta property=\"og:image:type\" content=\"image\/jpeg\" \/>\n<meta name=\"twitter:card\" content=\"summary_large_image\" \/>\n<meta name=\"twitter:label1\" content=\"Precio\" \/>\n\t<meta name=\"twitter:data1\" content=\"&#36;1,387 con IVA\" \/>\n\t<meta name=\"twitter:label2\" content=\"Availability\" \/>\n\t<meta name=\"twitter:data2\" content=\"Out of stock\" \/>\n<script type=\"application\/ld+json\" class=\"yoast-schema-graph\">{\"@context\":\"https:\/\/schema.org\",\"@graph\":[{\"@type\":\"WebPage\",\"@id\":\"https:\/\/compuviper.mx\/tienda\/producto\/lacie-lac301558093053827984-disco-duro-externo-rugged-mini-1tb-2-5-portatil-usb-3-0-naranja-plata-windows-mac-contragolpes-agua-y-polvo\/\",\"url\":\"https:\/\/compuviper.mx\/tienda\/producto\/lacie-lac301558093053827984-disco-duro-externo-rugged-mini-1tb-2-5-portatil-usb-3-0-naranja-plata-windows-mac-contragolpes-agua-y-polvo\/\",\"name\":\"[ Lacie ] &#129351; Lac301558,093053827984 Disco Duro Externo Rugged Mini 1tb 2.5 Portatil Usb 3.0 Naranja-plata Windows Mac Contragolpes Agua Y Polvo\",\"isPartOf\":{\"@id\":\"https:\/\/compuviper.mx\/tienda\/#website\"},\"datePublished\":\"2026-04-02T06:35:29+00:00\",\"dateModified\":\"2026-04-03T06:00:10+00:00\",\"description\":\"Compra Lac301558,093053827984 Disco Duro Externo Rugged Mini 1tb 2.5 Portatil Usb 3.0 Naranja-plata Windows Mac Contragolpes Agua Y Polvo + Env\u00edo a domicilio + Pago seguro + Garant\u00eda\",\"breadcrumb\":{\"@id\":\"https:\/\/compuviper.mx\/tienda\/producto\/lacie-lac301558093053827984-disco-duro-externo-rugged-mini-1tb-2-5-portatil-usb-3-0-naranja-plata-windows-mac-contragolpes-agua-y-polvo\/#breadcrumb\"},\"inLanguage\":\"es-MX\",\"potentialAction\":[{\"@type\":\"ReadAction\",\"target\":[\"https:\/\/compuviper.mx\/tienda\/producto\/lacie-lac301558093053827984-disco-duro-externo-rugged-mini-1tb-2-5-portatil-usb-3-0-naranja-plata-windows-mac-contragolpes-agua-y-polvo\/\"]}]},{\"@type\":\"BreadcrumbList\",\"@id\":\"https:\/\/compuviper.mx\/tienda\/producto\/lacie-lac301558093053827984-disco-duro-externo-rugged-mini-1tb-2-5-portatil-usb-3-0-naranja-plata-windows-mac-contragolpes-agua-y-polvo\/#breadcrumb\",\"itemListElement\":[{\"@type\":\"ListItem\",\"position\":1,\"name\":\"Inicio\",\"item\":\"https:\/\/compuviper.mx\/tienda\/\"},{\"@type\":\"ListItem\",\"position\":2,\"name\":\"Productos\",\"item\":\"https:\/\/compuviper.mx\/tienda\/productos\/\"},{\"@type\":\"ListItem\",\"position\":3,\"name\":\"Discos Duros\",\"item\":\"https:\/\/compuviper.mx\/tienda\/categoria-producto\/discos-duros\/\"},{\"@type\":\"ListItem\",\"position\":4,\"name\":\"Disco Duro\",\"item\":\"https:\/\/compuviper.mx\/tienda\/categoria-producto\/discos-duros\/disco-duro\/\"},{\"@type\":\"ListItem\",\"position\":5,\"name\":\"Lacie Lac301558,093053827984 Disco Duro Externo Rugged Mini 1tb 2.5 Portatil Usb 3.0 Naranja-plata Windows Mac Contragolpes Agua Y Polvo\"}]},{\"@type\":\"WebSite\",\"@id\":\"https:\/\/compuviper.mx\/tienda\/#website\",\"url\":\"https:\/\/compuviper.mx\/tienda\/\",\"name\":\"Compuviper\",\"description\":\"Proveedor de Computadoras, Laptops, Servidores, Monitores, Puntos de Venta, Teclados,   Impresoras, T\u00f3ner, C\u00e1maras de Seguridad y m\u00e1s en tu tienda en l\u00ednea\",\"publisher\":{\"@id\":\"https:\/\/compuviper.mx\/tienda\/#organization\"},\"potentialAction\":[{\"@type\":\"SearchAction\",\"target\":{\"@type\":\"EntryPoint\",\"urlTemplate\":\"https:\/\/compuviper.mx\/tienda\/?s={search_term_string}\"},\"query-input\":\"required name=search_term_string\"}],\"inLanguage\":\"es-MX\"},{\"@type\":\"Organization\",\"@id\":\"https:\/\/compuviper.mx\/tienda\/#organization\",\"name\":\"Compuviper\",\"url\":\"https:\/\/compuviper.mx\/tienda\/\",\"logo\":{\"@type\":\"ImageObject\",\"inLanguage\":\"es-MX\",\"@id\":\"https:\/\/compuviper.mx\/tienda\/#\/schema\/logo\/image\/\",\"url\":\"https:\/\/compuviper.mx\/tienda\/wp-content\/uploads\/2021\/08\/Logo-Compuviper-10.png\",\"contentUrl\":\"https:\/\/compuviper.mx\/tienda\/wp-content\/uploads\/2021\/08\/Logo-Compuviper-10.png\",\"width\":1000,\"height\":500,\"caption\":\"Compuviper\"},\"image\":{\"@id\":\"https:\/\/compuviper.mx\/tienda\/#\/schema\/logo\/image\/\"},\"sameAs\":[\"https:\/\/www.facebook.com\/compuviper\",\"https:\/\/www.youtube.com\/channel\/UCf73dERp9Y3cfOq7q8BhLjA?view_as=subscriber\"]}]}<\/script>\n<meta property=\"product:brand\" content=\"LACIE\" \/>\n<meta property=\"product:price:amount\" content=\"1387\" \/>\n<meta property=\"product:price:currency\" content=\"MXN\" \/>\n<meta property=\"og:availability\" content=\"out of stock\" \/>\n<meta property=\"product:availability\" content=\"out of stock\" \/>\n<meta property=\"product:retailer_item_id\" content=\"LAC301558,093053827984\" \/>\n<meta property=\"product:condition\" content=\"new\" \/>\n<!-- \/ Yoast SEO plugin. -->","yoast_head_json":{"title":"[ Lacie ] &#129351; Lac301558,093053827984 Disco Duro Externo Rugged Mini 1tb 2.5 Portatil Usb 3.0 Naranja-plata Windows Mac Contragolpes Agua Y Polvo","description":"Compra Lac301558,093053827984 Disco Duro Externo Rugged Mini 1tb 2.5 Portatil Usb 3.0 Naranja-plata Windows Mac Contragolpes Agua Y Polvo + Env\u00edo a domicilio + Pago seguro + Garant\u00eda","robots":{"index":"index","follow":"follow","max-snippet":"max-snippet:-1","max-image-preview":"max-image-preview:large","max-video-preview":"max-video-preview:-1"},"canonical":"https:\/\/compuviper.mx\/tienda\/producto\/lacie-lac301558093053827984-disco-duro-externo-rugged-mini-1tb-2-5-portatil-usb-3-0-naranja-plata-windows-mac-contragolpes-agua-y-polvo\/","og_locale":"es_MX","og_type":"article","og_title":"[ Lacie ] &#129351; Lac301558,093053827984 Disco Duro Externo Rugged Mini 1tb 2.5 Portatil Usb 3.0 Naranja-plata Windows Mac Contragolpes Agua Y Polvo","og_description":"Compra Lac301558,093053827984 Disco Duro Externo Rugged Mini 1tb 2.5 Portatil Usb 3.0 Naranja-plata Windows Mac Contragolpes Agua Y Polvo + Env\u00edo a domicilio + Pago seguro + Garant\u00eda","og_url":"https:\/\/compuviper.mx\/tienda\/producto\/lacie-lac301558093053827984-disco-duro-externo-rugged-mini-1tb-2-5-portatil-usb-3-0-naranja-plata-windows-mac-contragolpes-agua-y-polvo\/","og_site_name":"Compuviper","article_publisher":"https:\/\/www.facebook.com\/compuviper","article_modified_time":"2026-04-03T06:00:10+00:00","og_image":[{"width":200,"height":200,"url":"https:\/\/compuviper.mx\/tienda\/wp-content\/uploads\/2024\/07\/Disco-duro-externo-lacie-rugged-mini-1tb-2.5-portatil-usb-3.0-naranja-plata-windows-mac-contragolpes-agua-y-polvo.jpg","type":"image\/jpeg"}],"twitter_card":"summary_large_image","twitter_misc":{"Precio":"&#36;1,387 con IVA","Availability":"Out of stock"},"schema":{"@context":"https:\/\/schema.org","@graph":[{"@type":"WebPage","@id":"https:\/\/compuviper.mx\/tienda\/producto\/lacie-lac301558093053827984-disco-duro-externo-rugged-mini-1tb-2-5-portatil-usb-3-0-naranja-plata-windows-mac-contragolpes-agua-y-polvo\/","url":"https:\/\/compuviper.mx\/tienda\/producto\/lacie-lac301558093053827984-disco-duro-externo-rugged-mini-1tb-2-5-portatil-usb-3-0-naranja-plata-windows-mac-contragolpes-agua-y-polvo\/","name":"[ Lacie ] &#129351; Lac301558,093053827984 Disco Duro Externo Rugged Mini 1tb 2.5 Portatil Usb 3.0 Naranja-plata Windows Mac Contragolpes Agua Y Polvo","isPartOf":{"@id":"https:\/\/compuviper.mx\/tienda\/#website"},"datePublished":"2026-04-02T06:35:29+00:00","dateModified":"2026-04-03T06:00:10+00:00","description":"Compra Lac301558,093053827984 Disco Duro Externo Rugged Mini 1tb 2.5 Portatil Usb 3.0 Naranja-plata Windows Mac Contragolpes Agua Y Polvo + Env\u00edo a domicilio + Pago seguro + Garant\u00eda","breadcrumb":{"@id":"https:\/\/compuviper.mx\/tienda\/producto\/lacie-lac301558093053827984-disco-duro-externo-rugged-mini-1tb-2-5-portatil-usb-3-0-naranja-plata-windows-mac-contragolpes-agua-y-polvo\/#breadcrumb"},"inLanguage":"es-MX","potentialAction":[{"@type":"ReadAction","target":["https:\/\/compuviper.mx\/tienda\/producto\/lacie-lac301558093053827984-disco-duro-externo-rugged-mini-1tb-2-5-portatil-usb-3-0-naranja-plata-windows-mac-contragolpes-agua-y-polvo\/"]}]},{"@type":"BreadcrumbList","@id":"https:\/\/compuviper.mx\/tienda\/producto\/lacie-lac301558093053827984-disco-duro-externo-rugged-mini-1tb-2-5-portatil-usb-3-0-naranja-plata-windows-mac-contragolpes-agua-y-polvo\/#breadcrumb","itemListElement":[{"@type":"ListItem","position":1,"name":"Inicio","item":"https:\/\/compuviper.mx\/tienda\/"},{"@type":"ListItem","position":2,"name":"Productos","item":"https:\/\/compuviper.mx\/tienda\/productos\/"},{"@type":"ListItem","position":3,"name":"Discos Duros","item":"https:\/\/compuviper.mx\/tienda\/categoria-producto\/discos-duros\/"},{"@type":"ListItem","position":4,"name":"Disco Duro","item":"https:\/\/compuviper.mx\/tienda\/categoria-producto\/discos-duros\/disco-duro\/"},{"@type":"ListItem","position":5,"name":"Lacie Lac301558,093053827984 Disco Duro Externo Rugged Mini 1tb 2.5 Portatil Usb 3.0 Naranja-plata Windows Mac Contragolpes Agua Y Polvo"}]},{"@type":"WebSite","@id":"https:\/\/compuviper.mx\/tienda\/#website","url":"https:\/\/compuviper.mx\/tienda\/","name":"Compuviper","description":"Proveedor de Computadoras, Laptops, Servidores, Monitores, Puntos de Venta, Teclados,   Impresoras, T\u00f3ner, C\u00e1maras de Seguridad y m\u00e1s en tu tienda en l\u00ednea","publisher":{"@id":"https:\/\/compuviper.mx\/tienda\/#organization"},"potentialAction":[{"@type":"SearchAction","target":{"@type":"EntryPoint","urlTemplate":"https:\/\/compuviper.mx\/tienda\/?s={search_term_string}"},"query-input":"required name=search_term_string"}],"inLanguage":"es-MX"},{"@type":"Organization","@id":"https:\/\/compuviper.mx\/tienda\/#organization","name":"Compuviper","url":"https:\/\/compuviper.mx\/tienda\/","logo":{"@type":"ImageObject","inLanguage":"es-MX","@id":"https:\/\/compuviper.mx\/tienda\/#\/schema\/logo\/image\/","url":"https:\/\/compuviper.mx\/tienda\/wp-content\/uploads\/2021\/08\/Logo-Compuviper-10.png","contentUrl":"https:\/\/compuviper.mx\/tienda\/wp-content\/uploads\/2021\/08\/Logo-Compuviper-10.png","width":1000,"height":500,"caption":"Compuviper"},"image":{"@id":"https:\/\/compuviper.mx\/tienda\/#\/schema\/logo\/image\/"},"sameAs":["https:\/\/www.facebook.com\/compuviper","https:\/\/www.youtube.com\/channel\/UCf73dERp9Y3cfOq7q8BhLjA?view_as=subscriber"]}]},"product_brand":"LACIE","product_price_amount":"1387","product_price_currency":"MXN","og_availability":"out of stock","product_availability":"out of stock","product_retailer_item_id":"LAC301558,093053827984","product_condition":"new"},"_links":{"self":[{"href":"https:\/\/compuviper.mx\/tienda\/wp-json\/wp\/v2\/product\/236859"}],"collection":[{"href":"https:\/\/compuviper.mx\/tienda\/wp-json\/wp\/v2\/product"}],"about":[{"href":"https:\/\/compuviper.mx\/tienda\/wp-json\/wp\/v2\/types\/product"}],"replies":[{"embeddable":true,"href":"https:\/\/compuviper.mx\/tienda\/wp-json\/wp\/v2\/comments?post=236859"}],"wp:featuredmedia":[{"embeddable":true,"href":"https:\/\/compuviper.mx\/tienda\/wp-json\/wp\/v2\/media\/236860"}],"wp:attachment":[{"href":"https:\/\/compuviper.mx\/tienda\/wp-json\/wp\/v2\/media?parent=236859"}],"wp:term":[{"taxonomy":"product_cat","embeddable":true,"href":"https:\/\/compuviper.mx\/tienda\/wp-json\/wp\/v2\/product_cat?post=236859"},{"taxonomy":"product_tag","embeddable":true,"href":"https:\/\/compuviper.mx\/tienda\/wp-json\/wp\/v2\/product_tag?post=236859"}],"curies":[{"name":"wp","href":"https:\/\/api.w.org\/{rel}","templated":true}]}}