{"id":236847,"date":"2026-04-11T00:36:58","date_gmt":"2026-04-11T06:36:58","guid":{"rendered":"https:\/\/compuviper.mx\/tienda\/producto\/kingston-sa400s37-240g-unidad-de-estado-solido-interno-240gb-a400-2-5-sata3-lect-500-escrit-320-mbs-7mm-pc-laptop-mini-pc\/"},"modified":"2026-04-11T00:36:59","modified_gmt":"2026-04-11T06:36:59","slug":"kingston-sa400s37-240g-unidad-de-estado-solido-interno-a400-240gb-2-5-sata3-7mm-lect-500-escrit-320mb-s-pc-laptop","status":"publish","type":"product","link":"https:\/\/compuviper.mx\/tienda\/producto\/kingston-sa400s37-240g-unidad-de-estado-solido-interno-a400-240gb-2-5-sata3-7mm-lect-500-escrit-320mb-s-pc-laptop\/","title":{"rendered":"Kingston Sa400s37\/240g Unidad De Estado Solido  Interno A400 240gb 2.5 Sata3 7mm Lect.500 Escrit.320mb\/s Pc\/laptop"},"content":{"rendered":"<table class=\"descripcion\">\n<tr>\n<td>Interfaz: sata rev. 3.0 (6gb\/s), con compatibilidad inversa para sata rev. 2.0 (3gb\/s)<\/td>\n<\/tr>\n<tr>\n<td>Capacidad 240gb<\/td>\n<\/tr>\n<tr>\n<td>Tipo: tlc nand flash<\/td>\n<\/tr>\n<tr>\n<td>Dimensiones: 100mm \u00d7 69.9mm \u00d7 7mm<\/td>\n<\/tr>\n<tr>\n<td>Peso: 41g<\/td>\n<\/tr>\n<tr>\n<td>Consumo de energ\u00eda: 0.195w inactiva\/ 0.642w lectura \/ 1.535w escritura<\/td>\n<\/tr>\n<tr>\n<td>Rendimiento: hasta 500mb\/s lectura y 350mb\/s escritura<\/td>\n<\/tr>\n<tr>\n<td>Temp. operaci\u00f3n: 0\u00b0c ~ 70\u00b0c<\/td>\n<\/tr>\n<tr>\n<td>Temp. almacenamiento: -40\u00b0c ~ 85\u00b0c<\/td>\n<\/tr>\n<tr>\n<td>Resistencia a las vibraciones en operaci\u00f3n. 2.17 g pico (7 a 800hz)<\/td>\n<\/tr>\n<tr>\n<td>Resistencia a las vibraciones fuera de operaci\u00f3n. 20 g pico (10 a 2.000hz)<\/td>\n<\/tr>\n<tr>\n<td>Dise\u00f1o optimizado para hacer que la migraci\u00f3n a una ssd sea m\u00e1s accesible<\/td>\n<\/tr>\n<tr>\n<td>Funcionamiento silencioso y a bajas temperaturas<\/td>\n<\/tr>\n<\/table>\n","protected":false},"excerpt":{"rendered":"<p>La unidad de estado s\u00f3lido a400 de kingston mejora dram\u00e1ticamente la capacidad de respuesta de su sistema existente con velocidades incre\u00edbles de inicio, carga y transferencia, comparadas con los discos duros mec\u00e1nicos. Usando un controlador de \u00faltima generaci\u00f3n para leer y escribir a velocidades de hasta 500mb\/seg y 450mb\/seg, este ssd es 10 veces m\u00e1s r\u00e1pido que un disco duro tradicional, para un mejor rendimiento, mayor capacidad de respuesta y multi-tarea, y en general un sistema m\u00e1s r\u00e1pido. Adem\u00e1s de ser m\u00e1s confiable y duradero que un disco duro, el a400 se fabrica usando una memoria flash. No tiene piezas m\u00f3viles, lo que le da una menor probabilidad de falla que un disco duro mec\u00e1nico. As\u00ed mismo, es m\u00e1s fr\u00edo y silencioso, y su resistencia al impacto y las vibraciones lo hacen ideal para notebooks y otros dispositivos de computaci\u00f3n m\u00f3viles.<\/p>\n","protected":false},"featured_media":236848,"comment_status":"open","ping_status":"open","template":"","meta":[],"product_cat":[1703,1708],"product_tag":[1573],"acf":[],"yoast_head":"<!-- This site is optimized with the Yoast SEO plugin v21.7 - https:\/\/yoast.com\/wordpress\/plugins\/seo\/ -->\n<title>[ Kingston ] &#129351; Sa400s37\/240g Unidad De Estado Solido Interno A400 240gb 2.5 Sata3 7mm Lect.500 Escrit.320mb\/s Pc\/laptop<\/title>\n<meta name=\"description\" content=\"Compra Sa400s37\/240g Unidad De Estado Solido Interno A400 240gb 2.5 Sata3 7mm Lect.500 Escrit.320mb\/s Pc\/laptop + Env\u00edo a domicilio + Pago seguro + Garant\u00eda\" \/>\n<meta name=\"robots\" content=\"index, follow, max-snippet:-1, max-image-preview:large, max-video-preview:-1\" \/>\n<link rel=\"canonical\" href=\"https:\/\/compuviper.mx\/tienda\/producto\/kingston-sa400s37-240g-unidad-de-estado-solido-interno-a400-240gb-2-5-sata3-7mm-lect-500-escrit-320mb-s-pc-laptop\/\" \/>\n<meta property=\"og:locale\" content=\"es_MX\" \/>\n<meta property=\"og:type\" content=\"article\" \/>\n<meta property=\"og:title\" content=\"[ Kingston ] &#129351; Sa400s37\/240g Unidad De Estado Solido Interno A400 240gb 2.5 Sata3 7mm Lect.500 Escrit.320mb\/s Pc\/laptop\" \/>\n<meta property=\"og:description\" content=\"Compra Sa400s37\/240g Unidad De Estado Solido Interno A400 240gb 2.5 Sata3 7mm Lect.500 Escrit.320mb\/s Pc\/laptop + Env\u00edo a domicilio + Pago seguro + Garant\u00eda\" \/>\n<meta property=\"og:url\" content=\"https:\/\/compuviper.mx\/tienda\/producto\/kingston-sa400s37-240g-unidad-de-estado-solido-interno-a400-240gb-2-5-sata3-7mm-lect-500-escrit-320mb-s-pc-laptop\/\" \/>\n<meta property=\"og:site_name\" content=\"Compuviper\" \/>\n<meta property=\"article:publisher\" content=\"https:\/\/www.facebook.com\/compuviper\" \/>\n<meta property=\"article:modified_time\" content=\"2026-04-11T06:36:59+00:00\" \/>\n<meta property=\"og:image\" content=\"https:\/\/compuviper.mx\/tienda\/wp-content\/uploads\/2024\/07\/Unidad-de-estado-solido-interno-240gb-kingston-a400-2.5-sata3-lect.500-escrit.320-mbs-7mm-pc-laptop-mini-pc-sa400s37240g.jpg\" \/>\n\t<meta property=\"og:image:width\" content=\"200\" \/>\n\t<meta property=\"og:image:height\" content=\"200\" \/>\n\t<meta property=\"og:image:type\" content=\"image\/jpeg\" \/>\n<meta name=\"twitter:card\" content=\"summary_large_image\" \/>\n<meta name=\"twitter:label1\" content=\"Precio\" \/>\n\t<meta name=\"twitter:data1\" content=\"&#36;1,252 &#36;1,213 con IVA\" \/>\n\t<meta name=\"twitter:label2\" content=\"Availability\" \/>\n\t<meta name=\"twitter:data2\" content=\"In stock\" \/>\n<script type=\"application\/ld+json\" class=\"yoast-schema-graph\">{\"@context\":\"https:\/\/schema.org\",\"@graph\":[{\"@type\":\"WebPage\",\"@id\":\"https:\/\/compuviper.mx\/tienda\/producto\/kingston-sa400s37-240g-unidad-de-estado-solido-interno-a400-240gb-2-5-sata3-7mm-lect-500-escrit-320mb-s-pc-laptop\/\",\"url\":\"https:\/\/compuviper.mx\/tienda\/producto\/kingston-sa400s37-240g-unidad-de-estado-solido-interno-a400-240gb-2-5-sata3-7mm-lect-500-escrit-320mb-s-pc-laptop\/\",\"name\":\"[ Kingston ] &#129351; Sa400s37\/240g Unidad De Estado Solido Interno A400 240gb 2.5 Sata3 7mm Lect.500 Escrit.320mb\/s Pc\/laptop\",\"isPartOf\":{\"@id\":\"https:\/\/compuviper.mx\/tienda\/#website\"},\"datePublished\":\"2026-04-11T06:36:58+00:00\",\"dateModified\":\"2026-04-11T06:36:59+00:00\",\"description\":\"Compra Sa400s37\/240g Unidad De Estado Solido Interno A400 240gb 2.5 Sata3 7mm Lect.500 Escrit.320mb\/s Pc\/laptop + Env\u00edo a domicilio + Pago seguro + Garant\u00eda\",\"breadcrumb\":{\"@id\":\"https:\/\/compuviper.mx\/tienda\/producto\/kingston-sa400s37-240g-unidad-de-estado-solido-interno-a400-240gb-2-5-sata3-7mm-lect-500-escrit-320mb-s-pc-laptop\/#breadcrumb\"},\"inLanguage\":\"es-MX\",\"potentialAction\":[{\"@type\":\"ReadAction\",\"target\":[\"https:\/\/compuviper.mx\/tienda\/producto\/kingston-sa400s37-240g-unidad-de-estado-solido-interno-a400-240gb-2-5-sata3-7mm-lect-500-escrit-320mb-s-pc-laptop\/\"]}]},{\"@type\":\"BreadcrumbList\",\"@id\":\"https:\/\/compuviper.mx\/tienda\/producto\/kingston-sa400s37-240g-unidad-de-estado-solido-interno-a400-240gb-2-5-sata3-7mm-lect-500-escrit-320mb-s-pc-laptop\/#breadcrumb\",\"itemListElement\":[{\"@type\":\"ListItem\",\"position\":1,\"name\":\"Inicio\",\"item\":\"https:\/\/compuviper.mx\/tienda\/\"},{\"@type\":\"ListItem\",\"position\":2,\"name\":\"Productos\",\"item\":\"https:\/\/compuviper.mx\/tienda\/productos\/\"},{\"@type\":\"ListItem\",\"position\":3,\"name\":\"Discos Duros\",\"item\":\"https:\/\/compuviper.mx\/tienda\/categoria-producto\/discos-duros\/\"},{\"@type\":\"ListItem\",\"position\":4,\"name\":\"Unidad De Estado Solido\",\"item\":\"https:\/\/compuviper.mx\/tienda\/categoria-producto\/discos-duros\/unidad-de-estado-solido\/\"},{\"@type\":\"ListItem\",\"position\":5,\"name\":\"Kingston Sa400s37\/240g Unidad De Estado Solido Interno A400 240gb 2.5 Sata3 7mm Lect.500 Escrit.320mb\/s Pc\/laptop\"}]},{\"@type\":\"WebSite\",\"@id\":\"https:\/\/compuviper.mx\/tienda\/#website\",\"url\":\"https:\/\/compuviper.mx\/tienda\/\",\"name\":\"Compuviper\",\"description\":\"Proveedor de Computadoras, Laptops, Servidores, Monitores, Puntos de Venta, Teclados,   Impresoras, T\u00f3ner, C\u00e1maras de Seguridad y m\u00e1s en tu tienda en l\u00ednea\",\"publisher\":{\"@id\":\"https:\/\/compuviper.mx\/tienda\/#organization\"},\"potentialAction\":[{\"@type\":\"SearchAction\",\"target\":{\"@type\":\"EntryPoint\",\"urlTemplate\":\"https:\/\/compuviper.mx\/tienda\/?s={search_term_string}\"},\"query-input\":\"required name=search_term_string\"}],\"inLanguage\":\"es-MX\"},{\"@type\":\"Organization\",\"@id\":\"https:\/\/compuviper.mx\/tienda\/#organization\",\"name\":\"Compuviper\",\"url\":\"https:\/\/compuviper.mx\/tienda\/\",\"logo\":{\"@type\":\"ImageObject\",\"inLanguage\":\"es-MX\",\"@id\":\"https:\/\/compuviper.mx\/tienda\/#\/schema\/logo\/image\/\",\"url\":\"https:\/\/compuviper.mx\/tienda\/wp-content\/uploads\/2021\/08\/Logo-Compuviper-10.png\",\"contentUrl\":\"https:\/\/compuviper.mx\/tienda\/wp-content\/uploads\/2021\/08\/Logo-Compuviper-10.png\",\"width\":1000,\"height\":500,\"caption\":\"Compuviper\"},\"image\":{\"@id\":\"https:\/\/compuviper.mx\/tienda\/#\/schema\/logo\/image\/\"},\"sameAs\":[\"https:\/\/www.facebook.com\/compuviper\",\"https:\/\/www.youtube.com\/channel\/UCf73dERp9Y3cfOq7q8BhLjA?view_as=subscriber\"]}]}<\/script>\n<meta property=\"product:brand\" content=\"KINGSTON\" \/>\n<meta property=\"product:price:amount\" content=\"1213\" \/>\n<meta property=\"product:price:currency\" content=\"MXN\" \/>\n<meta property=\"og:availability\" content=\"instock\" \/>\n<meta property=\"product:availability\" content=\"instock\" \/>\n<meta property=\"product:retailer_item_id\" content=\"SA400S37\/240G\" \/>\n<meta property=\"product:condition\" content=\"new\" \/>\n<!-- \/ Yoast SEO plugin. -->","yoast_head_json":{"title":"[ Kingston ] &#129351; Sa400s37\/240g Unidad De Estado Solido Interno A400 240gb 2.5 Sata3 7mm Lect.500 Escrit.320mb\/s Pc\/laptop","description":"Compra Sa400s37\/240g Unidad De Estado Solido Interno A400 240gb 2.5 Sata3 7mm Lect.500 Escrit.320mb\/s Pc\/laptop + Env\u00edo a domicilio + Pago seguro + Garant\u00eda","robots":{"index":"index","follow":"follow","max-snippet":"max-snippet:-1","max-image-preview":"max-image-preview:large","max-video-preview":"max-video-preview:-1"},"canonical":"https:\/\/compuviper.mx\/tienda\/producto\/kingston-sa400s37-240g-unidad-de-estado-solido-interno-a400-240gb-2-5-sata3-7mm-lect-500-escrit-320mb-s-pc-laptop\/","og_locale":"es_MX","og_type":"article","og_title":"[ Kingston ] &#129351; Sa400s37\/240g Unidad De Estado Solido Interno A400 240gb 2.5 Sata3 7mm Lect.500 Escrit.320mb\/s Pc\/laptop","og_description":"Compra Sa400s37\/240g Unidad De Estado Solido Interno A400 240gb 2.5 Sata3 7mm Lect.500 Escrit.320mb\/s Pc\/laptop + Env\u00edo a domicilio + Pago seguro + Garant\u00eda","og_url":"https:\/\/compuviper.mx\/tienda\/producto\/kingston-sa400s37-240g-unidad-de-estado-solido-interno-a400-240gb-2-5-sata3-7mm-lect-500-escrit-320mb-s-pc-laptop\/","og_site_name":"Compuviper","article_publisher":"https:\/\/www.facebook.com\/compuviper","article_modified_time":"2026-04-11T06:36:59+00:00","og_image":[{"width":200,"height":200,"url":"https:\/\/compuviper.mx\/tienda\/wp-content\/uploads\/2024\/07\/Unidad-de-estado-solido-interno-240gb-kingston-a400-2.5-sata3-lect.500-escrit.320-mbs-7mm-pc-laptop-mini-pc-sa400s37240g.jpg","type":"image\/jpeg"}],"twitter_card":"summary_large_image","twitter_misc":{"Precio":"&#36;1,252 &#36;1,213 con IVA","Availability":"In stock"},"schema":{"@context":"https:\/\/schema.org","@graph":[{"@type":"WebPage","@id":"https:\/\/compuviper.mx\/tienda\/producto\/kingston-sa400s37-240g-unidad-de-estado-solido-interno-a400-240gb-2-5-sata3-7mm-lect-500-escrit-320mb-s-pc-laptop\/","url":"https:\/\/compuviper.mx\/tienda\/producto\/kingston-sa400s37-240g-unidad-de-estado-solido-interno-a400-240gb-2-5-sata3-7mm-lect-500-escrit-320mb-s-pc-laptop\/","name":"[ Kingston ] &#129351; Sa400s37\/240g Unidad De Estado Solido Interno A400 240gb 2.5 Sata3 7mm Lect.500 Escrit.320mb\/s Pc\/laptop","isPartOf":{"@id":"https:\/\/compuviper.mx\/tienda\/#website"},"datePublished":"2026-04-11T06:36:58+00:00","dateModified":"2026-04-11T06:36:59+00:00","description":"Compra Sa400s37\/240g Unidad De Estado Solido Interno A400 240gb 2.5 Sata3 7mm Lect.500 Escrit.320mb\/s Pc\/laptop + Env\u00edo a domicilio + Pago seguro + Garant\u00eda","breadcrumb":{"@id":"https:\/\/compuviper.mx\/tienda\/producto\/kingston-sa400s37-240g-unidad-de-estado-solido-interno-a400-240gb-2-5-sata3-7mm-lect-500-escrit-320mb-s-pc-laptop\/#breadcrumb"},"inLanguage":"es-MX","potentialAction":[{"@type":"ReadAction","target":["https:\/\/compuviper.mx\/tienda\/producto\/kingston-sa400s37-240g-unidad-de-estado-solido-interno-a400-240gb-2-5-sata3-7mm-lect-500-escrit-320mb-s-pc-laptop\/"]}]},{"@type":"BreadcrumbList","@id":"https:\/\/compuviper.mx\/tienda\/producto\/kingston-sa400s37-240g-unidad-de-estado-solido-interno-a400-240gb-2-5-sata3-7mm-lect-500-escrit-320mb-s-pc-laptop\/#breadcrumb","itemListElement":[{"@type":"ListItem","position":1,"name":"Inicio","item":"https:\/\/compuviper.mx\/tienda\/"},{"@type":"ListItem","position":2,"name":"Productos","item":"https:\/\/compuviper.mx\/tienda\/productos\/"},{"@type":"ListItem","position":3,"name":"Discos Duros","item":"https:\/\/compuviper.mx\/tienda\/categoria-producto\/discos-duros\/"},{"@type":"ListItem","position":4,"name":"Unidad De Estado Solido","item":"https:\/\/compuviper.mx\/tienda\/categoria-producto\/discos-duros\/unidad-de-estado-solido\/"},{"@type":"ListItem","position":5,"name":"Kingston Sa400s37\/240g Unidad De Estado Solido Interno A400 240gb 2.5 Sata3 7mm Lect.500 Escrit.320mb\/s Pc\/laptop"}]},{"@type":"WebSite","@id":"https:\/\/compuviper.mx\/tienda\/#website","url":"https:\/\/compuviper.mx\/tienda\/","name":"Compuviper","description":"Proveedor de Computadoras, Laptops, Servidores, Monitores, Puntos de Venta, Teclados,   Impresoras, T\u00f3ner, C\u00e1maras de Seguridad y m\u00e1s en tu tienda en l\u00ednea","publisher":{"@id":"https:\/\/compuviper.mx\/tienda\/#organization"},"potentialAction":[{"@type":"SearchAction","target":{"@type":"EntryPoint","urlTemplate":"https:\/\/compuviper.mx\/tienda\/?s={search_term_string}"},"query-input":"required name=search_term_string"}],"inLanguage":"es-MX"},{"@type":"Organization","@id":"https:\/\/compuviper.mx\/tienda\/#organization","name":"Compuviper","url":"https:\/\/compuviper.mx\/tienda\/","logo":{"@type":"ImageObject","inLanguage":"es-MX","@id":"https:\/\/compuviper.mx\/tienda\/#\/schema\/logo\/image\/","url":"https:\/\/compuviper.mx\/tienda\/wp-content\/uploads\/2021\/08\/Logo-Compuviper-10.png","contentUrl":"https:\/\/compuviper.mx\/tienda\/wp-content\/uploads\/2021\/08\/Logo-Compuviper-10.png","width":1000,"height":500,"caption":"Compuviper"},"image":{"@id":"https:\/\/compuviper.mx\/tienda\/#\/schema\/logo\/image\/"},"sameAs":["https:\/\/www.facebook.com\/compuviper","https:\/\/www.youtube.com\/channel\/UCf73dERp9Y3cfOq7q8BhLjA?view_as=subscriber"]}]},"product_brand":"KINGSTON","product_price_amount":"1213","product_price_currency":"MXN","og_availability":"instock","product_availability":"instock","product_retailer_item_id":"SA400S37\/240G","product_condition":"new"},"_links":{"self":[{"href":"https:\/\/compuviper.mx\/tienda\/wp-json\/wp\/v2\/product\/236847"}],"collection":[{"href":"https:\/\/compuviper.mx\/tienda\/wp-json\/wp\/v2\/product"}],"about":[{"href":"https:\/\/compuviper.mx\/tienda\/wp-json\/wp\/v2\/types\/product"}],"replies":[{"embeddable":true,"href":"https:\/\/compuviper.mx\/tienda\/wp-json\/wp\/v2\/comments?post=236847"}],"wp:featuredmedia":[{"embeddable":true,"href":"https:\/\/compuviper.mx\/tienda\/wp-json\/wp\/v2\/media\/236848"}],"wp:attachment":[{"href":"https:\/\/compuviper.mx\/tienda\/wp-json\/wp\/v2\/media?parent=236847"}],"wp:term":[{"taxonomy":"product_cat","embeddable":true,"href":"https:\/\/compuviper.mx\/tienda\/wp-json\/wp\/v2\/product_cat?post=236847"},{"taxonomy":"product_tag","embeddable":true,"href":"https:\/\/compuviper.mx\/tienda\/wp-json\/wp\/v2\/product_tag?post=236847"}],"curies":[{"name":"wp","href":"https:\/\/api.w.org\/{rel}","templated":true}]}}