{"id":236674,"date":"2026-04-23T00:14:24","date_gmt":"2026-04-23T06:14:24","guid":{"rendered":"https:\/\/compuviper.mx\/tienda\/producto\/logitech-960-001548-webcam-mx-brio-uhd-4k-2160p-30-fps-zoom-4x-auto-enfoque-ia-tapa-de-privacidad-integrada-usb-c\/"},"modified":"2026-04-23T00:14:25","modified_gmt":"2026-04-23T06:14:25","slug":"logitech-960-001548-webcam-mx-brio-uhd-4k-2160p-30-fps-zoom-4x-auto-enfoque-ia-tapa-de-privacidad-integrada-usb-c","status":"publish","type":"product","link":"https:\/\/compuviper.mx\/tienda\/producto\/logitech-960-001548-webcam-mx-brio-uhd-4k-2160p-30-fps-zoom-4x-auto-enfoque-ia-tapa-de-privacidad-integrada-usb-c\/","title":{"rendered":"Logitech 960-001548 Webcam  Mx Brio Uhd 4k 2160p 30 Fps Zoom 4x Auto Enfoque Ia Tapa De Privacidad Integrada Usb-c"},"content":{"rendered":"<table class=\"descripcion\">\n<tr>\n<td>Especificaciones y detalles<\/td>\n<\/tr>\n<tr>\n<td>Dimensiones<\/td>\n<\/tr>\n<tr>\n<td>Solo camara web<\/td>\n<\/tr>\n<tr>\n<td>Altura: 44 mm<\/td>\n<\/tr>\n<tr>\n<td>Ancho: 98 mm<\/td>\n<\/tr>\n<tr>\n<td>Profundidad: 36 mm<\/td>\n<\/tr>\n<tr>\n<td>Pesa sin clip: 137 g<\/td>\n<\/tr>\n<tr>\n<td>Webcam con pieza de montaje (cerrada)<\/td>\n<\/tr>\n<tr>\n<td>Altura: 62 mm<\/td>\n<\/tr>\n<tr>\n<td>Ancho: 98 mm<\/td>\n<\/tr>\n<tr>\n<td>Profundidad: 52 mm<\/td>\n<\/tr>\n<tr>\n<td>Peso con clip de montaje: 176 g<\/td>\n<\/tr>\n<tr>\n<td>Clip de montaje<\/td>\n<\/tr>\n<tr>\n<td>Altura: 20 mm<\/td>\n<\/tr>\n<tr>\n<td>Ancho: 38 mm<\/td>\n<\/tr>\n<tr>\n<td>Profundidad: 45 mm<\/td>\n<\/tr>\n<tr>\n<td>Empaque<\/td>\n<\/tr>\n<tr>\n<td>Altura: 141 mm<\/td>\n<\/tr>\n<tr>\n<td>Ancho: 136 mm<\/td>\n<\/tr>\n<tr>\n<td>Profundidad: 68 mm<\/td>\n<\/tr>\n<tr>\n<td>Peso total (con producto): 362 g<\/td>\n<\/tr>\n<tr>\n<td>Especificaciones tecnicas<\/td>\n<\/tr>\n<tr>\n<td>Multiples resoluciones<\/td>\n<\/tr>\n<tr>\n<td>4k\/30 fps (3840 x 2160 pixeles)<\/td>\n<\/tr>\n<tr>\n<td>1080p\/60 fps (1920 x 1080 pixeles)<\/td>\n<\/tr>\n<tr>\n<td>Tipo de enfoque: automatico avanzado<\/td>\n<\/tr>\n<tr>\n<td>Tipo de lente: cristal<\/td>\n<\/tr>\n<tr>\n<td>Tipo de microfono integrado<\/td>\n<\/tr>\n<tr>\n<td>Dos microfonos con formacion de haces para reduccion de ruido<\/td>\n<\/tr>\n<tr>\n<td>Radio de microfono hasta 1,2 m<\/td>\n<\/tr>\n<tr>\n<td>Campo visual diagonal (dfov): 90\u00b0\/78\u00b0\/65\u00b0<\/td>\n<\/tr>\n<tr>\n<td>Sensor de imagen: sony starvis de 8,5 mp<\/td>\n<\/tr>\n<tr>\n<td>Zoom de hardware: zoom digital 4x<\/td>\n<\/tr>\n<tr>\n<td>Tapa de privacidad integrada: si<\/td>\n<\/tr>\n<tr>\n<td>Conectividad: cable usb-c a usb-c extraible, compatible con el est\u00e1ndar usb 3.0<\/td>\n<\/tr>\n<tr>\n<td>Longitud del cable: 1,5 m<\/td>\n<\/tr>\n<tr>\n<td>Clip de montaje universal extraible: cabe en portatiles, pantallas lcd o monitores<\/td>\n<\/tr>\n<tr>\n<td>Adaptador para tripode: rosca estandar de \u00bc para montaje en tripodes<\/td>\n<\/tr>\n<tr>\n<td>Rightlight 5 con mejora de imagen basada en rostros: enfoque automatico, hdr, balance de blancos, exposicion, para una imagen nitida en diversos entornos de iluminacion, desde poca luz hasta luz solar directa<\/td>\n<\/tr>\n<tr>\n<td>Show mode: s\u00ed<\/td>\n<\/tr>\n<tr>\n<td>Controles de imagen precisos: con software opcional logi options+ o g hub<\/td>\n<\/tr>\n<tr>\n<td>Informacion de garantia<\/td>\n<\/tr>\n<tr>\n<td>Un a\u00f1o de garantia de hardware limitada<\/td>\n<\/tr>\n<tr>\n<td>Numero de referencia<\/td>\n<\/tr>\n<tr>\n<td>960-001548<\/td>\n<\/tr>\n<\/table>\n","protected":false},"excerpt":{"rendered":"<p>Con la camara mx brio reunase y haga streaming con calidad de video, detalle y precision de color excepcionales con resolucion uhd 4k a 30 fps o 1080p a 60 fps con nuestro sensor de camara web mas avanzado hasta la fecha, con pixeles un 70% mas grandes4en comparacion con la camara web brio 4k para una calidad de imagen nitida. Mx brio tiene 2 veces mas detalles de imagen y visibilidad de rostros que brio 4k y te mantiene en el centro de atencion incluso en situaciones de poca luz o con retroiluminacion, mientras que la mejora de imagen basada en la ia basada en rostros te mantiene nitido. La exposicion automatica, el balance de blancos automatico y la reduccion de ruido de imagen mantienen el color del video nitido y preciso.<\/p>\n","protected":false},"featured_media":242468,"comment_status":"open","ping_status":"open","template":"","meta":[],"product_cat":[1608,1682],"product_tag":[1500],"acf":[],"yoast_head":"<!-- This site is optimized with the Yoast SEO plugin v21.7 - https:\/\/yoast.com\/wordpress\/plugins\/seo\/ -->\n<title>[ Logitech ] &#129351; 960-001548 Webcam Mx Brio Uhd 4k 2160p 30 Fps Zoom 4x Auto Enfoque Ia Tapa De Privacidad Integrada Usb-c<\/title>\n<meta name=\"description\" content=\"Compra 960-001548 Webcam Mx Brio Uhd 4k 2160p 30 Fps Zoom 4x Auto Enfoque Ia Tapa De Privacidad Integrada Usb-c + Env\u00edo a domicilio + Pago seguro + Garant\u00eda\" \/>\n<meta name=\"robots\" content=\"index, follow, max-snippet:-1, max-image-preview:large, max-video-preview:-1\" \/>\n<link rel=\"canonical\" href=\"https:\/\/compuviper.mx\/tienda\/producto\/logitech-960-001548-webcam-mx-brio-uhd-4k-2160p-30-fps-zoom-4x-auto-enfoque-ia-tapa-de-privacidad-integrada-usb-c\/\" \/>\n<meta property=\"og:locale\" content=\"es_MX\" \/>\n<meta property=\"og:type\" content=\"article\" \/>\n<meta property=\"og:title\" content=\"[ Logitech ] &#129351; 960-001548 Webcam Mx Brio Uhd 4k 2160p 30 Fps Zoom 4x Auto Enfoque Ia Tapa De Privacidad Integrada Usb-c\" \/>\n<meta property=\"og:description\" content=\"Compra 960-001548 Webcam Mx Brio Uhd 4k 2160p 30 Fps Zoom 4x Auto Enfoque Ia Tapa De Privacidad Integrada Usb-c + Env\u00edo a domicilio + Pago seguro + Garant\u00eda\" \/>\n<meta property=\"og:url\" content=\"https:\/\/compuviper.mx\/tienda\/producto\/logitech-960-001548-webcam-mx-brio-uhd-4k-2160p-30-fps-zoom-4x-auto-enfoque-ia-tapa-de-privacidad-integrada-usb-c\/\" \/>\n<meta property=\"og:site_name\" content=\"Compuviper\" \/>\n<meta property=\"article:publisher\" content=\"https:\/\/www.facebook.com\/compuviper\" \/>\n<meta property=\"article:modified_time\" content=\"2026-04-23T06:14:25+00:00\" \/>\n<meta property=\"og:image\" content=\"https:\/\/compuviper.mx\/tienda\/wp-content\/uploads\/2024\/09\/Webcam-logitech-mx-brio-uhd-4k-2160p-30-fps-zoom-4x-auto-enfoque-ia-tapa-de-privacidad-integrada-usb-c.jpg\" \/>\n\t<meta property=\"og:image:width\" content=\"200\" \/>\n\t<meta property=\"og:image:height\" content=\"200\" \/>\n\t<meta property=\"og:image:type\" content=\"image\/jpeg\" \/>\n<meta name=\"twitter:card\" content=\"summary_large_image\" \/>\n<meta name=\"twitter:label1\" content=\"Precio\" \/>\n\t<meta name=\"twitter:data1\" content=\"&#36;3,320 con IVA\" \/>\n\t<meta name=\"twitter:label2\" content=\"Availability\" \/>\n\t<meta name=\"twitter:data2\" content=\"Out of stock\" \/>\n<script type=\"application\/ld+json\" class=\"yoast-schema-graph\">{\"@context\":\"https:\/\/schema.org\",\"@graph\":[{\"@type\":\"WebPage\",\"@id\":\"https:\/\/compuviper.mx\/tienda\/producto\/logitech-960-001548-webcam-mx-brio-uhd-4k-2160p-30-fps-zoom-4x-auto-enfoque-ia-tapa-de-privacidad-integrada-usb-c\/\",\"url\":\"https:\/\/compuviper.mx\/tienda\/producto\/logitech-960-001548-webcam-mx-brio-uhd-4k-2160p-30-fps-zoom-4x-auto-enfoque-ia-tapa-de-privacidad-integrada-usb-c\/\",\"name\":\"[ Logitech ] &#129351; 960-001548 Webcam Mx Brio Uhd 4k 2160p 30 Fps Zoom 4x Auto Enfoque Ia Tapa De Privacidad Integrada Usb-c\",\"isPartOf\":{\"@id\":\"https:\/\/compuviper.mx\/tienda\/#website\"},\"datePublished\":\"2026-04-23T06:14:24+00:00\",\"dateModified\":\"2026-04-23T06:14:25+00:00\",\"description\":\"Compra 960-001548 Webcam Mx Brio Uhd 4k 2160p 30 Fps Zoom 4x Auto Enfoque Ia Tapa De Privacidad Integrada Usb-c + Env\u00edo a domicilio + Pago seguro + Garant\u00eda\",\"breadcrumb\":{\"@id\":\"https:\/\/compuviper.mx\/tienda\/producto\/logitech-960-001548-webcam-mx-brio-uhd-4k-2160p-30-fps-zoom-4x-auto-enfoque-ia-tapa-de-privacidad-integrada-usb-c\/#breadcrumb\"},\"inLanguage\":\"es-MX\",\"potentialAction\":[{\"@type\":\"ReadAction\",\"target\":[\"https:\/\/compuviper.mx\/tienda\/producto\/logitech-960-001548-webcam-mx-brio-uhd-4k-2160p-30-fps-zoom-4x-auto-enfoque-ia-tapa-de-privacidad-integrada-usb-c\/\"]}]},{\"@type\":\"BreadcrumbList\",\"@id\":\"https:\/\/compuviper.mx\/tienda\/producto\/logitech-960-001548-webcam-mx-brio-uhd-4k-2160p-30-fps-zoom-4x-auto-enfoque-ia-tapa-de-privacidad-integrada-usb-c\/#breadcrumb\",\"itemListElement\":[{\"@type\":\"ListItem\",\"position\":1,\"name\":\"Inicio\",\"item\":\"https:\/\/compuviper.mx\/tienda\/\"},{\"@type\":\"ListItem\",\"position\":2,\"name\":\"Productos\",\"item\":\"https:\/\/compuviper.mx\/tienda\/productos\/\"},{\"@type\":\"ListItem\",\"position\":3,\"name\":\"Camaras\",\"item\":\"https:\/\/compuviper.mx\/tienda\/categoria-producto\/camaras-2\/\"},{\"@type\":\"ListItem\",\"position\":4,\"name\":\"Camara Web\",\"item\":\"https:\/\/compuviper.mx\/tienda\/categoria-producto\/camaras-2\/camara-web\/\"},{\"@type\":\"ListItem\",\"position\":5,\"name\":\"Logitech 960-001548 Webcam Mx Brio Uhd 4k 2160p 30 Fps Zoom 4x Auto Enfoque Ia Tapa De Privacidad Integrada Usb-c\"}]},{\"@type\":\"WebSite\",\"@id\":\"https:\/\/compuviper.mx\/tienda\/#website\",\"url\":\"https:\/\/compuviper.mx\/tienda\/\",\"name\":\"Compuviper\",\"description\":\"Proveedor de Computadoras, Laptops, Servidores, Monitores, Puntos de Venta, Teclados,   Impresoras, T\u00f3ner, C\u00e1maras de Seguridad y m\u00e1s en tu tienda en l\u00ednea\",\"publisher\":{\"@id\":\"https:\/\/compuviper.mx\/tienda\/#organization\"},\"potentialAction\":[{\"@type\":\"SearchAction\",\"target\":{\"@type\":\"EntryPoint\",\"urlTemplate\":\"https:\/\/compuviper.mx\/tienda\/?s={search_term_string}\"},\"query-input\":\"required name=search_term_string\"}],\"inLanguage\":\"es-MX\"},{\"@type\":\"Organization\",\"@id\":\"https:\/\/compuviper.mx\/tienda\/#organization\",\"name\":\"Compuviper\",\"url\":\"https:\/\/compuviper.mx\/tienda\/\",\"logo\":{\"@type\":\"ImageObject\",\"inLanguage\":\"es-MX\",\"@id\":\"https:\/\/compuviper.mx\/tienda\/#\/schema\/logo\/image\/\",\"url\":\"https:\/\/compuviper.mx\/tienda\/wp-content\/uploads\/2021\/08\/Logo-Compuviper-10.png\",\"contentUrl\":\"https:\/\/compuviper.mx\/tienda\/wp-content\/uploads\/2021\/08\/Logo-Compuviper-10.png\",\"width\":1000,\"height\":500,\"caption\":\"Compuviper\"},\"image\":{\"@id\":\"https:\/\/compuviper.mx\/tienda\/#\/schema\/logo\/image\/\"},\"sameAs\":[\"https:\/\/www.facebook.com\/compuviper\",\"https:\/\/www.youtube.com\/channel\/UCf73dERp9Y3cfOq7q8BhLjA?view_as=subscriber\"]}]}<\/script>\n<meta property=\"product:brand\" content=\"LOGITECH\" \/>\n<meta property=\"product:price:amount\" content=\"3320\" \/>\n<meta property=\"product:price:currency\" content=\"MXN\" \/>\n<meta property=\"og:availability\" content=\"out of stock\" \/>\n<meta property=\"product:availability\" content=\"out of stock\" \/>\n<meta property=\"product:retailer_item_id\" content=\"960-001548\" \/>\n<meta property=\"product:condition\" content=\"new\" \/>\n<!-- \/ Yoast SEO plugin. -->","yoast_head_json":{"title":"[ Logitech ] &#129351; 960-001548 Webcam Mx Brio Uhd 4k 2160p 30 Fps Zoom 4x Auto Enfoque Ia Tapa De Privacidad Integrada Usb-c","description":"Compra 960-001548 Webcam Mx Brio Uhd 4k 2160p 30 Fps Zoom 4x Auto Enfoque Ia Tapa De Privacidad Integrada Usb-c + Env\u00edo a domicilio + Pago seguro + Garant\u00eda","robots":{"index":"index","follow":"follow","max-snippet":"max-snippet:-1","max-image-preview":"max-image-preview:large","max-video-preview":"max-video-preview:-1"},"canonical":"https:\/\/compuviper.mx\/tienda\/producto\/logitech-960-001548-webcam-mx-brio-uhd-4k-2160p-30-fps-zoom-4x-auto-enfoque-ia-tapa-de-privacidad-integrada-usb-c\/","og_locale":"es_MX","og_type":"article","og_title":"[ Logitech ] &#129351; 960-001548 Webcam Mx Brio Uhd 4k 2160p 30 Fps Zoom 4x Auto Enfoque Ia Tapa De Privacidad Integrada Usb-c","og_description":"Compra 960-001548 Webcam Mx Brio Uhd 4k 2160p 30 Fps Zoom 4x Auto Enfoque Ia Tapa De Privacidad Integrada Usb-c + Env\u00edo a domicilio + Pago seguro + Garant\u00eda","og_url":"https:\/\/compuviper.mx\/tienda\/producto\/logitech-960-001548-webcam-mx-brio-uhd-4k-2160p-30-fps-zoom-4x-auto-enfoque-ia-tapa-de-privacidad-integrada-usb-c\/","og_site_name":"Compuviper","article_publisher":"https:\/\/www.facebook.com\/compuviper","article_modified_time":"2026-04-23T06:14:25+00:00","og_image":[{"width":200,"height":200,"url":"https:\/\/compuviper.mx\/tienda\/wp-content\/uploads\/2024\/09\/Webcam-logitech-mx-brio-uhd-4k-2160p-30-fps-zoom-4x-auto-enfoque-ia-tapa-de-privacidad-integrada-usb-c.jpg","type":"image\/jpeg"}],"twitter_card":"summary_large_image","twitter_misc":{"Precio":"&#36;3,320 con IVA","Availability":"Out of stock"},"schema":{"@context":"https:\/\/schema.org","@graph":[{"@type":"WebPage","@id":"https:\/\/compuviper.mx\/tienda\/producto\/logitech-960-001548-webcam-mx-brio-uhd-4k-2160p-30-fps-zoom-4x-auto-enfoque-ia-tapa-de-privacidad-integrada-usb-c\/","url":"https:\/\/compuviper.mx\/tienda\/producto\/logitech-960-001548-webcam-mx-brio-uhd-4k-2160p-30-fps-zoom-4x-auto-enfoque-ia-tapa-de-privacidad-integrada-usb-c\/","name":"[ Logitech ] &#129351; 960-001548 Webcam Mx Brio Uhd 4k 2160p 30 Fps Zoom 4x Auto Enfoque Ia Tapa De Privacidad Integrada Usb-c","isPartOf":{"@id":"https:\/\/compuviper.mx\/tienda\/#website"},"datePublished":"2026-04-23T06:14:24+00:00","dateModified":"2026-04-23T06:14:25+00:00","description":"Compra 960-001548 Webcam Mx Brio Uhd 4k 2160p 30 Fps Zoom 4x Auto Enfoque Ia Tapa De Privacidad Integrada Usb-c + Env\u00edo a domicilio + Pago seguro + Garant\u00eda","breadcrumb":{"@id":"https:\/\/compuviper.mx\/tienda\/producto\/logitech-960-001548-webcam-mx-brio-uhd-4k-2160p-30-fps-zoom-4x-auto-enfoque-ia-tapa-de-privacidad-integrada-usb-c\/#breadcrumb"},"inLanguage":"es-MX","potentialAction":[{"@type":"ReadAction","target":["https:\/\/compuviper.mx\/tienda\/producto\/logitech-960-001548-webcam-mx-brio-uhd-4k-2160p-30-fps-zoom-4x-auto-enfoque-ia-tapa-de-privacidad-integrada-usb-c\/"]}]},{"@type":"BreadcrumbList","@id":"https:\/\/compuviper.mx\/tienda\/producto\/logitech-960-001548-webcam-mx-brio-uhd-4k-2160p-30-fps-zoom-4x-auto-enfoque-ia-tapa-de-privacidad-integrada-usb-c\/#breadcrumb","itemListElement":[{"@type":"ListItem","position":1,"name":"Inicio","item":"https:\/\/compuviper.mx\/tienda\/"},{"@type":"ListItem","position":2,"name":"Productos","item":"https:\/\/compuviper.mx\/tienda\/productos\/"},{"@type":"ListItem","position":3,"name":"Camaras","item":"https:\/\/compuviper.mx\/tienda\/categoria-producto\/camaras-2\/"},{"@type":"ListItem","position":4,"name":"Camara Web","item":"https:\/\/compuviper.mx\/tienda\/categoria-producto\/camaras-2\/camara-web\/"},{"@type":"ListItem","position":5,"name":"Logitech 960-001548 Webcam Mx Brio Uhd 4k 2160p 30 Fps Zoom 4x Auto Enfoque Ia Tapa De Privacidad Integrada Usb-c"}]},{"@type":"WebSite","@id":"https:\/\/compuviper.mx\/tienda\/#website","url":"https:\/\/compuviper.mx\/tienda\/","name":"Compuviper","description":"Proveedor de Computadoras, Laptops, Servidores, Monitores, Puntos de Venta, Teclados,   Impresoras, T\u00f3ner, C\u00e1maras de Seguridad y m\u00e1s en tu tienda en l\u00ednea","publisher":{"@id":"https:\/\/compuviper.mx\/tienda\/#organization"},"potentialAction":[{"@type":"SearchAction","target":{"@type":"EntryPoint","urlTemplate":"https:\/\/compuviper.mx\/tienda\/?s={search_term_string}"},"query-input":"required name=search_term_string"}],"inLanguage":"es-MX"},{"@type":"Organization","@id":"https:\/\/compuviper.mx\/tienda\/#organization","name":"Compuviper","url":"https:\/\/compuviper.mx\/tienda\/","logo":{"@type":"ImageObject","inLanguage":"es-MX","@id":"https:\/\/compuviper.mx\/tienda\/#\/schema\/logo\/image\/","url":"https:\/\/compuviper.mx\/tienda\/wp-content\/uploads\/2021\/08\/Logo-Compuviper-10.png","contentUrl":"https:\/\/compuviper.mx\/tienda\/wp-content\/uploads\/2021\/08\/Logo-Compuviper-10.png","width":1000,"height":500,"caption":"Compuviper"},"image":{"@id":"https:\/\/compuviper.mx\/tienda\/#\/schema\/logo\/image\/"},"sameAs":["https:\/\/www.facebook.com\/compuviper","https:\/\/www.youtube.com\/channel\/UCf73dERp9Y3cfOq7q8BhLjA?view_as=subscriber"]}]},"product_brand":"LOGITECH","product_price_amount":"3320","product_price_currency":"MXN","og_availability":"out of stock","product_availability":"out of stock","product_retailer_item_id":"960-001548","product_condition":"new"},"_links":{"self":[{"href":"https:\/\/compuviper.mx\/tienda\/wp-json\/wp\/v2\/product\/236674"}],"collection":[{"href":"https:\/\/compuviper.mx\/tienda\/wp-json\/wp\/v2\/product"}],"about":[{"href":"https:\/\/compuviper.mx\/tienda\/wp-json\/wp\/v2\/types\/product"}],"replies":[{"embeddable":true,"href":"https:\/\/compuviper.mx\/tienda\/wp-json\/wp\/v2\/comments?post=236674"}],"wp:featuredmedia":[{"embeddable":true,"href":"https:\/\/compuviper.mx\/tienda\/wp-json\/wp\/v2\/media\/242468"}],"wp:attachment":[{"href":"https:\/\/compuviper.mx\/tienda\/wp-json\/wp\/v2\/media?parent=236674"}],"wp:term":[{"taxonomy":"product_cat","embeddable":true,"href":"https:\/\/compuviper.mx\/tienda\/wp-json\/wp\/v2\/product_cat?post=236674"},{"taxonomy":"product_tag","embeddable":true,"href":"https:\/\/compuviper.mx\/tienda\/wp-json\/wp\/v2\/product_tag?post=236674"}],"curies":[{"name":"wp","href":"https:\/\/api.w.org\/{rel}","templated":true}]}}