{"id":236204,"date":"2026-04-01T23:13:15","date_gmt":"2026-04-02T05:13:15","guid":{"rendered":"https:\/\/compuviper.mx\/tienda\/producto\/manhattan-153966-estacin-docking-usb-c-con-lector-de-tarjetas-7-en-1\/"},"modified":"2026-04-01T23:13:15","modified_gmt":"2026-04-02T05:13:15","slug":"manhattan-153966-estacin-docking-usb-c-con-lector-de-tarjetas-7-en-1","status":"publish","type":"product","link":"https:\/\/compuviper.mx\/tienda\/producto\/manhattan-153966-estacin-docking-usb-c-con-lector-de-tarjetas-7-en-1\/","title":{"rendered":"Manhattan 153966 Estaci?n Docking, , , Usb-c Con Lector De Tarjetas, 7 En 1"},"content":{"rendered":"<table class=\"descripcion\">\n<tr>\n<td>Est\u00e1ndares y certificaciones<\/td>\n<\/tr>\n<tr>\n<td>Dp 1.4 alt mode sobre usb-c<\/td>\n<\/tr>\n<tr>\n<td>Usb 3.2 gen 2<\/td>\n<\/tr>\n<tr>\n<td>Hdmi 2.0<\/td>\n<\/tr>\n<tr>\n<td>Hdcp 2.3<\/td>\n<\/tr>\n<tr>\n<td>Ce<\/td>\n<\/tr>\n<tr>\n<td>Fcc<\/td>\n<\/tr>\n<tr>\n<td>Rohs<\/td>\n<\/tr>\n<tr>\n<td>Reach<\/td>\n<\/tr>\n<tr>\n<td>Ukca<\/td>\n<\/tr>\n<tr>\n<td>Generalidades<\/td>\n<\/tr>\n<tr>\n<td>Velocidad de transferencia de datos de los puertos usb-a: 10 gbps<\/td>\n<\/tr>\n<tr>\n<td>Resoluciones de video: 480i, 480p, 576i, 576p, 720p, 1080i, 1080p, 4k@30hz, 4k@60hz<\/td>\n<\/tr>\n<tr>\n<td>Funcionamiento alimentado por bus excepto funciones de carga<\/td>\n<\/tr>\n<tr>\n<td>Carga usb-a: 4.5 w 5.0 v a 0.9 a m\u00e1x.<\/td>\n<\/tr>\n<tr>\n<td>Puerto de carga usb-c pd: 100 w 20 v a 5 a m\u00e1x.<\/td>\n<\/tr>\n<tr>\n<td>&#8211; ajustes de voltaje\/corriente m\u00e1ximo:<\/td>\n<\/tr>\n<tr>\n<td>&#8211; 5.0 v \/ 5.0 a<\/td>\n<\/tr>\n<tr>\n<td>&#8211; 9.0 v \/ 5.0 a<\/td>\n<\/tr>\n<tr>\n<td>&#8211; 12.0 v \/ 5.0 a<\/td>\n<\/tr>\n<tr>\n<td>&#8211; 15.0 v \/ 5.0 a<\/td>\n<\/tr>\n<tr>\n<td>&#8211; 19.0 v \/ 5.0 a<\/td>\n<\/tr>\n<tr>\n<td>&#8211; 20.0 v \/ 5.0 a<\/td>\n<\/tr>\n<tr>\n<td>Conexiones<\/td>\n<\/tr>\n<tr>\n<td>Un usb-c de 24 pines, macho<\/td>\n<\/tr>\n<tr>\n<td>Un hdmi de 19 pines, hembra<\/td>\n<\/tr>\n<tr>\n<td>Un rj45 10\/100\/1000 mbps, hembra<\/td>\n<\/tr>\n<tr>\n<td>Dos usb tipo a de 9 pines, hembra<\/td>\n<\/tr>\n<tr>\n<td>1 entrada para memorias sd<\/td>\n<\/tr>\n<tr>\n<td>Una ranura de memoria microsd<\/td>\n<\/tr>\n<tr>\n<td>Un usb-c de 24 pines, power delivery recepcin de energa, hembra<\/td>\n<\/tr>\n<tr>\n<td>Fsico<\/td>\n<\/tr>\n<tr>\n<td>Carcasa de aluminio<\/td>\n<\/tr>\n<tr>\n<td>Dimensiones l x w x h: 130 x 54 x 17 mm 5.12 x 2.13 x 0.67 in.<\/td>\n<\/tr>\n<tr>\n<td>Peso neto: 65 g 0.14 lbs.<\/td>\n<\/tr>\n<tr>\n<td>Peso bruto: 90 g 0.2 lbs.<\/td>\n<\/tr>\n<tr>\n<td>Longitud del cable: 20 cm 8 pulgadas<\/td>\n<\/tr>\n<tr>\n<td>Di\u00e1metro del cable: 34 awg<\/td>\n<\/tr>\n<tr>\n<td>Ambiente de operacin<\/td>\n<\/tr>\n<tr>\n<td>Temperatura de funcionamiento: 0 &#8211; 60\u00b0c<\/td>\n<\/tr>\n<tr>\n<td>Temperatura de almacenamiento: -10 &#8211; 80\u00b0c 14 &#8211; 176\u00b0f<\/td>\n<\/tr>\n<tr>\n<td>Humedad sin condensacin 5 &#8211; 90 hr<\/td>\n<\/tr>\n<tr>\n<td>Requisitos del sistema<\/td>\n<\/tr>\n<tr>\n<td>Windows 7\/8.1\/10\/11, chrome os, macos o android<\/td>\n<\/tr>\n<tr>\n<td>Contenido del paquete<\/td>\n<\/tr>\n<tr>\n<td>Estacin docking usb-c con lector de tarjetas, 7 en 1<\/td>\n<\/tr>\n<tr>\n<td>Instrucciones de uso<\/td>\n<\/tr>\n<\/table>\n","protected":false},"excerpt":{"rendered":"<p>H2 estacin docking para laptop y macbook\u00ae: agrega conexiones hdmi, suministro de energa, ethernet, lector de tarjetas y usb \/h2.  P mejora la conectividad de tu dispositivo con el docking 7 en 1 de manhattan. Esta estacin agrega puertos a tu laptop o macbook\u00ae y ofrece conexiones esenciales como hdmi, power delivery, ethernet y puertos usb. \/p.  H3 desbloquea una mejora en la productividad \/h3.  P experimenta una multitarea perfecta conectando tu monitor hdmi uhd a tu laptop. Los dos puertos superspeed usb-a no solo facilitan la transferencia de datos a 10 gbps sino que tambin cargan dispositivos compatibles de manera eficiente. El puerto ethernet con deteccin autom\u00e1tica 10\/100\/1000 garantiza una conexin r\u00e1pida y estable a su red cableada, mientras que la entrada power delivery pd de hasta 100 w alimenta de manera eficiente todos los dispositivos usb conectados a la base. \/p.  H3 conectividad vers\u00e1til para tus perifricos y red cableada \/h3.  P satisface tus necesidades de conectividad para ratones, teclados o unidades flash con dos puertos usb-a. Adem\u00e1s, aborde la ausencia de conectividad de red por cable en la mayora de los ultrabooks\u0099 y macbooks\u00ae contempor\u00e1neos utilizando el puerto gigabit rj45 para velocidades confiables de 10\/100\/1000 mbps. Gracias a las dos ranuras para tarjetas sd\/microsd, ya no necesitas un lector de tarjetas externo. \/p.  H3 carga potente con hasta 100 w \/h3.  P carga tu laptop con hasta 100 w a travs del puerto usb-c pd. Carga simult\u00e1neamente otros dispositivos mviles como tablets o smartphones a travs de las conexiones usb-a. La funcin power delivery determina de forma inteligente los requisitos de energa de los dispositivos compatibles, lo que garantiza una carga r\u00e1pida y segura a un ritmo acelerado en comparacin con los cargadores est\u00e1ndar. \/p.  H3 experiencia perfecta de telfono a pantalla \/h3.  P conecta tu telfono inteligente android 9 o posterior que admita salida de video a travs del modo alternativo dp usb-c. Disfrute de sus aplicaciones y medios a mayor escala viendo vdeos o presentando diapositivas directamente desde su telfono a su monitor. \/p.  H3 un compaero port\u00e1til para tus viajes \/h3.  P recubierto en aluminio resistente, este docking est\u00e1 diseado para ser tu compaero de viaje ideal. Lo suficientemente compacto como para caber f\u00e1cilmente junto a tu dispositivo principal en el bolso o mochila de tu computadora, garantiza que la conectividad nunca se vea comprometida mientras viajas. \/p. Conecta tu laptop a la pantalla, la red y los perifricos mientras cargas el dispositivo. Un puerto hdmi con resoluciones de hasta ultra alta definicin uhd 4k@60hz 38402160. Un puerto gigabit ethernet 10\/100\/1000 para acelerar las descargas, la transmisin multimedia y los juegos. Carga tu laptop con usb power delivery pd hasta 100 w; requiere un cargador pd externo &#8211; disponible en manhattan. Dos puertos usb 3.2 gen 2 tipo-a con velocidad de transferencia superspeed de hasta 10 gbps y carga de hasta 4.5 w 5 v \/ 0.9 a. Puertos usb-a para conectar mouse, teclados, unidades de memoria flash y m\u00e1s, o para cargar y sincronizar dispositivos mviles. Ranuras para tarjetas sd y microsd con funcin de lectura\/escritura; las ranuras admiten tarjetas de hasta 2 tb y velocidades de transferencia de datos de hasta 104 mbps. Compatible con todas las computadoras de escritorio, laptops y tabletas compatibles con usb-c dp-alt-mode, incluidos apple\u00ae macbook\u00ae, cromebook\u0099, pixel\u0099 y m\u00e1s. Compatible con el modo alternativo de displayport 1.4 dp alt mode. Permite que tu smartphone funcione como una pc de escritorio al mismo tiempo que se carga la configuracin de escritorio requiere dispositivos con android 9 o superior que ofrezcan salida de vdeo a travs de usb-c. Carcasa de aluminio resistente y elegante, ideal tanto para la oficina como para viajes. Instalacin plug-and-play; compatible con windows\u00ae, macos\u00ae, chrome os\u0099 y android\u0099. Compatible con interfaces usb4\u00ae y thunderbolt\u0099 3\/4. Totalmente compatible con hdcp 2.3, compatible con versiones anteriores<\/p>\n","protected":false},"featured_media":241949,"comment_status":"open","ping_status":"open","template":"","meta":[],"product_cat":[1485,1497],"product_tag":[1487],"acf":[],"yoast_head":"<!-- This site is optimized with the Yoast SEO plugin v21.7 - https:\/\/yoast.com\/wordpress\/plugins\/seo\/ -->\n<title>[ Manhattan ] &#129351; 153966 Estaci\u00f3n Docking, , , Usb-c Con Lector De Tarjetas, 7 En 1<\/title>\n<meta name=\"description\" content=\"Compra 153966 Estaci\u00f3n Docking, , , Usb-c Con Lector De Tarjetas, 7 En 1 + Env\u00edo a domicilio + Pago seguro + Garant\u00eda\" \/>\n<meta name=\"robots\" content=\"index, follow, max-snippet:-1, max-image-preview:large, max-video-preview:-1\" \/>\n<link rel=\"canonical\" href=\"https:\/\/compuviper.mx\/tienda\/producto\/manhattan-153966-estacin-docking-usb-c-con-lector-de-tarjetas-7-en-1\/\" \/>\n<meta property=\"og:locale\" content=\"es_MX\" \/>\n<meta property=\"og:type\" content=\"article\" \/>\n<meta property=\"og:title\" content=\"[ Manhattan ] &#129351; 153966 Estaci\u00f3n Docking, , , Usb-c Con Lector De Tarjetas, 7 En 1\" \/>\n<meta property=\"og:description\" content=\"Compra 153966 Estaci\u00f3n Docking, , , Usb-c Con Lector De Tarjetas, 7 En 1 + Env\u00edo a domicilio + Pago seguro + Garant\u00eda\" \/>\n<meta property=\"og:url\" content=\"https:\/\/compuviper.mx\/tienda\/producto\/manhattan-153966-estacin-docking-usb-c-con-lector-de-tarjetas-7-en-1\/\" \/>\n<meta property=\"og:site_name\" content=\"Compuviper\" \/>\n<meta property=\"article:publisher\" content=\"https:\/\/www.facebook.com\/compuviper\" \/>\n<meta property=\"og:image\" content=\"https:\/\/compuviper.mx\/tienda\/wp-content\/uploads\/2024\/09\/Estacion-docking-manhattan-153966-usb-c-con-lector-de-tarjetas-7-en-1.jpg\" \/>\n\t<meta property=\"og:image:width\" content=\"200\" \/>\n\t<meta property=\"og:image:height\" content=\"200\" \/>\n\t<meta property=\"og:image:type\" content=\"image\/jpeg\" \/>\n<meta name=\"twitter:card\" content=\"summary_large_image\" \/>\n<meta name=\"twitter:label1\" content=\"Precio\" \/>\n\t<meta name=\"twitter:data1\" content=\"&#36;1,060 con IVA\" \/>\n\t<meta name=\"twitter:label2\" content=\"Availability\" \/>\n\t<meta name=\"twitter:data2\" content=\"On backorder\" \/>\n<script type=\"application\/ld+json\" class=\"yoast-schema-graph\">{\"@context\":\"https:\/\/schema.org\",\"@graph\":[{\"@type\":\"WebPage\",\"@id\":\"https:\/\/compuviper.mx\/tienda\/producto\/manhattan-153966-estacin-docking-usb-c-con-lector-de-tarjetas-7-en-1\/\",\"url\":\"https:\/\/compuviper.mx\/tienda\/producto\/manhattan-153966-estacin-docking-usb-c-con-lector-de-tarjetas-7-en-1\/\",\"name\":\"[ Manhattan ] &#129351; 153966 Estaci\u00f3n Docking, , , Usb-c Con Lector De Tarjetas, 7 En 1\",\"isPartOf\":{\"@id\":\"https:\/\/compuviper.mx\/tienda\/#website\"},\"datePublished\":\"2026-04-02T05:13:15+00:00\",\"dateModified\":\"2026-04-02T05:13:15+00:00\",\"description\":\"Compra 153966 Estaci\u00f3n Docking, , , Usb-c Con Lector De Tarjetas, 7 En 1 + Env\u00edo a domicilio + Pago seguro + Garant\u00eda\",\"breadcrumb\":{\"@id\":\"https:\/\/compuviper.mx\/tienda\/producto\/manhattan-153966-estacin-docking-usb-c-con-lector-de-tarjetas-7-en-1\/#breadcrumb\"},\"inLanguage\":\"es-MX\",\"potentialAction\":[{\"@type\":\"ReadAction\",\"target\":[\"https:\/\/compuviper.mx\/tienda\/producto\/manhattan-153966-estacin-docking-usb-c-con-lector-de-tarjetas-7-en-1\/\"]}]},{\"@type\":\"BreadcrumbList\",\"@id\":\"https:\/\/compuviper.mx\/tienda\/producto\/manhattan-153966-estacin-docking-usb-c-con-lector-de-tarjetas-7-en-1\/#breadcrumb\",\"itemListElement\":[{\"@type\":\"ListItem\",\"position\":1,\"name\":\"Inicio\",\"item\":\"https:\/\/compuviper.mx\/tienda\/\"},{\"@type\":\"ListItem\",\"position\":2,\"name\":\"Productos\",\"item\":\"https:\/\/compuviper.mx\/tienda\/productos\/\"},{\"@type\":\"ListItem\",\"position\":3,\"name\":\"Accesorios\",\"item\":\"https:\/\/compuviper.mx\/tienda\/categoria-producto\/accesorios\/\"},{\"@type\":\"ListItem\",\"position\":4,\"name\":\"Hub Usb\",\"item\":\"https:\/\/compuviper.mx\/tienda\/categoria-producto\/accesorios\/hub-usb\/\"},{\"@type\":\"ListItem\",\"position\":5,\"name\":\"Manhattan 153966 Estaci?n Docking, , , Usb-c Con Lector De Tarjetas, 7 En 1\"}]},{\"@type\":\"WebSite\",\"@id\":\"https:\/\/compuviper.mx\/tienda\/#website\",\"url\":\"https:\/\/compuviper.mx\/tienda\/\",\"name\":\"Compuviper\",\"description\":\"Proveedor de Computadoras, Laptops, Servidores, Monitores, Puntos de Venta, Teclados,   Impresoras, T\u00f3ner, C\u00e1maras de Seguridad y m\u00e1s en tu tienda en l\u00ednea\",\"publisher\":{\"@id\":\"https:\/\/compuviper.mx\/tienda\/#organization\"},\"potentialAction\":[{\"@type\":\"SearchAction\",\"target\":{\"@type\":\"EntryPoint\",\"urlTemplate\":\"https:\/\/compuviper.mx\/tienda\/?s={search_term_string}\"},\"query-input\":\"required name=search_term_string\"}],\"inLanguage\":\"es-MX\"},{\"@type\":\"Organization\",\"@id\":\"https:\/\/compuviper.mx\/tienda\/#organization\",\"name\":\"Compuviper\",\"url\":\"https:\/\/compuviper.mx\/tienda\/\",\"logo\":{\"@type\":\"ImageObject\",\"inLanguage\":\"es-MX\",\"@id\":\"https:\/\/compuviper.mx\/tienda\/#\/schema\/logo\/image\/\",\"url\":\"https:\/\/compuviper.mx\/tienda\/wp-content\/uploads\/2021\/08\/Logo-Compuviper-10.png\",\"contentUrl\":\"https:\/\/compuviper.mx\/tienda\/wp-content\/uploads\/2021\/08\/Logo-Compuviper-10.png\",\"width\":1000,\"height\":500,\"caption\":\"Compuviper\"},\"image\":{\"@id\":\"https:\/\/compuviper.mx\/tienda\/#\/schema\/logo\/image\/\"},\"sameAs\":[\"https:\/\/www.facebook.com\/compuviper\",\"https:\/\/www.youtube.com\/channel\/UCf73dERp9Y3cfOq7q8BhLjA?view_as=subscriber\"]}]}<\/script>\n<meta property=\"product:brand\" content=\"MANHATTAN\" \/>\n<meta property=\"product:price:amount\" content=\"1060\" \/>\n<meta property=\"product:price:currency\" content=\"MXN\" \/>\n<meta property=\"og:availability\" content=\"backorder\" \/>\n<meta property=\"product:availability\" content=\"available for order\" \/>\n<meta property=\"product:retailer_item_id\" content=\"153966\" \/>\n<meta property=\"product:condition\" content=\"new\" \/>\n<!-- \/ Yoast SEO plugin. -->","yoast_head_json":{"title":"[ Manhattan ] &#129351; 153966 Estaci\u00f3n Docking, , , Usb-c Con Lector De Tarjetas, 7 En 1","description":"Compra 153966 Estaci\u00f3n Docking, , , Usb-c Con Lector De Tarjetas, 7 En 1 + Env\u00edo a domicilio + Pago seguro + Garant\u00eda","robots":{"index":"index","follow":"follow","max-snippet":"max-snippet:-1","max-image-preview":"max-image-preview:large","max-video-preview":"max-video-preview:-1"},"canonical":"https:\/\/compuviper.mx\/tienda\/producto\/manhattan-153966-estacin-docking-usb-c-con-lector-de-tarjetas-7-en-1\/","og_locale":"es_MX","og_type":"article","og_title":"[ Manhattan ] &#129351; 153966 Estaci\u00f3n Docking, , , Usb-c Con Lector De Tarjetas, 7 En 1","og_description":"Compra 153966 Estaci\u00f3n Docking, , , Usb-c Con Lector De Tarjetas, 7 En 1 + Env\u00edo a domicilio + Pago seguro + Garant\u00eda","og_url":"https:\/\/compuviper.mx\/tienda\/producto\/manhattan-153966-estacin-docking-usb-c-con-lector-de-tarjetas-7-en-1\/","og_site_name":"Compuviper","article_publisher":"https:\/\/www.facebook.com\/compuviper","og_image":[{"width":200,"height":200,"url":"https:\/\/compuviper.mx\/tienda\/wp-content\/uploads\/2024\/09\/Estacion-docking-manhattan-153966-usb-c-con-lector-de-tarjetas-7-en-1.jpg","type":"image\/jpeg"}],"twitter_card":"summary_large_image","twitter_misc":{"Precio":"&#36;1,060 con IVA","Availability":"On backorder"},"schema":{"@context":"https:\/\/schema.org","@graph":[{"@type":"WebPage","@id":"https:\/\/compuviper.mx\/tienda\/producto\/manhattan-153966-estacin-docking-usb-c-con-lector-de-tarjetas-7-en-1\/","url":"https:\/\/compuviper.mx\/tienda\/producto\/manhattan-153966-estacin-docking-usb-c-con-lector-de-tarjetas-7-en-1\/","name":"[ Manhattan ] &#129351; 153966 Estaci\u00f3n Docking, , , Usb-c Con Lector De Tarjetas, 7 En 1","isPartOf":{"@id":"https:\/\/compuviper.mx\/tienda\/#website"},"datePublished":"2026-04-02T05:13:15+00:00","dateModified":"2026-04-02T05:13:15+00:00","description":"Compra 153966 Estaci\u00f3n Docking, , , Usb-c Con Lector De Tarjetas, 7 En 1 + Env\u00edo a domicilio + Pago seguro + Garant\u00eda","breadcrumb":{"@id":"https:\/\/compuviper.mx\/tienda\/producto\/manhattan-153966-estacin-docking-usb-c-con-lector-de-tarjetas-7-en-1\/#breadcrumb"},"inLanguage":"es-MX","potentialAction":[{"@type":"ReadAction","target":["https:\/\/compuviper.mx\/tienda\/producto\/manhattan-153966-estacin-docking-usb-c-con-lector-de-tarjetas-7-en-1\/"]}]},{"@type":"BreadcrumbList","@id":"https:\/\/compuviper.mx\/tienda\/producto\/manhattan-153966-estacin-docking-usb-c-con-lector-de-tarjetas-7-en-1\/#breadcrumb","itemListElement":[{"@type":"ListItem","position":1,"name":"Inicio","item":"https:\/\/compuviper.mx\/tienda\/"},{"@type":"ListItem","position":2,"name":"Productos","item":"https:\/\/compuviper.mx\/tienda\/productos\/"},{"@type":"ListItem","position":3,"name":"Accesorios","item":"https:\/\/compuviper.mx\/tienda\/categoria-producto\/accesorios\/"},{"@type":"ListItem","position":4,"name":"Hub Usb","item":"https:\/\/compuviper.mx\/tienda\/categoria-producto\/accesorios\/hub-usb\/"},{"@type":"ListItem","position":5,"name":"Manhattan 153966 Estaci?n Docking, , , Usb-c Con Lector De Tarjetas, 7 En 1"}]},{"@type":"WebSite","@id":"https:\/\/compuviper.mx\/tienda\/#website","url":"https:\/\/compuviper.mx\/tienda\/","name":"Compuviper","description":"Proveedor de Computadoras, Laptops, Servidores, Monitores, Puntos de Venta, Teclados,   Impresoras, T\u00f3ner, C\u00e1maras de Seguridad y m\u00e1s en tu tienda en l\u00ednea","publisher":{"@id":"https:\/\/compuviper.mx\/tienda\/#organization"},"potentialAction":[{"@type":"SearchAction","target":{"@type":"EntryPoint","urlTemplate":"https:\/\/compuviper.mx\/tienda\/?s={search_term_string}"},"query-input":"required name=search_term_string"}],"inLanguage":"es-MX"},{"@type":"Organization","@id":"https:\/\/compuviper.mx\/tienda\/#organization","name":"Compuviper","url":"https:\/\/compuviper.mx\/tienda\/","logo":{"@type":"ImageObject","inLanguage":"es-MX","@id":"https:\/\/compuviper.mx\/tienda\/#\/schema\/logo\/image\/","url":"https:\/\/compuviper.mx\/tienda\/wp-content\/uploads\/2021\/08\/Logo-Compuviper-10.png","contentUrl":"https:\/\/compuviper.mx\/tienda\/wp-content\/uploads\/2021\/08\/Logo-Compuviper-10.png","width":1000,"height":500,"caption":"Compuviper"},"image":{"@id":"https:\/\/compuviper.mx\/tienda\/#\/schema\/logo\/image\/"},"sameAs":["https:\/\/www.facebook.com\/compuviper","https:\/\/www.youtube.com\/channel\/UCf73dERp9Y3cfOq7q8BhLjA?view_as=subscriber"]}]},"product_brand":"MANHATTAN","product_price_amount":"1060","product_price_currency":"MXN","og_availability":"backorder","product_availability":"available for order","product_retailer_item_id":"153966","product_condition":"new"},"_links":{"self":[{"href":"https:\/\/compuviper.mx\/tienda\/wp-json\/wp\/v2\/product\/236204"}],"collection":[{"href":"https:\/\/compuviper.mx\/tienda\/wp-json\/wp\/v2\/product"}],"about":[{"href":"https:\/\/compuviper.mx\/tienda\/wp-json\/wp\/v2\/types\/product"}],"replies":[{"embeddable":true,"href":"https:\/\/compuviper.mx\/tienda\/wp-json\/wp\/v2\/comments?post=236204"}],"wp:featuredmedia":[{"embeddable":true,"href":"https:\/\/compuviper.mx\/tienda\/wp-json\/wp\/v2\/media\/241949"}],"wp:attachment":[{"href":"https:\/\/compuviper.mx\/tienda\/wp-json\/wp\/v2\/media?parent=236204"}],"wp:term":[{"taxonomy":"product_cat","embeddable":true,"href":"https:\/\/compuviper.mx\/tienda\/wp-json\/wp\/v2\/product_cat?post=236204"},{"taxonomy":"product_tag","embeddable":true,"href":"https:\/\/compuviper.mx\/tienda\/wp-json\/wp\/v2\/product_tag?post=236204"}],"curies":[{"name":"wp","href":"https:\/\/api.w.org\/{rel}","templated":true}]}}