{"id":236192,"date":"2026-04-21T01:00:24","date_gmt":"2026-04-21T07:00:24","guid":{"rendered":"https:\/\/compuviper.mx\/tienda\/producto\/samsung-lh015iacchs-go-monitor-led-all-in-one-130-full-hd-1920-x-1080-serie-iac-ie015a-pixel-pitch-1-5mm-500nits-caja-controladora-integrada-quick-build-componentes-incluidos-bocinas-integrada\/"},"modified":"2026-04-21T01:00:24","modified_gmt":"2026-04-21T07:00:24","slug":"samsung-lh015iacchs-go8806095453361887276826110-monitor-led-all-in-one-130-full-hd-1920-x-1080-serie-iac-ie015a-pixel-pitch-1-5mm-500nits-caja-controladora-integrada-quick-build-componentes-in","status":"publish","type":"product","link":"https:\/\/compuviper.mx\/tienda\/producto\/samsung-lh015iacchs-go8806095453361887276826110-monitor-led-all-in-one-130-full-hd-1920-x-1080-serie-iac-ie015a-pixel-pitch-1-5mm-500nits-caja-controladora-integrada-quick-build-componentes-in\/","title":{"rendered":"Samsung Lh015iacchs\/go,8806095453361,887276826110 Monitor Led  All In One 130 Full Hd 1920 X 1080, Serie Iac Ie015a Pixel Pitch 1.5mm, 500nits, Caja Controladora Integrada, Quick Build, Componentes Incluidos, Bocinas Integradas"},"content":{"rendered":"<table class=\"descripcion\">\n<tr>\n<td>Condiciones operativas<\/td>\n<\/tr>\n<tr>\n<td>    temperatura de funcionamiento<\/td>\n<\/tr>\n<tr>\n<td>    0 and #8451;~+40 and #8451; \/ 10~80%rh<\/td>\n<\/tr>\n<tr>\n<td>    clasificaci\u00f3n ip<\/td>\n<\/tr>\n<tr>\n<td>    n\/a<\/td>\n<\/tr>\n<tr>\n<td>Par\u00e1metro f\u00edsico<\/td>\n<\/tr>\n<tr>\n<td>    distancia entre pixel<\/td>\n<\/tr>\n<tr>\n<td>    1.5 mm<\/td>\n<\/tr>\n<tr>\n<td>    configuraci\u00f3n de pixel<\/td>\n<\/tr>\n<tr>\n<td>    1920 x 1080<\/td>\n<\/tr>\n<tr>\n<td>    tipo de diodo<\/td>\n<\/tr>\n<tr>\n<td>    led smd (dispositivo de montaje superficial)(3 en 1 1212)<\/td>\n<\/tr>\n<tr>\n<td>Par\u00e1metro \u00f3ptico<\/td>\n<\/tr>\n<tr>\n<td>    brillo<\/td>\n<\/tr>\n<tr>\n<td>    500 nit<\/td>\n<\/tr>\n<tr>\n<td>    relaci\u00f3n de contraste<\/td>\n<\/tr>\n<tr>\n<td>    6000:1<\/td>\n<\/tr>\n<tr>\n<td>    \u00e1ngulo de visi\u00f3n (horizontal\/vertical)<\/td>\n<\/tr>\n<tr>\n<td>    160\/160\u00b0<\/td>\n<\/tr>\n<tr>\n<td>    temperatura del color<\/td>\n<\/tr>\n<tr>\n<td>    6500k \u00b1 500k (contenedor flotante)<\/td>\n<\/tr>\n<tr>\n<td>Par\u00e1metros el\u00e9ctricos<\/td>\n<\/tr>\n<tr>\n<td>    velocidad de video<\/td>\n<\/tr>\n<tr>\n<td>    60 hz<\/td>\n<\/tr>\n<tr>\n<td>    voltaje de entrada (corriente alterna)<\/td>\n<\/tr>\n<tr>\n<td>    100 ~ 240v ac<\/td>\n<\/tr>\n<tr>\n<td>    frecuencia de energ\u00eda<\/td>\n<\/tr>\n<tr>\n<td>    50\/60 hz<\/td>\n<\/tr>\n<tr>\n<td>    consumo de energ\u00eda (m\u00e1x.)<\/td>\n<\/tr>\n<tr>\n<td>    n\/a<\/td>\n<\/tr>\n<tr>\n<td>    velocidad de actualizaci\u00f3n<\/td>\n<\/tr>\n<tr>\n<td>Certificaciones y cumplimiento<\/td>\n<\/tr>\n<tr>\n<td>    seguridad<\/td>\n<\/tr>\n<tr>\n<td>    cb (europa): iec60950-1\/en60950-1ccc (china) gb4943.1-2011psb (singapur): psb+iec60950-1nom (m\u00e9xico): nom-001-scfi-1993iram (argentina): iram+iec60950-1saso (arabia saudita): saso+iec60950-1bis (india): iec60950-1\/is13252nom (m\u00e9xico): tuner: nom-001-scfi-1993 tunerless: nom-019-scfi-1998kc (corea): k 60950-1eac (rusia): eac+iec60950-1inmetro (brasil): inmetro+iec60950-1bsmi (taiw\u00e1n): bsmi+iec60950-1rcm (australia): iec60950-1\/as\/nzs 60950-1ul (ee. uu.): cul60950<\/td>\n<\/tr>\n<tr>\n<td>    emc<\/td>\n<\/tr>\n<tr>\n<td>    clase a fcc (ee. uu.) parte 15, subparte b kcc\/ek (corea) sintonizador: kn32\/kn35 sin sintonizador: kn32\/kn35: kn32\/kn35 ce (europa) en55032: 2012 o 2015 en55024:2010 o en 55035:2017 vcci (jap\u00f3n) vcci cispr32:2016 ccc (china) gb\/t9254-2008 gb17625.1-2012 bsmi (taiw\u00e1n) cns13438 (ite emi) cns14336-1 (seguridad ite) cns15663 (rohs) c-tick (australia) as\/nzs cispr32:2015 gost (rusia\/cis) roct cispr 24-2013 roct cispr 22:2005<\/td>\n<\/tr>\n<tr>\n<td>Largo ( 1.70 cm ) x altura ( 2 ) x ancho ( 64 cm )  210 kg<\/td>\n<\/tr>\n<\/table>\n","protected":false},"excerpt":{"rendered":"<p>Condiciones operativas temperatura de funcionamiento 0 and #8451;~+40 and #8451; \/ 10~80%rh clasificaci\u00f3n ip n\/a Par\u00e1metro f\u00edsico distancia entre pixel 1.5 mm configuraci\u00f3n de pixel 1920 x 1080 tipo de diodo led smd (dispositivo de montaje superficial)(3 en 1 1212) Par\u00e1metro \u00f3ptico brillo 500 nit relaci\u00f3n de contraste 6000:1 \u00e1ngulo de visi\u00f3n (horizontal\/vertical) 160\/160\u00b0 temperatura [&hellip;]<\/p>\n","protected":false},"featured_media":242755,"comment_status":"open","ping_status":"open","template":"","meta":[],"product_cat":[1740,1741],"product_tag":[1743],"acf":[],"yoast_head":"<!-- This site is optimized with the Yoast SEO plugin v21.7 - https:\/\/yoast.com\/wordpress\/plugins\/seo\/ -->\n<title>[ Samsung ] &#129351; Lh015iacchs\/go,8806095453361,887276826110 Monitor Led All In One 130 Full Hd 1920 X 1080, Serie Iac Ie015a Pixel Pitch 1.5mm, 500nits, Caja Controladora Integrada, Quick Build, Componentes Incluidos, Bocinas Integradas<\/title>\n<meta name=\"description\" content=\"Compra Lh015iacchs\/go,8806095453361,887276826110 Monitor Led All In One 130 Full Hd 1920 X 1080, Serie Iac Ie015a Pixel Pitch 1.5mm, 500nits, Caja Controladora Integrada, Quick Build, Componentes Incluidos, Bocinas Integradas + Env\u00edo a domicilio + Pago seguro + Garant\u00eda\" \/>\n<meta name=\"robots\" content=\"index, follow, max-snippet:-1, max-image-preview:large, max-video-preview:-1\" \/>\n<link rel=\"canonical\" href=\"https:\/\/compuviper.mx\/tienda\/producto\/samsung-lh015iacchs-go8806095453361887276826110-monitor-led-all-in-one-130-full-hd-1920-x-1080-serie-iac-ie015a-pixel-pitch-1-5mm-500nits-caja-controladora-integrada-quick-build-componentes-in\/\" \/>\n<meta property=\"og:locale\" content=\"es_MX\" \/>\n<meta property=\"og:type\" content=\"article\" \/>\n<meta property=\"og:title\" content=\"[ Samsung ] &#129351; Lh015iacchs\/go,8806095453361,887276826110 Monitor Led All In One 130 Full Hd 1920 X 1080, Serie Iac Ie015a Pixel Pitch 1.5mm, 500nits, Caja Controladora Integrada, Quick Build, Componentes Incluidos, Bocinas Integradas\" \/>\n<meta property=\"og:description\" content=\"Compra Lh015iacchs\/go,8806095453361,887276826110 Monitor Led All In One 130 Full Hd 1920 X 1080, Serie Iac Ie015a Pixel Pitch 1.5mm, 500nits, Caja Controladora Integrada, Quick Build, Componentes Incluidos, Bocinas Integradas + Env\u00edo a domicilio + Pago seguro + Garant\u00eda\" \/>\n<meta property=\"og:url\" content=\"https:\/\/compuviper.mx\/tienda\/producto\/samsung-lh015iacchs-go8806095453361887276826110-monitor-led-all-in-one-130-full-hd-1920-x-1080-serie-iac-ie015a-pixel-pitch-1-5mm-500nits-caja-controladora-integrada-quick-build-componentes-in\/\" \/>\n<meta property=\"og:site_name\" content=\"Compuviper\" \/>\n<meta property=\"article:publisher\" content=\"https:\/\/www.facebook.com\/compuviper\" \/>\n<meta property=\"og:image\" content=\"https:\/\/compuviper.mx\/tienda\/wp-content\/uploads\/2024\/09\/Monitor-led-samsung-all-in-one-130\u0094-full-hd-1920-x-1080-serie-iac-ie015a-pixel-pitch-1.5mm-500nits-caja-controladora-integrada-quick-build-componentes-incluidos-bocinas-integradas.jpg\" \/>\n\t<meta property=\"og:image:width\" content=\"200\" \/>\n\t<meta property=\"og:image:height\" content=\"200\" \/>\n\t<meta property=\"og:image:type\" content=\"image\/jpeg\" \/>\n<meta name=\"twitter:card\" content=\"summary_large_image\" \/>\n<meta name=\"twitter:label1\" content=\"Precio\" \/>\n\t<meta name=\"twitter:data1\" content=\"&#36;461,872 &#36;332,933 con IVA\" \/>\n\t<meta name=\"twitter:label2\" content=\"Availability\" \/>\n\t<meta name=\"twitter:data2\" content=\"In stock\" \/>\n<script type=\"application\/ld+json\" class=\"yoast-schema-graph\">{\"@context\":\"https:\/\/schema.org\",\"@graph\":[{\"@type\":\"WebPage\",\"@id\":\"https:\/\/compuviper.mx\/tienda\/producto\/samsung-lh015iacchs-go8806095453361887276826110-monitor-led-all-in-one-130-full-hd-1920-x-1080-serie-iac-ie015a-pixel-pitch-1-5mm-500nits-caja-controladora-integrada-quick-build-componentes-in\/\",\"url\":\"https:\/\/compuviper.mx\/tienda\/producto\/samsung-lh015iacchs-go8806095453361887276826110-monitor-led-all-in-one-130-full-hd-1920-x-1080-serie-iac-ie015a-pixel-pitch-1-5mm-500nits-caja-controladora-integrada-quick-build-componentes-in\/\",\"name\":\"[ Samsung ] &#129351; Lh015iacchs\/go,8806095453361,887276826110 Monitor Led All In One 130 Full Hd 1920 X 1080, Serie Iac Ie015a Pixel Pitch 1.5mm, 500nits, Caja Controladora Integrada, Quick Build, Componentes Incluidos, Bocinas Integradas\",\"isPartOf\":{\"@id\":\"https:\/\/compuviper.mx\/tienda\/#website\"},\"datePublished\":\"2026-04-21T07:00:24+00:00\",\"dateModified\":\"2026-04-21T07:00:24+00:00\",\"description\":\"Compra Lh015iacchs\/go,8806095453361,887276826110 Monitor Led All In One 130 Full Hd 1920 X 1080, Serie Iac Ie015a Pixel Pitch 1.5mm, 500nits, Caja Controladora Integrada, Quick Build, Componentes Incluidos, Bocinas Integradas + Env\u00edo a domicilio + Pago seguro + Garant\u00eda\",\"breadcrumb\":{\"@id\":\"https:\/\/compuviper.mx\/tienda\/producto\/samsung-lh015iacchs-go8806095453361887276826110-monitor-led-all-in-one-130-full-hd-1920-x-1080-serie-iac-ie015a-pixel-pitch-1-5mm-500nits-caja-controladora-integrada-quick-build-componentes-in\/#breadcrumb\"},\"inLanguage\":\"es-MX\",\"potentialAction\":[{\"@type\":\"ReadAction\",\"target\":[\"https:\/\/compuviper.mx\/tienda\/producto\/samsung-lh015iacchs-go8806095453361887276826110-monitor-led-all-in-one-130-full-hd-1920-x-1080-serie-iac-ie015a-pixel-pitch-1-5mm-500nits-caja-controladora-integrada-quick-build-componentes-in\/\"]}]},{\"@type\":\"BreadcrumbList\",\"@id\":\"https:\/\/compuviper.mx\/tienda\/producto\/samsung-lh015iacchs-go8806095453361887276826110-monitor-led-all-in-one-130-full-hd-1920-x-1080-serie-iac-ie015a-pixel-pitch-1-5mm-500nits-caja-controladora-integrada-quick-build-componentes-in\/#breadcrumb\",\"itemListElement\":[{\"@type\":\"ListItem\",\"position\":1,\"name\":\"Inicio\",\"item\":\"https:\/\/compuviper.mx\/tienda\/\"},{\"@type\":\"ListItem\",\"position\":2,\"name\":\"Productos\",\"item\":\"https:\/\/compuviper.mx\/tienda\/productos\/\"},{\"@type\":\"ListItem\",\"position\":3,\"name\":\"Monitores\",\"item\":\"https:\/\/compuviper.mx\/tienda\/categoria-producto\/monitores\/\"},{\"@type\":\"ListItem\",\"position\":4,\"name\":\"Led\",\"item\":\"https:\/\/compuviper.mx\/tienda\/categoria-producto\/monitores\/led\/\"},{\"@type\":\"ListItem\",\"position\":5,\"name\":\"Samsung Lh015iacchs\/go,8806095453361,887276826110 Monitor Led All In One 130 Full Hd 1920 X 1080, Serie Iac Ie015a Pixel Pitch 1.5mm, 500nits, Caja Controladora Integrada, Quick Build, Componentes Incluidos, Bocinas Integradas\"}]},{\"@type\":\"WebSite\",\"@id\":\"https:\/\/compuviper.mx\/tienda\/#website\",\"url\":\"https:\/\/compuviper.mx\/tienda\/\",\"name\":\"Compuviper\",\"description\":\"Proveedor de Computadoras, Laptops, Servidores, Monitores, Puntos de Venta, Teclados,   Impresoras, T\u00f3ner, C\u00e1maras de Seguridad y m\u00e1s en tu tienda en l\u00ednea\",\"publisher\":{\"@id\":\"https:\/\/compuviper.mx\/tienda\/#organization\"},\"potentialAction\":[{\"@type\":\"SearchAction\",\"target\":{\"@type\":\"EntryPoint\",\"urlTemplate\":\"https:\/\/compuviper.mx\/tienda\/?s={search_term_string}\"},\"query-input\":\"required name=search_term_string\"}],\"inLanguage\":\"es-MX\"},{\"@type\":\"Organization\",\"@id\":\"https:\/\/compuviper.mx\/tienda\/#organization\",\"name\":\"Compuviper\",\"url\":\"https:\/\/compuviper.mx\/tienda\/\",\"logo\":{\"@type\":\"ImageObject\",\"inLanguage\":\"es-MX\",\"@id\":\"https:\/\/compuviper.mx\/tienda\/#\/schema\/logo\/image\/\",\"url\":\"https:\/\/compuviper.mx\/tienda\/wp-content\/uploads\/2021\/08\/Logo-Compuviper-10.png\",\"contentUrl\":\"https:\/\/compuviper.mx\/tienda\/wp-content\/uploads\/2021\/08\/Logo-Compuviper-10.png\",\"width\":1000,\"height\":500,\"caption\":\"Compuviper\"},\"image\":{\"@id\":\"https:\/\/compuviper.mx\/tienda\/#\/schema\/logo\/image\/\"},\"sameAs\":[\"https:\/\/www.facebook.com\/compuviper\",\"https:\/\/www.youtube.com\/channel\/UCf73dERp9Y3cfOq7q8BhLjA?view_as=subscriber\"]}]}<\/script>\n<meta property=\"product:brand\" content=\"SAMSUNG\" \/>\n<meta property=\"product:price:amount\" content=\"332933\" \/>\n<meta property=\"product:price:currency\" content=\"MXN\" \/>\n<meta property=\"og:availability\" content=\"instock\" \/>\n<meta property=\"product:availability\" content=\"instock\" \/>\n<meta property=\"product:retailer_item_id\" content=\"LH015IACCHS\/GO,8806095453361,887276826110\" \/>\n<meta property=\"product:condition\" content=\"new\" \/>\n<!-- \/ Yoast SEO plugin. -->","yoast_head_json":{"title":"[ Samsung ] &#129351; Lh015iacchs\/go,8806095453361,887276826110 Monitor Led All In One 130 Full Hd 1920 X 1080, Serie Iac Ie015a Pixel Pitch 1.5mm, 500nits, Caja Controladora Integrada, Quick Build, Componentes Incluidos, Bocinas Integradas","description":"Compra Lh015iacchs\/go,8806095453361,887276826110 Monitor Led All In One 130 Full Hd 1920 X 1080, Serie Iac Ie015a Pixel Pitch 1.5mm, 500nits, Caja Controladora Integrada, Quick Build, Componentes Incluidos, Bocinas Integradas + Env\u00edo a domicilio + Pago seguro + Garant\u00eda","robots":{"index":"index","follow":"follow","max-snippet":"max-snippet:-1","max-image-preview":"max-image-preview:large","max-video-preview":"max-video-preview:-1"},"canonical":"https:\/\/compuviper.mx\/tienda\/producto\/samsung-lh015iacchs-go8806095453361887276826110-monitor-led-all-in-one-130-full-hd-1920-x-1080-serie-iac-ie015a-pixel-pitch-1-5mm-500nits-caja-controladora-integrada-quick-build-componentes-in\/","og_locale":"es_MX","og_type":"article","og_title":"[ Samsung ] &#129351; Lh015iacchs\/go,8806095453361,887276826110 Monitor Led All In One 130 Full Hd 1920 X 1080, Serie Iac Ie015a Pixel Pitch 1.5mm, 500nits, Caja Controladora Integrada, Quick Build, Componentes Incluidos, Bocinas Integradas","og_description":"Compra Lh015iacchs\/go,8806095453361,887276826110 Monitor Led All In One 130 Full Hd 1920 X 1080, Serie Iac Ie015a Pixel Pitch 1.5mm, 500nits, Caja Controladora Integrada, Quick Build, Componentes Incluidos, Bocinas Integradas + Env\u00edo a domicilio + Pago seguro + Garant\u00eda","og_url":"https:\/\/compuviper.mx\/tienda\/producto\/samsung-lh015iacchs-go8806095453361887276826110-monitor-led-all-in-one-130-full-hd-1920-x-1080-serie-iac-ie015a-pixel-pitch-1-5mm-500nits-caja-controladora-integrada-quick-build-componentes-in\/","og_site_name":"Compuviper","article_publisher":"https:\/\/www.facebook.com\/compuviper","og_image":[{"width":200,"height":200,"url":"https:\/\/compuviper.mx\/tienda\/wp-content\/uploads\/2024\/09\/Monitor-led-samsung-all-in-one-130\u0094-full-hd-1920-x-1080-serie-iac-ie015a-pixel-pitch-1.5mm-500nits-caja-controladora-integrada-quick-build-componentes-incluidos-bocinas-integradas.jpg","type":"image\/jpeg"}],"twitter_card":"summary_large_image","twitter_misc":{"Precio":"&#36;461,872 &#36;332,933 con IVA","Availability":"In stock"},"schema":{"@context":"https:\/\/schema.org","@graph":[{"@type":"WebPage","@id":"https:\/\/compuviper.mx\/tienda\/producto\/samsung-lh015iacchs-go8806095453361887276826110-monitor-led-all-in-one-130-full-hd-1920-x-1080-serie-iac-ie015a-pixel-pitch-1-5mm-500nits-caja-controladora-integrada-quick-build-componentes-in\/","url":"https:\/\/compuviper.mx\/tienda\/producto\/samsung-lh015iacchs-go8806095453361887276826110-monitor-led-all-in-one-130-full-hd-1920-x-1080-serie-iac-ie015a-pixel-pitch-1-5mm-500nits-caja-controladora-integrada-quick-build-componentes-in\/","name":"[ Samsung ] &#129351; Lh015iacchs\/go,8806095453361,887276826110 Monitor Led All In One 130 Full Hd 1920 X 1080, Serie Iac Ie015a Pixel Pitch 1.5mm, 500nits, Caja Controladora Integrada, Quick Build, Componentes Incluidos, Bocinas Integradas","isPartOf":{"@id":"https:\/\/compuviper.mx\/tienda\/#website"},"datePublished":"2026-04-21T07:00:24+00:00","dateModified":"2026-04-21T07:00:24+00:00","description":"Compra Lh015iacchs\/go,8806095453361,887276826110 Monitor Led All In One 130 Full Hd 1920 X 1080, Serie Iac Ie015a Pixel Pitch 1.5mm, 500nits, Caja Controladora Integrada, Quick Build, Componentes Incluidos, Bocinas Integradas + Env\u00edo a domicilio + Pago seguro + Garant\u00eda","breadcrumb":{"@id":"https:\/\/compuviper.mx\/tienda\/producto\/samsung-lh015iacchs-go8806095453361887276826110-monitor-led-all-in-one-130-full-hd-1920-x-1080-serie-iac-ie015a-pixel-pitch-1-5mm-500nits-caja-controladora-integrada-quick-build-componentes-in\/#breadcrumb"},"inLanguage":"es-MX","potentialAction":[{"@type":"ReadAction","target":["https:\/\/compuviper.mx\/tienda\/producto\/samsung-lh015iacchs-go8806095453361887276826110-monitor-led-all-in-one-130-full-hd-1920-x-1080-serie-iac-ie015a-pixel-pitch-1-5mm-500nits-caja-controladora-integrada-quick-build-componentes-in\/"]}]},{"@type":"BreadcrumbList","@id":"https:\/\/compuviper.mx\/tienda\/producto\/samsung-lh015iacchs-go8806095453361887276826110-monitor-led-all-in-one-130-full-hd-1920-x-1080-serie-iac-ie015a-pixel-pitch-1-5mm-500nits-caja-controladora-integrada-quick-build-componentes-in\/#breadcrumb","itemListElement":[{"@type":"ListItem","position":1,"name":"Inicio","item":"https:\/\/compuviper.mx\/tienda\/"},{"@type":"ListItem","position":2,"name":"Productos","item":"https:\/\/compuviper.mx\/tienda\/productos\/"},{"@type":"ListItem","position":3,"name":"Monitores","item":"https:\/\/compuviper.mx\/tienda\/categoria-producto\/monitores\/"},{"@type":"ListItem","position":4,"name":"Led","item":"https:\/\/compuviper.mx\/tienda\/categoria-producto\/monitores\/led\/"},{"@type":"ListItem","position":5,"name":"Samsung Lh015iacchs\/go,8806095453361,887276826110 Monitor Led All In One 130 Full Hd 1920 X 1080, Serie Iac Ie015a Pixel Pitch 1.5mm, 500nits, Caja Controladora Integrada, Quick Build, Componentes Incluidos, Bocinas Integradas"}]},{"@type":"WebSite","@id":"https:\/\/compuviper.mx\/tienda\/#website","url":"https:\/\/compuviper.mx\/tienda\/","name":"Compuviper","description":"Proveedor de Computadoras, Laptops, Servidores, Monitores, Puntos de Venta, Teclados,   Impresoras, T\u00f3ner, C\u00e1maras de Seguridad y m\u00e1s en tu tienda en l\u00ednea","publisher":{"@id":"https:\/\/compuviper.mx\/tienda\/#organization"},"potentialAction":[{"@type":"SearchAction","target":{"@type":"EntryPoint","urlTemplate":"https:\/\/compuviper.mx\/tienda\/?s={search_term_string}"},"query-input":"required name=search_term_string"}],"inLanguage":"es-MX"},{"@type":"Organization","@id":"https:\/\/compuviper.mx\/tienda\/#organization","name":"Compuviper","url":"https:\/\/compuviper.mx\/tienda\/","logo":{"@type":"ImageObject","inLanguage":"es-MX","@id":"https:\/\/compuviper.mx\/tienda\/#\/schema\/logo\/image\/","url":"https:\/\/compuviper.mx\/tienda\/wp-content\/uploads\/2021\/08\/Logo-Compuviper-10.png","contentUrl":"https:\/\/compuviper.mx\/tienda\/wp-content\/uploads\/2021\/08\/Logo-Compuviper-10.png","width":1000,"height":500,"caption":"Compuviper"},"image":{"@id":"https:\/\/compuviper.mx\/tienda\/#\/schema\/logo\/image\/"},"sameAs":["https:\/\/www.facebook.com\/compuviper","https:\/\/www.youtube.com\/channel\/UCf73dERp9Y3cfOq7q8BhLjA?view_as=subscriber"]}]},"product_brand":"SAMSUNG","product_price_amount":"332933","product_price_currency":"MXN","og_availability":"instock","product_availability":"instock","product_retailer_item_id":"LH015IACCHS\/GO,8806095453361,887276826110","product_condition":"new"},"_links":{"self":[{"href":"https:\/\/compuviper.mx\/tienda\/wp-json\/wp\/v2\/product\/236192"}],"collection":[{"href":"https:\/\/compuviper.mx\/tienda\/wp-json\/wp\/v2\/product"}],"about":[{"href":"https:\/\/compuviper.mx\/tienda\/wp-json\/wp\/v2\/types\/product"}],"replies":[{"embeddable":true,"href":"https:\/\/compuviper.mx\/tienda\/wp-json\/wp\/v2\/comments?post=236192"}],"wp:featuredmedia":[{"embeddable":true,"href":"https:\/\/compuviper.mx\/tienda\/wp-json\/wp\/v2\/media\/242755"}],"wp:attachment":[{"href":"https:\/\/compuviper.mx\/tienda\/wp-json\/wp\/v2\/media?parent=236192"}],"wp:term":[{"taxonomy":"product_cat","embeddable":true,"href":"https:\/\/compuviper.mx\/tienda\/wp-json\/wp\/v2\/product_cat?post=236192"},{"taxonomy":"product_tag","embeddable":true,"href":"https:\/\/compuviper.mx\/tienda\/wp-json\/wp\/v2\/product_tag?post=236192"}],"curies":[{"name":"wp","href":"https:\/\/api.w.org\/{rel}","templated":true}]}}