{"id":236169,"date":"2026-04-25T01:56:22","date_gmt":"2026-04-25T07:56:22","guid":{"rendered":"https:\/\/compuviper.mx\/tienda\/producto\/poly-875s1aa-microfono-ip-hp-microfono-ip-de-techo-compatible-con-g7500\/"},"modified":"2026-04-25T01:56:22","modified_gmt":"2026-04-25T07:56:22","slug":"poly-875s1aa-microfono-ip-de-techo-hp-microfono-ip-de-techo-compatible-con-g7500-y-g62","status":"publish","type":"product","link":"https:\/\/compuviper.mx\/tienda\/producto\/poly-875s1aa-microfono-ip-de-techo-hp-microfono-ip-de-techo-compatible-con-g7500-y-g62\/","title":{"rendered":"Poly 875s1aa Microfono Ip De Techo Hp  \/ Microfono Ip De Techo Compatible Con G7500 Y G62"},"content":{"rendered":"<table class=\"descripcion\">\n<tr>\n<td>Micrfono ip poly para sistema de videoconferencia g7500<\/td>\n<\/tr>\n<tr>\n<td>El micrfono poly g7500 es un dispositivo de alta calidad diseado para brindar una excelente captura de audio en entornos de videoconferencia y reuniones empresariales.<\/td>\n<\/tr>\n<tr>\n<td>Este micrfono cuenta con tecnologa avanzada que reduce el ruido ambiental y mejora la claridad del sonido, lo que garantiza una comunicacin ntida y sin interferencias.<\/td>\n<\/tr>\n<tr>\n<td>El diseo elegante y compacto del micrfono poly g7500 lo hace fcil de instalar y usar en cualquier espacio de reunin<\/td>\n<\/tr>\n<tr>\n<td>Cuenta con una conexin fcil a la unidad principal del sistema de videoconferencia poly g7500, lo que garantiza una integracin perfecta y un rendimiento ptimo.<\/td>\n<\/tr>\n<\/table>\n","protected":false},"excerpt":{"rendered":"<p>Fuentes de energa. Poe alimentacin a travs de ethernet. Micrfono. Aplicaciones primarias. Conferencias, videoconferencias. Factor de forma. Colgante. Tipo de elemento. 3x condensador. Patrn polar. Cardioide. Filtro de paso alto. No. Controles a bordo. No. Conectividad. Salida analgica. 1x rj45 de 8 pines. Longitud del cable. 24 \/ 61,0 cm. Fuerza. Fuentes de energa. Poe alimentacin a travs de ethernet. Fsico. Color. Negro. Montaje. Para colgar con accesorios incluidos. Tamao de la rosca de montaje. El soporte incluido no tiene rosca. Proteccin del medio ambiente. No. Dimensiones. Alto: 41,3 x ancho: 101,6 x largo: 152,4 mm. Peso. ,401 kg<\/p>\n","protected":false},"featured_media":243484,"comment_status":"open","ping_status":"open","template":"","meta":[],"product_cat":[1552,1999],"product_tag":[2035],"acf":[],"yoast_head":"<!-- This site is optimized with the Yoast SEO plugin v21.7 - https:\/\/yoast.com\/wordpress\/plugins\/seo\/ -->\n<title>[ Poly ] &#129351; 875s1aa Microfono Ip De Techo Hp \/ Microfono Ip De Techo Compatible Con G7500 Y G62<\/title>\n<meta name=\"description\" content=\"Compra 875s1aa Microfono Ip De Techo Hp \/ Microfono Ip De Techo Compatible Con G7500 Y G62 + Env\u00edo a domicilio + Pago seguro + Garant\u00eda\" \/>\n<meta name=\"robots\" content=\"index, follow, max-snippet:-1, max-image-preview:large, max-video-preview:-1\" \/>\n<link rel=\"canonical\" href=\"https:\/\/compuviper.mx\/tienda\/producto\/poly-875s1aa-microfono-ip-de-techo-hp-microfono-ip-de-techo-compatible-con-g7500-y-g62\/\" \/>\n<meta property=\"og:locale\" content=\"es_MX\" \/>\n<meta property=\"og:type\" content=\"article\" \/>\n<meta property=\"og:title\" content=\"[ Poly ] &#129351; 875s1aa Microfono Ip De Techo Hp \/ Microfono Ip De Techo Compatible Con G7500 Y G62\" \/>\n<meta property=\"og:description\" content=\"Compra 875s1aa Microfono Ip De Techo Hp \/ Microfono Ip De Techo Compatible Con G7500 Y G62 + Env\u00edo a domicilio + Pago seguro + Garant\u00eda\" \/>\n<meta property=\"og:url\" content=\"https:\/\/compuviper.mx\/tienda\/producto\/poly-875s1aa-microfono-ip-de-techo-hp-microfono-ip-de-techo-compatible-con-g7500-y-g62\/\" \/>\n<meta property=\"og:site_name\" content=\"Compuviper\" \/>\n<meta property=\"article:publisher\" content=\"https:\/\/www.facebook.com\/compuviper\" \/>\n<meta property=\"og:image\" content=\"https:\/\/compuviper.mx\/tienda\/wp-content\/uploads\/2024\/09\/Microfono-ip-hp-poly-875s1aa-microfono-ip-de-techo-compatible-con-g7500.jpg\" \/>\n\t<meta property=\"og:image:width\" content=\"200\" \/>\n\t<meta property=\"og:image:height\" content=\"200\" \/>\n\t<meta property=\"og:image:type\" content=\"image\/jpeg\" \/>\n<meta name=\"twitter:card\" content=\"summary_large_image\" \/>\n<meta name=\"twitter:label1\" content=\"Precio\" \/>\n\t<meta name=\"twitter:data1\" content=\"&#36;17,407 &#36;16,793 con IVA\" \/>\n\t<meta name=\"twitter:label2\" content=\"Availability\" \/>\n\t<meta name=\"twitter:data2\" content=\"Out of stock\" \/>\n<script type=\"application\/ld+json\" class=\"yoast-schema-graph\">{\"@context\":\"https:\/\/schema.org\",\"@graph\":[{\"@type\":\"WebPage\",\"@id\":\"https:\/\/compuviper.mx\/tienda\/producto\/poly-875s1aa-microfono-ip-de-techo-hp-microfono-ip-de-techo-compatible-con-g7500-y-g62\/\",\"url\":\"https:\/\/compuviper.mx\/tienda\/producto\/poly-875s1aa-microfono-ip-de-techo-hp-microfono-ip-de-techo-compatible-con-g7500-y-g62\/\",\"name\":\"[ Poly ] &#129351; 875s1aa Microfono Ip De Techo Hp \/ Microfono Ip De Techo Compatible Con G7500 Y G62\",\"isPartOf\":{\"@id\":\"https:\/\/compuviper.mx\/tienda\/#website\"},\"datePublished\":\"2026-04-25T07:56:22+00:00\",\"dateModified\":\"2026-04-25T07:56:22+00:00\",\"description\":\"Compra 875s1aa Microfono Ip De Techo Hp \/ Microfono Ip De Techo Compatible Con G7500 Y G62 + Env\u00edo a domicilio + Pago seguro + Garant\u00eda\",\"breadcrumb\":{\"@id\":\"https:\/\/compuviper.mx\/tienda\/producto\/poly-875s1aa-microfono-ip-de-techo-hp-microfono-ip-de-techo-compatible-con-g7500-y-g62\/#breadcrumb\"},\"inLanguage\":\"es-MX\",\"potentialAction\":[{\"@type\":\"ReadAction\",\"target\":[\"https:\/\/compuviper.mx\/tienda\/producto\/poly-875s1aa-microfono-ip-de-techo-hp-microfono-ip-de-techo-compatible-con-g7500-y-g62\/\"]}]},{\"@type\":\"BreadcrumbList\",\"@id\":\"https:\/\/compuviper.mx\/tienda\/producto\/poly-875s1aa-microfono-ip-de-techo-hp-microfono-ip-de-techo-compatible-con-g7500-y-g62\/#breadcrumb\",\"itemListElement\":[{\"@type\":\"ListItem\",\"position\":1,\"name\":\"Inicio\",\"item\":\"https:\/\/compuviper.mx\/tienda\/\"},{\"@type\":\"ListItem\",\"position\":2,\"name\":\"Productos\",\"item\":\"https:\/\/compuviper.mx\/tienda\/productos\/\"},{\"@type\":\"ListItem\",\"position\":3,\"name\":\"Audifonos Y Micro\",\"item\":\"https:\/\/compuviper.mx\/tienda\/categoria-producto\/audifonos-y-micro\/\"},{\"@type\":\"ListItem\",\"position\":4,\"name\":\"Microfono\",\"item\":\"https:\/\/compuviper.mx\/tienda\/categoria-producto\/audifonos-y-micro\/microfono\/\"},{\"@type\":\"ListItem\",\"position\":5,\"name\":\"Poly 875s1aa Microfono Ip De Techo Hp \/ Microfono Ip De Techo Compatible Con G7500 Y G62\"}]},{\"@type\":\"WebSite\",\"@id\":\"https:\/\/compuviper.mx\/tienda\/#website\",\"url\":\"https:\/\/compuviper.mx\/tienda\/\",\"name\":\"Compuviper\",\"description\":\"Proveedor de Computadoras, Laptops, Servidores, Monitores, Puntos de Venta, Teclados,   Impresoras, T\u00f3ner, C\u00e1maras de Seguridad y m\u00e1s en tu tienda en l\u00ednea\",\"publisher\":{\"@id\":\"https:\/\/compuviper.mx\/tienda\/#organization\"},\"potentialAction\":[{\"@type\":\"SearchAction\",\"target\":{\"@type\":\"EntryPoint\",\"urlTemplate\":\"https:\/\/compuviper.mx\/tienda\/?s={search_term_string}\"},\"query-input\":\"required name=search_term_string\"}],\"inLanguage\":\"es-MX\"},{\"@type\":\"Organization\",\"@id\":\"https:\/\/compuviper.mx\/tienda\/#organization\",\"name\":\"Compuviper\",\"url\":\"https:\/\/compuviper.mx\/tienda\/\",\"logo\":{\"@type\":\"ImageObject\",\"inLanguage\":\"es-MX\",\"@id\":\"https:\/\/compuviper.mx\/tienda\/#\/schema\/logo\/image\/\",\"url\":\"https:\/\/compuviper.mx\/tienda\/wp-content\/uploads\/2021\/08\/Logo-Compuviper-10.png\",\"contentUrl\":\"https:\/\/compuviper.mx\/tienda\/wp-content\/uploads\/2021\/08\/Logo-Compuviper-10.png\",\"width\":1000,\"height\":500,\"caption\":\"Compuviper\"},\"image\":{\"@id\":\"https:\/\/compuviper.mx\/tienda\/#\/schema\/logo\/image\/\"},\"sameAs\":[\"https:\/\/www.facebook.com\/compuviper\",\"https:\/\/www.youtube.com\/channel\/UCf73dERp9Y3cfOq7q8BhLjA?view_as=subscriber\"]}]}<\/script>\n<meta property=\"product:brand\" content=\"POLY\" \/>\n<meta property=\"product:price:amount\" content=\"16793\" \/>\n<meta property=\"product:price:currency\" content=\"MXN\" \/>\n<meta property=\"og:availability\" content=\"out of stock\" \/>\n<meta property=\"product:availability\" content=\"out of stock\" \/>\n<meta property=\"product:retailer_item_id\" content=\"875S1AA\" \/>\n<meta property=\"product:condition\" content=\"new\" \/>\n<!-- \/ Yoast SEO plugin. -->","yoast_head_json":{"title":"[ Poly ] &#129351; 875s1aa Microfono Ip De Techo Hp \/ Microfono Ip De Techo Compatible Con G7500 Y G62","description":"Compra 875s1aa Microfono Ip De Techo Hp \/ Microfono Ip De Techo Compatible Con G7500 Y G62 + Env\u00edo a domicilio + Pago seguro + Garant\u00eda","robots":{"index":"index","follow":"follow","max-snippet":"max-snippet:-1","max-image-preview":"max-image-preview:large","max-video-preview":"max-video-preview:-1"},"canonical":"https:\/\/compuviper.mx\/tienda\/producto\/poly-875s1aa-microfono-ip-de-techo-hp-microfono-ip-de-techo-compatible-con-g7500-y-g62\/","og_locale":"es_MX","og_type":"article","og_title":"[ Poly ] &#129351; 875s1aa Microfono Ip De Techo Hp \/ Microfono Ip De Techo Compatible Con G7500 Y G62","og_description":"Compra 875s1aa Microfono Ip De Techo Hp \/ Microfono Ip De Techo Compatible Con G7500 Y G62 + Env\u00edo a domicilio + Pago seguro + Garant\u00eda","og_url":"https:\/\/compuviper.mx\/tienda\/producto\/poly-875s1aa-microfono-ip-de-techo-hp-microfono-ip-de-techo-compatible-con-g7500-y-g62\/","og_site_name":"Compuviper","article_publisher":"https:\/\/www.facebook.com\/compuviper","og_image":[{"width":200,"height":200,"url":"https:\/\/compuviper.mx\/tienda\/wp-content\/uploads\/2024\/09\/Microfono-ip-hp-poly-875s1aa-microfono-ip-de-techo-compatible-con-g7500.jpg","type":"image\/jpeg"}],"twitter_card":"summary_large_image","twitter_misc":{"Precio":"&#36;17,407 &#36;16,793 con IVA","Availability":"Out of stock"},"schema":{"@context":"https:\/\/schema.org","@graph":[{"@type":"WebPage","@id":"https:\/\/compuviper.mx\/tienda\/producto\/poly-875s1aa-microfono-ip-de-techo-hp-microfono-ip-de-techo-compatible-con-g7500-y-g62\/","url":"https:\/\/compuviper.mx\/tienda\/producto\/poly-875s1aa-microfono-ip-de-techo-hp-microfono-ip-de-techo-compatible-con-g7500-y-g62\/","name":"[ Poly ] &#129351; 875s1aa Microfono Ip De Techo Hp \/ Microfono Ip De Techo Compatible Con G7500 Y G62","isPartOf":{"@id":"https:\/\/compuviper.mx\/tienda\/#website"},"datePublished":"2026-04-25T07:56:22+00:00","dateModified":"2026-04-25T07:56:22+00:00","description":"Compra 875s1aa Microfono Ip De Techo Hp \/ Microfono Ip De Techo Compatible Con G7500 Y G62 + Env\u00edo a domicilio + Pago seguro + Garant\u00eda","breadcrumb":{"@id":"https:\/\/compuviper.mx\/tienda\/producto\/poly-875s1aa-microfono-ip-de-techo-hp-microfono-ip-de-techo-compatible-con-g7500-y-g62\/#breadcrumb"},"inLanguage":"es-MX","potentialAction":[{"@type":"ReadAction","target":["https:\/\/compuviper.mx\/tienda\/producto\/poly-875s1aa-microfono-ip-de-techo-hp-microfono-ip-de-techo-compatible-con-g7500-y-g62\/"]}]},{"@type":"BreadcrumbList","@id":"https:\/\/compuviper.mx\/tienda\/producto\/poly-875s1aa-microfono-ip-de-techo-hp-microfono-ip-de-techo-compatible-con-g7500-y-g62\/#breadcrumb","itemListElement":[{"@type":"ListItem","position":1,"name":"Inicio","item":"https:\/\/compuviper.mx\/tienda\/"},{"@type":"ListItem","position":2,"name":"Productos","item":"https:\/\/compuviper.mx\/tienda\/productos\/"},{"@type":"ListItem","position":3,"name":"Audifonos Y Micro","item":"https:\/\/compuviper.mx\/tienda\/categoria-producto\/audifonos-y-micro\/"},{"@type":"ListItem","position":4,"name":"Microfono","item":"https:\/\/compuviper.mx\/tienda\/categoria-producto\/audifonos-y-micro\/microfono\/"},{"@type":"ListItem","position":5,"name":"Poly 875s1aa Microfono Ip De Techo Hp \/ Microfono Ip De Techo Compatible Con G7500 Y G62"}]},{"@type":"WebSite","@id":"https:\/\/compuviper.mx\/tienda\/#website","url":"https:\/\/compuviper.mx\/tienda\/","name":"Compuviper","description":"Proveedor de Computadoras, Laptops, Servidores, Monitores, Puntos de Venta, Teclados,   Impresoras, T\u00f3ner, C\u00e1maras de Seguridad y m\u00e1s en tu tienda en l\u00ednea","publisher":{"@id":"https:\/\/compuviper.mx\/tienda\/#organization"},"potentialAction":[{"@type":"SearchAction","target":{"@type":"EntryPoint","urlTemplate":"https:\/\/compuviper.mx\/tienda\/?s={search_term_string}"},"query-input":"required name=search_term_string"}],"inLanguage":"es-MX"},{"@type":"Organization","@id":"https:\/\/compuviper.mx\/tienda\/#organization","name":"Compuviper","url":"https:\/\/compuviper.mx\/tienda\/","logo":{"@type":"ImageObject","inLanguage":"es-MX","@id":"https:\/\/compuviper.mx\/tienda\/#\/schema\/logo\/image\/","url":"https:\/\/compuviper.mx\/tienda\/wp-content\/uploads\/2021\/08\/Logo-Compuviper-10.png","contentUrl":"https:\/\/compuviper.mx\/tienda\/wp-content\/uploads\/2021\/08\/Logo-Compuviper-10.png","width":1000,"height":500,"caption":"Compuviper"},"image":{"@id":"https:\/\/compuviper.mx\/tienda\/#\/schema\/logo\/image\/"},"sameAs":["https:\/\/www.facebook.com\/compuviper","https:\/\/www.youtube.com\/channel\/UCf73dERp9Y3cfOq7q8BhLjA?view_as=subscriber"]}]},"product_brand":"POLY","product_price_amount":"16793","product_price_currency":"MXN","og_availability":"out of stock","product_availability":"out of stock","product_retailer_item_id":"875S1AA","product_condition":"new"},"_links":{"self":[{"href":"https:\/\/compuviper.mx\/tienda\/wp-json\/wp\/v2\/product\/236169"}],"collection":[{"href":"https:\/\/compuviper.mx\/tienda\/wp-json\/wp\/v2\/product"}],"about":[{"href":"https:\/\/compuviper.mx\/tienda\/wp-json\/wp\/v2\/types\/product"}],"replies":[{"embeddable":true,"href":"https:\/\/compuviper.mx\/tienda\/wp-json\/wp\/v2\/comments?post=236169"}],"wp:featuredmedia":[{"embeddable":true,"href":"https:\/\/compuviper.mx\/tienda\/wp-json\/wp\/v2\/media\/243484"}],"wp:attachment":[{"href":"https:\/\/compuviper.mx\/tienda\/wp-json\/wp\/v2\/media?parent=236169"}],"wp:term":[{"taxonomy":"product_cat","embeddable":true,"href":"https:\/\/compuviper.mx\/tienda\/wp-json\/wp\/v2\/product_cat?post=236169"},{"taxonomy":"product_tag","embeddable":true,"href":"https:\/\/compuviper.mx\/tienda\/wp-json\/wp\/v2\/product_tag?post=236169"}],"curies":[{"name":"wp","href":"https:\/\/api.w.org\/{rel}","templated":true}]}}