{"id":236115,"date":"2026-04-10T00:43:45","date_gmt":"2026-04-10T06:43:45","guid":{"rendered":"https:\/\/compuviper.mx\/tienda\/producto\/viewsonic-td3207-monitor-touch-led-uso-profesional-24-horas-7-dias-31-5-pulgadas-fullhd-1920x1080-mva-10-toques-hdmi-display-port-75hz-bocina-interna-3-aos-de-garantia\/"},"modified":"2026-04-10T00:43:45","modified_gmt":"2026-04-10T06:43:45","slug":"viewsonic-td3207-monitor-touch-led-uso-profesional-24-horas-7-dias-31-5-pulgadas-fullhd-1920x1080-mva-10-toques-hdmi-display-port-75hz-bocina-interna-3-aos-de-garantia","status":"publish","type":"product","link":"https:\/\/compuviper.mx\/tienda\/producto\/viewsonic-td3207-monitor-touch-led-uso-profesional-24-horas-7-dias-31-5-pulgadas-fullhd-1920x1080-mva-10-toques-hdmi-display-port-75hz-bocina-interna-3-aos-de-garantia\/","title":{"rendered":"Viewsonic Td3207 Monitor Touch Led  \/ Uso Profesional 24 Horas 7 Dias \/ 31.5 Pulgadas\/ Fullhd \/ 1920&#215;1080\/ Mva \/ 10 Toques \/ Hdmi \/ Display Port \/ 75hz \/bocina Interna\/ 3 A?os De Garantia"},"content":{"rendered":"<table class=\"descripcion\">\n<tr>\n<td>Screen size: 32<\/td>\n<\/tr>\n<tr>\n<td>Viewable area (in.): 31.5<\/td>\n<\/tr>\n<tr>\n<td>Panel type: mva<\/td>\n<\/tr>\n<tr>\n<td>Display resolution: 1920 x 1080<\/td>\n<\/tr>\n<tr>\n<td>Display resolution: full hd (1920&#215;1080)<\/td>\n<\/tr>\n<tr>\n<td>Static contrast ratio: 3,000:1<\/td>\n<\/tr>\n<tr>\n<td>Dynamic contrast ratio: 50,000,000:1<\/td>\n<\/tr>\n<tr>\n<td>Fuente de luz: led<\/td>\n<\/tr>\n<tr>\n<td>Brightness: 450 cd\/m2<\/td>\n<\/tr>\n<tr>\n<td>Colors: 16.7m<\/td>\n<\/tr>\n<tr>\n<td>Compatibilidad con espacio de color: 8 bits verdaderos<\/td>\n<\/tr>\n<tr>\n<td>Aspect ratio: 16:9<\/td>\n<\/tr>\n<tr>\n<td>Response time (typical gtg): 5ms<\/td>\n<\/tr>\n<tr>\n<td>Viewing angles: 178\u00ba horizontal, 178\u00ba vertical<\/td>\n<\/tr>\n<tr>\n<td>Backlight life (hours): 50,000<\/td>\n<\/tr>\n<tr>\n<td>Panel surface: anti-glare, hard-coating (3h)<\/td>\n<\/tr>\n<tr>\n<td>Refresh rate: 60hz<\/td>\n<\/tr>\n<tr>\n<td>Pc resolution (max): 1920 x 1080<\/td>\n<\/tr>\n<tr>\n<td>Mac\u00ae resolution (max): 1920 x 1080<\/td>\n<\/tr>\n<tr>\n<td>Usb type b: 1<\/td>\n<\/tr>\n<tr>\n<td>3.5mm audio out: 1<\/td>\n<\/tr>\n<tr>\n<td>Hdmi 1.4 in: 1<\/td>\n<\/tr>\n<tr>\n<td>Displayport: 1<\/td>\n<\/tr>\n<tr>\n<td>Rs232 in: 1<\/td>\n<\/tr>\n<tr>\n<td>Touch technology: projective capacitive<\/td>\n<\/tr>\n<tr>\n<td>Touch points: 10-point touch<\/td>\n<\/tr>\n<tr>\n<td>Internal speakers: 2-watt (x2)<\/td>\n<\/tr>\n<tr>\n<td>Eco mode (conserve): 30w<\/td>\n<\/tr>\n<tr>\n<td>Eco mode (optimized): 38w<\/td>\n<\/tr>\n<tr>\n<td>Consumption (typical): 46w<\/td>\n<\/tr>\n<tr>\n<td>Consumption (max): 50w<\/td>\n<\/tr>\n<tr>\n<td>Voltage: ac 100-240v (universal), 50-60hz<\/td>\n<\/tr>\n<tr>\n<td>Stand-by: 0.5w<\/td>\n<\/tr>\n<tr>\n<td>Power supply: external<\/td>\n<\/tr>\n<tr>\n<td>Cable organization: no<\/td>\n<\/tr>\n<tr>\n<td>Physical controls: 1, 2, up, down, left, right, power<\/td>\n<\/tr>\n<tr>\n<td>On screen display: contrast\/brightness, input select, audio adjust, color adjust, information, manual image adjust, setup menu, memory recall<\/td>\n<\/tr>\n<tr>\n<td>Temperature: 32-104\u00ba f (0 &#8211; 40\u00ba c)<\/td>\n<\/tr>\n<tr>\n<td>Humidity (non-condensing): 20-90%<\/td>\n<\/tr>\n<tr>\n<td>Vesa compatible: 400 x 200; 200 x 100<\/td>\n<\/tr>\n<tr>\n<td>Frequency horizontal: 15 ~ 73 khz<\/td>\n<\/tr>\n<tr>\n<td>Frequency vertical: 47 ~ 75 hz<\/td>\n<\/tr>\n<tr>\n<td>Net (lbs): 28.2<\/td>\n<\/tr>\n<tr>\n<td>Gross (lbs): 34.2<\/td>\n<\/tr>\n<tr>\n<td>Net (kg): 12.8<\/td>\n<\/tr>\n<tr>\n<td>Gross (kg): 15.5<\/td>\n<\/tr>\n<tr>\n<td>Packaging (in.): 34  (w) x 22.7  (h) x 6.4  (d)<\/td>\n<\/tr>\n<tr>\n<td>Physical (in.): 29.4  (w) x 17.8  (h) x 2.5  (d)<\/td>\n<\/tr>\n<tr>\n<td>Packaging (mm): 863 mm (w) x 577 mm (h) x 163 mm (d)<\/td>\n<\/tr>\n<tr>\n<td>F\u00edsicas (mm): 747 mm (ancho) x 451 mm (alto) x 64 mm (prof.)<\/td>\n<\/tr>\n<tr>\n<td>Package contents: lcd display, power cable, hdmi to hdmi cable, usb a to usb b cable, quick start guide<\/td>\n<\/tr>\n<\/table>\n","protected":false},"excerpt":{"rendered":"<p>El td3207 es la solucion ideal para espacios comerciales e industriales. Dise\u00f1ado para un uso intensivo y continuo, el td3207 ofrece una larga vida util las 24 horas del dia, los 7 dias de la semana. Con un dise\u00f1o de marco abierto y equipado con un dise\u00f1o de montaje vesa adecuado para modo vertical y horizontal, este monitor esta listo para incorporarse en aplicaciones industriales, minoristas y comerciales. Resistente a la humedad y a los rayones, la pantalla de vidrio de 3 mm de espesor con dureza 7h presenta una tecnolog\u00eda tactil pcap intuitiva de 10 puntos para una maxima interactividad. Con la tecnologia de panel superclear va, el dispositivo ofrece imagenes realistas, colores vivos y brillo constante de hasta 450 nits. Las opciones de conexion incluyen entradas hdmi y displayport para compartir capacidades sin esfuerzo y un rs232 le permite controlar el dispositivo de forma remota.<\/p>\n","protected":false},"featured_media":242753,"comment_status":"open","ping_status":"open","template":"","meta":[],"product_cat":[1740,1742],"product_tag":[1862],"acf":[],"yoast_head":"<!-- This site is optimized with the Yoast SEO plugin v21.7 - https:\/\/yoast.com\/wordpress\/plugins\/seo\/ -->\n<title>[ Viewsonic ] &#129351; Td3207 Monitor Touch Led \/ Uso Profesional 24 Horas 7 Dias \/ 31.5 Pulgadas\/ Fullhd \/ 1920x1080\/ Mva \/ 10 Toques \/ Hdmi \/ Display Port \/ 75hz \/bocina Interna\/ 3 A\u00f1os De Garantia<\/title>\n<meta name=\"description\" content=\"Compra Td3207 Monitor Touch Led \/ Uso Profesional 24 Horas 7 Dias \/ 31.5 Pulgadas\/ Fullhd \/ 1920x1080\/ Mva \/ 10 Toques \/ Hdmi \/ Display Port \/ 75hz \/bocina Interna\/ 3 A\u00f1os De Garantia + Env\u00edo a domicilio + Pago seguro + Garant\u00eda\" \/>\n<meta name=\"robots\" content=\"index, follow, max-snippet:-1, max-image-preview:large, max-video-preview:-1\" \/>\n<link rel=\"canonical\" href=\"https:\/\/compuviper.mx\/tienda\/producto\/viewsonic-td3207-monitor-touch-led-uso-profesional-24-horas-7-dias-31-5-pulgadas-fullhd-1920x1080-mva-10-toques-hdmi-display-port-75hz-bocina-interna-3-aos-de-garantia\/\" \/>\n<meta property=\"og:locale\" content=\"es_MX\" \/>\n<meta property=\"og:type\" content=\"article\" \/>\n<meta property=\"og:title\" content=\"[ Viewsonic ] &#129351; Td3207 Monitor Touch Led \/ Uso Profesional 24 Horas 7 Dias \/ 31.5 Pulgadas\/ Fullhd \/ 1920x1080\/ Mva \/ 10 Toques \/ Hdmi \/ Display Port \/ 75hz \/bocina Interna\/ 3 A\u00f1os De Garantia\" \/>\n<meta property=\"og:description\" content=\"Compra Td3207 Monitor Touch Led \/ Uso Profesional 24 Horas 7 Dias \/ 31.5 Pulgadas\/ Fullhd \/ 1920x1080\/ Mva \/ 10 Toques \/ Hdmi \/ Display Port \/ 75hz \/bocina Interna\/ 3 A\u00f1os De Garantia + Env\u00edo a domicilio + Pago seguro + Garant\u00eda\" \/>\n<meta property=\"og:url\" content=\"https:\/\/compuviper.mx\/tienda\/producto\/viewsonic-td3207-monitor-touch-led-uso-profesional-24-horas-7-dias-31-5-pulgadas-fullhd-1920x1080-mva-10-toques-hdmi-display-port-75hz-bocina-interna-3-aos-de-garantia\/\" \/>\n<meta property=\"og:site_name\" content=\"Compuviper\" \/>\n<meta property=\"article:publisher\" content=\"https:\/\/www.facebook.com\/compuviper\" \/>\n<meta property=\"og:image\" content=\"https:\/\/compuviper.mx\/tienda\/wp-content\/uploads\/2024\/09\/Monitor-touch-led-viewsonic-td3207-uso-profesional-24-horas-7-dias-31.5-pulgadas-fullhd-1920x1080-mva-10-toques-hdmi-display-port-75hz-bocina-interna-3-anos-de-garantia.jpg\" \/>\n\t<meta property=\"og:image:width\" content=\"200\" \/>\n\t<meta property=\"og:image:height\" content=\"200\" \/>\n\t<meta property=\"og:image:type\" content=\"image\/jpeg\" \/>\n<meta name=\"twitter:card\" content=\"summary_large_image\" \/>\n<meta name=\"twitter:label1\" content=\"Precio\" \/>\n\t<meta name=\"twitter:data1\" content=\"&#36;18,877 con IVA\" \/>\n\t<meta name=\"twitter:label2\" content=\"Availability\" \/>\n\t<meta name=\"twitter:data2\" content=\"In stock\" \/>\n<script type=\"application\/ld+json\" class=\"yoast-schema-graph\">{\"@context\":\"https:\/\/schema.org\",\"@graph\":[{\"@type\":\"WebPage\",\"@id\":\"https:\/\/compuviper.mx\/tienda\/producto\/viewsonic-td3207-monitor-touch-led-uso-profesional-24-horas-7-dias-31-5-pulgadas-fullhd-1920x1080-mva-10-toques-hdmi-display-port-75hz-bocina-interna-3-aos-de-garantia\/\",\"url\":\"https:\/\/compuviper.mx\/tienda\/producto\/viewsonic-td3207-monitor-touch-led-uso-profesional-24-horas-7-dias-31-5-pulgadas-fullhd-1920x1080-mva-10-toques-hdmi-display-port-75hz-bocina-interna-3-aos-de-garantia\/\",\"name\":\"[ Viewsonic ] &#129351; Td3207 Monitor Touch Led \/ Uso Profesional 24 Horas 7 Dias \/ 31.5 Pulgadas\/ Fullhd \/ 1920x1080\/ Mva \/ 10 Toques \/ Hdmi \/ Display Port \/ 75hz \/bocina Interna\/ 3 A\u00f1os De Garantia\",\"isPartOf\":{\"@id\":\"https:\/\/compuviper.mx\/tienda\/#website\"},\"datePublished\":\"2026-04-10T06:43:45+00:00\",\"dateModified\":\"2026-04-10T06:43:45+00:00\",\"description\":\"Compra Td3207 Monitor Touch Led \/ Uso Profesional 24 Horas 7 Dias \/ 31.5 Pulgadas\/ Fullhd \/ 1920x1080\/ Mva \/ 10 Toques \/ Hdmi \/ Display Port \/ 75hz \/bocina Interna\/ 3 A\u00f1os De Garantia + Env\u00edo a domicilio + Pago seguro + Garant\u00eda\",\"breadcrumb\":{\"@id\":\"https:\/\/compuviper.mx\/tienda\/producto\/viewsonic-td3207-monitor-touch-led-uso-profesional-24-horas-7-dias-31-5-pulgadas-fullhd-1920x1080-mva-10-toques-hdmi-display-port-75hz-bocina-interna-3-aos-de-garantia\/#breadcrumb\"},\"inLanguage\":\"es-MX\",\"potentialAction\":[{\"@type\":\"ReadAction\",\"target\":[\"https:\/\/compuviper.mx\/tienda\/producto\/viewsonic-td3207-monitor-touch-led-uso-profesional-24-horas-7-dias-31-5-pulgadas-fullhd-1920x1080-mva-10-toques-hdmi-display-port-75hz-bocina-interna-3-aos-de-garantia\/\"]}]},{\"@type\":\"BreadcrumbList\",\"@id\":\"https:\/\/compuviper.mx\/tienda\/producto\/viewsonic-td3207-monitor-touch-led-uso-profesional-24-horas-7-dias-31-5-pulgadas-fullhd-1920x1080-mva-10-toques-hdmi-display-port-75hz-bocina-interna-3-aos-de-garantia\/#breadcrumb\",\"itemListElement\":[{\"@type\":\"ListItem\",\"position\":1,\"name\":\"Inicio\",\"item\":\"https:\/\/compuviper.mx\/tienda\/\"},{\"@type\":\"ListItem\",\"position\":2,\"name\":\"Productos\",\"item\":\"https:\/\/compuviper.mx\/tienda\/productos\/\"},{\"@type\":\"ListItem\",\"position\":3,\"name\":\"Monitores\",\"item\":\"https:\/\/compuviper.mx\/tienda\/categoria-producto\/monitores\/\"},{\"@type\":\"ListItem\",\"position\":4,\"name\":\"Touch Screen\",\"item\":\"https:\/\/compuviper.mx\/tienda\/categoria-producto\/monitores\/touch-screen\/\"},{\"@type\":\"ListItem\",\"position\":5,\"name\":\"Viewsonic Td3207 Monitor Touch Led \/ Uso Profesional 24 Horas 7 Dias \/ 31.5 Pulgadas\/ Fullhd \/ 1920&#215;1080\/ Mva \/ 10 Toques \/ Hdmi \/ Display Port \/ 75hz \/bocina Interna\/ 3 A?os De Garantia\"}]},{\"@type\":\"WebSite\",\"@id\":\"https:\/\/compuviper.mx\/tienda\/#website\",\"url\":\"https:\/\/compuviper.mx\/tienda\/\",\"name\":\"Compuviper\",\"description\":\"Proveedor de Computadoras, Laptops, Servidores, Monitores, Puntos de Venta, Teclados,   Impresoras, T\u00f3ner, C\u00e1maras de Seguridad y m\u00e1s en tu tienda en l\u00ednea\",\"publisher\":{\"@id\":\"https:\/\/compuviper.mx\/tienda\/#organization\"},\"potentialAction\":[{\"@type\":\"SearchAction\",\"target\":{\"@type\":\"EntryPoint\",\"urlTemplate\":\"https:\/\/compuviper.mx\/tienda\/?s={search_term_string}\"},\"query-input\":\"required name=search_term_string\"}],\"inLanguage\":\"es-MX\"},{\"@type\":\"Organization\",\"@id\":\"https:\/\/compuviper.mx\/tienda\/#organization\",\"name\":\"Compuviper\",\"url\":\"https:\/\/compuviper.mx\/tienda\/\",\"logo\":{\"@type\":\"ImageObject\",\"inLanguage\":\"es-MX\",\"@id\":\"https:\/\/compuviper.mx\/tienda\/#\/schema\/logo\/image\/\",\"url\":\"https:\/\/compuviper.mx\/tienda\/wp-content\/uploads\/2021\/08\/Logo-Compuviper-10.png\",\"contentUrl\":\"https:\/\/compuviper.mx\/tienda\/wp-content\/uploads\/2021\/08\/Logo-Compuviper-10.png\",\"width\":1000,\"height\":500,\"caption\":\"Compuviper\"},\"image\":{\"@id\":\"https:\/\/compuviper.mx\/tienda\/#\/schema\/logo\/image\/\"},\"sameAs\":[\"https:\/\/www.facebook.com\/compuviper\",\"https:\/\/www.youtube.com\/channel\/UCf73dERp9Y3cfOq7q8BhLjA?view_as=subscriber\"]}]}<\/script>\n<meta property=\"product:brand\" content=\"VIEWSONIC\" \/>\n<meta property=\"product:price:amount\" content=\"18877\" \/>\n<meta property=\"product:price:currency\" content=\"MXN\" \/>\n<meta property=\"og:availability\" content=\"instock\" \/>\n<meta property=\"product:availability\" content=\"instock\" \/>\n<meta property=\"product:retailer_item_id\" content=\"TD3207\" \/>\n<meta property=\"product:condition\" content=\"new\" \/>\n<!-- \/ Yoast SEO plugin. -->","yoast_head_json":{"title":"[ Viewsonic ] &#129351; Td3207 Monitor Touch Led \/ Uso Profesional 24 Horas 7 Dias \/ 31.5 Pulgadas\/ Fullhd \/ 1920x1080\/ Mva \/ 10 Toques \/ Hdmi \/ Display Port \/ 75hz \/bocina Interna\/ 3 A\u00f1os De Garantia","description":"Compra Td3207 Monitor Touch Led \/ Uso Profesional 24 Horas 7 Dias \/ 31.5 Pulgadas\/ Fullhd \/ 1920x1080\/ Mva \/ 10 Toques \/ Hdmi \/ Display Port \/ 75hz \/bocina Interna\/ 3 A\u00f1os De Garantia + Env\u00edo a domicilio + Pago seguro + Garant\u00eda","robots":{"index":"index","follow":"follow","max-snippet":"max-snippet:-1","max-image-preview":"max-image-preview:large","max-video-preview":"max-video-preview:-1"},"canonical":"https:\/\/compuviper.mx\/tienda\/producto\/viewsonic-td3207-monitor-touch-led-uso-profesional-24-horas-7-dias-31-5-pulgadas-fullhd-1920x1080-mva-10-toques-hdmi-display-port-75hz-bocina-interna-3-aos-de-garantia\/","og_locale":"es_MX","og_type":"article","og_title":"[ Viewsonic ] &#129351; Td3207 Monitor Touch Led \/ Uso Profesional 24 Horas 7 Dias \/ 31.5 Pulgadas\/ Fullhd \/ 1920x1080\/ Mva \/ 10 Toques \/ Hdmi \/ Display Port \/ 75hz \/bocina Interna\/ 3 A\u00f1os De Garantia","og_description":"Compra Td3207 Monitor Touch Led \/ Uso Profesional 24 Horas 7 Dias \/ 31.5 Pulgadas\/ Fullhd \/ 1920x1080\/ Mva \/ 10 Toques \/ Hdmi \/ Display Port \/ 75hz \/bocina Interna\/ 3 A\u00f1os De Garantia + Env\u00edo a domicilio + Pago seguro + Garant\u00eda","og_url":"https:\/\/compuviper.mx\/tienda\/producto\/viewsonic-td3207-monitor-touch-led-uso-profesional-24-horas-7-dias-31-5-pulgadas-fullhd-1920x1080-mva-10-toques-hdmi-display-port-75hz-bocina-interna-3-aos-de-garantia\/","og_site_name":"Compuviper","article_publisher":"https:\/\/www.facebook.com\/compuviper","og_image":[{"width":200,"height":200,"url":"https:\/\/compuviper.mx\/tienda\/wp-content\/uploads\/2024\/09\/Monitor-touch-led-viewsonic-td3207-uso-profesional-24-horas-7-dias-31.5-pulgadas-fullhd-1920x1080-mva-10-toques-hdmi-display-port-75hz-bocina-interna-3-anos-de-garantia.jpg","type":"image\/jpeg"}],"twitter_card":"summary_large_image","twitter_misc":{"Precio":"&#36;18,877 con IVA","Availability":"In stock"},"schema":{"@context":"https:\/\/schema.org","@graph":[{"@type":"WebPage","@id":"https:\/\/compuviper.mx\/tienda\/producto\/viewsonic-td3207-monitor-touch-led-uso-profesional-24-horas-7-dias-31-5-pulgadas-fullhd-1920x1080-mva-10-toques-hdmi-display-port-75hz-bocina-interna-3-aos-de-garantia\/","url":"https:\/\/compuviper.mx\/tienda\/producto\/viewsonic-td3207-monitor-touch-led-uso-profesional-24-horas-7-dias-31-5-pulgadas-fullhd-1920x1080-mva-10-toques-hdmi-display-port-75hz-bocina-interna-3-aos-de-garantia\/","name":"[ Viewsonic ] &#129351; Td3207 Monitor Touch Led \/ Uso Profesional 24 Horas 7 Dias \/ 31.5 Pulgadas\/ Fullhd \/ 1920x1080\/ Mva \/ 10 Toques \/ Hdmi \/ Display Port \/ 75hz \/bocina Interna\/ 3 A\u00f1os De Garantia","isPartOf":{"@id":"https:\/\/compuviper.mx\/tienda\/#website"},"datePublished":"2026-04-10T06:43:45+00:00","dateModified":"2026-04-10T06:43:45+00:00","description":"Compra Td3207 Monitor Touch Led \/ Uso Profesional 24 Horas 7 Dias \/ 31.5 Pulgadas\/ Fullhd \/ 1920x1080\/ Mva \/ 10 Toques \/ Hdmi \/ Display Port \/ 75hz \/bocina Interna\/ 3 A\u00f1os De Garantia + Env\u00edo a domicilio + Pago seguro + Garant\u00eda","breadcrumb":{"@id":"https:\/\/compuviper.mx\/tienda\/producto\/viewsonic-td3207-monitor-touch-led-uso-profesional-24-horas-7-dias-31-5-pulgadas-fullhd-1920x1080-mva-10-toques-hdmi-display-port-75hz-bocina-interna-3-aos-de-garantia\/#breadcrumb"},"inLanguage":"es-MX","potentialAction":[{"@type":"ReadAction","target":["https:\/\/compuviper.mx\/tienda\/producto\/viewsonic-td3207-monitor-touch-led-uso-profesional-24-horas-7-dias-31-5-pulgadas-fullhd-1920x1080-mva-10-toques-hdmi-display-port-75hz-bocina-interna-3-aos-de-garantia\/"]}]},{"@type":"BreadcrumbList","@id":"https:\/\/compuviper.mx\/tienda\/producto\/viewsonic-td3207-monitor-touch-led-uso-profesional-24-horas-7-dias-31-5-pulgadas-fullhd-1920x1080-mva-10-toques-hdmi-display-port-75hz-bocina-interna-3-aos-de-garantia\/#breadcrumb","itemListElement":[{"@type":"ListItem","position":1,"name":"Inicio","item":"https:\/\/compuviper.mx\/tienda\/"},{"@type":"ListItem","position":2,"name":"Productos","item":"https:\/\/compuviper.mx\/tienda\/productos\/"},{"@type":"ListItem","position":3,"name":"Monitores","item":"https:\/\/compuviper.mx\/tienda\/categoria-producto\/monitores\/"},{"@type":"ListItem","position":4,"name":"Touch Screen","item":"https:\/\/compuviper.mx\/tienda\/categoria-producto\/monitores\/touch-screen\/"},{"@type":"ListItem","position":5,"name":"Viewsonic Td3207 Monitor Touch Led \/ Uso Profesional 24 Horas 7 Dias \/ 31.5 Pulgadas\/ Fullhd \/ 1920&#215;1080\/ Mva \/ 10 Toques \/ Hdmi \/ Display Port \/ 75hz \/bocina Interna\/ 3 A?os De Garantia"}]},{"@type":"WebSite","@id":"https:\/\/compuviper.mx\/tienda\/#website","url":"https:\/\/compuviper.mx\/tienda\/","name":"Compuviper","description":"Proveedor de Computadoras, Laptops, Servidores, Monitores, Puntos de Venta, Teclados,   Impresoras, T\u00f3ner, C\u00e1maras de Seguridad y m\u00e1s en tu tienda en l\u00ednea","publisher":{"@id":"https:\/\/compuviper.mx\/tienda\/#organization"},"potentialAction":[{"@type":"SearchAction","target":{"@type":"EntryPoint","urlTemplate":"https:\/\/compuviper.mx\/tienda\/?s={search_term_string}"},"query-input":"required name=search_term_string"}],"inLanguage":"es-MX"},{"@type":"Organization","@id":"https:\/\/compuviper.mx\/tienda\/#organization","name":"Compuviper","url":"https:\/\/compuviper.mx\/tienda\/","logo":{"@type":"ImageObject","inLanguage":"es-MX","@id":"https:\/\/compuviper.mx\/tienda\/#\/schema\/logo\/image\/","url":"https:\/\/compuviper.mx\/tienda\/wp-content\/uploads\/2021\/08\/Logo-Compuviper-10.png","contentUrl":"https:\/\/compuviper.mx\/tienda\/wp-content\/uploads\/2021\/08\/Logo-Compuviper-10.png","width":1000,"height":500,"caption":"Compuviper"},"image":{"@id":"https:\/\/compuviper.mx\/tienda\/#\/schema\/logo\/image\/"},"sameAs":["https:\/\/www.facebook.com\/compuviper","https:\/\/www.youtube.com\/channel\/UCf73dERp9Y3cfOq7q8BhLjA?view_as=subscriber"]}]},"product_brand":"VIEWSONIC","product_price_amount":"18877","product_price_currency":"MXN","og_availability":"instock","product_availability":"instock","product_retailer_item_id":"TD3207","product_condition":"new"},"_links":{"self":[{"href":"https:\/\/compuviper.mx\/tienda\/wp-json\/wp\/v2\/product\/236115"}],"collection":[{"href":"https:\/\/compuviper.mx\/tienda\/wp-json\/wp\/v2\/product"}],"about":[{"href":"https:\/\/compuviper.mx\/tienda\/wp-json\/wp\/v2\/types\/product"}],"replies":[{"embeddable":true,"href":"https:\/\/compuviper.mx\/tienda\/wp-json\/wp\/v2\/comments?post=236115"}],"wp:featuredmedia":[{"embeddable":true,"href":"https:\/\/compuviper.mx\/tienda\/wp-json\/wp\/v2\/media\/242753"}],"wp:attachment":[{"href":"https:\/\/compuviper.mx\/tienda\/wp-json\/wp\/v2\/media?parent=236115"}],"wp:term":[{"taxonomy":"product_cat","embeddable":true,"href":"https:\/\/compuviper.mx\/tienda\/wp-json\/wp\/v2\/product_cat?post=236115"},{"taxonomy":"product_tag","embeddable":true,"href":"https:\/\/compuviper.mx\/tienda\/wp-json\/wp\/v2\/product_tag?post=236115"}],"curies":[{"name":"wp","href":"https:\/\/api.w.org\/{rel}","templated":true}]}}