{"id":236092,"date":"2026-04-23T00:14:23","date_gmt":"2026-04-23T06:14:23","guid":{"rendered":"https:\/\/compuviper.mx\/tienda\/producto\/dahua-dh-hac-hfw1200cln-il-a-camara-analoga-hac-hfw1200cln-il-a-bullet-de-2-mp-iluminacin-dual-inteligente-fullcolor-lente-de-2-8mm-102-grados-de-apertura-20mts-de-ir-y-luz-ir-micrfono-integ\/"},"modified":"2026-04-23T00:14:24","modified_gmt":"2026-04-23T06:14:24","slug":"dahua-dh-hac-hfw1200cln-il-a-camara-analoga-hac-hfw1200cln-il-a-bullet-de-2-mp-iluminacin-dual-inteligente-fullcolor-lente-de-2-8mm-102-grados-de-apertura-20mts-de-ir-y-luz-ir-micrfono-integrado","status":"publish","type":"product","link":"https:\/\/compuviper.mx\/tienda\/producto\/dahua-dh-hac-hfw1200cln-il-a-camara-analoga-hac-hfw1200cln-il-a-bullet-de-2-mp-iluminacin-dual-inteligente-fullcolor-lente-de-2-8mm-102-grados-de-apertura-20mts-de-ir-y-luz-ir-micrfono-integrado\/","title":{"rendered":"Dahua Dh-hac-hfw1200cln-il-a Camara Analoga\/\/hac-hfw1200cln-il-a\/bullet De 2 Mp\/ Iluminacin Dual Inteligente Fullcolor\/ Lente De 2.8mm\/ 102 Grados De Apertura\/ 20mts De Ir Y Luz Ir\/ Micrfono Integrado\/ Ip67\/cvi\/cvba\/ahd"},"content":{"rendered":"<table class=\"descripcion\">\n<tr>\n<td>Caracter\u00edsticas principales<\/td>\n<\/tr>\n<tr>\n<td>\u0095 m\u00e1x. 30fps @1080p .<\/td>\n<\/tr>\n<tr>\n<td>\u0095 nr 3d.<\/td>\n<\/tr>\n<tr>\n<td>\u0095 luz dual inteligente.<\/td>\n<\/tr>\n<tr>\n<td>\u0095 distancia de iluminaci\u00f3n de 20 m.<\/td>\n<\/tr>\n<tr>\n<td>\u0095 s\u00faper adaptaci\u00f3n.<\/td>\n<\/tr>\n<tr>\n<td>\u0095 micr\u00f3fono incorporado.<\/td>\n<\/tr>\n<tr>\n<td>\u0095 lente fija de 3,6 mm (2,8 mm opcional).<\/td>\n<\/tr>\n<tr>\n<td>\u0095 cvi\/cvbs\/ahd\/tvi conmutable.<\/td>\n<\/tr>\n<tr>\n<td>\u0095 ip67, 12 vdc.<\/td>\n<\/tr>\n<tr>\n<td>Especificaciones t\u00e9cnicas<\/td>\n<\/tr>\n<tr>\n<td>\u0095 sensor de imagen: 2 mp<\/td>\n<\/tr>\n<tr>\n<td>\u0095 m\u00e1x. resoluci\u00f3n: 1920 (h) \u00d7 1080 (v)<\/td>\n<\/tr>\n<tr>\n<td>\u0095 sistema de escaneo progresivo<\/td>\n<\/tr>\n<tr>\n<td>\u0095 velocidad de obturaci\u00f3n: pal: 1\/25 s\u00961\/100000 s ntsc: 1\/30 s\u00961\/100000 s<\/td>\n<\/tr>\n<\/table>\n","protected":false},"excerpt":{"rendered":"<p>Informaci\u00f3n general. La serie lite es una excelente opci\u00f3n para los consumidores que buscan productos de monitoreo de alta calidad a un precio razonable. Su bajo costo y alto rendimiento lo hacen ideal para \u00e1reas residenciales y soluciones para pymes. Esta serie est\u00e1 equipada con una amplia gama de tecnolog\u00edas, como full-color y starlight, brindando diversas soluciones para diferentes escenarios. Protecci\u00f3n (ip67, amplio voltaje. Ip67: la c\u00e1mara super\u00f3 una serie de rigurosas pruebas de polvo e inmersi\u00f3n. Su carcasa es a prueba de polvo e impermeable, y puede funcionar normalmente mientras se sumerge en agua a 1 m de profundidad durante un m\u00e1ximo de 30 minutos. Amplio voltaje: la c\u00e1mara tiene una tolerancia de voltaje de entrada de \u00b130 % (para algunas fuentes de alimentaci\u00f3n) y un amplio rango de voltaje, lo que la hace adecuada para una variedad de escenarios al aire libre. 3d nr avanzado. La tecnolog\u00eda avanzada 3dnr de dahua reduce el ruido de la imagen con poco o ning\u00fan impacto en la nitidez de la imagen, especialmente en condiciones de poca luz. Detecta el ruido y compara los cuadros secuenciales para reducir el ruido de manera efectiva. Tambi\u00e9n hace un uso eficiente del ancho de banda, ahorrando espacio de almacenamiento.<\/p>\n","protected":false},"featured_media":242464,"comment_status":"open","ping_status":"open","template":"","meta":[],"product_cat":[1608,1681],"product_tag":[1555],"acf":[],"yoast_head":"<!-- This site is optimized with the Yoast SEO plugin v21.7 - https:\/\/yoast.com\/wordpress\/plugins\/seo\/ -->\n<title>[ Dahua ] &#129351; Dh-hac-hfw1200cln-il-a Camara Analoga\/\/hac-hfw1200cln-il-a\/bullet De 2 Mp\/ Iluminacin Dual Inteligente Fullcolor\/ Lente De 2.8mm\/ 102 Grados De Apertura\/ 20mts De Ir Y Luz Ir\/ Micrfono Integrado\/ Ip67\/cvi\/cvba\/ahd<\/title>\n<meta name=\"description\" content=\"Compra Dh-hac-hfw1200cln-il-a Camara Analoga\/\/hac-hfw1200cln-il-a\/bullet De 2 Mp\/ Iluminacin Dual Inteligente Fullcolor\/ Lente De 2.8mm\/ 102 Grados De Apertura\/ 20mts De Ir Y Luz Ir\/ Micrfono Integrado\/ Ip67\/cvi\/cvba\/ahd + Env\u00edo a domicilio + Pago seguro + Garant\u00eda\" \/>\n<meta name=\"robots\" content=\"index, follow, max-snippet:-1, max-image-preview:large, max-video-preview:-1\" \/>\n<link rel=\"canonical\" href=\"https:\/\/compuviper.mx\/tienda\/producto\/dahua-dh-hac-hfw1200cln-il-a-camara-analoga-hac-hfw1200cln-il-a-bullet-de-2-mp-iluminacin-dual-inteligente-fullcolor-lente-de-2-8mm-102-grados-de-apertura-20mts-de-ir-y-luz-ir-micrfono-integrado\/\" \/>\n<meta property=\"og:locale\" content=\"es_MX\" \/>\n<meta property=\"og:type\" content=\"article\" \/>\n<meta property=\"og:title\" content=\"[ Dahua ] &#129351; Dh-hac-hfw1200cln-il-a Camara Analoga\/\/hac-hfw1200cln-il-a\/bullet De 2 Mp\/ Iluminacin Dual Inteligente Fullcolor\/ Lente De 2.8mm\/ 102 Grados De Apertura\/ 20mts De Ir Y Luz Ir\/ Micrfono Integrado\/ Ip67\/cvi\/cvba\/ahd\" \/>\n<meta property=\"og:description\" content=\"Compra Dh-hac-hfw1200cln-il-a Camara Analoga\/\/hac-hfw1200cln-il-a\/bullet De 2 Mp\/ Iluminacin Dual Inteligente Fullcolor\/ Lente De 2.8mm\/ 102 Grados De Apertura\/ 20mts De Ir Y Luz Ir\/ Micrfono Integrado\/ Ip67\/cvi\/cvba\/ahd + Env\u00edo a domicilio + Pago seguro + Garant\u00eda\" \/>\n<meta property=\"og:url\" content=\"https:\/\/compuviper.mx\/tienda\/producto\/dahua-dh-hac-hfw1200cln-il-a-camara-analoga-hac-hfw1200cln-il-a-bullet-de-2-mp-iluminacin-dual-inteligente-fullcolor-lente-de-2-8mm-102-grados-de-apertura-20mts-de-ir-y-luz-ir-micrfono-integrado\/\" \/>\n<meta property=\"og:site_name\" content=\"Compuviper\" \/>\n<meta property=\"article:publisher\" content=\"https:\/\/www.facebook.com\/compuviper\" \/>\n<meta property=\"article:modified_time\" content=\"2026-04-23T06:14:24+00:00\" \/>\n<meta property=\"og:image\" content=\"https:\/\/compuviper.mx\/tienda\/wp-content\/uploads\/2024\/09\/Camara-analogadahuahac-hfw1200cln-il-abullet-de-2-mp-iluminacion-dual-inteligente-fullcolor-lente-de-2.8mm-102-grados-de-apertura-20mts-de-ir-y-luz-ir-microfono-integrado-ip67cvicvbaahd.jpg\" \/>\n\t<meta property=\"og:image:width\" content=\"200\" \/>\n\t<meta property=\"og:image:height\" content=\"200\" \/>\n\t<meta property=\"og:image:type\" content=\"image\/jpeg\" \/>\n<meta name=\"twitter:card\" content=\"summary_large_image\" \/>\n<meta name=\"twitter:label1\" content=\"Precio\" \/>\n\t<meta name=\"twitter:data1\" content=\"&#36;428 con IVA\" \/>\n\t<meta name=\"twitter:label2\" content=\"Availability\" \/>\n\t<meta name=\"twitter:data2\" content=\"Out of stock\" \/>\n<script type=\"application\/ld+json\" class=\"yoast-schema-graph\">{\"@context\":\"https:\/\/schema.org\",\"@graph\":[{\"@type\":\"WebPage\",\"@id\":\"https:\/\/compuviper.mx\/tienda\/producto\/dahua-dh-hac-hfw1200cln-il-a-camara-analoga-hac-hfw1200cln-il-a-bullet-de-2-mp-iluminacin-dual-inteligente-fullcolor-lente-de-2-8mm-102-grados-de-apertura-20mts-de-ir-y-luz-ir-micrfono-integrado\/\",\"url\":\"https:\/\/compuviper.mx\/tienda\/producto\/dahua-dh-hac-hfw1200cln-il-a-camara-analoga-hac-hfw1200cln-il-a-bullet-de-2-mp-iluminacin-dual-inteligente-fullcolor-lente-de-2-8mm-102-grados-de-apertura-20mts-de-ir-y-luz-ir-micrfono-integrado\/\",\"name\":\"[ Dahua ] &#129351; Dh-hac-hfw1200cln-il-a Camara Analoga\/\/hac-hfw1200cln-il-a\/bullet De 2 Mp\/ Iluminacin Dual Inteligente Fullcolor\/ Lente De 2.8mm\/ 102 Grados De Apertura\/ 20mts De Ir Y Luz Ir\/ Micrfono Integrado\/ Ip67\/cvi\/cvba\/ahd\",\"isPartOf\":{\"@id\":\"https:\/\/compuviper.mx\/tienda\/#website\"},\"datePublished\":\"2026-04-23T06:14:23+00:00\",\"dateModified\":\"2026-04-23T06:14:24+00:00\",\"description\":\"Compra Dh-hac-hfw1200cln-il-a Camara Analoga\/\/hac-hfw1200cln-il-a\/bullet De 2 Mp\/ Iluminacin Dual Inteligente Fullcolor\/ Lente De 2.8mm\/ 102 Grados De Apertura\/ 20mts De Ir Y Luz Ir\/ Micrfono Integrado\/ Ip67\/cvi\/cvba\/ahd + Env\u00edo a domicilio + Pago seguro + Garant\u00eda\",\"breadcrumb\":{\"@id\":\"https:\/\/compuviper.mx\/tienda\/producto\/dahua-dh-hac-hfw1200cln-il-a-camara-analoga-hac-hfw1200cln-il-a-bullet-de-2-mp-iluminacin-dual-inteligente-fullcolor-lente-de-2-8mm-102-grados-de-apertura-20mts-de-ir-y-luz-ir-micrfono-integrado\/#breadcrumb\"},\"inLanguage\":\"es-MX\",\"potentialAction\":[{\"@type\":\"ReadAction\",\"target\":[\"https:\/\/compuviper.mx\/tienda\/producto\/dahua-dh-hac-hfw1200cln-il-a-camara-analoga-hac-hfw1200cln-il-a-bullet-de-2-mp-iluminacin-dual-inteligente-fullcolor-lente-de-2-8mm-102-grados-de-apertura-20mts-de-ir-y-luz-ir-micrfono-integrado\/\"]}]},{\"@type\":\"BreadcrumbList\",\"@id\":\"https:\/\/compuviper.mx\/tienda\/producto\/dahua-dh-hac-hfw1200cln-il-a-camara-analoga-hac-hfw1200cln-il-a-bullet-de-2-mp-iluminacin-dual-inteligente-fullcolor-lente-de-2-8mm-102-grados-de-apertura-20mts-de-ir-y-luz-ir-micrfono-integrado\/#breadcrumb\",\"itemListElement\":[{\"@type\":\"ListItem\",\"position\":1,\"name\":\"Inicio\",\"item\":\"https:\/\/compuviper.mx\/tienda\/\"},{\"@type\":\"ListItem\",\"position\":2,\"name\":\"Productos\",\"item\":\"https:\/\/compuviper.mx\/tienda\/productos\/\"},{\"@type\":\"ListItem\",\"position\":3,\"name\":\"Camaras\",\"item\":\"https:\/\/compuviper.mx\/tienda\/categoria-producto\/camaras-2\/\"},{\"@type\":\"ListItem\",\"position\":4,\"name\":\"Camara De Videovigilancia\",\"item\":\"https:\/\/compuviper.mx\/tienda\/categoria-producto\/camaras-2\/camara-de-videovigilancia\/\"},{\"@type\":\"ListItem\",\"position\":5,\"name\":\"Dahua Dh-hac-hfw1200cln-il-a Camara Analoga\/\/hac-hfw1200cln-il-a\/bullet De 2 Mp\/ Iluminacin Dual Inteligente Fullcolor\/ Lente De 2.8mm\/ 102 Grados De Apertura\/ 20mts De Ir Y Luz Ir\/ Micrfono Integrado\/ Ip67\/cvi\/cvba\/ahd\"}]},{\"@type\":\"WebSite\",\"@id\":\"https:\/\/compuviper.mx\/tienda\/#website\",\"url\":\"https:\/\/compuviper.mx\/tienda\/\",\"name\":\"Compuviper\",\"description\":\"Proveedor de Computadoras, Laptops, Servidores, Monitores, Puntos de Venta, Teclados,   Impresoras, T\u00f3ner, C\u00e1maras de Seguridad y m\u00e1s en tu tienda en l\u00ednea\",\"publisher\":{\"@id\":\"https:\/\/compuviper.mx\/tienda\/#organization\"},\"potentialAction\":[{\"@type\":\"SearchAction\",\"target\":{\"@type\":\"EntryPoint\",\"urlTemplate\":\"https:\/\/compuviper.mx\/tienda\/?s={search_term_string}\"},\"query-input\":\"required name=search_term_string\"}],\"inLanguage\":\"es-MX\"},{\"@type\":\"Organization\",\"@id\":\"https:\/\/compuviper.mx\/tienda\/#organization\",\"name\":\"Compuviper\",\"url\":\"https:\/\/compuviper.mx\/tienda\/\",\"logo\":{\"@type\":\"ImageObject\",\"inLanguage\":\"es-MX\",\"@id\":\"https:\/\/compuviper.mx\/tienda\/#\/schema\/logo\/image\/\",\"url\":\"https:\/\/compuviper.mx\/tienda\/wp-content\/uploads\/2021\/08\/Logo-Compuviper-10.png\",\"contentUrl\":\"https:\/\/compuviper.mx\/tienda\/wp-content\/uploads\/2021\/08\/Logo-Compuviper-10.png\",\"width\":1000,\"height\":500,\"caption\":\"Compuviper\"},\"image\":{\"@id\":\"https:\/\/compuviper.mx\/tienda\/#\/schema\/logo\/image\/\"},\"sameAs\":[\"https:\/\/www.facebook.com\/compuviper\",\"https:\/\/www.youtube.com\/channel\/UCf73dERp9Y3cfOq7q8BhLjA?view_as=subscriber\"]}]}<\/script>\n<meta property=\"product:brand\" content=\"DAHUA\" \/>\n<meta property=\"product:price:amount\" content=\"428\" \/>\n<meta property=\"product:price:currency\" content=\"MXN\" \/>\n<meta property=\"og:availability\" content=\"out of stock\" \/>\n<meta property=\"product:availability\" content=\"out of stock\" \/>\n<meta property=\"product:retailer_item_id\" content=\"DH-HAC-HFW1200CLN-IL-A\" \/>\n<meta property=\"product:condition\" content=\"new\" \/>\n<!-- \/ Yoast SEO plugin. -->","yoast_head_json":{"title":"[ Dahua ] &#129351; Dh-hac-hfw1200cln-il-a Camara Analoga\/\/hac-hfw1200cln-il-a\/bullet De 2 Mp\/ Iluminacin Dual Inteligente Fullcolor\/ Lente De 2.8mm\/ 102 Grados De Apertura\/ 20mts De Ir Y Luz Ir\/ Micrfono Integrado\/ Ip67\/cvi\/cvba\/ahd","description":"Compra Dh-hac-hfw1200cln-il-a Camara Analoga\/\/hac-hfw1200cln-il-a\/bullet De 2 Mp\/ Iluminacin Dual Inteligente Fullcolor\/ Lente De 2.8mm\/ 102 Grados De Apertura\/ 20mts De Ir Y Luz Ir\/ Micrfono Integrado\/ Ip67\/cvi\/cvba\/ahd + Env\u00edo a domicilio + Pago seguro + Garant\u00eda","robots":{"index":"index","follow":"follow","max-snippet":"max-snippet:-1","max-image-preview":"max-image-preview:large","max-video-preview":"max-video-preview:-1"},"canonical":"https:\/\/compuviper.mx\/tienda\/producto\/dahua-dh-hac-hfw1200cln-il-a-camara-analoga-hac-hfw1200cln-il-a-bullet-de-2-mp-iluminacin-dual-inteligente-fullcolor-lente-de-2-8mm-102-grados-de-apertura-20mts-de-ir-y-luz-ir-micrfono-integrado\/","og_locale":"es_MX","og_type":"article","og_title":"[ Dahua ] &#129351; Dh-hac-hfw1200cln-il-a Camara Analoga\/\/hac-hfw1200cln-il-a\/bullet De 2 Mp\/ Iluminacin Dual Inteligente Fullcolor\/ Lente De 2.8mm\/ 102 Grados De Apertura\/ 20mts De Ir Y Luz Ir\/ Micrfono Integrado\/ Ip67\/cvi\/cvba\/ahd","og_description":"Compra Dh-hac-hfw1200cln-il-a Camara Analoga\/\/hac-hfw1200cln-il-a\/bullet De 2 Mp\/ Iluminacin Dual Inteligente Fullcolor\/ Lente De 2.8mm\/ 102 Grados De Apertura\/ 20mts De Ir Y Luz Ir\/ Micrfono Integrado\/ Ip67\/cvi\/cvba\/ahd + Env\u00edo a domicilio + Pago seguro + Garant\u00eda","og_url":"https:\/\/compuviper.mx\/tienda\/producto\/dahua-dh-hac-hfw1200cln-il-a-camara-analoga-hac-hfw1200cln-il-a-bullet-de-2-mp-iluminacin-dual-inteligente-fullcolor-lente-de-2-8mm-102-grados-de-apertura-20mts-de-ir-y-luz-ir-micrfono-integrado\/","og_site_name":"Compuviper","article_publisher":"https:\/\/www.facebook.com\/compuviper","article_modified_time":"2026-04-23T06:14:24+00:00","og_image":[{"width":200,"height":200,"url":"https:\/\/compuviper.mx\/tienda\/wp-content\/uploads\/2024\/09\/Camara-analogadahuahac-hfw1200cln-il-abullet-de-2-mp-iluminacion-dual-inteligente-fullcolor-lente-de-2.8mm-102-grados-de-apertura-20mts-de-ir-y-luz-ir-microfono-integrado-ip67cvicvbaahd.jpg","type":"image\/jpeg"}],"twitter_card":"summary_large_image","twitter_misc":{"Precio":"&#36;428 con IVA","Availability":"Out of stock"},"schema":{"@context":"https:\/\/schema.org","@graph":[{"@type":"WebPage","@id":"https:\/\/compuviper.mx\/tienda\/producto\/dahua-dh-hac-hfw1200cln-il-a-camara-analoga-hac-hfw1200cln-il-a-bullet-de-2-mp-iluminacin-dual-inteligente-fullcolor-lente-de-2-8mm-102-grados-de-apertura-20mts-de-ir-y-luz-ir-micrfono-integrado\/","url":"https:\/\/compuviper.mx\/tienda\/producto\/dahua-dh-hac-hfw1200cln-il-a-camara-analoga-hac-hfw1200cln-il-a-bullet-de-2-mp-iluminacin-dual-inteligente-fullcolor-lente-de-2-8mm-102-grados-de-apertura-20mts-de-ir-y-luz-ir-micrfono-integrado\/","name":"[ Dahua ] &#129351; Dh-hac-hfw1200cln-il-a Camara Analoga\/\/hac-hfw1200cln-il-a\/bullet De 2 Mp\/ Iluminacin Dual Inteligente Fullcolor\/ Lente De 2.8mm\/ 102 Grados De Apertura\/ 20mts De Ir Y Luz Ir\/ Micrfono Integrado\/ Ip67\/cvi\/cvba\/ahd","isPartOf":{"@id":"https:\/\/compuviper.mx\/tienda\/#website"},"datePublished":"2026-04-23T06:14:23+00:00","dateModified":"2026-04-23T06:14:24+00:00","description":"Compra Dh-hac-hfw1200cln-il-a Camara Analoga\/\/hac-hfw1200cln-il-a\/bullet De 2 Mp\/ Iluminacin Dual Inteligente Fullcolor\/ Lente De 2.8mm\/ 102 Grados De Apertura\/ 20mts De Ir Y Luz Ir\/ Micrfono Integrado\/ Ip67\/cvi\/cvba\/ahd + Env\u00edo a domicilio + Pago seguro + Garant\u00eda","breadcrumb":{"@id":"https:\/\/compuviper.mx\/tienda\/producto\/dahua-dh-hac-hfw1200cln-il-a-camara-analoga-hac-hfw1200cln-il-a-bullet-de-2-mp-iluminacin-dual-inteligente-fullcolor-lente-de-2-8mm-102-grados-de-apertura-20mts-de-ir-y-luz-ir-micrfono-integrado\/#breadcrumb"},"inLanguage":"es-MX","potentialAction":[{"@type":"ReadAction","target":["https:\/\/compuviper.mx\/tienda\/producto\/dahua-dh-hac-hfw1200cln-il-a-camara-analoga-hac-hfw1200cln-il-a-bullet-de-2-mp-iluminacin-dual-inteligente-fullcolor-lente-de-2-8mm-102-grados-de-apertura-20mts-de-ir-y-luz-ir-micrfono-integrado\/"]}]},{"@type":"BreadcrumbList","@id":"https:\/\/compuviper.mx\/tienda\/producto\/dahua-dh-hac-hfw1200cln-il-a-camara-analoga-hac-hfw1200cln-il-a-bullet-de-2-mp-iluminacin-dual-inteligente-fullcolor-lente-de-2-8mm-102-grados-de-apertura-20mts-de-ir-y-luz-ir-micrfono-integrado\/#breadcrumb","itemListElement":[{"@type":"ListItem","position":1,"name":"Inicio","item":"https:\/\/compuviper.mx\/tienda\/"},{"@type":"ListItem","position":2,"name":"Productos","item":"https:\/\/compuviper.mx\/tienda\/productos\/"},{"@type":"ListItem","position":3,"name":"Camaras","item":"https:\/\/compuviper.mx\/tienda\/categoria-producto\/camaras-2\/"},{"@type":"ListItem","position":4,"name":"Camara De Videovigilancia","item":"https:\/\/compuviper.mx\/tienda\/categoria-producto\/camaras-2\/camara-de-videovigilancia\/"},{"@type":"ListItem","position":5,"name":"Dahua Dh-hac-hfw1200cln-il-a Camara Analoga\/\/hac-hfw1200cln-il-a\/bullet De 2 Mp\/ Iluminacin Dual Inteligente Fullcolor\/ Lente De 2.8mm\/ 102 Grados De Apertura\/ 20mts De Ir Y Luz Ir\/ Micrfono Integrado\/ Ip67\/cvi\/cvba\/ahd"}]},{"@type":"WebSite","@id":"https:\/\/compuviper.mx\/tienda\/#website","url":"https:\/\/compuviper.mx\/tienda\/","name":"Compuviper","description":"Proveedor de Computadoras, Laptops, Servidores, Monitores, Puntos de Venta, Teclados,   Impresoras, T\u00f3ner, C\u00e1maras de Seguridad y m\u00e1s en tu tienda en l\u00ednea","publisher":{"@id":"https:\/\/compuviper.mx\/tienda\/#organization"},"potentialAction":[{"@type":"SearchAction","target":{"@type":"EntryPoint","urlTemplate":"https:\/\/compuviper.mx\/tienda\/?s={search_term_string}"},"query-input":"required name=search_term_string"}],"inLanguage":"es-MX"},{"@type":"Organization","@id":"https:\/\/compuviper.mx\/tienda\/#organization","name":"Compuviper","url":"https:\/\/compuviper.mx\/tienda\/","logo":{"@type":"ImageObject","inLanguage":"es-MX","@id":"https:\/\/compuviper.mx\/tienda\/#\/schema\/logo\/image\/","url":"https:\/\/compuviper.mx\/tienda\/wp-content\/uploads\/2021\/08\/Logo-Compuviper-10.png","contentUrl":"https:\/\/compuviper.mx\/tienda\/wp-content\/uploads\/2021\/08\/Logo-Compuviper-10.png","width":1000,"height":500,"caption":"Compuviper"},"image":{"@id":"https:\/\/compuviper.mx\/tienda\/#\/schema\/logo\/image\/"},"sameAs":["https:\/\/www.facebook.com\/compuviper","https:\/\/www.youtube.com\/channel\/UCf73dERp9Y3cfOq7q8BhLjA?view_as=subscriber"]}]},"product_brand":"DAHUA","product_price_amount":"428","product_price_currency":"MXN","og_availability":"out of stock","product_availability":"out of stock","product_retailer_item_id":"DH-HAC-HFW1200CLN-IL-A","product_condition":"new"},"_links":{"self":[{"href":"https:\/\/compuviper.mx\/tienda\/wp-json\/wp\/v2\/product\/236092"}],"collection":[{"href":"https:\/\/compuviper.mx\/tienda\/wp-json\/wp\/v2\/product"}],"about":[{"href":"https:\/\/compuviper.mx\/tienda\/wp-json\/wp\/v2\/types\/product"}],"replies":[{"embeddable":true,"href":"https:\/\/compuviper.mx\/tienda\/wp-json\/wp\/v2\/comments?post=236092"}],"wp:featuredmedia":[{"embeddable":true,"href":"https:\/\/compuviper.mx\/tienda\/wp-json\/wp\/v2\/media\/242464"}],"wp:attachment":[{"href":"https:\/\/compuviper.mx\/tienda\/wp-json\/wp\/v2\/media?parent=236092"}],"wp:term":[{"taxonomy":"product_cat","embeddable":true,"href":"https:\/\/compuviper.mx\/tienda\/wp-json\/wp\/v2\/product_cat?post=236092"},{"taxonomy":"product_tag","embeddable":true,"href":"https:\/\/compuviper.mx\/tienda\/wp-json\/wp\/v2\/product_tag?post=236092"}],"curies":[{"name":"wp","href":"https:\/\/api.w.org\/{rel}","templated":true}]}}