{"id":236085,"date":"2026-04-23T00:14:21","date_gmt":"2026-04-23T06:14:21","guid":{"rendered":"https:\/\/compuviper.mx\/tienda\/producto\/dahua-dh-hac-hdw1801tqn-a-camara-analoga-hd-hac-hdw1801tqn-a-domo-4k-8-mp-con-microfono-integrado-lente-de-2-8mm-106-de-apertura-ir-de-40-metros-super-adapt-instalacion-rapida-wdr-real-de-12\/"},"modified":"2026-04-23T00:14:21","modified_gmt":"2026-04-23T06:14:21","slug":"dahua-dh-hac-hdw1801tqn-a-camara-analoga-hd-hac-hdw1801tqn-a-domo-4k-8-mp-con-microfono-integrado-lente-de-2-8mm-106-de-apertura-ir-de-40-metros-super-adapt-instalacion-rapida-wdr-real-de-120","status":"publish","type":"product","link":"https:\/\/compuviper.mx\/tienda\/producto\/dahua-dh-hac-hdw1801tqn-a-camara-analoga-hd-hac-hdw1801tqn-a-domo-4k-8-mp-con-microfono-integrado-lente-de-2-8mm-106-de-apertura-ir-de-40-metros-super-adapt-instalacion-rapida-wdr-real-de-120\/","title":{"rendered":"Dahua Dh-hac-hdw1801tqn-a Camara Analoga Hd\/ \/hac-hdw1801tqn-a\/domo 4k\/ 8 Mp Con Microfono Integrado\/ Lente De 2.8mm\/ 106 De Apertura\/ Ir De 40 Metros\/ Super Adapt\/ Instalacion Rapida\/ Wdr Real De 120 Db\/ Ip67"},"content":{"rendered":"<table class=\"descripcion\">\n<tr>\n<td>Caracter\u00edsticas principales<\/td>\n<\/tr>\n<tr>\n<td>\u0095 m\u00e1x. 15 fps a 4k.<\/td>\n<\/tr>\n<tr>\n<td>\u0095 wdr real de 120 db, 3d nr.<\/td>\n<\/tr>\n<tr>\n<td>\u0095 iluminaci\u00f3n ir inteligente.<\/td>\n<\/tr>\n<tr>\n<td>\u0095 distancia de iluminaci\u00f3n de 40 m.<\/td>\n<\/tr>\n<tr>\n<td>\u0095 s\u00faper adaptado<\/td>\n<\/tr>\n<tr>\n<td>\u0095 mic incorporado (-a).<\/td>\n<\/tr>\n<tr>\n<td>\u0095 el globo ocular de instalaci\u00f3n r\u00e1pida ahorra tiempo de instalaci\u00f3n<\/td>\n<\/tr>\n<tr>\n<td>\u0095 lente 2.8 mm<\/td>\n<\/tr>\n<tr>\n<td>\u0095 cvi\/cvbs\/ahd\/tvi conmutable.<\/td>\n<\/tr>\n<tr>\n<td>\u0095 ip67, 12 v cc.<\/td>\n<\/tr>\n<tr>\n<td>Especificaciones t\u00e9cnicas<\/td>\n<\/tr>\n<tr>\n<td>\u0095 8 mp<\/td>\n<\/tr>\n<tr>\n<td>\u0095 cmos 4k<\/td>\n<\/tr>\n<tr>\n<td>\u0095 m\u00e1x. resoluci\u00f3n 3840 (h) x 2160 (v)<\/td>\n<\/tr>\n<tr>\n<td>\u0095 sistema de escaneo progresivo<\/td>\n<\/tr>\n<tr>\n<td>\u0095 velocidad de obturaci\u00f3n electr\u00f3nica: pal: 1\/25 s\u00961\/100000 s ntsc: 1\/30 s\u00961\/100000s<\/td>\n<\/tr>\n<tr>\n<td>\u0095 m\u00edn. iluminaci\u00f3n: 0,01 lux a f2,0 (color, 30 ire) 0,001 lux a f2,0 (b\/n, 30 ire) 0 lux (iluminador encendido)<\/td>\n<\/tr>\n<tr>\n<td>\u0095 relaci\u00f3n se\u00f1al\/ruido  65 db<\/td>\n<\/tr>\n<tr>\n<td>\u0095 distancia de iluminaci\u00f3n 40 m (131,23 pies)<\/td>\n<\/tr>\n<\/table>\n","protected":false},"excerpt":{"rendered":"<p>Informaci\u00f3n general. La serie lite es una excelente opci\u00f3n para los consumidores que buscan productos de monitoreo de alta calidad a un precio razonable. Su bajo costo y alto rendimiento lo hacen ideal para \u00e1reas residenciales y soluciones para pymes. Esta serie est\u00e1 equipada con una amplia gama de tecnolog\u00edas, como full-color y starlight, brindando diversas soluciones para diferentes escenarios. 3d nr avanzado. La tecnolog\u00eda avanzada 3dnr de dahua reduce el ruido de la imagen con poco o ning\u00fan impacto en la nitidez de la imagen, especialmente en condiciones de poca luz. Detecta el ruido y compara los cuadros secuenciales para reducir el ruido de manera efectiva. Tambi\u00e9n hace un uso eficiente del ancho de banda, ahorrando espacio de almacenamiento. Iluminaci\u00f3n ir inteligente. Con su iluminaci\u00f3n ir, la c\u00e1mara proporciona un rendimiento \u00f3ptimo en condiciones de poca luz, asegurando la uniformidad en el brillo de las im\u00e1genes en blanco y negro. A trav\u00e9s de su tecnolog\u00eda ir inteligente, la c\u00e1mara tambi\u00e9n compensa la distancia de los objetivos ajustando la intensidad de sus led ir, evitando la sobreexposici\u00f3n de las im\u00e1genes a medida que los objetivos se acercan a la c\u00e1mara. 4 se\u00f1ales sobre 1 cable coaxial. La tecnolog\u00eda hdcvi admite 4 se\u00f1ales (video, audio*, datos y alimentaci\u00f3n) que se transmiten simult\u00e1neamente a trav\u00e9s de un cable coaxial. La transmisi\u00f3n de datos bidireccional permite que la c\u00e1mara hdcvi interact\u00fae con el xvr para realizar diversas acciones, como enviar se\u00f1ales de control y activar alarmas. La tecnolog\u00eda hdcvi tambi\u00e9n es compatible con poc, lo que hace que la c\u00e1mara sea f\u00e1cil y r\u00e1pida de instalar. Protecci\u00f3n (ip67, amplio voltaje. Ip67: la c\u00e1mara super\u00f3 una serie de rigurosas pruebas de polvo e inmersi\u00f3n. Su carcasa es a prueba de polvo e impermeable, y puede funcionar normalmente mientras se sumerge en agua a 1 m de profundidad durante un m\u00e1ximo de 30 minutos. Amplio voltaje: la c\u00e1mara tiene una tolerancia de voltaje de entrada de \u00b130 % (para algunas fuentes de alimentaci\u00f3n) y un amplio rango de voltaje, lo que la hace adecuada para una variedad de escenarios al aire libre.<\/p>\n","protected":false},"featured_media":242457,"comment_status":"open","ping_status":"open","template":"","meta":[],"product_cat":[1681,1608],"product_tag":[1555],"acf":[],"yoast_head":"<!-- This site is optimized with the Yoast SEO plugin v21.7 - https:\/\/yoast.com\/wordpress\/plugins\/seo\/ -->\n<title>[ Dahua ] &#129351; Dh-hac-hdw1801tqn-a Camara Analoga Hd\/ \/hac-hdw1801tqn-a\/domo 4k\/ 8 Mp Con Microfono Integrado\/ Lente De 2.8mm\/ 106 De Apertura\/ Ir De 40 Metros\/ Super Adapt\/ Instalacion Rapida\/ Wdr Real De 120 Db\/ Ip67<\/title>\n<meta name=\"description\" content=\"Compra Dh-hac-hdw1801tqn-a Camara Analoga Hd\/ \/hac-hdw1801tqn-a\/domo 4k\/ 8 Mp Con Microfono Integrado\/ Lente De 2.8mm\/ 106 De Apertura\/ Ir De 40 Metros\/ Super Adapt\/ Instalacion Rapida\/ Wdr Real De 120 Db\/ Ip67 + Env\u00edo a domicilio + Pago seguro + Garant\u00eda\" \/>\n<meta name=\"robots\" content=\"index, follow, max-snippet:-1, max-image-preview:large, max-video-preview:-1\" \/>\n<link rel=\"canonical\" href=\"https:\/\/compuviper.mx\/tienda\/producto\/dahua-dh-hac-hdw1801tqn-a-camara-analoga-hd-hac-hdw1801tqn-a-domo-4k-8-mp-con-microfono-integrado-lente-de-2-8mm-106-de-apertura-ir-de-40-metros-super-adapt-instalacion-rapida-wdr-real-de-120\/\" \/>\n<meta property=\"og:locale\" content=\"es_MX\" \/>\n<meta property=\"og:type\" content=\"article\" \/>\n<meta property=\"og:title\" content=\"[ Dahua ] &#129351; Dh-hac-hdw1801tqn-a Camara Analoga Hd\/ \/hac-hdw1801tqn-a\/domo 4k\/ 8 Mp Con Microfono Integrado\/ Lente De 2.8mm\/ 106 De Apertura\/ Ir De 40 Metros\/ Super Adapt\/ Instalacion Rapida\/ Wdr Real De 120 Db\/ Ip67\" \/>\n<meta property=\"og:description\" content=\"Compra Dh-hac-hdw1801tqn-a Camara Analoga Hd\/ \/hac-hdw1801tqn-a\/domo 4k\/ 8 Mp Con Microfono Integrado\/ Lente De 2.8mm\/ 106 De Apertura\/ Ir De 40 Metros\/ Super Adapt\/ Instalacion Rapida\/ Wdr Real De 120 Db\/ Ip67 + Env\u00edo a domicilio + Pago seguro + Garant\u00eda\" \/>\n<meta property=\"og:url\" content=\"https:\/\/compuviper.mx\/tienda\/producto\/dahua-dh-hac-hdw1801tqn-a-camara-analoga-hd-hac-hdw1801tqn-a-domo-4k-8-mp-con-microfono-integrado-lente-de-2-8mm-106-de-apertura-ir-de-40-metros-super-adapt-instalacion-rapida-wdr-real-de-120\/\" \/>\n<meta property=\"og:site_name\" content=\"Compuviper\" \/>\n<meta property=\"article:publisher\" content=\"https:\/\/www.facebook.com\/compuviper\" \/>\n<meta property=\"og:image\" content=\"https:\/\/compuviper.mx\/tienda\/wp-content\/uploads\/2024\/09\/Camara-analoga-hddahua-hac-hdw1801tqn-adomo-4k-8-mp-con-microfono-integrado-lente-de-2.8mm-106\u00b0-de-apertura-ir-de-40-metros-super-adapt-instalacion-rapida-wdr-real-de-120-db-ip67.jpg\" \/>\n\t<meta property=\"og:image:width\" content=\"200\" \/>\n\t<meta property=\"og:image:height\" content=\"200\" \/>\n\t<meta property=\"og:image:type\" content=\"image\/jpeg\" \/>\n<meta name=\"twitter:card\" content=\"summary_large_image\" \/>\n<meta name=\"twitter:label1\" content=\"Precio\" \/>\n\t<meta name=\"twitter:data1\" content=\"&#36;892 con IVA\" \/>\n\t<meta name=\"twitter:label2\" content=\"Availability\" \/>\n\t<meta name=\"twitter:data2\" content=\"Out of stock\" \/>\n<script type=\"application\/ld+json\" class=\"yoast-schema-graph\">{\"@context\":\"https:\/\/schema.org\",\"@graph\":[{\"@type\":\"WebPage\",\"@id\":\"https:\/\/compuviper.mx\/tienda\/producto\/dahua-dh-hac-hdw1801tqn-a-camara-analoga-hd-hac-hdw1801tqn-a-domo-4k-8-mp-con-microfono-integrado-lente-de-2-8mm-106-de-apertura-ir-de-40-metros-super-adapt-instalacion-rapida-wdr-real-de-120\/\",\"url\":\"https:\/\/compuviper.mx\/tienda\/producto\/dahua-dh-hac-hdw1801tqn-a-camara-analoga-hd-hac-hdw1801tqn-a-domo-4k-8-mp-con-microfono-integrado-lente-de-2-8mm-106-de-apertura-ir-de-40-metros-super-adapt-instalacion-rapida-wdr-real-de-120\/\",\"name\":\"[ Dahua ] &#129351; Dh-hac-hdw1801tqn-a Camara Analoga Hd\/ \/hac-hdw1801tqn-a\/domo 4k\/ 8 Mp Con Microfono Integrado\/ Lente De 2.8mm\/ 106 De Apertura\/ Ir De 40 Metros\/ Super Adapt\/ Instalacion Rapida\/ Wdr Real De 120 Db\/ Ip67\",\"isPartOf\":{\"@id\":\"https:\/\/compuviper.mx\/tienda\/#website\"},\"datePublished\":\"2026-04-23T06:14:21+00:00\",\"dateModified\":\"2026-04-23T06:14:21+00:00\",\"description\":\"Compra Dh-hac-hdw1801tqn-a Camara Analoga Hd\/ \/hac-hdw1801tqn-a\/domo 4k\/ 8 Mp Con Microfono Integrado\/ Lente De 2.8mm\/ 106 De Apertura\/ Ir De 40 Metros\/ Super Adapt\/ Instalacion Rapida\/ Wdr Real De 120 Db\/ Ip67 + Env\u00edo a domicilio + Pago seguro + Garant\u00eda\",\"breadcrumb\":{\"@id\":\"https:\/\/compuviper.mx\/tienda\/producto\/dahua-dh-hac-hdw1801tqn-a-camara-analoga-hd-hac-hdw1801tqn-a-domo-4k-8-mp-con-microfono-integrado-lente-de-2-8mm-106-de-apertura-ir-de-40-metros-super-adapt-instalacion-rapida-wdr-real-de-120\/#breadcrumb\"},\"inLanguage\":\"es-MX\",\"potentialAction\":[{\"@type\":\"ReadAction\",\"target\":[\"https:\/\/compuviper.mx\/tienda\/producto\/dahua-dh-hac-hdw1801tqn-a-camara-analoga-hd-hac-hdw1801tqn-a-domo-4k-8-mp-con-microfono-integrado-lente-de-2-8mm-106-de-apertura-ir-de-40-metros-super-adapt-instalacion-rapida-wdr-real-de-120\/\"]}]},{\"@type\":\"BreadcrumbList\",\"@id\":\"https:\/\/compuviper.mx\/tienda\/producto\/dahua-dh-hac-hdw1801tqn-a-camara-analoga-hd-hac-hdw1801tqn-a-domo-4k-8-mp-con-microfono-integrado-lente-de-2-8mm-106-de-apertura-ir-de-40-metros-super-adapt-instalacion-rapida-wdr-real-de-120\/#breadcrumb\",\"itemListElement\":[{\"@type\":\"ListItem\",\"position\":1,\"name\":\"Inicio\",\"item\":\"https:\/\/compuviper.mx\/tienda\/\"},{\"@type\":\"ListItem\",\"position\":2,\"name\":\"Productos\",\"item\":\"https:\/\/compuviper.mx\/tienda\/productos\/\"},{\"@type\":\"ListItem\",\"position\":3,\"name\":\"Camaras\",\"item\":\"https:\/\/compuviper.mx\/tienda\/categoria-producto\/camaras-2\/\"},{\"@type\":\"ListItem\",\"position\":4,\"name\":\"Camara De Videovigilancia\",\"item\":\"https:\/\/compuviper.mx\/tienda\/categoria-producto\/camaras-2\/camara-de-videovigilancia\/\"},{\"@type\":\"ListItem\",\"position\":5,\"name\":\"Dahua Dh-hac-hdw1801tqn-a Camara Analoga Hd\/ \/hac-hdw1801tqn-a\/domo 4k\/ 8 Mp Con Microfono Integrado\/ Lente De 2.8mm\/ 106 De Apertura\/ Ir De 40 Metros\/ Super Adapt\/ Instalacion Rapida\/ Wdr Real De 120 Db\/ Ip67\"}]},{\"@type\":\"WebSite\",\"@id\":\"https:\/\/compuviper.mx\/tienda\/#website\",\"url\":\"https:\/\/compuviper.mx\/tienda\/\",\"name\":\"Compuviper\",\"description\":\"Proveedor de Computadoras, Laptops, Servidores, Monitores, Puntos de Venta, Teclados,   Impresoras, T\u00f3ner, C\u00e1maras de Seguridad y m\u00e1s en tu tienda en l\u00ednea\",\"publisher\":{\"@id\":\"https:\/\/compuviper.mx\/tienda\/#organization\"},\"potentialAction\":[{\"@type\":\"SearchAction\",\"target\":{\"@type\":\"EntryPoint\",\"urlTemplate\":\"https:\/\/compuviper.mx\/tienda\/?s={search_term_string}\"},\"query-input\":\"required name=search_term_string\"}],\"inLanguage\":\"es-MX\"},{\"@type\":\"Organization\",\"@id\":\"https:\/\/compuviper.mx\/tienda\/#organization\",\"name\":\"Compuviper\",\"url\":\"https:\/\/compuviper.mx\/tienda\/\",\"logo\":{\"@type\":\"ImageObject\",\"inLanguage\":\"es-MX\",\"@id\":\"https:\/\/compuviper.mx\/tienda\/#\/schema\/logo\/image\/\",\"url\":\"https:\/\/compuviper.mx\/tienda\/wp-content\/uploads\/2021\/08\/Logo-Compuviper-10.png\",\"contentUrl\":\"https:\/\/compuviper.mx\/tienda\/wp-content\/uploads\/2021\/08\/Logo-Compuviper-10.png\",\"width\":1000,\"height\":500,\"caption\":\"Compuviper\"},\"image\":{\"@id\":\"https:\/\/compuviper.mx\/tienda\/#\/schema\/logo\/image\/\"},\"sameAs\":[\"https:\/\/www.facebook.com\/compuviper\",\"https:\/\/www.youtube.com\/channel\/UCf73dERp9Y3cfOq7q8BhLjA?view_as=subscriber\"]}]}<\/script>\n<meta property=\"product:brand\" content=\"DAHUA\" \/>\n<meta property=\"product:price:amount\" content=\"892\" \/>\n<meta property=\"product:price:currency\" content=\"MXN\" \/>\n<meta property=\"og:availability\" content=\"out of stock\" \/>\n<meta property=\"product:availability\" content=\"out of stock\" \/>\n<meta property=\"product:retailer_item_id\" content=\"DH-HAC-HDW1801TQN-A\" \/>\n<meta property=\"product:condition\" content=\"new\" \/>\n<!-- \/ Yoast SEO plugin. -->","yoast_head_json":{"title":"[ Dahua ] &#129351; Dh-hac-hdw1801tqn-a Camara Analoga Hd\/ \/hac-hdw1801tqn-a\/domo 4k\/ 8 Mp Con Microfono Integrado\/ Lente De 2.8mm\/ 106 De Apertura\/ Ir De 40 Metros\/ Super Adapt\/ Instalacion Rapida\/ Wdr Real De 120 Db\/ Ip67","description":"Compra Dh-hac-hdw1801tqn-a Camara Analoga Hd\/ \/hac-hdw1801tqn-a\/domo 4k\/ 8 Mp Con Microfono Integrado\/ Lente De 2.8mm\/ 106 De Apertura\/ Ir De 40 Metros\/ Super Adapt\/ Instalacion Rapida\/ Wdr Real De 120 Db\/ Ip67 + Env\u00edo a domicilio + Pago seguro + Garant\u00eda","robots":{"index":"index","follow":"follow","max-snippet":"max-snippet:-1","max-image-preview":"max-image-preview:large","max-video-preview":"max-video-preview:-1"},"canonical":"https:\/\/compuviper.mx\/tienda\/producto\/dahua-dh-hac-hdw1801tqn-a-camara-analoga-hd-hac-hdw1801tqn-a-domo-4k-8-mp-con-microfono-integrado-lente-de-2-8mm-106-de-apertura-ir-de-40-metros-super-adapt-instalacion-rapida-wdr-real-de-120\/","og_locale":"es_MX","og_type":"article","og_title":"[ Dahua ] &#129351; Dh-hac-hdw1801tqn-a Camara Analoga Hd\/ \/hac-hdw1801tqn-a\/domo 4k\/ 8 Mp Con Microfono Integrado\/ Lente De 2.8mm\/ 106 De Apertura\/ Ir De 40 Metros\/ Super Adapt\/ Instalacion Rapida\/ Wdr Real De 120 Db\/ Ip67","og_description":"Compra Dh-hac-hdw1801tqn-a Camara Analoga Hd\/ \/hac-hdw1801tqn-a\/domo 4k\/ 8 Mp Con Microfono Integrado\/ Lente De 2.8mm\/ 106 De Apertura\/ Ir De 40 Metros\/ Super Adapt\/ Instalacion Rapida\/ Wdr Real De 120 Db\/ Ip67 + Env\u00edo a domicilio + Pago seguro + Garant\u00eda","og_url":"https:\/\/compuviper.mx\/tienda\/producto\/dahua-dh-hac-hdw1801tqn-a-camara-analoga-hd-hac-hdw1801tqn-a-domo-4k-8-mp-con-microfono-integrado-lente-de-2-8mm-106-de-apertura-ir-de-40-metros-super-adapt-instalacion-rapida-wdr-real-de-120\/","og_site_name":"Compuviper","article_publisher":"https:\/\/www.facebook.com\/compuviper","og_image":[{"width":200,"height":200,"url":"https:\/\/compuviper.mx\/tienda\/wp-content\/uploads\/2024\/09\/Camara-analoga-hddahua-hac-hdw1801tqn-adomo-4k-8-mp-con-microfono-integrado-lente-de-2.8mm-106\u00b0-de-apertura-ir-de-40-metros-super-adapt-instalacion-rapida-wdr-real-de-120-db-ip67.jpg","type":"image\/jpeg"}],"twitter_card":"summary_large_image","twitter_misc":{"Precio":"&#36;892 con IVA","Availability":"Out of stock"},"schema":{"@context":"https:\/\/schema.org","@graph":[{"@type":"WebPage","@id":"https:\/\/compuviper.mx\/tienda\/producto\/dahua-dh-hac-hdw1801tqn-a-camara-analoga-hd-hac-hdw1801tqn-a-domo-4k-8-mp-con-microfono-integrado-lente-de-2-8mm-106-de-apertura-ir-de-40-metros-super-adapt-instalacion-rapida-wdr-real-de-120\/","url":"https:\/\/compuviper.mx\/tienda\/producto\/dahua-dh-hac-hdw1801tqn-a-camara-analoga-hd-hac-hdw1801tqn-a-domo-4k-8-mp-con-microfono-integrado-lente-de-2-8mm-106-de-apertura-ir-de-40-metros-super-adapt-instalacion-rapida-wdr-real-de-120\/","name":"[ Dahua ] &#129351; Dh-hac-hdw1801tqn-a Camara Analoga Hd\/ \/hac-hdw1801tqn-a\/domo 4k\/ 8 Mp Con Microfono Integrado\/ Lente De 2.8mm\/ 106 De Apertura\/ Ir De 40 Metros\/ Super Adapt\/ Instalacion Rapida\/ Wdr Real De 120 Db\/ Ip67","isPartOf":{"@id":"https:\/\/compuviper.mx\/tienda\/#website"},"datePublished":"2026-04-23T06:14:21+00:00","dateModified":"2026-04-23T06:14:21+00:00","description":"Compra Dh-hac-hdw1801tqn-a Camara Analoga Hd\/ \/hac-hdw1801tqn-a\/domo 4k\/ 8 Mp Con Microfono Integrado\/ Lente De 2.8mm\/ 106 De Apertura\/ Ir De 40 Metros\/ Super Adapt\/ Instalacion Rapida\/ Wdr Real De 120 Db\/ Ip67 + Env\u00edo a domicilio + Pago seguro + Garant\u00eda","breadcrumb":{"@id":"https:\/\/compuviper.mx\/tienda\/producto\/dahua-dh-hac-hdw1801tqn-a-camara-analoga-hd-hac-hdw1801tqn-a-domo-4k-8-mp-con-microfono-integrado-lente-de-2-8mm-106-de-apertura-ir-de-40-metros-super-adapt-instalacion-rapida-wdr-real-de-120\/#breadcrumb"},"inLanguage":"es-MX","potentialAction":[{"@type":"ReadAction","target":["https:\/\/compuviper.mx\/tienda\/producto\/dahua-dh-hac-hdw1801tqn-a-camara-analoga-hd-hac-hdw1801tqn-a-domo-4k-8-mp-con-microfono-integrado-lente-de-2-8mm-106-de-apertura-ir-de-40-metros-super-adapt-instalacion-rapida-wdr-real-de-120\/"]}]},{"@type":"BreadcrumbList","@id":"https:\/\/compuviper.mx\/tienda\/producto\/dahua-dh-hac-hdw1801tqn-a-camara-analoga-hd-hac-hdw1801tqn-a-domo-4k-8-mp-con-microfono-integrado-lente-de-2-8mm-106-de-apertura-ir-de-40-metros-super-adapt-instalacion-rapida-wdr-real-de-120\/#breadcrumb","itemListElement":[{"@type":"ListItem","position":1,"name":"Inicio","item":"https:\/\/compuviper.mx\/tienda\/"},{"@type":"ListItem","position":2,"name":"Productos","item":"https:\/\/compuviper.mx\/tienda\/productos\/"},{"@type":"ListItem","position":3,"name":"Camaras","item":"https:\/\/compuviper.mx\/tienda\/categoria-producto\/camaras-2\/"},{"@type":"ListItem","position":4,"name":"Camara De Videovigilancia","item":"https:\/\/compuviper.mx\/tienda\/categoria-producto\/camaras-2\/camara-de-videovigilancia\/"},{"@type":"ListItem","position":5,"name":"Dahua Dh-hac-hdw1801tqn-a Camara Analoga Hd\/ \/hac-hdw1801tqn-a\/domo 4k\/ 8 Mp Con Microfono Integrado\/ Lente De 2.8mm\/ 106 De Apertura\/ Ir De 40 Metros\/ Super Adapt\/ Instalacion Rapida\/ Wdr Real De 120 Db\/ Ip67"}]},{"@type":"WebSite","@id":"https:\/\/compuviper.mx\/tienda\/#website","url":"https:\/\/compuviper.mx\/tienda\/","name":"Compuviper","description":"Proveedor de Computadoras, Laptops, Servidores, Monitores, Puntos de Venta, Teclados,   Impresoras, T\u00f3ner, C\u00e1maras de Seguridad y m\u00e1s en tu tienda en l\u00ednea","publisher":{"@id":"https:\/\/compuviper.mx\/tienda\/#organization"},"potentialAction":[{"@type":"SearchAction","target":{"@type":"EntryPoint","urlTemplate":"https:\/\/compuviper.mx\/tienda\/?s={search_term_string}"},"query-input":"required name=search_term_string"}],"inLanguage":"es-MX"},{"@type":"Organization","@id":"https:\/\/compuviper.mx\/tienda\/#organization","name":"Compuviper","url":"https:\/\/compuviper.mx\/tienda\/","logo":{"@type":"ImageObject","inLanguage":"es-MX","@id":"https:\/\/compuviper.mx\/tienda\/#\/schema\/logo\/image\/","url":"https:\/\/compuviper.mx\/tienda\/wp-content\/uploads\/2021\/08\/Logo-Compuviper-10.png","contentUrl":"https:\/\/compuviper.mx\/tienda\/wp-content\/uploads\/2021\/08\/Logo-Compuviper-10.png","width":1000,"height":500,"caption":"Compuviper"},"image":{"@id":"https:\/\/compuviper.mx\/tienda\/#\/schema\/logo\/image\/"},"sameAs":["https:\/\/www.facebook.com\/compuviper","https:\/\/www.youtube.com\/channel\/UCf73dERp9Y3cfOq7q8BhLjA?view_as=subscriber"]}]},"product_brand":"DAHUA","product_price_amount":"892","product_price_currency":"MXN","og_availability":"out of stock","product_availability":"out of stock","product_retailer_item_id":"DH-HAC-HDW1801TQN-A","product_condition":"new"},"_links":{"self":[{"href":"https:\/\/compuviper.mx\/tienda\/wp-json\/wp\/v2\/product\/236085"}],"collection":[{"href":"https:\/\/compuviper.mx\/tienda\/wp-json\/wp\/v2\/product"}],"about":[{"href":"https:\/\/compuviper.mx\/tienda\/wp-json\/wp\/v2\/types\/product"}],"replies":[{"embeddable":true,"href":"https:\/\/compuviper.mx\/tienda\/wp-json\/wp\/v2\/comments?post=236085"}],"wp:featuredmedia":[{"embeddable":true,"href":"https:\/\/compuviper.mx\/tienda\/wp-json\/wp\/v2\/media\/242457"}],"wp:attachment":[{"href":"https:\/\/compuviper.mx\/tienda\/wp-json\/wp\/v2\/media?parent=236085"}],"wp:term":[{"taxonomy":"product_cat","embeddable":true,"href":"https:\/\/compuviper.mx\/tienda\/wp-json\/wp\/v2\/product_cat?post=236085"},{"taxonomy":"product_tag","embeddable":true,"href":"https:\/\/compuviper.mx\/tienda\/wp-json\/wp\/v2\/product_tag?post=236085"}],"curies":[{"name":"wp","href":"https:\/\/api.w.org\/{rel}","templated":true}]}}