{"id":236047,"date":"2026-04-02T02:06:32","date_gmt":"2026-04-02T08:06:32","guid":{"rendered":"https:\/\/compuviper.mx\/tienda\/producto\/poly-7w6d4aaaba-diadema-hp-savi-7210-monoaural-inalambrica-dect-1920-1930-alcance-de-120-metros-con-base-para-telefono-analogico\/"},"modified":"2026-04-02T02:06:32","modified_gmt":"2026-04-02T08:06:32","slug":"poly-7w6d4aaaba-diadema-hp-7w6d4aaaba-savi-7210-monoaural-inalambrica-dect-1920-1930-alcance-de-120-metros-con-base-para-telefono-analogico","status":"publish","type":"product","link":"https:\/\/compuviper.mx\/tienda\/producto\/poly-7w6d4aaaba-diadema-hp-7w6d4aaaba-savi-7210-monoaural-inalambrica-dect-1920-1930-alcance-de-120-metros-con-base-para-telefono-analogico\/","title":{"rendered":"Poly 7w6d4aa#aba Diadema Hp  7w6d4aaaba Savi 7210\/ Monoaural Inalambrica Dect 1920-1930 Alcance De 120 Metros Con Base Para Telefono Analogico"},"content":{"rendered":"<table class=\"descripcion\">\n<tr>\n<td>Dect inal\u00e1mbrico<\/td>\n<\/tr>\n<tr>\n<td>Sistema de auriculares<\/td>\n<\/tr>\n<tr>\n<td>Para tel\u00e9fonos de escritorio<\/td>\n<\/tr>\n<tr>\n<td>Se conecta al tel\u00e9fono de escritorio<\/td>\n<\/tr>\n<tr>\n<td>Ideal para trabajadores de oficina y escritorios en todo<\/td>\n<\/tr>\n<tr>\n<td>La empresa que busca una soluci\u00f3n f\u00e1cil de configurar,<\/td>\n<\/tr>\n<tr>\n<td>Oferta inal\u00e1mbrica f\u00e1cil de usar para gestionar<\/td>\n<\/tr>\n<tr>\n<td>Llamadas telef\u00f3nicas de escritorio<\/td>\n<\/tr>\n<tr>\n<td>Tiempo de conversaci\u00f3n hasta 12 horas<\/td>\n<\/tr>\n<tr>\n<td>Peso del auricular savi 7220 office over-the-head (binaural):<\/td>\n<\/tr>\n<tr>\n<td>138 g \/ 0,305 libras<\/td>\n<\/tr>\n<tr>\n<td>Savi 7210 office over-the-head (monoaural):<\/td>\n<\/tr>\n<tr>\n<td>104 g \/ 0,229 libras<\/td>\n<\/tr>\n<tr>\n<td>Seguridad cifrado de 64 bits, certificaci\u00f3n de seguridad decttm<\/td>\n<\/tr>\n<tr>\n<td>Frecuencia inal\u00e1mbrica decttm, alcance hasta 120 m \/ 400 pies desde la base<\/td>\n<\/tr>\n<tr>\n<td>Rendimiento de audio banda estrecha o banda ancha: hasta 6.800 hz<\/td>\n<\/tr>\n<tr>\n<td>Protecci\u00f3n auditiva savi 7220 oficina, savi 7210 oficina:<\/td>\n<\/tr>\n<tr>\n<td>Soundguard digital: protege contra<\/td>\n<\/tr>\n<tr>\n<td>Niveles de sonido superiores a 118 dba; anti-sobresalto<\/td>\n<\/tr>\n<tr>\n<td>Detecta y elimina cualquier gran repentino<\/td>\n<\/tr>\n<tr>\n<td>Aumento del nivel de se\u00f1al; ponderado en el tiempo<\/td>\n<\/tr>\n<tr>\n<td>Promedio previene el nivel de sonido promedio<\/td>\n<\/tr>\n<tr>\n<td>De exceder los 85 dba<\/td>\n<\/tr>\n<tr>\n<td>Savi 7210 office over-the-head (monoaural)<\/td>\n<\/tr>\n<\/table>\n","protected":false},"excerpt":{"rendered":"<p>Ayude a todos a ser m\u00e1s productivos con la serie savi 7200 office de decttm. Auriculares inal\u00e1mbricos para tel\u00e9fonos de escritorio. Dar a los trabajadores m\u00e1s flexibilidad y confianza. Con hasta 120 m\/ 400 pies de alcance de roaming y hasta 12 horas de tiempo de conversaci\u00f3n despu\u00e9s de cada. Cargar. Facilite la implementaci\u00f3n en toda la empresa y mantenga a todos c\u00f3modos con. Opciones de estilo mono o binaural sobre la cabeza y una diadema ajustable. Estos. Los auriculares econ\u00f3micos son compatibles con m\u00e1s de 800 tel\u00e9fonos de escritorio anal\u00f3gicos e ip. Saluda a tu soluci\u00f3n integral para auriculares y tel\u00e9fonos de escritorio. \u0095 descolgador electr\u00f3nico (ehs) con alertas de timbre y respuesta\/finalizaci\u00f3n remota de llamadas. (se vende por separado. \u0095 dise\u00f1os supraaurales mono o binaurales. \u0095 diadema de ajuste universal f\u00e1cilmente ajustable. \u0095 brazo de micr\u00f3fono flexible con cancelaci\u00f3n de ruido. \u0095 el sistema de energ\u00eda adaptable decttm se ajusta autom\u00e1ticamente para ahorrar energ\u00eda<\/p>\n","protected":false},"featured_media":243483,"comment_status":"open","ping_status":"open","template":"","meta":[],"product_cat":[1552,1816],"product_tag":[2035],"acf":[],"yoast_head":"<!-- This site is optimized with the Yoast SEO plugin v21.7 - https:\/\/yoast.com\/wordpress\/plugins\/seo\/ -->\n<title>[ Poly ] &#129351; 7w6d4aa#aba Diadema Hp 7w6d4aaaba Savi 7210\/ Monoaural Inalambrica Dect 1920-1930 Alcance De 120 Metros Con Base Para Telefono Analogico<\/title>\n<meta name=\"description\" content=\"Compra 7w6d4aa#aba Diadema Hp 7w6d4aaaba Savi 7210\/ Monoaural Inalambrica Dect 1920-1930 Alcance De 120 Metros Con Base Para Telefono Analogico + Env\u00edo a domicilio + Pago seguro + Garant\u00eda\" \/>\n<meta name=\"robots\" content=\"index, follow, max-snippet:-1, max-image-preview:large, max-video-preview:-1\" \/>\n<link rel=\"canonical\" href=\"https:\/\/compuviper.mx\/tienda\/producto\/poly-7w6d4aaaba-diadema-hp-7w6d4aaaba-savi-7210-monoaural-inalambrica-dect-1920-1930-alcance-de-120-metros-con-base-para-telefono-analogico\/\" \/>\n<meta property=\"og:locale\" content=\"es_MX\" \/>\n<meta property=\"og:type\" content=\"article\" \/>\n<meta property=\"og:title\" content=\"[ Poly ] &#129351; 7w6d4aa#aba Diadema Hp 7w6d4aaaba Savi 7210\/ Monoaural Inalambrica Dect 1920-1930 Alcance De 120 Metros Con Base Para Telefono Analogico\" \/>\n<meta property=\"og:description\" content=\"Compra 7w6d4aa#aba Diadema Hp 7w6d4aaaba Savi 7210\/ Monoaural Inalambrica Dect 1920-1930 Alcance De 120 Metros Con Base Para Telefono Analogico + Env\u00edo a domicilio + Pago seguro + Garant\u00eda\" \/>\n<meta property=\"og:url\" content=\"https:\/\/compuviper.mx\/tienda\/producto\/poly-7w6d4aaaba-diadema-hp-7w6d4aaaba-savi-7210-monoaural-inalambrica-dect-1920-1930-alcance-de-120-metros-con-base-para-telefono-analogico\/\" \/>\n<meta property=\"og:site_name\" content=\"Compuviper\" \/>\n<meta property=\"article:publisher\" content=\"https:\/\/www.facebook.com\/compuviper\" \/>\n<meta property=\"og:image\" content=\"https:\/\/compuviper.mx\/tienda\/wp-content\/uploads\/2024\/09\/Diadema-hp-poly-7w6d4aaaba-savi-7210-monoaural-inalambrica-dect-1920-1930-alcance-de-120-metros-con-base-para-telefono-analogico.jpg\" \/>\n\t<meta property=\"og:image:width\" content=\"200\" \/>\n\t<meta property=\"og:image:height\" content=\"200\" \/>\n\t<meta property=\"og:image:type\" content=\"image\/jpeg\" \/>\n<meta name=\"twitter:card\" content=\"summary_large_image\" \/>\n<meta name=\"twitter:label1\" content=\"Precio\" \/>\n\t<meta name=\"twitter:data1\" content=\"&#36;5,807 con IVA\" \/>\n\t<meta name=\"twitter:label2\" content=\"Availability\" \/>\n\t<meta name=\"twitter:data2\" content=\"On backorder\" \/>\n<script type=\"application\/ld+json\" class=\"yoast-schema-graph\">{\"@context\":\"https:\/\/schema.org\",\"@graph\":[{\"@type\":\"WebPage\",\"@id\":\"https:\/\/compuviper.mx\/tienda\/producto\/poly-7w6d4aaaba-diadema-hp-7w6d4aaaba-savi-7210-monoaural-inalambrica-dect-1920-1930-alcance-de-120-metros-con-base-para-telefono-analogico\/\",\"url\":\"https:\/\/compuviper.mx\/tienda\/producto\/poly-7w6d4aaaba-diadema-hp-7w6d4aaaba-savi-7210-monoaural-inalambrica-dect-1920-1930-alcance-de-120-metros-con-base-para-telefono-analogico\/\",\"name\":\"[ Poly ] &#129351; 7w6d4aa#aba Diadema Hp 7w6d4aaaba Savi 7210\/ Monoaural Inalambrica Dect 1920-1930 Alcance De 120 Metros Con Base Para Telefono Analogico\",\"isPartOf\":{\"@id\":\"https:\/\/compuviper.mx\/tienda\/#website\"},\"datePublished\":\"2026-04-02T08:06:32+00:00\",\"dateModified\":\"2026-04-02T08:06:32+00:00\",\"description\":\"Compra 7w6d4aa#aba Diadema Hp 7w6d4aaaba Savi 7210\/ Monoaural Inalambrica Dect 1920-1930 Alcance De 120 Metros Con Base Para Telefono Analogico + Env\u00edo a domicilio + Pago seguro + Garant\u00eda\",\"breadcrumb\":{\"@id\":\"https:\/\/compuviper.mx\/tienda\/producto\/poly-7w6d4aaaba-diadema-hp-7w6d4aaaba-savi-7210-monoaural-inalambrica-dect-1920-1930-alcance-de-120-metros-con-base-para-telefono-analogico\/#breadcrumb\"},\"inLanguage\":\"es-MX\",\"potentialAction\":[{\"@type\":\"ReadAction\",\"target\":[\"https:\/\/compuviper.mx\/tienda\/producto\/poly-7w6d4aaaba-diadema-hp-7w6d4aaaba-savi-7210-monoaural-inalambrica-dect-1920-1930-alcance-de-120-metros-con-base-para-telefono-analogico\/\"]}]},{\"@type\":\"BreadcrumbList\",\"@id\":\"https:\/\/compuviper.mx\/tienda\/producto\/poly-7w6d4aaaba-diadema-hp-7w6d4aaaba-savi-7210-monoaural-inalambrica-dect-1920-1930-alcance-de-120-metros-con-base-para-telefono-analogico\/#breadcrumb\",\"itemListElement\":[{\"@type\":\"ListItem\",\"position\":1,\"name\":\"Inicio\",\"item\":\"https:\/\/compuviper.mx\/tienda\/\"},{\"@type\":\"ListItem\",\"position\":2,\"name\":\"Productos\",\"item\":\"https:\/\/compuviper.mx\/tienda\/productos\/\"},{\"@type\":\"ListItem\",\"position\":3,\"name\":\"Audifonos Y Micro\",\"item\":\"https:\/\/compuviper.mx\/tienda\/categoria-producto\/audifonos-y-micro\/\"},{\"@type\":\"ListItem\",\"position\":4,\"name\":\"Audifono Con Microfono\",\"item\":\"https:\/\/compuviper.mx\/tienda\/categoria-producto\/audifonos-y-micro\/audifono-con-microfono\/\"},{\"@type\":\"ListItem\",\"position\":5,\"name\":\"Poly 7w6d4aa#aba Diadema Hp 7w6d4aaaba Savi 7210\/ Monoaural Inalambrica Dect 1920-1930 Alcance De 120 Metros Con Base Para Telefono Analogico\"}]},{\"@type\":\"WebSite\",\"@id\":\"https:\/\/compuviper.mx\/tienda\/#website\",\"url\":\"https:\/\/compuviper.mx\/tienda\/\",\"name\":\"Compuviper\",\"description\":\"Proveedor de Computadoras, Laptops, Servidores, Monitores, Puntos de Venta, Teclados,   Impresoras, T\u00f3ner, C\u00e1maras de Seguridad y m\u00e1s en tu tienda en l\u00ednea\",\"publisher\":{\"@id\":\"https:\/\/compuviper.mx\/tienda\/#organization\"},\"potentialAction\":[{\"@type\":\"SearchAction\",\"target\":{\"@type\":\"EntryPoint\",\"urlTemplate\":\"https:\/\/compuviper.mx\/tienda\/?s={search_term_string}\"},\"query-input\":\"required name=search_term_string\"}],\"inLanguage\":\"es-MX\"},{\"@type\":\"Organization\",\"@id\":\"https:\/\/compuviper.mx\/tienda\/#organization\",\"name\":\"Compuviper\",\"url\":\"https:\/\/compuviper.mx\/tienda\/\",\"logo\":{\"@type\":\"ImageObject\",\"inLanguage\":\"es-MX\",\"@id\":\"https:\/\/compuviper.mx\/tienda\/#\/schema\/logo\/image\/\",\"url\":\"https:\/\/compuviper.mx\/tienda\/wp-content\/uploads\/2021\/08\/Logo-Compuviper-10.png\",\"contentUrl\":\"https:\/\/compuviper.mx\/tienda\/wp-content\/uploads\/2021\/08\/Logo-Compuviper-10.png\",\"width\":1000,\"height\":500,\"caption\":\"Compuviper\"},\"image\":{\"@id\":\"https:\/\/compuviper.mx\/tienda\/#\/schema\/logo\/image\/\"},\"sameAs\":[\"https:\/\/www.facebook.com\/compuviper\",\"https:\/\/www.youtube.com\/channel\/UCf73dERp9Y3cfOq7q8BhLjA?view_as=subscriber\"]}]}<\/script>\n<meta property=\"product:brand\" content=\"POLY\" \/>\n<meta property=\"product:price:amount\" content=\"5807\" \/>\n<meta property=\"product:price:currency\" content=\"MXN\" \/>\n<meta property=\"og:availability\" content=\"backorder\" \/>\n<meta property=\"product:availability\" content=\"available for order\" \/>\n<meta property=\"product:retailer_item_id\" content=\"7W6D4AA#ABA\" \/>\n<meta property=\"product:condition\" content=\"new\" \/>\n<!-- \/ Yoast SEO plugin. -->","yoast_head_json":{"title":"[ Poly ] &#129351; 7w6d4aa#aba Diadema Hp 7w6d4aaaba Savi 7210\/ Monoaural Inalambrica Dect 1920-1930 Alcance De 120 Metros Con Base Para Telefono Analogico","description":"Compra 7w6d4aa#aba Diadema Hp 7w6d4aaaba Savi 7210\/ Monoaural Inalambrica Dect 1920-1930 Alcance De 120 Metros Con Base Para Telefono Analogico + Env\u00edo a domicilio + Pago seguro + Garant\u00eda","robots":{"index":"index","follow":"follow","max-snippet":"max-snippet:-1","max-image-preview":"max-image-preview:large","max-video-preview":"max-video-preview:-1"},"canonical":"https:\/\/compuviper.mx\/tienda\/producto\/poly-7w6d4aaaba-diadema-hp-7w6d4aaaba-savi-7210-monoaural-inalambrica-dect-1920-1930-alcance-de-120-metros-con-base-para-telefono-analogico\/","og_locale":"es_MX","og_type":"article","og_title":"[ Poly ] &#129351; 7w6d4aa#aba Diadema Hp 7w6d4aaaba Savi 7210\/ Monoaural Inalambrica Dect 1920-1930 Alcance De 120 Metros Con Base Para Telefono Analogico","og_description":"Compra 7w6d4aa#aba Diadema Hp 7w6d4aaaba Savi 7210\/ Monoaural Inalambrica Dect 1920-1930 Alcance De 120 Metros Con Base Para Telefono Analogico + Env\u00edo a domicilio + Pago seguro + Garant\u00eda","og_url":"https:\/\/compuviper.mx\/tienda\/producto\/poly-7w6d4aaaba-diadema-hp-7w6d4aaaba-savi-7210-monoaural-inalambrica-dect-1920-1930-alcance-de-120-metros-con-base-para-telefono-analogico\/","og_site_name":"Compuviper","article_publisher":"https:\/\/www.facebook.com\/compuviper","og_image":[{"width":200,"height":200,"url":"https:\/\/compuviper.mx\/tienda\/wp-content\/uploads\/2024\/09\/Diadema-hp-poly-7w6d4aaaba-savi-7210-monoaural-inalambrica-dect-1920-1930-alcance-de-120-metros-con-base-para-telefono-analogico.jpg","type":"image\/jpeg"}],"twitter_card":"summary_large_image","twitter_misc":{"Precio":"&#36;5,807 con IVA","Availability":"On backorder"},"schema":{"@context":"https:\/\/schema.org","@graph":[{"@type":"WebPage","@id":"https:\/\/compuviper.mx\/tienda\/producto\/poly-7w6d4aaaba-diadema-hp-7w6d4aaaba-savi-7210-monoaural-inalambrica-dect-1920-1930-alcance-de-120-metros-con-base-para-telefono-analogico\/","url":"https:\/\/compuviper.mx\/tienda\/producto\/poly-7w6d4aaaba-diadema-hp-7w6d4aaaba-savi-7210-monoaural-inalambrica-dect-1920-1930-alcance-de-120-metros-con-base-para-telefono-analogico\/","name":"[ Poly ] &#129351; 7w6d4aa#aba Diadema Hp 7w6d4aaaba Savi 7210\/ Monoaural Inalambrica Dect 1920-1930 Alcance De 120 Metros Con Base Para Telefono Analogico","isPartOf":{"@id":"https:\/\/compuviper.mx\/tienda\/#website"},"datePublished":"2026-04-02T08:06:32+00:00","dateModified":"2026-04-02T08:06:32+00:00","description":"Compra 7w6d4aa#aba Diadema Hp 7w6d4aaaba Savi 7210\/ Monoaural Inalambrica Dect 1920-1930 Alcance De 120 Metros Con Base Para Telefono Analogico + Env\u00edo a domicilio + Pago seguro + Garant\u00eda","breadcrumb":{"@id":"https:\/\/compuviper.mx\/tienda\/producto\/poly-7w6d4aaaba-diadema-hp-7w6d4aaaba-savi-7210-monoaural-inalambrica-dect-1920-1930-alcance-de-120-metros-con-base-para-telefono-analogico\/#breadcrumb"},"inLanguage":"es-MX","potentialAction":[{"@type":"ReadAction","target":["https:\/\/compuviper.mx\/tienda\/producto\/poly-7w6d4aaaba-diadema-hp-7w6d4aaaba-savi-7210-monoaural-inalambrica-dect-1920-1930-alcance-de-120-metros-con-base-para-telefono-analogico\/"]}]},{"@type":"BreadcrumbList","@id":"https:\/\/compuviper.mx\/tienda\/producto\/poly-7w6d4aaaba-diadema-hp-7w6d4aaaba-savi-7210-monoaural-inalambrica-dect-1920-1930-alcance-de-120-metros-con-base-para-telefono-analogico\/#breadcrumb","itemListElement":[{"@type":"ListItem","position":1,"name":"Inicio","item":"https:\/\/compuviper.mx\/tienda\/"},{"@type":"ListItem","position":2,"name":"Productos","item":"https:\/\/compuviper.mx\/tienda\/productos\/"},{"@type":"ListItem","position":3,"name":"Audifonos Y Micro","item":"https:\/\/compuviper.mx\/tienda\/categoria-producto\/audifonos-y-micro\/"},{"@type":"ListItem","position":4,"name":"Audifono Con Microfono","item":"https:\/\/compuviper.mx\/tienda\/categoria-producto\/audifonos-y-micro\/audifono-con-microfono\/"},{"@type":"ListItem","position":5,"name":"Poly 7w6d4aa#aba Diadema Hp 7w6d4aaaba Savi 7210\/ Monoaural Inalambrica Dect 1920-1930 Alcance De 120 Metros Con Base Para Telefono Analogico"}]},{"@type":"WebSite","@id":"https:\/\/compuviper.mx\/tienda\/#website","url":"https:\/\/compuviper.mx\/tienda\/","name":"Compuviper","description":"Proveedor de Computadoras, Laptops, Servidores, Monitores, Puntos de Venta, Teclados,   Impresoras, T\u00f3ner, C\u00e1maras de Seguridad y m\u00e1s en tu tienda en l\u00ednea","publisher":{"@id":"https:\/\/compuviper.mx\/tienda\/#organization"},"potentialAction":[{"@type":"SearchAction","target":{"@type":"EntryPoint","urlTemplate":"https:\/\/compuviper.mx\/tienda\/?s={search_term_string}"},"query-input":"required name=search_term_string"}],"inLanguage":"es-MX"},{"@type":"Organization","@id":"https:\/\/compuviper.mx\/tienda\/#organization","name":"Compuviper","url":"https:\/\/compuviper.mx\/tienda\/","logo":{"@type":"ImageObject","inLanguage":"es-MX","@id":"https:\/\/compuviper.mx\/tienda\/#\/schema\/logo\/image\/","url":"https:\/\/compuviper.mx\/tienda\/wp-content\/uploads\/2021\/08\/Logo-Compuviper-10.png","contentUrl":"https:\/\/compuviper.mx\/tienda\/wp-content\/uploads\/2021\/08\/Logo-Compuviper-10.png","width":1000,"height":500,"caption":"Compuviper"},"image":{"@id":"https:\/\/compuviper.mx\/tienda\/#\/schema\/logo\/image\/"},"sameAs":["https:\/\/www.facebook.com\/compuviper","https:\/\/www.youtube.com\/channel\/UCf73dERp9Y3cfOq7q8BhLjA?view_as=subscriber"]}]},"product_brand":"POLY","product_price_amount":"5807","product_price_currency":"MXN","og_availability":"backorder","product_availability":"available for order","product_retailer_item_id":"7W6D4AA#ABA","product_condition":"new"},"_links":{"self":[{"href":"https:\/\/compuviper.mx\/tienda\/wp-json\/wp\/v2\/product\/236047"}],"collection":[{"href":"https:\/\/compuviper.mx\/tienda\/wp-json\/wp\/v2\/product"}],"about":[{"href":"https:\/\/compuviper.mx\/tienda\/wp-json\/wp\/v2\/types\/product"}],"replies":[{"embeddable":true,"href":"https:\/\/compuviper.mx\/tienda\/wp-json\/wp\/v2\/comments?post=236047"}],"wp:featuredmedia":[{"embeddable":true,"href":"https:\/\/compuviper.mx\/tienda\/wp-json\/wp\/v2\/media\/243483"}],"wp:attachment":[{"href":"https:\/\/compuviper.mx\/tienda\/wp-json\/wp\/v2\/media?parent=236047"}],"wp:term":[{"taxonomy":"product_cat","embeddable":true,"href":"https:\/\/compuviper.mx\/tienda\/wp-json\/wp\/v2\/product_cat?post=236047"},{"taxonomy":"product_tag","embeddable":true,"href":"https:\/\/compuviper.mx\/tienda\/wp-json\/wp\/v2\/product_tag?post=236047"}],"curies":[{"name":"wp","href":"https:\/\/api.w.org\/{rel}","templated":true}]}}