{"id":236042,"date":"2026-04-18T01:48:46","date_gmt":"2026-04-18T07:48:46","guid":{"rendered":"https:\/\/compuviper.mx\/tienda\/producto\/3nstar-rpt004-miniprinter-negro-termica-80mm-usb-ethernet-red-230mm-seg-recibo\/"},"modified":"2026-04-18T01:48:46","modified_gmt":"2026-04-18T07:48:46","slug":"3nstar-rpt004-miniprinter-negro-termica-80mm-usb-ethernet-red-230mm-seg-recibo","status":"publish","type":"product","link":"https:\/\/compuviper.mx\/tienda\/producto\/3nstar-rpt004-miniprinter-negro-termica-80mm-usb-ethernet-red-230mm-seg-recibo\/","title":{"rendered":"3nstar Rpt004 Miniprinter  , Negro, Termica, 80mm, Usb, Ethernet Red, 230mm\/seg, Recibo"},"content":{"rendered":"<table class=\"descripcion\">\n<tr>\n<td>Caracteristicas fisicas<\/td>\n<\/tr>\n<tr>\n<td>Color: negro<\/td>\n<\/tr>\n<tr>\n<td>Dimension de la impresora: 181 mm largo x 138 mm ancho x 123 mm alto<\/td>\n<\/tr>\n<tr>\n<td>Impresion<\/td>\n<\/tr>\n<tr>\n<td>Metodo de impresion: termica directa<\/td>\n<\/tr>\n<tr>\n<td>Velocidad de impresion: 230mm\/s<\/td>\n<\/tr>\n<tr>\n<td>Resolucion: 8 puntos\/mm, 576 puntos\/linea<\/td>\n<\/tr>\n<tr>\n<td>Maximo ancho de impresion: 72 milimetros<\/td>\n<\/tr>\n<tr>\n<td>Especificaciones de papel<\/td>\n<\/tr>\n<tr>\n<td>Tipo de papel: papel termico<\/td>\n<\/tr>\n<tr>\n<td>Ancho del rollo: 79,5\/- 0,5 mm<\/td>\n<\/tr>\n<tr>\n<td>Grosor de papel: 0,06mm &#8211; 0,08mm<\/td>\n<\/tr>\n<tr>\n<td>Diametro maximo del rollo de papel: 80mm max<\/td>\n<\/tr>\n<tr>\n<td>Metodo de suministro de papel: carga de papel directa<\/td>\n<\/tr>\n<tr>\n<td>Funciones<\/td>\n<\/tr>\n<tr>\n<td>Sensor: fin de papel, alarma de error, cubierta abierta, pedido entrante<\/td>\n<\/tr>\n<tr>\n<td>Puerto para gaveta de dinero: 1 puerto &#8211; dc 24v<\/td>\n<\/tr>\n<tr>\n<td>Memoria: nv flash 256k, bufer de entrada 128k<\/td>\n<\/tr>\n<tr>\n<td>Vida util de cabezal de impresion: 1500,000 cortes<\/td>\n<\/tr>\n<tr>\n<td>Interfaz: usb y ethernet<\/td>\n<\/tr>\n<tr>\n<td>Software<\/td>\n<\/tr>\n<tr>\n<td>Emulacion: esc\/pos<\/td>\n<\/tr>\n<tr>\n<td>Drivers: windows , linux , android, opos, jpos<\/td>\n<\/tr>\n<tr>\n<td>Impresion de codigos de barra 1d: upc-a, upc-e, ean-13, ean-8, code 39, itf, codebar, code93, code128<\/td>\n<\/tr>\n<tr>\n<td>Impresion 2d codigos de barra: codigo qr, pdf417<\/td>\n<\/tr>\n<tr>\n<td>Electricos<\/td>\n<\/tr>\n<tr>\n<td>Entrada de fuiente de alimentacion: ac100-240 v, 50-60 hz adaptador<\/td>\n<\/tr>\n<tr>\n<td>Salida de la fuente de alimentacion: dc v\/2,5 a<\/td>\n<\/tr>\n<tr>\n<td>Medio ambiente<\/td>\n<\/tr>\n<tr>\n<td>Temperatura de funcionamiento  0c a 45c<\/td>\n<\/tr>\n<tr>\n<td>Humedad de funcionamioento: 10-80<\/td>\n<\/tr>\n<tr>\n<td>Humedad de almacenamiento: 10-90<\/td>\n<\/tr>\n<tr>\n<td>Embalaje<\/td>\n<\/tr>\n<tr>\n<td>En la caja: impresora, adaptador, cable de alimentacion , cable usb, rollo de papel<\/td>\n<\/tr>\n<tr>\n<td>Dimension de la caja: 215mm largo x 195mm ancho x 147mm alto<\/td>\n<\/tr>\n<tr>\n<td>Peso bruto: 1.52kg<\/td>\n<\/tr>\n<tr>\n<td>Garantia: 1 ao<\/td>\n<\/tr>\n<\/table>\n","protected":false},"excerpt":{"rendered":"<p>La impresora termica de recibos 3nstar rpt004 es compacta y altamente eficiente, su diseo versatil permite su montaje tanto en la pared como en la mesa, lo que la hace ideal para diversos entornos, tales como hoteleria, quioscos y sistemas de punto de venta. Con opciones de conectividad ethernet y usb, y con controladores compatibles con windows , linux, android , opos y javapos, esta impresora garantiza una integracion sin limites a cualquier sistema de puntos de venta y hospitalidad.<\/p>\n","protected":false},"featured_media":243199,"comment_status":"open","ping_status":"open","template":"","meta":[],"product_cat":[1777,1778],"product_tag":[1570],"acf":[],"yoast_head":"<!-- This site is optimized with the Yoast SEO plugin v21.7 - https:\/\/yoast.com\/wordpress\/plugins\/seo\/ -->\n<title>[ 3nstar ] &#129351; Rpt004 Miniprinter , Negro, Termica, 80mm, Usb, Ethernet Red, 230mm\/seg, Recibo<\/title>\n<meta name=\"description\" content=\"Compra Rpt004 Miniprinter , Negro, Termica, 80mm, Usb, Ethernet Red, 230mm\/seg, Recibo + Env\u00edo a domicilio + Pago seguro + Garant\u00eda\" \/>\n<meta name=\"robots\" content=\"index, follow, max-snippet:-1, max-image-preview:large, max-video-preview:-1\" \/>\n<link rel=\"canonical\" href=\"https:\/\/compuviper.mx\/tienda\/producto\/3nstar-rpt004-miniprinter-negro-termica-80mm-usb-ethernet-red-230mm-seg-recibo\/\" \/>\n<meta property=\"og:locale\" content=\"es_MX\" \/>\n<meta property=\"og:type\" content=\"article\" \/>\n<meta property=\"og:title\" content=\"[ 3nstar ] &#129351; Rpt004 Miniprinter , Negro, Termica, 80mm, Usb, Ethernet Red, 230mm\/seg, Recibo\" \/>\n<meta property=\"og:description\" content=\"Compra Rpt004 Miniprinter , Negro, Termica, 80mm, Usb, Ethernet Red, 230mm\/seg, Recibo + Env\u00edo a domicilio + Pago seguro + Garant\u00eda\" \/>\n<meta property=\"og:url\" content=\"https:\/\/compuviper.mx\/tienda\/producto\/3nstar-rpt004-miniprinter-negro-termica-80mm-usb-ethernet-red-230mm-seg-recibo\/\" \/>\n<meta property=\"og:site_name\" content=\"Compuviper\" \/>\n<meta property=\"article:publisher\" content=\"https:\/\/www.facebook.com\/compuviper\" \/>\n<meta property=\"og:image\" content=\"https:\/\/compuviper.mx\/tienda\/wp-content\/uploads\/2024\/09\/Miniprinter-3nstar-rpt004-negro-termica-80mm-usb-ethernet-red-230mmseg-recibo.jpg\" \/>\n\t<meta property=\"og:image:width\" content=\"200\" \/>\n\t<meta property=\"og:image:height\" content=\"200\" \/>\n\t<meta property=\"og:image:type\" content=\"image\/jpeg\" \/>\n<meta name=\"twitter:card\" content=\"summary_large_image\" \/>\n<meta name=\"twitter:label1\" content=\"Precio\" \/>\n\t<meta name=\"twitter:data1\" content=\"&#36;1,314 con IVA\" \/>\n\t<meta name=\"twitter:label2\" content=\"Availability\" \/>\n\t<meta name=\"twitter:data2\" content=\"In stock\" \/>\n<script type=\"application\/ld+json\" class=\"yoast-schema-graph\">{\"@context\":\"https:\/\/schema.org\",\"@graph\":[{\"@type\":\"WebPage\",\"@id\":\"https:\/\/compuviper.mx\/tienda\/producto\/3nstar-rpt004-miniprinter-negro-termica-80mm-usb-ethernet-red-230mm-seg-recibo\/\",\"url\":\"https:\/\/compuviper.mx\/tienda\/producto\/3nstar-rpt004-miniprinter-negro-termica-80mm-usb-ethernet-red-230mm-seg-recibo\/\",\"name\":\"[ 3nstar ] &#129351; Rpt004 Miniprinter , Negro, Termica, 80mm, Usb, Ethernet Red, 230mm\/seg, Recibo\",\"isPartOf\":{\"@id\":\"https:\/\/compuviper.mx\/tienda\/#website\"},\"datePublished\":\"2026-04-18T07:48:46+00:00\",\"dateModified\":\"2026-04-18T07:48:46+00:00\",\"description\":\"Compra Rpt004 Miniprinter , Negro, Termica, 80mm, Usb, Ethernet Red, 230mm\/seg, Recibo + Env\u00edo a domicilio + Pago seguro + Garant\u00eda\",\"breadcrumb\":{\"@id\":\"https:\/\/compuviper.mx\/tienda\/producto\/3nstar-rpt004-miniprinter-negro-termica-80mm-usb-ethernet-red-230mm-seg-recibo\/#breadcrumb\"},\"inLanguage\":\"es-MX\",\"potentialAction\":[{\"@type\":\"ReadAction\",\"target\":[\"https:\/\/compuviper.mx\/tienda\/producto\/3nstar-rpt004-miniprinter-negro-termica-80mm-usb-ethernet-red-230mm-seg-recibo\/\"]}]},{\"@type\":\"BreadcrumbList\",\"@id\":\"https:\/\/compuviper.mx\/tienda\/producto\/3nstar-rpt004-miniprinter-negro-termica-80mm-usb-ethernet-red-230mm-seg-recibo\/#breadcrumb\",\"itemListElement\":[{\"@type\":\"ListItem\",\"position\":1,\"name\":\"Inicio\",\"item\":\"https:\/\/compuviper.mx\/tienda\/\"},{\"@type\":\"ListItem\",\"position\":2,\"name\":\"Productos\",\"item\":\"https:\/\/compuviper.mx\/tienda\/productos\/\"},{\"@type\":\"ListItem\",\"position\":3,\"name\":\"Impresoras\",\"item\":\"https:\/\/compuviper.mx\/tienda\/categoria-producto\/impresoras\/\"},{\"@type\":\"ListItem\",\"position\":4,\"name\":\"Punto De Venta\",\"item\":\"https:\/\/compuviper.mx\/tienda\/categoria-producto\/impresoras\/punto-de-venta-impresoras\/\"},{\"@type\":\"ListItem\",\"position\":5,\"name\":\"3nstar Rpt004 Miniprinter , Negro, Termica, 80mm, Usb, Ethernet Red, 230mm\/seg, Recibo\"}]},{\"@type\":\"WebSite\",\"@id\":\"https:\/\/compuviper.mx\/tienda\/#website\",\"url\":\"https:\/\/compuviper.mx\/tienda\/\",\"name\":\"Compuviper\",\"description\":\"Proveedor de Computadoras, Laptops, Servidores, Monitores, Puntos de Venta, Teclados,   Impresoras, T\u00f3ner, C\u00e1maras de Seguridad y m\u00e1s en tu tienda en l\u00ednea\",\"publisher\":{\"@id\":\"https:\/\/compuviper.mx\/tienda\/#organization\"},\"potentialAction\":[{\"@type\":\"SearchAction\",\"target\":{\"@type\":\"EntryPoint\",\"urlTemplate\":\"https:\/\/compuviper.mx\/tienda\/?s={search_term_string}\"},\"query-input\":\"required name=search_term_string\"}],\"inLanguage\":\"es-MX\"},{\"@type\":\"Organization\",\"@id\":\"https:\/\/compuviper.mx\/tienda\/#organization\",\"name\":\"Compuviper\",\"url\":\"https:\/\/compuviper.mx\/tienda\/\",\"logo\":{\"@type\":\"ImageObject\",\"inLanguage\":\"es-MX\",\"@id\":\"https:\/\/compuviper.mx\/tienda\/#\/schema\/logo\/image\/\",\"url\":\"https:\/\/compuviper.mx\/tienda\/wp-content\/uploads\/2021\/08\/Logo-Compuviper-10.png\",\"contentUrl\":\"https:\/\/compuviper.mx\/tienda\/wp-content\/uploads\/2021\/08\/Logo-Compuviper-10.png\",\"width\":1000,\"height\":500,\"caption\":\"Compuviper\"},\"image\":{\"@id\":\"https:\/\/compuviper.mx\/tienda\/#\/schema\/logo\/image\/\"},\"sameAs\":[\"https:\/\/www.facebook.com\/compuviper\",\"https:\/\/www.youtube.com\/channel\/UCf73dERp9Y3cfOq7q8BhLjA?view_as=subscriber\"]}]}<\/script>\n<meta property=\"product:brand\" content=\"3NSTAR\" \/>\n<meta property=\"product:price:amount\" content=\"1314\" \/>\n<meta property=\"product:price:currency\" content=\"MXN\" \/>\n<meta property=\"og:availability\" content=\"instock\" \/>\n<meta property=\"product:availability\" content=\"instock\" \/>\n<meta property=\"product:retailer_item_id\" content=\"RPT004\" \/>\n<meta property=\"product:condition\" content=\"new\" \/>\n<!-- \/ Yoast SEO plugin. -->","yoast_head_json":{"title":"[ 3nstar ] &#129351; Rpt004 Miniprinter , Negro, Termica, 80mm, Usb, Ethernet Red, 230mm\/seg, Recibo","description":"Compra Rpt004 Miniprinter , Negro, Termica, 80mm, Usb, Ethernet Red, 230mm\/seg, Recibo + Env\u00edo a domicilio + Pago seguro + Garant\u00eda","robots":{"index":"index","follow":"follow","max-snippet":"max-snippet:-1","max-image-preview":"max-image-preview:large","max-video-preview":"max-video-preview:-1"},"canonical":"https:\/\/compuviper.mx\/tienda\/producto\/3nstar-rpt004-miniprinter-negro-termica-80mm-usb-ethernet-red-230mm-seg-recibo\/","og_locale":"es_MX","og_type":"article","og_title":"[ 3nstar ] &#129351; Rpt004 Miniprinter , Negro, Termica, 80mm, Usb, Ethernet Red, 230mm\/seg, Recibo","og_description":"Compra Rpt004 Miniprinter , Negro, Termica, 80mm, Usb, Ethernet Red, 230mm\/seg, Recibo + Env\u00edo a domicilio + Pago seguro + Garant\u00eda","og_url":"https:\/\/compuviper.mx\/tienda\/producto\/3nstar-rpt004-miniprinter-negro-termica-80mm-usb-ethernet-red-230mm-seg-recibo\/","og_site_name":"Compuviper","article_publisher":"https:\/\/www.facebook.com\/compuviper","og_image":[{"width":200,"height":200,"url":"https:\/\/compuviper.mx\/tienda\/wp-content\/uploads\/2024\/09\/Miniprinter-3nstar-rpt004-negro-termica-80mm-usb-ethernet-red-230mmseg-recibo.jpg","type":"image\/jpeg"}],"twitter_card":"summary_large_image","twitter_misc":{"Precio":"&#36;1,314 con IVA","Availability":"In stock"},"schema":{"@context":"https:\/\/schema.org","@graph":[{"@type":"WebPage","@id":"https:\/\/compuviper.mx\/tienda\/producto\/3nstar-rpt004-miniprinter-negro-termica-80mm-usb-ethernet-red-230mm-seg-recibo\/","url":"https:\/\/compuviper.mx\/tienda\/producto\/3nstar-rpt004-miniprinter-negro-termica-80mm-usb-ethernet-red-230mm-seg-recibo\/","name":"[ 3nstar ] &#129351; Rpt004 Miniprinter , Negro, Termica, 80mm, Usb, Ethernet Red, 230mm\/seg, Recibo","isPartOf":{"@id":"https:\/\/compuviper.mx\/tienda\/#website"},"datePublished":"2026-04-18T07:48:46+00:00","dateModified":"2026-04-18T07:48:46+00:00","description":"Compra Rpt004 Miniprinter , Negro, Termica, 80mm, Usb, Ethernet Red, 230mm\/seg, Recibo + Env\u00edo a domicilio + Pago seguro + Garant\u00eda","breadcrumb":{"@id":"https:\/\/compuviper.mx\/tienda\/producto\/3nstar-rpt004-miniprinter-negro-termica-80mm-usb-ethernet-red-230mm-seg-recibo\/#breadcrumb"},"inLanguage":"es-MX","potentialAction":[{"@type":"ReadAction","target":["https:\/\/compuviper.mx\/tienda\/producto\/3nstar-rpt004-miniprinter-negro-termica-80mm-usb-ethernet-red-230mm-seg-recibo\/"]}]},{"@type":"BreadcrumbList","@id":"https:\/\/compuviper.mx\/tienda\/producto\/3nstar-rpt004-miniprinter-negro-termica-80mm-usb-ethernet-red-230mm-seg-recibo\/#breadcrumb","itemListElement":[{"@type":"ListItem","position":1,"name":"Inicio","item":"https:\/\/compuviper.mx\/tienda\/"},{"@type":"ListItem","position":2,"name":"Productos","item":"https:\/\/compuviper.mx\/tienda\/productos\/"},{"@type":"ListItem","position":3,"name":"Impresoras","item":"https:\/\/compuviper.mx\/tienda\/categoria-producto\/impresoras\/"},{"@type":"ListItem","position":4,"name":"Punto De Venta","item":"https:\/\/compuviper.mx\/tienda\/categoria-producto\/impresoras\/punto-de-venta-impresoras\/"},{"@type":"ListItem","position":5,"name":"3nstar Rpt004 Miniprinter , Negro, Termica, 80mm, Usb, Ethernet Red, 230mm\/seg, Recibo"}]},{"@type":"WebSite","@id":"https:\/\/compuviper.mx\/tienda\/#website","url":"https:\/\/compuviper.mx\/tienda\/","name":"Compuviper","description":"Proveedor de Computadoras, Laptops, Servidores, Monitores, Puntos de Venta, Teclados,   Impresoras, T\u00f3ner, C\u00e1maras de Seguridad y m\u00e1s en tu tienda en l\u00ednea","publisher":{"@id":"https:\/\/compuviper.mx\/tienda\/#organization"},"potentialAction":[{"@type":"SearchAction","target":{"@type":"EntryPoint","urlTemplate":"https:\/\/compuviper.mx\/tienda\/?s={search_term_string}"},"query-input":"required name=search_term_string"}],"inLanguage":"es-MX"},{"@type":"Organization","@id":"https:\/\/compuviper.mx\/tienda\/#organization","name":"Compuviper","url":"https:\/\/compuviper.mx\/tienda\/","logo":{"@type":"ImageObject","inLanguage":"es-MX","@id":"https:\/\/compuviper.mx\/tienda\/#\/schema\/logo\/image\/","url":"https:\/\/compuviper.mx\/tienda\/wp-content\/uploads\/2021\/08\/Logo-Compuviper-10.png","contentUrl":"https:\/\/compuviper.mx\/tienda\/wp-content\/uploads\/2021\/08\/Logo-Compuviper-10.png","width":1000,"height":500,"caption":"Compuviper"},"image":{"@id":"https:\/\/compuviper.mx\/tienda\/#\/schema\/logo\/image\/"},"sameAs":["https:\/\/www.facebook.com\/compuviper","https:\/\/www.youtube.com\/channel\/UCf73dERp9Y3cfOq7q8BhLjA?view_as=subscriber"]}]},"product_brand":"3NSTAR","product_price_amount":"1314","product_price_currency":"MXN","og_availability":"instock","product_availability":"instock","product_retailer_item_id":"RPT004","product_condition":"new"},"_links":{"self":[{"href":"https:\/\/compuviper.mx\/tienda\/wp-json\/wp\/v2\/product\/236042"}],"collection":[{"href":"https:\/\/compuviper.mx\/tienda\/wp-json\/wp\/v2\/product"}],"about":[{"href":"https:\/\/compuviper.mx\/tienda\/wp-json\/wp\/v2\/types\/product"}],"replies":[{"embeddable":true,"href":"https:\/\/compuviper.mx\/tienda\/wp-json\/wp\/v2\/comments?post=236042"}],"wp:featuredmedia":[{"embeddable":true,"href":"https:\/\/compuviper.mx\/tienda\/wp-json\/wp\/v2\/media\/243199"}],"wp:attachment":[{"href":"https:\/\/compuviper.mx\/tienda\/wp-json\/wp\/v2\/media?parent=236042"}],"wp:term":[{"taxonomy":"product_cat","embeddable":true,"href":"https:\/\/compuviper.mx\/tienda\/wp-json\/wp\/v2\/product_cat?post=236042"},{"taxonomy":"product_tag","embeddable":true,"href":"https:\/\/compuviper.mx\/tienda\/wp-json\/wp\/v2\/product_tag?post=236042"}],"curies":[{"name":"wp","href":"https:\/\/api.w.org\/{rel}","templated":true}]}}