{"id":236040,"date":"2026-04-07T01:38:40","date_gmt":"2026-04-07T07:38:40","guid":{"rendered":"https:\/\/compuviper.mx\/tienda\/producto\/ec-line-ec-pm-x30-miniprinter-negro-termica-80-mm-usb-ethernet-red-rj11-corte-automatico-300-mm-seg\/"},"modified":"2026-04-07T01:38:41","modified_gmt":"2026-04-07T07:38:41","slug":"ec-line-ec-pm-x30-miniprinter-negro-termica-58mm-y-80-mm-usb-ethernet-red-rj11-corte-automatico-300-mm-seg","status":"publish","type":"product","link":"https:\/\/compuviper.mx\/tienda\/producto\/ec-line-ec-pm-x30-miniprinter-negro-termica-58mm-y-80-mm-usb-ethernet-red-rj11-corte-automatico-300-mm-seg\/","title":{"rendered":"Ec Line Ec-pm-x30 Miniprinter  , Negro, Termica, 58mm Y 80 Mm, Usb, Ethernet Red, Rj11, Corte Automatico, 300 Mm\/seg"},"content":{"rendered":"<table class=\"descripcion\">\n<tr>\n<td>Metodo de impresi\u00f3n t\u00e9rmica directa<\/td>\n<\/tr>\n<tr>\n<td>Ancho de impresi\u00f3n 79.5 +- 0.5 mm<\/td>\n<\/tr>\n<tr>\n<td>Velocidad de impresi\u00f3n 300 mm\/s<\/td>\n<\/tr>\n<tr>\n<td>Grosor de papel 0.06 ~0.08mm<\/td>\n<\/tr>\n<tr>\n<td>Interfaz usb+ lan<\/td>\n<\/tr>\n<tr>\n<td>Capacidad de columna 576 puntos\/l\u00ednea (ajustable por comando)<\/td>\n<\/tr>\n<tr>\n<td>Tama\u00f1o de caracter ank, fuente a: 1,5 x 3,0 mm (12 x 2 4 puntos) fuente b: 1 ,1 x 2,1 mm (9 x 17 puntos) chino, chino tradicional: 3,0 x 3,0 mm (2 4 x 2 4 puntos)<\/td>\n<\/tr>\n<tr>\n<td>Codigo de barras upc-a\/upc-e\/13 de enero (ean13)\/8 de enero (ean8)\/c\u00f3dlg039\/ltf\/codabar\/ c\u00f3dig093\/c\u00f3dlg0128 c\u00f3digo qr, pdf417<\/td>\n<\/tr>\n<tr>\n<td>P\u00e1gina de c\u00f3digo pc34 7 (europa est\u00e1ndar)\/ katakana\/ pc850 (multiling\u00fce) \/ pc860 (portugu\u00e9s) \/pc863<\/td>\n<\/tr>\n<tr>\n<td>(franc\u00e9s canadiense)\/pc865 (n\u00f3rdico)\/europa occidental\/griego\/hebreo\/europa del este\/<\/td>\n<\/tr>\n<tr>\n<td>Iran\/wpcl   pti 51 (1251)<\/td>\n<\/tr>\n<tr>\n<td>Cortador automatico cabezal de impresi\u00f3n 2 millones de cortes parciales<\/td>\n<\/tr>\n<tr>\n<td>Buffer de entrada niv flash 2048 kbytes<\/td>\n<\/tr>\n<tr>\n<td>Adaptador de corriente fuente de alimentaci\u00f3n 256 kbytes<\/td>\n<\/tr>\n<tr>\n<td>Salida de caj\u00f3n de dinero rj11<\/td>\n<\/tr>\n<tr>\n<td>Temperatura de trabajo 0-45%, humedad:  temperatura: -10\u009760%,<\/td>\n<\/tr>\n<tr>\n<td>Temperatura de almacenamiento humedad: 10-90%<\/td>\n<\/tr>\n<tr>\n<td>Peso 1.115kg<\/td>\n<\/tr>\n<tr>\n<td>Dimensiones lx an x al 133x126x130 mm (ancho x profundidad x alto)<\/td>\n<\/tr>\n<\/table>\n","protected":false},"excerpt":{"rendered":"<p>La minipriner de 80 mm compacta y duradera perfecta para cualquier comercio, con la mejor compatibilidad del mercado<\/p>\n","protected":false},"featured_media":236041,"comment_status":"open","ping_status":"open","template":"","meta":[],"product_cat":[1777,1778],"product_tag":[1600],"acf":[],"yoast_head":"<!-- This site is optimized with the Yoast SEO plugin v21.7 - https:\/\/yoast.com\/wordpress\/plugins\/seo\/ -->\n<title>[ Ec Line ] &#129351; Ec-pm-x30 Miniprinter , Negro, Termica, 58mm Y 80 Mm, Usb, Ethernet Red, Rj11, Corte Automatico, 300 Mm\/seg<\/title>\n<meta name=\"description\" content=\"Compra Ec-pm-x30 Miniprinter , Negro, Termica, 58mm Y 80 Mm, Usb, Ethernet Red, Rj11, Corte Automatico, 300 Mm\/seg + Env\u00edo a domicilio + Pago seguro + Garant\u00eda\" \/>\n<meta name=\"robots\" content=\"index, follow, max-snippet:-1, max-image-preview:large, max-video-preview:-1\" \/>\n<link rel=\"canonical\" href=\"https:\/\/compuviper.mx\/tienda\/producto\/ec-line-ec-pm-x30-miniprinter-negro-termica-58mm-y-80-mm-usb-ethernet-red-rj11-corte-automatico-300-mm-seg\/\" \/>\n<meta property=\"og:locale\" content=\"es_MX\" \/>\n<meta property=\"og:type\" content=\"article\" \/>\n<meta property=\"og:title\" content=\"[ Ec Line ] &#129351; Ec-pm-x30 Miniprinter , Negro, Termica, 58mm Y 80 Mm, Usb, Ethernet Red, Rj11, Corte Automatico, 300 Mm\/seg\" \/>\n<meta property=\"og:description\" content=\"Compra Ec-pm-x30 Miniprinter , Negro, Termica, 58mm Y 80 Mm, Usb, Ethernet Red, Rj11, Corte Automatico, 300 Mm\/seg + Env\u00edo a domicilio + Pago seguro + Garant\u00eda\" \/>\n<meta property=\"og:url\" content=\"https:\/\/compuviper.mx\/tienda\/producto\/ec-line-ec-pm-x30-miniprinter-negro-termica-58mm-y-80-mm-usb-ethernet-red-rj11-corte-automatico-300-mm-seg\/\" \/>\n<meta property=\"og:site_name\" content=\"Compuviper\" \/>\n<meta property=\"article:publisher\" content=\"https:\/\/www.facebook.com\/compuviper\" \/>\n<meta property=\"article:modified_time\" content=\"2026-04-07T07:38:41+00:00\" \/>\n<meta property=\"og:image\" content=\"https:\/\/compuviper.mx\/tienda\/wp-content\/uploads\/2024\/06\/Miniprinter-ec-line-ec-pm-x30-negro-termica-80-mm-usb-ethernet-red-rj11-corte-automatico-300-mmseg.jpg\" \/>\n\t<meta property=\"og:image:width\" content=\"200\" \/>\n\t<meta property=\"og:image:height\" content=\"200\" \/>\n\t<meta property=\"og:image:type\" content=\"image\/jpeg\" \/>\n<meta name=\"twitter:card\" content=\"summary_large_image\" \/>\n<meta name=\"twitter:label1\" content=\"Precio\" \/>\n\t<meta name=\"twitter:data1\" content=\"&#36;2,344 con IVA\" \/>\n\t<meta name=\"twitter:label2\" content=\"Availability\" \/>\n\t<meta name=\"twitter:data2\" content=\"In stock\" \/>\n<script type=\"application\/ld+json\" class=\"yoast-schema-graph\">{\"@context\":\"https:\/\/schema.org\",\"@graph\":[{\"@type\":\"WebPage\",\"@id\":\"https:\/\/compuviper.mx\/tienda\/producto\/ec-line-ec-pm-x30-miniprinter-negro-termica-58mm-y-80-mm-usb-ethernet-red-rj11-corte-automatico-300-mm-seg\/\",\"url\":\"https:\/\/compuviper.mx\/tienda\/producto\/ec-line-ec-pm-x30-miniprinter-negro-termica-58mm-y-80-mm-usb-ethernet-red-rj11-corte-automatico-300-mm-seg\/\",\"name\":\"[ Ec Line ] &#129351; Ec-pm-x30 Miniprinter , Negro, Termica, 58mm Y 80 Mm, Usb, Ethernet Red, Rj11, Corte Automatico, 300 Mm\/seg\",\"isPartOf\":{\"@id\":\"https:\/\/compuviper.mx\/tienda\/#website\"},\"datePublished\":\"2026-04-07T07:38:40+00:00\",\"dateModified\":\"2026-04-07T07:38:41+00:00\",\"description\":\"Compra Ec-pm-x30 Miniprinter , Negro, Termica, 58mm Y 80 Mm, Usb, Ethernet Red, Rj11, Corte Automatico, 300 Mm\/seg + Env\u00edo a domicilio + Pago seguro + Garant\u00eda\",\"breadcrumb\":{\"@id\":\"https:\/\/compuviper.mx\/tienda\/producto\/ec-line-ec-pm-x30-miniprinter-negro-termica-58mm-y-80-mm-usb-ethernet-red-rj11-corte-automatico-300-mm-seg\/#breadcrumb\"},\"inLanguage\":\"es-MX\",\"potentialAction\":[{\"@type\":\"ReadAction\",\"target\":[\"https:\/\/compuviper.mx\/tienda\/producto\/ec-line-ec-pm-x30-miniprinter-negro-termica-58mm-y-80-mm-usb-ethernet-red-rj11-corte-automatico-300-mm-seg\/\"]}]},{\"@type\":\"BreadcrumbList\",\"@id\":\"https:\/\/compuviper.mx\/tienda\/producto\/ec-line-ec-pm-x30-miniprinter-negro-termica-58mm-y-80-mm-usb-ethernet-red-rj11-corte-automatico-300-mm-seg\/#breadcrumb\",\"itemListElement\":[{\"@type\":\"ListItem\",\"position\":1,\"name\":\"Inicio\",\"item\":\"https:\/\/compuviper.mx\/tienda\/\"},{\"@type\":\"ListItem\",\"position\":2,\"name\":\"Productos\",\"item\":\"https:\/\/compuviper.mx\/tienda\/productos\/\"},{\"@type\":\"ListItem\",\"position\":3,\"name\":\"Impresoras\",\"item\":\"https:\/\/compuviper.mx\/tienda\/categoria-producto\/impresoras\/\"},{\"@type\":\"ListItem\",\"position\":4,\"name\":\"Punto De Venta\",\"item\":\"https:\/\/compuviper.mx\/tienda\/categoria-producto\/impresoras\/punto-de-venta-impresoras\/\"},{\"@type\":\"ListItem\",\"position\":5,\"name\":\"Ec Line Ec-pm-x30 Miniprinter , Negro, Termica, 58mm Y 80 Mm, Usb, Ethernet Red, Rj11, Corte Automatico, 300 Mm\/seg\"}]},{\"@type\":\"WebSite\",\"@id\":\"https:\/\/compuviper.mx\/tienda\/#website\",\"url\":\"https:\/\/compuviper.mx\/tienda\/\",\"name\":\"Compuviper\",\"description\":\"Proveedor de Computadoras, Laptops, Servidores, Monitores, Puntos de Venta, Teclados,   Impresoras, T\u00f3ner, C\u00e1maras de Seguridad y m\u00e1s en tu tienda en l\u00ednea\",\"publisher\":{\"@id\":\"https:\/\/compuviper.mx\/tienda\/#organization\"},\"potentialAction\":[{\"@type\":\"SearchAction\",\"target\":{\"@type\":\"EntryPoint\",\"urlTemplate\":\"https:\/\/compuviper.mx\/tienda\/?s={search_term_string}\"},\"query-input\":\"required name=search_term_string\"}],\"inLanguage\":\"es-MX\"},{\"@type\":\"Organization\",\"@id\":\"https:\/\/compuviper.mx\/tienda\/#organization\",\"name\":\"Compuviper\",\"url\":\"https:\/\/compuviper.mx\/tienda\/\",\"logo\":{\"@type\":\"ImageObject\",\"inLanguage\":\"es-MX\",\"@id\":\"https:\/\/compuviper.mx\/tienda\/#\/schema\/logo\/image\/\",\"url\":\"https:\/\/compuviper.mx\/tienda\/wp-content\/uploads\/2021\/08\/Logo-Compuviper-10.png\",\"contentUrl\":\"https:\/\/compuviper.mx\/tienda\/wp-content\/uploads\/2021\/08\/Logo-Compuviper-10.png\",\"width\":1000,\"height\":500,\"caption\":\"Compuviper\"},\"image\":{\"@id\":\"https:\/\/compuviper.mx\/tienda\/#\/schema\/logo\/image\/\"},\"sameAs\":[\"https:\/\/www.facebook.com\/compuviper\",\"https:\/\/www.youtube.com\/channel\/UCf73dERp9Y3cfOq7q8BhLjA?view_as=subscriber\"]}]}<\/script>\n<meta property=\"product:brand\" content=\"EC LINE\" \/>\n<meta property=\"product:price:amount\" content=\"2344\" \/>\n<meta property=\"product:price:currency\" content=\"MXN\" \/>\n<meta property=\"og:availability\" content=\"instock\" \/>\n<meta property=\"product:availability\" content=\"instock\" \/>\n<meta property=\"product:retailer_item_id\" content=\"EC-PM-X30\" \/>\n<meta property=\"product:condition\" content=\"new\" \/>\n<!-- \/ Yoast SEO plugin. -->","yoast_head_json":{"title":"[ Ec Line ] &#129351; Ec-pm-x30 Miniprinter , Negro, Termica, 58mm Y 80 Mm, Usb, Ethernet Red, Rj11, Corte Automatico, 300 Mm\/seg","description":"Compra Ec-pm-x30 Miniprinter , Negro, Termica, 58mm Y 80 Mm, Usb, Ethernet Red, Rj11, Corte Automatico, 300 Mm\/seg + Env\u00edo a domicilio + Pago seguro + Garant\u00eda","robots":{"index":"index","follow":"follow","max-snippet":"max-snippet:-1","max-image-preview":"max-image-preview:large","max-video-preview":"max-video-preview:-1"},"canonical":"https:\/\/compuviper.mx\/tienda\/producto\/ec-line-ec-pm-x30-miniprinter-negro-termica-58mm-y-80-mm-usb-ethernet-red-rj11-corte-automatico-300-mm-seg\/","og_locale":"es_MX","og_type":"article","og_title":"[ Ec Line ] &#129351; Ec-pm-x30 Miniprinter , Negro, Termica, 58mm Y 80 Mm, Usb, Ethernet Red, Rj11, Corte Automatico, 300 Mm\/seg","og_description":"Compra Ec-pm-x30 Miniprinter , Negro, Termica, 58mm Y 80 Mm, Usb, Ethernet Red, Rj11, Corte Automatico, 300 Mm\/seg + Env\u00edo a domicilio + Pago seguro + Garant\u00eda","og_url":"https:\/\/compuviper.mx\/tienda\/producto\/ec-line-ec-pm-x30-miniprinter-negro-termica-58mm-y-80-mm-usb-ethernet-red-rj11-corte-automatico-300-mm-seg\/","og_site_name":"Compuviper","article_publisher":"https:\/\/www.facebook.com\/compuviper","article_modified_time":"2026-04-07T07:38:41+00:00","og_image":[{"width":200,"height":200,"url":"https:\/\/compuviper.mx\/tienda\/wp-content\/uploads\/2024\/06\/Miniprinter-ec-line-ec-pm-x30-negro-termica-80-mm-usb-ethernet-red-rj11-corte-automatico-300-mmseg.jpg","type":"image\/jpeg"}],"twitter_card":"summary_large_image","twitter_misc":{"Precio":"&#36;2,344 con IVA","Availability":"In stock"},"schema":{"@context":"https:\/\/schema.org","@graph":[{"@type":"WebPage","@id":"https:\/\/compuviper.mx\/tienda\/producto\/ec-line-ec-pm-x30-miniprinter-negro-termica-58mm-y-80-mm-usb-ethernet-red-rj11-corte-automatico-300-mm-seg\/","url":"https:\/\/compuviper.mx\/tienda\/producto\/ec-line-ec-pm-x30-miniprinter-negro-termica-58mm-y-80-mm-usb-ethernet-red-rj11-corte-automatico-300-mm-seg\/","name":"[ Ec Line ] &#129351; Ec-pm-x30 Miniprinter , Negro, Termica, 58mm Y 80 Mm, Usb, Ethernet Red, Rj11, Corte Automatico, 300 Mm\/seg","isPartOf":{"@id":"https:\/\/compuviper.mx\/tienda\/#website"},"datePublished":"2026-04-07T07:38:40+00:00","dateModified":"2026-04-07T07:38:41+00:00","description":"Compra Ec-pm-x30 Miniprinter , Negro, Termica, 58mm Y 80 Mm, Usb, Ethernet Red, Rj11, Corte Automatico, 300 Mm\/seg + Env\u00edo a domicilio + Pago seguro + Garant\u00eda","breadcrumb":{"@id":"https:\/\/compuviper.mx\/tienda\/producto\/ec-line-ec-pm-x30-miniprinter-negro-termica-58mm-y-80-mm-usb-ethernet-red-rj11-corte-automatico-300-mm-seg\/#breadcrumb"},"inLanguage":"es-MX","potentialAction":[{"@type":"ReadAction","target":["https:\/\/compuviper.mx\/tienda\/producto\/ec-line-ec-pm-x30-miniprinter-negro-termica-58mm-y-80-mm-usb-ethernet-red-rj11-corte-automatico-300-mm-seg\/"]}]},{"@type":"BreadcrumbList","@id":"https:\/\/compuviper.mx\/tienda\/producto\/ec-line-ec-pm-x30-miniprinter-negro-termica-58mm-y-80-mm-usb-ethernet-red-rj11-corte-automatico-300-mm-seg\/#breadcrumb","itemListElement":[{"@type":"ListItem","position":1,"name":"Inicio","item":"https:\/\/compuviper.mx\/tienda\/"},{"@type":"ListItem","position":2,"name":"Productos","item":"https:\/\/compuviper.mx\/tienda\/productos\/"},{"@type":"ListItem","position":3,"name":"Impresoras","item":"https:\/\/compuviper.mx\/tienda\/categoria-producto\/impresoras\/"},{"@type":"ListItem","position":4,"name":"Punto De Venta","item":"https:\/\/compuviper.mx\/tienda\/categoria-producto\/impresoras\/punto-de-venta-impresoras\/"},{"@type":"ListItem","position":5,"name":"Ec Line Ec-pm-x30 Miniprinter , Negro, Termica, 58mm Y 80 Mm, Usb, Ethernet Red, Rj11, Corte Automatico, 300 Mm\/seg"}]},{"@type":"WebSite","@id":"https:\/\/compuviper.mx\/tienda\/#website","url":"https:\/\/compuviper.mx\/tienda\/","name":"Compuviper","description":"Proveedor de Computadoras, Laptops, Servidores, Monitores, Puntos de Venta, Teclados,   Impresoras, T\u00f3ner, C\u00e1maras de Seguridad y m\u00e1s en tu tienda en l\u00ednea","publisher":{"@id":"https:\/\/compuviper.mx\/tienda\/#organization"},"potentialAction":[{"@type":"SearchAction","target":{"@type":"EntryPoint","urlTemplate":"https:\/\/compuviper.mx\/tienda\/?s={search_term_string}"},"query-input":"required name=search_term_string"}],"inLanguage":"es-MX"},{"@type":"Organization","@id":"https:\/\/compuviper.mx\/tienda\/#organization","name":"Compuviper","url":"https:\/\/compuviper.mx\/tienda\/","logo":{"@type":"ImageObject","inLanguage":"es-MX","@id":"https:\/\/compuviper.mx\/tienda\/#\/schema\/logo\/image\/","url":"https:\/\/compuviper.mx\/tienda\/wp-content\/uploads\/2021\/08\/Logo-Compuviper-10.png","contentUrl":"https:\/\/compuviper.mx\/tienda\/wp-content\/uploads\/2021\/08\/Logo-Compuviper-10.png","width":1000,"height":500,"caption":"Compuviper"},"image":{"@id":"https:\/\/compuviper.mx\/tienda\/#\/schema\/logo\/image\/"},"sameAs":["https:\/\/www.facebook.com\/compuviper","https:\/\/www.youtube.com\/channel\/UCf73dERp9Y3cfOq7q8BhLjA?view_as=subscriber"]}]},"product_brand":"EC LINE","product_price_amount":"2344","product_price_currency":"MXN","og_availability":"instock","product_availability":"instock","product_retailer_item_id":"EC-PM-X30","product_condition":"new"},"_links":{"self":[{"href":"https:\/\/compuviper.mx\/tienda\/wp-json\/wp\/v2\/product\/236040"}],"collection":[{"href":"https:\/\/compuviper.mx\/tienda\/wp-json\/wp\/v2\/product"}],"about":[{"href":"https:\/\/compuviper.mx\/tienda\/wp-json\/wp\/v2\/types\/product"}],"replies":[{"embeddable":true,"href":"https:\/\/compuviper.mx\/tienda\/wp-json\/wp\/v2\/comments?post=236040"}],"wp:featuredmedia":[{"embeddable":true,"href":"https:\/\/compuviper.mx\/tienda\/wp-json\/wp\/v2\/media\/236041"}],"wp:attachment":[{"href":"https:\/\/compuviper.mx\/tienda\/wp-json\/wp\/v2\/media?parent=236040"}],"wp:term":[{"taxonomy":"product_cat","embeddable":true,"href":"https:\/\/compuviper.mx\/tienda\/wp-json\/wp\/v2\/product_cat?post=236040"},{"taxonomy":"product_tag","embeddable":true,"href":"https:\/\/compuviper.mx\/tienda\/wp-json\/wp\/v2\/product_tag?post=236040"}],"curies":[{"name":"wp","href":"https:\/\/api.w.org\/{rel}","templated":true}]}}