{"id":236036,"date":"2026-04-02T01:38:30","date_gmt":"2026-04-02T07:38:30","guid":{"rendered":"https:\/\/compuviper.mx\/tienda\/producto\/apc-wstrtup7x24-ax-34-start-up-service-7x24-for-1-in-row-acrd-300-and-301-series\/"},"modified":"2026-04-02T01:38:31","modified_gmt":"2026-04-02T07:38:31","slug":"apc-wstrtup7x24-ax-34-start-up-service-7x24-for-1-in-row-acrd-300-and-301-series","status":"publish","type":"product","link":"https:\/\/compuviper.mx\/tienda\/producto\/apc-wstrtup7x24-ax-34-start-up-service-7x24-for-1-in-row-acrd-300-and-301-series\/","title":{"rendered":"Apc Wstrtup7x24-ax-34 Start-up Service 7&#215;24 For (1) In Row Acrd 300 And 301 Series"},"content":{"rendered":"<table class=\"descripcion\">\n<tr>\n<td>Start-up service 7&#215;24 for (1) in row acrd 300 and 301 series<\/td>\n<\/tr>\n<\/table>\n","protected":false},"excerpt":{"rendered":"<p>Poliza de servicio apc para inrow acrd 300 and 301 series<\/p>\n","protected":false},"featured_media":243131,"comment_status":"open","ping_status":"open","template":"","meta":[],"product_cat":[1982,1983],"product_tag":[1694],"acf":[],"yoast_head":"<!-- This site is optimized with the Yoast SEO plugin v21.7 - https:\/\/yoast.com\/wordpress\/plugins\/seo\/ -->\n<title>[ Apc ] &#129351; Wstrtup7x24-ax-34 Start-up Service 7x24 For (1) In Row Acrd 300 And 301 Series<\/title>\n<meta name=\"description\" content=\"Compra Wstrtup7x24-ax-34 Start-up Service 7x24 For (1) In Row Acrd 300 And 301 Series + Env\u00edo a domicilio + Pago seguro + Garant\u00eda\" \/>\n<meta name=\"robots\" content=\"index, follow, max-snippet:-1, max-image-preview:large, max-video-preview:-1\" \/>\n<link rel=\"canonical\" href=\"https:\/\/compuviper.mx\/tienda\/producto\/apc-wstrtup7x24-ax-34-start-up-service-7x24-for-1-in-row-acrd-300-and-301-series\/\" \/>\n<meta property=\"og:locale\" content=\"es_MX\" \/>\n<meta property=\"og:type\" content=\"article\" \/>\n<meta property=\"og:title\" content=\"[ Apc ] &#129351; Wstrtup7x24-ax-34 Start-up Service 7x24 For (1) In Row Acrd 300 And 301 Series\" \/>\n<meta property=\"og:description\" content=\"Compra Wstrtup7x24-ax-34 Start-up Service 7x24 For (1) In Row Acrd 300 And 301 Series + Env\u00edo a domicilio + Pago seguro + Garant\u00eda\" \/>\n<meta property=\"og:url\" content=\"https:\/\/compuviper.mx\/tienda\/producto\/apc-wstrtup7x24-ax-34-start-up-service-7x24-for-1-in-row-acrd-300-and-301-series\/\" \/>\n<meta property=\"og:site_name\" content=\"Compuviper\" \/>\n<meta property=\"article:publisher\" content=\"https:\/\/www.facebook.com\/compuviper\" \/>\n<meta property=\"article:modified_time\" content=\"2026-04-02T07:38:31+00:00\" \/>\n<meta property=\"og:image\" content=\"https:\/\/compuviper.mx\/tienda\/wp-content\/uploads\/2024\/09\/Start-up-service-7x24-for-1-in-row-acrd-300-and-301-series.jpg\" \/>\n\t<meta property=\"og:image:width\" content=\"200\" \/>\n\t<meta property=\"og:image:height\" content=\"200\" \/>\n\t<meta property=\"og:image:type\" content=\"image\/jpeg\" \/>\n<meta name=\"twitter:card\" content=\"summary_large_image\" \/>\n<meta name=\"twitter:label1\" content=\"Precio\" \/>\n\t<meta name=\"twitter:data1\" content=\"&#36;24,972 con IVA\" \/>\n\t<meta name=\"twitter:label2\" content=\"Availability\" \/>\n\t<meta name=\"twitter:data2\" content=\"On backorder\" \/>\n<script type=\"application\/ld+json\" class=\"yoast-schema-graph\">{\"@context\":\"https:\/\/schema.org\",\"@graph\":[{\"@type\":\"WebPage\",\"@id\":\"https:\/\/compuviper.mx\/tienda\/producto\/apc-wstrtup7x24-ax-34-start-up-service-7x24-for-1-in-row-acrd-300-and-301-series\/\",\"url\":\"https:\/\/compuviper.mx\/tienda\/producto\/apc-wstrtup7x24-ax-34-start-up-service-7x24-for-1-in-row-acrd-300-and-301-series\/\",\"name\":\"[ Apc ] &#129351; Wstrtup7x24-ax-34 Start-up Service 7x24 For (1) In Row Acrd 300 And 301 Series\",\"isPartOf\":{\"@id\":\"https:\/\/compuviper.mx\/tienda\/#website\"},\"datePublished\":\"2026-04-02T07:38:30+00:00\",\"dateModified\":\"2026-04-02T07:38:31+00:00\",\"description\":\"Compra Wstrtup7x24-ax-34 Start-up Service 7x24 For (1) In Row Acrd 300 And 301 Series + Env\u00edo a domicilio + Pago seguro + Garant\u00eda\",\"breadcrumb\":{\"@id\":\"https:\/\/compuviper.mx\/tienda\/producto\/apc-wstrtup7x24-ax-34-start-up-service-7x24-for-1-in-row-acrd-300-and-301-series\/#breadcrumb\"},\"inLanguage\":\"es-MX\",\"potentialAction\":[{\"@type\":\"ReadAction\",\"target\":[\"https:\/\/compuviper.mx\/tienda\/producto\/apc-wstrtup7x24-ax-34-start-up-service-7x24-for-1-in-row-acrd-300-and-301-series\/\"]}]},{\"@type\":\"BreadcrumbList\",\"@id\":\"https:\/\/compuviper.mx\/tienda\/producto\/apc-wstrtup7x24-ax-34-start-up-service-7x24-for-1-in-row-acrd-300-and-301-series\/#breadcrumb\",\"itemListElement\":[{\"@type\":\"ListItem\",\"position\":1,\"name\":\"Inicio\",\"item\":\"https:\/\/compuviper.mx\/tienda\/\"},{\"@type\":\"ListItem\",\"position\":2,\"name\":\"Productos\",\"item\":\"https:\/\/compuviper.mx\/tienda\/productos\/\"},{\"@type\":\"ListItem\",\"position\":3,\"name\":\"Poliza De Servicio\",\"item\":\"https:\/\/compuviper.mx\/tienda\/categoria-producto\/poliza-de-servicio\/\"},{\"@type\":\"ListItem\",\"position\":4,\"name\":\"Sin Categor\u00eda\",\"item\":\"https:\/\/compuviper.mx\/tienda\/categoria-producto\/poliza-de-servicio\/sin-categoria-poliza-de-servicio\/\"},{\"@type\":\"ListItem\",\"position\":5,\"name\":\"Apc Wstrtup7x24-ax-34 Start-up Service 7&#215;24 For (1) In Row Acrd 300 And 301 Series\"}]},{\"@type\":\"WebSite\",\"@id\":\"https:\/\/compuviper.mx\/tienda\/#website\",\"url\":\"https:\/\/compuviper.mx\/tienda\/\",\"name\":\"Compuviper\",\"description\":\"Proveedor de Computadoras, Laptops, Servidores, Monitores, Puntos de Venta, Teclados,   Impresoras, T\u00f3ner, C\u00e1maras de Seguridad y m\u00e1s en tu tienda en l\u00ednea\",\"publisher\":{\"@id\":\"https:\/\/compuviper.mx\/tienda\/#organization\"},\"potentialAction\":[{\"@type\":\"SearchAction\",\"target\":{\"@type\":\"EntryPoint\",\"urlTemplate\":\"https:\/\/compuviper.mx\/tienda\/?s={search_term_string}\"},\"query-input\":\"required name=search_term_string\"}],\"inLanguage\":\"es-MX\"},{\"@type\":\"Organization\",\"@id\":\"https:\/\/compuviper.mx\/tienda\/#organization\",\"name\":\"Compuviper\",\"url\":\"https:\/\/compuviper.mx\/tienda\/\",\"logo\":{\"@type\":\"ImageObject\",\"inLanguage\":\"es-MX\",\"@id\":\"https:\/\/compuviper.mx\/tienda\/#\/schema\/logo\/image\/\",\"url\":\"https:\/\/compuviper.mx\/tienda\/wp-content\/uploads\/2021\/08\/Logo-Compuviper-10.png\",\"contentUrl\":\"https:\/\/compuviper.mx\/tienda\/wp-content\/uploads\/2021\/08\/Logo-Compuviper-10.png\",\"width\":1000,\"height\":500,\"caption\":\"Compuviper\"},\"image\":{\"@id\":\"https:\/\/compuviper.mx\/tienda\/#\/schema\/logo\/image\/\"},\"sameAs\":[\"https:\/\/www.facebook.com\/compuviper\",\"https:\/\/www.youtube.com\/channel\/UCf73dERp9Y3cfOq7q8BhLjA?view_as=subscriber\"]}]}<\/script>\n<meta property=\"product:brand\" content=\"APC\" \/>\n<meta property=\"product:price:amount\" content=\"24972\" \/>\n<meta property=\"product:price:currency\" content=\"MXN\" \/>\n<meta property=\"og:availability\" content=\"backorder\" \/>\n<meta property=\"product:availability\" content=\"available for order\" \/>\n<meta property=\"product:retailer_item_id\" content=\"WSTRTUP7X24-AX-34\" \/>\n<meta property=\"product:condition\" content=\"new\" \/>\n<!-- \/ Yoast SEO plugin. -->","yoast_head_json":{"title":"[ Apc ] &#129351; Wstrtup7x24-ax-34 Start-up Service 7x24 For (1) In Row Acrd 300 And 301 Series","description":"Compra Wstrtup7x24-ax-34 Start-up Service 7x24 For (1) In Row Acrd 300 And 301 Series + Env\u00edo a domicilio + Pago seguro + Garant\u00eda","robots":{"index":"index","follow":"follow","max-snippet":"max-snippet:-1","max-image-preview":"max-image-preview:large","max-video-preview":"max-video-preview:-1"},"canonical":"https:\/\/compuviper.mx\/tienda\/producto\/apc-wstrtup7x24-ax-34-start-up-service-7x24-for-1-in-row-acrd-300-and-301-series\/","og_locale":"es_MX","og_type":"article","og_title":"[ Apc ] &#129351; Wstrtup7x24-ax-34 Start-up Service 7x24 For (1) In Row Acrd 300 And 301 Series","og_description":"Compra Wstrtup7x24-ax-34 Start-up Service 7x24 For (1) In Row Acrd 300 And 301 Series + Env\u00edo a domicilio + Pago seguro + Garant\u00eda","og_url":"https:\/\/compuviper.mx\/tienda\/producto\/apc-wstrtup7x24-ax-34-start-up-service-7x24-for-1-in-row-acrd-300-and-301-series\/","og_site_name":"Compuviper","article_publisher":"https:\/\/www.facebook.com\/compuviper","article_modified_time":"2026-04-02T07:38:31+00:00","og_image":[{"width":200,"height":200,"url":"https:\/\/compuviper.mx\/tienda\/wp-content\/uploads\/2024\/09\/Start-up-service-7x24-for-1-in-row-acrd-300-and-301-series.jpg","type":"image\/jpeg"}],"twitter_card":"summary_large_image","twitter_misc":{"Precio":"&#36;24,972 con IVA","Availability":"On backorder"},"schema":{"@context":"https:\/\/schema.org","@graph":[{"@type":"WebPage","@id":"https:\/\/compuviper.mx\/tienda\/producto\/apc-wstrtup7x24-ax-34-start-up-service-7x24-for-1-in-row-acrd-300-and-301-series\/","url":"https:\/\/compuviper.mx\/tienda\/producto\/apc-wstrtup7x24-ax-34-start-up-service-7x24-for-1-in-row-acrd-300-and-301-series\/","name":"[ Apc ] &#129351; Wstrtup7x24-ax-34 Start-up Service 7x24 For (1) In Row Acrd 300 And 301 Series","isPartOf":{"@id":"https:\/\/compuviper.mx\/tienda\/#website"},"datePublished":"2026-04-02T07:38:30+00:00","dateModified":"2026-04-02T07:38:31+00:00","description":"Compra Wstrtup7x24-ax-34 Start-up Service 7x24 For (1) In Row Acrd 300 And 301 Series + Env\u00edo a domicilio + Pago seguro + Garant\u00eda","breadcrumb":{"@id":"https:\/\/compuviper.mx\/tienda\/producto\/apc-wstrtup7x24-ax-34-start-up-service-7x24-for-1-in-row-acrd-300-and-301-series\/#breadcrumb"},"inLanguage":"es-MX","potentialAction":[{"@type":"ReadAction","target":["https:\/\/compuviper.mx\/tienda\/producto\/apc-wstrtup7x24-ax-34-start-up-service-7x24-for-1-in-row-acrd-300-and-301-series\/"]}]},{"@type":"BreadcrumbList","@id":"https:\/\/compuviper.mx\/tienda\/producto\/apc-wstrtup7x24-ax-34-start-up-service-7x24-for-1-in-row-acrd-300-and-301-series\/#breadcrumb","itemListElement":[{"@type":"ListItem","position":1,"name":"Inicio","item":"https:\/\/compuviper.mx\/tienda\/"},{"@type":"ListItem","position":2,"name":"Productos","item":"https:\/\/compuviper.mx\/tienda\/productos\/"},{"@type":"ListItem","position":3,"name":"Poliza De Servicio","item":"https:\/\/compuviper.mx\/tienda\/categoria-producto\/poliza-de-servicio\/"},{"@type":"ListItem","position":4,"name":"Sin Categor\u00eda","item":"https:\/\/compuviper.mx\/tienda\/categoria-producto\/poliza-de-servicio\/sin-categoria-poliza-de-servicio\/"},{"@type":"ListItem","position":5,"name":"Apc Wstrtup7x24-ax-34 Start-up Service 7&#215;24 For (1) In Row Acrd 300 And 301 Series"}]},{"@type":"WebSite","@id":"https:\/\/compuviper.mx\/tienda\/#website","url":"https:\/\/compuviper.mx\/tienda\/","name":"Compuviper","description":"Proveedor de Computadoras, Laptops, Servidores, Monitores, Puntos de Venta, Teclados,   Impresoras, T\u00f3ner, C\u00e1maras de Seguridad y m\u00e1s en tu tienda en l\u00ednea","publisher":{"@id":"https:\/\/compuviper.mx\/tienda\/#organization"},"potentialAction":[{"@type":"SearchAction","target":{"@type":"EntryPoint","urlTemplate":"https:\/\/compuviper.mx\/tienda\/?s={search_term_string}"},"query-input":"required name=search_term_string"}],"inLanguage":"es-MX"},{"@type":"Organization","@id":"https:\/\/compuviper.mx\/tienda\/#organization","name":"Compuviper","url":"https:\/\/compuviper.mx\/tienda\/","logo":{"@type":"ImageObject","inLanguage":"es-MX","@id":"https:\/\/compuviper.mx\/tienda\/#\/schema\/logo\/image\/","url":"https:\/\/compuviper.mx\/tienda\/wp-content\/uploads\/2021\/08\/Logo-Compuviper-10.png","contentUrl":"https:\/\/compuviper.mx\/tienda\/wp-content\/uploads\/2021\/08\/Logo-Compuviper-10.png","width":1000,"height":500,"caption":"Compuviper"},"image":{"@id":"https:\/\/compuviper.mx\/tienda\/#\/schema\/logo\/image\/"},"sameAs":["https:\/\/www.facebook.com\/compuviper","https:\/\/www.youtube.com\/channel\/UCf73dERp9Y3cfOq7q8BhLjA?view_as=subscriber"]}]},"product_brand":"APC","product_price_amount":"24972","product_price_currency":"MXN","og_availability":"backorder","product_availability":"available for order","product_retailer_item_id":"WSTRTUP7X24-AX-34","product_condition":"new"},"_links":{"self":[{"href":"https:\/\/compuviper.mx\/tienda\/wp-json\/wp\/v2\/product\/236036"}],"collection":[{"href":"https:\/\/compuviper.mx\/tienda\/wp-json\/wp\/v2\/product"}],"about":[{"href":"https:\/\/compuviper.mx\/tienda\/wp-json\/wp\/v2\/types\/product"}],"replies":[{"embeddable":true,"href":"https:\/\/compuviper.mx\/tienda\/wp-json\/wp\/v2\/comments?post=236036"}],"wp:featuredmedia":[{"embeddable":true,"href":"https:\/\/compuviper.mx\/tienda\/wp-json\/wp\/v2\/media\/243131"}],"wp:attachment":[{"href":"https:\/\/compuviper.mx\/tienda\/wp-json\/wp\/v2\/media?parent=236036"}],"wp:term":[{"taxonomy":"product_cat","embeddable":true,"href":"https:\/\/compuviper.mx\/tienda\/wp-json\/wp\/v2\/product_cat?post=236036"},{"taxonomy":"product_tag","embeddable":true,"href":"https:\/\/compuviper.mx\/tienda\/wp-json\/wp\/v2\/product_tag?post=236036"}],"curies":[{"name":"wp","href":"https:\/\/api.w.org\/{rel}","templated":true}]}}