{"id":235995,"date":"2026-04-07T23:13:15","date_gmt":"2026-04-08T05:13:15","guid":{"rendered":"https:\/\/compuviper.mx\/tienda\/producto\/startech-com-sfp10gsrxst-modulo-sfp-compatible-con-cisco-sfp-10g-sr-x-10gbase-sr-fibra-multimodo-de-10gbe-sfp-ethernet-gigabit-10gb-lc-300m-850nm-cisco-firepower-asr9000-c9300-ddm\/"},"modified":"2026-04-07T23:13:15","modified_gmt":"2026-04-08T05:13:15","slug":"startech-com-sfp10gsrxst-modulo-sfp-compatible-con-cisco-sfp-10g-sr-x-10gbase-sr-fibra-multimodo-de-10gbe-sfp-ethernet-gigabit-10gb-lc-300m-850nm-cisco-firepower-asr9000-c9300-ddm","status":"publish","type":"product","link":"https:\/\/compuviper.mx\/tienda\/producto\/startech-com-sfp10gsrxst-modulo-sfp-compatible-con-cisco-sfp-10g-sr-x-10gbase-sr-fibra-multimodo-de-10gbe-sfp-ethernet-gigabit-10gb-lc-300m-850nm-cisco-firepower-asr9000-c9300-ddm\/","title":{"rendered":"Startech.com Sfp10gsrxst Modulo Sfp+ Compatible Con Cisco Sfp-10g-sr-x &#8211; 10gbase-sr &#8211; Fibra Multimodo De 10gbe &#8211; Sfp+ Ethernet Gigabit 10gb &#8211; Lc &#8211; 300m &#8211; 850nm &#8211; Cisco Firepower, Asr9000, C9300 Ddm"},"content":{"rendered":"<table class=\"descripcion\">\n<tr>\n<td>100 compatible con cisco sfp-10g-sr-x: funciona con switches cisco como firepower, asr9000, c9300, c3850, c9500 y otros<\/td>\n<\/tr>\n<tr>\n<td>Especificaciones tecnicas: 10gbase-sr | 10gbps | multimodo | conector lc | 850nm | ddm digital diagnostic monitoring, monitorizacion de diagnostico digital | distancias de hasta 300 m<\/td>\n<\/tr>\n<tr>\n<td>Probado para compatibilidad con dispositivo oem anfitrion: intercambiable en caliente en enrutadores y conmutadores hpe; la compatibilidad con ddm informa del estado del transceptor a la mayoria de las herramientas de gestion de red snmp<\/td>\n<\/tr>\n<tr>\n<td>Funciona con conmutadores compatibles con msa: tambien funciona con los modelos de conmutador ubiquiti, d-link, netgear, supermicro, tp-link y otras, las cuales admiten modulos no codificados<\/td>\n<\/tr>\n<tr>\n<td>La eleccin de los profesionales de la inform\u00e1tica: disenada y fabricada para los profesionales de informatica, este modulo sfp esta respaldado de por vida vida util del modulo, no del conmutador de red, incluyendo asistencia tecnica multilingue gratuita de por vida 24\/5<\/td>\n<\/tr>\n<\/table>\n","protected":false},"excerpt":{"rendered":"<p>El modelo sfp10gsrxst es un modulo transceptor por fibra optica, compatible con el modelo sfp-10g-sr-x de cisco, disenado, programado y probado para su funcionamiento con enrutadores y conmutadores de la marca cisco\u00ae. Ofrece conectividad 10gbe confiable a traves de cable de fibra optica para redes compatibles con 10gbase-sr, con una distancia maxima de hasta 300m.<\/p>\n","protected":false},"featured_media":241943,"comment_status":"open","ping_status":"open","template":"","meta":[],"product_cat":[1485,1523],"product_tag":[1590],"acf":[],"yoast_head":"<!-- This site is optimized with the Yoast SEO plugin v21.7 - https:\/\/yoast.com\/wordpress\/plugins\/seo\/ -->\n<title>[ Startech.com ] &#129351; Sfp10gsrxst Modulo Sfp+ Compatible Con Cisco Sfp-10g-sr-x - 10gbase-sr - Fibra Multimodo De 10gbe - Sfp+ Ethernet Gigabit 10gb - Lc - 300m - 850nm - Cisco Firepower, Asr9000, C9300 Ddm<\/title>\n<meta name=\"description\" content=\"Compra Sfp10gsrxst Modulo Sfp+ Compatible Con Cisco Sfp-10g-sr-x - 10gbase-sr - Fibra Multimodo De 10gbe - Sfp+ Ethernet Gigabit 10gb - Lc - 300m - 850nm - Cisco Firepower, Asr9000, C9300 Ddm + Env\u00edo a domicilio + Pago seguro + Garant\u00eda\" \/>\n<meta name=\"robots\" content=\"index, follow, max-snippet:-1, max-image-preview:large, max-video-preview:-1\" \/>\n<link rel=\"canonical\" href=\"https:\/\/compuviper.mx\/tienda\/producto\/startech-com-sfp10gsrxst-modulo-sfp-compatible-con-cisco-sfp-10g-sr-x-10gbase-sr-fibra-multimodo-de-10gbe-sfp-ethernet-gigabit-10gb-lc-300m-850nm-cisco-firepower-asr9000-c9300-ddm\/\" \/>\n<meta property=\"og:locale\" content=\"es_MX\" \/>\n<meta property=\"og:type\" content=\"article\" \/>\n<meta property=\"og:title\" content=\"[ Startech.com ] &#129351; Sfp10gsrxst Modulo Sfp+ Compatible Con Cisco Sfp-10g-sr-x - 10gbase-sr - Fibra Multimodo De 10gbe - Sfp+ Ethernet Gigabit 10gb - Lc - 300m - 850nm - Cisco Firepower, Asr9000, C9300 Ddm\" \/>\n<meta property=\"og:description\" content=\"Compra Sfp10gsrxst Modulo Sfp+ Compatible Con Cisco Sfp-10g-sr-x - 10gbase-sr - Fibra Multimodo De 10gbe - Sfp+ Ethernet Gigabit 10gb - Lc - 300m - 850nm - Cisco Firepower, Asr9000, C9300 Ddm + Env\u00edo a domicilio + Pago seguro + Garant\u00eda\" \/>\n<meta property=\"og:url\" content=\"https:\/\/compuviper.mx\/tienda\/producto\/startech-com-sfp10gsrxst-modulo-sfp-compatible-con-cisco-sfp-10g-sr-x-10gbase-sr-fibra-multimodo-de-10gbe-sfp-ethernet-gigabit-10gb-lc-300m-850nm-cisco-firepower-asr9000-c9300-ddm\/\" \/>\n<meta property=\"og:site_name\" content=\"Compuviper\" \/>\n<meta property=\"article:publisher\" content=\"https:\/\/www.facebook.com\/compuviper\" \/>\n<meta property=\"og:image\" content=\"https:\/\/compuviper.mx\/tienda\/wp-content\/uploads\/2024\/09\/Modulo-sfp-compatible-con-cisco-sfp-10g-sr-x-10gbase-sr-fibra-multimodo-de-10gbe-sfp-ethernet-gigabit-10gb-lc-300m-850nm-cisco-firepower-asr9000-c9300-ddm.jpg\" \/>\n\t<meta property=\"og:image:width\" content=\"200\" \/>\n\t<meta property=\"og:image:height\" content=\"200\" \/>\n\t<meta property=\"og:image:type\" content=\"image\/jpeg\" \/>\n<meta name=\"twitter:card\" content=\"summary_large_image\" \/>\n<meta name=\"twitter:label1\" content=\"Precio\" \/>\n\t<meta name=\"twitter:data1\" content=\"&#36;940 con IVA\" \/>\n\t<meta name=\"twitter:label2\" content=\"Availability\" \/>\n\t<meta name=\"twitter:data2\" content=\"On backorder\" \/>\n<script type=\"application\/ld+json\" class=\"yoast-schema-graph\">{\"@context\":\"https:\/\/schema.org\",\"@graph\":[{\"@type\":\"WebPage\",\"@id\":\"https:\/\/compuviper.mx\/tienda\/producto\/startech-com-sfp10gsrxst-modulo-sfp-compatible-con-cisco-sfp-10g-sr-x-10gbase-sr-fibra-multimodo-de-10gbe-sfp-ethernet-gigabit-10gb-lc-300m-850nm-cisco-firepower-asr9000-c9300-ddm\/\",\"url\":\"https:\/\/compuviper.mx\/tienda\/producto\/startech-com-sfp10gsrxst-modulo-sfp-compatible-con-cisco-sfp-10g-sr-x-10gbase-sr-fibra-multimodo-de-10gbe-sfp-ethernet-gigabit-10gb-lc-300m-850nm-cisco-firepower-asr9000-c9300-ddm\/\",\"name\":\"[ Startech.com ] &#129351; Sfp10gsrxst Modulo Sfp+ Compatible Con Cisco Sfp-10g-sr-x - 10gbase-sr - Fibra Multimodo De 10gbe - Sfp+ Ethernet Gigabit 10gb - Lc - 300m - 850nm - Cisco Firepower, Asr9000, C9300 Ddm\",\"isPartOf\":{\"@id\":\"https:\/\/compuviper.mx\/tienda\/#website\"},\"datePublished\":\"2026-04-08T05:13:15+00:00\",\"dateModified\":\"2026-04-08T05:13:15+00:00\",\"description\":\"Compra Sfp10gsrxst Modulo Sfp+ Compatible Con Cisco Sfp-10g-sr-x - 10gbase-sr - Fibra Multimodo De 10gbe - Sfp+ Ethernet Gigabit 10gb - Lc - 300m - 850nm - Cisco Firepower, Asr9000, C9300 Ddm + Env\u00edo a domicilio + Pago seguro + Garant\u00eda\",\"breadcrumb\":{\"@id\":\"https:\/\/compuviper.mx\/tienda\/producto\/startech-com-sfp10gsrxst-modulo-sfp-compatible-con-cisco-sfp-10g-sr-x-10gbase-sr-fibra-multimodo-de-10gbe-sfp-ethernet-gigabit-10gb-lc-300m-850nm-cisco-firepower-asr9000-c9300-ddm\/#breadcrumb\"},\"inLanguage\":\"es-MX\",\"potentialAction\":[{\"@type\":\"ReadAction\",\"target\":[\"https:\/\/compuviper.mx\/tienda\/producto\/startech-com-sfp10gsrxst-modulo-sfp-compatible-con-cisco-sfp-10g-sr-x-10gbase-sr-fibra-multimodo-de-10gbe-sfp-ethernet-gigabit-10gb-lc-300m-850nm-cisco-firepower-asr9000-c9300-ddm\/\"]}]},{\"@type\":\"BreadcrumbList\",\"@id\":\"https:\/\/compuviper.mx\/tienda\/producto\/startech-com-sfp10gsrxst-modulo-sfp-compatible-con-cisco-sfp-10g-sr-x-10gbase-sr-fibra-multimodo-de-10gbe-sfp-ethernet-gigabit-10gb-lc-300m-850nm-cisco-firepower-asr9000-c9300-ddm\/#breadcrumb\",\"itemListElement\":[{\"@type\":\"ListItem\",\"position\":1,\"name\":\"Inicio\",\"item\":\"https:\/\/compuviper.mx\/tienda\/\"},{\"@type\":\"ListItem\",\"position\":2,\"name\":\"Productos\",\"item\":\"https:\/\/compuviper.mx\/tienda\/productos\/\"},{\"@type\":\"ListItem\",\"position\":3,\"name\":\"Accesorios\",\"item\":\"https:\/\/compuviper.mx\/tienda\/categoria-producto\/accesorios\/\"},{\"@type\":\"ListItem\",\"position\":4,\"name\":\"Transceiver\",\"item\":\"https:\/\/compuviper.mx\/tienda\/categoria-producto\/accesorios\/transceiver\/\"},{\"@type\":\"ListItem\",\"position\":5,\"name\":\"Startech.com Sfp10gsrxst Modulo Sfp+ Compatible Con Cisco Sfp-10g-sr-x &#8211; 10gbase-sr &#8211; Fibra Multimodo De 10gbe &#8211; Sfp+ Ethernet Gigabit 10gb &#8211; Lc &#8211; 300m &#8211; 850nm &#8211; Cisco Firepower, Asr9000, C9300 Ddm\"}]},{\"@type\":\"WebSite\",\"@id\":\"https:\/\/compuviper.mx\/tienda\/#website\",\"url\":\"https:\/\/compuviper.mx\/tienda\/\",\"name\":\"Compuviper\",\"description\":\"Proveedor de Computadoras, Laptops, Servidores, Monitores, Puntos de Venta, Teclados,   Impresoras, T\u00f3ner, C\u00e1maras de Seguridad y m\u00e1s en tu tienda en l\u00ednea\",\"publisher\":{\"@id\":\"https:\/\/compuviper.mx\/tienda\/#organization\"},\"potentialAction\":[{\"@type\":\"SearchAction\",\"target\":{\"@type\":\"EntryPoint\",\"urlTemplate\":\"https:\/\/compuviper.mx\/tienda\/?s={search_term_string}\"},\"query-input\":\"required name=search_term_string\"}],\"inLanguage\":\"es-MX\"},{\"@type\":\"Organization\",\"@id\":\"https:\/\/compuviper.mx\/tienda\/#organization\",\"name\":\"Compuviper\",\"url\":\"https:\/\/compuviper.mx\/tienda\/\",\"logo\":{\"@type\":\"ImageObject\",\"inLanguage\":\"es-MX\",\"@id\":\"https:\/\/compuviper.mx\/tienda\/#\/schema\/logo\/image\/\",\"url\":\"https:\/\/compuviper.mx\/tienda\/wp-content\/uploads\/2021\/08\/Logo-Compuviper-10.png\",\"contentUrl\":\"https:\/\/compuviper.mx\/tienda\/wp-content\/uploads\/2021\/08\/Logo-Compuviper-10.png\",\"width\":1000,\"height\":500,\"caption\":\"Compuviper\"},\"image\":{\"@id\":\"https:\/\/compuviper.mx\/tienda\/#\/schema\/logo\/image\/\"},\"sameAs\":[\"https:\/\/www.facebook.com\/compuviper\",\"https:\/\/www.youtube.com\/channel\/UCf73dERp9Y3cfOq7q8BhLjA?view_as=subscriber\"]}]}<\/script>\n<meta property=\"product:brand\" content=\"STARTECH.COM\" \/>\n<meta property=\"product:price:amount\" content=\"940\" \/>\n<meta property=\"product:price:currency\" content=\"MXN\" \/>\n<meta property=\"og:availability\" content=\"backorder\" \/>\n<meta property=\"product:availability\" content=\"available for order\" \/>\n<meta property=\"product:retailer_item_id\" content=\"SFP10GSRXST\" \/>\n<meta property=\"product:condition\" content=\"new\" \/>\n<!-- \/ Yoast SEO plugin. -->","yoast_head_json":{"title":"[ Startech.com ] &#129351; Sfp10gsrxst Modulo Sfp+ Compatible Con Cisco Sfp-10g-sr-x - 10gbase-sr - Fibra Multimodo De 10gbe - Sfp+ Ethernet Gigabit 10gb - Lc - 300m - 850nm - Cisco Firepower, Asr9000, C9300 Ddm","description":"Compra Sfp10gsrxst Modulo Sfp+ Compatible Con Cisco Sfp-10g-sr-x - 10gbase-sr - Fibra Multimodo De 10gbe - Sfp+ Ethernet Gigabit 10gb - Lc - 300m - 850nm - Cisco Firepower, Asr9000, C9300 Ddm + Env\u00edo a domicilio + Pago seguro + Garant\u00eda","robots":{"index":"index","follow":"follow","max-snippet":"max-snippet:-1","max-image-preview":"max-image-preview:large","max-video-preview":"max-video-preview:-1"},"canonical":"https:\/\/compuviper.mx\/tienda\/producto\/startech-com-sfp10gsrxst-modulo-sfp-compatible-con-cisco-sfp-10g-sr-x-10gbase-sr-fibra-multimodo-de-10gbe-sfp-ethernet-gigabit-10gb-lc-300m-850nm-cisco-firepower-asr9000-c9300-ddm\/","og_locale":"es_MX","og_type":"article","og_title":"[ Startech.com ] &#129351; Sfp10gsrxst Modulo Sfp+ Compatible Con Cisco Sfp-10g-sr-x - 10gbase-sr - Fibra Multimodo De 10gbe - Sfp+ Ethernet Gigabit 10gb - Lc - 300m - 850nm - Cisco Firepower, Asr9000, C9300 Ddm","og_description":"Compra Sfp10gsrxst Modulo Sfp+ Compatible Con Cisco Sfp-10g-sr-x - 10gbase-sr - Fibra Multimodo De 10gbe - Sfp+ Ethernet Gigabit 10gb - Lc - 300m - 850nm - Cisco Firepower, Asr9000, C9300 Ddm + Env\u00edo a domicilio + Pago seguro + Garant\u00eda","og_url":"https:\/\/compuviper.mx\/tienda\/producto\/startech-com-sfp10gsrxst-modulo-sfp-compatible-con-cisco-sfp-10g-sr-x-10gbase-sr-fibra-multimodo-de-10gbe-sfp-ethernet-gigabit-10gb-lc-300m-850nm-cisco-firepower-asr9000-c9300-ddm\/","og_site_name":"Compuviper","article_publisher":"https:\/\/www.facebook.com\/compuviper","og_image":[{"width":200,"height":200,"url":"https:\/\/compuviper.mx\/tienda\/wp-content\/uploads\/2024\/09\/Modulo-sfp-compatible-con-cisco-sfp-10g-sr-x-10gbase-sr-fibra-multimodo-de-10gbe-sfp-ethernet-gigabit-10gb-lc-300m-850nm-cisco-firepower-asr9000-c9300-ddm.jpg","type":"image\/jpeg"}],"twitter_card":"summary_large_image","twitter_misc":{"Precio":"&#36;940 con IVA","Availability":"On backorder"},"schema":{"@context":"https:\/\/schema.org","@graph":[{"@type":"WebPage","@id":"https:\/\/compuviper.mx\/tienda\/producto\/startech-com-sfp10gsrxst-modulo-sfp-compatible-con-cisco-sfp-10g-sr-x-10gbase-sr-fibra-multimodo-de-10gbe-sfp-ethernet-gigabit-10gb-lc-300m-850nm-cisco-firepower-asr9000-c9300-ddm\/","url":"https:\/\/compuviper.mx\/tienda\/producto\/startech-com-sfp10gsrxst-modulo-sfp-compatible-con-cisco-sfp-10g-sr-x-10gbase-sr-fibra-multimodo-de-10gbe-sfp-ethernet-gigabit-10gb-lc-300m-850nm-cisco-firepower-asr9000-c9300-ddm\/","name":"[ Startech.com ] &#129351; Sfp10gsrxst Modulo Sfp+ Compatible Con Cisco Sfp-10g-sr-x - 10gbase-sr - Fibra Multimodo De 10gbe - Sfp+ Ethernet Gigabit 10gb - Lc - 300m - 850nm - Cisco Firepower, Asr9000, C9300 Ddm","isPartOf":{"@id":"https:\/\/compuviper.mx\/tienda\/#website"},"datePublished":"2026-04-08T05:13:15+00:00","dateModified":"2026-04-08T05:13:15+00:00","description":"Compra Sfp10gsrxst Modulo Sfp+ Compatible Con Cisco Sfp-10g-sr-x - 10gbase-sr - Fibra Multimodo De 10gbe - Sfp+ Ethernet Gigabit 10gb - Lc - 300m - 850nm - Cisco Firepower, Asr9000, C9300 Ddm + Env\u00edo a domicilio + Pago seguro + Garant\u00eda","breadcrumb":{"@id":"https:\/\/compuviper.mx\/tienda\/producto\/startech-com-sfp10gsrxst-modulo-sfp-compatible-con-cisco-sfp-10g-sr-x-10gbase-sr-fibra-multimodo-de-10gbe-sfp-ethernet-gigabit-10gb-lc-300m-850nm-cisco-firepower-asr9000-c9300-ddm\/#breadcrumb"},"inLanguage":"es-MX","potentialAction":[{"@type":"ReadAction","target":["https:\/\/compuviper.mx\/tienda\/producto\/startech-com-sfp10gsrxst-modulo-sfp-compatible-con-cisco-sfp-10g-sr-x-10gbase-sr-fibra-multimodo-de-10gbe-sfp-ethernet-gigabit-10gb-lc-300m-850nm-cisco-firepower-asr9000-c9300-ddm\/"]}]},{"@type":"BreadcrumbList","@id":"https:\/\/compuviper.mx\/tienda\/producto\/startech-com-sfp10gsrxst-modulo-sfp-compatible-con-cisco-sfp-10g-sr-x-10gbase-sr-fibra-multimodo-de-10gbe-sfp-ethernet-gigabit-10gb-lc-300m-850nm-cisco-firepower-asr9000-c9300-ddm\/#breadcrumb","itemListElement":[{"@type":"ListItem","position":1,"name":"Inicio","item":"https:\/\/compuviper.mx\/tienda\/"},{"@type":"ListItem","position":2,"name":"Productos","item":"https:\/\/compuviper.mx\/tienda\/productos\/"},{"@type":"ListItem","position":3,"name":"Accesorios","item":"https:\/\/compuviper.mx\/tienda\/categoria-producto\/accesorios\/"},{"@type":"ListItem","position":4,"name":"Transceiver","item":"https:\/\/compuviper.mx\/tienda\/categoria-producto\/accesorios\/transceiver\/"},{"@type":"ListItem","position":5,"name":"Startech.com Sfp10gsrxst Modulo Sfp+ Compatible Con Cisco Sfp-10g-sr-x &#8211; 10gbase-sr &#8211; Fibra Multimodo De 10gbe &#8211; Sfp+ Ethernet Gigabit 10gb &#8211; Lc &#8211; 300m &#8211; 850nm &#8211; Cisco Firepower, Asr9000, C9300 Ddm"}]},{"@type":"WebSite","@id":"https:\/\/compuviper.mx\/tienda\/#website","url":"https:\/\/compuviper.mx\/tienda\/","name":"Compuviper","description":"Proveedor de Computadoras, Laptops, Servidores, Monitores, Puntos de Venta, Teclados,   Impresoras, T\u00f3ner, C\u00e1maras de Seguridad y m\u00e1s en tu tienda en l\u00ednea","publisher":{"@id":"https:\/\/compuviper.mx\/tienda\/#organization"},"potentialAction":[{"@type":"SearchAction","target":{"@type":"EntryPoint","urlTemplate":"https:\/\/compuviper.mx\/tienda\/?s={search_term_string}"},"query-input":"required name=search_term_string"}],"inLanguage":"es-MX"},{"@type":"Organization","@id":"https:\/\/compuviper.mx\/tienda\/#organization","name":"Compuviper","url":"https:\/\/compuviper.mx\/tienda\/","logo":{"@type":"ImageObject","inLanguage":"es-MX","@id":"https:\/\/compuviper.mx\/tienda\/#\/schema\/logo\/image\/","url":"https:\/\/compuviper.mx\/tienda\/wp-content\/uploads\/2021\/08\/Logo-Compuviper-10.png","contentUrl":"https:\/\/compuviper.mx\/tienda\/wp-content\/uploads\/2021\/08\/Logo-Compuviper-10.png","width":1000,"height":500,"caption":"Compuviper"},"image":{"@id":"https:\/\/compuviper.mx\/tienda\/#\/schema\/logo\/image\/"},"sameAs":["https:\/\/www.facebook.com\/compuviper","https:\/\/www.youtube.com\/channel\/UCf73dERp9Y3cfOq7q8BhLjA?view_as=subscriber"]}]},"product_brand":"STARTECH.COM","product_price_amount":"940","product_price_currency":"MXN","og_availability":"backorder","product_availability":"available for order","product_retailer_item_id":"SFP10GSRXST","product_condition":"new"},"_links":{"self":[{"href":"https:\/\/compuviper.mx\/tienda\/wp-json\/wp\/v2\/product\/235995"}],"collection":[{"href":"https:\/\/compuviper.mx\/tienda\/wp-json\/wp\/v2\/product"}],"about":[{"href":"https:\/\/compuviper.mx\/tienda\/wp-json\/wp\/v2\/types\/product"}],"replies":[{"embeddable":true,"href":"https:\/\/compuviper.mx\/tienda\/wp-json\/wp\/v2\/comments?post=235995"}],"wp:featuredmedia":[{"embeddable":true,"href":"https:\/\/compuviper.mx\/tienda\/wp-json\/wp\/v2\/media\/241943"}],"wp:attachment":[{"href":"https:\/\/compuviper.mx\/tienda\/wp-json\/wp\/v2\/media?parent=235995"}],"wp:term":[{"taxonomy":"product_cat","embeddable":true,"href":"https:\/\/compuviper.mx\/tienda\/wp-json\/wp\/v2\/product_cat?post=235995"},{"taxonomy":"product_tag","embeddable":true,"href":"https:\/\/compuviper.mx\/tienda\/wp-json\/wp\/v2\/product_tag?post=235995"}],"curies":[{"name":"wp","href":"https:\/\/api.w.org\/{rel}","templated":true}]}}