{"id":235970,"date":"2026-04-23T00:14:19","date_gmt":"2026-04-23T06:14:19","guid":{"rendered":"https:\/\/compuviper.mx\/tienda\/producto\/tp-link-vigi-c220i-camara-domo-tp-link-vigi-c220i-cmara-de-red-domo-ir-vigi-de-2-mp\/"},"modified":"2026-04-23T00:14:19","modified_gmt":"2026-04-23T06:14:19","slug":"tp-link-vigi-c220i-camara-domo-tp-link-cmara-de-red-domo-ir-vigi-de-2-mp","status":"publish","type":"product","link":"https:\/\/compuviper.mx\/tienda\/producto\/tp-link-vigi-c220i-camara-domo-tp-link-cmara-de-red-domo-ir-vigi-de-2-mp\/","title":{"rendered":"Tp Link Vigi C220i Camara Domo Tp-link  Cmara De Red Domo Ir Vigi De 2 Mp"},"content":{"rendered":"<table class=\"descripcion\">\n<tr>\n<td>Vigi c220i<\/td>\n<\/tr>\n<tr>\n<td>C\u00e1mara de red domo ir vigi de 2 mp<\/td>\n<\/tr>\n<tr>\n<td>2mp de alta definici\u00f3n completa: la c\u00e1mara vigi c220i viene con 2mp, p\u00edxeles m\u00e1s que suficientes para captar algunos de los detalles m\u00e1s discretos.<\/td>\n<\/tr>\n<tr>\n<td>Clasificaci\u00f3n humana y de veh\u00edculos: distingue a los humanos y los veh\u00edculos de otros objetos, por lo que recibe notificaciones de eventos m\u00e1s precisas.<\/td>\n<\/tr>\n<tr>\n<td>Detecci\u00f3n inteligente: recibe notificaciones y comprueba los feeds cuando alguien cruza un l\u00edmite, entra en un \u00e1rea que has establecido, obstruye la c\u00e1mara o elimina\/abandona objetos.<\/td>\n<\/tr>\n<tr>\n<td>Ik10 a prueba de vandalismo e ip67 a prueba de agua: con una carcasa resistente al vandalismo y un dise\u00f1o impermeable, esta c\u00e1mara domo vigi est\u00e1 construida para resistir el vandalismo y los entornos hostiles con lluvia y polvo para una seguridad constante en cualquier lugar y en cualquier momento.<\/td>\n<\/tr>\n<tr>\n<td>H.265+: sin utilizar ancho de banda adicional, sus c\u00e1maras transmiten v\u00eddeo comprimido n\u00edtido para ahorrar espacio en disco, facilitar las cargas de red y reducir los costes de supervisi\u00f3n sin sacrificar la calidad de imagen.<\/td>\n<\/tr>\n<tr>\n<td>Mejora de video inteligente: las tecnolog\u00edas profesionales de vigi procesan videos para mejorar en gran medida su calidad que es vital para su monitoreo, incluidos smart ir, wdr, 3d dnr y visi\u00f3n nocturna.<\/td>\n<\/tr>\n<tr>\n<td>Implementaci\u00f3n simplificada con poe: conecte y alimente f\u00e1cilmente su c\u00e1mara poe con un cable rj45 que transmite datos y alimentaci\u00f3n. no se necesita adaptador de corriente.<\/td>\n<\/tr>\n<tr>\n<td>Lente 2.8\/4 mm: ya sea que necesite una lente gran angular para cubrir espacios cerrados o una lente milim\u00e9trica m\u00e1s alta para distancias m\u00e1s largas en espacios abiertos, c220i viene con dos tipos de lentes diferentes para adaptarse mejor a sus necesidades de seguridad.<\/td>\n<\/tr>\n<tr>\n<td>Administraci\u00f3n flexible: tome el control total de su seguridad a trav\u00e9s de tres m\u00e9todos de administraci\u00f3n: nvr ui, vigi app y vigi security manager.<\/td>\n<\/tr>\n<\/table>\n","protected":false},"excerpt":{"rendered":"<p>Camara. Sensor de imagen. Cmos de barrido progresivo de 1\/3. Velocidad del obturador. 1\/3 to 1\/10000 s. Obturador lento. Yes. Apertura. 2.8 mm: f2.2. 4 mm: f2.0. Lente. 2.8 mm\/ 4 mm. Montura del lente. M12. Iluminaci\u00f3n m\u00ednima. Color: 0.1 lux; 0 lux con ir. Mecanismo d\u00eda\/noche. Filtro de corte ir. Switch d\u00eda\/noche. Unified\/ scheduled\/ auto. Reducci\u00f3n de ruido digital. 3d dnr. Wdr. Dwdr. Clasificaci\u00f3n resistente a la intemperie. Ip67. Ir working distance. 30m. Viewing angle. 2.8mm: 88.2\u00b0\/48.7\u00b0\/106.5\u00b0(h\/v\/d. 4mm: 74.6\u00b0\/41.3\u00b0\/88.1\u00b0(h\/v\/d)<\/p>\n","protected":false},"featured_media":242453,"comment_status":"open","ping_status":"open","template":"","meta":[],"product_cat":[1681,1608],"product_tag":[1562],"acf":[],"yoast_head":"<!-- This site is optimized with the Yoast SEO plugin v21.7 - https:\/\/yoast.com\/wordpress\/plugins\/seo\/ -->\n<title>[ Tp Link ] &#129351; Vigi C220i Camara Domo Tp-link Cmara De Red Domo Ir Vigi De 2 Mp<\/title>\n<meta name=\"description\" content=\"Compra Vigi C220i Camara Domo Tp-link Cmara De Red Domo Ir Vigi De 2 Mp + Env\u00edo a domicilio + Pago seguro + Garant\u00eda\" \/>\n<meta name=\"robots\" content=\"index, follow, max-snippet:-1, max-image-preview:large, max-video-preview:-1\" \/>\n<link rel=\"canonical\" href=\"https:\/\/compuviper.mx\/tienda\/producto\/tp-link-vigi-c220i-camara-domo-tp-link-cmara-de-red-domo-ir-vigi-de-2-mp\/\" \/>\n<meta property=\"og:locale\" content=\"es_MX\" \/>\n<meta property=\"og:type\" content=\"article\" \/>\n<meta property=\"og:title\" content=\"[ Tp Link ] &#129351; Vigi C220i Camara Domo Tp-link Cmara De Red Domo Ir Vigi De 2 Mp\" \/>\n<meta property=\"og:description\" content=\"Compra Vigi C220i Camara Domo Tp-link Cmara De Red Domo Ir Vigi De 2 Mp + Env\u00edo a domicilio + Pago seguro + Garant\u00eda\" \/>\n<meta property=\"og:url\" content=\"https:\/\/compuviper.mx\/tienda\/producto\/tp-link-vigi-c220i-camara-domo-tp-link-cmara-de-red-domo-ir-vigi-de-2-mp\/\" \/>\n<meta property=\"og:site_name\" content=\"Compuviper\" \/>\n<meta property=\"article:publisher\" content=\"https:\/\/www.facebook.com\/compuviper\" \/>\n<meta property=\"og:image\" content=\"https:\/\/compuviper.mx\/tienda\/wp-content\/uploads\/2024\/09\/Camara-domo-tp-link-vigi-c220i-camara-de-red-domo-ir-vigi-de-2-mp.jpg\" \/>\n\t<meta property=\"og:image:width\" content=\"200\" \/>\n\t<meta property=\"og:image:height\" content=\"200\" \/>\n\t<meta property=\"og:image:type\" content=\"image\/jpeg\" \/>\n<meta name=\"twitter:card\" content=\"summary_large_image\" \/>\n<meta name=\"twitter:label1\" content=\"Precio\" \/>\n\t<meta name=\"twitter:data1\" content=\"&#36;739 con IVA\" \/>\n\t<meta name=\"twitter:label2\" content=\"Availability\" \/>\n\t<meta name=\"twitter:data2\" content=\"On backorder\" \/>\n<script type=\"application\/ld+json\" class=\"yoast-schema-graph\">{\"@context\":\"https:\/\/schema.org\",\"@graph\":[{\"@type\":\"WebPage\",\"@id\":\"https:\/\/compuviper.mx\/tienda\/producto\/tp-link-vigi-c220i-camara-domo-tp-link-cmara-de-red-domo-ir-vigi-de-2-mp\/\",\"url\":\"https:\/\/compuviper.mx\/tienda\/producto\/tp-link-vigi-c220i-camara-domo-tp-link-cmara-de-red-domo-ir-vigi-de-2-mp\/\",\"name\":\"[ Tp Link ] &#129351; Vigi C220i Camara Domo Tp-link Cmara De Red Domo Ir Vigi De 2 Mp\",\"isPartOf\":{\"@id\":\"https:\/\/compuviper.mx\/tienda\/#website\"},\"datePublished\":\"2026-04-23T06:14:19+00:00\",\"dateModified\":\"2026-04-23T06:14:19+00:00\",\"description\":\"Compra Vigi C220i Camara Domo Tp-link Cmara De Red Domo Ir Vigi De 2 Mp + Env\u00edo a domicilio + Pago seguro + Garant\u00eda\",\"breadcrumb\":{\"@id\":\"https:\/\/compuviper.mx\/tienda\/producto\/tp-link-vigi-c220i-camara-domo-tp-link-cmara-de-red-domo-ir-vigi-de-2-mp\/#breadcrumb\"},\"inLanguage\":\"es-MX\",\"potentialAction\":[{\"@type\":\"ReadAction\",\"target\":[\"https:\/\/compuviper.mx\/tienda\/producto\/tp-link-vigi-c220i-camara-domo-tp-link-cmara-de-red-domo-ir-vigi-de-2-mp\/\"]}]},{\"@type\":\"BreadcrumbList\",\"@id\":\"https:\/\/compuviper.mx\/tienda\/producto\/tp-link-vigi-c220i-camara-domo-tp-link-cmara-de-red-domo-ir-vigi-de-2-mp\/#breadcrumb\",\"itemListElement\":[{\"@type\":\"ListItem\",\"position\":1,\"name\":\"Inicio\",\"item\":\"https:\/\/compuviper.mx\/tienda\/\"},{\"@type\":\"ListItem\",\"position\":2,\"name\":\"Productos\",\"item\":\"https:\/\/compuviper.mx\/tienda\/productos\/\"},{\"@type\":\"ListItem\",\"position\":3,\"name\":\"Camaras\",\"item\":\"https:\/\/compuviper.mx\/tienda\/categoria-producto\/camaras-2\/\"},{\"@type\":\"ListItem\",\"position\":4,\"name\":\"Camara De Videovigilancia\",\"item\":\"https:\/\/compuviper.mx\/tienda\/categoria-producto\/camaras-2\/camara-de-videovigilancia\/\"},{\"@type\":\"ListItem\",\"position\":5,\"name\":\"Tp Link Vigi C220i Camara Domo Tp-link Cmara De Red Domo Ir Vigi De 2 Mp\"}]},{\"@type\":\"WebSite\",\"@id\":\"https:\/\/compuviper.mx\/tienda\/#website\",\"url\":\"https:\/\/compuviper.mx\/tienda\/\",\"name\":\"Compuviper\",\"description\":\"Proveedor de Computadoras, Laptops, Servidores, Monitores, Puntos de Venta, Teclados,   Impresoras, T\u00f3ner, C\u00e1maras de Seguridad y m\u00e1s en tu tienda en l\u00ednea\",\"publisher\":{\"@id\":\"https:\/\/compuviper.mx\/tienda\/#organization\"},\"potentialAction\":[{\"@type\":\"SearchAction\",\"target\":{\"@type\":\"EntryPoint\",\"urlTemplate\":\"https:\/\/compuviper.mx\/tienda\/?s={search_term_string}\"},\"query-input\":\"required name=search_term_string\"}],\"inLanguage\":\"es-MX\"},{\"@type\":\"Organization\",\"@id\":\"https:\/\/compuviper.mx\/tienda\/#organization\",\"name\":\"Compuviper\",\"url\":\"https:\/\/compuviper.mx\/tienda\/\",\"logo\":{\"@type\":\"ImageObject\",\"inLanguage\":\"es-MX\",\"@id\":\"https:\/\/compuviper.mx\/tienda\/#\/schema\/logo\/image\/\",\"url\":\"https:\/\/compuviper.mx\/tienda\/wp-content\/uploads\/2021\/08\/Logo-Compuviper-10.png\",\"contentUrl\":\"https:\/\/compuviper.mx\/tienda\/wp-content\/uploads\/2021\/08\/Logo-Compuviper-10.png\",\"width\":1000,\"height\":500,\"caption\":\"Compuviper\"},\"image\":{\"@id\":\"https:\/\/compuviper.mx\/tienda\/#\/schema\/logo\/image\/\"},\"sameAs\":[\"https:\/\/www.facebook.com\/compuviper\",\"https:\/\/www.youtube.com\/channel\/UCf73dERp9Y3cfOq7q8BhLjA?view_as=subscriber\"]}]}<\/script>\n<meta property=\"product:brand\" content=\"TP LINK\" \/>\n<meta property=\"product:price:amount\" content=\"739\" \/>\n<meta property=\"product:price:currency\" content=\"MXN\" \/>\n<meta property=\"og:availability\" content=\"backorder\" \/>\n<meta property=\"product:availability\" content=\"available for order\" \/>\n<meta property=\"product:retailer_item_id\" content=\"VIGI C220I\" \/>\n<meta property=\"product:condition\" content=\"new\" \/>\n<!-- \/ Yoast SEO plugin. -->","yoast_head_json":{"title":"[ Tp Link ] &#129351; Vigi C220i Camara Domo Tp-link Cmara De Red Domo Ir Vigi De 2 Mp","description":"Compra Vigi C220i Camara Domo Tp-link Cmara De Red Domo Ir Vigi De 2 Mp + Env\u00edo a domicilio + Pago seguro + Garant\u00eda","robots":{"index":"index","follow":"follow","max-snippet":"max-snippet:-1","max-image-preview":"max-image-preview:large","max-video-preview":"max-video-preview:-1"},"canonical":"https:\/\/compuviper.mx\/tienda\/producto\/tp-link-vigi-c220i-camara-domo-tp-link-cmara-de-red-domo-ir-vigi-de-2-mp\/","og_locale":"es_MX","og_type":"article","og_title":"[ Tp Link ] &#129351; Vigi C220i Camara Domo Tp-link Cmara De Red Domo Ir Vigi De 2 Mp","og_description":"Compra Vigi C220i Camara Domo Tp-link Cmara De Red Domo Ir Vigi De 2 Mp + Env\u00edo a domicilio + Pago seguro + Garant\u00eda","og_url":"https:\/\/compuviper.mx\/tienda\/producto\/tp-link-vigi-c220i-camara-domo-tp-link-cmara-de-red-domo-ir-vigi-de-2-mp\/","og_site_name":"Compuviper","article_publisher":"https:\/\/www.facebook.com\/compuviper","og_image":[{"width":200,"height":200,"url":"https:\/\/compuviper.mx\/tienda\/wp-content\/uploads\/2024\/09\/Camara-domo-tp-link-vigi-c220i-camara-de-red-domo-ir-vigi-de-2-mp.jpg","type":"image\/jpeg"}],"twitter_card":"summary_large_image","twitter_misc":{"Precio":"&#36;739 con IVA","Availability":"On backorder"},"schema":{"@context":"https:\/\/schema.org","@graph":[{"@type":"WebPage","@id":"https:\/\/compuviper.mx\/tienda\/producto\/tp-link-vigi-c220i-camara-domo-tp-link-cmara-de-red-domo-ir-vigi-de-2-mp\/","url":"https:\/\/compuviper.mx\/tienda\/producto\/tp-link-vigi-c220i-camara-domo-tp-link-cmara-de-red-domo-ir-vigi-de-2-mp\/","name":"[ Tp Link ] &#129351; Vigi C220i Camara Domo Tp-link Cmara De Red Domo Ir Vigi De 2 Mp","isPartOf":{"@id":"https:\/\/compuviper.mx\/tienda\/#website"},"datePublished":"2026-04-23T06:14:19+00:00","dateModified":"2026-04-23T06:14:19+00:00","description":"Compra Vigi C220i Camara Domo Tp-link Cmara De Red Domo Ir Vigi De 2 Mp + Env\u00edo a domicilio + Pago seguro + Garant\u00eda","breadcrumb":{"@id":"https:\/\/compuviper.mx\/tienda\/producto\/tp-link-vigi-c220i-camara-domo-tp-link-cmara-de-red-domo-ir-vigi-de-2-mp\/#breadcrumb"},"inLanguage":"es-MX","potentialAction":[{"@type":"ReadAction","target":["https:\/\/compuviper.mx\/tienda\/producto\/tp-link-vigi-c220i-camara-domo-tp-link-cmara-de-red-domo-ir-vigi-de-2-mp\/"]}]},{"@type":"BreadcrumbList","@id":"https:\/\/compuviper.mx\/tienda\/producto\/tp-link-vigi-c220i-camara-domo-tp-link-cmara-de-red-domo-ir-vigi-de-2-mp\/#breadcrumb","itemListElement":[{"@type":"ListItem","position":1,"name":"Inicio","item":"https:\/\/compuviper.mx\/tienda\/"},{"@type":"ListItem","position":2,"name":"Productos","item":"https:\/\/compuviper.mx\/tienda\/productos\/"},{"@type":"ListItem","position":3,"name":"Camaras","item":"https:\/\/compuviper.mx\/tienda\/categoria-producto\/camaras-2\/"},{"@type":"ListItem","position":4,"name":"Camara De Videovigilancia","item":"https:\/\/compuviper.mx\/tienda\/categoria-producto\/camaras-2\/camara-de-videovigilancia\/"},{"@type":"ListItem","position":5,"name":"Tp Link Vigi C220i Camara Domo Tp-link Cmara De Red Domo Ir Vigi De 2 Mp"}]},{"@type":"WebSite","@id":"https:\/\/compuviper.mx\/tienda\/#website","url":"https:\/\/compuviper.mx\/tienda\/","name":"Compuviper","description":"Proveedor de Computadoras, Laptops, Servidores, Monitores, Puntos de Venta, Teclados,   Impresoras, T\u00f3ner, C\u00e1maras de Seguridad y m\u00e1s en tu tienda en l\u00ednea","publisher":{"@id":"https:\/\/compuviper.mx\/tienda\/#organization"},"potentialAction":[{"@type":"SearchAction","target":{"@type":"EntryPoint","urlTemplate":"https:\/\/compuviper.mx\/tienda\/?s={search_term_string}"},"query-input":"required name=search_term_string"}],"inLanguage":"es-MX"},{"@type":"Organization","@id":"https:\/\/compuviper.mx\/tienda\/#organization","name":"Compuviper","url":"https:\/\/compuviper.mx\/tienda\/","logo":{"@type":"ImageObject","inLanguage":"es-MX","@id":"https:\/\/compuviper.mx\/tienda\/#\/schema\/logo\/image\/","url":"https:\/\/compuviper.mx\/tienda\/wp-content\/uploads\/2021\/08\/Logo-Compuviper-10.png","contentUrl":"https:\/\/compuviper.mx\/tienda\/wp-content\/uploads\/2021\/08\/Logo-Compuviper-10.png","width":1000,"height":500,"caption":"Compuviper"},"image":{"@id":"https:\/\/compuviper.mx\/tienda\/#\/schema\/logo\/image\/"},"sameAs":["https:\/\/www.facebook.com\/compuviper","https:\/\/www.youtube.com\/channel\/UCf73dERp9Y3cfOq7q8BhLjA?view_as=subscriber"]}]},"product_brand":"TP LINK","product_price_amount":"739","product_price_currency":"MXN","og_availability":"backorder","product_availability":"available for order","product_retailer_item_id":"VIGI C220I","product_condition":"new"},"_links":{"self":[{"href":"https:\/\/compuviper.mx\/tienda\/wp-json\/wp\/v2\/product\/235970"}],"collection":[{"href":"https:\/\/compuviper.mx\/tienda\/wp-json\/wp\/v2\/product"}],"about":[{"href":"https:\/\/compuviper.mx\/tienda\/wp-json\/wp\/v2\/types\/product"}],"replies":[{"embeddable":true,"href":"https:\/\/compuviper.mx\/tienda\/wp-json\/wp\/v2\/comments?post=235970"}],"wp:featuredmedia":[{"embeddable":true,"href":"https:\/\/compuviper.mx\/tienda\/wp-json\/wp\/v2\/media\/242453"}],"wp:attachment":[{"href":"https:\/\/compuviper.mx\/tienda\/wp-json\/wp\/v2\/media?parent=235970"}],"wp:term":[{"taxonomy":"product_cat","embeddable":true,"href":"https:\/\/compuviper.mx\/tienda\/wp-json\/wp\/v2\/product_cat?post=235970"},{"taxonomy":"product_tag","embeddable":true,"href":"https:\/\/compuviper.mx\/tienda\/wp-json\/wp\/v2\/product_tag?post=235970"}],"curies":[{"name":"wp","href":"https:\/\/api.w.org\/{rel}","templated":true}]}}