{"id":235961,"date":"2026-04-06T23:11:53","date_gmt":"2026-04-07T05:11:53","guid":{"rendered":"https:\/\/compuviper.mx\/tienda\/producto\/lenovo-40b90000ww-usb-c-dual-display-travel-dock\/"},"modified":"2026-04-06T23:11:53","modified_gmt":"2026-04-07T05:11:53","slug":"lenovo-40b90000ww-usb-c-dual-display-travel-dock","status":"publish","type":"product","link":"https:\/\/compuviper.mx\/tienda\/producto\/lenovo-40b90000ww-usb-c-dual-display-travel-dock\/","title":{"rendered":"Lenovo 40b90000ww  Usb-c Dual Display Travel Dock"},"content":{"rendered":"<table class=\"descripcion\">\n<tr>\n<td>Color eclipse black<\/td>\n<\/tr>\n<tr>\n<td>Max number of external monitors 2<\/td>\n<\/tr>\n<tr>\n<td>Weight 137 g (0.3 lb)<\/td>\n<\/tr>\n<tr>\n<td>Refresh rate 2 x 3840 x 2160 @60hz<\/td>\n<\/tr>\n<tr>\n<td>Ac plug type-c<\/td>\n<\/tr>\n<tr>\n<td>Warranty type cru<\/td>\n<\/tr>\n<tr>\n<td>Output power 65w<\/td>\n<\/tr>\n<tr>\n<td>Brand lenovo<\/td>\n<\/tr>\n<tr>\n<td>Os requirements win 10, win 11<\/td>\n<\/tr>\n<tr>\n<td>Agency approvals fcc\/ices, ce, kcc, rcm, bsmi, vcci, cb, culus, eac, tuv- mark, loa, ukraine doc, nom<\/td>\n<\/tr>\n<tr>\n<td>Audio ports no<\/td>\n<\/tr>\n<tr>\n<td>Charging port dc-in<\/td>\n<\/tr>\n<tr>\n<td>Usb ports 1 x usb-a 10 gbps, 2 x usb-c 10 gbps (1 x aou 12w max)<\/td>\n<\/tr>\n<tr>\n<td>Video ports 1 x hdmi 2.1, 1 x dp 1.4<\/td>\n<\/tr>\n<tr>\n<td>Ethernet 1x gigabit ethernet<\/td>\n<\/tr>\n<tr>\n<td>Package type brown box<\/td>\n<\/tr>\n<tr>\n<td>Height 20 mm (0.79 in)<\/td>\n<\/tr>\n<tr>\n<td>Length 120 mm (4.72 in)<\/td>\n<\/tr>\n<tr>\n<td>Depth 55 mm (2.17 in)<\/td>\n<\/tr>\n<tr>\n<td>Warranty period 3 years<\/td>\n<\/tr>\n<tr>\n<td>Maximum operating temperature 40  and #8451; (104  and #8457;)<\/td>\n<\/tr>\n<tr>\n<td>Minimum operating temperature 0  and #8451; (32  and #8457;)<\/td>\n<\/tr>\n<tr>\n<td>Maximum relative humidity (%) 95% (no condensation)<\/td>\n<\/tr>\n<tr>\n<td>Minimum relative humidity (%) 20%<\/td>\n<\/tr>\n<tr>\n<td>Driver needed no<\/td>\n<\/tr>\n<tr>\n<td>Input power 100w<\/td>\n<\/tr>\n<tr>\n<td>Physical security feature no<\/td>\n<\/tr>\n<tr>\n<td>Power button no<\/td>\n<\/tr>\n<tr>\n<td>Power delivery yes<\/td>\n<\/tr>\n<\/table>\n","protected":false},"excerpt":{"rendered":"<p>Color eclipse black Max number of external monitors 2 Weight 137 g (0.3 lb) Refresh rate 2 x 3840 x 2160 @60hz Ac plug type-c Warranty type cru Output power 65w Brand lenovo Os requirements win 10, win 11 Agency approvals fcc\/ices, ce, kcc, rcm, bsmi, vcci, cb, culus, eac, tuv- mark, loa, ukraine doc, [&hellip;]<\/p>\n","protected":false},"featured_media":241939,"comment_status":"open","ping_status":"open","template":"","meta":[],"product_cat":[1485,1497],"product_tag":[1578],"acf":[],"yoast_head":"<!-- This site is optimized with the Yoast SEO plugin v21.7 - https:\/\/yoast.com\/wordpress\/plugins\/seo\/ -->\n<title>[ Lenovo ] &#129351; 40b90000ww Usb-c Dual Display Travel Dock<\/title>\n<meta name=\"description\" content=\"Compra 40b90000ww Usb-c Dual Display Travel Dock + Env\u00edo a domicilio + Pago seguro + Garant\u00eda\" \/>\n<meta name=\"robots\" content=\"index, follow, max-snippet:-1, max-image-preview:large, max-video-preview:-1\" \/>\n<link rel=\"canonical\" href=\"https:\/\/compuviper.mx\/tienda\/producto\/lenovo-40b90000ww-usb-c-dual-display-travel-dock\/\" \/>\n<meta property=\"og:locale\" content=\"es_MX\" \/>\n<meta property=\"og:type\" content=\"article\" \/>\n<meta property=\"og:title\" content=\"[ Lenovo ] &#129351; 40b90000ww Usb-c Dual Display Travel Dock\" \/>\n<meta property=\"og:description\" content=\"Compra 40b90000ww Usb-c Dual Display Travel Dock + Env\u00edo a domicilio + Pago seguro + Garant\u00eda\" \/>\n<meta property=\"og:url\" content=\"https:\/\/compuviper.mx\/tienda\/producto\/lenovo-40b90000ww-usb-c-dual-display-travel-dock\/\" \/>\n<meta property=\"og:site_name\" content=\"Compuviper\" \/>\n<meta property=\"article:publisher\" content=\"https:\/\/www.facebook.com\/compuviper\" \/>\n<meta property=\"og:image\" content=\"https:\/\/compuviper.mx\/tienda\/wp-content\/uploads\/2024\/09\/Lenovo-usb-c-dual-display-travel-dock.jpg\" \/>\n\t<meta property=\"og:image:width\" content=\"200\" \/>\n\t<meta property=\"og:image:height\" content=\"200\" \/>\n\t<meta property=\"og:image:type\" content=\"image\/jpeg\" \/>\n<meta name=\"twitter:card\" content=\"summary_large_image\" \/>\n<meta name=\"twitter:label1\" content=\"Precio\" \/>\n\t<meta name=\"twitter:data1\" content=\"&#36;1,507 con IVA\" \/>\n\t<meta name=\"twitter:label2\" content=\"Availability\" \/>\n\t<meta name=\"twitter:data2\" content=\"Out of stock\" \/>\n<script type=\"application\/ld+json\" class=\"yoast-schema-graph\">{\"@context\":\"https:\/\/schema.org\",\"@graph\":[{\"@type\":\"WebPage\",\"@id\":\"https:\/\/compuviper.mx\/tienda\/producto\/lenovo-40b90000ww-usb-c-dual-display-travel-dock\/\",\"url\":\"https:\/\/compuviper.mx\/tienda\/producto\/lenovo-40b90000ww-usb-c-dual-display-travel-dock\/\",\"name\":\"[ Lenovo ] &#129351; 40b90000ww Usb-c Dual Display Travel Dock\",\"isPartOf\":{\"@id\":\"https:\/\/compuviper.mx\/tienda\/#website\"},\"datePublished\":\"2026-04-07T05:11:53+00:00\",\"dateModified\":\"2026-04-07T05:11:53+00:00\",\"description\":\"Compra 40b90000ww Usb-c Dual Display Travel Dock + Env\u00edo a domicilio + Pago seguro + Garant\u00eda\",\"breadcrumb\":{\"@id\":\"https:\/\/compuviper.mx\/tienda\/producto\/lenovo-40b90000ww-usb-c-dual-display-travel-dock\/#breadcrumb\"},\"inLanguage\":\"es-MX\",\"potentialAction\":[{\"@type\":\"ReadAction\",\"target\":[\"https:\/\/compuviper.mx\/tienda\/producto\/lenovo-40b90000ww-usb-c-dual-display-travel-dock\/\"]}]},{\"@type\":\"BreadcrumbList\",\"@id\":\"https:\/\/compuviper.mx\/tienda\/producto\/lenovo-40b90000ww-usb-c-dual-display-travel-dock\/#breadcrumb\",\"itemListElement\":[{\"@type\":\"ListItem\",\"position\":1,\"name\":\"Inicio\",\"item\":\"https:\/\/compuviper.mx\/tienda\/\"},{\"@type\":\"ListItem\",\"position\":2,\"name\":\"Productos\",\"item\":\"https:\/\/compuviper.mx\/tienda\/productos\/\"},{\"@type\":\"ListItem\",\"position\":3,\"name\":\"Accesorios\",\"item\":\"https:\/\/compuviper.mx\/tienda\/categoria-producto\/accesorios\/\"},{\"@type\":\"ListItem\",\"position\":4,\"name\":\"Hub Usb\",\"item\":\"https:\/\/compuviper.mx\/tienda\/categoria-producto\/accesorios\/hub-usb\/\"},{\"@type\":\"ListItem\",\"position\":5,\"name\":\"Lenovo 40b90000ww Usb-c Dual Display Travel Dock\"}]},{\"@type\":\"WebSite\",\"@id\":\"https:\/\/compuviper.mx\/tienda\/#website\",\"url\":\"https:\/\/compuviper.mx\/tienda\/\",\"name\":\"Compuviper\",\"description\":\"Proveedor de Computadoras, Laptops, Servidores, Monitores, Puntos de Venta, Teclados,   Impresoras, T\u00f3ner, C\u00e1maras de Seguridad y m\u00e1s en tu tienda en l\u00ednea\",\"publisher\":{\"@id\":\"https:\/\/compuviper.mx\/tienda\/#organization\"},\"potentialAction\":[{\"@type\":\"SearchAction\",\"target\":{\"@type\":\"EntryPoint\",\"urlTemplate\":\"https:\/\/compuviper.mx\/tienda\/?s={search_term_string}\"},\"query-input\":\"required name=search_term_string\"}],\"inLanguage\":\"es-MX\"},{\"@type\":\"Organization\",\"@id\":\"https:\/\/compuviper.mx\/tienda\/#organization\",\"name\":\"Compuviper\",\"url\":\"https:\/\/compuviper.mx\/tienda\/\",\"logo\":{\"@type\":\"ImageObject\",\"inLanguage\":\"es-MX\",\"@id\":\"https:\/\/compuviper.mx\/tienda\/#\/schema\/logo\/image\/\",\"url\":\"https:\/\/compuviper.mx\/tienda\/wp-content\/uploads\/2021\/08\/Logo-Compuviper-10.png\",\"contentUrl\":\"https:\/\/compuviper.mx\/tienda\/wp-content\/uploads\/2021\/08\/Logo-Compuviper-10.png\",\"width\":1000,\"height\":500,\"caption\":\"Compuviper\"},\"image\":{\"@id\":\"https:\/\/compuviper.mx\/tienda\/#\/schema\/logo\/image\/\"},\"sameAs\":[\"https:\/\/www.facebook.com\/compuviper\",\"https:\/\/www.youtube.com\/channel\/UCf73dERp9Y3cfOq7q8BhLjA?view_as=subscriber\"]}]}<\/script>\n<meta property=\"product:brand\" content=\"LENOVO\" \/>\n<meta property=\"product:price:amount\" content=\"1507\" \/>\n<meta property=\"product:price:currency\" content=\"MXN\" \/>\n<meta property=\"og:availability\" content=\"out of stock\" \/>\n<meta property=\"product:availability\" content=\"out of stock\" \/>\n<meta property=\"product:retailer_item_id\" content=\"40B90000WW\" \/>\n<meta property=\"product:condition\" content=\"new\" \/>\n<!-- \/ Yoast SEO plugin. -->","yoast_head_json":{"title":"[ Lenovo ] &#129351; 40b90000ww Usb-c Dual Display Travel Dock","description":"Compra 40b90000ww Usb-c Dual Display Travel Dock + Env\u00edo a domicilio + Pago seguro + Garant\u00eda","robots":{"index":"index","follow":"follow","max-snippet":"max-snippet:-1","max-image-preview":"max-image-preview:large","max-video-preview":"max-video-preview:-1"},"canonical":"https:\/\/compuviper.mx\/tienda\/producto\/lenovo-40b90000ww-usb-c-dual-display-travel-dock\/","og_locale":"es_MX","og_type":"article","og_title":"[ Lenovo ] &#129351; 40b90000ww Usb-c Dual Display Travel Dock","og_description":"Compra 40b90000ww Usb-c Dual Display Travel Dock + Env\u00edo a domicilio + Pago seguro + Garant\u00eda","og_url":"https:\/\/compuviper.mx\/tienda\/producto\/lenovo-40b90000ww-usb-c-dual-display-travel-dock\/","og_site_name":"Compuviper","article_publisher":"https:\/\/www.facebook.com\/compuviper","og_image":[{"width":200,"height":200,"url":"https:\/\/compuviper.mx\/tienda\/wp-content\/uploads\/2024\/09\/Lenovo-usb-c-dual-display-travel-dock.jpg","type":"image\/jpeg"}],"twitter_card":"summary_large_image","twitter_misc":{"Precio":"&#36;1,507 con IVA","Availability":"Out of stock"},"schema":{"@context":"https:\/\/schema.org","@graph":[{"@type":"WebPage","@id":"https:\/\/compuviper.mx\/tienda\/producto\/lenovo-40b90000ww-usb-c-dual-display-travel-dock\/","url":"https:\/\/compuviper.mx\/tienda\/producto\/lenovo-40b90000ww-usb-c-dual-display-travel-dock\/","name":"[ Lenovo ] &#129351; 40b90000ww Usb-c Dual Display Travel Dock","isPartOf":{"@id":"https:\/\/compuviper.mx\/tienda\/#website"},"datePublished":"2026-04-07T05:11:53+00:00","dateModified":"2026-04-07T05:11:53+00:00","description":"Compra 40b90000ww Usb-c Dual Display Travel Dock + Env\u00edo a domicilio + Pago seguro + Garant\u00eda","breadcrumb":{"@id":"https:\/\/compuviper.mx\/tienda\/producto\/lenovo-40b90000ww-usb-c-dual-display-travel-dock\/#breadcrumb"},"inLanguage":"es-MX","potentialAction":[{"@type":"ReadAction","target":["https:\/\/compuviper.mx\/tienda\/producto\/lenovo-40b90000ww-usb-c-dual-display-travel-dock\/"]}]},{"@type":"BreadcrumbList","@id":"https:\/\/compuviper.mx\/tienda\/producto\/lenovo-40b90000ww-usb-c-dual-display-travel-dock\/#breadcrumb","itemListElement":[{"@type":"ListItem","position":1,"name":"Inicio","item":"https:\/\/compuviper.mx\/tienda\/"},{"@type":"ListItem","position":2,"name":"Productos","item":"https:\/\/compuviper.mx\/tienda\/productos\/"},{"@type":"ListItem","position":3,"name":"Accesorios","item":"https:\/\/compuviper.mx\/tienda\/categoria-producto\/accesorios\/"},{"@type":"ListItem","position":4,"name":"Hub Usb","item":"https:\/\/compuviper.mx\/tienda\/categoria-producto\/accesorios\/hub-usb\/"},{"@type":"ListItem","position":5,"name":"Lenovo 40b90000ww Usb-c Dual Display Travel Dock"}]},{"@type":"WebSite","@id":"https:\/\/compuviper.mx\/tienda\/#website","url":"https:\/\/compuviper.mx\/tienda\/","name":"Compuviper","description":"Proveedor de Computadoras, Laptops, Servidores, Monitores, Puntos de Venta, Teclados,   Impresoras, T\u00f3ner, C\u00e1maras de Seguridad y m\u00e1s en tu tienda en l\u00ednea","publisher":{"@id":"https:\/\/compuviper.mx\/tienda\/#organization"},"potentialAction":[{"@type":"SearchAction","target":{"@type":"EntryPoint","urlTemplate":"https:\/\/compuviper.mx\/tienda\/?s={search_term_string}"},"query-input":"required name=search_term_string"}],"inLanguage":"es-MX"},{"@type":"Organization","@id":"https:\/\/compuviper.mx\/tienda\/#organization","name":"Compuviper","url":"https:\/\/compuviper.mx\/tienda\/","logo":{"@type":"ImageObject","inLanguage":"es-MX","@id":"https:\/\/compuviper.mx\/tienda\/#\/schema\/logo\/image\/","url":"https:\/\/compuviper.mx\/tienda\/wp-content\/uploads\/2021\/08\/Logo-Compuviper-10.png","contentUrl":"https:\/\/compuviper.mx\/tienda\/wp-content\/uploads\/2021\/08\/Logo-Compuviper-10.png","width":1000,"height":500,"caption":"Compuviper"},"image":{"@id":"https:\/\/compuviper.mx\/tienda\/#\/schema\/logo\/image\/"},"sameAs":["https:\/\/www.facebook.com\/compuviper","https:\/\/www.youtube.com\/channel\/UCf73dERp9Y3cfOq7q8BhLjA?view_as=subscriber"]}]},"product_brand":"LENOVO","product_price_amount":"1507","product_price_currency":"MXN","og_availability":"out of stock","product_availability":"out of stock","product_retailer_item_id":"40B90000WW","product_condition":"new"},"_links":{"self":[{"href":"https:\/\/compuviper.mx\/tienda\/wp-json\/wp\/v2\/product\/235961"}],"collection":[{"href":"https:\/\/compuviper.mx\/tienda\/wp-json\/wp\/v2\/product"}],"about":[{"href":"https:\/\/compuviper.mx\/tienda\/wp-json\/wp\/v2\/types\/product"}],"replies":[{"embeddable":true,"href":"https:\/\/compuviper.mx\/tienda\/wp-json\/wp\/v2\/comments?post=235961"}],"wp:featuredmedia":[{"embeddable":true,"href":"https:\/\/compuviper.mx\/tienda\/wp-json\/wp\/v2\/media\/241939"}],"wp:attachment":[{"href":"https:\/\/compuviper.mx\/tienda\/wp-json\/wp\/v2\/media?parent=235961"}],"wp:term":[{"taxonomy":"product_cat","embeddable":true,"href":"https:\/\/compuviper.mx\/tienda\/wp-json\/wp\/v2\/product_cat?post=235961"},{"taxonomy":"product_tag","embeddable":true,"href":"https:\/\/compuviper.mx\/tienda\/wp-json\/wp\/v2\/product_tag?post=235961"}],"curies":[{"name":"wp","href":"https:\/\/api.w.org\/{rel}","templated":true}]}}