{"id":235842,"date":"2026-04-18T01:11:52","date_gmt":"2026-04-18T07:11:52","guid":{"rendered":"https:\/\/compuviper.mx\/tienda\/producto\/qnap-qsw-m408-4c-switch-switch-administrado-web-de-capa-2-de-10-gbe-de-nivel-bsico-para-implementacin-de-redes-smb\/"},"modified":"2026-04-18T01:11:52","modified_gmt":"2026-04-18T07:11:52","slug":"qnap-qsw-m408-4c-switch-switch-administrado-web-de-capa-2-de-10-gbe-de-nivel-bsico-para-implementacin-de-redes-smb","status":"publish","type":"product","link":"https:\/\/compuviper.mx\/tienda\/producto\/qnap-qsw-m408-4c-switch-switch-administrado-web-de-capa-2-de-10-gbe-de-nivel-bsico-para-implementacin-de-redes-smb\/","title":{"rendered":"Qnap Qsw-m408-4c Switch   Switch Administrado Web De Capa 2 De 10 Gbe De Nivel B?sico Para Implementaci?n De Redes Smb"},"content":{"rendered":"<table class=\"descripcion\">\n<tr>\n<td>Tipo de gesti\u00f3n gestionado por web<\/td>\n<\/tr>\n<tr>\n<td>N\u00famero de puertos 12<\/td>\n<\/tr>\n<tr>\n<td>Puertos combinados sfp+\/rj45 de 10 gbe 4<\/td>\n<\/tr>\n<tr>\n<td>Nota: los puertos sfp+ de 10 gbe son compatibles con versiones anteriores de sfp de 1 gbe; el puerto combinado rj45 (cobre) admite hasta cinco velocidades (10g\/5g\/2,5g\/1g\/100m).<\/td>\n<\/tr>\n<tr>\n<td>1gbe (rj45) 8<\/td>\n<\/tr>\n<tr>\n<td>Descripci\u00f3n de la fuente de alimentaci\u00f3n adaptador<\/td>\n<\/tr>\n<tr>\n<td>M\u00e1x. el consumo de energ\u00eda 31,46 vatios<\/td>\n<\/tr>\n<tr>\n<td>Tipo de potencia de entrada c.a.<\/td>\n<\/tr>\n<tr>\n<td>Rango de voltaje de entrada 100-240 vca, 50\/60 hz<\/td>\n<\/tr>\n<tr>\n<td>Tabla de direcciones mac 16k<\/td>\n<\/tr>\n<tr>\n<td>Rendimiento total sin bloqueo 48gbps<\/td>\n<\/tr>\n<tr>\n<td>Capacidad de conmutaci\u00f3n 96 gbps<\/td>\n<\/tr>\n<tr>\n<td>Interfaz de gesti\u00f3n web<\/td>\n<\/tr>\n<tr>\n<td>Consola rj45<\/td>\n<\/tr>\n<tr>\n<td>Admirador ventilador de doble rodamiento de bolas pwm x 1<\/td>\n<\/tr>\n<tr>\n<td>Est\u00e1ndares admitidos ieee 802.3 ethernet<\/td>\n<\/tr>\n<tr>\n<td>Ieee 802.3u 100base-t<\/td>\n<\/tr>\n<tr>\n<td>Ieee 802.3ab 1000base-t<\/td>\n<\/tr>\n<tr>\n<td>Ieee 802.3bz 2.5g\/5gbase-t<\/td>\n<\/tr>\n<tr>\n<td>Ieee 802.3an 10g base-t<\/td>\n<\/tr>\n<tr>\n<td>Ieee 802.3z 1000base-sx\/lx<\/td>\n<\/tr>\n<tr>\n<td>Ieee 802.3ae 10g fibra<\/td>\n<\/tr>\n<tr>\n<td>Ie ee 802.3x d\u00faplex completo control de flujo<\/td>\n<\/tr>\n<tr>\n<td>Ieee 802.1q etiquetado vlan<\/td>\n<\/tr>\n<tr>\n<td>Ieee 802.1w rstp<\/td>\n<\/tr>\n<tr>\n<td>Ieee 802.3ad lacp<\/td>\n<\/tr>\n<tr>\n<td>Ieee 802.1ab lldp<\/td>\n<\/tr>\n<tr>\n<td>Ieee 802.1p clase de servicio<\/td>\n<\/tr>\n<tr>\n<td>Factor de forma escritorio<\/td>\n<\/tr>\n<tr>\n<td>Indicadores led por puerto: velocidad\/enlace\/actividad<\/td>\n<\/tr>\n<tr>\n<td>Por sistema: alimentaci\u00f3n\/estado<\/td>\n<\/tr>\n<tr>\n<td>Botones bot\u00f3n de reinicio<\/td>\n<\/tr>\n<tr>\n<td>Dimensiones (al x an x pr) 42,5 \u00d7 290 \u00d7 127 mm<\/td>\n<\/tr>\n<tr>\n<td>Peso (neto) 1,15 kilogramos<\/td>\n<\/tr>\n<tr>\n<td>Peso bruto) 1,57 kilogramos<\/td>\n<\/tr>\n<tr>\n<td>Temperatura de funcionamiento 0\u00b0c a 40\u00b0c (32\u00b0f a 104\u00b0f)<\/td>\n<\/tr>\n<tr>\n<td>Humedad relativa 5~95% sin condensaci\u00f3n<\/td>\n<\/tr>\n<tr>\n<td>Certificaciones ce, fcc, vcci, bsmi, ccc<\/td>\n<\/tr>\n<tr>\n<td>Cumplimiento electromagn\u00e9tico clase a<\/td>\n<\/tr>\n<tr>\n<td>Marcos gigantes 9k<\/td>\n<\/tr>\n<tr>\n<td>Garant\u00eda 2 a\u00f1os<\/td>\n<\/tr>\n<\/table>\n","protected":false},"excerpt":{"rendered":"<p>El qsw-m408-4c es un conmutador administrado web de capa 2 equipado con cuatro puertos combinados sfp+\/rj45 de 10 gbe y ocho puertos gigabit. Al admitir conmutaci\u00f3n de capa 2 y administraci\u00f3n de red a trav\u00e9s de una interfaz de usuario web f\u00e1cil de usar, el qsw-m408-4c ofrece una implementaci\u00f3n flexible en entornos de red h\u00edbridos de alta velocidad y proporciona una soluci\u00f3n de administraci\u00f3n de red de nivel b\u00e1sico que puede ser utilizada incluso por profesionales que no son de ti. . El qsw-m408-4c es compatible con tecnolog\u00edas 10gbe y nbase-t que admiten hasta cinco velocidades (10g\/5g\/2,5g\/1g\/100m) para proporcionar velocidades de transmisi\u00f3n m\u00e1s altas con cables cat 5e y 6a existentes. Con su alto rendimiento, funciones de administraci\u00f3n f\u00e1ciles de usar y tama\u00f1o de escritorio, el qsw-m408-4c le permite actualizar instant\u00e1neamente a un entorno de red h\u00edbrido de alta velocidad a un precio rentable, mientras optimiza el ancho de banda de la red y garantiza la seguridad del mantenimiento de la red. El qsw-m408-4c se fabrica en taiw\u00e1n (mit), lo que proporciona una soluci\u00f3n de red confiable y de alta calidad.<\/p>\n","protected":false},"featured_media":242865,"comment_status":"open","ping_status":"open","template":"","meta":[],"product_cat":[1563,1564],"product_tag":[2110],"acf":[],"yoast_head":"<!-- This site is optimized with the Yoast SEO plugin v21.7 - https:\/\/yoast.com\/wordpress\/plugins\/seo\/ -->\n<title>[ Qnap ] &#129351; Qsw-m408-4c Switch Switch Administrado Web De Capa 2 De 10 Gbe De Nivel B\u00e1sico Para Implementaci\u00f3n De Redes Smb<\/title>\n<meta name=\"description\" content=\"Compra Qsw-m408-4c Switch Switch Administrado Web De Capa 2 De 10 Gbe De Nivel B\u00e1sico Para Implementaci\u00f3n De Redes Smb + Env\u00edo a domicilio + Pago seguro + Garant\u00eda\" \/>\n<meta name=\"robots\" content=\"index, follow, max-snippet:-1, max-image-preview:large, max-video-preview:-1\" \/>\n<link rel=\"canonical\" href=\"https:\/\/compuviper.mx\/tienda\/producto\/qnap-qsw-m408-4c-switch-switch-administrado-web-de-capa-2-de-10-gbe-de-nivel-bsico-para-implementacin-de-redes-smb\/\" \/>\n<meta property=\"og:locale\" content=\"es_MX\" \/>\n<meta property=\"og:type\" content=\"article\" \/>\n<meta property=\"og:title\" content=\"[ Qnap ] &#129351; Qsw-m408-4c Switch Switch Administrado Web De Capa 2 De 10 Gbe De Nivel B\u00e1sico Para Implementaci\u00f3n De Redes Smb\" \/>\n<meta property=\"og:description\" content=\"Compra Qsw-m408-4c Switch Switch Administrado Web De Capa 2 De 10 Gbe De Nivel B\u00e1sico Para Implementaci\u00f3n De Redes Smb + Env\u00edo a domicilio + Pago seguro + Garant\u00eda\" \/>\n<meta property=\"og:url\" content=\"https:\/\/compuviper.mx\/tienda\/producto\/qnap-qsw-m408-4c-switch-switch-administrado-web-de-capa-2-de-10-gbe-de-nivel-bsico-para-implementacin-de-redes-smb\/\" \/>\n<meta property=\"og:site_name\" content=\"Compuviper\" \/>\n<meta property=\"article:publisher\" content=\"https:\/\/www.facebook.com\/compuviper\" \/>\n<meta property=\"og:image\" content=\"https:\/\/compuviper.mx\/tienda\/wp-content\/uploads\/2024\/09\/Switch-qnap-qsw-m408-4c-switch-administrado-web-de-capa-2-de-10-gbe-de-nivel-basico-para-implementacion-de-redes-smb.jpg\" \/>\n\t<meta property=\"og:image:width\" content=\"200\" \/>\n\t<meta property=\"og:image:height\" content=\"200\" \/>\n\t<meta property=\"og:image:type\" content=\"image\/jpeg\" \/>\n<meta name=\"twitter:card\" content=\"summary_large_image\" \/>\n<meta name=\"twitter:label1\" content=\"Precio\" \/>\n\t<meta name=\"twitter:data1\" content=\"&#36;7,553 con IVA\" \/>\n\t<meta name=\"twitter:label2\" content=\"Availability\" \/>\n\t<meta name=\"twitter:data2\" content=\"On backorder\" \/>\n<script type=\"application\/ld+json\" class=\"yoast-schema-graph\">{\"@context\":\"https:\/\/schema.org\",\"@graph\":[{\"@type\":\"WebPage\",\"@id\":\"https:\/\/compuviper.mx\/tienda\/producto\/qnap-qsw-m408-4c-switch-switch-administrado-web-de-capa-2-de-10-gbe-de-nivel-bsico-para-implementacin-de-redes-smb\/\",\"url\":\"https:\/\/compuviper.mx\/tienda\/producto\/qnap-qsw-m408-4c-switch-switch-administrado-web-de-capa-2-de-10-gbe-de-nivel-bsico-para-implementacin-de-redes-smb\/\",\"name\":\"[ Qnap ] &#129351; Qsw-m408-4c Switch Switch Administrado Web De Capa 2 De 10 Gbe De Nivel B\u00e1sico Para Implementaci\u00f3n De Redes Smb\",\"isPartOf\":{\"@id\":\"https:\/\/compuviper.mx\/tienda\/#website\"},\"datePublished\":\"2026-04-18T07:11:52+00:00\",\"dateModified\":\"2026-04-18T07:11:52+00:00\",\"description\":\"Compra Qsw-m408-4c Switch Switch Administrado Web De Capa 2 De 10 Gbe De Nivel B\u00e1sico Para Implementaci\u00f3n De Redes Smb + Env\u00edo a domicilio + Pago seguro + Garant\u00eda\",\"breadcrumb\":{\"@id\":\"https:\/\/compuviper.mx\/tienda\/producto\/qnap-qsw-m408-4c-switch-switch-administrado-web-de-capa-2-de-10-gbe-de-nivel-bsico-para-implementacin-de-redes-smb\/#breadcrumb\"},\"inLanguage\":\"es-MX\",\"potentialAction\":[{\"@type\":\"ReadAction\",\"target\":[\"https:\/\/compuviper.mx\/tienda\/producto\/qnap-qsw-m408-4c-switch-switch-administrado-web-de-capa-2-de-10-gbe-de-nivel-bsico-para-implementacin-de-redes-smb\/\"]}]},{\"@type\":\"BreadcrumbList\",\"@id\":\"https:\/\/compuviper.mx\/tienda\/producto\/qnap-qsw-m408-4c-switch-switch-administrado-web-de-capa-2-de-10-gbe-de-nivel-bsico-para-implementacin-de-redes-smb\/#breadcrumb\",\"itemListElement\":[{\"@type\":\"ListItem\",\"position\":1,\"name\":\"Inicio\",\"item\":\"https:\/\/compuviper.mx\/tienda\/\"},{\"@type\":\"ListItem\",\"position\":2,\"name\":\"Productos\",\"item\":\"https:\/\/compuviper.mx\/tienda\/productos\/\"},{\"@type\":\"ListItem\",\"position\":3,\"name\":\"Redes\",\"item\":\"https:\/\/compuviper.mx\/tienda\/categoria-producto\/redes\/\"},{\"@type\":\"ListItem\",\"position\":4,\"name\":\"Switch\",\"item\":\"https:\/\/compuviper.mx\/tienda\/categoria-producto\/redes\/switch\/\"},{\"@type\":\"ListItem\",\"position\":5,\"name\":\"Qnap Qsw-m408-4c Switch Switch Administrado Web De Capa 2 De 10 Gbe De Nivel B?sico Para Implementaci?n De Redes Smb\"}]},{\"@type\":\"WebSite\",\"@id\":\"https:\/\/compuviper.mx\/tienda\/#website\",\"url\":\"https:\/\/compuviper.mx\/tienda\/\",\"name\":\"Compuviper\",\"description\":\"Proveedor de Computadoras, Laptops, Servidores, Monitores, Puntos de Venta, Teclados,   Impresoras, T\u00f3ner, C\u00e1maras de Seguridad y m\u00e1s en tu tienda en l\u00ednea\",\"publisher\":{\"@id\":\"https:\/\/compuviper.mx\/tienda\/#organization\"},\"potentialAction\":[{\"@type\":\"SearchAction\",\"target\":{\"@type\":\"EntryPoint\",\"urlTemplate\":\"https:\/\/compuviper.mx\/tienda\/?s={search_term_string}\"},\"query-input\":\"required name=search_term_string\"}],\"inLanguage\":\"es-MX\"},{\"@type\":\"Organization\",\"@id\":\"https:\/\/compuviper.mx\/tienda\/#organization\",\"name\":\"Compuviper\",\"url\":\"https:\/\/compuviper.mx\/tienda\/\",\"logo\":{\"@type\":\"ImageObject\",\"inLanguage\":\"es-MX\",\"@id\":\"https:\/\/compuviper.mx\/tienda\/#\/schema\/logo\/image\/\",\"url\":\"https:\/\/compuviper.mx\/tienda\/wp-content\/uploads\/2021\/08\/Logo-Compuviper-10.png\",\"contentUrl\":\"https:\/\/compuviper.mx\/tienda\/wp-content\/uploads\/2021\/08\/Logo-Compuviper-10.png\",\"width\":1000,\"height\":500,\"caption\":\"Compuviper\"},\"image\":{\"@id\":\"https:\/\/compuviper.mx\/tienda\/#\/schema\/logo\/image\/\"},\"sameAs\":[\"https:\/\/www.facebook.com\/compuviper\",\"https:\/\/www.youtube.com\/channel\/UCf73dERp9Y3cfOq7q8BhLjA?view_as=subscriber\"]}]}<\/script>\n<meta property=\"product:brand\" content=\"Qnap\" \/>\n<meta property=\"product:price:amount\" content=\"7553\" \/>\n<meta property=\"product:price:currency\" content=\"MXN\" \/>\n<meta property=\"og:availability\" content=\"backorder\" \/>\n<meta property=\"product:availability\" content=\"available for order\" \/>\n<meta property=\"product:retailer_item_id\" content=\"QSW-M408-4C\" \/>\n<meta property=\"product:condition\" content=\"new\" \/>\n<!-- \/ Yoast SEO plugin. -->","yoast_head_json":{"title":"[ Qnap ] &#129351; Qsw-m408-4c Switch Switch Administrado Web De Capa 2 De 10 Gbe De Nivel B\u00e1sico Para Implementaci\u00f3n De Redes Smb","description":"Compra Qsw-m408-4c Switch Switch Administrado Web De Capa 2 De 10 Gbe De Nivel B\u00e1sico Para Implementaci\u00f3n De Redes Smb + Env\u00edo a domicilio + Pago seguro + Garant\u00eda","robots":{"index":"index","follow":"follow","max-snippet":"max-snippet:-1","max-image-preview":"max-image-preview:large","max-video-preview":"max-video-preview:-1"},"canonical":"https:\/\/compuviper.mx\/tienda\/producto\/qnap-qsw-m408-4c-switch-switch-administrado-web-de-capa-2-de-10-gbe-de-nivel-bsico-para-implementacin-de-redes-smb\/","og_locale":"es_MX","og_type":"article","og_title":"[ Qnap ] &#129351; Qsw-m408-4c Switch Switch Administrado Web De Capa 2 De 10 Gbe De Nivel B\u00e1sico Para Implementaci\u00f3n De Redes Smb","og_description":"Compra Qsw-m408-4c Switch Switch Administrado Web De Capa 2 De 10 Gbe De Nivel B\u00e1sico Para Implementaci\u00f3n De Redes Smb + Env\u00edo a domicilio + Pago seguro + Garant\u00eda","og_url":"https:\/\/compuviper.mx\/tienda\/producto\/qnap-qsw-m408-4c-switch-switch-administrado-web-de-capa-2-de-10-gbe-de-nivel-bsico-para-implementacin-de-redes-smb\/","og_site_name":"Compuviper","article_publisher":"https:\/\/www.facebook.com\/compuviper","og_image":[{"width":200,"height":200,"url":"https:\/\/compuviper.mx\/tienda\/wp-content\/uploads\/2024\/09\/Switch-qnap-qsw-m408-4c-switch-administrado-web-de-capa-2-de-10-gbe-de-nivel-basico-para-implementacion-de-redes-smb.jpg","type":"image\/jpeg"}],"twitter_card":"summary_large_image","twitter_misc":{"Precio":"&#36;7,553 con IVA","Availability":"On backorder"},"schema":{"@context":"https:\/\/schema.org","@graph":[{"@type":"WebPage","@id":"https:\/\/compuviper.mx\/tienda\/producto\/qnap-qsw-m408-4c-switch-switch-administrado-web-de-capa-2-de-10-gbe-de-nivel-bsico-para-implementacin-de-redes-smb\/","url":"https:\/\/compuviper.mx\/tienda\/producto\/qnap-qsw-m408-4c-switch-switch-administrado-web-de-capa-2-de-10-gbe-de-nivel-bsico-para-implementacin-de-redes-smb\/","name":"[ Qnap ] &#129351; Qsw-m408-4c Switch Switch Administrado Web De Capa 2 De 10 Gbe De Nivel B\u00e1sico Para Implementaci\u00f3n De Redes Smb","isPartOf":{"@id":"https:\/\/compuviper.mx\/tienda\/#website"},"datePublished":"2026-04-18T07:11:52+00:00","dateModified":"2026-04-18T07:11:52+00:00","description":"Compra Qsw-m408-4c Switch Switch Administrado Web De Capa 2 De 10 Gbe De Nivel B\u00e1sico Para Implementaci\u00f3n De Redes Smb + Env\u00edo a domicilio + Pago seguro + Garant\u00eda","breadcrumb":{"@id":"https:\/\/compuviper.mx\/tienda\/producto\/qnap-qsw-m408-4c-switch-switch-administrado-web-de-capa-2-de-10-gbe-de-nivel-bsico-para-implementacin-de-redes-smb\/#breadcrumb"},"inLanguage":"es-MX","potentialAction":[{"@type":"ReadAction","target":["https:\/\/compuviper.mx\/tienda\/producto\/qnap-qsw-m408-4c-switch-switch-administrado-web-de-capa-2-de-10-gbe-de-nivel-bsico-para-implementacin-de-redes-smb\/"]}]},{"@type":"BreadcrumbList","@id":"https:\/\/compuviper.mx\/tienda\/producto\/qnap-qsw-m408-4c-switch-switch-administrado-web-de-capa-2-de-10-gbe-de-nivel-bsico-para-implementacin-de-redes-smb\/#breadcrumb","itemListElement":[{"@type":"ListItem","position":1,"name":"Inicio","item":"https:\/\/compuviper.mx\/tienda\/"},{"@type":"ListItem","position":2,"name":"Productos","item":"https:\/\/compuviper.mx\/tienda\/productos\/"},{"@type":"ListItem","position":3,"name":"Redes","item":"https:\/\/compuviper.mx\/tienda\/categoria-producto\/redes\/"},{"@type":"ListItem","position":4,"name":"Switch","item":"https:\/\/compuviper.mx\/tienda\/categoria-producto\/redes\/switch\/"},{"@type":"ListItem","position":5,"name":"Qnap Qsw-m408-4c Switch Switch Administrado Web De Capa 2 De 10 Gbe De Nivel B?sico Para Implementaci?n De Redes Smb"}]},{"@type":"WebSite","@id":"https:\/\/compuviper.mx\/tienda\/#website","url":"https:\/\/compuviper.mx\/tienda\/","name":"Compuviper","description":"Proveedor de Computadoras, Laptops, Servidores, Monitores, Puntos de Venta, Teclados,   Impresoras, T\u00f3ner, C\u00e1maras de Seguridad y m\u00e1s en tu tienda en l\u00ednea","publisher":{"@id":"https:\/\/compuviper.mx\/tienda\/#organization"},"potentialAction":[{"@type":"SearchAction","target":{"@type":"EntryPoint","urlTemplate":"https:\/\/compuviper.mx\/tienda\/?s={search_term_string}"},"query-input":"required name=search_term_string"}],"inLanguage":"es-MX"},{"@type":"Organization","@id":"https:\/\/compuviper.mx\/tienda\/#organization","name":"Compuviper","url":"https:\/\/compuviper.mx\/tienda\/","logo":{"@type":"ImageObject","inLanguage":"es-MX","@id":"https:\/\/compuviper.mx\/tienda\/#\/schema\/logo\/image\/","url":"https:\/\/compuviper.mx\/tienda\/wp-content\/uploads\/2021\/08\/Logo-Compuviper-10.png","contentUrl":"https:\/\/compuviper.mx\/tienda\/wp-content\/uploads\/2021\/08\/Logo-Compuviper-10.png","width":1000,"height":500,"caption":"Compuviper"},"image":{"@id":"https:\/\/compuviper.mx\/tienda\/#\/schema\/logo\/image\/"},"sameAs":["https:\/\/www.facebook.com\/compuviper","https:\/\/www.youtube.com\/channel\/UCf73dERp9Y3cfOq7q8BhLjA?view_as=subscriber"]}]},"product_brand":"Qnap","product_price_amount":"7553","product_price_currency":"MXN","og_availability":"backorder","product_availability":"available for order","product_retailer_item_id":"QSW-M408-4C","product_condition":"new"},"_links":{"self":[{"href":"https:\/\/compuviper.mx\/tienda\/wp-json\/wp\/v2\/product\/235842"}],"collection":[{"href":"https:\/\/compuviper.mx\/tienda\/wp-json\/wp\/v2\/product"}],"about":[{"href":"https:\/\/compuviper.mx\/tienda\/wp-json\/wp\/v2\/types\/product"}],"replies":[{"embeddable":true,"href":"https:\/\/compuviper.mx\/tienda\/wp-json\/wp\/v2\/comments?post=235842"}],"wp:featuredmedia":[{"embeddable":true,"href":"https:\/\/compuviper.mx\/tienda\/wp-json\/wp\/v2\/media\/242865"}],"wp:attachment":[{"href":"https:\/\/compuviper.mx\/tienda\/wp-json\/wp\/v2\/media?parent=235842"}],"wp:term":[{"taxonomy":"product_cat","embeddable":true,"href":"https:\/\/compuviper.mx\/tienda\/wp-json\/wp\/v2\/product_cat?post=235842"},{"taxonomy":"product_tag","embeddable":true,"href":"https:\/\/compuviper.mx\/tienda\/wp-json\/wp\/v2\/product_tag?post=235842"}],"curies":[{"name":"wp","href":"https:\/\/api.w.org\/{rel}","templated":true}]}}