{"id":235811,"date":"2026-04-18T02:12:31","date_gmt":"2026-04-18T08:12:31","guid":{"rendered":"https:\/\/compuviper.mx\/tienda\/producto\/perfect-choice-v-930174-audifonos-gamer-inalambricos-tws-sonido-hq-helmet-de-vortred\/"},"modified":"2026-04-18T02:12:32","modified_gmt":"2026-04-18T08:12:32","slug":"perfect-choice-v-930174-audifonos-gamer-inalambricos-bluetooth-tws-sonido-hq-vortred-by-helmet-negro","status":"publish","type":"product","link":"https:\/\/compuviper.mx\/tienda\/producto\/perfect-choice-v-930174-audifonos-gamer-inalambricos-bluetooth-tws-sonido-hq-vortred-by-helmet-negro\/","title":{"rendered":"Perfect Choice V-930174 Audifonos Gamer Inalambricos Bluetooth Tws Sonido Hq Vortred By  Helmet &#8211; Negro"},"content":{"rendered":"<table class=\"descripcion\">\n<tr>\n<td>Especificaciones t\u00e9cnicas<\/td>\n<\/tr>\n<tr>\n<td>Alimentaci\u00f3n: 5vcc 1a<\/td>\n<\/tr>\n<tr>\n<td>Conector: tipo c<\/td>\n<\/tr>\n<tr>\n<td>Transmisi\u00f3n: inal\u00e1mbrica bt v. 5.3 2.4ghz<\/td>\n<\/tr>\n<tr>\n<td>Rango de operaci\u00f3n: 10m<\/td>\n<\/tr>\n<tr>\n<td>Bater\u00eda aud\u00edfono: 30mah<\/td>\n<\/tr>\n<tr>\n<td>Bater\u00eda estuche: 200mah<\/td>\n<\/tr>\n<tr>\n<td>Tiempo de operaci\u00f3n: 20h totales &#8211; 5h por carga<\/td>\n<\/tr>\n<tr>\n<td>Control touch<\/td>\n<\/tr>\n<tr>\n<td>Contenido del empaque:<\/td>\n<\/tr>\n<tr>\n<td>1 par de aud\u00edfonos<\/td>\n<\/tr>\n<tr>\n<td>1 estuche de carga<\/td>\n<\/tr>\n<tr>\n<td>1 cable de carga<\/td>\n<\/tr>\n<tr>\n<td>1 guia de usuario<\/td>\n<\/tr>\n<\/table>\n","protected":false},"excerpt":{"rendered":"<p>Experimenta la perfecci\u00f3n auditiva con nuestros aud\u00edfonos tws, ideales tanto para gaming como para disfrutar de m\u00fasica. Con baja latencia para una conexi\u00f3n sin retrasos, sonido hq para una calidad excepcional y asistente de voz para mayor comodidad, sum\u00e9rgete en una experiencia inigualable.<\/p>\n","protected":false},"featured_media":243482,"comment_status":"open","ping_status":"open","template":"","meta":[],"product_cat":[1552,1816],"product_tag":[1513],"acf":[],"yoast_head":"<!-- This site is optimized with the Yoast SEO plugin v21.7 - https:\/\/yoast.com\/wordpress\/plugins\/seo\/ -->\n<title>[ Perfect Choice ] &#129351; V-930174 Audifonos Gamer Inalambricos Bluetooth Tws Sonido Hq Vortred By Helmet - Negro<\/title>\n<meta name=\"description\" content=\"Compra V-930174 Audifonos Gamer Inalambricos Bluetooth Tws Sonido Hq Vortred By Helmet - Negro + Env\u00edo a domicilio + Pago seguro + Garant\u00eda\" \/>\n<meta name=\"robots\" content=\"index, follow, max-snippet:-1, max-image-preview:large, max-video-preview:-1\" \/>\n<link rel=\"canonical\" href=\"https:\/\/compuviper.mx\/tienda\/producto\/perfect-choice-v-930174-audifonos-gamer-inalambricos-bluetooth-tws-sonido-hq-vortred-by-helmet-negro\/\" \/>\n<meta property=\"og:locale\" content=\"es_MX\" \/>\n<meta property=\"og:type\" content=\"article\" \/>\n<meta property=\"og:title\" content=\"[ Perfect Choice ] &#129351; V-930174 Audifonos Gamer Inalambricos Bluetooth Tws Sonido Hq Vortred By Helmet - Negro\" \/>\n<meta property=\"og:description\" content=\"Compra V-930174 Audifonos Gamer Inalambricos Bluetooth Tws Sonido Hq Vortred By Helmet - Negro + Env\u00edo a domicilio + Pago seguro + Garant\u00eda\" \/>\n<meta property=\"og:url\" content=\"https:\/\/compuviper.mx\/tienda\/producto\/perfect-choice-v-930174-audifonos-gamer-inalambricos-bluetooth-tws-sonido-hq-vortred-by-helmet-negro\/\" \/>\n<meta property=\"og:site_name\" content=\"Compuviper\" \/>\n<meta property=\"article:publisher\" content=\"https:\/\/www.facebook.com\/compuviper\" \/>\n<meta property=\"article:modified_time\" content=\"2026-04-18T08:12:32+00:00\" \/>\n<meta property=\"og:image\" content=\"https:\/\/compuviper.mx\/tienda\/wp-content\/uploads\/2024\/09\/Audifonos-gamer-inalambricos-bluetooth-tws-sonido-hq-vortred-by-perfect-choice-helmet-negrosustituye-a-spk-2100v-930167.jpg\" \/>\n\t<meta property=\"og:image:width\" content=\"200\" \/>\n\t<meta property=\"og:image:height\" content=\"200\" \/>\n\t<meta property=\"og:image:type\" content=\"image\/jpeg\" \/>\n<meta name=\"twitter:card\" content=\"summary_large_image\" \/>\n<meta name=\"twitter:label1\" content=\"Precio\" \/>\n\t<meta name=\"twitter:data1\" content=\"&#36;247 con IVA\" \/>\n\t<meta name=\"twitter:label2\" content=\"Availability\" \/>\n\t<meta name=\"twitter:data2\" content=\"In stock\" \/>\n<script type=\"application\/ld+json\" class=\"yoast-schema-graph\">{\"@context\":\"https:\/\/schema.org\",\"@graph\":[{\"@type\":\"WebPage\",\"@id\":\"https:\/\/compuviper.mx\/tienda\/producto\/perfect-choice-v-930174-audifonos-gamer-inalambricos-bluetooth-tws-sonido-hq-vortred-by-helmet-negro\/\",\"url\":\"https:\/\/compuviper.mx\/tienda\/producto\/perfect-choice-v-930174-audifonos-gamer-inalambricos-bluetooth-tws-sonido-hq-vortred-by-helmet-negro\/\",\"name\":\"[ Perfect Choice ] &#129351; V-930174 Audifonos Gamer Inalambricos Bluetooth Tws Sonido Hq Vortred By Helmet - Negro\",\"isPartOf\":{\"@id\":\"https:\/\/compuviper.mx\/tienda\/#website\"},\"datePublished\":\"2026-04-18T08:12:31+00:00\",\"dateModified\":\"2026-04-18T08:12:32+00:00\",\"description\":\"Compra V-930174 Audifonos Gamer Inalambricos Bluetooth Tws Sonido Hq Vortred By Helmet - Negro + Env\u00edo a domicilio + Pago seguro + Garant\u00eda\",\"breadcrumb\":{\"@id\":\"https:\/\/compuviper.mx\/tienda\/producto\/perfect-choice-v-930174-audifonos-gamer-inalambricos-bluetooth-tws-sonido-hq-vortred-by-helmet-negro\/#breadcrumb\"},\"inLanguage\":\"es-MX\",\"potentialAction\":[{\"@type\":\"ReadAction\",\"target\":[\"https:\/\/compuviper.mx\/tienda\/producto\/perfect-choice-v-930174-audifonos-gamer-inalambricos-bluetooth-tws-sonido-hq-vortred-by-helmet-negro\/\"]}]},{\"@type\":\"BreadcrumbList\",\"@id\":\"https:\/\/compuviper.mx\/tienda\/producto\/perfect-choice-v-930174-audifonos-gamer-inalambricos-bluetooth-tws-sonido-hq-vortred-by-helmet-negro\/#breadcrumb\",\"itemListElement\":[{\"@type\":\"ListItem\",\"position\":1,\"name\":\"Inicio\",\"item\":\"https:\/\/compuviper.mx\/tienda\/\"},{\"@type\":\"ListItem\",\"position\":2,\"name\":\"Productos\",\"item\":\"https:\/\/compuviper.mx\/tienda\/productos\/\"},{\"@type\":\"ListItem\",\"position\":3,\"name\":\"Audifonos Y Micro\",\"item\":\"https:\/\/compuviper.mx\/tienda\/categoria-producto\/audifonos-y-micro\/\"},{\"@type\":\"ListItem\",\"position\":4,\"name\":\"Audifono Con Microfono\",\"item\":\"https:\/\/compuviper.mx\/tienda\/categoria-producto\/audifonos-y-micro\/audifono-con-microfono\/\"},{\"@type\":\"ListItem\",\"position\":5,\"name\":\"Perfect Choice V-930174 Audifonos Gamer Inalambricos Bluetooth Tws Sonido Hq Vortred By Helmet &#8211; Negro\"}]},{\"@type\":\"WebSite\",\"@id\":\"https:\/\/compuviper.mx\/tienda\/#website\",\"url\":\"https:\/\/compuviper.mx\/tienda\/\",\"name\":\"Compuviper\",\"description\":\"Proveedor de Computadoras, Laptops, Servidores, Monitores, Puntos de Venta, Teclados,   Impresoras, T\u00f3ner, C\u00e1maras de Seguridad y m\u00e1s en tu tienda en l\u00ednea\",\"publisher\":{\"@id\":\"https:\/\/compuviper.mx\/tienda\/#organization\"},\"potentialAction\":[{\"@type\":\"SearchAction\",\"target\":{\"@type\":\"EntryPoint\",\"urlTemplate\":\"https:\/\/compuviper.mx\/tienda\/?s={search_term_string}\"},\"query-input\":\"required name=search_term_string\"}],\"inLanguage\":\"es-MX\"},{\"@type\":\"Organization\",\"@id\":\"https:\/\/compuviper.mx\/tienda\/#organization\",\"name\":\"Compuviper\",\"url\":\"https:\/\/compuviper.mx\/tienda\/\",\"logo\":{\"@type\":\"ImageObject\",\"inLanguage\":\"es-MX\",\"@id\":\"https:\/\/compuviper.mx\/tienda\/#\/schema\/logo\/image\/\",\"url\":\"https:\/\/compuviper.mx\/tienda\/wp-content\/uploads\/2021\/08\/Logo-Compuviper-10.png\",\"contentUrl\":\"https:\/\/compuviper.mx\/tienda\/wp-content\/uploads\/2021\/08\/Logo-Compuviper-10.png\",\"width\":1000,\"height\":500,\"caption\":\"Compuviper\"},\"image\":{\"@id\":\"https:\/\/compuviper.mx\/tienda\/#\/schema\/logo\/image\/\"},\"sameAs\":[\"https:\/\/www.facebook.com\/compuviper\",\"https:\/\/www.youtube.com\/channel\/UCf73dERp9Y3cfOq7q8BhLjA?view_as=subscriber\"]}]}<\/script>\n<meta property=\"product:brand\" content=\"PERFECT CHOICE\" \/>\n<meta property=\"product:price:amount\" content=\"247\" \/>\n<meta property=\"product:price:currency\" content=\"MXN\" \/>\n<meta property=\"og:availability\" content=\"instock\" \/>\n<meta property=\"product:availability\" content=\"instock\" \/>\n<meta property=\"product:retailer_item_id\" content=\"V-930174\" \/>\n<meta property=\"product:condition\" content=\"new\" \/>\n<!-- \/ Yoast SEO plugin. -->","yoast_head_json":{"title":"[ Perfect Choice ] &#129351; V-930174 Audifonos Gamer Inalambricos Bluetooth Tws Sonido Hq Vortred By Helmet - Negro","description":"Compra V-930174 Audifonos Gamer Inalambricos Bluetooth Tws Sonido Hq Vortred By Helmet - Negro + Env\u00edo a domicilio + Pago seguro + Garant\u00eda","robots":{"index":"index","follow":"follow","max-snippet":"max-snippet:-1","max-image-preview":"max-image-preview:large","max-video-preview":"max-video-preview:-1"},"canonical":"https:\/\/compuviper.mx\/tienda\/producto\/perfect-choice-v-930174-audifonos-gamer-inalambricos-bluetooth-tws-sonido-hq-vortred-by-helmet-negro\/","og_locale":"es_MX","og_type":"article","og_title":"[ Perfect Choice ] &#129351; V-930174 Audifonos Gamer Inalambricos Bluetooth Tws Sonido Hq Vortred By Helmet - Negro","og_description":"Compra V-930174 Audifonos Gamer Inalambricos Bluetooth Tws Sonido Hq Vortred By Helmet - Negro + Env\u00edo a domicilio + Pago seguro + Garant\u00eda","og_url":"https:\/\/compuviper.mx\/tienda\/producto\/perfect-choice-v-930174-audifonos-gamer-inalambricos-bluetooth-tws-sonido-hq-vortred-by-helmet-negro\/","og_site_name":"Compuviper","article_publisher":"https:\/\/www.facebook.com\/compuviper","article_modified_time":"2026-04-18T08:12:32+00:00","og_image":[{"width":200,"height":200,"url":"https:\/\/compuviper.mx\/tienda\/wp-content\/uploads\/2024\/09\/Audifonos-gamer-inalambricos-bluetooth-tws-sonido-hq-vortred-by-perfect-choice-helmet-negrosustituye-a-spk-2100v-930167.jpg","type":"image\/jpeg"}],"twitter_card":"summary_large_image","twitter_misc":{"Precio":"&#36;247 con IVA","Availability":"In stock"},"schema":{"@context":"https:\/\/schema.org","@graph":[{"@type":"WebPage","@id":"https:\/\/compuviper.mx\/tienda\/producto\/perfect-choice-v-930174-audifonos-gamer-inalambricos-bluetooth-tws-sonido-hq-vortred-by-helmet-negro\/","url":"https:\/\/compuviper.mx\/tienda\/producto\/perfect-choice-v-930174-audifonos-gamer-inalambricos-bluetooth-tws-sonido-hq-vortred-by-helmet-negro\/","name":"[ Perfect Choice ] &#129351; V-930174 Audifonos Gamer Inalambricos Bluetooth Tws Sonido Hq Vortred By Helmet - Negro","isPartOf":{"@id":"https:\/\/compuviper.mx\/tienda\/#website"},"datePublished":"2026-04-18T08:12:31+00:00","dateModified":"2026-04-18T08:12:32+00:00","description":"Compra V-930174 Audifonos Gamer Inalambricos Bluetooth Tws Sonido Hq Vortred By Helmet - Negro + Env\u00edo a domicilio + Pago seguro + Garant\u00eda","breadcrumb":{"@id":"https:\/\/compuviper.mx\/tienda\/producto\/perfect-choice-v-930174-audifonos-gamer-inalambricos-bluetooth-tws-sonido-hq-vortred-by-helmet-negro\/#breadcrumb"},"inLanguage":"es-MX","potentialAction":[{"@type":"ReadAction","target":["https:\/\/compuviper.mx\/tienda\/producto\/perfect-choice-v-930174-audifonos-gamer-inalambricos-bluetooth-tws-sonido-hq-vortred-by-helmet-negro\/"]}]},{"@type":"BreadcrumbList","@id":"https:\/\/compuviper.mx\/tienda\/producto\/perfect-choice-v-930174-audifonos-gamer-inalambricos-bluetooth-tws-sonido-hq-vortred-by-helmet-negro\/#breadcrumb","itemListElement":[{"@type":"ListItem","position":1,"name":"Inicio","item":"https:\/\/compuviper.mx\/tienda\/"},{"@type":"ListItem","position":2,"name":"Productos","item":"https:\/\/compuviper.mx\/tienda\/productos\/"},{"@type":"ListItem","position":3,"name":"Audifonos Y Micro","item":"https:\/\/compuviper.mx\/tienda\/categoria-producto\/audifonos-y-micro\/"},{"@type":"ListItem","position":4,"name":"Audifono Con Microfono","item":"https:\/\/compuviper.mx\/tienda\/categoria-producto\/audifonos-y-micro\/audifono-con-microfono\/"},{"@type":"ListItem","position":5,"name":"Perfect Choice V-930174 Audifonos Gamer Inalambricos Bluetooth Tws Sonido Hq Vortred By Helmet &#8211; Negro"}]},{"@type":"WebSite","@id":"https:\/\/compuviper.mx\/tienda\/#website","url":"https:\/\/compuviper.mx\/tienda\/","name":"Compuviper","description":"Proveedor de Computadoras, Laptops, Servidores, Monitores, Puntos de Venta, Teclados,   Impresoras, T\u00f3ner, C\u00e1maras de Seguridad y m\u00e1s en tu tienda en l\u00ednea","publisher":{"@id":"https:\/\/compuviper.mx\/tienda\/#organization"},"potentialAction":[{"@type":"SearchAction","target":{"@type":"EntryPoint","urlTemplate":"https:\/\/compuviper.mx\/tienda\/?s={search_term_string}"},"query-input":"required name=search_term_string"}],"inLanguage":"es-MX"},{"@type":"Organization","@id":"https:\/\/compuviper.mx\/tienda\/#organization","name":"Compuviper","url":"https:\/\/compuviper.mx\/tienda\/","logo":{"@type":"ImageObject","inLanguage":"es-MX","@id":"https:\/\/compuviper.mx\/tienda\/#\/schema\/logo\/image\/","url":"https:\/\/compuviper.mx\/tienda\/wp-content\/uploads\/2021\/08\/Logo-Compuviper-10.png","contentUrl":"https:\/\/compuviper.mx\/tienda\/wp-content\/uploads\/2021\/08\/Logo-Compuviper-10.png","width":1000,"height":500,"caption":"Compuviper"},"image":{"@id":"https:\/\/compuviper.mx\/tienda\/#\/schema\/logo\/image\/"},"sameAs":["https:\/\/www.facebook.com\/compuviper","https:\/\/www.youtube.com\/channel\/UCf73dERp9Y3cfOq7q8BhLjA?view_as=subscriber"]}]},"product_brand":"PERFECT CHOICE","product_price_amount":"247","product_price_currency":"MXN","og_availability":"instock","product_availability":"instock","product_retailer_item_id":"V-930174","product_condition":"new"},"_links":{"self":[{"href":"https:\/\/compuviper.mx\/tienda\/wp-json\/wp\/v2\/product\/235811"}],"collection":[{"href":"https:\/\/compuviper.mx\/tienda\/wp-json\/wp\/v2\/product"}],"about":[{"href":"https:\/\/compuviper.mx\/tienda\/wp-json\/wp\/v2\/types\/product"}],"replies":[{"embeddable":true,"href":"https:\/\/compuviper.mx\/tienda\/wp-json\/wp\/v2\/comments?post=235811"}],"wp:featuredmedia":[{"embeddable":true,"href":"https:\/\/compuviper.mx\/tienda\/wp-json\/wp\/v2\/media\/243482"}],"wp:attachment":[{"href":"https:\/\/compuviper.mx\/tienda\/wp-json\/wp\/v2\/media?parent=235811"}],"wp:term":[{"taxonomy":"product_cat","embeddable":true,"href":"https:\/\/compuviper.mx\/tienda\/wp-json\/wp\/v2\/product_cat?post=235811"},{"taxonomy":"product_tag","embeddable":true,"href":"https:\/\/compuviper.mx\/tienda\/wp-json\/wp\/v2\/product_tag?post=235811"}],"curies":[{"name":"wp","href":"https:\/\/api.w.org\/{rel}","templated":true}]}}