{"id":235763,"date":"2026-04-01T23:13:08","date_gmt":"2026-04-02T05:13:08","guid":{"rendered":"https:\/\/compuviper.mx\/tienda\/producto\/startech-com-armwallds2-soporte-de-pared-para-pantallas-brazo-giratorio-de-26-cm-premium\/"},"modified":"2026-04-01T23:13:08","modified_gmt":"2026-04-02T05:13:08","slug":"startech-com-armwallds2-soporte-de-pared-para-pantallas-brazo-giratorio-de-26-cm-premium","status":"publish","type":"product","link":"https:\/\/compuviper.mx\/tienda\/producto\/startech-com-armwallds2-soporte-de-pared-para-pantallas-brazo-giratorio-de-26-cm-premium\/","title":{"rendered":"Startech.com Armwallds2 Soporte De Pared Para Pantallas &#8211; Brazo Giratorio De 26 Cm &#8211; Premium"},"content":{"rendered":"<table class=\"descripcion\">\n<tr>\n<td>Instale una pantalla de hasta 30 pulgadas  en la pared, a fin de ahorrar espacio y compartir fcilmente su pantalla<\/td>\n<\/tr>\n<tr>\n<td>El brazo giratorio se extiende 26cm y tiene dos puntos de giro que permiten flexibilidad en la visualizacin<\/td>\n<\/tr>\n<tr>\n<td>Fcil montaje, no requiere herramientas, solo hay que deslizar y encajar con un clic los componentes<\/td>\n<\/tr>\n<tr>\n<td>Ajuste su ngulo de visin mediante el desplazamiento entre 180 grados  y -180 grados , la inclinacin entre 90 grados  y -15 grados y la rotacin<\/td>\n<\/tr>\n<tr>\n<td>Resistente y estable diseo en aluminio, compatible con pantallas con montaje vesa 75&#215;75, 100&#215;100 y capacidad maxima de peso de 14kg<\/td>\n<\/tr>\n<\/table>\n","protected":false},"excerpt":{"rendered":"<p>Ahorre espacio con este soporte de pared para pantalla, y disfrute de la visualizacin optima que le ofrece el brazo extensor. El diseo premium garantiza un movimiento suave y sin esfuerzo, ademas de facilitar el reposicionamiento de su pantalla, a fin de trabajar o colaborar cmodamente con otras personas. El atractivo acabado plateado armoniza con su decoracin. El sistema de montaje en pared es ideal para entornos de negocios, centros de salud, oficinas financieras u otros entornos, en caso de que desee compartir su pantalla, o para facilitar pantallas interactivas con los clientes.<\/p>\n","protected":false},"featured_media":241929,"comment_status":"open","ping_status":"open","template":"","meta":[],"product_cat":[2321,2265],"product_tag":[1590],"acf":[],"yoast_head":"<!-- This site is optimized with the Yoast SEO plugin v21.7 - https:\/\/yoast.com\/wordpress\/plugins\/seo\/ -->\n<title>[ Startech.com ] &#129351; Armwallds2 Soporte De Pared Para Pantallas - Brazo Giratorio De 26 Cm - Premium<\/title>\n<meta name=\"description\" content=\"Compra Armwallds2 Soporte De Pared Para Pantallas - Brazo Giratorio De 26 Cm - Premium + Env\u00edo a domicilio + Pago seguro + Garant\u00eda\" \/>\n<meta name=\"robots\" content=\"index, follow, max-snippet:-1, max-image-preview:large, max-video-preview:-1\" \/>\n<link rel=\"canonical\" href=\"https:\/\/compuviper.mx\/tienda\/producto\/startech-com-armwallds2-soporte-de-pared-para-pantallas-brazo-giratorio-de-26-cm-premium\/\" \/>\n<meta property=\"og:locale\" content=\"es_MX\" \/>\n<meta property=\"og:type\" content=\"article\" \/>\n<meta property=\"og:title\" content=\"[ Startech.com ] &#129351; Armwallds2 Soporte De Pared Para Pantallas - Brazo Giratorio De 26 Cm - Premium\" \/>\n<meta property=\"og:description\" content=\"Compra Armwallds2 Soporte De Pared Para Pantallas - Brazo Giratorio De 26 Cm - Premium + Env\u00edo a domicilio + Pago seguro + Garant\u00eda\" \/>\n<meta property=\"og:url\" content=\"https:\/\/compuviper.mx\/tienda\/producto\/startech-com-armwallds2-soporte-de-pared-para-pantallas-brazo-giratorio-de-26-cm-premium\/\" \/>\n<meta property=\"og:site_name\" content=\"Compuviper\" \/>\n<meta property=\"article:publisher\" content=\"https:\/\/www.facebook.com\/compuviper\" \/>\n<meta property=\"og:image\" content=\"https:\/\/compuviper.mx\/tienda\/wp-content\/uploads\/2024\/09\/Soporte-de-pared-para-pantallas-brazo-giratorio-de-26-cm-premium.jpg\" \/>\n\t<meta property=\"og:image:width\" content=\"200\" \/>\n\t<meta property=\"og:image:height\" content=\"200\" \/>\n\t<meta property=\"og:image:type\" content=\"image\/jpeg\" \/>\n<meta name=\"twitter:card\" content=\"summary_large_image\" \/>\n<meta name=\"twitter:label1\" content=\"Precio\" \/>\n\t<meta name=\"twitter:data1\" content=\"&#36;1,816 con IVA\" \/>\n\t<meta name=\"twitter:label2\" content=\"Availability\" \/>\n\t<meta name=\"twitter:data2\" content=\"Out of stock\" \/>\n<script type=\"application\/ld+json\" class=\"yoast-schema-graph\">{\"@context\":\"https:\/\/schema.org\",\"@graph\":[{\"@type\":\"WebPage\",\"@id\":\"https:\/\/compuviper.mx\/tienda\/producto\/startech-com-armwallds2-soporte-de-pared-para-pantallas-brazo-giratorio-de-26-cm-premium\/\",\"url\":\"https:\/\/compuviper.mx\/tienda\/producto\/startech-com-armwallds2-soporte-de-pared-para-pantallas-brazo-giratorio-de-26-cm-premium\/\",\"name\":\"[ Startech.com ] &#129351; Armwallds2 Soporte De Pared Para Pantallas - Brazo Giratorio De 26 Cm - Premium\",\"isPartOf\":{\"@id\":\"https:\/\/compuviper.mx\/tienda\/#website\"},\"datePublished\":\"2026-04-02T05:13:08+00:00\",\"dateModified\":\"2026-04-02T05:13:08+00:00\",\"description\":\"Compra Armwallds2 Soporte De Pared Para Pantallas - Brazo Giratorio De 26 Cm - Premium + Env\u00edo a domicilio + Pago seguro + Garant\u00eda\",\"breadcrumb\":{\"@id\":\"https:\/\/compuviper.mx\/tienda\/producto\/startech-com-armwallds2-soporte-de-pared-para-pantallas-brazo-giratorio-de-26-cm-premium\/#breadcrumb\"},\"inLanguage\":\"es-MX\",\"potentialAction\":[{\"@type\":\"ReadAction\",\"target\":[\"https:\/\/compuviper.mx\/tienda\/producto\/startech-com-armwallds2-soporte-de-pared-para-pantallas-brazo-giratorio-de-26-cm-premium\/\"]}]},{\"@type\":\"BreadcrumbList\",\"@id\":\"https:\/\/compuviper.mx\/tienda\/producto\/startech-com-armwallds2-soporte-de-pared-para-pantallas-brazo-giratorio-de-26-cm-premium\/#breadcrumb\",\"itemListElement\":[{\"@type\":\"ListItem\",\"position\":1,\"name\":\"Inicio\",\"item\":\"https:\/\/compuviper.mx\/tienda\/\"},{\"@type\":\"ListItem\",\"position\":2,\"name\":\"Productos\",\"item\":\"https:\/\/compuviper.mx\/tienda\/productos\/\"},{\"@type\":\"ListItem\",\"position\":3,\"name\":\"Soportes Y Bases P\/tv\/ Proyectores\/dvd\/consolas\/bocinas\/pantallas\/monotores\",\"item\":\"https:\/\/compuviper.mx\/tienda\/categoria-producto\/soportes-y-bases-p-tv-proyectores-dvd-consolas-bocinas-pantallas-monotores\/\"},{\"@type\":\"ListItem\",\"position\":4,\"name\":\"Soporte Y Base Para Tv\/pantallas\/monitores\/kiosko\",\"item\":\"https:\/\/compuviper.mx\/tienda\/categoria-producto\/soportes-y-bases-p-tv-proyectores-dvd-consolas-bocinas-pantallas-monotores\/soporte-y-base-para-tv-pantallas-monitores-kiosko\/\"},{\"@type\":\"ListItem\",\"position\":5,\"name\":\"Startech.com Armwallds2 Soporte De Pared Para Pantallas &#8211; Brazo Giratorio De 26 Cm &#8211; Premium\"}]},{\"@type\":\"WebSite\",\"@id\":\"https:\/\/compuviper.mx\/tienda\/#website\",\"url\":\"https:\/\/compuviper.mx\/tienda\/\",\"name\":\"Compuviper\",\"description\":\"Proveedor de Computadoras, Laptops, Servidores, Monitores, Puntos de Venta, Teclados,   Impresoras, T\u00f3ner, C\u00e1maras de Seguridad y m\u00e1s en tu tienda en l\u00ednea\",\"publisher\":{\"@id\":\"https:\/\/compuviper.mx\/tienda\/#organization\"},\"potentialAction\":[{\"@type\":\"SearchAction\",\"target\":{\"@type\":\"EntryPoint\",\"urlTemplate\":\"https:\/\/compuviper.mx\/tienda\/?s={search_term_string}\"},\"query-input\":\"required name=search_term_string\"}],\"inLanguage\":\"es-MX\"},{\"@type\":\"Organization\",\"@id\":\"https:\/\/compuviper.mx\/tienda\/#organization\",\"name\":\"Compuviper\",\"url\":\"https:\/\/compuviper.mx\/tienda\/\",\"logo\":{\"@type\":\"ImageObject\",\"inLanguage\":\"es-MX\",\"@id\":\"https:\/\/compuviper.mx\/tienda\/#\/schema\/logo\/image\/\",\"url\":\"https:\/\/compuviper.mx\/tienda\/wp-content\/uploads\/2021\/08\/Logo-Compuviper-10.png\",\"contentUrl\":\"https:\/\/compuviper.mx\/tienda\/wp-content\/uploads\/2021\/08\/Logo-Compuviper-10.png\",\"width\":1000,\"height\":500,\"caption\":\"Compuviper\"},\"image\":{\"@id\":\"https:\/\/compuviper.mx\/tienda\/#\/schema\/logo\/image\/\"},\"sameAs\":[\"https:\/\/www.facebook.com\/compuviper\",\"https:\/\/www.youtube.com\/channel\/UCf73dERp9Y3cfOq7q8BhLjA?view_as=subscriber\"]}]}<\/script>\n<meta property=\"product:brand\" content=\"STARTECH.COM\" \/>\n<meta property=\"product:price:amount\" content=\"1816\" \/>\n<meta property=\"product:price:currency\" content=\"MXN\" \/>\n<meta property=\"og:availability\" content=\"out of stock\" \/>\n<meta property=\"product:availability\" content=\"out of stock\" \/>\n<meta property=\"product:retailer_item_id\" content=\"ARMWALLDS2\" \/>\n<meta property=\"product:condition\" content=\"new\" \/>\n<!-- \/ Yoast SEO plugin. -->","yoast_head_json":{"title":"[ Startech.com ] &#129351; Armwallds2 Soporte De Pared Para Pantallas - Brazo Giratorio De 26 Cm - Premium","description":"Compra Armwallds2 Soporte De Pared Para Pantallas - Brazo Giratorio De 26 Cm - Premium + Env\u00edo a domicilio + Pago seguro + Garant\u00eda","robots":{"index":"index","follow":"follow","max-snippet":"max-snippet:-1","max-image-preview":"max-image-preview:large","max-video-preview":"max-video-preview:-1"},"canonical":"https:\/\/compuviper.mx\/tienda\/producto\/startech-com-armwallds2-soporte-de-pared-para-pantallas-brazo-giratorio-de-26-cm-premium\/","og_locale":"es_MX","og_type":"article","og_title":"[ Startech.com ] &#129351; Armwallds2 Soporte De Pared Para Pantallas - Brazo Giratorio De 26 Cm - Premium","og_description":"Compra Armwallds2 Soporte De Pared Para Pantallas - Brazo Giratorio De 26 Cm - Premium + Env\u00edo a domicilio + Pago seguro + Garant\u00eda","og_url":"https:\/\/compuviper.mx\/tienda\/producto\/startech-com-armwallds2-soporte-de-pared-para-pantallas-brazo-giratorio-de-26-cm-premium\/","og_site_name":"Compuviper","article_publisher":"https:\/\/www.facebook.com\/compuviper","og_image":[{"width":200,"height":200,"url":"https:\/\/compuviper.mx\/tienda\/wp-content\/uploads\/2024\/09\/Soporte-de-pared-para-pantallas-brazo-giratorio-de-26-cm-premium.jpg","type":"image\/jpeg"}],"twitter_card":"summary_large_image","twitter_misc":{"Precio":"&#36;1,816 con IVA","Availability":"Out of stock"},"schema":{"@context":"https:\/\/schema.org","@graph":[{"@type":"WebPage","@id":"https:\/\/compuviper.mx\/tienda\/producto\/startech-com-armwallds2-soporte-de-pared-para-pantallas-brazo-giratorio-de-26-cm-premium\/","url":"https:\/\/compuviper.mx\/tienda\/producto\/startech-com-armwallds2-soporte-de-pared-para-pantallas-brazo-giratorio-de-26-cm-premium\/","name":"[ Startech.com ] &#129351; Armwallds2 Soporte De Pared Para Pantallas - Brazo Giratorio De 26 Cm - Premium","isPartOf":{"@id":"https:\/\/compuviper.mx\/tienda\/#website"},"datePublished":"2026-04-02T05:13:08+00:00","dateModified":"2026-04-02T05:13:08+00:00","description":"Compra Armwallds2 Soporte De Pared Para Pantallas - Brazo Giratorio De 26 Cm - Premium + Env\u00edo a domicilio + Pago seguro + Garant\u00eda","breadcrumb":{"@id":"https:\/\/compuviper.mx\/tienda\/producto\/startech-com-armwallds2-soporte-de-pared-para-pantallas-brazo-giratorio-de-26-cm-premium\/#breadcrumb"},"inLanguage":"es-MX","potentialAction":[{"@type":"ReadAction","target":["https:\/\/compuviper.mx\/tienda\/producto\/startech-com-armwallds2-soporte-de-pared-para-pantallas-brazo-giratorio-de-26-cm-premium\/"]}]},{"@type":"BreadcrumbList","@id":"https:\/\/compuviper.mx\/tienda\/producto\/startech-com-armwallds2-soporte-de-pared-para-pantallas-brazo-giratorio-de-26-cm-premium\/#breadcrumb","itemListElement":[{"@type":"ListItem","position":1,"name":"Inicio","item":"https:\/\/compuviper.mx\/tienda\/"},{"@type":"ListItem","position":2,"name":"Productos","item":"https:\/\/compuviper.mx\/tienda\/productos\/"},{"@type":"ListItem","position":3,"name":"Soportes Y Bases P\/tv\/ Proyectores\/dvd\/consolas\/bocinas\/pantallas\/monotores","item":"https:\/\/compuviper.mx\/tienda\/categoria-producto\/soportes-y-bases-p-tv-proyectores-dvd-consolas-bocinas-pantallas-monotores\/"},{"@type":"ListItem","position":4,"name":"Soporte Y Base Para Tv\/pantallas\/monitores\/kiosko","item":"https:\/\/compuviper.mx\/tienda\/categoria-producto\/soportes-y-bases-p-tv-proyectores-dvd-consolas-bocinas-pantallas-monotores\/soporte-y-base-para-tv-pantallas-monitores-kiosko\/"},{"@type":"ListItem","position":5,"name":"Startech.com Armwallds2 Soporte De Pared Para Pantallas &#8211; Brazo Giratorio De 26 Cm &#8211; Premium"}]},{"@type":"WebSite","@id":"https:\/\/compuviper.mx\/tienda\/#website","url":"https:\/\/compuviper.mx\/tienda\/","name":"Compuviper","description":"Proveedor de Computadoras, Laptops, Servidores, Monitores, Puntos de Venta, Teclados,   Impresoras, T\u00f3ner, C\u00e1maras de Seguridad y m\u00e1s en tu tienda en l\u00ednea","publisher":{"@id":"https:\/\/compuviper.mx\/tienda\/#organization"},"potentialAction":[{"@type":"SearchAction","target":{"@type":"EntryPoint","urlTemplate":"https:\/\/compuviper.mx\/tienda\/?s={search_term_string}"},"query-input":"required name=search_term_string"}],"inLanguage":"es-MX"},{"@type":"Organization","@id":"https:\/\/compuviper.mx\/tienda\/#organization","name":"Compuviper","url":"https:\/\/compuviper.mx\/tienda\/","logo":{"@type":"ImageObject","inLanguage":"es-MX","@id":"https:\/\/compuviper.mx\/tienda\/#\/schema\/logo\/image\/","url":"https:\/\/compuviper.mx\/tienda\/wp-content\/uploads\/2021\/08\/Logo-Compuviper-10.png","contentUrl":"https:\/\/compuviper.mx\/tienda\/wp-content\/uploads\/2021\/08\/Logo-Compuviper-10.png","width":1000,"height":500,"caption":"Compuviper"},"image":{"@id":"https:\/\/compuviper.mx\/tienda\/#\/schema\/logo\/image\/"},"sameAs":["https:\/\/www.facebook.com\/compuviper","https:\/\/www.youtube.com\/channel\/UCf73dERp9Y3cfOq7q8BhLjA?view_as=subscriber"]}]},"product_brand":"STARTECH.COM","product_price_amount":"1816","product_price_currency":"MXN","og_availability":"out of stock","product_availability":"out of stock","product_retailer_item_id":"ARMWALLDS2","product_condition":"new"},"_links":{"self":[{"href":"https:\/\/compuviper.mx\/tienda\/wp-json\/wp\/v2\/product\/235763"}],"collection":[{"href":"https:\/\/compuviper.mx\/tienda\/wp-json\/wp\/v2\/product"}],"about":[{"href":"https:\/\/compuviper.mx\/tienda\/wp-json\/wp\/v2\/types\/product"}],"replies":[{"embeddable":true,"href":"https:\/\/compuviper.mx\/tienda\/wp-json\/wp\/v2\/comments?post=235763"}],"wp:featuredmedia":[{"embeddable":true,"href":"https:\/\/compuviper.mx\/tienda\/wp-json\/wp\/v2\/media\/241929"}],"wp:attachment":[{"href":"https:\/\/compuviper.mx\/tienda\/wp-json\/wp\/v2\/media?parent=235763"}],"wp:term":[{"taxonomy":"product_cat","embeddable":true,"href":"https:\/\/compuviper.mx\/tienda\/wp-json\/wp\/v2\/product_cat?post=235763"},{"taxonomy":"product_tag","embeddable":true,"href":"https:\/\/compuviper.mx\/tienda\/wp-json\/wp\/v2\/product_tag?post=235763"}],"curies":[{"name":"wp","href":"https:\/\/api.w.org\/{rel}","templated":true}]}}