{"id":235680,"date":"2026-04-25T02:17:24","date_gmt":"2026-04-25T08:17:24","guid":{"rendered":"https:\/\/compuviper.mx\/tienda\/producto\/epson-v11ha85020-videoproyector-epiqvision-ef12-portatil-con-android-tv-3lcd-3000-lumenes-hdmiubs-a\/"},"modified":"2026-04-25T02:17:24","modified_gmt":"2026-04-25T08:17:24","slug":"epson-v11ha85020-videoproyector-epiqvision-fh02-portatil-con-android-tv-3lcd-3000-lumenes-hdmiubs-a","status":"publish","type":"product","link":"https:\/\/compuviper.mx\/tienda\/producto\/epson-v11ha85020-videoproyector-epiqvision-fh02-portatil-con-android-tv-3lcd-3000-lumenes-hdmiubs-a\/","title":{"rendered":"Epson V11ha85020 Videoproyector  Epiqvision Fh02, Portatil Con Android Tv, 3lcd, 3000 Lumenes, Hdmi,ubs A"},"content":{"rendered":"<table class=\"descripcion\">\n<tr>\n<td>Especificaciones tecnicas<\/td>\n<\/tr>\n<tr>\n<td>*sistema de proyeccion: tecnologia epson 3lcd<\/td>\n<\/tr>\n<tr>\n<td>*modo de proyeccion: frontal\/posterior\/techo<\/td>\n<\/tr>\n<tr>\n<td>*metodo de proyeccion: tft active matrix<\/td>\n<\/tr>\n<tr>\n<td>*resolucion nativa: full hd 1920 x 1080<\/td>\n<\/tr>\n<tr>\n<td>*relacion de aspecto: 16:9<\/td>\n<\/tr>\n<tr>\n<td>*luminosidad del color: 3.000 lumenes<\/td>\n<\/tr>\n<tr>\n<td>*luminosidad del blanco: 3.000 lumenes<\/td>\n<\/tr>\n<tr>\n<td>*relacion de contraste: 350:1<\/td>\n<\/tr>\n<tr>\n<td>*reproduccion del color: hasta 16,77 millones de colores<\/td>\n<\/tr>\n<tr>\n<td>Lente de proyeccion<\/td>\n<\/tr>\n<tr>\n<td>*tipo: sin zoom optico, enfoque manual<\/td>\n<\/tr>\n<tr>\n<td>*numero f: 1,44<\/td>\n<\/tr>\n<tr>\n<td>*distancia focal 16,4 mm<\/td>\n<\/tr>\n<tr>\n<td>*relacion de zoom: zoom digital 1,0 \u0096 1,35<\/td>\n<\/tr>\n<tr>\n<td>Otras caracteristicas<\/td>\n<\/tr>\n<tr>\n<td>*temperatura de funcionamiento: 41\u00b0f a 104\u00b0f<\/td>\n<\/tr>\n<tr>\n<td>*voltaje de la fuente de alimentacion: 100v-240v ca +\/- 10%, 50\/60 hz<\/td>\n<\/tr>\n<tr>\n<td>*consumo de energ\u00eda: 284 w (modo normal), 223 (modo eco) 0,5 w en espera<\/td>\n<\/tr>\n<tr>\n<td>*ruido del ventilador: 37 db<\/td>\n<\/tr>\n<tr>\n<td>*seguridad: kensington lock<\/td>\n<\/tr>\n<tr>\n<td>Dimensiones (ancho, profundidad, alto)<\/td>\n<\/tr>\n<tr>\n<td>*proyector: 320 x 82 x 211 mm<\/td>\n<\/tr>\n<tr>\n<td>*peso: 2,6 kg<\/td>\n<\/tr>\n<tr>\n<td>Interfaces<\/td>\n<\/tr>\n<tr>\n<td>Hdmi (hdcp 2.3) x1<\/td>\n<\/tr>\n<tr>\n<td>Conector usb tipo b (service) x1<\/td>\n<\/tr>\n<tr>\n<td>Conector usb tipo a (dc out 2.0a) x 1<\/td>\n<\/tr>\n<tr>\n<td>Contenido en la caja<\/td>\n<\/tr>\n<tr>\n<td>Proyector co-fh02, cable de alimentacion, control remoto y control remoto para smp, 4 baterias aaa, guia del usuario, hoja de garantia, cable usb, cable hdmi y epson smart dongle.<\/td>\n<\/tr>\n<\/table>\n","protected":false},"excerpt":{"rendered":"<p>Disfrute de una proyeccion versatil para el entretenimiento en el hogar y mucho mas con el proyector portatil de transmision inteligente epson epiqvision flex co-fh02. Dise\u00f1ado para brindarle mas facilidad y comodidad a sus momentos de esparcimiento, ofrece una imagen full hd 1080p de hasta 300\u0094 cuatro veces mas grande que una pantalla plana de 75\u0094.<\/p>\n","protected":false},"featured_media":243664,"comment_status":"open","ping_status":"open","template":"","meta":[],"product_cat":[1843,1845],"product_tag":[1624],"acf":[],"yoast_head":"<!-- This site is optimized with the Yoast SEO plugin v21.7 - https:\/\/yoast.com\/wordpress\/plugins\/seo\/ -->\n<title>[ Epson ] &#129351; V11ha85020 Videoproyector Epiqvision Fh02, Portatil Con Android Tv, 3lcd, 3000 Lumenes, Hdmi,ubs A<\/title>\n<meta name=\"description\" content=\"Compra V11ha85020 Videoproyector Epiqvision Fh02, Portatil Con Android Tv, 3lcd, 3000 Lumenes, Hdmi,ubs A + Env\u00edo a domicilio + Pago seguro + Garant\u00eda\" \/>\n<meta name=\"robots\" content=\"index, follow, max-snippet:-1, max-image-preview:large, max-video-preview:-1\" \/>\n<link rel=\"canonical\" href=\"https:\/\/compuviper.mx\/tienda\/producto\/epson-v11ha85020-videoproyector-epiqvision-fh02-portatil-con-android-tv-3lcd-3000-lumenes-hdmiubs-a\/\" \/>\n<meta property=\"og:locale\" content=\"es_MX\" \/>\n<meta property=\"og:type\" content=\"article\" \/>\n<meta property=\"og:title\" content=\"[ Epson ] &#129351; V11ha85020 Videoproyector Epiqvision Fh02, Portatil Con Android Tv, 3lcd, 3000 Lumenes, Hdmi,ubs A\" \/>\n<meta property=\"og:description\" content=\"Compra V11ha85020 Videoproyector Epiqvision Fh02, Portatil Con Android Tv, 3lcd, 3000 Lumenes, Hdmi,ubs A + Env\u00edo a domicilio + Pago seguro + Garant\u00eda\" \/>\n<meta property=\"og:url\" content=\"https:\/\/compuviper.mx\/tienda\/producto\/epson-v11ha85020-videoproyector-epiqvision-fh02-portatil-con-android-tv-3lcd-3000-lumenes-hdmiubs-a\/\" \/>\n<meta property=\"og:site_name\" content=\"Compuviper\" \/>\n<meta property=\"article:publisher\" content=\"https:\/\/www.facebook.com\/compuviper\" \/>\n<meta property=\"og:image\" content=\"https:\/\/compuviper.mx\/tienda\/wp-content\/uploads\/2024\/09\/Videoproyector-epson-epiqvision-fh02-portatil-con-android-tv-3lcd-3000-lumenes-hdmiubs-a.jpg\" \/>\n\t<meta property=\"og:image:width\" content=\"200\" \/>\n\t<meta property=\"og:image:height\" content=\"200\" \/>\n\t<meta property=\"og:image:type\" content=\"image\/jpeg\" \/>\n<meta name=\"twitter:card\" content=\"summary_large_image\" \/>\n<meta name=\"twitter:label1\" content=\"Precio\" \/>\n\t<meta name=\"twitter:data1\" content=\"&#36;11,765 con IVA\" \/>\n\t<meta name=\"twitter:label2\" content=\"Availability\" \/>\n\t<meta name=\"twitter:data2\" content=\"In stock\" \/>\n<script type=\"application\/ld+json\" class=\"yoast-schema-graph\">{\"@context\":\"https:\/\/schema.org\",\"@graph\":[{\"@type\":\"WebPage\",\"@id\":\"https:\/\/compuviper.mx\/tienda\/producto\/epson-v11ha85020-videoproyector-epiqvision-fh02-portatil-con-android-tv-3lcd-3000-lumenes-hdmiubs-a\/\",\"url\":\"https:\/\/compuviper.mx\/tienda\/producto\/epson-v11ha85020-videoproyector-epiqvision-fh02-portatil-con-android-tv-3lcd-3000-lumenes-hdmiubs-a\/\",\"name\":\"[ Epson ] &#129351; V11ha85020 Videoproyector Epiqvision Fh02, Portatil Con Android Tv, 3lcd, 3000 Lumenes, Hdmi,ubs A\",\"isPartOf\":{\"@id\":\"https:\/\/compuviper.mx\/tienda\/#website\"},\"datePublished\":\"2026-04-25T08:17:24+00:00\",\"dateModified\":\"2026-04-25T08:17:24+00:00\",\"description\":\"Compra V11ha85020 Videoproyector Epiqvision Fh02, Portatil Con Android Tv, 3lcd, 3000 Lumenes, Hdmi,ubs A + Env\u00edo a domicilio + Pago seguro + Garant\u00eda\",\"breadcrumb\":{\"@id\":\"https:\/\/compuviper.mx\/tienda\/producto\/epson-v11ha85020-videoproyector-epiqvision-fh02-portatil-con-android-tv-3lcd-3000-lumenes-hdmiubs-a\/#breadcrumb\"},\"inLanguage\":\"es-MX\",\"potentialAction\":[{\"@type\":\"ReadAction\",\"target\":[\"https:\/\/compuviper.mx\/tienda\/producto\/epson-v11ha85020-videoproyector-epiqvision-fh02-portatil-con-android-tv-3lcd-3000-lumenes-hdmiubs-a\/\"]}]},{\"@type\":\"BreadcrumbList\",\"@id\":\"https:\/\/compuviper.mx\/tienda\/producto\/epson-v11ha85020-videoproyector-epiqvision-fh02-portatil-con-android-tv-3lcd-3000-lumenes-hdmiubs-a\/#breadcrumb\",\"itemListElement\":[{\"@type\":\"ListItem\",\"position\":1,\"name\":\"Inicio\",\"item\":\"https:\/\/compuviper.mx\/tienda\/\"},{\"@type\":\"ListItem\",\"position\":2,\"name\":\"Productos\",\"item\":\"https:\/\/compuviper.mx\/tienda\/productos\/\"},{\"@type\":\"ListItem\",\"position\":3,\"name\":\"Videoproyector\",\"item\":\"https:\/\/compuviper.mx\/tienda\/categoria-producto\/videoproyector\/\"},{\"@type\":\"ListItem\",\"position\":4,\"name\":\"Teatro En Casa\",\"item\":\"https:\/\/compuviper.mx\/tienda\/categoria-producto\/videoproyector\/teatro-en-casa\/\"},{\"@type\":\"ListItem\",\"position\":5,\"name\":\"Epson V11ha85020 Videoproyector Epiqvision Fh02, Portatil Con Android Tv, 3lcd, 3000 Lumenes, Hdmi,ubs A\"}]},{\"@type\":\"WebSite\",\"@id\":\"https:\/\/compuviper.mx\/tienda\/#website\",\"url\":\"https:\/\/compuviper.mx\/tienda\/\",\"name\":\"Compuviper\",\"description\":\"Proveedor de Computadoras, Laptops, Servidores, Monitores, Puntos de Venta, Teclados,   Impresoras, T\u00f3ner, C\u00e1maras de Seguridad y m\u00e1s en tu tienda en l\u00ednea\",\"publisher\":{\"@id\":\"https:\/\/compuviper.mx\/tienda\/#organization\"},\"potentialAction\":[{\"@type\":\"SearchAction\",\"target\":{\"@type\":\"EntryPoint\",\"urlTemplate\":\"https:\/\/compuviper.mx\/tienda\/?s={search_term_string}\"},\"query-input\":\"required name=search_term_string\"}],\"inLanguage\":\"es-MX\"},{\"@type\":\"Organization\",\"@id\":\"https:\/\/compuviper.mx\/tienda\/#organization\",\"name\":\"Compuviper\",\"url\":\"https:\/\/compuviper.mx\/tienda\/\",\"logo\":{\"@type\":\"ImageObject\",\"inLanguage\":\"es-MX\",\"@id\":\"https:\/\/compuviper.mx\/tienda\/#\/schema\/logo\/image\/\",\"url\":\"https:\/\/compuviper.mx\/tienda\/wp-content\/uploads\/2021\/08\/Logo-Compuviper-10.png\",\"contentUrl\":\"https:\/\/compuviper.mx\/tienda\/wp-content\/uploads\/2021\/08\/Logo-Compuviper-10.png\",\"width\":1000,\"height\":500,\"caption\":\"Compuviper\"},\"image\":{\"@id\":\"https:\/\/compuviper.mx\/tienda\/#\/schema\/logo\/image\/\"},\"sameAs\":[\"https:\/\/www.facebook.com\/compuviper\",\"https:\/\/www.youtube.com\/channel\/UCf73dERp9Y3cfOq7q8BhLjA?view_as=subscriber\"]}]}<\/script>\n<meta property=\"product:brand\" content=\"EPSON\" \/>\n<meta property=\"product:price:amount\" content=\"11765\" \/>\n<meta property=\"product:price:currency\" content=\"MXN\" \/>\n<meta property=\"og:availability\" content=\"instock\" \/>\n<meta property=\"product:availability\" content=\"instock\" \/>\n<meta property=\"product:retailer_item_id\" content=\"V11HA85020\" \/>\n<meta property=\"product:condition\" content=\"new\" \/>\n<!-- \/ Yoast SEO plugin. -->","yoast_head_json":{"title":"[ Epson ] &#129351; V11ha85020 Videoproyector Epiqvision Fh02, Portatil Con Android Tv, 3lcd, 3000 Lumenes, Hdmi,ubs A","description":"Compra V11ha85020 Videoproyector Epiqvision Fh02, Portatil Con Android Tv, 3lcd, 3000 Lumenes, Hdmi,ubs A + Env\u00edo a domicilio + Pago seguro + Garant\u00eda","robots":{"index":"index","follow":"follow","max-snippet":"max-snippet:-1","max-image-preview":"max-image-preview:large","max-video-preview":"max-video-preview:-1"},"canonical":"https:\/\/compuviper.mx\/tienda\/producto\/epson-v11ha85020-videoproyector-epiqvision-fh02-portatil-con-android-tv-3lcd-3000-lumenes-hdmiubs-a\/","og_locale":"es_MX","og_type":"article","og_title":"[ Epson ] &#129351; V11ha85020 Videoproyector Epiqvision Fh02, Portatil Con Android Tv, 3lcd, 3000 Lumenes, Hdmi,ubs A","og_description":"Compra V11ha85020 Videoproyector Epiqvision Fh02, Portatil Con Android Tv, 3lcd, 3000 Lumenes, Hdmi,ubs A + Env\u00edo a domicilio + Pago seguro + Garant\u00eda","og_url":"https:\/\/compuviper.mx\/tienda\/producto\/epson-v11ha85020-videoproyector-epiqvision-fh02-portatil-con-android-tv-3lcd-3000-lumenes-hdmiubs-a\/","og_site_name":"Compuviper","article_publisher":"https:\/\/www.facebook.com\/compuviper","og_image":[{"width":200,"height":200,"url":"https:\/\/compuviper.mx\/tienda\/wp-content\/uploads\/2024\/09\/Videoproyector-epson-epiqvision-fh02-portatil-con-android-tv-3lcd-3000-lumenes-hdmiubs-a.jpg","type":"image\/jpeg"}],"twitter_card":"summary_large_image","twitter_misc":{"Precio":"&#36;11,765 con IVA","Availability":"In stock"},"schema":{"@context":"https:\/\/schema.org","@graph":[{"@type":"WebPage","@id":"https:\/\/compuviper.mx\/tienda\/producto\/epson-v11ha85020-videoproyector-epiqvision-fh02-portatil-con-android-tv-3lcd-3000-lumenes-hdmiubs-a\/","url":"https:\/\/compuviper.mx\/tienda\/producto\/epson-v11ha85020-videoproyector-epiqvision-fh02-portatil-con-android-tv-3lcd-3000-lumenes-hdmiubs-a\/","name":"[ Epson ] &#129351; V11ha85020 Videoproyector Epiqvision Fh02, Portatil Con Android Tv, 3lcd, 3000 Lumenes, Hdmi,ubs A","isPartOf":{"@id":"https:\/\/compuviper.mx\/tienda\/#website"},"datePublished":"2026-04-25T08:17:24+00:00","dateModified":"2026-04-25T08:17:24+00:00","description":"Compra V11ha85020 Videoproyector Epiqvision Fh02, Portatil Con Android Tv, 3lcd, 3000 Lumenes, Hdmi,ubs A + Env\u00edo a domicilio + Pago seguro + Garant\u00eda","breadcrumb":{"@id":"https:\/\/compuviper.mx\/tienda\/producto\/epson-v11ha85020-videoproyector-epiqvision-fh02-portatil-con-android-tv-3lcd-3000-lumenes-hdmiubs-a\/#breadcrumb"},"inLanguage":"es-MX","potentialAction":[{"@type":"ReadAction","target":["https:\/\/compuviper.mx\/tienda\/producto\/epson-v11ha85020-videoproyector-epiqvision-fh02-portatil-con-android-tv-3lcd-3000-lumenes-hdmiubs-a\/"]}]},{"@type":"BreadcrumbList","@id":"https:\/\/compuviper.mx\/tienda\/producto\/epson-v11ha85020-videoproyector-epiqvision-fh02-portatil-con-android-tv-3lcd-3000-lumenes-hdmiubs-a\/#breadcrumb","itemListElement":[{"@type":"ListItem","position":1,"name":"Inicio","item":"https:\/\/compuviper.mx\/tienda\/"},{"@type":"ListItem","position":2,"name":"Productos","item":"https:\/\/compuviper.mx\/tienda\/productos\/"},{"@type":"ListItem","position":3,"name":"Videoproyector","item":"https:\/\/compuviper.mx\/tienda\/categoria-producto\/videoproyector\/"},{"@type":"ListItem","position":4,"name":"Teatro En Casa","item":"https:\/\/compuviper.mx\/tienda\/categoria-producto\/videoproyector\/teatro-en-casa\/"},{"@type":"ListItem","position":5,"name":"Epson V11ha85020 Videoproyector Epiqvision Fh02, Portatil Con Android Tv, 3lcd, 3000 Lumenes, Hdmi,ubs A"}]},{"@type":"WebSite","@id":"https:\/\/compuviper.mx\/tienda\/#website","url":"https:\/\/compuviper.mx\/tienda\/","name":"Compuviper","description":"Proveedor de Computadoras, Laptops, Servidores, Monitores, Puntos de Venta, Teclados,   Impresoras, T\u00f3ner, C\u00e1maras de Seguridad y m\u00e1s en tu tienda en l\u00ednea","publisher":{"@id":"https:\/\/compuviper.mx\/tienda\/#organization"},"potentialAction":[{"@type":"SearchAction","target":{"@type":"EntryPoint","urlTemplate":"https:\/\/compuviper.mx\/tienda\/?s={search_term_string}"},"query-input":"required name=search_term_string"}],"inLanguage":"es-MX"},{"@type":"Organization","@id":"https:\/\/compuviper.mx\/tienda\/#organization","name":"Compuviper","url":"https:\/\/compuviper.mx\/tienda\/","logo":{"@type":"ImageObject","inLanguage":"es-MX","@id":"https:\/\/compuviper.mx\/tienda\/#\/schema\/logo\/image\/","url":"https:\/\/compuviper.mx\/tienda\/wp-content\/uploads\/2021\/08\/Logo-Compuviper-10.png","contentUrl":"https:\/\/compuviper.mx\/tienda\/wp-content\/uploads\/2021\/08\/Logo-Compuviper-10.png","width":1000,"height":500,"caption":"Compuviper"},"image":{"@id":"https:\/\/compuviper.mx\/tienda\/#\/schema\/logo\/image\/"},"sameAs":["https:\/\/www.facebook.com\/compuviper","https:\/\/www.youtube.com\/channel\/UCf73dERp9Y3cfOq7q8BhLjA?view_as=subscriber"]}]},"product_brand":"EPSON","product_price_amount":"11765","product_price_currency":"MXN","og_availability":"instock","product_availability":"instock","product_retailer_item_id":"V11HA85020","product_condition":"new"},"_links":{"self":[{"href":"https:\/\/compuviper.mx\/tienda\/wp-json\/wp\/v2\/product\/235680"}],"collection":[{"href":"https:\/\/compuviper.mx\/tienda\/wp-json\/wp\/v2\/product"}],"about":[{"href":"https:\/\/compuviper.mx\/tienda\/wp-json\/wp\/v2\/types\/product"}],"replies":[{"embeddable":true,"href":"https:\/\/compuviper.mx\/tienda\/wp-json\/wp\/v2\/comments?post=235680"}],"wp:featuredmedia":[{"embeddable":true,"href":"https:\/\/compuviper.mx\/tienda\/wp-json\/wp\/v2\/media\/243664"}],"wp:attachment":[{"href":"https:\/\/compuviper.mx\/tienda\/wp-json\/wp\/v2\/media?parent=235680"}],"wp:term":[{"taxonomy":"product_cat","embeddable":true,"href":"https:\/\/compuviper.mx\/tienda\/wp-json\/wp\/v2\/product_cat?post=235680"},{"taxonomy":"product_tag","embeddable":true,"href":"https:\/\/compuviper.mx\/tienda\/wp-json\/wp\/v2\/product_tag?post=235680"}],"curies":[{"name":"wp","href":"https:\/\/api.w.org\/{rel}","templated":true}]}}