{"id":235645,"date":"2026-04-07T23:13:08","date_gmt":"2026-04-08T05:13:08","guid":{"rendered":"https:\/\/compuviper.mx\/tienda\/producto\/manhattan-130714-docking-usb-c-10-ptos-2xhdmi-5xusb-a-usb-c-usb-c-pd-rj45-tarjeta-sd-microsd\/"},"modified":"2026-04-07T23:13:08","modified_gmt":"2026-04-08T05:13:08","slug":"manhattan-130714-docking-usb-c-10-ptos-2xhdmi-5xusb-a-usb-c-usb-c-pd-rj45-tarjeta-sd-microsd","status":"publish","type":"product","link":"https:\/\/compuviper.mx\/tienda\/producto\/manhattan-130714-docking-usb-c-10-ptos-2xhdmi-5xusb-a-usb-c-usb-c-pd-rj45-tarjeta-sd-microsd\/","title":{"rendered":"Manhattan 130714 Docking Usb-c , ,  ,10 Ptos, 2xhdmi, 5xusb-a, Usb-c, Usb-c Pd, Rj45, Tarjeta Sd-microsd"},"content":{"rendered":"<table class=\"descripcion\">\n<tr>\n<td>Est\u00e1ndares and certificaciones:<\/td>\n<\/tr>\n<tr>\n<td>Dp 1.4 alt mode sobre usb-c<\/td>\n<\/tr>\n<tr>\n<td>Usb 3.2 gen 2<\/td>\n<\/tr>\n<tr>\n<td>Usb 3.2 gen 1<\/td>\n<\/tr>\n<tr>\n<td>Hdmi 2.1<\/td>\n<\/tr>\n<tr>\n<td>Hdcp 2.3<\/td>\n<\/tr>\n<tr>\n<td>Ce<\/td>\n<\/tr>\n<tr>\n<td>Fcc<\/td>\n<\/tr>\n<tr>\n<td>Rohs<\/td>\n<\/tr>\n<tr>\n<td>Reach<\/td>\n<\/tr>\n<tr>\n<td>Ukca<\/td>\n<\/tr>\n<tr>\n<td>General:<\/td>\n<\/tr>\n<tr>\n<td>Resoluciones de video m\u00e1ximas:<\/td>\n<\/tr>\n<tr>\n<td>&#8211; si se usa un puerto de video, la m\u00e1x. resolucin es 8k 7680 x 4320 pixeles a 30 hz<\/td>\n<\/tr>\n<tr>\n<td>&#8211; si se usan dos puertos de video a la vez, la m\u00e1x resolucin por pantalla es 4k 3840 x 2160 pixeles a 60 hz<\/td>\n<\/tr>\n<tr>\n<td>Puertos usb-a 1 &#8211; 3 velocidad de transferencia de datos: 5 gbps; carga: 2.5 w 5 v \/ 0.5 a m\u00e1x.<\/td>\n<\/tr>\n<tr>\n<td>Puertos usb-a 4 &#8211; 5 velocidad de transferencia de datos: 10 gbps; carga: 2.5 w 5 v \/ 0.5 a m\u00e1x.<\/td>\n<\/tr>\n<tr>\n<td>Velocidad de transferencia de datos del puerto usb-c: 10 gbps<\/td>\n<\/tr>\n<tr>\n<td>Funcionamiento alimentado por bus excepto funciones de carga<\/td>\n<\/tr>\n<tr>\n<td>Puerto de carga usb-c pd: 100.0 w de entrada \/ 85.0 w de salida m\u00e1x.<\/td>\n<\/tr>\n<tr>\n<td>&#8211; ajustes de tensin\/corriente m\u00e1ximo:<\/td>\n<\/tr>\n<tr>\n<td>&#8211; 5.0 v \/ 5.0 a<\/td>\n<\/tr>\n<tr>\n<td>&#8211; 9.0 v \/ 5.0 a<\/td>\n<\/tr>\n<tr>\n<td>&#8211; 12.0 v \/ 5.0 a<\/td>\n<\/tr>\n<tr>\n<td>&#8211; 15.0 v \/ 5.0 a<\/td>\n<\/tr>\n<tr>\n<td>&#8211; 19.0 v \/ 5.0 a<\/td>\n<\/tr>\n<tr>\n<td>&#8211; 20.0 v \/ 5.0 a<\/td>\n<\/tr>\n<tr>\n<td>Conexiones:<\/td>\n<\/tr>\n<tr>\n<td>Un usb-c de 24 pines, macho<\/td>\n<\/tr>\n<tr>\n<td>Dos hdmi de 19 pines, hembra<\/td>\n<\/tr>\n<tr>\n<td>Un rj45 10\/100\/1000 mbps, hembra<\/td>\n<\/tr>\n<tr>\n<td>Cinco usb-a de 9 pines, hembra<\/td>\n<\/tr>\n<tr>\n<td>Un usb-c de 24 pines, power delivery entrega de energa, hembra<\/td>\n<\/tr>\n<tr>\n<td>Un usb-c de 24 pines, slo datos, hembra<\/td>\n<\/tr>\n<tr>\n<td>Diseo<\/td>\n<\/tr>\n<tr>\n<td>Carcasa de aluminio<\/td>\n<\/tr>\n<tr>\n<td>Dimensiones l x an x al: 130 x 54 x 17 mm 5.12 x 2.13 x 0.67 pulg.<\/td>\n<\/tr>\n<tr>\n<td>Peso neto: 140 g 0.31 libras<\/td>\n<\/tr>\n<tr>\n<td>Peso bruto: 180 g 0.4 libras<\/td>\n<\/tr>\n<tr>\n<td>Longitud del cable: 60 cm 24 pulg.<\/td>\n<\/tr>\n<tr>\n<td>Di\u00e1metro del cable: 34 awg<\/td>\n<\/tr>\n<tr>\n<td>Ambiente de operacin<\/td>\n<\/tr>\n<tr>\n<td>Temperatura de funcionamiento: 0 &#8211; 70\u00b0c 32 &#8211; 158\u00b0f<\/td>\n<\/tr>\n<tr>\n<td>Temperatura de almacenamiento: -10 &#8211; 80\u00b0c 14 &#8211; 176\u00b0f<\/td>\n<\/tr>\n<tr>\n<td>Humedad sin condensacin 5 &#8211; 90 hr<\/td>\n<\/tr>\n<tr>\n<td>Requisitos del sistema<\/td>\n<\/tr>\n<tr>\n<td>Windows 7\/8.1\/10\/11, chrome os, macos o android<\/td>\n<\/tr>\n<tr>\n<td>Contenido del paquete:<\/td>\n<\/tr>\n<tr>\n<td>Docking station usb-c para monitor dual 8k y carga pd<\/td>\n<\/tr>\n<tr>\n<td>Instrucciones<\/td>\n<\/tr>\n<\/table>\n","protected":false},"excerpt":{"rendered":"<p>Docking station para laptop o macbook\u00ae, doble monitor hdmi con carga power delivery, m\u00e1s conexin ethernet y usb. Aumenta tu productividad con tu pc, mac\u00ae o tableta con esta docking station altamente vers\u00e1til de manhattan. Te ayuda a realizar mltiples tareas en dos monitores uhd hdmi al mismo tiempo. Tambin puedes satisfacer la mayora de las necesidades de conectividad con cinco puertos superspeed usb-a que conectan y cargan dispositivos compatibles r\u00e1pidamente, as como un puerto de transferencia de datos superspeed usb-c para conectar dispositivos de gran ancho de banda. El puerto ethernet de deteccin autom\u00e1tica 10\/100\/1000 incluido te ayudan a conectarte a una red cableada, y la entrada de suministro de energa pd de hasta 100 w ayuda a alimentar todos los dispositivos usb que se conectan a la base. Conectividad de pantalla hdmi en 8k que te prepara para el futuro. Los dos puertos hdmi incluidos en la base de la docking station te permiten realizar mltiples tareas en m\u00e1s monitores hdmi a la vez. Agrega un monitor hdmi a la pantalla de tu computadora port\u00e1til para im\u00e1genes de 8k@30hz, o agrega dos monitores para resoluciones de hasta 4k@60hz. En windows\u00ae, es compatible con los modos espejo o completamente extendido, lo que significa que puedes tener diferentes im\u00e1genes y videos en tu laptop y en otros dos monitores. En mac, es compatible con mirror o extended mirror, lo que significa que puedes tener una imagen\/video en tu laptop y las mismas im\u00e1genes en otros dos monitores. Conexiones de red por cable y perifricos. Con seis puertos usb para mouse, teclados y unidades de memoria flash, esta docking station ayuda f\u00e1cilmente a que todos tus perifricos tiles funcionen para ti. De los cinco puertos usb-a, dos tienen velocidades de transferencia de hasta 10 gbps y tres tienen velocidades de hasta 5 gbps, y todos los puertos pueden ofrecer carga de hasta 2.5 w. Un puerto de transferencia de datos usb-c ofrece velocidades de transferencia de hasta 10 gbps. Adem\u00e1s, su puerto gigabit rj45 proporciona la conexin de red por cable confiable que falta en la mayora de los ultrabooks\u0099 y macbooks modernos. Hasta 85 w de potencia de carga con usb-c power delivery pd. El puerto usb-c pd incluido genera hasta 85 w para cargar tu laptop mientras cargas simult\u00e1neamente otros dispositivos mviles, como telfonos inteligentes o tabletas, a travs de los puertos usb-a. La funcin power delivery tambin proporciona una carga m\u00e1s r\u00e1pida que los cargadores est\u00e1ndar, ya que determina las necesidades de energa de los dispositivos compatibles y las suministra al ritmo m\u00e1s r\u00e1pido y seguro. Lleva tu telfono a la pantalla grande. Conecta cualquier telfono inteligente con android 9 y posterior que admita salida de video a travs del modo alt usb-c dp para disfrutar an m\u00e1s de tus aplicaciones y medios. Mira un video en tu monitor o hojea las diapositivas de su presentacin, todo desde tu telfono. Un adaptador multipuerto diseado para acompaarte dondequiera que vayas. La resistente carcasa de aluminio convierte a este adaptador multipuerto en el compaero de viaje perfecto. A pesar de sus enormes opciones de conectividad, sigue siendo lo suficientemente compacto como para caber en un bolsillo de tu maletn de laptop, mochila o maleta de viaje. Conecta tu laptop a tus pantallas, red y perifricos mientras cargas tus dispositivo. Dos puertos hdmi con resoluciones en salida de video nico de hasta 8k@30hz o salida de video dual de hasta 4k@60hz. Admite el modo de visualizacin extendido diferentes im\u00e1genes entre la pantalla de la laptop y los monitores 1 y 2 en windows\u00ae; admite mirror o extended mirror imagen diferente en laptop, la misma imagen en el monitor 1 y 2 en mac?. Un puerto gigabit ethernet 10\/100\/1000 para acelerar las descargas, la transmisin multimedia y los juegos. Carga tu laptop por usb power delivery pd hasta 85 w, requiere un cargador pd externo, disponible en manhattan. Un puerto usb 3.2 gen 2 tipo c solo para datos con tasas de transferencia de hasta 10 gbps. Dos puertos usb 3.2 gen 2 tipo a con velocidades de transferencia superspeed de hasta 10 gbps y carga de hasta 2.5 w 5 v\/0.5 a. Tres puertos usb 3.2 gen 1 anteriormente usb 3.0 tipo a con velocidades de transferencia superspeed de hasta 5 gbps y carga de hasta 2.5 w 5 v\/0.5 a. Puertos usb-a para conectar mouse, teclados, unidades de memoria flash y m\u00e1s, o para cargar y sincronizar dispositivos mviles. Compatible con todas las computadoras de escritorio, laptops y tabletas compatibles con usb-c dp-alt-mode, incluidos apple\u00ae macbook\u00ae, cromebook\u0099, pixel\u0099 y m\u00e1s. Compatible con el modo alternativo de displayport 1.4 dp alt mode. Permite que tu smartphone funcione como una pc de escritorio al mismo tiempo que se carga la configuracin de escritorio requiere dispositivos con android 9 o superior que ofrezcan salida de vdeo a travs de usb-c. Carcasa de aluminio elegante y resistente, ideal para trabajar en la oficina, la escuela, el hogar o mientras est\u00e1s de viaje. Instalacin plug-and-play; compatible con windows\u00ae, macos\u00ae, chrome os\u0099 y android\u0099. Cable integrado extralargo de 60 cm 24 pulg. Con conector moldeado en aluminio, ideal para conectarlo de forma f\u00e1cil en cualquier puerto de la laptop. Compatible con interfaces usb4\u00ae y thunderbolt\u0099 3\/4. Totalmente compatible con hdcp 2.3, compatible con versiones anteriores<\/p>\n","protected":false},"featured_media":241923,"comment_status":"open","ping_status":"open","template":"","meta":[],"product_cat":[1485,1497],"product_tag":[1487],"acf":[],"yoast_head":"<!-- This site is optimized with the Yoast SEO plugin v21.7 - https:\/\/yoast.com\/wordpress\/plugins\/seo\/ -->\n<title>[ Manhattan ] &#129351; 130714 Docking Usb-c , , ,10 Ptos, 2xhdmi, 5xusb-a, Usb-c, Usb-c Pd, Rj45, Tarjeta Sd-microsd<\/title>\n<meta name=\"description\" content=\"Compra 130714 Docking Usb-c , , ,10 Ptos, 2xhdmi, 5xusb-a, Usb-c, Usb-c Pd, Rj45, Tarjeta Sd-microsd + Env\u00edo a domicilio + Pago seguro + Garant\u00eda\" \/>\n<meta name=\"robots\" content=\"index, follow, max-snippet:-1, max-image-preview:large, max-video-preview:-1\" \/>\n<link rel=\"canonical\" href=\"https:\/\/compuviper.mx\/tienda\/producto\/manhattan-130714-docking-usb-c-10-ptos-2xhdmi-5xusb-a-usb-c-usb-c-pd-rj45-tarjeta-sd-microsd\/\" \/>\n<meta property=\"og:locale\" content=\"es_MX\" \/>\n<meta property=\"og:type\" content=\"article\" \/>\n<meta property=\"og:title\" content=\"[ Manhattan ] &#129351; 130714 Docking Usb-c , , ,10 Ptos, 2xhdmi, 5xusb-a, Usb-c, Usb-c Pd, Rj45, Tarjeta Sd-microsd\" \/>\n<meta property=\"og:description\" content=\"Compra 130714 Docking Usb-c , , ,10 Ptos, 2xhdmi, 5xusb-a, Usb-c, Usb-c Pd, Rj45, Tarjeta Sd-microsd + Env\u00edo a domicilio + Pago seguro + Garant\u00eda\" \/>\n<meta property=\"og:url\" content=\"https:\/\/compuviper.mx\/tienda\/producto\/manhattan-130714-docking-usb-c-10-ptos-2xhdmi-5xusb-a-usb-c-usb-c-pd-rj45-tarjeta-sd-microsd\/\" \/>\n<meta property=\"og:site_name\" content=\"Compuviper\" \/>\n<meta property=\"article:publisher\" content=\"https:\/\/www.facebook.com\/compuviper\" \/>\n<meta property=\"og:image\" content=\"https:\/\/compuviper.mx\/tienda\/wp-content\/uploads\/2024\/09\/Docking-usb-c-manhattan-130714-10-ptos-2xhdmi-5xusb-a-usb-c-usb-c-pd-rj45-tarjeta-sd-microsd.jpg\" \/>\n\t<meta property=\"og:image:width\" content=\"200\" \/>\n\t<meta property=\"og:image:height\" content=\"200\" \/>\n\t<meta property=\"og:image:type\" content=\"image\/jpeg\" \/>\n<meta name=\"twitter:card\" content=\"summary_large_image\" \/>\n<meta name=\"twitter:label1\" content=\"Precio\" \/>\n\t<meta name=\"twitter:data1\" content=\"&#36;1,819 con IVA\" \/>\n\t<meta name=\"twitter:label2\" content=\"Availability\" \/>\n\t<meta name=\"twitter:data2\" content=\"In stock\" \/>\n<script type=\"application\/ld+json\" class=\"yoast-schema-graph\">{\"@context\":\"https:\/\/schema.org\",\"@graph\":[{\"@type\":\"WebPage\",\"@id\":\"https:\/\/compuviper.mx\/tienda\/producto\/manhattan-130714-docking-usb-c-10-ptos-2xhdmi-5xusb-a-usb-c-usb-c-pd-rj45-tarjeta-sd-microsd\/\",\"url\":\"https:\/\/compuviper.mx\/tienda\/producto\/manhattan-130714-docking-usb-c-10-ptos-2xhdmi-5xusb-a-usb-c-usb-c-pd-rj45-tarjeta-sd-microsd\/\",\"name\":\"[ Manhattan ] &#129351; 130714 Docking Usb-c , , ,10 Ptos, 2xhdmi, 5xusb-a, Usb-c, Usb-c Pd, Rj45, Tarjeta Sd-microsd\",\"isPartOf\":{\"@id\":\"https:\/\/compuviper.mx\/tienda\/#website\"},\"datePublished\":\"2026-04-08T05:13:08+00:00\",\"dateModified\":\"2026-04-08T05:13:08+00:00\",\"description\":\"Compra 130714 Docking Usb-c , , ,10 Ptos, 2xhdmi, 5xusb-a, Usb-c, Usb-c Pd, Rj45, Tarjeta Sd-microsd + Env\u00edo a domicilio + Pago seguro + Garant\u00eda\",\"breadcrumb\":{\"@id\":\"https:\/\/compuviper.mx\/tienda\/producto\/manhattan-130714-docking-usb-c-10-ptos-2xhdmi-5xusb-a-usb-c-usb-c-pd-rj45-tarjeta-sd-microsd\/#breadcrumb\"},\"inLanguage\":\"es-MX\",\"potentialAction\":[{\"@type\":\"ReadAction\",\"target\":[\"https:\/\/compuviper.mx\/tienda\/producto\/manhattan-130714-docking-usb-c-10-ptos-2xhdmi-5xusb-a-usb-c-usb-c-pd-rj45-tarjeta-sd-microsd\/\"]}]},{\"@type\":\"BreadcrumbList\",\"@id\":\"https:\/\/compuviper.mx\/tienda\/producto\/manhattan-130714-docking-usb-c-10-ptos-2xhdmi-5xusb-a-usb-c-usb-c-pd-rj45-tarjeta-sd-microsd\/#breadcrumb\",\"itemListElement\":[{\"@type\":\"ListItem\",\"position\":1,\"name\":\"Inicio\",\"item\":\"https:\/\/compuviper.mx\/tienda\/\"},{\"@type\":\"ListItem\",\"position\":2,\"name\":\"Productos\",\"item\":\"https:\/\/compuviper.mx\/tienda\/productos\/\"},{\"@type\":\"ListItem\",\"position\":3,\"name\":\"Accesorios\",\"item\":\"https:\/\/compuviper.mx\/tienda\/categoria-producto\/accesorios\/\"},{\"@type\":\"ListItem\",\"position\":4,\"name\":\"Hub Usb\",\"item\":\"https:\/\/compuviper.mx\/tienda\/categoria-producto\/accesorios\/hub-usb\/\"},{\"@type\":\"ListItem\",\"position\":5,\"name\":\"Manhattan 130714 Docking Usb-c , , ,10 Ptos, 2xhdmi, 5xusb-a, Usb-c, Usb-c Pd, Rj45, Tarjeta Sd-microsd\"}]},{\"@type\":\"WebSite\",\"@id\":\"https:\/\/compuviper.mx\/tienda\/#website\",\"url\":\"https:\/\/compuviper.mx\/tienda\/\",\"name\":\"Compuviper\",\"description\":\"Proveedor de Computadoras, Laptops, Servidores, Monitores, Puntos de Venta, Teclados,   Impresoras, T\u00f3ner, C\u00e1maras de Seguridad y m\u00e1s en tu tienda en l\u00ednea\",\"publisher\":{\"@id\":\"https:\/\/compuviper.mx\/tienda\/#organization\"},\"potentialAction\":[{\"@type\":\"SearchAction\",\"target\":{\"@type\":\"EntryPoint\",\"urlTemplate\":\"https:\/\/compuviper.mx\/tienda\/?s={search_term_string}\"},\"query-input\":\"required name=search_term_string\"}],\"inLanguage\":\"es-MX\"},{\"@type\":\"Organization\",\"@id\":\"https:\/\/compuviper.mx\/tienda\/#organization\",\"name\":\"Compuviper\",\"url\":\"https:\/\/compuviper.mx\/tienda\/\",\"logo\":{\"@type\":\"ImageObject\",\"inLanguage\":\"es-MX\",\"@id\":\"https:\/\/compuviper.mx\/tienda\/#\/schema\/logo\/image\/\",\"url\":\"https:\/\/compuviper.mx\/tienda\/wp-content\/uploads\/2021\/08\/Logo-Compuviper-10.png\",\"contentUrl\":\"https:\/\/compuviper.mx\/tienda\/wp-content\/uploads\/2021\/08\/Logo-Compuviper-10.png\",\"width\":1000,\"height\":500,\"caption\":\"Compuviper\"},\"image\":{\"@id\":\"https:\/\/compuviper.mx\/tienda\/#\/schema\/logo\/image\/\"},\"sameAs\":[\"https:\/\/www.facebook.com\/compuviper\",\"https:\/\/www.youtube.com\/channel\/UCf73dERp9Y3cfOq7q8BhLjA?view_as=subscriber\"]}]}<\/script>\n<meta property=\"product:brand\" content=\"MANHATTAN\" \/>\n<meta property=\"product:price:amount\" content=\"1819\" \/>\n<meta property=\"product:price:currency\" content=\"MXN\" \/>\n<meta property=\"og:availability\" content=\"instock\" \/>\n<meta property=\"product:availability\" content=\"instock\" \/>\n<meta property=\"product:retailer_item_id\" content=\"130714\" \/>\n<meta property=\"product:condition\" content=\"new\" \/>\n<!-- \/ Yoast SEO plugin. -->","yoast_head_json":{"title":"[ Manhattan ] &#129351; 130714 Docking Usb-c , , ,10 Ptos, 2xhdmi, 5xusb-a, Usb-c, Usb-c Pd, Rj45, Tarjeta Sd-microsd","description":"Compra 130714 Docking Usb-c , , ,10 Ptos, 2xhdmi, 5xusb-a, Usb-c, Usb-c Pd, Rj45, Tarjeta Sd-microsd + Env\u00edo a domicilio + Pago seguro + Garant\u00eda","robots":{"index":"index","follow":"follow","max-snippet":"max-snippet:-1","max-image-preview":"max-image-preview:large","max-video-preview":"max-video-preview:-1"},"canonical":"https:\/\/compuviper.mx\/tienda\/producto\/manhattan-130714-docking-usb-c-10-ptos-2xhdmi-5xusb-a-usb-c-usb-c-pd-rj45-tarjeta-sd-microsd\/","og_locale":"es_MX","og_type":"article","og_title":"[ Manhattan ] &#129351; 130714 Docking Usb-c , , ,10 Ptos, 2xhdmi, 5xusb-a, Usb-c, Usb-c Pd, Rj45, Tarjeta Sd-microsd","og_description":"Compra 130714 Docking Usb-c , , ,10 Ptos, 2xhdmi, 5xusb-a, Usb-c, Usb-c Pd, Rj45, Tarjeta Sd-microsd + Env\u00edo a domicilio + Pago seguro + Garant\u00eda","og_url":"https:\/\/compuviper.mx\/tienda\/producto\/manhattan-130714-docking-usb-c-10-ptos-2xhdmi-5xusb-a-usb-c-usb-c-pd-rj45-tarjeta-sd-microsd\/","og_site_name":"Compuviper","article_publisher":"https:\/\/www.facebook.com\/compuviper","og_image":[{"width":200,"height":200,"url":"https:\/\/compuviper.mx\/tienda\/wp-content\/uploads\/2024\/09\/Docking-usb-c-manhattan-130714-10-ptos-2xhdmi-5xusb-a-usb-c-usb-c-pd-rj45-tarjeta-sd-microsd.jpg","type":"image\/jpeg"}],"twitter_card":"summary_large_image","twitter_misc":{"Precio":"&#36;1,819 con IVA","Availability":"In stock"},"schema":{"@context":"https:\/\/schema.org","@graph":[{"@type":"WebPage","@id":"https:\/\/compuviper.mx\/tienda\/producto\/manhattan-130714-docking-usb-c-10-ptos-2xhdmi-5xusb-a-usb-c-usb-c-pd-rj45-tarjeta-sd-microsd\/","url":"https:\/\/compuviper.mx\/tienda\/producto\/manhattan-130714-docking-usb-c-10-ptos-2xhdmi-5xusb-a-usb-c-usb-c-pd-rj45-tarjeta-sd-microsd\/","name":"[ Manhattan ] &#129351; 130714 Docking Usb-c , , ,10 Ptos, 2xhdmi, 5xusb-a, Usb-c, Usb-c Pd, Rj45, Tarjeta Sd-microsd","isPartOf":{"@id":"https:\/\/compuviper.mx\/tienda\/#website"},"datePublished":"2026-04-08T05:13:08+00:00","dateModified":"2026-04-08T05:13:08+00:00","description":"Compra 130714 Docking Usb-c , , ,10 Ptos, 2xhdmi, 5xusb-a, Usb-c, Usb-c Pd, Rj45, Tarjeta Sd-microsd + Env\u00edo a domicilio + Pago seguro + Garant\u00eda","breadcrumb":{"@id":"https:\/\/compuviper.mx\/tienda\/producto\/manhattan-130714-docking-usb-c-10-ptos-2xhdmi-5xusb-a-usb-c-usb-c-pd-rj45-tarjeta-sd-microsd\/#breadcrumb"},"inLanguage":"es-MX","potentialAction":[{"@type":"ReadAction","target":["https:\/\/compuviper.mx\/tienda\/producto\/manhattan-130714-docking-usb-c-10-ptos-2xhdmi-5xusb-a-usb-c-usb-c-pd-rj45-tarjeta-sd-microsd\/"]}]},{"@type":"BreadcrumbList","@id":"https:\/\/compuviper.mx\/tienda\/producto\/manhattan-130714-docking-usb-c-10-ptos-2xhdmi-5xusb-a-usb-c-usb-c-pd-rj45-tarjeta-sd-microsd\/#breadcrumb","itemListElement":[{"@type":"ListItem","position":1,"name":"Inicio","item":"https:\/\/compuviper.mx\/tienda\/"},{"@type":"ListItem","position":2,"name":"Productos","item":"https:\/\/compuviper.mx\/tienda\/productos\/"},{"@type":"ListItem","position":3,"name":"Accesorios","item":"https:\/\/compuviper.mx\/tienda\/categoria-producto\/accesorios\/"},{"@type":"ListItem","position":4,"name":"Hub Usb","item":"https:\/\/compuviper.mx\/tienda\/categoria-producto\/accesorios\/hub-usb\/"},{"@type":"ListItem","position":5,"name":"Manhattan 130714 Docking Usb-c , , ,10 Ptos, 2xhdmi, 5xusb-a, Usb-c, Usb-c Pd, Rj45, Tarjeta Sd-microsd"}]},{"@type":"WebSite","@id":"https:\/\/compuviper.mx\/tienda\/#website","url":"https:\/\/compuviper.mx\/tienda\/","name":"Compuviper","description":"Proveedor de Computadoras, Laptops, Servidores, Monitores, Puntos de Venta, Teclados,   Impresoras, T\u00f3ner, C\u00e1maras de Seguridad y m\u00e1s en tu tienda en l\u00ednea","publisher":{"@id":"https:\/\/compuviper.mx\/tienda\/#organization"},"potentialAction":[{"@type":"SearchAction","target":{"@type":"EntryPoint","urlTemplate":"https:\/\/compuviper.mx\/tienda\/?s={search_term_string}"},"query-input":"required name=search_term_string"}],"inLanguage":"es-MX"},{"@type":"Organization","@id":"https:\/\/compuviper.mx\/tienda\/#organization","name":"Compuviper","url":"https:\/\/compuviper.mx\/tienda\/","logo":{"@type":"ImageObject","inLanguage":"es-MX","@id":"https:\/\/compuviper.mx\/tienda\/#\/schema\/logo\/image\/","url":"https:\/\/compuviper.mx\/tienda\/wp-content\/uploads\/2021\/08\/Logo-Compuviper-10.png","contentUrl":"https:\/\/compuviper.mx\/tienda\/wp-content\/uploads\/2021\/08\/Logo-Compuviper-10.png","width":1000,"height":500,"caption":"Compuviper"},"image":{"@id":"https:\/\/compuviper.mx\/tienda\/#\/schema\/logo\/image\/"},"sameAs":["https:\/\/www.facebook.com\/compuviper","https:\/\/www.youtube.com\/channel\/UCf73dERp9Y3cfOq7q8BhLjA?view_as=subscriber"]}]},"product_brand":"MANHATTAN","product_price_amount":"1819","product_price_currency":"MXN","og_availability":"instock","product_availability":"instock","product_retailer_item_id":"130714","product_condition":"new"},"_links":{"self":[{"href":"https:\/\/compuviper.mx\/tienda\/wp-json\/wp\/v2\/product\/235645"}],"collection":[{"href":"https:\/\/compuviper.mx\/tienda\/wp-json\/wp\/v2\/product"}],"about":[{"href":"https:\/\/compuviper.mx\/tienda\/wp-json\/wp\/v2\/types\/product"}],"replies":[{"embeddable":true,"href":"https:\/\/compuviper.mx\/tienda\/wp-json\/wp\/v2\/comments?post=235645"}],"wp:featuredmedia":[{"embeddable":true,"href":"https:\/\/compuviper.mx\/tienda\/wp-json\/wp\/v2\/media\/241923"}],"wp:attachment":[{"href":"https:\/\/compuviper.mx\/tienda\/wp-json\/wp\/v2\/media?parent=235645"}],"wp:term":[{"taxonomy":"product_cat","embeddable":true,"href":"https:\/\/compuviper.mx\/tienda\/wp-json\/wp\/v2\/product_cat?post=235645"},{"taxonomy":"product_tag","embeddable":true,"href":"https:\/\/compuviper.mx\/tienda\/wp-json\/wp\/v2\/product_tag?post=235645"}],"curies":[{"name":"wp","href":"https:\/\/api.w.org\/{rel}","templated":true}]}}