{"id":235644,"date":"2026-04-01T23:13:05","date_gmt":"2026-04-02T05:13:05","guid":{"rendered":"https:\/\/compuviper.mx\/tienda\/producto\/manhattan-166560-docking-usb-c-8-ptos-hdmi-usb-c-pd3xusb-acarga-inalambrica\/"},"modified":"2026-04-01T23:13:05","modified_gmt":"2026-04-02T05:13:05","slug":"manhattan-166560-docking-usb-c-8-ptos-hdmi-usb-c-pd3xusb-acarga-inalambrica","status":"publish","type":"product","link":"https:\/\/compuviper.mx\/tienda\/producto\/manhattan-166560-docking-usb-c-8-ptos-hdmi-usb-c-pd3xusb-acarga-inalambrica\/","title":{"rendered":"Manhattan 166560 Docking Usb, ,,-c  8 Ptos, Hdmi, Usb-c Pd,3xusb-a,carga Inalambrica"},"content":{"rendered":"<table class=\"descripcion\">\n<tr>\n<td>Est\u00e1ndares y certificaciones<\/td>\n<\/tr>\n<tr>\n<td>Usb 3.2 gen 1<\/td>\n<\/tr>\n<tr>\n<td>Hdmi 1.4<\/td>\n<\/tr>\n<tr>\n<td>Hdcp 2.2<\/td>\n<\/tr>\n<tr>\n<td>Ce<\/td>\n<\/tr>\n<tr>\n<td>Fcc<\/td>\n<\/tr>\n<tr>\n<td>Rohs<\/td>\n<\/tr>\n<tr>\n<td>General<\/td>\n<\/tr>\n<tr>\n<td>Resoluciones de video: 640&#215;480, 800&#215;600, 1024&#215;768, 1920&#215;1200, 1920&#215;1080, 3840&#215;2160<\/td>\n<\/tr>\n<tr>\n<td>Velocidad de transferencia de datos de los puertos usb-a: hasta 5 gbps<\/td>\n<\/tr>\n<tr>\n<td>Tarjetas de flash compatibles: sd \/ microsd \/ transflash, microsdhc \/ sdhc \/ sdxc \/ extreme sd \/ extreme ii sd \/ extreme iii sd \/ ultra sd \/ ultra ii sd \/ ultra ii sd p plus \/ sd-ultra-x \/ ultra speed sd \/ sd pro \/ sd elite pro \/ hs sd \/ mmc \/ mmc 4.0 \/ hs mmc \/ hs rs mmc \/ rs mmc \/ rs mmc 4.0 \/ mmc mobile<\/td>\n<\/tr>\n<tr>\n<td>Alimentado por bus<\/td>\n<\/tr>\n<tr>\n<td>Puerto de carga usb-c pd: 60 w 5 &#8211; 20 v; m\u00e1ximo 3 a<\/td>\n<\/tr>\n<tr>\n<td>Resistencia de voltaje: 300 vdc<\/td>\n<\/tr>\n<tr>\n<td>Resistencia conductiva: 5  and 937;<\/td>\n<\/tr>\n<tr>\n<td>Forro de pl\u00e1stico trmico<\/td>\n<\/tr>\n<tr>\n<td>Ajustes de voltaje\/corriente m\u00e1ximo:<\/td>\n<\/tr>\n<tr>\n<td>&#8211; usb-c:<\/td>\n<\/tr>\n<tr>\n<td>&#8211; 5 v \/ 3 a<\/td>\n<\/tr>\n<tr>\n<td>&#8211; 9 v \/ 3 a<\/td>\n<\/tr>\n<tr>\n<td>&#8211; 12 v \/ 3 a<\/td>\n<\/tr>\n<tr>\n<td>&#8211; 15 v \/ 3 a<\/td>\n<\/tr>\n<tr>\n<td>&#8211; 19 v \/ 3 a<\/td>\n<\/tr>\n<tr>\n<td>&#8211; 20 v \/ 3 a<\/td>\n<\/tr>\n<tr>\n<td>Conexiones:<\/td>\n<\/tr>\n<tr>\n<td>Un usb-c de 24 pines, macho<\/td>\n<\/tr>\n<tr>\n<td>1 entrada hdmi de 19-pines, hembra<\/td>\n<\/tr>\n<tr>\n<td>Tres usb-a de 9 pines, hembra<\/td>\n<\/tr>\n<tr>\n<td>Una ranura para tarjetas sd<\/td>\n<\/tr>\n<tr>\n<td>Una ranura para tarjetas micro sd tf<\/td>\n<\/tr>\n<tr>\n<td>1 entrada usb-c 24 pines, power delivery, hembra<\/td>\n<\/tr>\n<tr>\n<td>Caractersticas de proteccin<\/td>\n<\/tr>\n<tr>\n<td>Cortocircuito scp con modo de recuperacin autom\u00e1tica<\/td>\n<\/tr>\n<tr>\n<td>Sobrevoltaje ovp con modo de autorecuperacin<\/td>\n<\/tr>\n<tr>\n<td>Sobrecorriente ocp \u0097 lmite de corriente: 150 m\u00e1x.<\/td>\n<\/tr>\n<tr>\n<td>Sobretemperatura otp<\/td>\n<\/tr>\n<tr>\n<td>Compatibilidad del cargador inal\u00e1mbrico<\/td>\n<\/tr>\n<tr>\n<td>Modo de carga r\u00e1pida de 10 w:<\/td>\n<\/tr>\n<tr>\n<td>&#8211; samsung galaxy s7 \/ s7 edge \/ s8 \/ s8  \/ s9 \/ s9  \/ s10 o superior<\/td>\n<\/tr>\n<tr>\n<td>&#8211; huawei mate20 pro, mate20 rs, p20 pro, p30 pro o superior<\/td>\n<\/tr>\n<tr>\n<td>&#8211; samsung note 8\/9\/10 o superior<\/td>\n<\/tr>\n<tr>\n<td>Modo de carga de 7.5 w:<\/td>\n<\/tr>\n<tr>\n<td>&#8211; apple iphone 8 \/ 8 plus \/ x \/ xr \/ xs \/ xs max \/ 11 \/ 11 pro \/ 11 pro max o superior<\/td>\n<\/tr>\n<tr>\n<td>Modo de carga de 5 w:<\/td>\n<\/tr>\n<tr>\n<td>&#8211; todos los dem\u00e1s dispositivos habilitados para qi \u0099<\/td>\n<\/tr>\n<tr>\n<td>Requisitos del sistema &#8211; base de carga inal\u00e1mbrica<\/td>\n<\/tr>\n<tr>\n<td>Hasta 10 w de salida:<\/td>\n<\/tr>\n<tr>\n<td>&#8211; cargador quick charge\u00ae 2.0 \/ 3.0<\/td>\n<\/tr>\n<tr>\n<td>&#8211; power delivery 18 w cargador<\/td>\n<\/tr>\n<tr>\n<td>5 w:<\/td>\n<\/tr>\n<tr>\n<td>&#8211; 5 v \/ 2 a charger<\/td>\n<\/tr>\n<tr>\n<td>Diseo<\/td>\n<\/tr>\n<tr>\n<td>Carcasa: 94 x 94 x 12 mm 3.74 x 3.74 x 0.47 in<\/td>\n<\/tr>\n<tr>\n<td>Longitud del cable: 20 cm.<\/td>\n<\/tr>\n<tr>\n<td>Peso: 154 g 5.43 oz.<\/td>\n<\/tr>\n<tr>\n<td>Carcasa: aleacin de zinc<\/td>\n<\/tr>\n<tr>\n<td>Superficie de la base: vidrio templado<\/td>\n<\/tr>\n<tr>\n<td>Ambiente de operacin<\/td>\n<\/tr>\n<tr>\n<td>Temperatura de operacin: 0 \u0096 50\u00b0c 32 \u0096 122\u00b0f<\/td>\n<\/tr>\n<tr>\n<td>Temperatura de almacenamiento: -10 \u0096 70\u00b0c -4 \u0096 158\u00b0f<\/td>\n<\/tr>\n<tr>\n<td>Humedad sin condensacin: 5 &#8211; 90 rh<\/td>\n<\/tr>\n<tr>\n<td>Requerimientos del sistema<\/td>\n<\/tr>\n<tr>\n<td>Windows 7\/8.1\/10, linux, mac os o chrome os<\/td>\n<\/tr>\n<tr>\n<td>Contenido del paquete<\/td>\n<\/tr>\n<tr>\n<td>Docking usb-c con base de carga inal\u00e1mbrica qi\u0099<\/td>\n<\/tr>\n<tr>\n<td>Instructivo<\/td>\n<\/tr>\n<\/table>\n","protected":false},"excerpt":{"rendered":"<p>El docking usb-c con base de carga inal\u00e1mbrica de manhattan es la solucin multipropsito para cargar dispositivos, conectar perifricos y hasta conectar una pantalla. M\u00e1s opciones de conectividad. Este docking ofrece tres puertos usb 3.2 gen 1 para una myor productividad de tus equipo usb conectados. Adem\u00e1s se pueden conectar f\u00e1cilmente perifricos como un mouse y un teclado o acceder a la informacin de memorias usb o discos duros con velocidades de transferencia de hasta 5 gbps. Para la transferencia de datos de los lectores de tarjetas, el docking ofrece dos ranuras de lectura para tarjetas sd y microsd. El puerto hdmi del docking lleva el dispositivo a conocer grandes im\u00e1genes: conctelo a una pantalla o proyector y disfrute de un uhd sper ntido con resoluciones de hasta 4k@30hz. Carga en grandes cantidades. Los tres puertos usb-a no se limitan a aadir perifricos, se usan para cargar dispositivos mviles a velocidades de hasta 1.5 a por puerto. Si tienes un smartphone compatible, puedes cargarlo r\u00e1pidamente de forma inal\u00e1mbrica con una potencia de hasta 10 w. Slo tienes que colocarlo en la base de cristal templado. Si conecta un cargador power delivery al puerto usb-c, ese puerto puede suministrar energa a todos los dispositivos conectados en su sistema, incluyendo su port\u00e1til, con una potencia disponible de hasta 60 w. La proteccin contra sobrecarga, sobrecorriente y sobrecalentamiento del puerto mantiene sus dispositivos siempre seguros. Carga r\u00e1pidamente de forma inal\u00e1mbrica dispositivos compatibles &#8211; telfono, carcasas, auriculares y m\u00e1s &#8211; con una potencia de hasta 10 w. Certificado qi \u0099 para garantizar una carga segura para ti y tus dispositivos. Soporta la funcin de suministro de energa pd por usb hasta 60 w; requiere un cargador de pd externo &#8211; disponible en manhattan. Puerto usb-c pd que proporciona hasta 60 w para cargar un port\u00e1til, notebook, ultrabook\u00ae, tablet o cualquier otro dispositivo alimentado por usb-c. Resolucin de hasta 4k@30hz uhd en conexin hdmi. Tres puertos usb 3.2 gen 1 tipo a para conectar mouse, teclados, memorias flash y m\u00e1s o para cargar y sincronizar dispositivos mviles. Puertos de sper velocidad usb-a que ofrecen velocidades de transmisin de datos de hasta 5 gbps y una carga de hasta 7.5 w 5 v \/ 1.5 a. Carga diferentes dispositivos simult\u00e1neamente con asignacin de energa optimizada. Plug and play &#8211; dispositivo listo para usar con una configuracin r\u00e1pida y f\u00e1cil, no se requiere descarga de controladores. Proteccin contra sobrecarga, sobrecorriente y trmica. Diseo ultracompacto, port\u00e1til y ligero para facilitar los viajas. Material de alta calidad con aleacin de zinc y vidrio templado<\/p>\n","protected":false},"featured_media":241922,"comment_status":"open","ping_status":"open","template":"","meta":[],"product_cat":[1485,1497],"product_tag":[1487],"acf":[],"yoast_head":"<!-- This site is optimized with the Yoast SEO plugin v21.7 - https:\/\/yoast.com\/wordpress\/plugins\/seo\/ -->\n<title>[ Manhattan ] &#129351; 166560 Docking Usb, ,,-c 8 Ptos, Hdmi, Usb-c Pd,3xusb-a,carga Inalambrica<\/title>\n<meta name=\"description\" content=\"Compra 166560 Docking Usb, ,,-c 8 Ptos, Hdmi, Usb-c Pd,3xusb-a,carga Inalambrica + Env\u00edo a domicilio + Pago seguro + Garant\u00eda\" \/>\n<meta name=\"robots\" content=\"index, follow, max-snippet:-1, max-image-preview:large, max-video-preview:-1\" \/>\n<link rel=\"canonical\" href=\"https:\/\/compuviper.mx\/tienda\/producto\/manhattan-166560-docking-usb-c-8-ptos-hdmi-usb-c-pd3xusb-acarga-inalambrica\/\" \/>\n<meta property=\"og:locale\" content=\"es_MX\" \/>\n<meta property=\"og:type\" content=\"article\" \/>\n<meta property=\"og:title\" content=\"[ Manhattan ] &#129351; 166560 Docking Usb, ,,-c 8 Ptos, Hdmi, Usb-c Pd,3xusb-a,carga Inalambrica\" \/>\n<meta property=\"og:description\" content=\"Compra 166560 Docking Usb, ,,-c 8 Ptos, Hdmi, Usb-c Pd,3xusb-a,carga Inalambrica + Env\u00edo a domicilio + Pago seguro + Garant\u00eda\" \/>\n<meta property=\"og:url\" content=\"https:\/\/compuviper.mx\/tienda\/producto\/manhattan-166560-docking-usb-c-8-ptos-hdmi-usb-c-pd3xusb-acarga-inalambrica\/\" \/>\n<meta property=\"og:site_name\" content=\"Compuviper\" \/>\n<meta property=\"article:publisher\" content=\"https:\/\/www.facebook.com\/compuviper\" \/>\n<meta property=\"og:image\" content=\"https:\/\/compuviper.mx\/tienda\/wp-content\/uploads\/2024\/09\/Docking-usb-manhattan166560-c-8-ptos-hdmi-usb-c-pd3xusb-acarga-inalambrica.jpg\" \/>\n\t<meta property=\"og:image:width\" content=\"200\" \/>\n\t<meta property=\"og:image:height\" content=\"200\" \/>\n\t<meta property=\"og:image:type\" content=\"image\/jpeg\" \/>\n<meta name=\"twitter:card\" content=\"summary_large_image\" \/>\n<meta name=\"twitter:label1\" content=\"Precio\" \/>\n\t<meta name=\"twitter:data1\" content=\"&#36;987 con IVA\" \/>\n\t<meta name=\"twitter:label2\" content=\"Availability\" \/>\n\t<meta name=\"twitter:data2\" content=\"On backorder\" \/>\n<script type=\"application\/ld+json\" class=\"yoast-schema-graph\">{\"@context\":\"https:\/\/schema.org\",\"@graph\":[{\"@type\":\"WebPage\",\"@id\":\"https:\/\/compuviper.mx\/tienda\/producto\/manhattan-166560-docking-usb-c-8-ptos-hdmi-usb-c-pd3xusb-acarga-inalambrica\/\",\"url\":\"https:\/\/compuviper.mx\/tienda\/producto\/manhattan-166560-docking-usb-c-8-ptos-hdmi-usb-c-pd3xusb-acarga-inalambrica\/\",\"name\":\"[ Manhattan ] &#129351; 166560 Docking Usb, ,,-c 8 Ptos, Hdmi, Usb-c Pd,3xusb-a,carga Inalambrica\",\"isPartOf\":{\"@id\":\"https:\/\/compuviper.mx\/tienda\/#website\"},\"datePublished\":\"2026-04-02T05:13:05+00:00\",\"dateModified\":\"2026-04-02T05:13:05+00:00\",\"description\":\"Compra 166560 Docking Usb, ,,-c 8 Ptos, Hdmi, Usb-c Pd,3xusb-a,carga Inalambrica + Env\u00edo a domicilio + Pago seguro + Garant\u00eda\",\"breadcrumb\":{\"@id\":\"https:\/\/compuviper.mx\/tienda\/producto\/manhattan-166560-docking-usb-c-8-ptos-hdmi-usb-c-pd3xusb-acarga-inalambrica\/#breadcrumb\"},\"inLanguage\":\"es-MX\",\"potentialAction\":[{\"@type\":\"ReadAction\",\"target\":[\"https:\/\/compuviper.mx\/tienda\/producto\/manhattan-166560-docking-usb-c-8-ptos-hdmi-usb-c-pd3xusb-acarga-inalambrica\/\"]}]},{\"@type\":\"BreadcrumbList\",\"@id\":\"https:\/\/compuviper.mx\/tienda\/producto\/manhattan-166560-docking-usb-c-8-ptos-hdmi-usb-c-pd3xusb-acarga-inalambrica\/#breadcrumb\",\"itemListElement\":[{\"@type\":\"ListItem\",\"position\":1,\"name\":\"Inicio\",\"item\":\"https:\/\/compuviper.mx\/tienda\/\"},{\"@type\":\"ListItem\",\"position\":2,\"name\":\"Productos\",\"item\":\"https:\/\/compuviper.mx\/tienda\/productos\/\"},{\"@type\":\"ListItem\",\"position\":3,\"name\":\"Accesorios\",\"item\":\"https:\/\/compuviper.mx\/tienda\/categoria-producto\/accesorios\/\"},{\"@type\":\"ListItem\",\"position\":4,\"name\":\"Hub Usb\",\"item\":\"https:\/\/compuviper.mx\/tienda\/categoria-producto\/accesorios\/hub-usb\/\"},{\"@type\":\"ListItem\",\"position\":5,\"name\":\"Manhattan 166560 Docking Usb, ,,-c 8 Ptos, Hdmi, Usb-c Pd,3xusb-a,carga Inalambrica\"}]},{\"@type\":\"WebSite\",\"@id\":\"https:\/\/compuviper.mx\/tienda\/#website\",\"url\":\"https:\/\/compuviper.mx\/tienda\/\",\"name\":\"Compuviper\",\"description\":\"Proveedor de Computadoras, Laptops, Servidores, Monitores, Puntos de Venta, Teclados,   Impresoras, T\u00f3ner, C\u00e1maras de Seguridad y m\u00e1s en tu tienda en l\u00ednea\",\"publisher\":{\"@id\":\"https:\/\/compuviper.mx\/tienda\/#organization\"},\"potentialAction\":[{\"@type\":\"SearchAction\",\"target\":{\"@type\":\"EntryPoint\",\"urlTemplate\":\"https:\/\/compuviper.mx\/tienda\/?s={search_term_string}\"},\"query-input\":\"required name=search_term_string\"}],\"inLanguage\":\"es-MX\"},{\"@type\":\"Organization\",\"@id\":\"https:\/\/compuviper.mx\/tienda\/#organization\",\"name\":\"Compuviper\",\"url\":\"https:\/\/compuviper.mx\/tienda\/\",\"logo\":{\"@type\":\"ImageObject\",\"inLanguage\":\"es-MX\",\"@id\":\"https:\/\/compuviper.mx\/tienda\/#\/schema\/logo\/image\/\",\"url\":\"https:\/\/compuviper.mx\/tienda\/wp-content\/uploads\/2021\/08\/Logo-Compuviper-10.png\",\"contentUrl\":\"https:\/\/compuviper.mx\/tienda\/wp-content\/uploads\/2021\/08\/Logo-Compuviper-10.png\",\"width\":1000,\"height\":500,\"caption\":\"Compuviper\"},\"image\":{\"@id\":\"https:\/\/compuviper.mx\/tienda\/#\/schema\/logo\/image\/\"},\"sameAs\":[\"https:\/\/www.facebook.com\/compuviper\",\"https:\/\/www.youtube.com\/channel\/UCf73dERp9Y3cfOq7q8BhLjA?view_as=subscriber\"]}]}<\/script>\n<meta property=\"product:brand\" content=\"MANHATTAN\" \/>\n<meta property=\"product:price:amount\" content=\"987\" \/>\n<meta property=\"product:price:currency\" content=\"MXN\" \/>\n<meta property=\"og:availability\" content=\"backorder\" \/>\n<meta property=\"product:availability\" content=\"available for order\" \/>\n<meta property=\"product:retailer_item_id\" content=\"166560\" \/>\n<meta property=\"product:condition\" content=\"new\" \/>\n<!-- \/ Yoast SEO plugin. -->","yoast_head_json":{"title":"[ Manhattan ] &#129351; 166560 Docking Usb, ,,-c 8 Ptos, Hdmi, Usb-c Pd,3xusb-a,carga Inalambrica","description":"Compra 166560 Docking Usb, ,,-c 8 Ptos, Hdmi, Usb-c Pd,3xusb-a,carga Inalambrica + Env\u00edo a domicilio + Pago seguro + Garant\u00eda","robots":{"index":"index","follow":"follow","max-snippet":"max-snippet:-1","max-image-preview":"max-image-preview:large","max-video-preview":"max-video-preview:-1"},"canonical":"https:\/\/compuviper.mx\/tienda\/producto\/manhattan-166560-docking-usb-c-8-ptos-hdmi-usb-c-pd3xusb-acarga-inalambrica\/","og_locale":"es_MX","og_type":"article","og_title":"[ Manhattan ] &#129351; 166560 Docking Usb, ,,-c 8 Ptos, Hdmi, Usb-c Pd,3xusb-a,carga Inalambrica","og_description":"Compra 166560 Docking Usb, ,,-c 8 Ptos, Hdmi, Usb-c Pd,3xusb-a,carga Inalambrica + Env\u00edo a domicilio + Pago seguro + Garant\u00eda","og_url":"https:\/\/compuviper.mx\/tienda\/producto\/manhattan-166560-docking-usb-c-8-ptos-hdmi-usb-c-pd3xusb-acarga-inalambrica\/","og_site_name":"Compuviper","article_publisher":"https:\/\/www.facebook.com\/compuviper","og_image":[{"width":200,"height":200,"url":"https:\/\/compuviper.mx\/tienda\/wp-content\/uploads\/2024\/09\/Docking-usb-manhattan166560-c-8-ptos-hdmi-usb-c-pd3xusb-acarga-inalambrica.jpg","type":"image\/jpeg"}],"twitter_card":"summary_large_image","twitter_misc":{"Precio":"&#36;987 con IVA","Availability":"On backorder"},"schema":{"@context":"https:\/\/schema.org","@graph":[{"@type":"WebPage","@id":"https:\/\/compuviper.mx\/tienda\/producto\/manhattan-166560-docking-usb-c-8-ptos-hdmi-usb-c-pd3xusb-acarga-inalambrica\/","url":"https:\/\/compuviper.mx\/tienda\/producto\/manhattan-166560-docking-usb-c-8-ptos-hdmi-usb-c-pd3xusb-acarga-inalambrica\/","name":"[ Manhattan ] &#129351; 166560 Docking Usb, ,,-c 8 Ptos, Hdmi, Usb-c Pd,3xusb-a,carga Inalambrica","isPartOf":{"@id":"https:\/\/compuviper.mx\/tienda\/#website"},"datePublished":"2026-04-02T05:13:05+00:00","dateModified":"2026-04-02T05:13:05+00:00","description":"Compra 166560 Docking Usb, ,,-c 8 Ptos, Hdmi, Usb-c Pd,3xusb-a,carga Inalambrica + Env\u00edo a domicilio + Pago seguro + Garant\u00eda","breadcrumb":{"@id":"https:\/\/compuviper.mx\/tienda\/producto\/manhattan-166560-docking-usb-c-8-ptos-hdmi-usb-c-pd3xusb-acarga-inalambrica\/#breadcrumb"},"inLanguage":"es-MX","potentialAction":[{"@type":"ReadAction","target":["https:\/\/compuviper.mx\/tienda\/producto\/manhattan-166560-docking-usb-c-8-ptos-hdmi-usb-c-pd3xusb-acarga-inalambrica\/"]}]},{"@type":"BreadcrumbList","@id":"https:\/\/compuviper.mx\/tienda\/producto\/manhattan-166560-docking-usb-c-8-ptos-hdmi-usb-c-pd3xusb-acarga-inalambrica\/#breadcrumb","itemListElement":[{"@type":"ListItem","position":1,"name":"Inicio","item":"https:\/\/compuviper.mx\/tienda\/"},{"@type":"ListItem","position":2,"name":"Productos","item":"https:\/\/compuviper.mx\/tienda\/productos\/"},{"@type":"ListItem","position":3,"name":"Accesorios","item":"https:\/\/compuviper.mx\/tienda\/categoria-producto\/accesorios\/"},{"@type":"ListItem","position":4,"name":"Hub Usb","item":"https:\/\/compuviper.mx\/tienda\/categoria-producto\/accesorios\/hub-usb\/"},{"@type":"ListItem","position":5,"name":"Manhattan 166560 Docking Usb, ,,-c 8 Ptos, Hdmi, Usb-c Pd,3xusb-a,carga Inalambrica"}]},{"@type":"WebSite","@id":"https:\/\/compuviper.mx\/tienda\/#website","url":"https:\/\/compuviper.mx\/tienda\/","name":"Compuviper","description":"Proveedor de Computadoras, Laptops, Servidores, Monitores, Puntos de Venta, Teclados,   Impresoras, T\u00f3ner, C\u00e1maras de Seguridad y m\u00e1s en tu tienda en l\u00ednea","publisher":{"@id":"https:\/\/compuviper.mx\/tienda\/#organization"},"potentialAction":[{"@type":"SearchAction","target":{"@type":"EntryPoint","urlTemplate":"https:\/\/compuviper.mx\/tienda\/?s={search_term_string}"},"query-input":"required name=search_term_string"}],"inLanguage":"es-MX"},{"@type":"Organization","@id":"https:\/\/compuviper.mx\/tienda\/#organization","name":"Compuviper","url":"https:\/\/compuviper.mx\/tienda\/","logo":{"@type":"ImageObject","inLanguage":"es-MX","@id":"https:\/\/compuviper.mx\/tienda\/#\/schema\/logo\/image\/","url":"https:\/\/compuviper.mx\/tienda\/wp-content\/uploads\/2021\/08\/Logo-Compuviper-10.png","contentUrl":"https:\/\/compuviper.mx\/tienda\/wp-content\/uploads\/2021\/08\/Logo-Compuviper-10.png","width":1000,"height":500,"caption":"Compuviper"},"image":{"@id":"https:\/\/compuviper.mx\/tienda\/#\/schema\/logo\/image\/"},"sameAs":["https:\/\/www.facebook.com\/compuviper","https:\/\/www.youtube.com\/channel\/UCf73dERp9Y3cfOq7q8BhLjA?view_as=subscriber"]}]},"product_brand":"MANHATTAN","product_price_amount":"987","product_price_currency":"MXN","og_availability":"backorder","product_availability":"available for order","product_retailer_item_id":"166560","product_condition":"new"},"_links":{"self":[{"href":"https:\/\/compuviper.mx\/tienda\/wp-json\/wp\/v2\/product\/235644"}],"collection":[{"href":"https:\/\/compuviper.mx\/tienda\/wp-json\/wp\/v2\/product"}],"about":[{"href":"https:\/\/compuviper.mx\/tienda\/wp-json\/wp\/v2\/types\/product"}],"replies":[{"embeddable":true,"href":"https:\/\/compuviper.mx\/tienda\/wp-json\/wp\/v2\/comments?post=235644"}],"wp:featuredmedia":[{"embeddable":true,"href":"https:\/\/compuviper.mx\/tienda\/wp-json\/wp\/v2\/media\/241922"}],"wp:attachment":[{"href":"https:\/\/compuviper.mx\/tienda\/wp-json\/wp\/v2\/media?parent=235644"}],"wp:term":[{"taxonomy":"product_cat","embeddable":true,"href":"https:\/\/compuviper.mx\/tienda\/wp-json\/wp\/v2\/product_cat?post=235644"},{"taxonomy":"product_tag","embeddable":true,"href":"https:\/\/compuviper.mx\/tienda\/wp-json\/wp\/v2\/product_tag?post=235644"}],"curies":[{"name":"wp","href":"https:\/\/api.w.org\/{rel}","templated":true}]}}