{"id":235616,"date":"2026-04-07T23:53:24","date_gmt":"2026-04-08T05:53:24","guid":{"rendered":"https:\/\/compuviper.mx\/tienda\/producto\/lexmark-70c80k0-toner-laser-color-negro-rendimiento-estandar-hasta-1000-paginas-5-de-cobertura-p-modelos-cs310dn-cs510de\/"},"modified":"2026-04-07T23:53:25","modified_gmt":"2026-04-08T05:53:25","slug":"lexmark-70c80k0-toner-laser-negro-rendimiento-estandar-hasta-1000-paginas-para-cs310dn-cs510de","status":"publish","type":"product","link":"https:\/\/compuviper.mx\/tienda\/producto\/lexmark-70c80k0-toner-laser-negro-rendimiento-estandar-hasta-1000-paginas-para-cs310dn-cs510de\/","title":{"rendered":"Lexmark 70c80k0 Toner Laser   Negro, Rendimiento Estandar Hasta 1000 Paginas, Para Cs310dn, Cs510de"},"content":{"rendered":"<table class=\"descripcion\">\n<tr>\n<td>Tecnologa de impresin<\/td>\n<\/tr>\n<tr>\n<td>Color laser<\/td>\n<\/tr>\n<tr>\n<td>Yield value<\/td>\n<\/tr>\n<tr>\n<td>1000<\/td>\n<\/tr>\n<tr>\n<td>Rendimiento promedio continuo declarado del cartucho negro, en impresin simple lado<\/td>\n<\/tr>\n<tr>\n<td>Hasta 1.000 pginas estndar de acuerdo con iso\/iec 19798.<\/td>\n<\/tr>\n<tr>\n<td>Vida til en almacenaje<\/td>\n<\/tr>\n<tr>\n<td>2 aos<\/td>\n<\/tr>\n<tr>\n<td>Cartuchos de repuesto:<\/td>\n<\/tr>\n<tr>\n<td>Cartridges are designed for use in a specific geographical region. see www.lexmark.com\/regions for more details.<\/td>\n<\/tr>\n<tr>\n<td>Tamao con empaque alto x ancho x profundo en mm<\/td>\n<\/tr>\n<tr>\n<td>72 x 141 x 102 mm<\/td>\n<\/tr>\n<tr>\n<td>Peso con empaque kg<\/td>\n<\/tr>\n<tr>\n<td>0.20 kg<\/td>\n<\/tr>\n<tr>\n<td>Programa de recoleccin de cartuchos de lexmark<\/td>\n<\/tr>\n<tr>\n<td>Yes<\/td>\n<\/tr>\n<\/table>\n","protected":false},"excerpt":{"rendered":"<p>Esencial para el rendimiento del sistema de impresin lexmark. Calidad de imagen consistentemente excelente. Confiabilidad del sistema de larga duracin. Sostenibilidad superior. Innovador sistema de impresin estabilizado. Esencial para el rendimiento del sistema de impresin lexmark, la frmula nica del tner unison\u0099 proporciona una calidad de imagen consistentemente excelente, garantiza la confiabilidad del sistema de impresin de larga duracin y promueve una sostenibilidad superior en un innovador sistema de impresin estabilizado.<\/p>\n","protected":false},"featured_media":235617,"comment_status":"open","ping_status":"open","template":"","meta":[],"product_cat":[1622,1632],"product_tag":[1630],"acf":[],"yoast_head":"<!-- This site is optimized with the Yoast SEO plugin v21.7 - https:\/\/yoast.com\/wordpress\/plugins\/seo\/ -->\n<title>[ Lexmark ] &#129351; 70c80k0 Toner Laser Negro, Rendimiento Estandar Hasta 1000 Paginas, Para Cs310dn, Cs510de<\/title>\n<meta name=\"description\" content=\"Compra 70c80k0 Toner Laser Negro, Rendimiento Estandar Hasta 1000 Paginas, Para Cs310dn, Cs510de + Env\u00edo a domicilio + Pago seguro + Garant\u00eda\" \/>\n<meta name=\"robots\" content=\"index, follow, max-snippet:-1, max-image-preview:large, max-video-preview:-1\" \/>\n<link rel=\"canonical\" href=\"https:\/\/compuviper.mx\/tienda\/producto\/lexmark-70c80k0-toner-laser-negro-rendimiento-estandar-hasta-1000-paginas-para-cs310dn-cs510de\/\" \/>\n<meta property=\"og:locale\" content=\"es_MX\" \/>\n<meta property=\"og:type\" content=\"article\" \/>\n<meta property=\"og:title\" content=\"[ Lexmark ] &#129351; 70c80k0 Toner Laser Negro, Rendimiento Estandar Hasta 1000 Paginas, Para Cs310dn, Cs510de\" \/>\n<meta property=\"og:description\" content=\"Compra 70c80k0 Toner Laser Negro, Rendimiento Estandar Hasta 1000 Paginas, Para Cs310dn, Cs510de + Env\u00edo a domicilio + Pago seguro + Garant\u00eda\" \/>\n<meta property=\"og:url\" content=\"https:\/\/compuviper.mx\/tienda\/producto\/lexmark-70c80k0-toner-laser-negro-rendimiento-estandar-hasta-1000-paginas-para-cs310dn-cs510de\/\" \/>\n<meta property=\"og:site_name\" content=\"Compuviper\" \/>\n<meta property=\"article:publisher\" content=\"https:\/\/www.facebook.com\/compuviper\" \/>\n<meta property=\"article:modified_time\" content=\"2026-04-08T05:53:25+00:00\" \/>\n<meta property=\"og:image\" content=\"https:\/\/compuviper.mx\/tienda\/wp-content\/uploads\/2024\/06\/Toner-laser-lexmark-color-negro-rendimiento-estandar-hasta-1000-paginas-5-de-cobertura-pmodelos-cs310dn-cs510de.jpg\" \/>\n\t<meta property=\"og:image:width\" content=\"200\" \/>\n\t<meta property=\"og:image:height\" content=\"200\" \/>\n\t<meta property=\"og:image:type\" content=\"image\/jpeg\" \/>\n<meta name=\"twitter:card\" content=\"summary_large_image\" \/>\n<meta name=\"twitter:label1\" content=\"Precio\" \/>\n\t<meta name=\"twitter:data1\" content=\"&#36;957 con IVA\" \/>\n\t<meta name=\"twitter:label2\" content=\"Availability\" \/>\n\t<meta name=\"twitter:data2\" content=\"Out of stock\" \/>\n<script type=\"application\/ld+json\" class=\"yoast-schema-graph\">{\"@context\":\"https:\/\/schema.org\",\"@graph\":[{\"@type\":\"WebPage\",\"@id\":\"https:\/\/compuviper.mx\/tienda\/producto\/lexmark-70c80k0-toner-laser-negro-rendimiento-estandar-hasta-1000-paginas-para-cs310dn-cs510de\/\",\"url\":\"https:\/\/compuviper.mx\/tienda\/producto\/lexmark-70c80k0-toner-laser-negro-rendimiento-estandar-hasta-1000-paginas-para-cs310dn-cs510de\/\",\"name\":\"[ Lexmark ] &#129351; 70c80k0 Toner Laser Negro, Rendimiento Estandar Hasta 1000 Paginas, Para Cs310dn, Cs510de\",\"isPartOf\":{\"@id\":\"https:\/\/compuviper.mx\/tienda\/#website\"},\"datePublished\":\"2026-04-08T05:53:24+00:00\",\"dateModified\":\"2026-04-08T05:53:25+00:00\",\"description\":\"Compra 70c80k0 Toner Laser Negro, Rendimiento Estandar Hasta 1000 Paginas, Para Cs310dn, Cs510de + Env\u00edo a domicilio + Pago seguro + Garant\u00eda\",\"breadcrumb\":{\"@id\":\"https:\/\/compuviper.mx\/tienda\/producto\/lexmark-70c80k0-toner-laser-negro-rendimiento-estandar-hasta-1000-paginas-para-cs310dn-cs510de\/#breadcrumb\"},\"inLanguage\":\"es-MX\",\"potentialAction\":[{\"@type\":\"ReadAction\",\"target\":[\"https:\/\/compuviper.mx\/tienda\/producto\/lexmark-70c80k0-toner-laser-negro-rendimiento-estandar-hasta-1000-paginas-para-cs310dn-cs510de\/\"]}]},{\"@type\":\"BreadcrumbList\",\"@id\":\"https:\/\/compuviper.mx\/tienda\/producto\/lexmark-70c80k0-toner-laser-negro-rendimiento-estandar-hasta-1000-paginas-para-cs310dn-cs510de\/#breadcrumb\",\"itemListElement\":[{\"@type\":\"ListItem\",\"position\":1,\"name\":\"Inicio\",\"item\":\"https:\/\/compuviper.mx\/tienda\/\"},{\"@type\":\"ListItem\",\"position\":2,\"name\":\"Productos\",\"item\":\"https:\/\/compuviper.mx\/tienda\/productos\/\"},{\"@type\":\"ListItem\",\"position\":3,\"name\":\"Consumibles\",\"item\":\"https:\/\/compuviper.mx\/tienda\/categoria-producto\/consumibles\/\"},{\"@type\":\"ListItem\",\"position\":4,\"name\":\"Toner\",\"item\":\"https:\/\/compuviper.mx\/tienda\/categoria-producto\/consumibles\/toner\/\"},{\"@type\":\"ListItem\",\"position\":5,\"name\":\"Lexmark 70c80k0 Toner Laser Negro, Rendimiento Estandar Hasta 1000 Paginas, Para Cs310dn, Cs510de\"}]},{\"@type\":\"WebSite\",\"@id\":\"https:\/\/compuviper.mx\/tienda\/#website\",\"url\":\"https:\/\/compuviper.mx\/tienda\/\",\"name\":\"Compuviper\",\"description\":\"Proveedor de Computadoras, Laptops, Servidores, Monitores, Puntos de Venta, Teclados,   Impresoras, T\u00f3ner, C\u00e1maras de Seguridad y m\u00e1s en tu tienda en l\u00ednea\",\"publisher\":{\"@id\":\"https:\/\/compuviper.mx\/tienda\/#organization\"},\"potentialAction\":[{\"@type\":\"SearchAction\",\"target\":{\"@type\":\"EntryPoint\",\"urlTemplate\":\"https:\/\/compuviper.mx\/tienda\/?s={search_term_string}\"},\"query-input\":\"required name=search_term_string\"}],\"inLanguage\":\"es-MX\"},{\"@type\":\"Organization\",\"@id\":\"https:\/\/compuviper.mx\/tienda\/#organization\",\"name\":\"Compuviper\",\"url\":\"https:\/\/compuviper.mx\/tienda\/\",\"logo\":{\"@type\":\"ImageObject\",\"inLanguage\":\"es-MX\",\"@id\":\"https:\/\/compuviper.mx\/tienda\/#\/schema\/logo\/image\/\",\"url\":\"https:\/\/compuviper.mx\/tienda\/wp-content\/uploads\/2021\/08\/Logo-Compuviper-10.png\",\"contentUrl\":\"https:\/\/compuviper.mx\/tienda\/wp-content\/uploads\/2021\/08\/Logo-Compuviper-10.png\",\"width\":1000,\"height\":500,\"caption\":\"Compuviper\"},\"image\":{\"@id\":\"https:\/\/compuviper.mx\/tienda\/#\/schema\/logo\/image\/\"},\"sameAs\":[\"https:\/\/www.facebook.com\/compuviper\",\"https:\/\/www.youtube.com\/channel\/UCf73dERp9Y3cfOq7q8BhLjA?view_as=subscriber\"]}]}<\/script>\n<meta property=\"product:brand\" content=\"LEXMARK\" \/>\n<meta property=\"product:price:amount\" content=\"957\" \/>\n<meta property=\"product:price:currency\" content=\"MXN\" \/>\n<meta property=\"og:availability\" content=\"out of stock\" \/>\n<meta property=\"product:availability\" content=\"out of stock\" \/>\n<meta property=\"product:retailer_item_id\" content=\"70C80K0\" \/>\n<meta property=\"product:condition\" content=\"new\" \/>\n<!-- \/ Yoast SEO plugin. -->","yoast_head_json":{"title":"[ Lexmark ] &#129351; 70c80k0 Toner Laser Negro, Rendimiento Estandar Hasta 1000 Paginas, Para Cs310dn, Cs510de","description":"Compra 70c80k0 Toner Laser Negro, Rendimiento Estandar Hasta 1000 Paginas, Para Cs310dn, Cs510de + Env\u00edo a domicilio + Pago seguro + Garant\u00eda","robots":{"index":"index","follow":"follow","max-snippet":"max-snippet:-1","max-image-preview":"max-image-preview:large","max-video-preview":"max-video-preview:-1"},"canonical":"https:\/\/compuviper.mx\/tienda\/producto\/lexmark-70c80k0-toner-laser-negro-rendimiento-estandar-hasta-1000-paginas-para-cs310dn-cs510de\/","og_locale":"es_MX","og_type":"article","og_title":"[ Lexmark ] &#129351; 70c80k0 Toner Laser Negro, Rendimiento Estandar Hasta 1000 Paginas, Para Cs310dn, Cs510de","og_description":"Compra 70c80k0 Toner Laser Negro, Rendimiento Estandar Hasta 1000 Paginas, Para Cs310dn, Cs510de + Env\u00edo a domicilio + Pago seguro + Garant\u00eda","og_url":"https:\/\/compuviper.mx\/tienda\/producto\/lexmark-70c80k0-toner-laser-negro-rendimiento-estandar-hasta-1000-paginas-para-cs310dn-cs510de\/","og_site_name":"Compuviper","article_publisher":"https:\/\/www.facebook.com\/compuviper","article_modified_time":"2026-04-08T05:53:25+00:00","og_image":[{"width":200,"height":200,"url":"https:\/\/compuviper.mx\/tienda\/wp-content\/uploads\/2024\/06\/Toner-laser-lexmark-color-negro-rendimiento-estandar-hasta-1000-paginas-5-de-cobertura-pmodelos-cs310dn-cs510de.jpg","type":"image\/jpeg"}],"twitter_card":"summary_large_image","twitter_misc":{"Precio":"&#36;957 con IVA","Availability":"Out of stock"},"schema":{"@context":"https:\/\/schema.org","@graph":[{"@type":"WebPage","@id":"https:\/\/compuviper.mx\/tienda\/producto\/lexmark-70c80k0-toner-laser-negro-rendimiento-estandar-hasta-1000-paginas-para-cs310dn-cs510de\/","url":"https:\/\/compuviper.mx\/tienda\/producto\/lexmark-70c80k0-toner-laser-negro-rendimiento-estandar-hasta-1000-paginas-para-cs310dn-cs510de\/","name":"[ Lexmark ] &#129351; 70c80k0 Toner Laser Negro, Rendimiento Estandar Hasta 1000 Paginas, Para Cs310dn, Cs510de","isPartOf":{"@id":"https:\/\/compuviper.mx\/tienda\/#website"},"datePublished":"2026-04-08T05:53:24+00:00","dateModified":"2026-04-08T05:53:25+00:00","description":"Compra 70c80k0 Toner Laser Negro, Rendimiento Estandar Hasta 1000 Paginas, Para Cs310dn, Cs510de + Env\u00edo a domicilio + Pago seguro + Garant\u00eda","breadcrumb":{"@id":"https:\/\/compuviper.mx\/tienda\/producto\/lexmark-70c80k0-toner-laser-negro-rendimiento-estandar-hasta-1000-paginas-para-cs310dn-cs510de\/#breadcrumb"},"inLanguage":"es-MX","potentialAction":[{"@type":"ReadAction","target":["https:\/\/compuviper.mx\/tienda\/producto\/lexmark-70c80k0-toner-laser-negro-rendimiento-estandar-hasta-1000-paginas-para-cs310dn-cs510de\/"]}]},{"@type":"BreadcrumbList","@id":"https:\/\/compuviper.mx\/tienda\/producto\/lexmark-70c80k0-toner-laser-negro-rendimiento-estandar-hasta-1000-paginas-para-cs310dn-cs510de\/#breadcrumb","itemListElement":[{"@type":"ListItem","position":1,"name":"Inicio","item":"https:\/\/compuviper.mx\/tienda\/"},{"@type":"ListItem","position":2,"name":"Productos","item":"https:\/\/compuviper.mx\/tienda\/productos\/"},{"@type":"ListItem","position":3,"name":"Consumibles","item":"https:\/\/compuviper.mx\/tienda\/categoria-producto\/consumibles\/"},{"@type":"ListItem","position":4,"name":"Toner","item":"https:\/\/compuviper.mx\/tienda\/categoria-producto\/consumibles\/toner\/"},{"@type":"ListItem","position":5,"name":"Lexmark 70c80k0 Toner Laser Negro, Rendimiento Estandar Hasta 1000 Paginas, Para Cs310dn, Cs510de"}]},{"@type":"WebSite","@id":"https:\/\/compuviper.mx\/tienda\/#website","url":"https:\/\/compuviper.mx\/tienda\/","name":"Compuviper","description":"Proveedor de Computadoras, Laptops, Servidores, Monitores, Puntos de Venta, Teclados,   Impresoras, T\u00f3ner, C\u00e1maras de Seguridad y m\u00e1s en tu tienda en l\u00ednea","publisher":{"@id":"https:\/\/compuviper.mx\/tienda\/#organization"},"potentialAction":[{"@type":"SearchAction","target":{"@type":"EntryPoint","urlTemplate":"https:\/\/compuviper.mx\/tienda\/?s={search_term_string}"},"query-input":"required name=search_term_string"}],"inLanguage":"es-MX"},{"@type":"Organization","@id":"https:\/\/compuviper.mx\/tienda\/#organization","name":"Compuviper","url":"https:\/\/compuviper.mx\/tienda\/","logo":{"@type":"ImageObject","inLanguage":"es-MX","@id":"https:\/\/compuviper.mx\/tienda\/#\/schema\/logo\/image\/","url":"https:\/\/compuviper.mx\/tienda\/wp-content\/uploads\/2021\/08\/Logo-Compuviper-10.png","contentUrl":"https:\/\/compuviper.mx\/tienda\/wp-content\/uploads\/2021\/08\/Logo-Compuviper-10.png","width":1000,"height":500,"caption":"Compuviper"},"image":{"@id":"https:\/\/compuviper.mx\/tienda\/#\/schema\/logo\/image\/"},"sameAs":["https:\/\/www.facebook.com\/compuviper","https:\/\/www.youtube.com\/channel\/UCf73dERp9Y3cfOq7q8BhLjA?view_as=subscriber"]}]},"product_brand":"LEXMARK","product_price_amount":"957","product_price_currency":"MXN","og_availability":"out of stock","product_availability":"out of stock","product_retailer_item_id":"70C80K0","product_condition":"new"},"_links":{"self":[{"href":"https:\/\/compuviper.mx\/tienda\/wp-json\/wp\/v2\/product\/235616"}],"collection":[{"href":"https:\/\/compuviper.mx\/tienda\/wp-json\/wp\/v2\/product"}],"about":[{"href":"https:\/\/compuviper.mx\/tienda\/wp-json\/wp\/v2\/types\/product"}],"replies":[{"embeddable":true,"href":"https:\/\/compuviper.mx\/tienda\/wp-json\/wp\/v2\/comments?post=235616"}],"wp:featuredmedia":[{"embeddable":true,"href":"https:\/\/compuviper.mx\/tienda\/wp-json\/wp\/v2\/media\/235617"}],"wp:attachment":[{"href":"https:\/\/compuviper.mx\/tienda\/wp-json\/wp\/v2\/media?parent=235616"}],"wp:term":[{"taxonomy":"product_cat","embeddable":true,"href":"https:\/\/compuviper.mx\/tienda\/wp-json\/wp\/v2\/product_cat?post=235616"},{"taxonomy":"product_tag","embeddable":true,"href":"https:\/\/compuviper.mx\/tienda\/wp-json\/wp\/v2\/product_tag?post=235616"}],"curies":[{"name":"wp","href":"https:\/\/api.w.org\/{rel}","templated":true}]}}