{"id":235602,"date":"2026-04-18T01:07:09","date_gmt":"2026-04-18T07:07:09","guid":{"rendered":"https:\/\/compuviper.mx\/tienda\/producto\/intellinet-561167-poe-switch-webadmin-gb-8-ptos-30w-pto-140w-2-sfp-ports\/"},"modified":"2026-04-18T01:07:09","modified_gmt":"2026-04-18T07:07:09","slug":"intellinet-561167-poe-switch-webadmin-gb-8-ptos-30w-pto-140w-2-sfp-ports","status":"publish","type":"product","link":"https:\/\/compuviper.mx\/tienda\/producto\/intellinet-561167-poe-switch-webadmin-gb-8-ptos-30w-pto-140w-2-sfp-ports\/","title":{"rendered":"Intellinet 561167 Poe Switch ,,,webadmin Gb  8 Ptos 30w\/pto, 140w, 2 Sfp Ports"},"content":{"rendered":"<table class=\"descripcion\">\n<tr>\n<td>Est\u00e1ndares<\/td>\n<\/tr>\n<tr>\n<td>Ieee 802.1d (protocolo spanning tree)<\/td>\n<\/tr>\n<tr>\n<td>Ieee 802.1p (priorizaci\u00f3n de tr\u00e1fico)<\/td>\n<\/tr>\n<tr>\n<td>Ieee 802.1q (marcado vlan)<\/td>\n<\/tr>\n<tr>\n<td>Ieee 802.1s (multiple spanning tree protocol)<\/td>\n<\/tr>\n<tr>\n<td>Ieee 802.1w (protocolo rapid spanning tree)<\/td>\n<\/tr>\n<tr>\n<td>Ieee 802.3ad (agregaci\u00f3n de enlaces)<\/td>\n<\/tr>\n<tr>\n<td>Ieee 802.3 (10base-t ethernet)<\/td>\n<\/tr>\n<tr>\n<td>Ieee 802.3ab (gigabit ethernet en par trenzado)<\/td>\n<\/tr>\n<tr>\n<td>Ieee 802.3ad (link aggregation control protocol lacp)<\/td>\n<\/tr>\n<tr>\n<td>Ieee 802.3af (power over ethernet 802.3at tipo 1)<\/td>\n<\/tr>\n<tr>\n<td>Ieee 802.3at (power over ethernet 802.3at tipo 2)<\/td>\n<\/tr>\n<tr>\n<td>Ieee 802.3az (energy efficient ethernet eee)<\/td>\n<\/tr>\n<tr>\n<td>Ieee 802.3u (100base-tx fast ethernet)<\/td>\n<\/tr>\n<tr>\n<td>Ieee 802.3x (control de flujo, para un modo d\u00faplex completo)<\/td>\n<\/tr>\n<tr>\n<td>General<\/td>\n<\/tr>\n<tr>\n<td>Puertos<\/td>\n<\/tr>\n<tr>\n<td>&#8211; ocho puertos rj45 10\/100\/1000 mbps<\/td>\n<\/tr>\n<tr>\n<td>&#8211; dos ranuras sfp gigabit<\/td>\n<\/tr>\n<tr>\n<td>&#8211; un puerto de consola<\/td>\n<\/tr>\n<tr>\n<td>Tabla de direcciones mac: 8192 entradas<\/td>\n<\/tr>\n<tr>\n<td>Memoria b\u00fafer: 512 kbytes<\/td>\n<\/tr>\n<tr>\n<td>Velocidad de backplane: 20 gbps<\/td>\n<\/tr>\n<tr>\n<td>Arquitectura del switch: almacenamiento y env\u00edo<\/td>\n<\/tr>\n<tr>\n<td>Tasa m\u00e1xima de paquetes: 14.88 mbps<\/td>\n<\/tr>\n<tr>\n<td>Mtbf: 259,692 horas<\/td>\n<\/tr>\n<tr>\n<td>Refrigeraci\u00f3n<\/td>\n<\/tr>\n<tr>\n<td>&#8211; un ventilador<\/td>\n<\/tr>\n<tr>\n<td>&#8211; nivel de ruido: 23.5 db(a) (max.)<\/td>\n<\/tr>\n<tr>\n<td>Opciones inteligentes de configuraci\u00f3n<\/td>\n<\/tr>\n<tr>\n<td>&#8211; autenticaci\u00f3n 802.1x<\/td>\n<\/tr>\n<tr>\n<td>&#8211; lista de control de acceso acl<\/td>\n<\/tr>\n<tr>\n<td>&#8211; configuraci\u00f3n de tormenta de transmisi\u00f3n, con tasa de transmisi\u00f3n, tasa de multidifusi\u00f3n, y tasa de unidifusi\u00f3n<\/td>\n<\/tr>\n<tr>\n<td>&#8211; diagn\u00f3stico de cable<\/td>\n<\/tr>\n<tr>\n<td>&#8211; repetidor dhcp con opci\u00f3n82<\/td>\n<\/tr>\n<tr>\n<td>&#8211; snoopingigmp a trav\u00e9s de l\u00ednea de comandos<\/td>\n<\/tr>\n<tr>\n<td>&#8211; velocidad de enlace del puerto: 10 mbps, 100 mbps, 1000 mbps o auto-negociaci\u00f3n<\/td>\n<\/tr>\n<tr>\n<td>&#8211; encendido\/apagado de control de flujo por puerto<\/td>\n<\/tr>\n<tr>\n<td>&#8211; par\u00e1metros de lan (direcci\u00f3n ip, dhcp, gateway, etc.)<\/td>\n<\/tr>\n<tr>\n<td>&#8211; administraci\u00f3n de direcciones mac, aprendizaje y antig\u00fcedad<\/td>\n<\/tr>\n<tr>\n<td>&#8211; utilidad ping<\/td>\n<\/tr>\n<tr>\n<td>&#8211; duplicaci\u00f3n de puertos, uno a uno o varios a uno<\/td>\n<\/tr>\n<tr>\n<td>&#8211; agregaci\u00f3n de puertos\/lacp: 8 grupos<\/td>\n<\/tr>\n<tr>\n<td>&#8211; calidad de servicio (qos)<\/td>\n<\/tr>\n<tr>\n<td>&#8211; link layer discovery protocol (lldp) &#8211; descubrimiento de conectividad de control de acceso a estaciones y medios<\/td>\n<\/tr>\n<tr>\n<td>&#8211; servidor de radio a trav\u00e9s de l\u00edneas de comando<\/td>\n<\/tr>\n<tr>\n<td>&#8211; limitaci\u00f3n de la velocidad (velocidad de entrada y salida)<\/td>\n<\/tr>\n<tr>\n<td>&#8211; grupos rmon (estad\u00edstica, historia, alarma y eventos)<\/td>\n<\/tr>\n<tr>\n<td>&#8211; snmpv1\/v2c\/v3 (protocolo simple de administraci\u00f3n de red)<\/td>\n<\/tr>\n<tr>\n<td>&#8211; \u00e1rbol de expansi\u00f3n (stp, rstp, mstp)<\/td>\n<\/tr>\n<tr>\n<td>&#8211; tacas+ a trav\u00e9s de l\u00edneas de comando<\/td>\n<\/tr>\n<tr>\n<td>&#8211; utilidad tracert<\/td>\n<\/tr>\n<tr>\n<td>&#8211; vlan<\/td>\n<\/tr>\n<tr>\n<td>Funciones de administraci\u00f3n de poe<\/td>\n<\/tr>\n<tr>\n<td>&#8211; encendido y apagado de poe por puerto<\/td>\n<\/tr>\n<tr>\n<td>&#8211; modo soportado de poe por puerto: af y at \/ solo af<\/td>\n<\/tr>\n<tr>\n<td>&#8211; energ\u00eda m\u00e1xima por puerto<\/td>\n<\/tr>\n<tr>\n<td>&#8211; prioridad de poe por puerto: baja, media o alta<\/td>\n<\/tr>\n<tr>\n<td>&#8211; alarma de notificaci\u00f3n de poe a trav\u00e9s de snmp<\/td>\n<\/tr>\n<tr>\n<td>&#8211; configuraci\u00f3n de retraso de arranque de poe por puerto<\/td>\n<\/tr>\n<tr>\n<td>&#8211; configuraci\u00f3n detiempo de reinicio de poe por puerto<\/td>\n<\/tr>\n<tr>\n<td>&#8211; monitoreo de estado de poe<\/td>\n<\/tr>\n<tr>\n<td>Configuraci\u00f3n de los pines en puertos rj45 (datos + energ\u00eda)<\/td>\n<\/tr>\n<tr>\n<td>&#8211; ieee alternativa a<\/td>\n<\/tr>\n<tr>\n<td>&#8211; pin 1: rx+ (recibe datos) + retorno de corriente continua (+) (alimentaci\u00f3n de energ\u00eda [+])<\/td>\n<\/tr>\n<tr>\n<td>&#8211; pin 2: rx- (recibe datos) + retorno de corriente continua (+) (alimentaci\u00f3n de energ\u00eda [+])<\/td>\n<\/tr>\n<tr>\n<td>&#8211; pin 3: tx+ (transmisi\u00f3n de datos) + vdc (alimentaci\u00f3n de energ\u00eda [-])<\/td>\n<\/tr>\n<tr>\n<td>&#8211; pin 6: tx- (transmisi\u00f3n de datos) + vdc (alimentaci\u00f3n de energ\u00eda [-])<\/td>\n<\/tr>\n<tr>\n<td>Certificatioens: fcc clase a, ce<\/td>\n<\/tr>\n<tr>\n<td>Leds<\/td>\n<\/tr>\n<tr>\n<td>Poe<\/td>\n<\/tr>\n<tr>\n<td>Encendido<\/td>\n<\/tr>\n<tr>\n<td>Enlace\/actividad<\/td>\n<\/tr>\n<tr>\n<td>Energ\u00eda<\/td>\n<\/tr>\n<tr>\n<td>Entrada: 100 \u0096 240 vac, 50 \u0096 60 hz<\/td>\n<\/tr>\n<tr>\n<td>Consumo de energ\u00eda: 163.2 watts (m\u00e1ximo)<\/td>\n<\/tr>\n<tr>\n<td>Caracter\u00edsticas y ambiente de operaci\u00f3n<\/td>\n<\/tr>\n<tr>\n<td>Chasis met\u00e1lico<\/td>\n<\/tr>\n<tr>\n<td>Dimensiones: 280 (w) x 180 (l) x 44 (h) [mm] \/ 11.02 (w) x 7.09 (l) x 1.73 (h) [in.]<\/td>\n<\/tr>\n<tr>\n<td>Peso: 1.6 kg<\/td>\n<\/tr>\n<tr>\n<td>Temperatura de operaci\u00f3n: 0\u00b0 c \u0096 45\u00b0 c<\/td>\n<\/tr>\n<tr>\n<td>Humedad de operaci\u00f3n: 10 \u0096 90% rh, non-condensing<\/td>\n<\/tr>\n<tr>\n<td>Temperatura de almacenamiento: -10 \u0096 70\u00b0c (-4 \u0096 158\u00b0f)<\/td>\n<\/tr>\n<tr>\n<td>Contenido del paquete<\/td>\n<\/tr>\n<tr>\n<td>Switch administrable gigabit ethernet de 8 puertos poe+ con 2 puertos sfp<\/td>\n<\/tr>\n<tr>\n<td>Soportes para montaje en rack de 19<\/td>\n<\/tr>\n<tr>\n<td>Cable de alimentaci\u00f3n<\/td>\n<\/tr>\n<tr>\n<td>Instrucciones<\/td>\n<\/tr>\n<\/table>\n","protected":false},"excerpt":{"rendered":"<p>Ahorra en tiempo y costos de instalaci\u00f3n con poe. El switch administrable de 8 puertos gigabit ethernet poe+ con 2 puertos sfp de intellinet (561341) est\u00e1 dise\u00f1ado para transmitir tanto datos como energ\u00eda el\u00e9ctrica a dispositivos compatibles con poe a trav\u00e9s de cables de red cat5e o cat6. Equipado con ocho puertos gigabit ethernet, todos con soporte power over ethernet 802.3at\/af (poe\/poe+), este switch puede alimentar access points y puentes inal\u00e1mbricos, tel\u00e9fonos voip, c\u00e1maras de vigilancia ip y m\u00e1s mientras entrega velocidades de hasta 1,000 mbps. Power over ethernet 802.3at. El switch administrable de 8 puertos gigabit ethernet poe+ con 2 puertos sfp de intellinet soporta el protocolo ieee 802.3at y est\u00e1 dise\u00f1ado para inyectar hasta 30 watts de energ\u00eda por puert0*. Los dispositivos compatibles con ieee802.3af o ieee802.3at conectados al switch no requieren energ\u00eda adicional, eliminando as\u00ed el tiempo y el gasto de cableado el\u00e9ctrico, disminuyendo el desorden provocado por suministros de energ\u00eda y adaptadores en lugares inc\u00f3modos como techos y paredes. Cualquier mezcla de dispositivos poe y no poe es soportada, y gracias a sus funciones de protecci\u00f3n contra cortocircuitos, sobrecargas y alto voltaje, tu equipo estr\u00e1 bien protegido. Para dispositivos que no son compatibles con 802.3at\/af (modelos pasados de access points o c\u00e1maras de red), sugerimos el uso de un splitter poe\/poe+ de intellinet. Administrable por web. Este switch poe est\u00e1 equipado con una impresionante variedad de funciones avanzadas de administraci\u00f3n que te permitir\u00e1n tener control total sobre tu red. El switch administrable de 8 puertos gigabit ethernet poe+ soporta vlan, agregaci\u00f3n de puertos, qos y duplicaci\u00f3n, y soporta snmp v1 y el popular v2c, para nombrar algunas de sus caracter\u00edsticas. Administraci\u00f3n poe. El el switch administrable de 8 puertos gigabit ethernet poe+ brinda extensas funciones en la administraci\u00f3n de poe. La funci\u00f3n de tiempo de retraso por puerto reduce el aumento de consumo de energ\u00eda que usualmente pasa en cuanto arranca el equipo, y la funci\u00f3n de prioridad poe (baja, media, alta) que permite definir la misi\u00f3n cr\u00edtica, puertos de alta prioridad que continuar\u00e1n recibiendo energ\u00eda a\u00fan cuando el presupuesto de energ\u00eda del switch haya sido excedido. Adem\u00e1s, puedes definir la cantidad de energ\u00eda disponible para cada puerto, encender y apagar la funci\u00f3n poe por puerto y monitorear la corriente de energ\u00eda de todos los dispositivos conectados. Finalmente, el switch intellinet puede enviar mensajes snmp para alertar al administrador que la energ\u00eda total excede el valor definido para usuarios. Elimina cuellos de botella con 10 puertos gigabit. Equipado con 8 puertos rj45 autosensitivos gigabit ethernet 10\/100\/1000 mbps, este switch ofrece un alto rendimiento para tus computadoras, servidores y otros dispositivos de red. Adicionalmente, dos ranuras para m\u00f3dulos sfp brindan conectividad a fibra para distancias m\u00e1s largas. Estos no son puertos combo compartido como los puertos gigabit, llevando el ancho de banda disponible a 20 g.Bps. *el presupuesto poe total para este switch ser\u00e1 de 140 watts. La distribuci\u00f3n de energ\u00eda promedio es de 17.5 watts; el m\u00e1ximo de energ\u00eda usada por puerto no podr\u00e1 exceder los 30 watts. Proporciona alimentaci\u00f3n y conmutaci\u00f3n de datos hasta para ocho dispositivos poe. Ahorre tiempo y dinero al enviar datos y alimentaci\u00f3n sobre el mismo cable de red. Compatible con domotz para la gesti\u00f3n de la nube (puede requerir una actualizaci\u00f3n de firmware. Para su uso en escritorio o montado en rack est\u00e1ndar de 19. Puertos 10\/100\/1000 autosentitivos que autom\u00e1ticamente detectan las velocidades \u00f3ptimas de la red. Dos ranuras para modulos sfp. Puertos de salida rj45 que cumplen con los est\u00e1ndares ieee 802.3at y af, poe y poe. Potencia de salida de hasta 30 watts por puerto. Presupuesto de energ\u00eda poe de 140 watts. Protecci\u00f3n poe a sobre voltaje (4 kv) para todos los puertos rj45. Conmutaci\u00f3n de 20 gbps. Soporta dispositivos compatibles con ieee 802.3at e ieee 802.3af (access points inal\u00e1mbricos, tel\u00e9fonos voip, c\u00e1maras ip, etc.. La tecnolog\u00eda de ahorro de energ\u00eda green ethernet desactiva el consumo de energ\u00eda en los puertos no utilizados, y ajusta lo niveles de energ\u00eda dependiendo del largo del cable. Cumple con la especificaci\u00f3n ieee 802.3az (ethernet de eficiencia de energ\u00eda, eee. El protocolo ieee802.3az (ethernet de eficiencis de energ\u00eda) puede ser desactivado. Soporta detecci\u00f3n de protocolo ieee 802.3at\/af, cortocircuitos, sobrecarga y protecci\u00f3n de alto voltaje. Todos los puertos rj45 cuentan con soporte mdi-mdix (uplink- autom\u00e1tico. Configuraci\u00f3n a traves de explorador web, telnet o ssh. Reinicio a distancia. Soporta administraci\u00f3n snmp. Soporta administraci\u00f3n snmp. La funci\u00f3n powered device monitor (pdm) reinicia cualquier dispositivo poe conectado que no responda o env\u00ede tr\u00e1fico de red. Administraci\u00f3n poe &#8211; configuraci\u00f3n de puertos poe, prioridad y retraso de encendido. Igmp para filtrado de multicast. Snmp v1, v2c, v3 con grupos rmon 1, 2, 3  and  9. Soporta vlan (basada en etiquetas y en puertos. Soporta incorporaci\u00f3n de enlaces (trunking. Soporta duplicaci\u00f3n de puertos. Servidor vpn (pptp) que soporta hasta cinco conexiones simult\u00e1neas. Control de tormentas de broadcast con ajuste de tasa de transmisi\u00f3n para paquetes de multicast. Arquitectura de almacenamiento y conmutaci\u00f3n. Soporta tramas jumbo de hasta 9 kbytes. Soporta rapid spanning tree (rstp) \/ spanning tree. Control de flujo para modo full d\u00faplex, ieee 802.3x. Soporta 8k entradas de direcciones mac. Memoria b\u00fafer de 512 kbytes. Ventilador de alta eficiencia que proporciona un enfriamiento silencioso y confiable. Gabinete met\u00e1lico, de escritorio. Totalmente compatible con la ndaa. Incluye soportes para montaje en rack de 19<\/p>\n","protected":false},"featured_media":235603,"comment_status":"open","ping_status":"open","template":"","meta":[],"product_cat":[1563,1564],"product_tag":[1489],"acf":[],"yoast_head":"<!-- This site is optimized with the Yoast SEO plugin v21.7 - https:\/\/yoast.com\/wordpress\/plugins\/seo\/ -->\n<title>[ Intellinet ] &#129351; 561167 Poe Switch ,,,webadmin Gb 8 Ptos 30w\/pto, 140w, 2 Sfp Ports<\/title>\n<meta name=\"description\" content=\"Compra 561167 Poe Switch ,,,webadmin Gb 8 Ptos 30w\/pto, 140w, 2 Sfp Ports + Env\u00edo a domicilio + Pago seguro + Garant\u00eda\" \/>\n<meta name=\"robots\" content=\"index, follow, max-snippet:-1, max-image-preview:large, max-video-preview:-1\" \/>\n<link rel=\"canonical\" href=\"https:\/\/compuviper.mx\/tienda\/producto\/intellinet-561167-poe-switch-webadmin-gb-8-ptos-30w-pto-140w-2-sfp-ports\/\" \/>\n<meta property=\"og:locale\" content=\"es_MX\" \/>\n<meta property=\"og:type\" content=\"article\" \/>\n<meta property=\"og:title\" content=\"[ Intellinet ] &#129351; 561167 Poe Switch ,,,webadmin Gb 8 Ptos 30w\/pto, 140w, 2 Sfp Ports\" \/>\n<meta property=\"og:description\" content=\"Compra 561167 Poe Switch ,,,webadmin Gb 8 Ptos 30w\/pto, 140w, 2 Sfp Ports + Env\u00edo a domicilio + Pago seguro + Garant\u00eda\" \/>\n<meta property=\"og:url\" content=\"https:\/\/compuviper.mx\/tienda\/producto\/intellinet-561167-poe-switch-webadmin-gb-8-ptos-30w-pto-140w-2-sfp-ports\/\" \/>\n<meta property=\"og:site_name\" content=\"Compuviper\" \/>\n<meta property=\"article:publisher\" content=\"https:\/\/www.facebook.com\/compuviper\" \/>\n<meta property=\"og:image\" content=\"https:\/\/compuviper.mx\/tienda\/wp-content\/uploads\/2024\/06\/Poe-switch-intellinet561167webadmin-gb-8-ptos-30wpto-140w-2-sfp-ports.jpg\" \/>\n\t<meta property=\"og:image:width\" content=\"200\" \/>\n\t<meta property=\"og:image:height\" content=\"200\" \/>\n\t<meta property=\"og:image:type\" content=\"image\/jpeg\" \/>\n<meta name=\"twitter:card\" content=\"summary_large_image\" \/>\n<meta name=\"twitter:label1\" content=\"Precio\" \/>\n\t<meta name=\"twitter:data1\" content=\"&#36;3,089 con IVA\" \/>\n\t<meta name=\"twitter:label2\" content=\"Availability\" \/>\n\t<meta name=\"twitter:data2\" content=\"Out of stock\" \/>\n<script type=\"application\/ld+json\" class=\"yoast-schema-graph\">{\"@context\":\"https:\/\/schema.org\",\"@graph\":[{\"@type\":\"WebPage\",\"@id\":\"https:\/\/compuviper.mx\/tienda\/producto\/intellinet-561167-poe-switch-webadmin-gb-8-ptos-30w-pto-140w-2-sfp-ports\/\",\"url\":\"https:\/\/compuviper.mx\/tienda\/producto\/intellinet-561167-poe-switch-webadmin-gb-8-ptos-30w-pto-140w-2-sfp-ports\/\",\"name\":\"[ Intellinet ] &#129351; 561167 Poe Switch ,,,webadmin Gb 8 Ptos 30w\/pto, 140w, 2 Sfp Ports\",\"isPartOf\":{\"@id\":\"https:\/\/compuviper.mx\/tienda\/#website\"},\"datePublished\":\"2026-04-18T07:07:09+00:00\",\"dateModified\":\"2026-04-18T07:07:09+00:00\",\"description\":\"Compra 561167 Poe Switch ,,,webadmin Gb 8 Ptos 30w\/pto, 140w, 2 Sfp Ports + Env\u00edo a domicilio + Pago seguro + Garant\u00eda\",\"breadcrumb\":{\"@id\":\"https:\/\/compuviper.mx\/tienda\/producto\/intellinet-561167-poe-switch-webadmin-gb-8-ptos-30w-pto-140w-2-sfp-ports\/#breadcrumb\"},\"inLanguage\":\"es-MX\",\"potentialAction\":[{\"@type\":\"ReadAction\",\"target\":[\"https:\/\/compuviper.mx\/tienda\/producto\/intellinet-561167-poe-switch-webadmin-gb-8-ptos-30w-pto-140w-2-sfp-ports\/\"]}]},{\"@type\":\"BreadcrumbList\",\"@id\":\"https:\/\/compuviper.mx\/tienda\/producto\/intellinet-561167-poe-switch-webadmin-gb-8-ptos-30w-pto-140w-2-sfp-ports\/#breadcrumb\",\"itemListElement\":[{\"@type\":\"ListItem\",\"position\":1,\"name\":\"Inicio\",\"item\":\"https:\/\/compuviper.mx\/tienda\/\"},{\"@type\":\"ListItem\",\"position\":2,\"name\":\"Productos\",\"item\":\"https:\/\/compuviper.mx\/tienda\/productos\/\"},{\"@type\":\"ListItem\",\"position\":3,\"name\":\"Redes\",\"item\":\"https:\/\/compuviper.mx\/tienda\/categoria-producto\/redes\/\"},{\"@type\":\"ListItem\",\"position\":4,\"name\":\"Switch\",\"item\":\"https:\/\/compuviper.mx\/tienda\/categoria-producto\/redes\/switch\/\"},{\"@type\":\"ListItem\",\"position\":5,\"name\":\"Intellinet 561167 Poe Switch ,,,webadmin Gb 8 Ptos 30w\/pto, 140w, 2 Sfp Ports\"}]},{\"@type\":\"WebSite\",\"@id\":\"https:\/\/compuviper.mx\/tienda\/#website\",\"url\":\"https:\/\/compuviper.mx\/tienda\/\",\"name\":\"Compuviper\",\"description\":\"Proveedor de Computadoras, Laptops, Servidores, Monitores, Puntos de Venta, Teclados,   Impresoras, T\u00f3ner, C\u00e1maras de Seguridad y m\u00e1s en tu tienda en l\u00ednea\",\"publisher\":{\"@id\":\"https:\/\/compuviper.mx\/tienda\/#organization\"},\"potentialAction\":[{\"@type\":\"SearchAction\",\"target\":{\"@type\":\"EntryPoint\",\"urlTemplate\":\"https:\/\/compuviper.mx\/tienda\/?s={search_term_string}\"},\"query-input\":\"required name=search_term_string\"}],\"inLanguage\":\"es-MX\"},{\"@type\":\"Organization\",\"@id\":\"https:\/\/compuviper.mx\/tienda\/#organization\",\"name\":\"Compuviper\",\"url\":\"https:\/\/compuviper.mx\/tienda\/\",\"logo\":{\"@type\":\"ImageObject\",\"inLanguage\":\"es-MX\",\"@id\":\"https:\/\/compuviper.mx\/tienda\/#\/schema\/logo\/image\/\",\"url\":\"https:\/\/compuviper.mx\/tienda\/wp-content\/uploads\/2021\/08\/Logo-Compuviper-10.png\",\"contentUrl\":\"https:\/\/compuviper.mx\/tienda\/wp-content\/uploads\/2021\/08\/Logo-Compuviper-10.png\",\"width\":1000,\"height\":500,\"caption\":\"Compuviper\"},\"image\":{\"@id\":\"https:\/\/compuviper.mx\/tienda\/#\/schema\/logo\/image\/\"},\"sameAs\":[\"https:\/\/www.facebook.com\/compuviper\",\"https:\/\/www.youtube.com\/channel\/UCf73dERp9Y3cfOq7q8BhLjA?view_as=subscriber\"]}]}<\/script>\n<meta property=\"product:brand\" content=\"INTELLINET\" \/>\n<meta property=\"product:price:amount\" content=\"3089\" \/>\n<meta property=\"product:price:currency\" content=\"MXN\" \/>\n<meta property=\"og:availability\" content=\"out of stock\" \/>\n<meta property=\"product:availability\" content=\"out of stock\" \/>\n<meta property=\"product:retailer_item_id\" content=\"561167\" \/>\n<meta property=\"product:condition\" content=\"new\" \/>\n<!-- \/ Yoast SEO plugin. -->","yoast_head_json":{"title":"[ Intellinet ] &#129351; 561167 Poe Switch ,,,webadmin Gb 8 Ptos 30w\/pto, 140w, 2 Sfp Ports","description":"Compra 561167 Poe Switch ,,,webadmin Gb 8 Ptos 30w\/pto, 140w, 2 Sfp Ports + Env\u00edo a domicilio + Pago seguro + Garant\u00eda","robots":{"index":"index","follow":"follow","max-snippet":"max-snippet:-1","max-image-preview":"max-image-preview:large","max-video-preview":"max-video-preview:-1"},"canonical":"https:\/\/compuviper.mx\/tienda\/producto\/intellinet-561167-poe-switch-webadmin-gb-8-ptos-30w-pto-140w-2-sfp-ports\/","og_locale":"es_MX","og_type":"article","og_title":"[ Intellinet ] &#129351; 561167 Poe Switch ,,,webadmin Gb 8 Ptos 30w\/pto, 140w, 2 Sfp Ports","og_description":"Compra 561167 Poe Switch ,,,webadmin Gb 8 Ptos 30w\/pto, 140w, 2 Sfp Ports + Env\u00edo a domicilio + Pago seguro + Garant\u00eda","og_url":"https:\/\/compuviper.mx\/tienda\/producto\/intellinet-561167-poe-switch-webadmin-gb-8-ptos-30w-pto-140w-2-sfp-ports\/","og_site_name":"Compuviper","article_publisher":"https:\/\/www.facebook.com\/compuviper","og_image":[{"width":200,"height":200,"url":"https:\/\/compuviper.mx\/tienda\/wp-content\/uploads\/2024\/06\/Poe-switch-intellinet561167webadmin-gb-8-ptos-30wpto-140w-2-sfp-ports.jpg","type":"image\/jpeg"}],"twitter_card":"summary_large_image","twitter_misc":{"Precio":"&#36;3,089 con IVA","Availability":"Out of stock"},"schema":{"@context":"https:\/\/schema.org","@graph":[{"@type":"WebPage","@id":"https:\/\/compuviper.mx\/tienda\/producto\/intellinet-561167-poe-switch-webadmin-gb-8-ptos-30w-pto-140w-2-sfp-ports\/","url":"https:\/\/compuviper.mx\/tienda\/producto\/intellinet-561167-poe-switch-webadmin-gb-8-ptos-30w-pto-140w-2-sfp-ports\/","name":"[ Intellinet ] &#129351; 561167 Poe Switch ,,,webadmin Gb 8 Ptos 30w\/pto, 140w, 2 Sfp Ports","isPartOf":{"@id":"https:\/\/compuviper.mx\/tienda\/#website"},"datePublished":"2026-04-18T07:07:09+00:00","dateModified":"2026-04-18T07:07:09+00:00","description":"Compra 561167 Poe Switch ,,,webadmin Gb 8 Ptos 30w\/pto, 140w, 2 Sfp Ports + Env\u00edo a domicilio + Pago seguro + Garant\u00eda","breadcrumb":{"@id":"https:\/\/compuviper.mx\/tienda\/producto\/intellinet-561167-poe-switch-webadmin-gb-8-ptos-30w-pto-140w-2-sfp-ports\/#breadcrumb"},"inLanguage":"es-MX","potentialAction":[{"@type":"ReadAction","target":["https:\/\/compuviper.mx\/tienda\/producto\/intellinet-561167-poe-switch-webadmin-gb-8-ptos-30w-pto-140w-2-sfp-ports\/"]}]},{"@type":"BreadcrumbList","@id":"https:\/\/compuviper.mx\/tienda\/producto\/intellinet-561167-poe-switch-webadmin-gb-8-ptos-30w-pto-140w-2-sfp-ports\/#breadcrumb","itemListElement":[{"@type":"ListItem","position":1,"name":"Inicio","item":"https:\/\/compuviper.mx\/tienda\/"},{"@type":"ListItem","position":2,"name":"Productos","item":"https:\/\/compuviper.mx\/tienda\/productos\/"},{"@type":"ListItem","position":3,"name":"Redes","item":"https:\/\/compuviper.mx\/tienda\/categoria-producto\/redes\/"},{"@type":"ListItem","position":4,"name":"Switch","item":"https:\/\/compuviper.mx\/tienda\/categoria-producto\/redes\/switch\/"},{"@type":"ListItem","position":5,"name":"Intellinet 561167 Poe Switch ,,,webadmin Gb 8 Ptos 30w\/pto, 140w, 2 Sfp Ports"}]},{"@type":"WebSite","@id":"https:\/\/compuviper.mx\/tienda\/#website","url":"https:\/\/compuviper.mx\/tienda\/","name":"Compuviper","description":"Proveedor de Computadoras, Laptops, Servidores, Monitores, Puntos de Venta, Teclados,   Impresoras, T\u00f3ner, C\u00e1maras de Seguridad y m\u00e1s en tu tienda en l\u00ednea","publisher":{"@id":"https:\/\/compuviper.mx\/tienda\/#organization"},"potentialAction":[{"@type":"SearchAction","target":{"@type":"EntryPoint","urlTemplate":"https:\/\/compuviper.mx\/tienda\/?s={search_term_string}"},"query-input":"required name=search_term_string"}],"inLanguage":"es-MX"},{"@type":"Organization","@id":"https:\/\/compuviper.mx\/tienda\/#organization","name":"Compuviper","url":"https:\/\/compuviper.mx\/tienda\/","logo":{"@type":"ImageObject","inLanguage":"es-MX","@id":"https:\/\/compuviper.mx\/tienda\/#\/schema\/logo\/image\/","url":"https:\/\/compuviper.mx\/tienda\/wp-content\/uploads\/2021\/08\/Logo-Compuviper-10.png","contentUrl":"https:\/\/compuviper.mx\/tienda\/wp-content\/uploads\/2021\/08\/Logo-Compuviper-10.png","width":1000,"height":500,"caption":"Compuviper"},"image":{"@id":"https:\/\/compuviper.mx\/tienda\/#\/schema\/logo\/image\/"},"sameAs":["https:\/\/www.facebook.com\/compuviper","https:\/\/www.youtube.com\/channel\/UCf73dERp9Y3cfOq7q8BhLjA?view_as=subscriber"]}]},"product_brand":"INTELLINET","product_price_amount":"3089","product_price_currency":"MXN","og_availability":"out of stock","product_availability":"out of stock","product_retailer_item_id":"561167","product_condition":"new"},"_links":{"self":[{"href":"https:\/\/compuviper.mx\/tienda\/wp-json\/wp\/v2\/product\/235602"}],"collection":[{"href":"https:\/\/compuviper.mx\/tienda\/wp-json\/wp\/v2\/product"}],"about":[{"href":"https:\/\/compuviper.mx\/tienda\/wp-json\/wp\/v2\/types\/product"}],"replies":[{"embeddable":true,"href":"https:\/\/compuviper.mx\/tienda\/wp-json\/wp\/v2\/comments?post=235602"}],"wp:featuredmedia":[{"embeddable":true,"href":"https:\/\/compuviper.mx\/tienda\/wp-json\/wp\/v2\/media\/235603"}],"wp:attachment":[{"href":"https:\/\/compuviper.mx\/tienda\/wp-json\/wp\/v2\/media?parent=235602"}],"wp:term":[{"taxonomy":"product_cat","embeddable":true,"href":"https:\/\/compuviper.mx\/tienda\/wp-json\/wp\/v2\/product_cat?post=235602"},{"taxonomy":"product_tag","embeddable":true,"href":"https:\/\/compuviper.mx\/tienda\/wp-json\/wp\/v2\/product_tag?post=235602"}],"curies":[{"name":"wp","href":"https:\/\/api.w.org\/{rel}","templated":true}]}}